{"id":3163,"date":"2025-01-26T22:17:47","date_gmt":"2025-01-26T15:17:47","guid":{"rendered":"https:\/\/omanivietnam.com\/?post_type=product&#038;p=3163"},"modified":"2025-01-26T22:17:48","modified_gmt":"2025-01-26T15:17:48","slug":"panasonic-msm082a1f","status":"publish","type":"product","link":"https:\/\/omanivietnam.com\/index.php\/san-pham\/panasonic-msm082a1f\/","title":{"rendered":"PANASONIC MSM082A1F"},"content":{"rendered":"<p>PANASONIC MSM082A1F<\/p>\n<p class=\"el_lv1Heading-02 \"><span class=\"js_recentViewTtl__parts\">MSM082A1F\uff5cXX\/XP\/X Series Servo Motor<\/span><\/p>\n<p>\u0110\u1ed9ng c\u01a1 servo Panasonic MSM082A1F<\/p>\n<p>1.Th\u00f4ng tin s\u1ea3n ph\u1ea9m (Panasonic MSM082A1F)<\/p>\n<p>T\u00ean s\u1ea3n ph\u1ea9m: \u0110\u1ed9ng c\u01a1 Servo<\/p>\n<p>M\u00e3 s\u1ea3n ph\u1ea9m: MSM082A1F<\/p>\n<p>Th\u00f4ng s\u1ed1:<\/p>\n<p>T\u1ed1c \u0111\u1ed9: 3000 r\/m<\/p>\n<p>H\u00e3ng: Panasonic<\/p>\n<p>Th\u1eddi gian b\u1ea3o h\u00e0nh: Theo quy \u0111\u1ecbnh nh\u00e0 s\u1ea3n xu\u1ea5t.<\/p>\n<p>2.C\u00e1c Model t\u01b0\u01a1ng t\u1ef1 (Panasonic MSM082A1F)<\/p>\n<p>100W large inertia without brake MHMF012L1U2M<\/p>\n<p>100W large inertia with brake MHMF012L1V2M<\/p>\n<p>100W small inertia without brake MSMF012L1U2M<\/p>\n<p>200W small inertia without brake MSMF022L1U2M<\/p>\n<p>200W small inertia with brake MSMF022L1V2M<\/p>\n<p>200W large inertia without brake MHMF022L1U2M<\/p>\n<p>200W large inertia with brake MHMF022L1V2M<\/p>\n<p>400W small inertia without brake MSMF042L1U2M<\/p>\n<p>400W small inertia with brake MSMF042L1V2M<\/p>\n<p>400W large inertia without brake MHMF042L1U2M<\/p>\n<p>400W large inertia with brake MHMF042L1V2M<\/p>\n<p>750W small inertia without brake MSMF082L1U2M<\/p>\n<p>750W small inertia with brake MSMF082L1V2M<\/p>\n<p>750W large inertia without brake MHMF082L1U2M<\/p>\n","protected":false},"excerpt":{"rendered":"<p>PANASONIC MSM082A1F MSM082A1F\uff5cXX\/XP\/X Series Servo Motor \u0110\u1ed9ng c\u01a1 servo Panasonic MSM082A1F 1.Th\u00f4ng tin s\u1ea3n ph\u1ea9m (Panasonic MSM082A1F) T\u00ean s\u1ea3n ph\u1ea9m: \u0110\u1ed9ng c\u01a1 Servo M\u00e3 s\u1ea3n ph\u1ea9m: MSM082A1F Th\u00f4ng s\u1ed1: T\u1ed1c \u0111\u1ed9: 3000 r\/m H\u00e3ng: Panasonic Th\u1eddi gian b\u1ea3o h\u00e0nh: Theo quy \u0111\u1ecbnh nh\u00e0 s\u1ea3n xu\u1ea5t. 2.C\u00e1c Model t\u01b0\u01a1ng t\u1ef1 (Panasonic&hellip; <\/p>\n","protected":false},"featured_media":3164,"comment_status":"open","ping_status":"closed","template":"","meta":[],"product_cat":[298],"product_tag":[86,120,87],"class_list":{"0":"post-3163","1":"product","2":"type-product","3":"status-publish","4":"has-post-thumbnail","6":"product_cat-panasonic","7":"product_tag-dai-ly-panasonic-viet-nam","8":"product_tag-dong-co","9":"product_tag-panasonic-viet-nam","11":"first","12":"instock","13":"shipping-taxable","14":"product-type-simple"},"yoast_head":"<!-- This site is optimized with the Yoast SEO plugin v22.8 - https:\/\/yoast.com\/wordpress\/plugins\/seo\/ -->\n<title>PANASONIC MSM082A1F - OMANI VI\u1ec6T NAM<\/title>\n<meta name=\"description\" content=\"Panasonic MSM082A1F Series Servo Motor\" \/>\n<meta name=\"robots\" content=\"index, follow, max-snippet:-1, max-image-preview:large, max-video-preview:-1\" \/>\n<link rel=\"canonical\" href=\"https:\/\/omanivietnam.com\/index.php\/san-pham\/panasonic-msm082a1f\/\" \/>\n<meta property=\"og:locale\" content=\"vi_VN\" \/>\n<meta property=\"og:type\" content=\"article\" \/>\n<meta property=\"og:title\" content=\"PANASONIC MSM082A1F - OMANI VI\u1ec6T NAM\" \/>\n<meta property=\"og:description\" content=\"Panasonic MSM082A1F Series Servo Motor\" \/>\n<meta property=\"og:url\" content=\"https:\/\/omanivietnam.com\/index.php\/san-pham\/panasonic-msm082a1f\/\" \/>\n<meta property=\"og:site_name\" content=\"OMANI VI\u1ec6T NAM\" \/>\n<meta property=\"article:modified_time\" content=\"2025-01-26T15:17:48+00:00\" \/>\n<meta property=\"og:image\" content=\"https:\/\/omanivietnam.com\/wp-content\/uploads\/2025\/01\/MSM082A1F.png\" \/>\n\t<meta property=\"og:image:width\" content=\"692\" \/>\n\t<meta property=\"og:image:height\" content=\"580\" \/>\n\t<meta property=\"og:image:type\" content=\"image\/png\" \/>\n<meta name=\"twitter:card\" content=\"summary_large_image\" \/>\n<meta name=\"twitter:label1\" content=\"\u01af\u1edbc t\u00ednh th\u1eddi gian \u0111\u1ecdc\" \/>\n\t<meta name=\"twitter:data1\" content=\"1 ph\u00fat\" \/>\n<script type=\"application\/ld+json\" class=\"yoast-schema-graph\">{\"@context\":\"https:\/\/schema.org\",\"@graph\":[{\"@type\":\"WebPage\",\"@id\":\"https:\/\/omanivietnam.com\/index.php\/san-pham\/panasonic-msm082a1f\/\",\"url\":\"https:\/\/omanivietnam.com\/index.php\/san-pham\/panasonic-msm082a1f\/\",\"name\":\"PANASONIC MSM082A1F - OMANI VI\u1ec6T NAM\",\"isPartOf\":{\"@id\":\"https:\/\/omanivietnam.com\/#website\"},\"primaryImageOfPage\":{\"@id\":\"https:\/\/omanivietnam.com\/index.php\/san-pham\/panasonic-msm082a1f\/#primaryimage\"},\"image\":{\"@id\":\"https:\/\/omanivietnam.com\/index.php\/san-pham\/panasonic-msm082a1f\/#primaryimage\"},\"thumbnailUrl\":\"https:\/\/omanivietnam.com\/wp-content\/uploads\/2025\/01\/MSM082A1F.png\",\"datePublished\":\"2025-01-26T15:17:47+00:00\",\"dateModified\":\"2025-01-26T15:17:48+00:00\",\"description\":\"Panasonic MSM082A1F Series Servo Motor\",\"breadcrumb\":{\"@id\":\"https:\/\/omanivietnam.com\/index.php\/san-pham\/panasonic-msm082a1f\/#breadcrumb\"},\"inLanguage\":\"vi\",\"potentialAction\":[{\"@type\":\"ReadAction\",\"target\":[\"https:\/\/omanivietnam.com\/index.php\/san-pham\/panasonic-msm082a1f\/\"]}]},{\"@type\":\"ImageObject\",\"inLanguage\":\"vi\",\"@id\":\"https:\/\/omanivietnam.com\/index.php\/san-pham\/panasonic-msm082a1f\/#primaryimage\",\"url\":\"https:\/\/omanivietnam.com\/wp-content\/uploads\/2025\/01\/MSM082A1F.png\",\"contentUrl\":\"https:\/\/omanivietnam.com\/wp-content\/uploads\/2025\/01\/MSM082A1F.png\",\"width\":692,\"height\":580},{\"@type\":\"BreadcrumbList\",\"@id\":\"https:\/\/omanivietnam.com\/index.php\/san-pham\/panasonic-msm082a1f\/#breadcrumb\",\"itemListElement\":[{\"@type\":\"ListItem\",\"position\":1,\"name\":\"Home\",\"item\":\"https:\/\/omanivietnam.com\/\"},{\"@type\":\"ListItem\",\"position\":2,\"name\":\"S\u1ea2N PH\u1ea8M\",\"item\":\"https:\/\/omanivietnam.com\/index.php\/cua-hang\/\"},{\"@type\":\"ListItem\",\"position\":3,\"name\":\"PANASONIC MSM082A1F\"}]},{\"@type\":\"WebSite\",\"@id\":\"https:\/\/omanivietnam.com\/#website\",\"url\":\"https:\/\/omanivietnam.com\/\",\"name\":\"OMANI VI\u1ec6T NAM\",\"description\":\"Nh\u00e0 ph\u00e2n ph\u1ed1i thi\u1ebft b\u1ecb kh\u00ed n\u00e9n v\u00e0 thi\u1ebft b\u1ecb t\u1ef1 \u0111\u1ed9ng h\u00f3a trong c\u00f4ng nghi\u1ec7p\",\"publisher\":{\"@id\":\"https:\/\/omanivietnam.com\/#\/schema\/person\/0ad398a980dc3fd696111c2c5c8fa897\"},\"potentialAction\":[{\"@type\":\"SearchAction\",\"target\":{\"@type\":\"EntryPoint\",\"urlTemplate\":\"https:\/\/omanivietnam.com\/?s={search_term_string}\"},\"query-input\":\"required name=search_term_string\"}],\"inLanguage\":\"vi\"},{\"@type\":[\"Person\",\"Organization\"],\"@id\":\"https:\/\/omanivietnam.com\/#\/schema\/person\/0ad398a980dc3fd696111c2c5c8fa897\",\"name\":\"Nguy\u1ec5n V\u0103n Kh\u00e1nh\",\"image\":{\"@type\":\"ImageObject\",\"inLanguage\":\"vi\",\"@id\":\"https:\/\/omanivietnam.com\/#\/schema\/person\/image\/\",\"url\":\"https:\/\/omanivietnam.com\/wp-content\/uploads\/2024\/06\/logo-1024x1024.png\",\"contentUrl\":\"https:\/\/omanivietnam.com\/wp-content\/uploads\/2024\/06\/logo-1024x1024.png\",\"width\":1024,\"height\":1024,\"caption\":\"Nguy\u1ec5n V\u0103n Kh\u00e1nh\"},\"logo\":{\"@id\":\"https:\/\/omanivietnam.com\/#\/schema\/person\/image\/\"},\"sameAs\":[\"https:\/\/omanivietnam.com\"]}]}<\/script>\n<!-- \/ Yoast SEO plugin. -->","yoast_head_json":{"title":"PANASONIC MSM082A1F - OMANI VI\u1ec6T NAM","description":"Panasonic MSM082A1F Series Servo Motor","robots":{"index":"index","follow":"follow","max-snippet":"max-snippet:-1","max-image-preview":"max-image-preview:large","max-video-preview":"max-video-preview:-1"},"canonical":"https:\/\/omanivietnam.com\/index.php\/san-pham\/panasonic-msm082a1f\/","og_locale":"vi_VN","og_type":"article","og_title":"PANASONIC MSM082A1F - OMANI VI\u1ec6T NAM","og_description":"Panasonic MSM082A1F Series Servo Motor","og_url":"https:\/\/omanivietnam.com\/index.php\/san-pham\/panasonic-msm082a1f\/","og_site_name":"OMANI VI\u1ec6T NAM","article_modified_time":"2025-01-26T15:17:48+00:00","og_image":[{"width":692,"height":580,"url":"https:\/\/omanivietnam.com\/wp-content\/uploads\/2025\/01\/MSM082A1F.png","type":"image\/png"}],"twitter_card":"summary_large_image","twitter_misc":{"\u01af\u1edbc t\u00ednh th\u1eddi gian \u0111\u1ecdc":"1 ph\u00fat"},"schema":{"@context":"https:\/\/schema.org","@graph":[{"@type":"WebPage","@id":"https:\/\/omanivietnam.com\/index.php\/san-pham\/panasonic-msm082a1f\/","url":"https:\/\/omanivietnam.com\/index.php\/san-pham\/panasonic-msm082a1f\/","name":"PANASONIC MSM082A1F - OMANI VI\u1ec6T NAM","isPartOf":{"@id":"https:\/\/omanivietnam.com\/#website"},"primaryImageOfPage":{"@id":"https:\/\/omanivietnam.com\/index.php\/san-pham\/panasonic-msm082a1f\/#primaryimage"},"image":{"@id":"https:\/\/omanivietnam.com\/index.php\/san-pham\/panasonic-msm082a1f\/#primaryimage"},"thumbnailUrl":"https:\/\/omanivietnam.com\/wp-content\/uploads\/2025\/01\/MSM082A1F.png","datePublished":"2025-01-26T15:17:47+00:00","dateModified":"2025-01-26T15:17:48+00:00","description":"Panasonic MSM082A1F Series Servo Motor","breadcrumb":{"@id":"https:\/\/omanivietnam.com\/index.php\/san-pham\/panasonic-msm082a1f\/#breadcrumb"},"inLanguage":"vi","potentialAction":[{"@type":"ReadAction","target":["https:\/\/omanivietnam.com\/index.php\/san-pham\/panasonic-msm082a1f\/"]}]},{"@type":"ImageObject","inLanguage":"vi","@id":"https:\/\/omanivietnam.com\/index.php\/san-pham\/panasonic-msm082a1f\/#primaryimage","url":"https:\/\/omanivietnam.com\/wp-content\/uploads\/2025\/01\/MSM082A1F.png","contentUrl":"https:\/\/omanivietnam.com\/wp-content\/uploads\/2025\/01\/MSM082A1F.png","width":692,"height":580},{"@type":"BreadcrumbList","@id":"https:\/\/omanivietnam.com\/index.php\/san-pham\/panasonic-msm082a1f\/#breadcrumb","itemListElement":[{"@type":"ListItem","position":1,"name":"Home","item":"https:\/\/omanivietnam.com\/"},{"@type":"ListItem","position":2,"name":"S\u1ea2N PH\u1ea8M","item":"https:\/\/omanivietnam.com\/index.php\/cua-hang\/"},{"@type":"ListItem","position":3,"name":"PANASONIC MSM082A1F"}]},{"@type":"WebSite","@id":"https:\/\/omanivietnam.com\/#website","url":"https:\/\/omanivietnam.com\/","name":"OMANI VI\u1ec6T NAM","description":"Nh\u00e0 ph\u00e2n ph\u1ed1i thi\u1ebft b\u1ecb kh\u00ed n\u00e9n v\u00e0 thi\u1ebft b\u1ecb t\u1ef1 \u0111\u1ed9ng h\u00f3a trong c\u00f4ng nghi\u1ec7p","publisher":{"@id":"https:\/\/omanivietnam.com\/#\/schema\/person\/0ad398a980dc3fd696111c2c5c8fa897"},"potentialAction":[{"@type":"SearchAction","target":{"@type":"EntryPoint","urlTemplate":"https:\/\/omanivietnam.com\/?s={search_term_string}"},"query-input":"required name=search_term_string"}],"inLanguage":"vi"},{"@type":["Person","Organization"],"@id":"https:\/\/omanivietnam.com\/#\/schema\/person\/0ad398a980dc3fd696111c2c5c8fa897","name":"Nguy\u1ec5n V\u0103n Kh\u00e1nh","image":{"@type":"ImageObject","inLanguage":"vi","@id":"https:\/\/omanivietnam.com\/#\/schema\/person\/image\/","url":"https:\/\/omanivietnam.com\/wp-content\/uploads\/2024\/06\/logo-1024x1024.png","contentUrl":"https:\/\/omanivietnam.com\/wp-content\/uploads\/2024\/06\/logo-1024x1024.png","width":1024,"height":1024,"caption":"Nguy\u1ec5n V\u0103n Kh\u00e1nh"},"logo":{"@id":"https:\/\/omanivietnam.com\/#\/schema\/person\/image\/"},"sameAs":["https:\/\/omanivietnam.com"]}]}},"_links":{"self":[{"href":"https:\/\/omanivietnam.com\/index.php\/wp-json\/wp\/v2\/product\/3163","targetHints":{"allow":["GET"]}}],"collection":[{"href":"https:\/\/omanivietnam.com\/index.php\/wp-json\/wp\/v2\/product"}],"about":[{"href":"https:\/\/omanivietnam.com\/index.php\/wp-json\/wp\/v2\/types\/product"}],"replies":[{"embeddable":true,"href":"https:\/\/omanivietnam.com\/index.php\/wp-json\/wp\/v2\/comments?post=3163"}],"wp:featuredmedia":[{"embeddable":true,"href":"https:\/\/omanivietnam.com\/index.php\/wp-json\/wp\/v2\/media\/3164"}],"wp:attachment":[{"href":"https:\/\/omanivietnam.com\/index.php\/wp-json\/wp\/v2\/media?parent=3163"}],"wp:term":[{"taxonomy":"product_cat","embeddable":true,"href":"https:\/\/omanivietnam.com\/index.php\/wp-json\/wp\/v2\/product_cat?post=3163"},{"taxonomy":"product_tag","embeddable":true,"href":"https:\/\/omanivietnam.com\/index.php\/wp-json\/wp\/v2\/product_tag?post=3163"}],"curies":[{"name":"wp","href":"https:\/\/api.w.org\/{rel}","templated":true}]}}