{"id":3165,"date":"2025-01-28T13:45:23","date_gmt":"2025-01-28T06:45:23","guid":{"rendered":"https:\/\/omanivietnam.com\/?post_type=product&#038;p=3165"},"modified":"2025-01-28T13:45:23","modified_gmt":"2025-01-28T06:45:23","slug":"proface-2980070-04-gp2301-lg41-24v-2","status":"publish","type":"product","link":"https:\/\/omanivietnam.com\/index.php\/san-pham\/proface-2980070-04-gp2301-lg41-24v-2\/","title":{"rendered":"PROFACE 2980070-04 GP2301-LG41-24V"},"content":{"rendered":"<p>PROFACE 2980070-04 GP2301-LG41-24V<\/p>\n<p>Th\u00f4ng s\u1ed1 k\u1ef9 thu\u1eadt:<br \/>\nM\u00e0n h\u00ecnh m\u00e0u: \u0110\u01a1n s\u1eafc LCD<br \/>\nK\u00edch th\u01b0\u1edbc m\u00e0n h\u00ecnh: 5.7 inch ( 115.2 x 86.4 mm)<br \/>\n\u0110\u1ed9 ph\u00e2n gi\u1ea3i: 320 x 240 pixels (QVGA)<br \/>\nHi\u1ec3n th\u1ecb m\u00e0u s\u1eafc: Tr\u1eafng v\u00e0 \u0111en<br \/>\n\u0110\u00e8n n\u1ec1n: CCFL<br \/>\nB\u1ed9 nh\u1edb \u1ee9ng d\u1ee5ng: FLASH EPROM 4MB<br \/>\nM\u00e0n h\u00ecnh c\u1ea3m \u1ee9ng: Analog<br \/>\nGiao ti\u1ebfp:<br \/>\nSerial Com1: RS-232C\/RS422<br \/>\nEthernet(LAN): IEEE802.3<br \/>\nSD Card: Kh\u00f4ng<br \/>\nCF Card: 1 c\u1ed5ng<br \/>\nTh\u00f4ng s\u1ed1 k\u1ef9 thu\u1eadt chung:<br \/>\n\u0110i\u1ec7n \u00e1p ng\u00f5 v\u00e0o: 24V DC<br \/>\nC\u00f4ng su\u1ea5t ti\u00eau th\u1ee5: 22W ho\u1eb7c \u00edt h\u01a1n<br \/>\nPh\u1ea7n m\u1ec1m l\u1eadp tr\u00ecnh: GP-Pro EX<\/p>\n<table>\n<thead>\n<tr>\n<th><strong>Th\u00f4ng s\u1ed1 k\u1ef9 thu\u1eadt<\/strong><\/th>\n<th><strong>Chi ti\u1ebft<\/strong><\/th>\n<\/tr>\n<\/thead>\n<tbody>\n<tr>\n<td><strong>M\u00e3 s\u1ea3n ph\u1ea9m<\/strong><\/td>\n<td>HMI Proface GP2301-LG41-24V 5.7 inch 24VDC<\/td>\n<\/tr>\n<tr>\n<td><strong>K\u00edch th\u01b0\u1edbc m\u00e0n h\u00ecnh<\/strong><\/td>\n<td>5.7 inch STN LCD<\/td>\n<\/tr>\n<tr>\n<td><strong>\u0110\u1ed9 ph\u00e2n gi\u1ea3i<\/strong><\/td>\n<td>320 x 240 pixels (QVGA)<\/td>\n<\/tr>\n<tr>\n<td><strong>M\u00e0u hi\u1ec3n th\u1ecb<\/strong><\/td>\n<td>8 m\u00e0u ho\u1eb7c 16 t\u00f4ng m\u00e0u x\u00e1m (ph\u1ee5 thu\u1ed9c v\u00e0o c\u00e0i \u0111\u1eb7t)<\/td>\n<\/tr>\n<tr>\n<td><strong>\u0110\u1ed9 s\u00e1ng<\/strong><\/td>\n<td>Kho\u1ea3ng 150 cd\/m\u00b2<\/td>\n<\/tr>\n<tr>\n<td><strong>Tu\u1ed5i th\u1ecd \u0111\u00e8n n\u1ec1n<\/strong><\/td>\n<td>Kho\u1ea3ng 50,000 gi\u1edd<\/td>\n<\/tr>\n<tr>\n<td><strong>C\u1ea3m \u1ee9ng m\u00e0n h\u00ecnh<\/strong><\/td>\n<td>\u0110i\u1ec7n tr\u1edf (Analog resistive)<\/td>\n<\/tr>\n<tr>\n<td><strong>B\u1ed9 nh\u1edb<\/strong><\/td>\n<td>2MB Flash ROM<\/td>\n<\/tr>\n<tr>\n<td><strong>C\u1ed5ng giao ti\u1ebfp<\/strong><\/td>\n<td>RS-232C\/RS-422\/485, Ethernet (t\u00f9y ch\u1ecdn), Compact Flash<\/td>\n<\/tr>\n<tr>\n<td><strong>Ngu\u1ed3n c\u1ea5p<\/strong><\/td>\n<td>24V DC (\u00b110%)<\/td>\n<\/tr>\n<tr>\n<td><strong>C\u00f4ng su\u1ea5t ti\u00eau th\u1ee5<\/strong><\/td>\n<td>T\u1ed1i \u0111a 20W<\/td>\n<\/tr>\n<tr>\n<td><strong>Nhi\u1ec7t \u0111\u1ed9 ho\u1ea1t \u0111\u1ed9ng<\/strong><\/td>\n<td>0\u00b0C \u0111\u1ebfn 50\u00b0C<\/td>\n<\/tr>\n<tr>\n<td><strong>Nhi\u1ec7t \u0111\u1ed9 l\u01b0u tr\u1eef<\/strong><\/td>\n<td>-20\u00b0C \u0111\u1ebfn 60\u00b0C<\/td>\n<\/tr>\n<tr>\n<td><strong>\u0110\u1ed9 \u1ea9m ho\u1ea1t \u0111\u1ed9ng<\/strong><\/td>\n<td>10% \u0111\u1ebfn 90% RH (kh\u00f4ng ng\u01b0ng t\u1ee5)<\/td>\n<\/tr>\n<tr>\n<td><strong>K\u00edch th\u01b0\u1edbc b\u00ean ngo\u00e0i<\/strong><\/td>\n<td>195 x 142 x 57 mm<\/td>\n<\/tr>\n<tr>\n<td><strong>Tr\u1ecdng l\u01b0\u1ee3ng<\/strong><\/td>\n<td>Kho\u1ea3ng 1.2 kg<\/td>\n<\/tr>\n<tr>\n<td><strong>Ti\u00eau chu\u1ea9n b\u1ea3o v\u1ec7<\/strong><\/td>\n<td>IP65F (m\u1eb7t tr\u01b0\u1edbc)<\/td>\n<\/tr>\n<tr>\n<td><strong>Ch\u1ee9ng nh\u1eadn<\/strong><\/td>\n<td>UL, cUL, CE<\/td>\n<\/tr>\n<\/tbody>\n<\/table>\n","protected":false},"excerpt":{"rendered":"<p>PROFACE 2980070-04 GP2301-LG41-24V Th\u00f4ng s\u1ed1 k\u1ef9 thu\u1eadt: M\u00e0n h\u00ecnh m\u00e0u: \u0110\u01a1n s\u1eafc LCD K\u00edch th\u01b0\u1edbc m\u00e0n h\u00ecnh: 5.7 inch ( 115.2 x 86.4 mm) \u0110\u1ed9 ph\u00e2n gi\u1ea3i: 320 x 240 pixels (QVGA) Hi\u1ec3n th\u1ecb m\u00e0u s\u1eafc: Tr\u1eafng v\u00e0 \u0111en \u0110\u00e8n n\u1ec1n: CCFL B\u1ed9 nh\u1edb \u1ee9ng d\u1ee5ng: FLASH EPROM 4MB M\u00e0n&hellip; <\/p>\n","protected":false},"featured_media":3166,"comment_status":"open","ping_status":"closed","template":"","meta":[],"product_cat":[388],"product_tag":[233,212,232],"class_list":{"0":"post-3165","1":"product","2":"type-product","3":"status-publish","4":"has-post-thumbnail","6":"product_cat-proface","7":"product_tag-dai-ly-proface-viet-nam","8":"product_tag-man-hinh","9":"product_tag-proface-viet-nam","11":"first","12":"instock","13":"shipping-taxable","14":"product-type-simple"},"yoast_head":"<!-- This site is optimized with the Yoast SEO plugin v22.8 - https:\/\/yoast.com\/wordpress\/plugins\/seo\/ -->\n<title>PROFACE 2980070-04 GP2301-LG41-24V - OMANI VI\u1ec6T NAM<\/title>\n<meta name=\"description\" content=\"GP2301-LG41-24V HMI PROFACE Used for transferring data between the GP application software and the GP. Used for data transfer with the 2-Port feature\" \/>\n<meta name=\"robots\" content=\"index, follow, max-snippet:-1, max-image-preview:large, max-video-preview:-1\" \/>\n<link rel=\"canonical\" href=\"https:\/\/omanivietnam.com\/index.php\/san-pham\/proface-2980070-04-gp2301-lg41-24v-2\/\" \/>\n<meta property=\"og:locale\" content=\"vi_VN\" \/>\n<meta property=\"og:type\" content=\"article\" \/>\n<meta property=\"og:title\" content=\"PROFACE 2980070-04 GP2301-LG41-24V - OMANI VI\u1ec6T NAM\" \/>\n<meta property=\"og:description\" content=\"GP2301-LG41-24V HMI PROFACE Used for transferring data between the GP application software and the GP. Used for data transfer with the 2-Port feature\" \/>\n<meta property=\"og:url\" content=\"https:\/\/omanivietnam.com\/index.php\/san-pham\/proface-2980070-04-gp2301-lg41-24v-2\/\" \/>\n<meta property=\"og:site_name\" content=\"OMANI VI\u1ec6T NAM\" \/>\n<meta property=\"og:image\" content=\"https:\/\/omanivietnam.com\/wp-content\/uploads\/2025\/01\/GP2301-LG41-24V.png\" \/>\n\t<meta property=\"og:image:width\" content=\"657\" \/>\n\t<meta property=\"og:image:height\" content=\"759\" \/>\n\t<meta property=\"og:image:type\" content=\"image\/png\" \/>\n<meta name=\"twitter:card\" content=\"summary_large_image\" \/>\n<meta name=\"twitter:label1\" content=\"\u01af\u1edbc t\u00ednh th\u1eddi gian \u0111\u1ecdc\" \/>\n\t<meta name=\"twitter:data1\" content=\"2 ph\u00fat\" \/>\n<script type=\"application\/ld+json\" class=\"yoast-schema-graph\">{\"@context\":\"https:\/\/schema.org\",\"@graph\":[{\"@type\":\"WebPage\",\"@id\":\"https:\/\/omanivietnam.com\/index.php\/san-pham\/proface-2980070-04-gp2301-lg41-24v-2\/\",\"url\":\"https:\/\/omanivietnam.com\/index.php\/san-pham\/proface-2980070-04-gp2301-lg41-24v-2\/\",\"name\":\"PROFACE 2980070-04 GP2301-LG41-24V - OMANI VI\u1ec6T NAM\",\"isPartOf\":{\"@id\":\"https:\/\/omanivietnam.com\/#website\"},\"primaryImageOfPage\":{\"@id\":\"https:\/\/omanivietnam.com\/index.php\/san-pham\/proface-2980070-04-gp2301-lg41-24v-2\/#primaryimage\"},\"image\":{\"@id\":\"https:\/\/omanivietnam.com\/index.php\/san-pham\/proface-2980070-04-gp2301-lg41-24v-2\/#primaryimage\"},\"thumbnailUrl\":\"https:\/\/omanivietnam.com\/wp-content\/uploads\/2025\/01\/GP2301-LG41-24V.png\",\"datePublished\":\"2025-01-28T06:45:23+00:00\",\"dateModified\":\"2025-01-28T06:45:23+00:00\",\"description\":\"GP2301-LG41-24V HMI PROFACE Used for transferring data between the GP application software and the GP. Used for data transfer with the 2-Port feature\",\"breadcrumb\":{\"@id\":\"https:\/\/omanivietnam.com\/index.php\/san-pham\/proface-2980070-04-gp2301-lg41-24v-2\/#breadcrumb\"},\"inLanguage\":\"vi\",\"potentialAction\":[{\"@type\":\"ReadAction\",\"target\":[\"https:\/\/omanivietnam.com\/index.php\/san-pham\/proface-2980070-04-gp2301-lg41-24v-2\/\"]}]},{\"@type\":\"ImageObject\",\"inLanguage\":\"vi\",\"@id\":\"https:\/\/omanivietnam.com\/index.php\/san-pham\/proface-2980070-04-gp2301-lg41-24v-2\/#primaryimage\",\"url\":\"https:\/\/omanivietnam.com\/wp-content\/uploads\/2025\/01\/GP2301-LG41-24V.png\",\"contentUrl\":\"https:\/\/omanivietnam.com\/wp-content\/uploads\/2025\/01\/GP2301-LG41-24V.png\",\"width\":657,\"height\":759},{\"@type\":\"BreadcrumbList\",\"@id\":\"https:\/\/omanivietnam.com\/index.php\/san-pham\/proface-2980070-04-gp2301-lg41-24v-2\/#breadcrumb\",\"itemListElement\":[{\"@type\":\"ListItem\",\"position\":1,\"name\":\"Home\",\"item\":\"https:\/\/omanivietnam.com\/\"},{\"@type\":\"ListItem\",\"position\":2,\"name\":\"S\u1ea2N PH\u1ea8M\",\"item\":\"https:\/\/omanivietnam.com\/index.php\/cua-hang\/\"},{\"@type\":\"ListItem\",\"position\":3,\"name\":\"PROFACE 2980070-04 GP2301-LG41-24V\"}]},{\"@type\":\"WebSite\",\"@id\":\"https:\/\/omanivietnam.com\/#website\",\"url\":\"https:\/\/omanivietnam.com\/\",\"name\":\"OMANI VI\u1ec6T NAM\",\"description\":\"Nh\u00e0 ph\u00e2n ph\u1ed1i thi\u1ebft b\u1ecb kh\u00ed n\u00e9n v\u00e0 thi\u1ebft b\u1ecb t\u1ef1 \u0111\u1ed9ng h\u00f3a trong c\u00f4ng nghi\u1ec7p\",\"publisher\":{\"@id\":\"https:\/\/omanivietnam.com\/#\/schema\/person\/0ad398a980dc3fd696111c2c5c8fa897\"},\"potentialAction\":[{\"@type\":\"SearchAction\",\"target\":{\"@type\":\"EntryPoint\",\"urlTemplate\":\"https:\/\/omanivietnam.com\/?s={search_term_string}\"},\"query-input\":\"required name=search_term_string\"}],\"inLanguage\":\"vi\"},{\"@type\":[\"Person\",\"Organization\"],\"@id\":\"https:\/\/omanivietnam.com\/#\/schema\/person\/0ad398a980dc3fd696111c2c5c8fa897\",\"name\":\"Nguy\u1ec5n V\u0103n Kh\u00e1nh\",\"image\":{\"@type\":\"ImageObject\",\"inLanguage\":\"vi\",\"@id\":\"https:\/\/omanivietnam.com\/#\/schema\/person\/image\/\",\"url\":\"https:\/\/omanivietnam.com\/wp-content\/uploads\/2024\/06\/logo-1024x1024.png\",\"contentUrl\":\"https:\/\/omanivietnam.com\/wp-content\/uploads\/2024\/06\/logo-1024x1024.png\",\"width\":1024,\"height\":1024,\"caption\":\"Nguy\u1ec5n V\u0103n Kh\u00e1nh\"},\"logo\":{\"@id\":\"https:\/\/omanivietnam.com\/#\/schema\/person\/image\/\"},\"sameAs\":[\"https:\/\/omanivietnam.com\"]}]}<\/script>\n<!-- \/ Yoast SEO plugin. -->","yoast_head_json":{"title":"PROFACE 2980070-04 GP2301-LG41-24V - OMANI VI\u1ec6T NAM","description":"GP2301-LG41-24V HMI PROFACE Used for transferring data between the GP application software and the GP. Used for data transfer with the 2-Port feature","robots":{"index":"index","follow":"follow","max-snippet":"max-snippet:-1","max-image-preview":"max-image-preview:large","max-video-preview":"max-video-preview:-1"},"canonical":"https:\/\/omanivietnam.com\/index.php\/san-pham\/proface-2980070-04-gp2301-lg41-24v-2\/","og_locale":"vi_VN","og_type":"article","og_title":"PROFACE 2980070-04 GP2301-LG41-24V - OMANI VI\u1ec6T NAM","og_description":"GP2301-LG41-24V HMI PROFACE Used for transferring data between the GP application software and the GP. Used for data transfer with the 2-Port feature","og_url":"https:\/\/omanivietnam.com\/index.php\/san-pham\/proface-2980070-04-gp2301-lg41-24v-2\/","og_site_name":"OMANI VI\u1ec6T NAM","og_image":[{"width":657,"height":759,"url":"https:\/\/omanivietnam.com\/wp-content\/uploads\/2025\/01\/GP2301-LG41-24V.png","type":"image\/png"}],"twitter_card":"summary_large_image","twitter_misc":{"\u01af\u1edbc t\u00ednh th\u1eddi gian \u0111\u1ecdc":"2 ph\u00fat"},"schema":{"@context":"https:\/\/schema.org","@graph":[{"@type":"WebPage","@id":"https:\/\/omanivietnam.com\/index.php\/san-pham\/proface-2980070-04-gp2301-lg41-24v-2\/","url":"https:\/\/omanivietnam.com\/index.php\/san-pham\/proface-2980070-04-gp2301-lg41-24v-2\/","name":"PROFACE 2980070-04 GP2301-LG41-24V - OMANI VI\u1ec6T NAM","isPartOf":{"@id":"https:\/\/omanivietnam.com\/#website"},"primaryImageOfPage":{"@id":"https:\/\/omanivietnam.com\/index.php\/san-pham\/proface-2980070-04-gp2301-lg41-24v-2\/#primaryimage"},"image":{"@id":"https:\/\/omanivietnam.com\/index.php\/san-pham\/proface-2980070-04-gp2301-lg41-24v-2\/#primaryimage"},"thumbnailUrl":"https:\/\/omanivietnam.com\/wp-content\/uploads\/2025\/01\/GP2301-LG41-24V.png","datePublished":"2025-01-28T06:45:23+00:00","dateModified":"2025-01-28T06:45:23+00:00","description":"GP2301-LG41-24V HMI PROFACE Used for transferring data between the GP application software and the GP. Used for data transfer with the 2-Port feature","breadcrumb":{"@id":"https:\/\/omanivietnam.com\/index.php\/san-pham\/proface-2980070-04-gp2301-lg41-24v-2\/#breadcrumb"},"inLanguage":"vi","potentialAction":[{"@type":"ReadAction","target":["https:\/\/omanivietnam.com\/index.php\/san-pham\/proface-2980070-04-gp2301-lg41-24v-2\/"]}]},{"@type":"ImageObject","inLanguage":"vi","@id":"https:\/\/omanivietnam.com\/index.php\/san-pham\/proface-2980070-04-gp2301-lg41-24v-2\/#primaryimage","url":"https:\/\/omanivietnam.com\/wp-content\/uploads\/2025\/01\/GP2301-LG41-24V.png","contentUrl":"https:\/\/omanivietnam.com\/wp-content\/uploads\/2025\/01\/GP2301-LG41-24V.png","width":657,"height":759},{"@type":"BreadcrumbList","@id":"https:\/\/omanivietnam.com\/index.php\/san-pham\/proface-2980070-04-gp2301-lg41-24v-2\/#breadcrumb","itemListElement":[{"@type":"ListItem","position":1,"name":"Home","item":"https:\/\/omanivietnam.com\/"},{"@type":"ListItem","position":2,"name":"S\u1ea2N PH\u1ea8M","item":"https:\/\/omanivietnam.com\/index.php\/cua-hang\/"},{"@type":"ListItem","position":3,"name":"PROFACE 2980070-04 GP2301-LG41-24V"}]},{"@type":"WebSite","@id":"https:\/\/omanivietnam.com\/#website","url":"https:\/\/omanivietnam.com\/","name":"OMANI VI\u1ec6T NAM","description":"Nh\u00e0 ph\u00e2n ph\u1ed1i thi\u1ebft b\u1ecb kh\u00ed n\u00e9n v\u00e0 thi\u1ebft b\u1ecb t\u1ef1 \u0111\u1ed9ng h\u00f3a trong c\u00f4ng nghi\u1ec7p","publisher":{"@id":"https:\/\/omanivietnam.com\/#\/schema\/person\/0ad398a980dc3fd696111c2c5c8fa897"},"potentialAction":[{"@type":"SearchAction","target":{"@type":"EntryPoint","urlTemplate":"https:\/\/omanivietnam.com\/?s={search_term_string}"},"query-input":"required name=search_term_string"}],"inLanguage":"vi"},{"@type":["Person","Organization"],"@id":"https:\/\/omanivietnam.com\/#\/schema\/person\/0ad398a980dc3fd696111c2c5c8fa897","name":"Nguy\u1ec5n V\u0103n Kh\u00e1nh","image":{"@type":"ImageObject","inLanguage":"vi","@id":"https:\/\/omanivietnam.com\/#\/schema\/person\/image\/","url":"https:\/\/omanivietnam.com\/wp-content\/uploads\/2024\/06\/logo-1024x1024.png","contentUrl":"https:\/\/omanivietnam.com\/wp-content\/uploads\/2024\/06\/logo-1024x1024.png","width":1024,"height":1024,"caption":"Nguy\u1ec5n V\u0103n Kh\u00e1nh"},"logo":{"@id":"https:\/\/omanivietnam.com\/#\/schema\/person\/image\/"},"sameAs":["https:\/\/omanivietnam.com"]}]}},"_links":{"self":[{"href":"https:\/\/omanivietnam.com\/index.php\/wp-json\/wp\/v2\/product\/3165","targetHints":{"allow":["GET"]}}],"collection":[{"href":"https:\/\/omanivietnam.com\/index.php\/wp-json\/wp\/v2\/product"}],"about":[{"href":"https:\/\/omanivietnam.com\/index.php\/wp-json\/wp\/v2\/types\/product"}],"replies":[{"embeddable":true,"href":"https:\/\/omanivietnam.com\/index.php\/wp-json\/wp\/v2\/comments?post=3165"}],"wp:featuredmedia":[{"embeddable":true,"href":"https:\/\/omanivietnam.com\/index.php\/wp-json\/wp\/v2\/media\/3166"}],"wp:attachment":[{"href":"https:\/\/omanivietnam.com\/index.php\/wp-json\/wp\/v2\/media?parent=3165"}],"wp:term":[{"taxonomy":"product_cat","embeddable":true,"href":"https:\/\/omanivietnam.com\/index.php\/wp-json\/wp\/v2\/product_cat?post=3165"},{"taxonomy":"product_tag","embeddable":true,"href":"https:\/\/omanivietnam.com\/index.php\/wp-json\/wp\/v2\/product_tag?post=3165"}],"curies":[{"name":"wp","href":"https:\/\/api.w.org\/{rel}","templated":true}]}}