{"id":3208,"date":"2025-02-14T21:05:16","date_gmt":"2025-02-14T14:05:16","guid":{"rendered":"https:\/\/omanivietnam.com\/?post_type=product&#038;p=3208"},"modified":"2025-02-14T21:05:17","modified_gmt":"2025-02-14T14:05:17","slug":"smc-ar925-20","status":"publish","type":"product","link":"https:\/\/omanivietnam.com\/index.php\/san-pham\/smc-ar925-20\/","title":{"rendered":"SMC AR925-20"},"content":{"rendered":"<p>SMC AR925-20<\/p>\n<p>[Features]\u00b7This is a relief type regulator using an internal pilot method.<\/p>\n<h3 class=\"m-h3\"><span data-lang=\"ENG\">Configured Specifications<\/span><\/h3>\n<table class=\"m-listTable\" summary=\"Price, Spec., etc.\">\n<colgroup>\n<col width=\"20%\" \/>\n<col width=\"30%\" \/>\n<col width=\"20%\" \/>\n<col width=\"30%\" \/><\/colgroup>\n<tbody>\n<tr>\n<th>Regulator, Pressure Boosting Valve<\/th>\n<td>Regulator<\/td>\n<th>Regulator Type<\/th>\n<td>Standard<\/td>\n<\/tr>\n<tr>\n<th>Applicable Fluid<\/th>\n<td>Air<\/td>\n<th>Shape<\/th>\n<td>Standard<\/td>\n<\/tr>\n<tr>\n<th>Operating Environment<\/th>\n<td>Standard<\/td>\n<th>Exhaust Mechanism<\/th>\n<td>[Provided] Relief<\/td>\n<\/tr>\n<tr>\n<th>Adverse Current Function<\/th>\n<td>No<\/td>\n<th>Supply Side, Connection Type<\/th>\n<td>Rc<\/td>\n<\/tr>\n<tr>\n<th>Supply Side, Connection Dia.<\/th>\n<td>2<\/td>\n<th>Flow Direction<\/th>\n<td>[(Right)] Left\u2192Right<\/td>\n<\/tr>\n<tr>\n<th>Control Side, Connection Type<\/th>\n<td>Rc<\/td>\n<th>Control Side, Connection Dia.<\/th>\n<td>2<\/td>\n<\/tr>\n<tr class=\"VN_table-row\">\n<th>Pressure Gauge<\/th>\n<td>[Not Provided] No Pressure Gauge<\/td>\n<th>Size of Body<\/th>\n<td>9<\/td>\n<\/tr>\n<tr class=\"VN_table-row\">\n<th>Accessory<\/th>\n<td>None<\/td>\n<th>Set Pressure<\/th>\n<td>0.05 to 0.83\u00a0MPa<\/td>\n<\/tr>\n<tr class=\"VN_table-row\">\n<th>RoHS<\/th>\n<td>&#8211;<\/td>\n<th>&#8211;<\/th>\n<td>&#8211;<\/td>\n<\/tr>\n<\/tbody>\n<\/table>\n<p>&nbsp;<\/p>\n","protected":false},"excerpt":{"rendered":"<p>SMC AR925-20 [Features]\u00b7This is a relief type regulator using an internal pilot method. Configured Specifications Regulator, Pressure Boosting Valve Regulator Regulator Type Standard Applicable Fluid Air Shape Standard Operating Environment Standard Exhaust Mechanism [Provided] Relief Adverse Current Function No Supply Side, Connection Type Rc Supply Side, Connection Dia. 2 Flow&hellip; <\/p>\n","protected":false},"featured_media":3209,"comment_status":"open","ping_status":"closed","template":"","meta":[],"product_cat":[283],"product_tag":[93,92,198],"class_list":{"0":"post-3208","1":"product","2":"type-product","3":"status-publish","4":"has-post-thumbnail","6":"product_cat-smc","7":"product_tag-dai-ly-smc-viet-nam","8":"product_tag-smc-viet-nam","9":"product_tag-van-dieu-ap","11":"first","12":"instock","13":"shipping-taxable","14":"product-type-simple"},"yoast_head":"<!-- This site is optimized with the Yoast SEO plugin v22.8 - https:\/\/yoast.com\/wordpress\/plugins\/seo\/ -->\n<title>SMC AR925-20 - OMANI VI\u1ec6T NAM<\/title>\n<meta name=\"description\" content=\"AR925-2Pilot-Operated Regulator AR425 to 935 Series (AR925-20)\" \/>\n<meta name=\"robots\" content=\"index, follow, max-snippet:-1, max-image-preview:large, max-video-preview:-1\" \/>\n<link rel=\"canonical\" href=\"https:\/\/omanivietnam.com\/index.php\/san-pham\/smc-ar925-20\/\" \/>\n<meta property=\"og:locale\" content=\"vi_VN\" \/>\n<meta property=\"og:type\" content=\"article\" \/>\n<meta property=\"og:title\" content=\"SMC AR925-20 - OMANI VI\u1ec6T NAM\" \/>\n<meta property=\"og:description\" content=\"AR925-2Pilot-Operated Regulator AR425 to 935 Series (AR925-20)\" \/>\n<meta property=\"og:url\" content=\"https:\/\/omanivietnam.com\/index.php\/san-pham\/smc-ar925-20\/\" \/>\n<meta property=\"og:site_name\" content=\"OMANI VI\u1ec6T NAM\" \/>\n<meta property=\"article:modified_time\" content=\"2025-02-14T14:05:17+00:00\" \/>\n<meta property=\"og:image\" content=\"https:\/\/omanivietnam.com\/wp-content\/uploads\/2025\/02\/AR925-20.png\" \/>\n\t<meta property=\"og:image:width\" content=\"460\" \/>\n\t<meta property=\"og:image:height\" content=\"507\" \/>\n\t<meta property=\"og:image:type\" content=\"image\/png\" \/>\n<meta name=\"twitter:card\" content=\"summary_large_image\" \/>\n<meta name=\"twitter:label1\" content=\"\u01af\u1edbc t\u00ednh th\u1eddi gian \u0111\u1ecdc\" \/>\n\t<meta name=\"twitter:data1\" content=\"1 ph\u00fat\" \/>\n<script type=\"application\/ld+json\" class=\"yoast-schema-graph\">{\"@context\":\"https:\/\/schema.org\",\"@graph\":[{\"@type\":\"WebPage\",\"@id\":\"https:\/\/omanivietnam.com\/index.php\/san-pham\/smc-ar925-20\/\",\"url\":\"https:\/\/omanivietnam.com\/index.php\/san-pham\/smc-ar925-20\/\",\"name\":\"SMC AR925-20 - OMANI VI\u1ec6T NAM\",\"isPartOf\":{\"@id\":\"https:\/\/omanivietnam.com\/#website\"},\"primaryImageOfPage\":{\"@id\":\"https:\/\/omanivietnam.com\/index.php\/san-pham\/smc-ar925-20\/#primaryimage\"},\"image\":{\"@id\":\"https:\/\/omanivietnam.com\/index.php\/san-pham\/smc-ar925-20\/#primaryimage\"},\"thumbnailUrl\":\"https:\/\/omanivietnam.com\/wp-content\/uploads\/2025\/02\/AR925-20.png\",\"datePublished\":\"2025-02-14T14:05:16+00:00\",\"dateModified\":\"2025-02-14T14:05:17+00:00\",\"description\":\"AR925-2Pilot-Operated Regulator AR425 to 935 Series (AR925-20)\",\"breadcrumb\":{\"@id\":\"https:\/\/omanivietnam.com\/index.php\/san-pham\/smc-ar925-20\/#breadcrumb\"},\"inLanguage\":\"vi\",\"potentialAction\":[{\"@type\":\"ReadAction\",\"target\":[\"https:\/\/omanivietnam.com\/index.php\/san-pham\/smc-ar925-20\/\"]}]},{\"@type\":\"ImageObject\",\"inLanguage\":\"vi\",\"@id\":\"https:\/\/omanivietnam.com\/index.php\/san-pham\/smc-ar925-20\/#primaryimage\",\"url\":\"https:\/\/omanivietnam.com\/wp-content\/uploads\/2025\/02\/AR925-20.png\",\"contentUrl\":\"https:\/\/omanivietnam.com\/wp-content\/uploads\/2025\/02\/AR925-20.png\",\"width\":460,\"height\":507},{\"@type\":\"BreadcrumbList\",\"@id\":\"https:\/\/omanivietnam.com\/index.php\/san-pham\/smc-ar925-20\/#breadcrumb\",\"itemListElement\":[{\"@type\":\"ListItem\",\"position\":1,\"name\":\"Home\",\"item\":\"https:\/\/omanivietnam.com\/\"},{\"@type\":\"ListItem\",\"position\":2,\"name\":\"S\u1ea2N PH\u1ea8M\",\"item\":\"https:\/\/omanivietnam.com\/index.php\/cua-hang\/\"},{\"@type\":\"ListItem\",\"position\":3,\"name\":\"SMC AR925-20\"}]},{\"@type\":\"WebSite\",\"@id\":\"https:\/\/omanivietnam.com\/#website\",\"url\":\"https:\/\/omanivietnam.com\/\",\"name\":\"OMANI VI\u1ec6T NAM\",\"description\":\"Nh\u00e0 ph\u00e2n ph\u1ed1i thi\u1ebft b\u1ecb kh\u00ed n\u00e9n v\u00e0 thi\u1ebft b\u1ecb t\u1ef1 \u0111\u1ed9ng h\u00f3a trong c\u00f4ng nghi\u1ec7p\",\"publisher\":{\"@id\":\"https:\/\/omanivietnam.com\/#\/schema\/person\/0ad398a980dc3fd696111c2c5c8fa897\"},\"potentialAction\":[{\"@type\":\"SearchAction\",\"target\":{\"@type\":\"EntryPoint\",\"urlTemplate\":\"https:\/\/omanivietnam.com\/?s={search_term_string}\"},\"query-input\":\"required name=search_term_string\"}],\"inLanguage\":\"vi\"},{\"@type\":[\"Person\",\"Organization\"],\"@id\":\"https:\/\/omanivietnam.com\/#\/schema\/person\/0ad398a980dc3fd696111c2c5c8fa897\",\"name\":\"Nguy\u1ec5n V\u0103n Kh\u00e1nh\",\"image\":{\"@type\":\"ImageObject\",\"inLanguage\":\"vi\",\"@id\":\"https:\/\/omanivietnam.com\/#\/schema\/person\/image\/\",\"url\":\"https:\/\/omanivietnam.com\/wp-content\/uploads\/2024\/06\/logo-1024x1024.png\",\"contentUrl\":\"https:\/\/omanivietnam.com\/wp-content\/uploads\/2024\/06\/logo-1024x1024.png\",\"width\":1024,\"height\":1024,\"caption\":\"Nguy\u1ec5n V\u0103n Kh\u00e1nh\"},\"logo\":{\"@id\":\"https:\/\/omanivietnam.com\/#\/schema\/person\/image\/\"},\"sameAs\":[\"https:\/\/omanivietnam.com\"]}]}<\/script>\n<!-- \/ Yoast SEO plugin. -->","yoast_head_json":{"title":"SMC AR925-20 - OMANI VI\u1ec6T NAM","description":"AR925-2Pilot-Operated Regulator AR425 to 935 Series (AR925-20)","robots":{"index":"index","follow":"follow","max-snippet":"max-snippet:-1","max-image-preview":"max-image-preview:large","max-video-preview":"max-video-preview:-1"},"canonical":"https:\/\/omanivietnam.com\/index.php\/san-pham\/smc-ar925-20\/","og_locale":"vi_VN","og_type":"article","og_title":"SMC AR925-20 - OMANI VI\u1ec6T NAM","og_description":"AR925-2Pilot-Operated Regulator AR425 to 935 Series (AR925-20)","og_url":"https:\/\/omanivietnam.com\/index.php\/san-pham\/smc-ar925-20\/","og_site_name":"OMANI VI\u1ec6T NAM","article_modified_time":"2025-02-14T14:05:17+00:00","og_image":[{"width":460,"height":507,"url":"https:\/\/omanivietnam.com\/wp-content\/uploads\/2025\/02\/AR925-20.png","type":"image\/png"}],"twitter_card":"summary_large_image","twitter_misc":{"\u01af\u1edbc t\u00ednh th\u1eddi gian \u0111\u1ecdc":"1 ph\u00fat"},"schema":{"@context":"https:\/\/schema.org","@graph":[{"@type":"WebPage","@id":"https:\/\/omanivietnam.com\/index.php\/san-pham\/smc-ar925-20\/","url":"https:\/\/omanivietnam.com\/index.php\/san-pham\/smc-ar925-20\/","name":"SMC AR925-20 - OMANI VI\u1ec6T NAM","isPartOf":{"@id":"https:\/\/omanivietnam.com\/#website"},"primaryImageOfPage":{"@id":"https:\/\/omanivietnam.com\/index.php\/san-pham\/smc-ar925-20\/#primaryimage"},"image":{"@id":"https:\/\/omanivietnam.com\/index.php\/san-pham\/smc-ar925-20\/#primaryimage"},"thumbnailUrl":"https:\/\/omanivietnam.com\/wp-content\/uploads\/2025\/02\/AR925-20.png","datePublished":"2025-02-14T14:05:16+00:00","dateModified":"2025-02-14T14:05:17+00:00","description":"AR925-2Pilot-Operated Regulator AR425 to 935 Series (AR925-20)","breadcrumb":{"@id":"https:\/\/omanivietnam.com\/index.php\/san-pham\/smc-ar925-20\/#breadcrumb"},"inLanguage":"vi","potentialAction":[{"@type":"ReadAction","target":["https:\/\/omanivietnam.com\/index.php\/san-pham\/smc-ar925-20\/"]}]},{"@type":"ImageObject","inLanguage":"vi","@id":"https:\/\/omanivietnam.com\/index.php\/san-pham\/smc-ar925-20\/#primaryimage","url":"https:\/\/omanivietnam.com\/wp-content\/uploads\/2025\/02\/AR925-20.png","contentUrl":"https:\/\/omanivietnam.com\/wp-content\/uploads\/2025\/02\/AR925-20.png","width":460,"height":507},{"@type":"BreadcrumbList","@id":"https:\/\/omanivietnam.com\/index.php\/san-pham\/smc-ar925-20\/#breadcrumb","itemListElement":[{"@type":"ListItem","position":1,"name":"Home","item":"https:\/\/omanivietnam.com\/"},{"@type":"ListItem","position":2,"name":"S\u1ea2N PH\u1ea8M","item":"https:\/\/omanivietnam.com\/index.php\/cua-hang\/"},{"@type":"ListItem","position":3,"name":"SMC AR925-20"}]},{"@type":"WebSite","@id":"https:\/\/omanivietnam.com\/#website","url":"https:\/\/omanivietnam.com\/","name":"OMANI VI\u1ec6T NAM","description":"Nh\u00e0 ph\u00e2n ph\u1ed1i thi\u1ebft b\u1ecb kh\u00ed n\u00e9n v\u00e0 thi\u1ebft b\u1ecb t\u1ef1 \u0111\u1ed9ng h\u00f3a trong c\u00f4ng nghi\u1ec7p","publisher":{"@id":"https:\/\/omanivietnam.com\/#\/schema\/person\/0ad398a980dc3fd696111c2c5c8fa897"},"potentialAction":[{"@type":"SearchAction","target":{"@type":"EntryPoint","urlTemplate":"https:\/\/omanivietnam.com\/?s={search_term_string}"},"query-input":"required name=search_term_string"}],"inLanguage":"vi"},{"@type":["Person","Organization"],"@id":"https:\/\/omanivietnam.com\/#\/schema\/person\/0ad398a980dc3fd696111c2c5c8fa897","name":"Nguy\u1ec5n V\u0103n Kh\u00e1nh","image":{"@type":"ImageObject","inLanguage":"vi","@id":"https:\/\/omanivietnam.com\/#\/schema\/person\/image\/","url":"https:\/\/omanivietnam.com\/wp-content\/uploads\/2024\/06\/logo-1024x1024.png","contentUrl":"https:\/\/omanivietnam.com\/wp-content\/uploads\/2024\/06\/logo-1024x1024.png","width":1024,"height":1024,"caption":"Nguy\u1ec5n V\u0103n Kh\u00e1nh"},"logo":{"@id":"https:\/\/omanivietnam.com\/#\/schema\/person\/image\/"},"sameAs":["https:\/\/omanivietnam.com"]}]}},"_links":{"self":[{"href":"https:\/\/omanivietnam.com\/index.php\/wp-json\/wp\/v2\/product\/3208","targetHints":{"allow":["GET"]}}],"collection":[{"href":"https:\/\/omanivietnam.com\/index.php\/wp-json\/wp\/v2\/product"}],"about":[{"href":"https:\/\/omanivietnam.com\/index.php\/wp-json\/wp\/v2\/types\/product"}],"replies":[{"embeddable":true,"href":"https:\/\/omanivietnam.com\/index.php\/wp-json\/wp\/v2\/comments?post=3208"}],"wp:featuredmedia":[{"embeddable":true,"href":"https:\/\/omanivietnam.com\/index.php\/wp-json\/wp\/v2\/media\/3209"}],"wp:attachment":[{"href":"https:\/\/omanivietnam.com\/index.php\/wp-json\/wp\/v2\/media?parent=3208"}],"wp:term":[{"taxonomy":"product_cat","embeddable":true,"href":"https:\/\/omanivietnam.com\/index.php\/wp-json\/wp\/v2\/product_cat?post=3208"},{"taxonomy":"product_tag","embeddable":true,"href":"https:\/\/omanivietnam.com\/index.php\/wp-json\/wp\/v2\/product_tag?post=3208"}],"curies":[{"name":"wp","href":"https:\/\/api.w.org\/{rel}","templated":true}]}}