{"id":3216,"date":"2025-02-16T21:31:50","date_gmt":"2025-02-16T14:31:50","guid":{"rendered":"https:\/\/omanivietnam.com\/?post_type=product&#038;p=3216"},"modified":"2025-02-16T21:31:50","modified_gmt":"2025-02-16T14:31:50","slug":"smc-vp342-5dz1-02a","status":"publish","type":"product","link":"https:\/\/omanivietnam.com\/index.php\/san-pham\/smc-vp342-5dz1-02a\/","title":{"rendered":"SMC VP342-5DZ1-02A"},"content":{"rendered":"<p>SMC VP342-5DZ1-02A<\/p>\n<p>SMC VP342-4DZ1-02A<\/p>\n<h2><strong>Van \u0111i\u1ec7n t\u1eeb SMC VP342-5DZ1-02A<\/strong><\/h2>\n<p>SMC VP342-5DZ1-02A ho\u1ea1t \u0111\u1ed9ng tin c\u1eady v\u00e0 \u1ed5n \u0111\u1ecbnh, thu\u1ed9c d\u00f2ng van VP300\/500\/700 van \u0111i\u1ec7n t\u1eeb 3 c\u1ed5ng 2 v\u1ecb tr\u00ed, \u0111i\u1ec7n \u00e1p coil 24 VDC. Ti\u00eau th\u1ee5 \u00edt n\u0103ng l\u01b0\u1ee3ng h\u01a1n, gi\u1ea3m ti\u1ebfng \u1ed3n khi ho\u1ea1t \u0111\u1ed9ng.<\/p>\n<h3><b>\u01afu \u0111i\u1ec3m c\u1ee7a d\u00f2ng van SMC VP300\/500\/700<\/b><\/h3>\n<ul>\n<li>Ti\u00eau th\u1ee5 \u0111i\u1ec7n n\u0103ng \u00edt h\u01a1n, m\u1ea1ch ti\u1ebft ki\u1ec7m \u0111i\u1ec7n<\/li>\n<li>Th\u1eddi gian c\u1ea5p \u0111i\u1ec7n hi\u1ec7u qu\u1ea3 40ms \u1edf 24VDC<\/li>\n<li>Gi\u1ea3m ti\u1ebfng \u1ed3n v\u1edbi \u0111i\u1ec7n \u00e1p DC<\/li>\n<li>Gi\u1ea3m c\u00f4ng su\u1ea5t bi\u1ec3u ki\u1ebfn t\u1eeb 5.6 VA \u2192 1.55 VA<\/li>\n<\/ul>\n<h3><b>Th\u00f4ng s\u1ed1 c\u01a1 b\u1ea3n\u00a0VP342-5DZ1-02A<\/b><\/h3>\n<ul>\n<li>Van Solenoid lo\u1ea1i 3 c\u1ed5ng, 2 v\u1ecb tr\u00ed<\/li>\n<li>Model: VP342-5DZ1-02A<\/li>\n<li>\u0110i\u1ec7n \u00e1p cu\u1ed9n coil:\u00a0 24 VDC<\/li>\n<li>M\u00f4i ch\u1ea5t: Kh\u00ed<\/li>\n<li>\u00c1p su\u1ea5t l\u00e0m vi\u1ec7c: 0.7 Mpa lo\u1ea1i c\u01a1 b\u1ea3n ( 0 to 1 MPa cho lo\u1ea1i ch\u1ecbu \u00e1p cao )<\/li>\n<li>Nhi\u1ec7t \u0111\u1ed9 m\u00f4i tr\u01b0\u1eddng: -10 \u0111\u1ebfn 50 \u0111\u1ed9 C ( Kh\u00f4ng \u0111\u00f3ng b\u0103ng )<\/li>\n<li>Th\u1eddi gian \u0111\u00e1p \u1ee9ng: 20ms ho\u1eb7c \u00edt h\u01a1n<\/li>\n<li>T\u1ea7n s\u1ed1 ho\u1ea1t \u0111\u1ed9ng t\u1ed1i \u0111a: 10Hz<\/li>\n<li>C\u1ea5p \u0111\u1ed9 b\u1ea3o v\u1ec7: IP65<\/li>\n<li>S\u1ef1 ti\u00eau th\u1ee5 n\u0103ng l\u01b0\u1ee3ng: 1.55W \u0111\u1ed1i v\u1edbi lo\u1ea1i c\u00f3 \u0111\u00e8n<\/li>\n<li>\u0110\u00e8n hi\u1ec3n th\u1ecb Led<\/li>\n<li>Ch\u1ee9c n\u0103ng ch\u1ed1ng rung, va \u0111\u1eadp<\/li>\n<\/ul>\n<h3><strong>\u1ee8ng d\u1ee5ng c\u1ee7a van VP300\/500\/700<\/strong><\/h3>\n<p>SMC VP342-5DZ1-02A \u0111\u01b0\u1ee3c s\u1eed d\u1ee5ng nhi\u1ec1u trong c\u00e1c m\u00e1y t\u1ef1 \u0111\u1ed9ng h\u00f3a c\u00f4ng nghi\u1ec7p, gi\u00fap \u0111i\u1ec1u khi\u1ec3n h\u00e0nh tr\u00ecnh, \u0111i\u1ec1u khi\u1ec3n c\u00e1c c\u01a1 c\u1ea5u m\u00e1y, ho\u1ea1t \u0111\u1ed9ng hi\u1ec7u qu\u1ea3, ti\u1ebft ki\u1ec7m chi ph\u00ed nh\u1edd s\u1eed d\u1ee5ng ngu\u1ed3n n\u0103ng l\u01b0\u1ee3ng v\u00f4 t\u1eadn v\u00e0 mi\u1ec5n ph\u00ed<\/p>\n<p>&nbsp;<\/p>\n","protected":false},"excerpt":{"rendered":"<p>SMC VP342-5DZ1-02A SMC VP342-4DZ1-02A Van \u0111i\u1ec7n t\u1eeb SMC VP342-5DZ1-02A SMC VP342-5DZ1-02A ho\u1ea1t \u0111\u1ed9ng tin c\u1eady v\u00e0 \u1ed5n \u0111\u1ecbnh, thu\u1ed9c d\u00f2ng van VP300\/500\/700 van \u0111i\u1ec7n t\u1eeb 3 c\u1ed5ng 2 v\u1ecb tr\u00ed, \u0111i\u1ec7n \u00e1p coil 24 VDC. Ti\u00eau th\u1ee5 \u00edt n\u0103ng l\u01b0\u1ee3ng h\u01a1n, gi\u1ea3m ti\u1ebfng \u1ed3n khi ho\u1ea1t \u0111\u1ed9ng. \u01afu \u0111i\u1ec3m c\u1ee7a&hellip; <\/p>\n","protected":false},"featured_media":3217,"comment_status":"open","ping_status":"closed","template":"","meta":[],"product_cat":[283],"product_tag":[93,92,102],"class_list":{"0":"post-3216","1":"product","2":"type-product","3":"status-publish","4":"has-post-thumbnail","6":"product_cat-smc","7":"product_tag-dai-ly-smc-viet-nam","8":"product_tag-smc-viet-nam","9":"product_tag-van-khi-nen","11":"first","12":"instock","13":"shipping-taxable","14":"product-type-simple"},"yoast_head":"<!-- This site is optimized with the Yoast SEO plugin v22.8 - https:\/\/yoast.com\/wordpress\/plugins\/seo\/ -->\n<title>SMC VP342-5DZ1-02A - OMANI VI\u1ec6T NAM<\/title>\n<meta name=\"description\" content=\"SMC VP342-5DZ1-02A Solenoid Valve\" \/>\n<meta name=\"robots\" content=\"index, follow, max-snippet:-1, max-image-preview:large, max-video-preview:-1\" \/>\n<link rel=\"canonical\" href=\"https:\/\/omanivietnam.com\/index.php\/san-pham\/smc-vp342-5dz1-02a\/\" \/>\n<meta property=\"og:locale\" content=\"vi_VN\" \/>\n<meta property=\"og:type\" content=\"article\" \/>\n<meta property=\"og:title\" content=\"SMC VP342-5DZ1-02A - OMANI VI\u1ec6T NAM\" \/>\n<meta property=\"og:description\" content=\"SMC VP342-5DZ1-02A Solenoid Valve\" \/>\n<meta property=\"og:url\" content=\"https:\/\/omanivietnam.com\/index.php\/san-pham\/smc-vp342-5dz1-02a\/\" \/>\n<meta property=\"og:site_name\" content=\"OMANI VI\u1ec6T NAM\" \/>\n<meta property=\"og:image\" content=\"https:\/\/omanivietnam.com\/wp-content\/uploads\/2025\/02\/VP342-5DZ1-02A.png\" \/>\n\t<meta property=\"og:image:width\" content=\"353\" \/>\n\t<meta property=\"og:image:height\" content=\"599\" \/>\n\t<meta property=\"og:image:type\" content=\"image\/png\" \/>\n<meta name=\"twitter:card\" content=\"summary_large_image\" \/>\n<meta name=\"twitter:label1\" content=\"\u01af\u1edbc t\u00ednh th\u1eddi gian \u0111\u1ecdc\" \/>\n\t<meta name=\"twitter:data1\" content=\"2 ph\u00fat\" \/>\n<script type=\"application\/ld+json\" class=\"yoast-schema-graph\">{\"@context\":\"https:\/\/schema.org\",\"@graph\":[{\"@type\":\"WebPage\",\"@id\":\"https:\/\/omanivietnam.com\/index.php\/san-pham\/smc-vp342-5dz1-02a\/\",\"url\":\"https:\/\/omanivietnam.com\/index.php\/san-pham\/smc-vp342-5dz1-02a\/\",\"name\":\"SMC VP342-5DZ1-02A - OMANI VI\u1ec6T NAM\",\"isPartOf\":{\"@id\":\"https:\/\/omanivietnam.com\/#website\"},\"primaryImageOfPage\":{\"@id\":\"https:\/\/omanivietnam.com\/index.php\/san-pham\/smc-vp342-5dz1-02a\/#primaryimage\"},\"image\":{\"@id\":\"https:\/\/omanivietnam.com\/index.php\/san-pham\/smc-vp342-5dz1-02a\/#primaryimage\"},\"thumbnailUrl\":\"https:\/\/omanivietnam.com\/wp-content\/uploads\/2025\/02\/VP342-5DZ1-02A.png\",\"datePublished\":\"2025-02-16T14:31:50+00:00\",\"dateModified\":\"2025-02-16T14:31:50+00:00\",\"description\":\"SMC VP342-5DZ1-02A Solenoid Valve\",\"breadcrumb\":{\"@id\":\"https:\/\/omanivietnam.com\/index.php\/san-pham\/smc-vp342-5dz1-02a\/#breadcrumb\"},\"inLanguage\":\"vi\",\"potentialAction\":[{\"@type\":\"ReadAction\",\"target\":[\"https:\/\/omanivietnam.com\/index.php\/san-pham\/smc-vp342-5dz1-02a\/\"]}]},{\"@type\":\"ImageObject\",\"inLanguage\":\"vi\",\"@id\":\"https:\/\/omanivietnam.com\/index.php\/san-pham\/smc-vp342-5dz1-02a\/#primaryimage\",\"url\":\"https:\/\/omanivietnam.com\/wp-content\/uploads\/2025\/02\/VP342-5DZ1-02A.png\",\"contentUrl\":\"https:\/\/omanivietnam.com\/wp-content\/uploads\/2025\/02\/VP342-5DZ1-02A.png\",\"width\":353,\"height\":599},{\"@type\":\"BreadcrumbList\",\"@id\":\"https:\/\/omanivietnam.com\/index.php\/san-pham\/smc-vp342-5dz1-02a\/#breadcrumb\",\"itemListElement\":[{\"@type\":\"ListItem\",\"position\":1,\"name\":\"Home\",\"item\":\"https:\/\/omanivietnam.com\/\"},{\"@type\":\"ListItem\",\"position\":2,\"name\":\"S\u1ea2N PH\u1ea8M\",\"item\":\"https:\/\/omanivietnam.com\/index.php\/cua-hang\/\"},{\"@type\":\"ListItem\",\"position\":3,\"name\":\"SMC VP342-5DZ1-02A\"}]},{\"@type\":\"WebSite\",\"@id\":\"https:\/\/omanivietnam.com\/#website\",\"url\":\"https:\/\/omanivietnam.com\/\",\"name\":\"OMANI VI\u1ec6T NAM\",\"description\":\"Nh\u00e0 ph\u00e2n ph\u1ed1i thi\u1ebft b\u1ecb kh\u00ed n\u00e9n v\u00e0 thi\u1ebft b\u1ecb t\u1ef1 \u0111\u1ed9ng h\u00f3a trong c\u00f4ng nghi\u1ec7p\",\"publisher\":{\"@id\":\"https:\/\/omanivietnam.com\/#\/schema\/person\/0ad398a980dc3fd696111c2c5c8fa897\"},\"potentialAction\":[{\"@type\":\"SearchAction\",\"target\":{\"@type\":\"EntryPoint\",\"urlTemplate\":\"https:\/\/omanivietnam.com\/?s={search_term_string}\"},\"query-input\":\"required name=search_term_string\"}],\"inLanguage\":\"vi\"},{\"@type\":[\"Person\",\"Organization\"],\"@id\":\"https:\/\/omanivietnam.com\/#\/schema\/person\/0ad398a980dc3fd696111c2c5c8fa897\",\"name\":\"Nguy\u1ec5n V\u0103n Kh\u00e1nh\",\"image\":{\"@type\":\"ImageObject\",\"inLanguage\":\"vi\",\"@id\":\"https:\/\/omanivietnam.com\/#\/schema\/person\/image\/\",\"url\":\"https:\/\/omanivietnam.com\/wp-content\/uploads\/2024\/06\/logo-1024x1024.png\",\"contentUrl\":\"https:\/\/omanivietnam.com\/wp-content\/uploads\/2024\/06\/logo-1024x1024.png\",\"width\":1024,\"height\":1024,\"caption\":\"Nguy\u1ec5n V\u0103n Kh\u00e1nh\"},\"logo\":{\"@id\":\"https:\/\/omanivietnam.com\/#\/schema\/person\/image\/\"},\"sameAs\":[\"https:\/\/omanivietnam.com\"]}]}<\/script>\n<!-- \/ Yoast SEO plugin. -->","yoast_head_json":{"title":"SMC VP342-5DZ1-02A - OMANI VI\u1ec6T NAM","description":"SMC VP342-5DZ1-02A Solenoid Valve","robots":{"index":"index","follow":"follow","max-snippet":"max-snippet:-1","max-image-preview":"max-image-preview:large","max-video-preview":"max-video-preview:-1"},"canonical":"https:\/\/omanivietnam.com\/index.php\/san-pham\/smc-vp342-5dz1-02a\/","og_locale":"vi_VN","og_type":"article","og_title":"SMC VP342-5DZ1-02A - OMANI VI\u1ec6T NAM","og_description":"SMC VP342-5DZ1-02A Solenoid Valve","og_url":"https:\/\/omanivietnam.com\/index.php\/san-pham\/smc-vp342-5dz1-02a\/","og_site_name":"OMANI VI\u1ec6T NAM","og_image":[{"width":353,"height":599,"url":"https:\/\/omanivietnam.com\/wp-content\/uploads\/2025\/02\/VP342-5DZ1-02A.png","type":"image\/png"}],"twitter_card":"summary_large_image","twitter_misc":{"\u01af\u1edbc t\u00ednh th\u1eddi gian \u0111\u1ecdc":"2 ph\u00fat"},"schema":{"@context":"https:\/\/schema.org","@graph":[{"@type":"WebPage","@id":"https:\/\/omanivietnam.com\/index.php\/san-pham\/smc-vp342-5dz1-02a\/","url":"https:\/\/omanivietnam.com\/index.php\/san-pham\/smc-vp342-5dz1-02a\/","name":"SMC VP342-5DZ1-02A - OMANI VI\u1ec6T NAM","isPartOf":{"@id":"https:\/\/omanivietnam.com\/#website"},"primaryImageOfPage":{"@id":"https:\/\/omanivietnam.com\/index.php\/san-pham\/smc-vp342-5dz1-02a\/#primaryimage"},"image":{"@id":"https:\/\/omanivietnam.com\/index.php\/san-pham\/smc-vp342-5dz1-02a\/#primaryimage"},"thumbnailUrl":"https:\/\/omanivietnam.com\/wp-content\/uploads\/2025\/02\/VP342-5DZ1-02A.png","datePublished":"2025-02-16T14:31:50+00:00","dateModified":"2025-02-16T14:31:50+00:00","description":"SMC VP342-5DZ1-02A Solenoid Valve","breadcrumb":{"@id":"https:\/\/omanivietnam.com\/index.php\/san-pham\/smc-vp342-5dz1-02a\/#breadcrumb"},"inLanguage":"vi","potentialAction":[{"@type":"ReadAction","target":["https:\/\/omanivietnam.com\/index.php\/san-pham\/smc-vp342-5dz1-02a\/"]}]},{"@type":"ImageObject","inLanguage":"vi","@id":"https:\/\/omanivietnam.com\/index.php\/san-pham\/smc-vp342-5dz1-02a\/#primaryimage","url":"https:\/\/omanivietnam.com\/wp-content\/uploads\/2025\/02\/VP342-5DZ1-02A.png","contentUrl":"https:\/\/omanivietnam.com\/wp-content\/uploads\/2025\/02\/VP342-5DZ1-02A.png","width":353,"height":599},{"@type":"BreadcrumbList","@id":"https:\/\/omanivietnam.com\/index.php\/san-pham\/smc-vp342-5dz1-02a\/#breadcrumb","itemListElement":[{"@type":"ListItem","position":1,"name":"Home","item":"https:\/\/omanivietnam.com\/"},{"@type":"ListItem","position":2,"name":"S\u1ea2N PH\u1ea8M","item":"https:\/\/omanivietnam.com\/index.php\/cua-hang\/"},{"@type":"ListItem","position":3,"name":"SMC VP342-5DZ1-02A"}]},{"@type":"WebSite","@id":"https:\/\/omanivietnam.com\/#website","url":"https:\/\/omanivietnam.com\/","name":"OMANI VI\u1ec6T NAM","description":"Nh\u00e0 ph\u00e2n ph\u1ed1i thi\u1ebft b\u1ecb kh\u00ed n\u00e9n v\u00e0 thi\u1ebft b\u1ecb t\u1ef1 \u0111\u1ed9ng h\u00f3a trong c\u00f4ng nghi\u1ec7p","publisher":{"@id":"https:\/\/omanivietnam.com\/#\/schema\/person\/0ad398a980dc3fd696111c2c5c8fa897"},"potentialAction":[{"@type":"SearchAction","target":{"@type":"EntryPoint","urlTemplate":"https:\/\/omanivietnam.com\/?s={search_term_string}"},"query-input":"required name=search_term_string"}],"inLanguage":"vi"},{"@type":["Person","Organization"],"@id":"https:\/\/omanivietnam.com\/#\/schema\/person\/0ad398a980dc3fd696111c2c5c8fa897","name":"Nguy\u1ec5n V\u0103n Kh\u00e1nh","image":{"@type":"ImageObject","inLanguage":"vi","@id":"https:\/\/omanivietnam.com\/#\/schema\/person\/image\/","url":"https:\/\/omanivietnam.com\/wp-content\/uploads\/2024\/06\/logo-1024x1024.png","contentUrl":"https:\/\/omanivietnam.com\/wp-content\/uploads\/2024\/06\/logo-1024x1024.png","width":1024,"height":1024,"caption":"Nguy\u1ec5n V\u0103n Kh\u00e1nh"},"logo":{"@id":"https:\/\/omanivietnam.com\/#\/schema\/person\/image\/"},"sameAs":["https:\/\/omanivietnam.com"]}]}},"_links":{"self":[{"href":"https:\/\/omanivietnam.com\/index.php\/wp-json\/wp\/v2\/product\/3216","targetHints":{"allow":["GET"]}}],"collection":[{"href":"https:\/\/omanivietnam.com\/index.php\/wp-json\/wp\/v2\/product"}],"about":[{"href":"https:\/\/omanivietnam.com\/index.php\/wp-json\/wp\/v2\/types\/product"}],"replies":[{"embeddable":true,"href":"https:\/\/omanivietnam.com\/index.php\/wp-json\/wp\/v2\/comments?post=3216"}],"wp:featuredmedia":[{"embeddable":true,"href":"https:\/\/omanivietnam.com\/index.php\/wp-json\/wp\/v2\/media\/3217"}],"wp:attachment":[{"href":"https:\/\/omanivietnam.com\/index.php\/wp-json\/wp\/v2\/media?parent=3216"}],"wp:term":[{"taxonomy":"product_cat","embeddable":true,"href":"https:\/\/omanivietnam.com\/index.php\/wp-json\/wp\/v2\/product_cat?post=3216"},{"taxonomy":"product_tag","embeddable":true,"href":"https:\/\/omanivietnam.com\/index.php\/wp-json\/wp\/v2\/product_tag?post=3216"}],"curies":[{"name":"wp","href":"https:\/\/api.w.org\/{rel}","templated":true}]}}