{"id":3223,"date":"2025-02-18T22:05:02","date_gmt":"2025-02-18T15:05:02","guid":{"rendered":"https:\/\/omanivietnam.com\/?post_type=product&#038;p=3223"},"modified":"2025-02-18T22:05:02","modified_gmt":"2025-02-18T15:05:02","slug":"smc-amh-el550","status":"publish","type":"product","link":"https:\/\/omanivietnam.com\/index.php\/san-pham\/smc-amh-el550\/","title":{"rendered":"SMC AMH-EL550"},"content":{"rendered":"<p>SMC AMH-EL550<\/p>\n<p>Part Number : AMH-EL550 Micro Mist Separator with Pre-Filter AMH Series<\/p>\n<p class=\"BasicInformation_header__kqvZT\">Basic information<\/p>\n<div class=\"style_complex_detail__yCYkI common_common__LsCY7\">\n<p class=\"BasicInformation_catchCopy__CKLUA\">Micro Mist Separator with Pre-Filter AMH Series; separates and removes oil particles in an aerosol state.<br \/>\n[Features]<br \/>\n\u00b7 A micro mist separator that can remove any fine contaminants of 0.01\u00a0\u03bcm or more such as carbon and dust.<br \/>\n[Applications]<br \/>\n\u00b7 Use as a pre-filter for compressed air for use in clean rooms or precision instruments that require air with a high degree of cleanliness.<\/p>\n<p>&nbsp;<\/p>\n<\/div>\n<p>L\u00f5i l\u1ecdc \u0111\u01b0\u1eddng \u1ed1ng kh\u00ed n\u00e9n SMC\u00a0AMG-EL450<\/p>\n<p>L\u00f5i l\u1ecdc \u0111\u01b0\u1eddng \u1ed1ng kh\u00ed n\u00e9n SMC\u00a0AMH-EL450<\/p>\n<p>L\u00f5i l\u1ecdc \u0111\u01b0\u1eddng \u1ed1ng kh\u00ed n\u00e9n SMC\u00a0AMG-EL550<\/p>\n<p>L\u00f5i l\u1ecdc \u0111\u01b0\u1eddng \u1ed1ng kh\u00ed n\u00e9n SMC\u00a0AMH-EL550<\/p>\n<p>L\u00f5i l\u1ecdc \u0111\u01b0\u1eddng \u1ed1ng kh\u00ed n\u00e9n SMC\u00a0AMG-EL650<\/p>\n<p>L\u00f5i l\u1ecdc \u0111\u01b0\u1eddng \u1ed1ng kh\u00ed n\u00e9n SMC\u00a0AMH-EL650<\/p>\n<p style=\"font-weight: 400\"><b><strong>L\u00d5I L\u1eccC KH\u00cd SMC, SMC FILTER ELEMENTS<\/strong><\/b><\/p>\n<p style=\"font-weight: 400\">L\u00f5i l\u1ecdc kh\u00ed SMC AM-EL150, AM-EL250, AM-EL350, AM-EL450, AM-EL550, AM-EL650, AM-EL850.<\/p>\n<p style=\"font-weight: 400\">L\u00f5i l\u1ecdc kh\u00ed SMC AMD-EL150, AMD-EL250, AMD-EL350, AMD-EL450, AMD-EL550, AMD-EL650,\u00a0\u00a0AMD-EL850.<\/p>\n<p style=\"font-weight: 400\">L\u00f5i l\u1ecdc kh\u00ed SMC AME-EL150, AME-EL250, AME-EL350, AME-EL450, AME-EL550, AME-EL650, AME-EL850.<\/p>\n<p style=\"font-weight: 400\">L\u00f5i l\u1ecdc kh\u00ed SMC AMF-EL150, AMF-EL250, AMF-EL350,\u00a0\u00a0AMF-EL550, AMF-EL450, AMF-EL650, AMF-EL850.<\/p>\n<p style=\"font-weight: 400\">L\u00f5i l\u1ecdc kh\u00ed SMC AFF-EL2B, AFF-EL4B, AFF-EL8B, AFF-EL11B, AFF-EL22B, AFF-EL37B, AFF-EL75B<\/p>\n<p style=\"font-weight: 400\">L\u00f5i l\u1ecdc kh\u00ed SMC AMH-EL150, AMH-EL250, AMH-EL350,\u00a0\u00a0AMH-EL450, AMH-EL550, AMH-EL650, AMH-EL850.<\/p>\n<p style=\"font-weight: 400\">L\u00f5i l\u1ecdc kh\u00ed SMC AMG-EL150, AMG-EL250, AMG-EL350, AMG-EL450,\u00a0\u00a0AMG-EL550, AMG-EL650, AMG-EL850.<\/p>\n<p style=\"font-weight: 400\">L\u00f5i l\u1ecdc kh\u00ed SMC SAM-EL650, SAM-EL850, SAMD-EL650, SAMD-EL850, SAF2-EL650, SAF2-EL850.<\/p>\n","protected":false},"excerpt":{"rendered":"<p>SMC AMH-EL550 Part Number : AMH-EL550 Micro Mist Separator with Pre-Filter AMH Series Basic information Micro Mist Separator with Pre-Filter AMH Series; separates and removes oil particles in an aerosol state. [Features] \u00b7 A micro mist separator that can remove any fine contaminants of 0.01\u00a0\u03bcm or more such as carbon&hellip; <\/p>\n","protected":false},"featured_media":3224,"comment_status":"open","ping_status":"closed","template":"","meta":[],"product_cat":[283],"product_tag":[93,92,350],"class_list":{"0":"post-3223","1":"product","2":"type-product","3":"status-publish","4":"has-post-thumbnail","6":"product_cat-smc","7":"product_tag-dai-ly-smc-viet-nam","8":"product_tag-smc-viet-nam","9":"product_tag-thiet-bi-loc-khi","11":"first","12":"instock","13":"shipping-taxable","14":"product-type-simple"},"yoast_head":"<!-- This site is optimized with the Yoast SEO plugin v22.8 - https:\/\/yoast.com\/wordpress\/plugins\/seo\/ -->\n<title>SMC AMH-EL550 - OMANI VI\u1ec6T NAM<\/title>\n<meta name=\"description\" content=\"AMH-EL550 | Micro Mist Separator with Pre-Filter\" \/>\n<meta name=\"robots\" content=\"index, follow, max-snippet:-1, max-image-preview:large, max-video-preview:-1\" \/>\n<link rel=\"canonical\" href=\"https:\/\/omanivietnam.com\/index.php\/san-pham\/smc-amh-el550\/\" \/>\n<meta property=\"og:locale\" content=\"vi_VN\" \/>\n<meta property=\"og:type\" content=\"article\" \/>\n<meta property=\"og:title\" content=\"SMC AMH-EL550 - OMANI VI\u1ec6T NAM\" \/>\n<meta property=\"og:description\" content=\"AMH-EL550 | Micro Mist Separator with Pre-Filter\" \/>\n<meta property=\"og:url\" content=\"https:\/\/omanivietnam.com\/index.php\/san-pham\/smc-amh-el550\/\" \/>\n<meta property=\"og:site_name\" content=\"OMANI VI\u1ec6T NAM\" \/>\n<meta property=\"og:image\" content=\"https:\/\/omanivietnam.com\/wp-content\/uploads\/2025\/02\/AMH-EL550.png\" \/>\n\t<meta property=\"og:image:width\" content=\"670\" \/>\n\t<meta property=\"og:image:height\" content=\"577\" \/>\n\t<meta property=\"og:image:type\" content=\"image\/png\" \/>\n<meta name=\"twitter:card\" content=\"summary_large_image\" \/>\n<meta name=\"twitter:label1\" content=\"\u01af\u1edbc t\u00ednh th\u1eddi gian \u0111\u1ecdc\" \/>\n\t<meta name=\"twitter:data1\" content=\"2 ph\u00fat\" \/>\n<script type=\"application\/ld+json\" class=\"yoast-schema-graph\">{\"@context\":\"https:\/\/schema.org\",\"@graph\":[{\"@type\":\"WebPage\",\"@id\":\"https:\/\/omanivietnam.com\/index.php\/san-pham\/smc-amh-el550\/\",\"url\":\"https:\/\/omanivietnam.com\/index.php\/san-pham\/smc-amh-el550\/\",\"name\":\"SMC AMH-EL550 - OMANI VI\u1ec6T NAM\",\"isPartOf\":{\"@id\":\"https:\/\/omanivietnam.com\/#website\"},\"primaryImageOfPage\":{\"@id\":\"https:\/\/omanivietnam.com\/index.php\/san-pham\/smc-amh-el550\/#primaryimage\"},\"image\":{\"@id\":\"https:\/\/omanivietnam.com\/index.php\/san-pham\/smc-amh-el550\/#primaryimage\"},\"thumbnailUrl\":\"https:\/\/omanivietnam.com\/wp-content\/uploads\/2025\/02\/AMH-EL550.png\",\"datePublished\":\"2025-02-18T15:05:02+00:00\",\"dateModified\":\"2025-02-18T15:05:02+00:00\",\"description\":\"AMH-EL550 | Micro Mist Separator with Pre-Filter\",\"breadcrumb\":{\"@id\":\"https:\/\/omanivietnam.com\/index.php\/san-pham\/smc-amh-el550\/#breadcrumb\"},\"inLanguage\":\"vi\",\"potentialAction\":[{\"@type\":\"ReadAction\",\"target\":[\"https:\/\/omanivietnam.com\/index.php\/san-pham\/smc-amh-el550\/\"]}]},{\"@type\":\"ImageObject\",\"inLanguage\":\"vi\",\"@id\":\"https:\/\/omanivietnam.com\/index.php\/san-pham\/smc-amh-el550\/#primaryimage\",\"url\":\"https:\/\/omanivietnam.com\/wp-content\/uploads\/2025\/02\/AMH-EL550.png\",\"contentUrl\":\"https:\/\/omanivietnam.com\/wp-content\/uploads\/2025\/02\/AMH-EL550.png\",\"width\":670,\"height\":577},{\"@type\":\"BreadcrumbList\",\"@id\":\"https:\/\/omanivietnam.com\/index.php\/san-pham\/smc-amh-el550\/#breadcrumb\",\"itemListElement\":[{\"@type\":\"ListItem\",\"position\":1,\"name\":\"Home\",\"item\":\"https:\/\/omanivietnam.com\/\"},{\"@type\":\"ListItem\",\"position\":2,\"name\":\"S\u1ea2N PH\u1ea8M\",\"item\":\"https:\/\/omanivietnam.com\/index.php\/cua-hang\/\"},{\"@type\":\"ListItem\",\"position\":3,\"name\":\"SMC AMH-EL550\"}]},{\"@type\":\"WebSite\",\"@id\":\"https:\/\/omanivietnam.com\/#website\",\"url\":\"https:\/\/omanivietnam.com\/\",\"name\":\"OMANI VI\u1ec6T NAM\",\"description\":\"Nh\u00e0 ph\u00e2n ph\u1ed1i thi\u1ebft b\u1ecb kh\u00ed n\u00e9n v\u00e0 thi\u1ebft b\u1ecb t\u1ef1 \u0111\u1ed9ng h\u00f3a trong c\u00f4ng nghi\u1ec7p\",\"publisher\":{\"@id\":\"https:\/\/omanivietnam.com\/#\/schema\/person\/0ad398a980dc3fd696111c2c5c8fa897\"},\"potentialAction\":[{\"@type\":\"SearchAction\",\"target\":{\"@type\":\"EntryPoint\",\"urlTemplate\":\"https:\/\/omanivietnam.com\/?s={search_term_string}\"},\"query-input\":\"required name=search_term_string\"}],\"inLanguage\":\"vi\"},{\"@type\":[\"Person\",\"Organization\"],\"@id\":\"https:\/\/omanivietnam.com\/#\/schema\/person\/0ad398a980dc3fd696111c2c5c8fa897\",\"name\":\"Nguy\u1ec5n V\u0103n Kh\u00e1nh\",\"image\":{\"@type\":\"ImageObject\",\"inLanguage\":\"vi\",\"@id\":\"https:\/\/omanivietnam.com\/#\/schema\/person\/image\/\",\"url\":\"https:\/\/omanivietnam.com\/wp-content\/uploads\/2024\/06\/logo-1024x1024.png\",\"contentUrl\":\"https:\/\/omanivietnam.com\/wp-content\/uploads\/2024\/06\/logo-1024x1024.png\",\"width\":1024,\"height\":1024,\"caption\":\"Nguy\u1ec5n V\u0103n Kh\u00e1nh\"},\"logo\":{\"@id\":\"https:\/\/omanivietnam.com\/#\/schema\/person\/image\/\"},\"sameAs\":[\"https:\/\/omanivietnam.com\"]}]}<\/script>\n<!-- \/ Yoast SEO plugin. -->","yoast_head_json":{"title":"SMC AMH-EL550 - OMANI VI\u1ec6T NAM","description":"AMH-EL550 | Micro Mist Separator with Pre-Filter","robots":{"index":"index","follow":"follow","max-snippet":"max-snippet:-1","max-image-preview":"max-image-preview:large","max-video-preview":"max-video-preview:-1"},"canonical":"https:\/\/omanivietnam.com\/index.php\/san-pham\/smc-amh-el550\/","og_locale":"vi_VN","og_type":"article","og_title":"SMC AMH-EL550 - OMANI VI\u1ec6T NAM","og_description":"AMH-EL550 | Micro Mist Separator with Pre-Filter","og_url":"https:\/\/omanivietnam.com\/index.php\/san-pham\/smc-amh-el550\/","og_site_name":"OMANI VI\u1ec6T NAM","og_image":[{"width":670,"height":577,"url":"https:\/\/omanivietnam.com\/wp-content\/uploads\/2025\/02\/AMH-EL550.png","type":"image\/png"}],"twitter_card":"summary_large_image","twitter_misc":{"\u01af\u1edbc t\u00ednh th\u1eddi gian \u0111\u1ecdc":"2 ph\u00fat"},"schema":{"@context":"https:\/\/schema.org","@graph":[{"@type":"WebPage","@id":"https:\/\/omanivietnam.com\/index.php\/san-pham\/smc-amh-el550\/","url":"https:\/\/omanivietnam.com\/index.php\/san-pham\/smc-amh-el550\/","name":"SMC AMH-EL550 - OMANI VI\u1ec6T NAM","isPartOf":{"@id":"https:\/\/omanivietnam.com\/#website"},"primaryImageOfPage":{"@id":"https:\/\/omanivietnam.com\/index.php\/san-pham\/smc-amh-el550\/#primaryimage"},"image":{"@id":"https:\/\/omanivietnam.com\/index.php\/san-pham\/smc-amh-el550\/#primaryimage"},"thumbnailUrl":"https:\/\/omanivietnam.com\/wp-content\/uploads\/2025\/02\/AMH-EL550.png","datePublished":"2025-02-18T15:05:02+00:00","dateModified":"2025-02-18T15:05:02+00:00","description":"AMH-EL550 | Micro Mist Separator with Pre-Filter","breadcrumb":{"@id":"https:\/\/omanivietnam.com\/index.php\/san-pham\/smc-amh-el550\/#breadcrumb"},"inLanguage":"vi","potentialAction":[{"@type":"ReadAction","target":["https:\/\/omanivietnam.com\/index.php\/san-pham\/smc-amh-el550\/"]}]},{"@type":"ImageObject","inLanguage":"vi","@id":"https:\/\/omanivietnam.com\/index.php\/san-pham\/smc-amh-el550\/#primaryimage","url":"https:\/\/omanivietnam.com\/wp-content\/uploads\/2025\/02\/AMH-EL550.png","contentUrl":"https:\/\/omanivietnam.com\/wp-content\/uploads\/2025\/02\/AMH-EL550.png","width":670,"height":577},{"@type":"BreadcrumbList","@id":"https:\/\/omanivietnam.com\/index.php\/san-pham\/smc-amh-el550\/#breadcrumb","itemListElement":[{"@type":"ListItem","position":1,"name":"Home","item":"https:\/\/omanivietnam.com\/"},{"@type":"ListItem","position":2,"name":"S\u1ea2N PH\u1ea8M","item":"https:\/\/omanivietnam.com\/index.php\/cua-hang\/"},{"@type":"ListItem","position":3,"name":"SMC AMH-EL550"}]},{"@type":"WebSite","@id":"https:\/\/omanivietnam.com\/#website","url":"https:\/\/omanivietnam.com\/","name":"OMANI VI\u1ec6T NAM","description":"Nh\u00e0 ph\u00e2n ph\u1ed1i thi\u1ebft b\u1ecb kh\u00ed n\u00e9n v\u00e0 thi\u1ebft b\u1ecb t\u1ef1 \u0111\u1ed9ng h\u00f3a trong c\u00f4ng nghi\u1ec7p","publisher":{"@id":"https:\/\/omanivietnam.com\/#\/schema\/person\/0ad398a980dc3fd696111c2c5c8fa897"},"potentialAction":[{"@type":"SearchAction","target":{"@type":"EntryPoint","urlTemplate":"https:\/\/omanivietnam.com\/?s={search_term_string}"},"query-input":"required name=search_term_string"}],"inLanguage":"vi"},{"@type":["Person","Organization"],"@id":"https:\/\/omanivietnam.com\/#\/schema\/person\/0ad398a980dc3fd696111c2c5c8fa897","name":"Nguy\u1ec5n V\u0103n Kh\u00e1nh","image":{"@type":"ImageObject","inLanguage":"vi","@id":"https:\/\/omanivietnam.com\/#\/schema\/person\/image\/","url":"https:\/\/omanivietnam.com\/wp-content\/uploads\/2024\/06\/logo-1024x1024.png","contentUrl":"https:\/\/omanivietnam.com\/wp-content\/uploads\/2024\/06\/logo-1024x1024.png","width":1024,"height":1024,"caption":"Nguy\u1ec5n V\u0103n Kh\u00e1nh"},"logo":{"@id":"https:\/\/omanivietnam.com\/#\/schema\/person\/image\/"},"sameAs":["https:\/\/omanivietnam.com"]}]}},"_links":{"self":[{"href":"https:\/\/omanivietnam.com\/index.php\/wp-json\/wp\/v2\/product\/3223","targetHints":{"allow":["GET"]}}],"collection":[{"href":"https:\/\/omanivietnam.com\/index.php\/wp-json\/wp\/v2\/product"}],"about":[{"href":"https:\/\/omanivietnam.com\/index.php\/wp-json\/wp\/v2\/types\/product"}],"replies":[{"embeddable":true,"href":"https:\/\/omanivietnam.com\/index.php\/wp-json\/wp\/v2\/comments?post=3223"}],"wp:featuredmedia":[{"embeddable":true,"href":"https:\/\/omanivietnam.com\/index.php\/wp-json\/wp\/v2\/media\/3224"}],"wp:attachment":[{"href":"https:\/\/omanivietnam.com\/index.php\/wp-json\/wp\/v2\/media?parent=3223"}],"wp:term":[{"taxonomy":"product_cat","embeddable":true,"href":"https:\/\/omanivietnam.com\/index.php\/wp-json\/wp\/v2\/product_cat?post=3223"},{"taxonomy":"product_tag","embeddable":true,"href":"https:\/\/omanivietnam.com\/index.php\/wp-json\/wp\/v2\/product_tag?post=3223"}],"curies":[{"name":"wp","href":"https:\/\/api.w.org\/{rel}","templated":true}]}}