{"id":3227,"date":"2025-02-19T21:27:39","date_gmt":"2025-02-19T14:27:39","guid":{"rendered":"https:\/\/omanivietnam.com\/?post_type=product&#038;p=3227"},"modified":"2025-02-19T21:27:40","modified_gmt":"2025-02-19T14:27:40","slug":"keyence-kv-8000","status":"publish","type":"product","link":"https:\/\/omanivietnam.com\/index.php\/san-pham\/keyence-kv-8000\/","title":{"rendered":"KEYENCE KV-8000"},"content":{"rendered":"<p>KEYENCE KV-8000<\/p>\n<p class=\"prd-utility-heading-3 prd-utility-marginBottom-7\">Th\u00f4ng s\u1ed1 k\u1ef9 thu\u1eadt<\/p>\n<div class=\"prd-specsTable prd-utility-focusRing\" style=\"padding: 0px;margin: 0px;color: #484b4c;font-family: myriad-pro, helvetica, Arial, meiryo, sans-serif;font-size: 17px;font-style: normal;font-weight: 400;letter-spacing: normal;text-align: left;text-indent: 0px;text-transform: none;background-color: #fafafa\" data-controller=\"horizontal-scroll-state scroll-to-coord\" data-action=\"resize@window-&gt;horizontal-scroll-state#setOverflowing scroll-&gt;horizontal-scroll-state#setScrolled\" data-horizontal-scroll-state-target=\"container\" data-horizontal-scroll-state-overflowing-class=\"is-overflowing\" data-horizontal-scroll-state-has-scrolled-class=\"is-hasScrolled\" data-scroll-to-coord-target=\"container\">\n<div class=\"prd-utility-body-small\">\n<div class=\"specTable-block\">\n<table class=\"specTable-stibo-3282397\">\n<tbody>\n<tr class=\"specTable-row\">\n<td class=\"specTable-clm-0\" colspan=\"4\">M\u1eabu<\/td>\n<td class=\"specTable-clm-4\">KV-8000<\/td>\n<\/tr>\n<tr class=\"specTable-row\">\n<td class=\"specTable-clm-0\" rowspan=\"17\">Th\u00f4ng s\u1ed1 k\u1ef9 thu\u1eadt chung<\/td>\n<td class=\"specTable-clm-1\" colspan=\"3\">\u0110i\u1ec7n \u00e1p ngu\u1ed3n<\/td>\n<td class=\"specTable-clm-4\">C\u1ea5u h\u00ecnh h\u1ec7 th\u1ed1ng s\u1eed d\u1ee5ng kh\u1ed1i m\u1edf r\u1ed9ng cho S\u00ea-ri KV-5000\/3000:<br \/>\n24 VDC (\u00b110%)<br \/>\nC\u1ea5u h\u00ecnh h\u1ec7 th\u1ed1ng s\u1eed d\u1ee5ng kh\u1ed1i m\u1edf r\u1ed9ng cho S\u00ea-ri KV-8000\/7000:<br \/>\n24 VDC (-15% +20%)<\/td>\n<\/tr>\n<tr class=\"specTable-row\">\n<td class=\"specTable-clm-1\" colspan=\"3\">Nhi\u1ec7t \u0111\u1ed9 xung quanh khi v\u1eadn h\u00e0nh<\/td>\n<td class=\"specTable-clm-4\">C\u1ea5u h\u00ecnh h\u1ec7 th\u1ed1ng s\u1eed d\u1ee5ng kh\u1ed1i m\u1edf r\u1ed9ng cho S\u00ea-ri KV-5000\/3000:<br \/>\n0 \u0111\u1ebfn +50\u00b0C<sup>*1<\/sup>\u00a0<sup>*2<\/sup>\u00a0(kh\u00f4ng \u0111\u00f3ng b\u0103ng)<br \/>\nC\u1ea5u h\u00ecnh h\u1ec7 th\u1ed1ng s\u1eed d\u1ee5ng kh\u1ed1i m\u1edf r\u1ed9ng duy nh\u1ea5t cho S\u00ea-ri KV-8000\/7000:<br \/>\n0 \u0111\u1ebfn +55\u00b0C<sup>*1<\/sup>\u00a0<sup>*2<\/sup>\u00a0(kh\u00f4ng \u0111\u00f3ng b\u0103ng)<\/td>\n<\/tr>\n<tr class=\"specTable-row\">\n<td class=\"specTable-clm-1\" colspan=\"3\">\u0110\u1ed9 \u1ea9m t\u01b0\u01a1ng \u0111\u1ed1i<\/td>\n<td class=\"specTable-clm-4\">C\u1ea5u h\u00ecnh h\u1ec7 th\u1ed1ng s\u1eed d\u1ee5ng kh\u1ed1i m\u1edf r\u1ed9ng cho S\u00ea-ri KV-5000\/3000:<br \/>\n10 \u0111\u1ebfn 95% RH<sup>*1<\/sup>\u00a0(kh\u00f4ng ng\u01b0ng t\u1ee5)<br \/>\nC\u1ea5u h\u00ecnh h\u1ec7 th\u1ed1ng s\u1eed d\u1ee5ng kh\u1ed1i m\u1edf r\u1ed9ng duy nh\u1ea5t cho S\u00ea-ri KV-8000\/7000:<br \/>\n5 \u0111\u1ebfn 95% RH<sup>*1<\/sup>\u00a0(kh\u00f4ng ng\u01b0ng t\u1ee5)<\/td>\n<\/tr>\n<tr class=\"specTable-row\">\n<td class=\"specTable-clm-1\" colspan=\"3\">\u0110\u1ed9 cao<\/td>\n<td class=\"specTable-clm-4\">C\u1ea5u h\u00ecnh h\u1ec7 th\u1ed1ng s\u1eed d\u1ee5ng kh\u1ed1i m\u1edf r\u1ed9ng cho S\u00ea-ri KV-5000\/3000:<br \/>\n-20 \u0111\u1ebfn +70\u00b0C<sup>*1<\/sup><br \/>\nC\u1ea5u h\u00ecnh h\u1ec7 th\u1ed1ng s\u1eed d\u1ee5ng kh\u1ed1i m\u1edf r\u1ed9ng duy nh\u1ea5t cho S\u00ea-ri KV-8000\/7000:<br \/>\n-25 \u0111\u1ebfn +75\u00b0C<sup>*1<\/sup><\/td>\n<\/tr>\n<tr class=\"specTable-row\">\n<td class=\"specTable-clm-1\" colspan=\"3\">M\u00f4i tr\u01b0\u1eddng v\u1eadn h\u00e0nh<\/td>\n<td class=\"specTable-clm-4\">Kh\u00f4ng c\u00f3 b\u1ee5i ho\u1eb7c kh\u00ed g\u00e2y \u0103n m\u00f2n<\/td>\n<\/tr>\n<tr class=\"specTable-row\">\n<td class=\"specTable-clm-1\" colspan=\"3\">\u0110\u1ed9 cao<\/td>\n<td class=\"specTable-clm-4\">T\u1eeb 2000 m tr\u1edf xu\u1ed1ng<\/td>\n<\/tr>\n<tr class=\"specTable-row\">\n<td class=\"specTable-clm-1\" colspan=\"3\">Lo\u1ea1i tr\u1eeb t\u1ea1p nhi\u1ec5u<\/td>\n<td class=\"specTable-clm-4\">T\u1eeb 1500 Vp-p tr\u1edf l\u00ean;<br \/>\nkho\u1ea3ng th\u1eddi gian xung: 1 \u00b5s, 50 ns (d\u1ef1a tr\u00ean b\u1ed9 m\u00f4 ph\u1ecfng nhi\u1ec3u);<br \/>\nph\u00f9 h\u1ee3p ti\u00eau chu\u1ea9n IEC (IEC61000-4-2\/3\/4\/6)<\/td>\n<\/tr>\n<tr class=\"specTable-row\">\n<td class=\"specTable-clm-1\" colspan=\"3\">\u0110i\u1ec7n \u00e1p ch\u1ed1ng ch\u1ecbu<\/td>\n<td class=\"specTable-clm-4\">1500 VAC cho m\u1ed9t ph\u00fat<br \/>\n(gi\u1eefa \u0111\u1ea7u cu\u1ed1i ngu\u1ed3n \u0111i\u1ec7n v\u00e0 c\u00e1c \u0111\u1ea7u cu\u1ed1i ng\u00f5 v\u00e0o\/ra,<br \/>\nc\u0169ng nh\u01b0 gi\u1eefa c\u00e1c \u0111\u1ea7u cu\u1ed1i b\u00ean ngo\u00e0i v\u00e0 v\u1ecf b\u1ecdc)<\/td>\n<\/tr>\n<tr class=\"specTable-row\">\n<td class=\"specTable-clm-1\" colspan=\"3\">C\u00e1ch \u0111i\u1ec7n<\/td>\n<td class=\"specTable-clm-4\">T\u1eeb 50 M\u2126 tr\u1edf l\u00ean<br \/>\n(gi\u1eefa \u0111\u1ea7u cu\u1ed1i ngu\u1ed3n \u0111i\u1ec7n v\u00e0 c\u00e1c \u0111\u1ea7u cu\u1ed1i ng\u00f5 v\u00e0o\/ra<br \/>\nc\u0169ng nh\u01b0 gi\u1eefa c\u00e1c \u0111\u1ea7u cu\u1ed1i b\u00ean ngo\u00e0i v\u00e0 v\u1ecf b\u1ecdc,<br \/>\nv\u1edbi Mega \u00d4m k\u1ebf 500 VDC)<\/td>\n<\/tr>\n<tr class=\"specTable-row\">\n<td class=\"specTable-clm-1\" rowspan=\"4\">Ch\u1ed1ng ch\u1ecbu rung<\/td>\n<td class=\"specTable-clm-2\" rowspan=\"2\">Rung \u0111\u1ed9ng c\u00e1ch qu\u00e3ng<\/td>\n<td class=\"specTable-clm-3\">5 \u0111\u1ebfn 9 Hz<\/td>\n<td class=\"specTable-clm-4\">N\u1eeda bi\u00ean \u0111\u1ed9: 3,5 mm<sup>*3<\/sup><\/td>\n<\/tr>\n<tr class=\"specTable-row\">\n<td class=\"specTable-clm-3\">9 \u0111\u1ebfn 150 Hz<\/td>\n<td class=\"specTable-clm-4\">Gia t\u1ed1c: 9,8 m\/s<sup>2<\/sup><sup>*3<\/sup><\/td>\n<\/tr>\n<tr class=\"specTable-row\">\n<td class=\"specTable-clm-2\" rowspan=\"2\">Rung \u0111\u1ed9ng li\u00ean t\u1ee5c<\/td>\n<td class=\"specTable-clm-3\">5 \u0111\u1ebfn 9 Hz<\/td>\n<td class=\"specTable-clm-4\">N\u1eeda bi\u00ean \u0111\u1ed9: 1,75 mm<sup>*3<\/sup><\/td>\n<\/tr>\n<tr class=\"specTable-row\">\n<td class=\"specTable-clm-3\">9 \u0111\u1ebfn 150 Hz<\/td>\n<td class=\"specTable-clm-4\">Gia t\u1ed1c: 4,9 m\/s<sup>2<\/sup><sup>*3<\/sup><\/td>\n<\/tr>\n<tr class=\"specTable-row\">\n<td class=\"specTable-clm-1\" colspan=\"3\">D\u00f2ng \u0111i\u1ec7n ti\u00eau th\u1ee5 b\u00ean trong<\/td>\n<td class=\"specTable-clm-4\">T\u1eeb 400 mA tr\u1edf xu\u1ed1ng<sup>*4<\/sup><\/td>\n<\/tr>\n<tr class=\"specTable-row\">\n<td class=\"specTable-clm-1\" colspan=\"3\">Ch\u1ed1ng ch\u1ecbu va \u0111\u1eadp<\/td>\n<td class=\"specTable-clm-4\">Gia t\u1ed1c: 150 m\/s<sup>2<\/sup>, Th\u1eddi gian v\u1eadn d\u1ee5ng: 11 ms,<br \/>\n2 l\u1ea7n cho m\u1ed7i h\u01b0\u1edbng X, Y v\u00e0 Z<\/td>\n<\/tr>\n<tr class=\"specTable-row\">\n<td class=\"specTable-clm-1\" colspan=\"3\">Lo\u1ea1i qu\u00e1 \u00e1p<\/td>\n<td class=\"specTable-clm-4\">I (II khi s\u1eed d\u1ee5ng KV-PU1)<\/td>\n<\/tr>\n<tr class=\"specTable-row\">\n<td class=\"specTable-clm-1\" colspan=\"3\">M\u1ee9c \u0111\u1ed9 \u00f4 nhi\u1ec5m<\/td>\n<td class=\"specTable-clm-4\">2<\/td>\n<\/tr>\n<tr class=\"specTable-row\">\n<td class=\"specTable-clm-0\">\u0110\u1eb7c \u0111i\u1ec3m k\u1ef9 thu\u1eadt chung<\/td>\n<td class=\"specTable-clm-1\" colspan=\"3\">Kh\u1ed1i l\u01b0\u1ee3ng<\/td>\n<td class=\"specTable-clm-4\">KV-8000: X\u1ea5p x\u1ec9 340 g,<br \/>\nKV-B1 (pin): X\u1ea5p x\u1ec9 10 g<\/td>\n<\/tr>\n<tr class=\"specTable-row\">\n<td class=\"specTable-clm-0\" rowspan=\"12\">Th\u00f4ng s\u1ed1 k\u1ef9 thu\u1eadt hi\u1ec7u su\u1ea5t<\/td>\n<td class=\"specTable-clm-1\" colspan=\"3\">Ph\u01b0\u01a1ng ph\u00e1p \u0111i\u1ec1u khi\u1ec3n t\u00ednh to\u00e1n<\/td>\n<td class=\"specTable-clm-4\">Ph\u01b0\u01a1ng ph\u00e1p l\u01b0u tr\u1eef ch\u01b0\u01a1ng tr\u00ecnh<\/td>\n<\/tr>\n<tr class=\"specTable-row\">\n<td class=\"specTable-clm-1\" colspan=\"3\">Ph\u01b0\u01a1ng ph\u00e1p \u0111i\u1ec1u khi\u1ec3n ng\u00f5 v\u00e0o\/ra<\/td>\n<td class=\"specTable-clm-4\">Ph\u01b0\u01a1ng ph\u00e1p l\u00e0m m\u1edbi<\/td>\n<\/tr>\n<tr class=\"specTable-row\">\n<td class=\"specTable-clm-1\" colspan=\"3\">Ng\u00f4n ng\u1eef l\u1eadp tr\u00ecnh<\/td>\n<td class=\"specTable-clm-4\">Thang m\u1edf r\u1ed9ng, t\u1eadp l\u1ec7nh KV, k\u00fd hi\u1ec7u d\u1ec5 nh\u1edb<\/td>\n<\/tr>\n<tr class=\"specTable-row\">\n<td class=\"specTable-clm-1\" colspan=\"3\">S\u1ed1 l\u1ec7nh<\/td>\n<td class=\"specTable-clm-4\">H\u01b0\u1edbng d\u1eabn c\u01a1 b\u1ea3n: 80 lo\u1ea1i, 181 h\u01b0\u1edbng d\u1eabn<br \/>\nH\u01b0\u1edbng d\u1eabn \u1ee9ng d\u1ee5ng: 50 lo\u1ea1i, 67 h\u01b0\u1edbng d\u1eabn<br \/>\nC\u00e1c h\u01b0\u1edbng d\u1eabn t\u00ednh to\u00e1n: 125 lo\u1ea1i, 318 h\u01b0\u1edbng d\u1eabn<br \/>\nC\u00e1c h\u01b0\u1edbng d\u1eabn m\u1edf r\u1ed9ng: 77 lo\u1ea1i, 132 h\u01b0\u1edbng d\u1eabn<br \/>\nT\u1ed5ng c\u1ed9ng: 332 lo\u1ea1i, 698 h\u01b0\u1edbng d\u1eabn<\/td>\n<\/tr>\n<tr class=\"specTable-row\">\n<td class=\"specTable-clm-1\" colspan=\"3\">T\u1ed1c \u0111\u1ed9 th\u1ef1c hi\u1ec7n l\u1ec7nh<\/td>\n<td class=\"specTable-clm-4\">H\u01b0\u1edbng d\u1eabn c\u01a1 b\u1ea3n: T\u1ed1i thi\u1ec3u 0,96 ns<br \/>\nH\u01b0\u1edbng d\u1eabn \u1ee9ng d\u1ee5ng: T\u1ed1i thi\u1ec3u 5,75 ns<br \/>\nL\u1ec7nh d\u1ea5u ph\u1ea9y \u0111\u1ed9ng c\u00f3 \u0111\u1ed9 ch\u00ednh x\u00e1c k\u00e9p: T\u1ed1i thi\u1ec3u 58 ns<\/td>\n<\/tr>\n<tr class=\"specTable-row\">\n<td class=\"specTable-clm-1\" colspan=\"3\">Dung l\u01b0\u1ee3ng b\u1ed9 nh\u1edb CPU<\/td>\n<td class=\"specTable-clm-4\">64 MB<\/td>\n<\/tr>\n<tr class=\"specTable-row\">\n<td class=\"specTable-clm-1\" colspan=\"3\">S\u1ee9c ch\u1ee9a ch\u01b0\u01a1ng tr\u00ecnh<\/td>\n<td class=\"specTable-clm-4\">X\u1ea5p x\u1ec9 1500 k b\u01b0\u1edbc<\/td>\n<\/tr>\n<tr class=\"specTable-row\">\n<td class=\"specTable-clm-1\" colspan=\"3\">S\u1ed1 l\u01b0\u1ee3ng \u0111\u01a1n v\u1ecb t\u1ed1i \u0111a \u0111\u01b0\u1ee3c c\u00e0i \u0111\u1eb7t<\/td>\n<td class=\"specTable-clm-4\">16 thi\u1ebft b\u1ecb (Ch\u1ec9 kh\u1ed1i m\u1edf r\u1ed9ng S\u00ea-ri KV-8000\/7000),<br \/>\n48 thi\u1ebft b\u1ecb (Kh\u1ed1i m\u1edf r\u1ed9ng S\u00ea-ri KV-8000\/7000,<br \/>\nkh\u1ed1i m\u1edf r\u1ed9ng S\u00ea-ri Kv-5000\/3000<br \/>\n(khi kh\u1ed1i m\u1edf r\u1ed9ng (KV-EB1) \u0111\u01b0\u1ee3c s\u1eed d\u1ee5ng))<\/td>\n<\/tr>\n<tr class=\"specTable-row\">\n<td class=\"specTable-clm-1\" colspan=\"3\">S\u1ed1 \u0111i\u1ec3m ng\u00f5 v\u00e0o\/ra t\u1ed1i \u0111a<\/td>\n<td class=\"specTable-clm-4\">T\u1ed1i \u0111a 3072 \u0111i\u1ec3m khi m\u1edf r\u1ed9ng<br \/>\n(KV-EB1S\/KV-EB1R: 2 kh\u1ed1i \u0111\u01b0\u1ee3c s\u1eed d\u1ee5ng, kh\u1ed1i 64 \u0111i\u1ec3m \u0111\u01b0\u1ee3c s\u1eed d\u1ee5ng)<\/td>\n<\/tr>\n<tr class=\"specTable-row\">\n<td class=\"specTable-clm-1\" rowspan=\"3\">Thi\u1ebft b\u1ecb bit<\/td>\n<td class=\"specTable-clm-2\" colspan=\"2\">R\u01a1-le ng\u00f5 v\u00e0o R<\/td>\n<td class=\"specTable-clm-4\" rowspan=\"3\">T\u1ed5ng c\u1ed9ng 32000 \u0111i\u1ec3m 1 bit<\/td>\n<\/tr>\n<tr class=\"specTable-row\">\n<td class=\"specTable-clm-2\" colspan=\"2\">R\u01a1-le ng\u00f5 ra R<\/td>\n<\/tr>\n<tr class=\"specTable-row\">\n<td class=\"specTable-clm-2\" colspan=\"2\">R\u01a1-le h\u1ed7 tr\u1ee3 trong R<\/td>\n<\/tr>\n<tr class=\"specTable-row\">\n<td class=\"specTable-clm-0\">\u0110\u1eb7c \u0111i\u1ec3m k\u1ef9 thu\u1eadt hi\u1ec7u su\u1ea5t<\/td>\n<td class=\"specTable-clm-1\" colspan=\"3\">Ch\u1ee9c n\u0103ng t\u1ef1 ch\u1ea9n \u0111o\u00e1n<\/td>\n<td class=\"specTable-clm-4\">L\u1ed7i CPU, l\u1ed7i RAM v\u00e0 c\u00e1c v\u1ea5n \u0111\u1ec1 kh\u00e1c<\/td>\n<\/tr>\n<tr class=\"specTable-row\">\n<td class=\"specTable-clm-0\" rowspan=\"19\">Th\u00f4ng s\u1ed1 k\u1ef9 thu\u1eadt hi\u1ec7u su\u1ea5t<\/td>\n<td class=\"specTable-clm-1\" rowspan=\"4\">Thi\u1ebft b\u1ecb bit<\/td>\n<td class=\"specTable-clm-2\" colspan=\"2\">R\u01a1-le li\u00ean k\u1ebft B<\/td>\n<td class=\"specTable-clm-4\">32768 \u0111i\u1ec3m 1 bit<\/td>\n<\/tr>\n<tr class=\"specTable-row\">\n<td class=\"specTable-clm-2\" colspan=\"2\">R\u01a1-le h\u1ed7 tr\u1ee3 trong MR<\/td>\n<td class=\"specTable-clm-4\">64000 \u0111i\u1ec3m 1 bit<\/td>\n<\/tr>\n<tr class=\"specTable-row\">\n<td class=\"specTable-clm-2\" colspan=\"2\">R\u01a1-le ch\u1ed1t LR<\/td>\n<td class=\"specTable-clm-4\">16000 \u0111i\u1ec3m 1 bit<\/td>\n<\/tr>\n<tr class=\"specTable-row\">\n<td class=\"specTable-clm-2\" colspan=\"2\">R\u01a1-le \u0111i\u1ec1u khi\u1ec3n CR<\/td>\n<td class=\"specTable-clm-4\">1280 \u0111i\u1ec3m 1 bit<\/td>\n<\/tr>\n<tr class=\"specTable-row\">\n<td class=\"specTable-clm-1\" rowspan=\"10\">Thi\u1ebft b\u1ecb t\u1eeb<\/td>\n<td class=\"specTable-clm-2\" colspan=\"2\">B\u1ed9 h\u1eb9n gi\u1edd T<\/td>\n<td class=\"specTable-clm-4\" rowspan=\"2\">4000 \u0111i\u1ec3m 32 bit<\/td>\n<\/tr>\n<tr class=\"specTable-row\">\n<td class=\"specTable-clm-2\" colspan=\"2\">B\u1ed9 \u0111\u1ebfm C<\/td>\n<\/tr>\n<tr class=\"specTable-row\">\n<td class=\"specTable-clm-2\" colspan=\"2\">B\u1ed9 nh\u1edb d\u1eef li\u1ec7u DM<\/td>\n<td class=\"specTable-clm-4\" rowspan=\"2\">65535 \u0111i\u1ec3m 16 bit<\/td>\n<\/tr>\n<tr class=\"specTable-row\">\n<td class=\"specTable-clm-2\" colspan=\"2\">B\u1ed9 nh\u1edb d\u1eef li\u1ec7u m\u1edf r\u1ed9ng EM<\/td>\n<\/tr>\n<tr class=\"specTable-row\">\n<td class=\"specTable-clm-2\" rowspan=\"2\">\u0110\u0103ng k\u00fd t\u1eadp tin<\/td>\n<td class=\"specTable-clm-3\">Ng\u00e2n h\u00e0ng hi\u1ec7n t\u1ea1i FM<\/td>\n<td class=\"specTable-clm-4\" rowspan=\"2\">524288 \u0111i\u1ec3m 16 bit<\/td>\n<\/tr>\n<tr class=\"specTable-row\">\n<td class=\"specTable-clm-3\">Ch\u1ebf \u0111\u1ed9 xoay s\u1ed1<\/td>\n<\/tr>\n<tr class=\"specTable-row\">\n<td class=\"specTable-clm-2\" colspan=\"2\">\u0110\u0103ng k\u00fd li\u00ean k\u1ebft W<\/td>\n<td class=\"specTable-clm-4\">32768 \u0111i\u1ec3m 16 bit<\/td>\n<\/tr>\n<tr class=\"specTable-row\">\n<td class=\"specTable-clm-2\" colspan=\"2\">B\u1ed9 nh\u1edb t\u1ea1m th\u1eddi TM<\/td>\n<td class=\"specTable-clm-4\">512 \u0111i\u1ec3m 16 bit<\/td>\n<\/tr>\n<tr class=\"specTable-row\">\n<td class=\"specTable-clm-2\" colspan=\"2\">\u0110\u0103ng k\u00fd ch\u1ec9 m\u1ee5c Z<\/td>\n<td class=\"specTable-clm-4\">12 \u0111i\u1ec3m 32 bit<\/td>\n<\/tr>\n<tr class=\"specTable-row\">\n<td class=\"specTable-clm-2\" colspan=\"2\">B\u1ed9 nh\u1edb \u0111i\u1ec1u khi\u1ec3n CM<\/td>\n<td class=\"specTable-clm-4\">7600 \u0111i\u1ec3m 16 bit<\/td>\n<\/tr>\n<tr class=\"specTable-row\">\n<td class=\"specTable-clm-1\" rowspan=\"2\">S\u1ed1 l\u01b0\u1ee3ng ch\u00fa gi\u1ea3i\/nh\u00e3n \u0111\u01b0\u1ee3c l\u01b0u tr\u1eef trong thi\u1ebft b\u1ecb ch\u00ednh<\/td>\n<td class=\"specTable-clm-2\" colspan=\"2\">Ch\u00fa gi\u1ea3i thi\u1ebft b\u1ecb<\/td>\n<td class=\"specTable-clm-4\">X\u1ea5p x\u1ec9 224000<\/td>\n<\/tr>\n<tr class=\"specTable-row\">\n<td class=\"specTable-clm-2\" colspan=\"2\">Nh\u00e3n<\/td>\n<td class=\"specTable-clm-4\">X\u1ea5p x\u1ec9 285000<\/td>\n<\/tr>\n<tr class=\"specTable-row\">\n<td class=\"specTable-clm-1\" rowspan=\"3\">Ch\u1ee9c n\u0103ng t\u1eaft ngu\u1ed3n<\/td>\n<td class=\"specTable-clm-2\" colspan=\"2\">B\u1ed9 nh\u1edb ch\u01b0\u01a1ng tr\u00ecnh<\/td>\n<td class=\"specTable-clm-4\">Flash ROM c\u00f3 th\u1ec3 ghi \u0111\u01b0\u1ee3c 10000 l\u1ea7n<\/td>\n<\/tr>\n<tr class=\"specTable-row\">\n<td class=\"specTable-clm-2\" colspan=\"2\">Thi\u1ebft b\u1ecb<\/td>\n<td class=\"specTable-clm-4\">RAM \u0111i\u1ec7n t\u0129nh<\/td>\n<\/tr>\n<tr class=\"specTable-row\">\n<td class=\"specTable-clm-2\" colspan=\"2\">Calendar clock<\/td>\n<td class=\"specTable-clm-4\">T\u1ee5 \u0111i\u1ec7n d\u1ef1 ph\u00f2ng k\u00e9o d\u00e0i x\u1ea5p x\u1ec9 15 ng\u00e0y (\u1edf 25\u00b0C)<br \/>\n(X\u1ea5p x\u1ec9 5 n\u0103m v\u1edbi KV-B1 (pin) (\u1edf 25\u00b0C))<\/td>\n<\/tr>\n<tr class=\"specTable-foot\">\n<td class=\"specTable-clm-0\" colspan=\"5\"><sup>*1<\/sup>\u00a0Ph\u1ea1m vi \u0111\u1ea3m b\u1ea3o trong \u0111\u00f3 h\u1ec7 th\u1ed1ng c\u00f3 th\u1ec3 \u0111\u01b0\u1ee3c s\u1eed d\u1ee5ng.<br \/>\n<sup>*2<\/sup>\u00a0\u0110\u01b0\u1ee3c ch\u1ec9 \u0111\u1ecbnh theo nhi\u1ec7t \u0111\u1ed9 trong b\u1ea3ng \u0111i\u1ec1u khi\u1ec3n \u1edf ph\u00eda d\u01b0\u1edbi c\u1ee7a thi\u1ebft b\u1ecb.<br \/>\n<sup>*3<\/sup>\u00a0T\u01b0\u01a1ng th\u00edch v\u1edbi JIS B 3502 v\u00e0 IEC61131-2, Th\u1eddi gian qu\u00e9t: 10 l\u1ea7n cho m\u1ed7i h\u01b0\u1edbng X, Y v\u00e0 Z (trong 100 ph\u00fat)<br \/>\n<sup>*4<\/sup>\u00a0D\u00f2ng \u0111i\u1ec7n ti\u00eau th\u1ee5 t\u1ed1i \u0111a l\u00e0 3,2 A khi s\u1eed d\u1ee5ng kh\u1ed1i m\u1edf r\u1ed9ng.<\/td>\n<\/tr>\n<\/tbody>\n<\/table>\n<\/div>\n<\/div>\n<\/div>\n","protected":false},"excerpt":{"rendered":"<p>KEYENCE KV-8000 Th\u00f4ng s\u1ed1 k\u1ef9 thu\u1eadt M\u1eabu KV-8000 Th\u00f4ng s\u1ed1 k\u1ef9 thu\u1eadt chung \u0110i\u1ec7n \u00e1p ngu\u1ed3n C\u1ea5u h\u00ecnh h\u1ec7 th\u1ed1ng s\u1eed d\u1ee5ng kh\u1ed1i m\u1edf r\u1ed9ng cho S\u00ea-ri KV-5000\/3000: 24 VDC (\u00b110%) C\u1ea5u h\u00ecnh h\u1ec7 th\u1ed1ng s\u1eed d\u1ee5ng kh\u1ed1i m\u1edf r\u1ed9ng cho S\u00ea-ri KV-8000\/7000: 24 VDC (-15% +20%) Nhi\u1ec7t \u0111\u1ed9 xung&hellip; <\/p>\n","protected":false},"featured_media":3228,"comment_status":"open","ping_status":"closed","template":"","meta":[],"product_cat":[292],"product_tag":[167,114,113],"class_list":{"0":"post-3227","1":"product","2":"type-product","3":"status-publish","4":"has-post-thumbnail","6":"product_cat-keyence","7":"product_tag-bo-dieu-khien","8":"product_tag-dai-ly-keyence-viet-nam","9":"product_tag-keyence-viet-nam","11":"first","12":"instock","13":"shipping-taxable","14":"product-type-simple"},"yoast_head":"<!-- This site is optimized with the Yoast SEO plugin v22.8 - https:\/\/yoast.com\/wordpress\/plugins\/seo\/ -->\n<title>KEYENCE KV-8000 - OMANI VI\u1ec6T NAM<\/title>\n<meta name=\"description\" content=\"KV-8000 Series Programmable Logic Controller KEYENCE\" \/>\n<meta name=\"robots\" content=\"index, follow, max-snippet:-1, max-image-preview:large, max-video-preview:-1\" \/>\n<link rel=\"canonical\" href=\"https:\/\/omanivietnam.com\/index.php\/san-pham\/keyence-kv-8000\/\" \/>\n<meta property=\"og:locale\" content=\"vi_VN\" \/>\n<meta property=\"og:type\" content=\"article\" \/>\n<meta property=\"og:title\" content=\"KEYENCE KV-8000 - OMANI VI\u1ec6T NAM\" \/>\n<meta property=\"og:description\" content=\"KV-8000 Series Programmable Logic Controller KEYENCE\" \/>\n<meta property=\"og:url\" content=\"https:\/\/omanivietnam.com\/index.php\/san-pham\/keyence-kv-8000\/\" \/>\n<meta property=\"og:site_name\" content=\"OMANI VI\u1ec6T NAM\" \/>\n<meta property=\"article:modified_time\" content=\"2025-02-19T14:27:40+00:00\" \/>\n<meta property=\"og:image\" content=\"https:\/\/omanivietnam.com\/wp-content\/uploads\/2025\/02\/KV-8000.png\" \/>\n\t<meta property=\"og:image:width\" content=\"623\" \/>\n\t<meta property=\"og:image:height\" content=\"530\" \/>\n\t<meta property=\"og:image:type\" content=\"image\/png\" \/>\n<meta name=\"twitter:card\" content=\"summary_large_image\" \/>\n<meta name=\"twitter:label1\" content=\"\u01af\u1edbc t\u00ednh th\u1eddi gian \u0111\u1ecdc\" \/>\n\t<meta name=\"twitter:data1\" content=\"6 ph\u00fat\" \/>\n<script type=\"application\/ld+json\" class=\"yoast-schema-graph\">{\"@context\":\"https:\/\/schema.org\",\"@graph\":[{\"@type\":\"WebPage\",\"@id\":\"https:\/\/omanivietnam.com\/index.php\/san-pham\/keyence-kv-8000\/\",\"url\":\"https:\/\/omanivietnam.com\/index.php\/san-pham\/keyence-kv-8000\/\",\"name\":\"KEYENCE KV-8000 - OMANI VI\u1ec6T NAM\",\"isPartOf\":{\"@id\":\"https:\/\/omanivietnam.com\/#website\"},\"primaryImageOfPage\":{\"@id\":\"https:\/\/omanivietnam.com\/index.php\/san-pham\/keyence-kv-8000\/#primaryimage\"},\"image\":{\"@id\":\"https:\/\/omanivietnam.com\/index.php\/san-pham\/keyence-kv-8000\/#primaryimage\"},\"thumbnailUrl\":\"https:\/\/omanivietnam.com\/wp-content\/uploads\/2025\/02\/KV-8000.png\",\"datePublished\":\"2025-02-19T14:27:39+00:00\",\"dateModified\":\"2025-02-19T14:27:40+00:00\",\"description\":\"KV-8000 Series Programmable Logic Controller KEYENCE\",\"breadcrumb\":{\"@id\":\"https:\/\/omanivietnam.com\/index.php\/san-pham\/keyence-kv-8000\/#breadcrumb\"},\"inLanguage\":\"vi\",\"potentialAction\":[{\"@type\":\"ReadAction\",\"target\":[\"https:\/\/omanivietnam.com\/index.php\/san-pham\/keyence-kv-8000\/\"]}]},{\"@type\":\"ImageObject\",\"inLanguage\":\"vi\",\"@id\":\"https:\/\/omanivietnam.com\/index.php\/san-pham\/keyence-kv-8000\/#primaryimage\",\"url\":\"https:\/\/omanivietnam.com\/wp-content\/uploads\/2025\/02\/KV-8000.png\",\"contentUrl\":\"https:\/\/omanivietnam.com\/wp-content\/uploads\/2025\/02\/KV-8000.png\",\"width\":623,\"height\":530},{\"@type\":\"BreadcrumbList\",\"@id\":\"https:\/\/omanivietnam.com\/index.php\/san-pham\/keyence-kv-8000\/#breadcrumb\",\"itemListElement\":[{\"@type\":\"ListItem\",\"position\":1,\"name\":\"Home\",\"item\":\"https:\/\/omanivietnam.com\/\"},{\"@type\":\"ListItem\",\"position\":2,\"name\":\"S\u1ea2N PH\u1ea8M\",\"item\":\"https:\/\/omanivietnam.com\/index.php\/cua-hang\/\"},{\"@type\":\"ListItem\",\"position\":3,\"name\":\"KEYENCE KV-8000\"}]},{\"@type\":\"WebSite\",\"@id\":\"https:\/\/omanivietnam.com\/#website\",\"url\":\"https:\/\/omanivietnam.com\/\",\"name\":\"OMANI VI\u1ec6T NAM\",\"description\":\"Nh\u00e0 ph\u00e2n ph\u1ed1i thi\u1ebft b\u1ecb kh\u00ed n\u00e9n v\u00e0 thi\u1ebft b\u1ecb t\u1ef1 \u0111\u1ed9ng h\u00f3a trong c\u00f4ng nghi\u1ec7p\",\"publisher\":{\"@id\":\"https:\/\/omanivietnam.com\/#\/schema\/person\/0ad398a980dc3fd696111c2c5c8fa897\"},\"potentialAction\":[{\"@type\":\"SearchAction\",\"target\":{\"@type\":\"EntryPoint\",\"urlTemplate\":\"https:\/\/omanivietnam.com\/?s={search_term_string}\"},\"query-input\":\"required name=search_term_string\"}],\"inLanguage\":\"vi\"},{\"@type\":[\"Person\",\"Organization\"],\"@id\":\"https:\/\/omanivietnam.com\/#\/schema\/person\/0ad398a980dc3fd696111c2c5c8fa897\",\"name\":\"Nguy\u1ec5n V\u0103n Kh\u00e1nh\",\"image\":{\"@type\":\"ImageObject\",\"inLanguage\":\"vi\",\"@id\":\"https:\/\/omanivietnam.com\/#\/schema\/person\/image\/\",\"url\":\"https:\/\/omanivietnam.com\/wp-content\/uploads\/2024\/06\/logo-1024x1024.png\",\"contentUrl\":\"https:\/\/omanivietnam.com\/wp-content\/uploads\/2024\/06\/logo-1024x1024.png\",\"width\":1024,\"height\":1024,\"caption\":\"Nguy\u1ec5n V\u0103n Kh\u00e1nh\"},\"logo\":{\"@id\":\"https:\/\/omanivietnam.com\/#\/schema\/person\/image\/\"},\"sameAs\":[\"https:\/\/omanivietnam.com\"]}]}<\/script>\n<!-- \/ Yoast SEO plugin. -->","yoast_head_json":{"title":"KEYENCE KV-8000 - OMANI VI\u1ec6T NAM","description":"KV-8000 Series Programmable Logic Controller KEYENCE","robots":{"index":"index","follow":"follow","max-snippet":"max-snippet:-1","max-image-preview":"max-image-preview:large","max-video-preview":"max-video-preview:-1"},"canonical":"https:\/\/omanivietnam.com\/index.php\/san-pham\/keyence-kv-8000\/","og_locale":"vi_VN","og_type":"article","og_title":"KEYENCE KV-8000 - OMANI VI\u1ec6T NAM","og_description":"KV-8000 Series Programmable Logic Controller KEYENCE","og_url":"https:\/\/omanivietnam.com\/index.php\/san-pham\/keyence-kv-8000\/","og_site_name":"OMANI VI\u1ec6T NAM","article_modified_time":"2025-02-19T14:27:40+00:00","og_image":[{"width":623,"height":530,"url":"https:\/\/omanivietnam.com\/wp-content\/uploads\/2025\/02\/KV-8000.png","type":"image\/png"}],"twitter_card":"summary_large_image","twitter_misc":{"\u01af\u1edbc t\u00ednh th\u1eddi gian \u0111\u1ecdc":"6 ph\u00fat"},"schema":{"@context":"https:\/\/schema.org","@graph":[{"@type":"WebPage","@id":"https:\/\/omanivietnam.com\/index.php\/san-pham\/keyence-kv-8000\/","url":"https:\/\/omanivietnam.com\/index.php\/san-pham\/keyence-kv-8000\/","name":"KEYENCE KV-8000 - OMANI VI\u1ec6T NAM","isPartOf":{"@id":"https:\/\/omanivietnam.com\/#website"},"primaryImageOfPage":{"@id":"https:\/\/omanivietnam.com\/index.php\/san-pham\/keyence-kv-8000\/#primaryimage"},"image":{"@id":"https:\/\/omanivietnam.com\/index.php\/san-pham\/keyence-kv-8000\/#primaryimage"},"thumbnailUrl":"https:\/\/omanivietnam.com\/wp-content\/uploads\/2025\/02\/KV-8000.png","datePublished":"2025-02-19T14:27:39+00:00","dateModified":"2025-02-19T14:27:40+00:00","description":"KV-8000 Series Programmable Logic Controller KEYENCE","breadcrumb":{"@id":"https:\/\/omanivietnam.com\/index.php\/san-pham\/keyence-kv-8000\/#breadcrumb"},"inLanguage":"vi","potentialAction":[{"@type":"ReadAction","target":["https:\/\/omanivietnam.com\/index.php\/san-pham\/keyence-kv-8000\/"]}]},{"@type":"ImageObject","inLanguage":"vi","@id":"https:\/\/omanivietnam.com\/index.php\/san-pham\/keyence-kv-8000\/#primaryimage","url":"https:\/\/omanivietnam.com\/wp-content\/uploads\/2025\/02\/KV-8000.png","contentUrl":"https:\/\/omanivietnam.com\/wp-content\/uploads\/2025\/02\/KV-8000.png","width":623,"height":530},{"@type":"BreadcrumbList","@id":"https:\/\/omanivietnam.com\/index.php\/san-pham\/keyence-kv-8000\/#breadcrumb","itemListElement":[{"@type":"ListItem","position":1,"name":"Home","item":"https:\/\/omanivietnam.com\/"},{"@type":"ListItem","position":2,"name":"S\u1ea2N PH\u1ea8M","item":"https:\/\/omanivietnam.com\/index.php\/cua-hang\/"},{"@type":"ListItem","position":3,"name":"KEYENCE KV-8000"}]},{"@type":"WebSite","@id":"https:\/\/omanivietnam.com\/#website","url":"https:\/\/omanivietnam.com\/","name":"OMANI VI\u1ec6T NAM","description":"Nh\u00e0 ph\u00e2n ph\u1ed1i thi\u1ebft b\u1ecb kh\u00ed n\u00e9n v\u00e0 thi\u1ebft b\u1ecb t\u1ef1 \u0111\u1ed9ng h\u00f3a trong c\u00f4ng nghi\u1ec7p","publisher":{"@id":"https:\/\/omanivietnam.com\/#\/schema\/person\/0ad398a980dc3fd696111c2c5c8fa897"},"potentialAction":[{"@type":"SearchAction","target":{"@type":"EntryPoint","urlTemplate":"https:\/\/omanivietnam.com\/?s={search_term_string}"},"query-input":"required name=search_term_string"}],"inLanguage":"vi"},{"@type":["Person","Organization"],"@id":"https:\/\/omanivietnam.com\/#\/schema\/person\/0ad398a980dc3fd696111c2c5c8fa897","name":"Nguy\u1ec5n V\u0103n Kh\u00e1nh","image":{"@type":"ImageObject","inLanguage":"vi","@id":"https:\/\/omanivietnam.com\/#\/schema\/person\/image\/","url":"https:\/\/omanivietnam.com\/wp-content\/uploads\/2024\/06\/logo-1024x1024.png","contentUrl":"https:\/\/omanivietnam.com\/wp-content\/uploads\/2024\/06\/logo-1024x1024.png","width":1024,"height":1024,"caption":"Nguy\u1ec5n V\u0103n Kh\u00e1nh"},"logo":{"@id":"https:\/\/omanivietnam.com\/#\/schema\/person\/image\/"},"sameAs":["https:\/\/omanivietnam.com"]}]}},"_links":{"self":[{"href":"https:\/\/omanivietnam.com\/index.php\/wp-json\/wp\/v2\/product\/3227","targetHints":{"allow":["GET"]}}],"collection":[{"href":"https:\/\/omanivietnam.com\/index.php\/wp-json\/wp\/v2\/product"}],"about":[{"href":"https:\/\/omanivietnam.com\/index.php\/wp-json\/wp\/v2\/types\/product"}],"replies":[{"embeddable":true,"href":"https:\/\/omanivietnam.com\/index.php\/wp-json\/wp\/v2\/comments?post=3227"}],"wp:featuredmedia":[{"embeddable":true,"href":"https:\/\/omanivietnam.com\/index.php\/wp-json\/wp\/v2\/media\/3228"}],"wp:attachment":[{"href":"https:\/\/omanivietnam.com\/index.php\/wp-json\/wp\/v2\/media?parent=3227"}],"wp:term":[{"taxonomy":"product_cat","embeddable":true,"href":"https:\/\/omanivietnam.com\/index.php\/wp-json\/wp\/v2\/product_cat?post=3227"},{"taxonomy":"product_tag","embeddable":true,"href":"https:\/\/omanivietnam.com\/index.php\/wp-json\/wp\/v2\/product_tag?post=3227"}],"curies":[{"name":"wp","href":"https:\/\/api.w.org\/{rel}","templated":true}]}}