{"id":3254,"date":"2025-02-24T18:15:40","date_gmt":"2025-02-24T11:15:40","guid":{"rendered":"https:\/\/omanivietnam.com\/?post_type=product&#038;p=3254"},"modified":"2025-02-24T18:15:40","modified_gmt":"2025-02-24T11:15:40","slug":"thk-hsr55cb2ss2580l","status":"publish","type":"product","link":"https:\/\/omanivietnam.com\/index.php\/san-pham\/thk-hsr55cb2ss2580l\/","title":{"rendered":"THK HSR55CB2SS+2580L"},"content":{"rendered":"<p>THK HSR55CB2SS+2580L<\/p>\n<p>THK HSR55CB2SS-2580L-G30<\/p>\n<p>THK HSR55CB2SS+2580L (g=G=30mm)<\/p>\n<p>THK HSR55CB2SS+1280L (g=50,G=30mm)<\/p>\n<p>THK HSR45LR+460L<\/p>\n<p>THK HSR30LR1SS+460L<\/p>\n<p>Th\u00f4ng s\u1ed1 k\u1ef9 thu\u1eadt HSR-CB Block trong s\u1ea3n ph\u1ea9m THK\u2019s Global Standard LM Guide<\/p>\n<table class=\"col-xs-12 col-md-8\">\n<tbody>\n<tr>\n<td rowspan=\"4\">Model No.<\/td>\n<td colspan=\"3\" rowspan=\"2\">Outer dimensions<\/td>\n<td colspan=\"3\" rowspan=\"2\">Block dimensions<\/td>\n<td colspan=\"2\" rowspan=\"2\">Rail dimensions<\/td>\n<td colspan=\"2\">Basic load rating<\/td>\n<\/tr>\n<tr>\n<td colspan=\"2\">Radial<\/td>\n<\/tr>\n<tr>\n<td>Height<br \/>\nM<\/td>\n<td>Width<br \/>\nW<\/td>\n<td>Length<br \/>\nL<\/td>\n<td>B<\/td>\n<td>C<\/td>\n<td>H<\/td>\n<td>Pitch<br \/>\nF<\/td>\n<td>d<sub>1<\/sub>xd<sub>2<\/sub>xh<\/td>\n<td>Dynamic<br \/>\nC<\/td>\n<td>Static<br \/>\nC<sub>0<\/sub><\/td>\n<\/tr>\n<tr>\n<td>mm<\/td>\n<td>mm<\/td>\n<td>mm<\/td>\n<td>mm<\/td>\n<td>mm<\/td>\n<td>mm<\/td>\n<td>mm<\/td>\n<td>mm<\/td>\n<td>kN<\/td>\n<td>kN<\/td>\n<\/tr>\n<tr>\n<td>HSR20CB<\/td>\n<td>30<\/td>\n<td>63<\/td>\n<td>74<\/td>\n<td>53<\/td>\n<td>40<\/td>\n<td>6<\/td>\n<td>60<\/td>\n<td>6\u00d79.5\u00d78.5<\/td>\n<td>19.8<\/td>\n<td>27.4<\/td>\n<\/tr>\n<tr>\n<td>HSR25CB<\/td>\n<td>36<\/td>\n<td>70<\/td>\n<td>83.1<\/td>\n<td>57<\/td>\n<td>45<\/td>\n<td>7<\/td>\n<td>60<\/td>\n<td>7x11x9<\/td>\n<td>27.6<\/td>\n<td>36.4<\/td>\n<\/tr>\n<tr>\n<td>HSR30CB<\/td>\n<td>42<\/td>\n<td>90<\/td>\n<td>98<\/td>\n<td>72<\/td>\n<td>52<\/td>\n<td>9<\/td>\n<td>80<\/td>\n<td>9x14x12<\/td>\n<td>40.5<\/td>\n<td>53.7<\/td>\n<\/tr>\n<tr>\n<td>HSR35CB<\/td>\n<td>48<\/td>\n<td>100<\/td>\n<td>109.4<\/td>\n<td>82<\/td>\n<td>62<\/td>\n<td>9<\/td>\n<td>80<\/td>\n<td>9x14x12<\/td>\n<td>53.9<\/td>\n<td>70.2<\/td>\n<\/tr>\n<tr>\n<td>HSR45CB<\/td>\n<td>60<\/td>\n<td>120<\/td>\n<td>139<\/td>\n<td>100<\/td>\n<td>80<\/td>\n<td>11<\/td>\n<td>105<\/td>\n<td>14x20x17<\/td>\n<td>82.2<\/td>\n<td>101<\/td>\n<\/tr>\n<tr>\n<td>HSR55CB<\/td>\n<td>70<\/td>\n<td>140<\/td>\n<td>163<\/td>\n<td>116<\/td>\n<td>95<\/td>\n<td>14<\/td>\n<td>120<\/td>\n<td>16x23x20<\/td>\n<td>121<\/td>\n<td>146<\/td>\n<\/tr>\n<tr>\n<td>HSR65CB<\/td>\n<td>90<\/td>\n<td>170<\/td>\n<td>186<\/td>\n<td>142<\/td>\n<td>10<\/td>\n<td>16<\/td>\n<td>150<\/td>\n<td>18x26x22<\/td>\n<td>195<\/td>\n<td>228<\/td>\n<\/tr>\n<\/tbody>\n<\/table>\n<p>Application of THK THK HSR55CB<br \/>\n1. THK HSR55CB THK\u2019s linear motion system helps to provide a guide device that enables this precision and speed to be realized.<br \/>\n2. THK HSR55CB In order to repeat the production of this advanced product, the LM guide and ball screw in the milling machine guide system which don\u2019t waste of action<br \/>\n3. The LM guide and ball screw are indispensable for the movement of the tool section of the lathe because of its high rigidity and high precision.<br \/>\n4. By combining LM guides and ball screws with lubrication parts, we can reduce system design work and assembly steps, and extend the interval needed for maintenance.<br \/>\n5. Frequent earthquakes have caused great concern among residents in some regions. The vibration control system of THK THK HSR55CB can help solve the problem.<br \/>\nThe system is based on the application technology of LM guide ball screw. It can provide protection to people\u2019s life and life in earthquake. The system can not only prevent the damage caused by the earthquake, but also reduce people\u2019s panic because of its omnipresent, reliable and durable.<\/p>\n<p>&nbsp;<\/p>\n<p>\u0110\u1ea1i l\u00fd THK vietnam, THK viet nam, THK vietnam distributor, Ph\u00e2n ph\u1ed1i THK t\u1ea1i vi\u1ec7t nam<\/p>\n<p>\u0110\u1ea1i l\u00fd THK vietnam, THK viet nam, THK vietnam distributor, Ph\u00e2n ph\u1ed1i THK t\u1ea1i vi\u1ec7t nam<\/p>\n<p>\u0110\u1ea1i l\u00fd THK vietnam, THK viet nam, THK vietnam distributor, Ph\u00e2n ph\u1ed1i THK t\u1ea1i vi\u1ec7t nam<\/p>\n<p>\u0110\u1ea1i l\u00fd THK vietnam, THK viet nam, THK vietnam distributor, Ph\u00e2n ph\u1ed1i THK t\u1ea1i vi\u1ec7t nam<\/p>\n<p>\u0110\u1ea1i l\u00fd THK vietnam, THK viet nam, THK vietnam distributor, Ph\u00e2n ph\u1ed1i THK t\u1ea1i vi\u1ec7t nam<\/p>\n","protected":false},"excerpt":{"rendered":"<p>THK HSR55CB2SS+2580L THK HSR55CB2SS-2580L-G30 THK HSR55CB2SS+2580L (g=G=30mm) THK HSR55CB2SS+1280L (g=50,G=30mm) THK HSR45LR+460L THK HSR30LR1SS+460L Th\u00f4ng s\u1ed1 k\u1ef9 thu\u1eadt HSR-CB Block trong s\u1ea3n ph\u1ea9m THK\u2019s Global Standard LM Guide Model No. Outer dimensions Block dimensions Rail dimensions Basic load rating Radial Height M Width W Length L B C H Pitch&hellip; <\/p>\n","protected":false},"featured_media":3255,"comment_status":"open","ping_status":"closed","template":"","meta":[],"product_cat":[357],"product_tag":[359,618,467,358],"class_list":{"0":"post-3254","1":"product","2":"type-product","3":"status-publish","4":"has-post-thumbnail","6":"product_cat-thk","7":"product_tag-dai-ly-thk-viet-nam","8":"product_tag-linear-guide","9":"product_tag-thanh-dan-huong","10":"product_tag-thk-viet-nam","12":"first","13":"instock","14":"shipping-taxable","15":"product-type-simple"},"yoast_head":"<!-- This site is optimized with the Yoast SEO plugin v22.8 - https:\/\/yoast.com\/wordpress\/plugins\/seo\/ -->\n<title>THK HSR55CB2SS+2580L - OMANI VI\u1ec6T NAM<\/title>\n<meta name=\"description\" content=\"THK HSR55CB2SS+2580L linear guide\" \/>\n<meta name=\"robots\" content=\"index, follow, max-snippet:-1, max-image-preview:large, max-video-preview:-1\" \/>\n<link rel=\"canonical\" href=\"https:\/\/omanivietnam.com\/index.php\/san-pham\/thk-hsr55cb2ss2580l\/\" \/>\n<meta property=\"og:locale\" content=\"vi_VN\" \/>\n<meta property=\"og:type\" content=\"article\" \/>\n<meta property=\"og:title\" content=\"THK HSR55CB2SS+2580L - OMANI VI\u1ec6T NAM\" \/>\n<meta property=\"og:description\" content=\"THK HSR55CB2SS+2580L linear guide\" \/>\n<meta property=\"og:url\" content=\"https:\/\/omanivietnam.com\/index.php\/san-pham\/thk-hsr55cb2ss2580l\/\" \/>\n<meta property=\"og:site_name\" content=\"OMANI VI\u1ec6T NAM\" \/>\n<meta property=\"og:image\" content=\"https:\/\/omanivietnam.com\/wp-content\/uploads\/2025\/02\/HSR55CB2SS2580L.png\" \/>\n\t<meta property=\"og:image:width\" content=\"933\" \/>\n\t<meta property=\"og:image:height\" content=\"665\" \/>\n\t<meta property=\"og:image:type\" content=\"image\/png\" \/>\n<meta name=\"twitter:card\" content=\"summary_large_image\" \/>\n<meta name=\"twitter:label1\" content=\"\u01af\u1edbc t\u00ednh th\u1eddi gian \u0111\u1ecdc\" \/>\n\t<meta name=\"twitter:data1\" content=\"3 ph\u00fat\" \/>\n<script type=\"application\/ld+json\" class=\"yoast-schema-graph\">{\"@context\":\"https:\/\/schema.org\",\"@graph\":[{\"@type\":\"WebPage\",\"@id\":\"https:\/\/omanivietnam.com\/index.php\/san-pham\/thk-hsr55cb2ss2580l\/\",\"url\":\"https:\/\/omanivietnam.com\/index.php\/san-pham\/thk-hsr55cb2ss2580l\/\",\"name\":\"THK HSR55CB2SS+2580L - OMANI VI\u1ec6T NAM\",\"isPartOf\":{\"@id\":\"https:\/\/omanivietnam.com\/#website\"},\"primaryImageOfPage\":{\"@id\":\"https:\/\/omanivietnam.com\/index.php\/san-pham\/thk-hsr55cb2ss2580l\/#primaryimage\"},\"image\":{\"@id\":\"https:\/\/omanivietnam.com\/index.php\/san-pham\/thk-hsr55cb2ss2580l\/#primaryimage\"},\"thumbnailUrl\":\"https:\/\/omanivietnam.com\/wp-content\/uploads\/2025\/02\/HSR55CB2SS2580L.png\",\"datePublished\":\"2025-02-24T11:15:40+00:00\",\"dateModified\":\"2025-02-24T11:15:40+00:00\",\"description\":\"THK HSR55CB2SS+2580L linear guide\",\"breadcrumb\":{\"@id\":\"https:\/\/omanivietnam.com\/index.php\/san-pham\/thk-hsr55cb2ss2580l\/#breadcrumb\"},\"inLanguage\":\"vi\",\"potentialAction\":[{\"@type\":\"ReadAction\",\"target\":[\"https:\/\/omanivietnam.com\/index.php\/san-pham\/thk-hsr55cb2ss2580l\/\"]}]},{\"@type\":\"ImageObject\",\"inLanguage\":\"vi\",\"@id\":\"https:\/\/omanivietnam.com\/index.php\/san-pham\/thk-hsr55cb2ss2580l\/#primaryimage\",\"url\":\"https:\/\/omanivietnam.com\/wp-content\/uploads\/2025\/02\/HSR55CB2SS2580L.png\",\"contentUrl\":\"https:\/\/omanivietnam.com\/wp-content\/uploads\/2025\/02\/HSR55CB2SS2580L.png\",\"width\":933,\"height\":665},{\"@type\":\"BreadcrumbList\",\"@id\":\"https:\/\/omanivietnam.com\/index.php\/san-pham\/thk-hsr55cb2ss2580l\/#breadcrumb\",\"itemListElement\":[{\"@type\":\"ListItem\",\"position\":1,\"name\":\"Home\",\"item\":\"https:\/\/omanivietnam.com\/\"},{\"@type\":\"ListItem\",\"position\":2,\"name\":\"S\u1ea2N PH\u1ea8M\",\"item\":\"https:\/\/omanivietnam.com\/index.php\/cua-hang\/\"},{\"@type\":\"ListItem\",\"position\":3,\"name\":\"THK HSR55CB2SS+2580L\"}]},{\"@type\":\"WebSite\",\"@id\":\"https:\/\/omanivietnam.com\/#website\",\"url\":\"https:\/\/omanivietnam.com\/\",\"name\":\"OMANI VI\u1ec6T NAM\",\"description\":\"Nh\u00e0 ph\u00e2n ph\u1ed1i thi\u1ebft b\u1ecb kh\u00ed n\u00e9n v\u00e0 thi\u1ebft b\u1ecb t\u1ef1 \u0111\u1ed9ng h\u00f3a trong c\u00f4ng nghi\u1ec7p\",\"publisher\":{\"@id\":\"https:\/\/omanivietnam.com\/#\/schema\/person\/0ad398a980dc3fd696111c2c5c8fa897\"},\"potentialAction\":[{\"@type\":\"SearchAction\",\"target\":{\"@type\":\"EntryPoint\",\"urlTemplate\":\"https:\/\/omanivietnam.com\/?s={search_term_string}\"},\"query-input\":\"required name=search_term_string\"}],\"inLanguage\":\"vi\"},{\"@type\":[\"Person\",\"Organization\"],\"@id\":\"https:\/\/omanivietnam.com\/#\/schema\/person\/0ad398a980dc3fd696111c2c5c8fa897\",\"name\":\"Nguy\u1ec5n V\u0103n Kh\u00e1nh\",\"image\":{\"@type\":\"ImageObject\",\"inLanguage\":\"vi\",\"@id\":\"https:\/\/omanivietnam.com\/#\/schema\/person\/image\/\",\"url\":\"https:\/\/omanivietnam.com\/wp-content\/uploads\/2024\/06\/logo-1024x1024.png\",\"contentUrl\":\"https:\/\/omanivietnam.com\/wp-content\/uploads\/2024\/06\/logo-1024x1024.png\",\"width\":1024,\"height\":1024,\"caption\":\"Nguy\u1ec5n V\u0103n Kh\u00e1nh\"},\"logo\":{\"@id\":\"https:\/\/omanivietnam.com\/#\/schema\/person\/image\/\"},\"sameAs\":[\"https:\/\/omanivietnam.com\"]}]}<\/script>\n<!-- \/ Yoast SEO plugin. -->","yoast_head_json":{"title":"THK HSR55CB2SS+2580L - OMANI VI\u1ec6T NAM","description":"THK HSR55CB2SS+2580L linear guide","robots":{"index":"index","follow":"follow","max-snippet":"max-snippet:-1","max-image-preview":"max-image-preview:large","max-video-preview":"max-video-preview:-1"},"canonical":"https:\/\/omanivietnam.com\/index.php\/san-pham\/thk-hsr55cb2ss2580l\/","og_locale":"vi_VN","og_type":"article","og_title":"THK HSR55CB2SS+2580L - OMANI VI\u1ec6T NAM","og_description":"THK HSR55CB2SS+2580L linear guide","og_url":"https:\/\/omanivietnam.com\/index.php\/san-pham\/thk-hsr55cb2ss2580l\/","og_site_name":"OMANI VI\u1ec6T NAM","og_image":[{"width":933,"height":665,"url":"https:\/\/omanivietnam.com\/wp-content\/uploads\/2025\/02\/HSR55CB2SS2580L.png","type":"image\/png"}],"twitter_card":"summary_large_image","twitter_misc":{"\u01af\u1edbc t\u00ednh th\u1eddi gian \u0111\u1ecdc":"3 ph\u00fat"},"schema":{"@context":"https:\/\/schema.org","@graph":[{"@type":"WebPage","@id":"https:\/\/omanivietnam.com\/index.php\/san-pham\/thk-hsr55cb2ss2580l\/","url":"https:\/\/omanivietnam.com\/index.php\/san-pham\/thk-hsr55cb2ss2580l\/","name":"THK HSR55CB2SS+2580L - OMANI VI\u1ec6T NAM","isPartOf":{"@id":"https:\/\/omanivietnam.com\/#website"},"primaryImageOfPage":{"@id":"https:\/\/omanivietnam.com\/index.php\/san-pham\/thk-hsr55cb2ss2580l\/#primaryimage"},"image":{"@id":"https:\/\/omanivietnam.com\/index.php\/san-pham\/thk-hsr55cb2ss2580l\/#primaryimage"},"thumbnailUrl":"https:\/\/omanivietnam.com\/wp-content\/uploads\/2025\/02\/HSR55CB2SS2580L.png","datePublished":"2025-02-24T11:15:40+00:00","dateModified":"2025-02-24T11:15:40+00:00","description":"THK HSR55CB2SS+2580L linear guide","breadcrumb":{"@id":"https:\/\/omanivietnam.com\/index.php\/san-pham\/thk-hsr55cb2ss2580l\/#breadcrumb"},"inLanguage":"vi","potentialAction":[{"@type":"ReadAction","target":["https:\/\/omanivietnam.com\/index.php\/san-pham\/thk-hsr55cb2ss2580l\/"]}]},{"@type":"ImageObject","inLanguage":"vi","@id":"https:\/\/omanivietnam.com\/index.php\/san-pham\/thk-hsr55cb2ss2580l\/#primaryimage","url":"https:\/\/omanivietnam.com\/wp-content\/uploads\/2025\/02\/HSR55CB2SS2580L.png","contentUrl":"https:\/\/omanivietnam.com\/wp-content\/uploads\/2025\/02\/HSR55CB2SS2580L.png","width":933,"height":665},{"@type":"BreadcrumbList","@id":"https:\/\/omanivietnam.com\/index.php\/san-pham\/thk-hsr55cb2ss2580l\/#breadcrumb","itemListElement":[{"@type":"ListItem","position":1,"name":"Home","item":"https:\/\/omanivietnam.com\/"},{"@type":"ListItem","position":2,"name":"S\u1ea2N PH\u1ea8M","item":"https:\/\/omanivietnam.com\/index.php\/cua-hang\/"},{"@type":"ListItem","position":3,"name":"THK HSR55CB2SS+2580L"}]},{"@type":"WebSite","@id":"https:\/\/omanivietnam.com\/#website","url":"https:\/\/omanivietnam.com\/","name":"OMANI VI\u1ec6T NAM","description":"Nh\u00e0 ph\u00e2n ph\u1ed1i thi\u1ebft b\u1ecb kh\u00ed n\u00e9n v\u00e0 thi\u1ebft b\u1ecb t\u1ef1 \u0111\u1ed9ng h\u00f3a trong c\u00f4ng nghi\u1ec7p","publisher":{"@id":"https:\/\/omanivietnam.com\/#\/schema\/person\/0ad398a980dc3fd696111c2c5c8fa897"},"potentialAction":[{"@type":"SearchAction","target":{"@type":"EntryPoint","urlTemplate":"https:\/\/omanivietnam.com\/?s={search_term_string}"},"query-input":"required name=search_term_string"}],"inLanguage":"vi"},{"@type":["Person","Organization"],"@id":"https:\/\/omanivietnam.com\/#\/schema\/person\/0ad398a980dc3fd696111c2c5c8fa897","name":"Nguy\u1ec5n V\u0103n Kh\u00e1nh","image":{"@type":"ImageObject","inLanguage":"vi","@id":"https:\/\/omanivietnam.com\/#\/schema\/person\/image\/","url":"https:\/\/omanivietnam.com\/wp-content\/uploads\/2024\/06\/logo-1024x1024.png","contentUrl":"https:\/\/omanivietnam.com\/wp-content\/uploads\/2024\/06\/logo-1024x1024.png","width":1024,"height":1024,"caption":"Nguy\u1ec5n V\u0103n Kh\u00e1nh"},"logo":{"@id":"https:\/\/omanivietnam.com\/#\/schema\/person\/image\/"},"sameAs":["https:\/\/omanivietnam.com"]}]}},"_links":{"self":[{"href":"https:\/\/omanivietnam.com\/index.php\/wp-json\/wp\/v2\/product\/3254","targetHints":{"allow":["GET"]}}],"collection":[{"href":"https:\/\/omanivietnam.com\/index.php\/wp-json\/wp\/v2\/product"}],"about":[{"href":"https:\/\/omanivietnam.com\/index.php\/wp-json\/wp\/v2\/types\/product"}],"replies":[{"embeddable":true,"href":"https:\/\/omanivietnam.com\/index.php\/wp-json\/wp\/v2\/comments?post=3254"}],"wp:featuredmedia":[{"embeddable":true,"href":"https:\/\/omanivietnam.com\/index.php\/wp-json\/wp\/v2\/media\/3255"}],"wp:attachment":[{"href":"https:\/\/omanivietnam.com\/index.php\/wp-json\/wp\/v2\/media?parent=3254"}],"wp:term":[{"taxonomy":"product_cat","embeddable":true,"href":"https:\/\/omanivietnam.com\/index.php\/wp-json\/wp\/v2\/product_cat?post=3254"},{"taxonomy":"product_tag","embeddable":true,"href":"https:\/\/omanivietnam.com\/index.php\/wp-json\/wp\/v2\/product_tag?post=3254"}],"curies":[{"name":"wp","href":"https:\/\/api.w.org\/{rel}","templated":true}]}}