{"id":3264,"date":"2025-02-26T20:46:23","date_gmt":"2025-02-26T13:46:23","guid":{"rendered":"https:\/\/omanivietnam.com\/?post_type=product&#038;p=3264"},"modified":"2025-02-26T20:46:23","modified_gmt":"2025-02-26T13:46:23","slug":"oriental-5ik60gu-st2f","status":"publish","type":"product","link":"https:\/\/omanivietnam.com\/index.php\/san-pham\/oriental-5ik60gu-st2f\/","title":{"rendered":"ORIENTAL 5IK60GU-ST2F"},"content":{"rendered":"<p>ORIENTAL 5IK60GU-ST2F<\/p>\n<p>ORIENTAL 5IK60GU-SWT<\/p>\n<p>Oriental Motor K Series Induction Motor, Small AC Motors provides reliable operation by delivering consistent torque and speed control. Designed to meet standard environmental requirements, this small AC motor optimizes efficiency and extends equipment lifespan in industrial and commercial applications. With durable construction, the K Series Induction Motor effectively reduces wear and tear, protecting sensitive systems without compromising performance. Ideal for various automation tasks, it ensures smooth and reliable functionality across diverse operational settings.<\/p>\n<table class=\"c-tbl--base is-sp-block u-mt--20 u-sp-mb--20\">\n<tbody>\n<tr>\n<th class=\"u-w--25per\">Frame Size<\/th>\n<td>90 mm<\/td>\n<\/tr>\n<tr>\n<th class=\"u-w--25per\">Output Power<\/th>\n<td>60 W<\/td>\n<\/tr>\n<tr>\n<th class=\"u-w--25per\">Type<\/th>\n<td>With Large Terminal Box<\/td>\n<\/tr>\n<tr>\n<th class=\"u-w--25per\">Shaft\/Gear Type<\/th>\n<td>Pinion Shaft Type<\/td>\n<\/tr>\n<tr>\n<th class=\"u-w--25per\">Gear Ratio<\/th>\n<td>&#8211;<\/td>\n<\/tr>\n<tr>\n<th class=\"u-w--25per\">Time Rating<\/th>\n<td>Continuous<\/td>\n<\/tr>\n<tr>\n<th class=\"u-w--25per\">Rotation Direction<\/th>\n<td>Depends on the combination gear head.<\/td>\n<\/tr>\n<tr>\n<th class=\"u-w--25per\">Voltage\/ Frequency\/ Current<\/th>\n<td>Three-Phase 200 VAC \/ 50 Hz \/ 0.6 A<br \/>\nThree-Phase 200 VAC \/ 60 Hz \/ 0.6 A<br \/>\nThree-Phase 220 VAC \/ 60 Hz \/ 0.6 A<\/td>\n<\/tr>\n<tr>\n<th class=\"u-w--25per\">Starting Torque (Motor Shaft)<\/th>\n<td>Three-Phase 200 VAC \/ 50 Hz: 600 mN\uff65m<br \/>\nThree-Phase 200 VAC \/ 60 Hz: 500 mN\uff65m<br \/>\nThree-Phase 220 VAC \/ 60 Hz: 500 mN\uff65m<\/td>\n<\/tr>\n<tr>\n<th class=\"u-w--25per\">Rated torque\/ Rated Speed (Motor Shaft)<\/th>\n<td>Three-Phase 200 VAC \/ 50 Hz: 450 mN\u00b7m \/ 1300 r\/min<br \/>\nThree-Phase 200 VAC \/ 60 Hz: 380 mN\u00b7m \/ 1550 r\/min<br \/>\nThree-Phase 220 VAC \/ 60 Hz: 380 mN\u00b7m \/ 1600 r\/min<\/td>\n<\/tr>\n<tr>\n<th class=\"u-w--25per\">The Speed When Installing Gearhead<\/th>\n<td>Depends on the combination gear head.<\/td>\n<\/tr>\n<tr>\n<th class=\"u-w--25per\">Permissible Torque of Gearhead Output Shaft<\/th>\n<td>Depends on the combination gear head.<\/td>\n<\/tr>\n<tr>\n<th class=\"u-w--25per\">Mass<\/th>\n<td>3.1 kg<\/td>\n<\/tr>\n<\/tbody>\n<\/table>\n<p>&nbsp;<\/p>\n<p>&nbsp;<\/p>\n","protected":false},"excerpt":{"rendered":"<p>ORIENTAL 5IK60GU-ST2F ORIENTAL 5IK60GU-SWT Oriental Motor K Series Induction Motor, Small AC Motors provides reliable operation by delivering consistent torque and speed control. Designed to meet standard environmental requirements, this small AC motor optimizes efficiency and extends equipment lifespan in industrial and commercial applications. With durable construction, the K Series&hellip; <\/p>\n","protected":false},"featured_media":3265,"comment_status":"open","ping_status":"closed","template":"","meta":[],"product_cat":[376],"product_tag":[119,120,118],"class_list":{"0":"post-3264","1":"product","2":"type-product","3":"status-publish","4":"has-post-thumbnail","6":"product_cat-oriental","7":"product_tag-dai-ly-oriental-viet-nam","8":"product_tag-dong-co","9":"product_tag-oriental-viet-nam","11":"first","12":"instock","13":"shipping-taxable","14":"product-type-simple"},"yoast_head":"<!-- This site is optimized with the Yoast SEO plugin v22.8 - https:\/\/yoast.com\/wordpress\/plugins\/seo\/ -->\n<title>ORIENTAL 5IK60GU-ST2F - OMANI VI\u1ec6T NAM<\/title>\n<meta name=\"description\" content=\"5IK60GU-ST2F | Induction Motor - K Series | Oriental Motor\" \/>\n<meta name=\"robots\" content=\"index, follow, max-snippet:-1, max-image-preview:large, max-video-preview:-1\" \/>\n<link rel=\"canonical\" href=\"https:\/\/omanivietnam.com\/index.php\/san-pham\/oriental-5ik60gu-st2f\/\" \/>\n<meta property=\"og:locale\" content=\"vi_VN\" \/>\n<meta property=\"og:type\" content=\"article\" \/>\n<meta property=\"og:title\" content=\"ORIENTAL 5IK60GU-ST2F - OMANI VI\u1ec6T NAM\" \/>\n<meta property=\"og:description\" content=\"5IK60GU-ST2F | Induction Motor - K Series | Oriental Motor\" \/>\n<meta property=\"og:url\" content=\"https:\/\/omanivietnam.com\/index.php\/san-pham\/oriental-5ik60gu-st2f\/\" \/>\n<meta property=\"og:site_name\" content=\"OMANI VI\u1ec6T NAM\" \/>\n<meta property=\"og:image\" content=\"https:\/\/omanivietnam.com\/wp-content\/uploads\/2025\/02\/5IK60GU-ST2F.png\" \/>\n\t<meta property=\"og:image:width\" content=\"856\" \/>\n\t<meta property=\"og:image:height\" content=\"883\" \/>\n\t<meta property=\"og:image:type\" content=\"image\/png\" \/>\n<meta name=\"twitter:card\" content=\"summary_large_image\" \/>\n<meta name=\"twitter:label1\" content=\"\u01af\u1edbc t\u00ednh th\u1eddi gian \u0111\u1ecdc\" \/>\n\t<meta name=\"twitter:data1\" content=\"2 ph\u00fat\" \/>\n<script type=\"application\/ld+json\" class=\"yoast-schema-graph\">{\"@context\":\"https:\/\/schema.org\",\"@graph\":[{\"@type\":\"WebPage\",\"@id\":\"https:\/\/omanivietnam.com\/index.php\/san-pham\/oriental-5ik60gu-st2f\/\",\"url\":\"https:\/\/omanivietnam.com\/index.php\/san-pham\/oriental-5ik60gu-st2f\/\",\"name\":\"ORIENTAL 5IK60GU-ST2F - OMANI VI\u1ec6T NAM\",\"isPartOf\":{\"@id\":\"https:\/\/omanivietnam.com\/#website\"},\"primaryImageOfPage\":{\"@id\":\"https:\/\/omanivietnam.com\/index.php\/san-pham\/oriental-5ik60gu-st2f\/#primaryimage\"},\"image\":{\"@id\":\"https:\/\/omanivietnam.com\/index.php\/san-pham\/oriental-5ik60gu-st2f\/#primaryimage\"},\"thumbnailUrl\":\"https:\/\/omanivietnam.com\/wp-content\/uploads\/2025\/02\/5IK60GU-ST2F.png\",\"datePublished\":\"2025-02-26T13:46:23+00:00\",\"dateModified\":\"2025-02-26T13:46:23+00:00\",\"description\":\"5IK60GU-ST2F | Induction Motor - K Series | Oriental Motor\",\"breadcrumb\":{\"@id\":\"https:\/\/omanivietnam.com\/index.php\/san-pham\/oriental-5ik60gu-st2f\/#breadcrumb\"},\"inLanguage\":\"vi\",\"potentialAction\":[{\"@type\":\"ReadAction\",\"target\":[\"https:\/\/omanivietnam.com\/index.php\/san-pham\/oriental-5ik60gu-st2f\/\"]}]},{\"@type\":\"ImageObject\",\"inLanguage\":\"vi\",\"@id\":\"https:\/\/omanivietnam.com\/index.php\/san-pham\/oriental-5ik60gu-st2f\/#primaryimage\",\"url\":\"https:\/\/omanivietnam.com\/wp-content\/uploads\/2025\/02\/5IK60GU-ST2F.png\",\"contentUrl\":\"https:\/\/omanivietnam.com\/wp-content\/uploads\/2025\/02\/5IK60GU-ST2F.png\",\"width\":856,\"height\":883},{\"@type\":\"BreadcrumbList\",\"@id\":\"https:\/\/omanivietnam.com\/index.php\/san-pham\/oriental-5ik60gu-st2f\/#breadcrumb\",\"itemListElement\":[{\"@type\":\"ListItem\",\"position\":1,\"name\":\"Home\",\"item\":\"https:\/\/omanivietnam.com\/\"},{\"@type\":\"ListItem\",\"position\":2,\"name\":\"S\u1ea2N PH\u1ea8M\",\"item\":\"https:\/\/omanivietnam.com\/index.php\/cua-hang\/\"},{\"@type\":\"ListItem\",\"position\":3,\"name\":\"ORIENTAL 5IK60GU-ST2F\"}]},{\"@type\":\"WebSite\",\"@id\":\"https:\/\/omanivietnam.com\/#website\",\"url\":\"https:\/\/omanivietnam.com\/\",\"name\":\"OMANI VI\u1ec6T NAM\",\"description\":\"Nh\u00e0 ph\u00e2n ph\u1ed1i thi\u1ebft b\u1ecb kh\u00ed n\u00e9n v\u00e0 thi\u1ebft b\u1ecb t\u1ef1 \u0111\u1ed9ng h\u00f3a trong c\u00f4ng nghi\u1ec7p\",\"publisher\":{\"@id\":\"https:\/\/omanivietnam.com\/#\/schema\/person\/0ad398a980dc3fd696111c2c5c8fa897\"},\"potentialAction\":[{\"@type\":\"SearchAction\",\"target\":{\"@type\":\"EntryPoint\",\"urlTemplate\":\"https:\/\/omanivietnam.com\/?s={search_term_string}\"},\"query-input\":\"required name=search_term_string\"}],\"inLanguage\":\"vi\"},{\"@type\":[\"Person\",\"Organization\"],\"@id\":\"https:\/\/omanivietnam.com\/#\/schema\/person\/0ad398a980dc3fd696111c2c5c8fa897\",\"name\":\"Nguy\u1ec5n V\u0103n Kh\u00e1nh\",\"image\":{\"@type\":\"ImageObject\",\"inLanguage\":\"vi\",\"@id\":\"https:\/\/omanivietnam.com\/#\/schema\/person\/image\/\",\"url\":\"https:\/\/omanivietnam.com\/wp-content\/uploads\/2024\/06\/logo-1024x1024.png\",\"contentUrl\":\"https:\/\/omanivietnam.com\/wp-content\/uploads\/2024\/06\/logo-1024x1024.png\",\"width\":1024,\"height\":1024,\"caption\":\"Nguy\u1ec5n V\u0103n Kh\u00e1nh\"},\"logo\":{\"@id\":\"https:\/\/omanivietnam.com\/#\/schema\/person\/image\/\"},\"sameAs\":[\"https:\/\/omanivietnam.com\"]}]}<\/script>\n<!-- \/ Yoast SEO plugin. -->","yoast_head_json":{"title":"ORIENTAL 5IK60GU-ST2F - OMANI VI\u1ec6T NAM","description":"5IK60GU-ST2F | Induction Motor - K Series | Oriental Motor","robots":{"index":"index","follow":"follow","max-snippet":"max-snippet:-1","max-image-preview":"max-image-preview:large","max-video-preview":"max-video-preview:-1"},"canonical":"https:\/\/omanivietnam.com\/index.php\/san-pham\/oriental-5ik60gu-st2f\/","og_locale":"vi_VN","og_type":"article","og_title":"ORIENTAL 5IK60GU-ST2F - OMANI VI\u1ec6T NAM","og_description":"5IK60GU-ST2F | Induction Motor - K Series | Oriental Motor","og_url":"https:\/\/omanivietnam.com\/index.php\/san-pham\/oriental-5ik60gu-st2f\/","og_site_name":"OMANI VI\u1ec6T NAM","og_image":[{"width":856,"height":883,"url":"https:\/\/omanivietnam.com\/wp-content\/uploads\/2025\/02\/5IK60GU-ST2F.png","type":"image\/png"}],"twitter_card":"summary_large_image","twitter_misc":{"\u01af\u1edbc t\u00ednh th\u1eddi gian \u0111\u1ecdc":"2 ph\u00fat"},"schema":{"@context":"https:\/\/schema.org","@graph":[{"@type":"WebPage","@id":"https:\/\/omanivietnam.com\/index.php\/san-pham\/oriental-5ik60gu-st2f\/","url":"https:\/\/omanivietnam.com\/index.php\/san-pham\/oriental-5ik60gu-st2f\/","name":"ORIENTAL 5IK60GU-ST2F - OMANI VI\u1ec6T NAM","isPartOf":{"@id":"https:\/\/omanivietnam.com\/#website"},"primaryImageOfPage":{"@id":"https:\/\/omanivietnam.com\/index.php\/san-pham\/oriental-5ik60gu-st2f\/#primaryimage"},"image":{"@id":"https:\/\/omanivietnam.com\/index.php\/san-pham\/oriental-5ik60gu-st2f\/#primaryimage"},"thumbnailUrl":"https:\/\/omanivietnam.com\/wp-content\/uploads\/2025\/02\/5IK60GU-ST2F.png","datePublished":"2025-02-26T13:46:23+00:00","dateModified":"2025-02-26T13:46:23+00:00","description":"5IK60GU-ST2F | Induction Motor - K Series | Oriental Motor","breadcrumb":{"@id":"https:\/\/omanivietnam.com\/index.php\/san-pham\/oriental-5ik60gu-st2f\/#breadcrumb"},"inLanguage":"vi","potentialAction":[{"@type":"ReadAction","target":["https:\/\/omanivietnam.com\/index.php\/san-pham\/oriental-5ik60gu-st2f\/"]}]},{"@type":"ImageObject","inLanguage":"vi","@id":"https:\/\/omanivietnam.com\/index.php\/san-pham\/oriental-5ik60gu-st2f\/#primaryimage","url":"https:\/\/omanivietnam.com\/wp-content\/uploads\/2025\/02\/5IK60GU-ST2F.png","contentUrl":"https:\/\/omanivietnam.com\/wp-content\/uploads\/2025\/02\/5IK60GU-ST2F.png","width":856,"height":883},{"@type":"BreadcrumbList","@id":"https:\/\/omanivietnam.com\/index.php\/san-pham\/oriental-5ik60gu-st2f\/#breadcrumb","itemListElement":[{"@type":"ListItem","position":1,"name":"Home","item":"https:\/\/omanivietnam.com\/"},{"@type":"ListItem","position":2,"name":"S\u1ea2N PH\u1ea8M","item":"https:\/\/omanivietnam.com\/index.php\/cua-hang\/"},{"@type":"ListItem","position":3,"name":"ORIENTAL 5IK60GU-ST2F"}]},{"@type":"WebSite","@id":"https:\/\/omanivietnam.com\/#website","url":"https:\/\/omanivietnam.com\/","name":"OMANI VI\u1ec6T NAM","description":"Nh\u00e0 ph\u00e2n ph\u1ed1i thi\u1ebft b\u1ecb kh\u00ed n\u00e9n v\u00e0 thi\u1ebft b\u1ecb t\u1ef1 \u0111\u1ed9ng h\u00f3a trong c\u00f4ng nghi\u1ec7p","publisher":{"@id":"https:\/\/omanivietnam.com\/#\/schema\/person\/0ad398a980dc3fd696111c2c5c8fa897"},"potentialAction":[{"@type":"SearchAction","target":{"@type":"EntryPoint","urlTemplate":"https:\/\/omanivietnam.com\/?s={search_term_string}"},"query-input":"required name=search_term_string"}],"inLanguage":"vi"},{"@type":["Person","Organization"],"@id":"https:\/\/omanivietnam.com\/#\/schema\/person\/0ad398a980dc3fd696111c2c5c8fa897","name":"Nguy\u1ec5n V\u0103n Kh\u00e1nh","image":{"@type":"ImageObject","inLanguage":"vi","@id":"https:\/\/omanivietnam.com\/#\/schema\/person\/image\/","url":"https:\/\/omanivietnam.com\/wp-content\/uploads\/2024\/06\/logo-1024x1024.png","contentUrl":"https:\/\/omanivietnam.com\/wp-content\/uploads\/2024\/06\/logo-1024x1024.png","width":1024,"height":1024,"caption":"Nguy\u1ec5n V\u0103n Kh\u00e1nh"},"logo":{"@id":"https:\/\/omanivietnam.com\/#\/schema\/person\/image\/"},"sameAs":["https:\/\/omanivietnam.com"]}]}},"_links":{"self":[{"href":"https:\/\/omanivietnam.com\/index.php\/wp-json\/wp\/v2\/product\/3264","targetHints":{"allow":["GET"]}}],"collection":[{"href":"https:\/\/omanivietnam.com\/index.php\/wp-json\/wp\/v2\/product"}],"about":[{"href":"https:\/\/omanivietnam.com\/index.php\/wp-json\/wp\/v2\/types\/product"}],"replies":[{"embeddable":true,"href":"https:\/\/omanivietnam.com\/index.php\/wp-json\/wp\/v2\/comments?post=3264"}],"wp:featuredmedia":[{"embeddable":true,"href":"https:\/\/omanivietnam.com\/index.php\/wp-json\/wp\/v2\/media\/3265"}],"wp:attachment":[{"href":"https:\/\/omanivietnam.com\/index.php\/wp-json\/wp\/v2\/media?parent=3264"}],"wp:term":[{"taxonomy":"product_cat","embeddable":true,"href":"https:\/\/omanivietnam.com\/index.php\/wp-json\/wp\/v2\/product_cat?post=3264"},{"taxonomy":"product_tag","embeddable":true,"href":"https:\/\/omanivietnam.com\/index.php\/wp-json\/wp\/v2\/product_tag?post=3264"}],"curies":[{"name":"wp","href":"https:\/\/api.w.org\/{rel}","templated":true}]}}