{"id":3269,"date":"2025-02-27T20:54:00","date_gmt":"2025-02-27T13:54:00","guid":{"rendered":"https:\/\/omanivietnam.com\/?post_type=product&#038;p=3269"},"modified":"2025-02-27T20:54:00","modified_gmt":"2025-02-27T13:54:00","slug":"kromschroder-vas125r-nk-88008509","status":"publish","type":"product","link":"https:\/\/omanivietnam.com\/index.php\/san-pham\/kromschroder-vas125r-nk-88008509\/","title":{"rendered":"KROMSCHRODER VAS125R\/NK 88008509"},"content":{"rendered":"<p>KROMSCHRODER VAS125R\/NK 88008509<\/p>\n<p>Kromschroder gas solenoid valve<br \/>\nFor gas, air and biologically produced methane, pu max. 500 mbar (7 psig), with pilot lamp, IP 65, FM and CSA approved<br \/>\nSize 1<br \/>\nEU certified<br \/>\nInlet: DN 25 (1&#8221;)<br \/>\nOutlet: DN 25 (1&#8221;)<br \/>\nRp internal thread<br \/>\nQuick opening, quick closing<br \/>\nWith flow adjustment<br \/>\nMains voltage: 24 V DC<br \/>\nElectrical connection: plug without socket<br \/>\nAttached to the left side of the connection box: plug for valve (3-pin)<br \/>\nAccessories, right: 2 screw plugs<br \/>\nAccessories, left: 2 screw plugs<\/p>\n<p>2.\u00a0C\u00e1c model t\u01b0\u01a1ng \u0111\u01b0\u01a1ng:<\/p>\n<p>VAS115R\/NW 88000003<br \/>\nVAS120R\/NQ<br \/>\nVAS120R\/NW<br \/>\nVAS125R\/LW<br \/>\nVAS125R\/NK<br \/>\nVAS125R\/NKGR<br \/>\nVAS125R\/NW<br \/>\nVAS2-\/NW KS88004452<br \/>\nVAS232R\/NW<br \/>\nVAS240R\/LW 88029888<br \/>\nVAS240R\/NKGR<br \/>\nVAS240R\/NW<br \/>\nVAS250R\/NW<br \/>\nVAS350R\/NW<\/p>\n","protected":false},"excerpt":{"rendered":"<p>KROMSCHRODER VAS125R\/NK 88008509 Kromschroder gas solenoid valve For gas, air and biologically produced methane, pu max. 500 mbar (7 psig), with pilot lamp, IP 65, FM and CSA approved Size 1 EU certified Inlet: DN 25 (1&#8221;) Outlet: DN 25 (1&#8221;) Rp internal thread Quick opening, quick closing With flow&hellip; <\/p>\n","protected":false},"featured_media":3270,"comment_status":"open","ping_status":"closed","template":"","meta":[],"product_cat":[418],"product_tag":[194,193,620,451],"class_list":{"0":"post-3269","1":"product","2":"type-product","3":"status-publish","4":"has-post-thumbnail","6":"product_cat-kromschroder","7":"product_tag-dai-ly-kromschroder-viet-nam","8":"product_tag-kromschroder-viet-nam","9":"product_tag-solenoid-valve","10":"product_tag-van","12":"first","13":"instock","14":"shipping-taxable","15":"product-type-simple"},"yoast_head":"<!-- This site is optimized with the Yoast SEO plugin v22.8 - https:\/\/yoast.com\/wordpress\/plugins\/seo\/ -->\n<title>KROMSCHRODER VAS125R\/NK 88008509 - OMANI VI\u1ec6T NAM<\/title>\n<meta name=\"description\" content=\"Kromschroder VAS 125R\/NK 88008509 gas solenoid valve\" \/>\n<meta name=\"robots\" content=\"index, follow, max-snippet:-1, max-image-preview:large, max-video-preview:-1\" \/>\n<link rel=\"canonical\" href=\"https:\/\/omanivietnam.com\/index.php\/san-pham\/kromschroder-vas125r-nk-88008509\/\" \/>\n<meta property=\"og:locale\" content=\"vi_VN\" \/>\n<meta property=\"og:type\" content=\"article\" \/>\n<meta property=\"og:title\" content=\"KROMSCHRODER VAS125R\/NK 88008509 - OMANI VI\u1ec6T NAM\" \/>\n<meta property=\"og:description\" content=\"Kromschroder VAS 125R\/NK 88008509 gas solenoid valve\" \/>\n<meta property=\"og:url\" content=\"https:\/\/omanivietnam.com\/index.php\/san-pham\/kromschroder-vas125r-nk-88008509\/\" \/>\n<meta property=\"og:site_name\" content=\"OMANI VI\u1ec6T NAM\" \/>\n<meta property=\"og:image\" content=\"https:\/\/omanivietnam.com\/wp-content\/uploads\/2025\/02\/VAS125R.NK-88008509.png\" \/>\n\t<meta property=\"og:image:width\" content=\"384\" \/>\n\t<meta property=\"og:image:height\" content=\"471\" \/>\n\t<meta property=\"og:image:type\" content=\"image\/png\" \/>\n<meta name=\"twitter:card\" content=\"summary_large_image\" \/>\n<meta name=\"twitter:label1\" content=\"\u01af\u1edbc t\u00ednh th\u1eddi gian \u0111\u1ecdc\" \/>\n\t<meta name=\"twitter:data1\" content=\"1 ph\u00fat\" \/>\n<script type=\"application\/ld+json\" class=\"yoast-schema-graph\">{\"@context\":\"https:\/\/schema.org\",\"@graph\":[{\"@type\":\"WebPage\",\"@id\":\"https:\/\/omanivietnam.com\/index.php\/san-pham\/kromschroder-vas125r-nk-88008509\/\",\"url\":\"https:\/\/omanivietnam.com\/index.php\/san-pham\/kromschroder-vas125r-nk-88008509\/\",\"name\":\"KROMSCHRODER VAS125R\/NK 88008509 - OMANI VI\u1ec6T NAM\",\"isPartOf\":{\"@id\":\"https:\/\/omanivietnam.com\/#website\"},\"primaryImageOfPage\":{\"@id\":\"https:\/\/omanivietnam.com\/index.php\/san-pham\/kromschroder-vas125r-nk-88008509\/#primaryimage\"},\"image\":{\"@id\":\"https:\/\/omanivietnam.com\/index.php\/san-pham\/kromschroder-vas125r-nk-88008509\/#primaryimage\"},\"thumbnailUrl\":\"https:\/\/omanivietnam.com\/wp-content\/uploads\/2025\/02\/VAS125R.NK-88008509.png\",\"datePublished\":\"2025-02-27T13:54:00+00:00\",\"dateModified\":\"2025-02-27T13:54:00+00:00\",\"description\":\"Kromschroder VAS 125R\/NK 88008509 gas solenoid valve\",\"breadcrumb\":{\"@id\":\"https:\/\/omanivietnam.com\/index.php\/san-pham\/kromschroder-vas125r-nk-88008509\/#breadcrumb\"},\"inLanguage\":\"vi\",\"potentialAction\":[{\"@type\":\"ReadAction\",\"target\":[\"https:\/\/omanivietnam.com\/index.php\/san-pham\/kromschroder-vas125r-nk-88008509\/\"]}]},{\"@type\":\"ImageObject\",\"inLanguage\":\"vi\",\"@id\":\"https:\/\/omanivietnam.com\/index.php\/san-pham\/kromschroder-vas125r-nk-88008509\/#primaryimage\",\"url\":\"https:\/\/omanivietnam.com\/wp-content\/uploads\/2025\/02\/VAS125R.NK-88008509.png\",\"contentUrl\":\"https:\/\/omanivietnam.com\/wp-content\/uploads\/2025\/02\/VAS125R.NK-88008509.png\",\"width\":384,\"height\":471},{\"@type\":\"BreadcrumbList\",\"@id\":\"https:\/\/omanivietnam.com\/index.php\/san-pham\/kromschroder-vas125r-nk-88008509\/#breadcrumb\",\"itemListElement\":[{\"@type\":\"ListItem\",\"position\":1,\"name\":\"Home\",\"item\":\"https:\/\/omanivietnam.com\/\"},{\"@type\":\"ListItem\",\"position\":2,\"name\":\"S\u1ea2N PH\u1ea8M\",\"item\":\"https:\/\/omanivietnam.com\/index.php\/cua-hang\/\"},{\"@type\":\"ListItem\",\"position\":3,\"name\":\"KROMSCHRODER VAS125R\/NK 88008509\"}]},{\"@type\":\"WebSite\",\"@id\":\"https:\/\/omanivietnam.com\/#website\",\"url\":\"https:\/\/omanivietnam.com\/\",\"name\":\"OMANI VI\u1ec6T NAM\",\"description\":\"Nh\u00e0 ph\u00e2n ph\u1ed1i thi\u1ebft b\u1ecb kh\u00ed n\u00e9n v\u00e0 thi\u1ebft b\u1ecb t\u1ef1 \u0111\u1ed9ng h\u00f3a trong c\u00f4ng nghi\u1ec7p\",\"publisher\":{\"@id\":\"https:\/\/omanivietnam.com\/#\/schema\/person\/0ad398a980dc3fd696111c2c5c8fa897\"},\"potentialAction\":[{\"@type\":\"SearchAction\",\"target\":{\"@type\":\"EntryPoint\",\"urlTemplate\":\"https:\/\/omanivietnam.com\/?s={search_term_string}\"},\"query-input\":\"required name=search_term_string\"}],\"inLanguage\":\"vi\"},{\"@type\":[\"Person\",\"Organization\"],\"@id\":\"https:\/\/omanivietnam.com\/#\/schema\/person\/0ad398a980dc3fd696111c2c5c8fa897\",\"name\":\"Nguy\u1ec5n V\u0103n Kh\u00e1nh\",\"image\":{\"@type\":\"ImageObject\",\"inLanguage\":\"vi\",\"@id\":\"https:\/\/omanivietnam.com\/#\/schema\/person\/image\/\",\"url\":\"https:\/\/omanivietnam.com\/wp-content\/uploads\/2024\/06\/logo-1024x1024.png\",\"contentUrl\":\"https:\/\/omanivietnam.com\/wp-content\/uploads\/2024\/06\/logo-1024x1024.png\",\"width\":1024,\"height\":1024,\"caption\":\"Nguy\u1ec5n V\u0103n Kh\u00e1nh\"},\"logo\":{\"@id\":\"https:\/\/omanivietnam.com\/#\/schema\/person\/image\/\"},\"sameAs\":[\"https:\/\/omanivietnam.com\"]}]}<\/script>\n<!-- \/ Yoast SEO plugin. -->","yoast_head_json":{"title":"KROMSCHRODER VAS125R\/NK 88008509 - OMANI VI\u1ec6T NAM","description":"Kromschroder VAS 125R\/NK 88008509 gas solenoid valve","robots":{"index":"index","follow":"follow","max-snippet":"max-snippet:-1","max-image-preview":"max-image-preview:large","max-video-preview":"max-video-preview:-1"},"canonical":"https:\/\/omanivietnam.com\/index.php\/san-pham\/kromschroder-vas125r-nk-88008509\/","og_locale":"vi_VN","og_type":"article","og_title":"KROMSCHRODER VAS125R\/NK 88008509 - OMANI VI\u1ec6T NAM","og_description":"Kromschroder VAS 125R\/NK 88008509 gas solenoid valve","og_url":"https:\/\/omanivietnam.com\/index.php\/san-pham\/kromschroder-vas125r-nk-88008509\/","og_site_name":"OMANI VI\u1ec6T NAM","og_image":[{"width":384,"height":471,"url":"https:\/\/omanivietnam.com\/wp-content\/uploads\/2025\/02\/VAS125R.NK-88008509.png","type":"image\/png"}],"twitter_card":"summary_large_image","twitter_misc":{"\u01af\u1edbc t\u00ednh th\u1eddi gian \u0111\u1ecdc":"1 ph\u00fat"},"schema":{"@context":"https:\/\/schema.org","@graph":[{"@type":"WebPage","@id":"https:\/\/omanivietnam.com\/index.php\/san-pham\/kromschroder-vas125r-nk-88008509\/","url":"https:\/\/omanivietnam.com\/index.php\/san-pham\/kromschroder-vas125r-nk-88008509\/","name":"KROMSCHRODER VAS125R\/NK 88008509 - OMANI VI\u1ec6T NAM","isPartOf":{"@id":"https:\/\/omanivietnam.com\/#website"},"primaryImageOfPage":{"@id":"https:\/\/omanivietnam.com\/index.php\/san-pham\/kromschroder-vas125r-nk-88008509\/#primaryimage"},"image":{"@id":"https:\/\/omanivietnam.com\/index.php\/san-pham\/kromschroder-vas125r-nk-88008509\/#primaryimage"},"thumbnailUrl":"https:\/\/omanivietnam.com\/wp-content\/uploads\/2025\/02\/VAS125R.NK-88008509.png","datePublished":"2025-02-27T13:54:00+00:00","dateModified":"2025-02-27T13:54:00+00:00","description":"Kromschroder VAS 125R\/NK 88008509 gas solenoid valve","breadcrumb":{"@id":"https:\/\/omanivietnam.com\/index.php\/san-pham\/kromschroder-vas125r-nk-88008509\/#breadcrumb"},"inLanguage":"vi","potentialAction":[{"@type":"ReadAction","target":["https:\/\/omanivietnam.com\/index.php\/san-pham\/kromschroder-vas125r-nk-88008509\/"]}]},{"@type":"ImageObject","inLanguage":"vi","@id":"https:\/\/omanivietnam.com\/index.php\/san-pham\/kromschroder-vas125r-nk-88008509\/#primaryimage","url":"https:\/\/omanivietnam.com\/wp-content\/uploads\/2025\/02\/VAS125R.NK-88008509.png","contentUrl":"https:\/\/omanivietnam.com\/wp-content\/uploads\/2025\/02\/VAS125R.NK-88008509.png","width":384,"height":471},{"@type":"BreadcrumbList","@id":"https:\/\/omanivietnam.com\/index.php\/san-pham\/kromschroder-vas125r-nk-88008509\/#breadcrumb","itemListElement":[{"@type":"ListItem","position":1,"name":"Home","item":"https:\/\/omanivietnam.com\/"},{"@type":"ListItem","position":2,"name":"S\u1ea2N PH\u1ea8M","item":"https:\/\/omanivietnam.com\/index.php\/cua-hang\/"},{"@type":"ListItem","position":3,"name":"KROMSCHRODER VAS125R\/NK 88008509"}]},{"@type":"WebSite","@id":"https:\/\/omanivietnam.com\/#website","url":"https:\/\/omanivietnam.com\/","name":"OMANI VI\u1ec6T NAM","description":"Nh\u00e0 ph\u00e2n ph\u1ed1i thi\u1ebft b\u1ecb kh\u00ed n\u00e9n v\u00e0 thi\u1ebft b\u1ecb t\u1ef1 \u0111\u1ed9ng h\u00f3a trong c\u00f4ng nghi\u1ec7p","publisher":{"@id":"https:\/\/omanivietnam.com\/#\/schema\/person\/0ad398a980dc3fd696111c2c5c8fa897"},"potentialAction":[{"@type":"SearchAction","target":{"@type":"EntryPoint","urlTemplate":"https:\/\/omanivietnam.com\/?s={search_term_string}"},"query-input":"required name=search_term_string"}],"inLanguage":"vi"},{"@type":["Person","Organization"],"@id":"https:\/\/omanivietnam.com\/#\/schema\/person\/0ad398a980dc3fd696111c2c5c8fa897","name":"Nguy\u1ec5n V\u0103n Kh\u00e1nh","image":{"@type":"ImageObject","inLanguage":"vi","@id":"https:\/\/omanivietnam.com\/#\/schema\/person\/image\/","url":"https:\/\/omanivietnam.com\/wp-content\/uploads\/2024\/06\/logo-1024x1024.png","contentUrl":"https:\/\/omanivietnam.com\/wp-content\/uploads\/2024\/06\/logo-1024x1024.png","width":1024,"height":1024,"caption":"Nguy\u1ec5n V\u0103n Kh\u00e1nh"},"logo":{"@id":"https:\/\/omanivietnam.com\/#\/schema\/person\/image\/"},"sameAs":["https:\/\/omanivietnam.com"]}]}},"_links":{"self":[{"href":"https:\/\/omanivietnam.com\/index.php\/wp-json\/wp\/v2\/product\/3269","targetHints":{"allow":["GET"]}}],"collection":[{"href":"https:\/\/omanivietnam.com\/index.php\/wp-json\/wp\/v2\/product"}],"about":[{"href":"https:\/\/omanivietnam.com\/index.php\/wp-json\/wp\/v2\/types\/product"}],"replies":[{"embeddable":true,"href":"https:\/\/omanivietnam.com\/index.php\/wp-json\/wp\/v2\/comments?post=3269"}],"wp:featuredmedia":[{"embeddable":true,"href":"https:\/\/omanivietnam.com\/index.php\/wp-json\/wp\/v2\/media\/3270"}],"wp:attachment":[{"href":"https:\/\/omanivietnam.com\/index.php\/wp-json\/wp\/v2\/media?parent=3269"}],"wp:term":[{"taxonomy":"product_cat","embeddable":true,"href":"https:\/\/omanivietnam.com\/index.php\/wp-json\/wp\/v2\/product_cat?post=3269"},{"taxonomy":"product_tag","embeddable":true,"href":"https:\/\/omanivietnam.com\/index.php\/wp-json\/wp\/v2\/product_tag?post=3269"}],"curies":[{"name":"wp","href":"https:\/\/api.w.org\/{rel}","templated":true}]}}