{"id":3274,"date":"2025-02-28T20:30:00","date_gmt":"2025-02-28T13:30:00","guid":{"rendered":"https:\/\/omanivietnam.com\/?post_type=product&#038;p=3274"},"modified":"2025-05-21T17:39:08","modified_gmt":"2025-05-21T10:39:08","slug":"smc-zk2a07k5ala-06","status":"publish","type":"product","link":"https:\/\/omanivietnam.com\/index.php\/san-pham\/smc-zk2a07k5ala-06\/","title":{"rendered":"SMC ZK2A07K5ALA-06"},"content":{"rendered":"<p>SMC ZK2A07K5ALA-06<\/p>\n<p>SMC ZK2A07K5AL-06<\/p>\n<p>SMC ZK2A07K5AL-06,ZK2A10K5ALA-06, ZK2A12K5AL-08<\/p>\n<h2 class=\"m-h2\">Product Description<\/h2>\n<p>A vacuum unit ejector system manufactured by SMC<br \/>\n[Features]<br \/>\n\u00b7 Built-in digital pressure switch for vacuums, with energy-saving function. Cuts the air supply upon reaching vacuum: Leading to 90% reduction in air consumption<br \/>\n\u00b7 Has a 2-stage ejector structure that increases suction flow rate by 50% and reduces air consumption by 30% (compared to SMC&#8217;s single-stage ejectors)<br \/>\n\u00b7 Compact and lightweight, with a 28% reduction in volume (88\u00a0cm<sup>3<\/sup>) and a 59% reduction in weight (81\u00a0g) compared to conventional products<br \/>\n\u00b7 Reduced wiring for single units as well as manifolding.<br \/>\n\u00b7 Once the supply valve is switched ON, the vacuum generation state is maintained even if the power is cut off. This reduces power consumption.<\/p>\n<p>&nbsp;<\/p>\n<h3 class=\"m-h3\"><span data-lang=\"ENG\">Configured Specifications<\/span><\/h3>\n<table class=\"m-listTable\" summary=\"Price, Spec., etc.\">\n<colgroup>\n<col width=\"20%\" \/>\n<col width=\"30%\" \/>\n<col width=\"20%\" \/>\n<col width=\"30%\" \/><\/colgroup>\n<tbody>\n<tr>\n<th>Type<\/th>\n<td>Unit<\/td>\n<th>Additional Function<\/th>\n<td>Silencers \/ Filter \/ Valves For Vacuum Generation \/ Reverse Check Valve (Vacuum Retention) \/ With LED Display, Pressure Switch for Vacuum \/ Vacuum Destructive Valve<\/td>\n<\/tr>\n<tr>\n<th>Ultimate Vacuum(kPa)<\/th>\n<td>-91<\/td>\n<th>Air Consumption Flow Rate(l\/min)<\/th>\n<td>24<\/td>\n<\/tr>\n<tr>\n<th>Vacuum Port Connecting Port Shape<\/th>\n<td>One-Touch Coupling<\/td>\n<th>Vacuum Port One-Touch Fitting Size<\/th>\n<td>\u00d86<\/td>\n<\/tr>\n<tr>\n<th>Air Supply Port Connecting Port Shape<\/th>\n<td>One-Touch Coupling<\/td>\n<th>Air Supply Port One-Touch Fitting Size<\/th>\n<td>\u00d86<\/td>\n<\/tr>\n<tr>\n<th>Application<\/th>\n<td>Single Item<\/td>\n<th>Operating Pressure Range(MPa)<\/th>\n<td>0.3\uff5e0.6<\/td>\n<\/tr>\n<tr>\n<th>Operating Temp. Range(\u00b0C)<\/th>\n<td>-5\uff5e50<\/td>\n<th>Suction Flow(l\/min)<\/th>\n<td>29<\/td>\n<\/tr>\n<tr class=\"VN_table-row\">\n<th>Nozzle Dia.<\/th>\n<td>0.7mm<\/td>\n<th>Exhaust specifications<\/th>\n<td>Silencer exhaust<\/td>\n<\/tr>\n<tr class=\"VN_table-row\">\n<th>Exhaust port<\/th>\n<td>&#8211;<\/td>\n<th>Combination of supply valve and release valve<\/th>\n<td>Supply valve (N.C.) \/ release valve (N.C.)<\/td>\n<\/tr>\n<tr class=\"VN_table-row\">\n<th>Rated voltage<\/th>\n<td>24\u00a0V\u00a0DC<\/td>\n<th>Electrical entry<\/th>\n<td>L-type plug connector<\/td>\n<\/tr>\n<tr class=\"VN_table-row\">\n<th>Light\/surge voltage suppressor<\/th>\n<td>Yes<\/td>\n<th>Manual<\/th>\n<td>Non-locking type<\/td>\n<\/tr>\n<tr class=\"VN_table-row\">\n<th>Vacuum pressure sensor<\/th>\n<td>Digital pressure switch for vacuum<\/td>\n<th>Output specifications<\/th>\n<td>NPN 2 outputs (0 to \u2212101\u00a0kPa)<\/td>\n<\/tr>\n<tr class=\"VN_table-row\">\n<th>Unit specifications<\/th>\n<td>With unit selection function<\/td>\n<th>Lead wire specifications<\/th>\n<td>Lead wire with connector<\/td>\n<\/tr>\n<tr class=\"VN_table-row\">\n<th>Accessories<\/th>\n<td>With 1 bracket for single unit (mounting screws attached)<\/td>\n<th>Vacuum switch electrical entry<\/th>\n<td>With lead wire for sensors<\/td>\n<\/tr>\n<tr class=\"VN_table-row\">\n<th>Vacuum break flow adjusting needle<\/th>\n<td>Round lock nut type<\/td>\n<th>Options<\/th>\n<td>&#8211;<\/td>\n<\/tr>\n<\/tbody>\n<\/table>\n<p>&nbsp;<\/p>\n<p>C\u00e1c m\u00e3 h\u00e0ng t\u01b0\u01a1ng t\u1ef1 ZK2A07K5AL-06 ZK2A07K5AL-08 ZK2A10K5AL-06 ZK2A10K5AL-08 ZK2A12K5AL-06 ZK2A12K5AL-08 ZK2A15K5AL-06 ZK2A15K5AL-08 ZK2A07K5ALA-06 ZK2A07K5ALA-08 ZK2A10K5ALA-06 ZK2A10K5ALA-08 ZK2A12K5ALA-06 ZK2A12K5ALA-08 ZK2A15K5ALA-06 ZK2A15K5ALA-08 ZK2A07K5NL2-06 ZK2A07K5NL2-08 ZK2A10K5NL2-06 ZK2A10K5NL2-08 ZK2A12K5NL2-06 ZK2A12K5NL2-08 ZK2A07K5KW-06 ZK2A10K5KW-06 ZK2A12K5KW-06 ZK2A10K5EL-06 ZK2A15K5RW-08 ZK2A15K5HL-08 ZK2A10K5CL-06 ZK2-ZSEA-A<\/p>\n<p>&nbsp;<\/p>\n","protected":false},"excerpt":{"rendered":"<p>SMC ZK2A07K5ALA-06 SMC ZK2A07K5AL-06 SMC ZK2A07K5AL-06,ZK2A10K5ALA-06, ZK2A12K5AL-08 Product Description A vacuum unit ejector system manufactured by SMC [Features] \u00b7 Built-in digital pressure switch for vacuums, with energy-saving function. Cuts the air supply upon reaching vacuum: Leading to 90% reduction in air consumption \u00b7 Has a 2-stage ejector structure that increases&hellip; <\/p>\n","protected":false},"featured_media":3275,"comment_status":"open","ping_status":"closed","template":"","meta":[],"product_cat":[283],"product_tag":[93,235,92,621],"class_list":{"0":"post-3274","1":"product","2":"type-product","3":"status-publish","4":"has-post-thumbnail","6":"product_cat-smc","7":"product_tag-dai-ly-smc-viet-nam","8":"product_tag-giac-hut-chan-khong","9":"product_tag-smc-viet-nam","10":"product_tag-vacuum-generator","12":"first","13":"instock","14":"shipping-taxable","15":"product-type-simple"},"yoast_head":"<!-- This site is optimized with the Yoast SEO plugin v22.8 - https:\/\/yoast.com\/wordpress\/plugins\/seo\/ -->\n<title>SMC ZK2A07K5ALA-06 - OMANI VI\u1ec6T NAM<\/title>\n<meta name=\"description\" content=\"SMC ZK2A07K5ALA-06 Vacuum Generator ; ZK2A07K5ALA-06 | Vacuum Unit, Ejector System\" \/>\n<meta name=\"robots\" content=\"index, follow, max-snippet:-1, max-image-preview:large, max-video-preview:-1\" \/>\n<link rel=\"canonical\" href=\"https:\/\/omanivietnam.com\/index.php\/san-pham\/smc-zk2a07k5ala-06\/\" \/>\n<meta property=\"og:locale\" content=\"vi_VN\" \/>\n<meta property=\"og:type\" content=\"article\" \/>\n<meta property=\"og:title\" content=\"SMC ZK2A07K5ALA-06 - OMANI VI\u1ec6T NAM\" \/>\n<meta property=\"og:description\" content=\"SMC ZK2A07K5ALA-06 Vacuum Generator ; ZK2A07K5ALA-06 | Vacuum Unit, Ejector System\" \/>\n<meta property=\"og:url\" content=\"https:\/\/omanivietnam.com\/index.php\/san-pham\/smc-zk2a07k5ala-06\/\" \/>\n<meta property=\"og:site_name\" content=\"OMANI VI\u1ec6T NAM\" \/>\n<meta property=\"article:modified_time\" content=\"2025-05-21T10:39:08+00:00\" \/>\n<meta property=\"og:image\" content=\"https:\/\/omanivietnam.com\/wp-content\/uploads\/2025\/02\/ZK2A07K5ALA-06.png\" \/>\n\t<meta property=\"og:image:width\" content=\"482\" \/>\n\t<meta property=\"og:image:height\" content=\"423\" \/>\n\t<meta property=\"og:image:type\" content=\"image\/png\" \/>\n<meta name=\"twitter:card\" content=\"summary_large_image\" \/>\n<meta name=\"twitter:label1\" content=\"\u01af\u1edbc t\u00ednh th\u1eddi gian \u0111\u1ecdc\" \/>\n\t<meta name=\"twitter:data1\" content=\"3 ph\u00fat\" \/>\n<script type=\"application\/ld+json\" class=\"yoast-schema-graph\">{\"@context\":\"https:\/\/schema.org\",\"@graph\":[{\"@type\":\"WebPage\",\"@id\":\"https:\/\/omanivietnam.com\/index.php\/san-pham\/smc-zk2a07k5ala-06\/\",\"url\":\"https:\/\/omanivietnam.com\/index.php\/san-pham\/smc-zk2a07k5ala-06\/\",\"name\":\"SMC ZK2A07K5ALA-06 - OMANI VI\u1ec6T NAM\",\"isPartOf\":{\"@id\":\"https:\/\/omanivietnam.com\/#website\"},\"primaryImageOfPage\":{\"@id\":\"https:\/\/omanivietnam.com\/index.php\/san-pham\/smc-zk2a07k5ala-06\/#primaryimage\"},\"image\":{\"@id\":\"https:\/\/omanivietnam.com\/index.php\/san-pham\/smc-zk2a07k5ala-06\/#primaryimage\"},\"thumbnailUrl\":\"https:\/\/omanivietnam.com\/wp-content\/uploads\/2025\/02\/ZK2A07K5ALA-06.png\",\"datePublished\":\"2025-02-28T13:30:00+00:00\",\"dateModified\":\"2025-05-21T10:39:08+00:00\",\"description\":\"SMC ZK2A07K5ALA-06 Vacuum Generator ; ZK2A07K5ALA-06 | Vacuum Unit, Ejector System\",\"breadcrumb\":{\"@id\":\"https:\/\/omanivietnam.com\/index.php\/san-pham\/smc-zk2a07k5ala-06\/#breadcrumb\"},\"inLanguage\":\"vi\",\"potentialAction\":[{\"@type\":\"ReadAction\",\"target\":[\"https:\/\/omanivietnam.com\/index.php\/san-pham\/smc-zk2a07k5ala-06\/\"]}]},{\"@type\":\"ImageObject\",\"inLanguage\":\"vi\",\"@id\":\"https:\/\/omanivietnam.com\/index.php\/san-pham\/smc-zk2a07k5ala-06\/#primaryimage\",\"url\":\"https:\/\/omanivietnam.com\/wp-content\/uploads\/2025\/02\/ZK2A07K5ALA-06.png\",\"contentUrl\":\"https:\/\/omanivietnam.com\/wp-content\/uploads\/2025\/02\/ZK2A07K5ALA-06.png\",\"width\":482,\"height\":423},{\"@type\":\"BreadcrumbList\",\"@id\":\"https:\/\/omanivietnam.com\/index.php\/san-pham\/smc-zk2a07k5ala-06\/#breadcrumb\",\"itemListElement\":[{\"@type\":\"ListItem\",\"position\":1,\"name\":\"Home\",\"item\":\"https:\/\/omanivietnam.com\/\"},{\"@type\":\"ListItem\",\"position\":2,\"name\":\"S\u1ea2N PH\u1ea8M\",\"item\":\"https:\/\/omanivietnam.com\/index.php\/cua-hang\/\"},{\"@type\":\"ListItem\",\"position\":3,\"name\":\"SMC ZK2A07K5ALA-06\"}]},{\"@type\":\"WebSite\",\"@id\":\"https:\/\/omanivietnam.com\/#website\",\"url\":\"https:\/\/omanivietnam.com\/\",\"name\":\"OMANI VI\u1ec6T NAM\",\"description\":\"Nh\u00e0 ph\u00e2n ph\u1ed1i thi\u1ebft b\u1ecb kh\u00ed n\u00e9n v\u00e0 thi\u1ebft b\u1ecb t\u1ef1 \u0111\u1ed9ng h\u00f3a trong c\u00f4ng nghi\u1ec7p\",\"publisher\":{\"@id\":\"https:\/\/omanivietnam.com\/#\/schema\/person\/0ad398a980dc3fd696111c2c5c8fa897\"},\"potentialAction\":[{\"@type\":\"SearchAction\",\"target\":{\"@type\":\"EntryPoint\",\"urlTemplate\":\"https:\/\/omanivietnam.com\/?s={search_term_string}\"},\"query-input\":\"required name=search_term_string\"}],\"inLanguage\":\"vi\"},{\"@type\":[\"Person\",\"Organization\"],\"@id\":\"https:\/\/omanivietnam.com\/#\/schema\/person\/0ad398a980dc3fd696111c2c5c8fa897\",\"name\":\"Nguy\u1ec5n V\u0103n Kh\u00e1nh\",\"image\":{\"@type\":\"ImageObject\",\"inLanguage\":\"vi\",\"@id\":\"https:\/\/omanivietnam.com\/#\/schema\/person\/image\/\",\"url\":\"https:\/\/omanivietnam.com\/wp-content\/uploads\/2024\/06\/logo-1024x1024.png\",\"contentUrl\":\"https:\/\/omanivietnam.com\/wp-content\/uploads\/2024\/06\/logo-1024x1024.png\",\"width\":1024,\"height\":1024,\"caption\":\"Nguy\u1ec5n V\u0103n Kh\u00e1nh\"},\"logo\":{\"@id\":\"https:\/\/omanivietnam.com\/#\/schema\/person\/image\/\"},\"sameAs\":[\"https:\/\/omanivietnam.com\"]}]}<\/script>\n<!-- \/ Yoast SEO plugin. -->","yoast_head_json":{"title":"SMC ZK2A07K5ALA-06 - OMANI VI\u1ec6T NAM","description":"SMC ZK2A07K5ALA-06 Vacuum Generator ; ZK2A07K5ALA-06 | Vacuum Unit, Ejector System","robots":{"index":"index","follow":"follow","max-snippet":"max-snippet:-1","max-image-preview":"max-image-preview:large","max-video-preview":"max-video-preview:-1"},"canonical":"https:\/\/omanivietnam.com\/index.php\/san-pham\/smc-zk2a07k5ala-06\/","og_locale":"vi_VN","og_type":"article","og_title":"SMC ZK2A07K5ALA-06 - OMANI VI\u1ec6T NAM","og_description":"SMC ZK2A07K5ALA-06 Vacuum Generator ; ZK2A07K5ALA-06 | Vacuum Unit, Ejector System","og_url":"https:\/\/omanivietnam.com\/index.php\/san-pham\/smc-zk2a07k5ala-06\/","og_site_name":"OMANI VI\u1ec6T NAM","article_modified_time":"2025-05-21T10:39:08+00:00","og_image":[{"width":482,"height":423,"url":"https:\/\/omanivietnam.com\/wp-content\/uploads\/2025\/02\/ZK2A07K5ALA-06.png","type":"image\/png"}],"twitter_card":"summary_large_image","twitter_misc":{"\u01af\u1edbc t\u00ednh th\u1eddi gian \u0111\u1ecdc":"3 ph\u00fat"},"schema":{"@context":"https:\/\/schema.org","@graph":[{"@type":"WebPage","@id":"https:\/\/omanivietnam.com\/index.php\/san-pham\/smc-zk2a07k5ala-06\/","url":"https:\/\/omanivietnam.com\/index.php\/san-pham\/smc-zk2a07k5ala-06\/","name":"SMC ZK2A07K5ALA-06 - OMANI VI\u1ec6T NAM","isPartOf":{"@id":"https:\/\/omanivietnam.com\/#website"},"primaryImageOfPage":{"@id":"https:\/\/omanivietnam.com\/index.php\/san-pham\/smc-zk2a07k5ala-06\/#primaryimage"},"image":{"@id":"https:\/\/omanivietnam.com\/index.php\/san-pham\/smc-zk2a07k5ala-06\/#primaryimage"},"thumbnailUrl":"https:\/\/omanivietnam.com\/wp-content\/uploads\/2025\/02\/ZK2A07K5ALA-06.png","datePublished":"2025-02-28T13:30:00+00:00","dateModified":"2025-05-21T10:39:08+00:00","description":"SMC ZK2A07K5ALA-06 Vacuum Generator ; ZK2A07K5ALA-06 | Vacuum Unit, Ejector System","breadcrumb":{"@id":"https:\/\/omanivietnam.com\/index.php\/san-pham\/smc-zk2a07k5ala-06\/#breadcrumb"},"inLanguage":"vi","potentialAction":[{"@type":"ReadAction","target":["https:\/\/omanivietnam.com\/index.php\/san-pham\/smc-zk2a07k5ala-06\/"]}]},{"@type":"ImageObject","inLanguage":"vi","@id":"https:\/\/omanivietnam.com\/index.php\/san-pham\/smc-zk2a07k5ala-06\/#primaryimage","url":"https:\/\/omanivietnam.com\/wp-content\/uploads\/2025\/02\/ZK2A07K5ALA-06.png","contentUrl":"https:\/\/omanivietnam.com\/wp-content\/uploads\/2025\/02\/ZK2A07K5ALA-06.png","width":482,"height":423},{"@type":"BreadcrumbList","@id":"https:\/\/omanivietnam.com\/index.php\/san-pham\/smc-zk2a07k5ala-06\/#breadcrumb","itemListElement":[{"@type":"ListItem","position":1,"name":"Home","item":"https:\/\/omanivietnam.com\/"},{"@type":"ListItem","position":2,"name":"S\u1ea2N PH\u1ea8M","item":"https:\/\/omanivietnam.com\/index.php\/cua-hang\/"},{"@type":"ListItem","position":3,"name":"SMC ZK2A07K5ALA-06"}]},{"@type":"WebSite","@id":"https:\/\/omanivietnam.com\/#website","url":"https:\/\/omanivietnam.com\/","name":"OMANI VI\u1ec6T NAM","description":"Nh\u00e0 ph\u00e2n ph\u1ed1i thi\u1ebft b\u1ecb kh\u00ed n\u00e9n v\u00e0 thi\u1ebft b\u1ecb t\u1ef1 \u0111\u1ed9ng h\u00f3a trong c\u00f4ng nghi\u1ec7p","publisher":{"@id":"https:\/\/omanivietnam.com\/#\/schema\/person\/0ad398a980dc3fd696111c2c5c8fa897"},"potentialAction":[{"@type":"SearchAction","target":{"@type":"EntryPoint","urlTemplate":"https:\/\/omanivietnam.com\/?s={search_term_string}"},"query-input":"required name=search_term_string"}],"inLanguage":"vi"},{"@type":["Person","Organization"],"@id":"https:\/\/omanivietnam.com\/#\/schema\/person\/0ad398a980dc3fd696111c2c5c8fa897","name":"Nguy\u1ec5n V\u0103n Kh\u00e1nh","image":{"@type":"ImageObject","inLanguage":"vi","@id":"https:\/\/omanivietnam.com\/#\/schema\/person\/image\/","url":"https:\/\/omanivietnam.com\/wp-content\/uploads\/2024\/06\/logo-1024x1024.png","contentUrl":"https:\/\/omanivietnam.com\/wp-content\/uploads\/2024\/06\/logo-1024x1024.png","width":1024,"height":1024,"caption":"Nguy\u1ec5n V\u0103n Kh\u00e1nh"},"logo":{"@id":"https:\/\/omanivietnam.com\/#\/schema\/person\/image\/"},"sameAs":["https:\/\/omanivietnam.com"]}]}},"_links":{"self":[{"href":"https:\/\/omanivietnam.com\/index.php\/wp-json\/wp\/v2\/product\/3274","targetHints":{"allow":["GET"]}}],"collection":[{"href":"https:\/\/omanivietnam.com\/index.php\/wp-json\/wp\/v2\/product"}],"about":[{"href":"https:\/\/omanivietnam.com\/index.php\/wp-json\/wp\/v2\/types\/product"}],"replies":[{"embeddable":true,"href":"https:\/\/omanivietnam.com\/index.php\/wp-json\/wp\/v2\/comments?post=3274"}],"wp:featuredmedia":[{"embeddable":true,"href":"https:\/\/omanivietnam.com\/index.php\/wp-json\/wp\/v2\/media\/3275"}],"wp:attachment":[{"href":"https:\/\/omanivietnam.com\/index.php\/wp-json\/wp\/v2\/media?parent=3274"}],"wp:term":[{"taxonomy":"product_cat","embeddable":true,"href":"https:\/\/omanivietnam.com\/index.php\/wp-json\/wp\/v2\/product_cat?post=3274"},{"taxonomy":"product_tag","embeddable":true,"href":"https:\/\/omanivietnam.com\/index.php\/wp-json\/wp\/v2\/product_tag?post=3274"}],"curies":[{"name":"wp","href":"https:\/\/api.w.org\/{rel}","templated":true}]}}