{"id":3282,"date":"2025-03-01T21:32:45","date_gmt":"2025-03-01T14:32:45","guid":{"rendered":"https:\/\/omanivietnam.com\/?post_type=product&#038;p=3282"},"modified":"2025-03-01T21:32:45","modified_gmt":"2025-03-01T14:32:45","slug":"smc-itv2050-01f2bn3","status":"publish","type":"product","link":"https:\/\/omanivietnam.com\/index.php\/san-pham\/smc-itv2050-01f2bn3\/","title":{"rendered":"SMC ITV2050-01F2BN3"},"content":{"rendered":"<p>SMC ITV2050-01F2BN3<\/p>\n<div class=\"PartNumberSpecList_table__2WUGL\">\n<div class=\"PartNumberSpecList_row__ayJSj\">\n<div class=\"PartNumberSpecList_cell__zIZJ3 PartNumberSpecList_headingCell__qeT5_\">\n<p>ITV1000\/2000\/3000 Series Electro-pneumatic Regulator<\/p>\n<p class=\"productView-title\">SMC ITV2050-01F2BN3 ITV1000\/2000\/3000 Series Electro-pneumatic Regulator<\/p>\n<ul>\n<li>Stepless control of air pressure in proportion to electric signals;<\/li>\n<li>Sensitivity: 0.2 kPa (100 kPa specification);<\/li>\n<li>Linearity: \u00b11% or less (F.S.);<\/li>\n<li>Hysteresis: 0.5% or less (F.S.);<\/li>\n<li>Communication: CC-Link, DeviceNetTM, PROFIBUS DP, RS-232C<\/li>\n<\/ul>\n<dl class=\"productView-info\">\n<dt class=\"productView-info-name productView-info-name--cfPressureRange\">Pressure Range: 0.9 MPa<\/dt>\n<dt class=\"productView-info-name productView-info-name--cfPowerSupplyVoltage\">Power Supply Voltage: 24 VDC<\/dt>\n<dt class=\"productView-info-name productView-info-name--cfInputSignal\">Input Signal: Current Type 4 To 20 Ma DC (Sink Type)<\/dt>\n<dt class=\"productView-info-name productView-info-name--cfMonitorOutput\">Monitor Output: Analog Output 1 To 5 VDC<\/dt>\n<dt class=\"productView-info-name productView-info-name--cfThreadType\">Thread Type: G<\/dt>\n<dt class=\"productView-info-name productView-info-name--cfPortSize\">Port Size: 1\/4<\/dt>\n<dt class=\"productView-info-name productView-info-name--cfBracket\">Bracket: Flat Bracket<\/dt>\n<dt class=\"productView-info-name productView-info-name--cfCableConnector\">Cable connector: Without Cable Connector<\/dt>\n<dt class=\"productView-info-name productView-info-name--cfPressureDisplayUnit\">Pressure display unit: bar<\/dt>\n<dt class=\"productView-info-name productView-info-name--cfMadeToOrder\">Made To Order: Standard<\/dt>\n<dt class=\"productView-info-name productView-info-name--cfCeCompliant\">CE-compliant: Standard Type<\/dt>\n<\/dl>\n<\/div>\n<\/div>\n<\/div>\n<p>2. C\u00e1c m\u00e3 h\u00e0ng t\u01b0\u01a1ng \u0111\u01b0\u01a1ng Van \u0111i\u1ec1u ch\u1ec9nh \u00e1p su\u1ea5t ITV2050-01F2BN3:<\/p>\n<p>ITV2050-01F2BN3<br \/>\nITV2050-01F2BN3-Q<br \/>\nITV2050-01F2BN3-X88<br \/>\nITV2050-01F2N<br \/>\nITV2050-01F2N3Q<br \/>\nITV2050-01F2N3-Q<br \/>\nITV2050-01F3BN2<br \/>\nITV2050-01F3BN2-Q<br \/>\nITV2050-01F3BN3<br \/>\nITV2050-01F3BN3-Q<br \/>\nITV2050-01F3BN-Q<br \/>\nITV2050-01F3L<br \/>\nITV2050-01F3L158<br \/>\nITV2050-01F3L-Q<br \/>\nITV2050-01F3L-X158<br \/>\nITV2050-01F3N<br \/>\nITV2050-01F3N3<br \/>\nITV2050-01F3N3Q<br \/>\nITV2050-01F3N3-Q<br \/>\nITV2050-01F3N-Q<br \/>\nITV2050-01F3S-Q<\/p>\n","protected":false},"excerpt":{"rendered":"<p>SMC ITV2050-01F2BN3 ITV1000\/2000\/3000 Series Electro-pneumatic Regulator SMC ITV2050-01F2BN3 ITV1000\/2000\/3000 Series Electro-pneumatic Regulator Stepless control of air pressure in proportion to electric signals; Sensitivity: 0.2 kPa (100 kPa specification); Linearity: \u00b11% or less (F.S.); Hysteresis: 0.5% or less (F.S.); Communication: CC-Link, DeviceNetTM, PROFIBUS DP, RS-232C Pressure Range: 0.9 MPa Power Supply&hellip; <\/p>\n","protected":false},"featured_media":3283,"comment_status":"open","ping_status":"closed","template":"","meta":[],"product_cat":[283],"product_tag":[93,92,198],"class_list":{"0":"post-3282","1":"product","2":"type-product","3":"status-publish","4":"has-post-thumbnail","6":"product_cat-smc","7":"product_tag-dai-ly-smc-viet-nam","8":"product_tag-smc-viet-nam","9":"product_tag-van-dieu-ap","11":"first","12":"instock","13":"shipping-taxable","14":"product-type-simple"},"yoast_head":"<!-- This site is optimized with the Yoast SEO plugin v22.8 - https:\/\/yoast.com\/wordpress\/plugins\/seo\/ -->\n<title>SMC ITV2050-01F2BN3 - OMANI VI\u1ec6T NAM<\/title>\n<meta name=\"description\" content=\"SMC ITV2050-01F2BN3 ITV1000\/2000\/3000 Series Electro-pneumatic Regulator\" \/>\n<meta name=\"robots\" content=\"index, follow, max-snippet:-1, max-image-preview:large, max-video-preview:-1\" \/>\n<link rel=\"canonical\" href=\"https:\/\/omanivietnam.com\/index.php\/san-pham\/smc-itv2050-01f2bn3\/\" \/>\n<meta property=\"og:locale\" content=\"vi_VN\" \/>\n<meta property=\"og:type\" content=\"article\" \/>\n<meta property=\"og:title\" content=\"SMC ITV2050-01F2BN3 - OMANI VI\u1ec6T NAM\" \/>\n<meta property=\"og:description\" content=\"SMC ITV2050-01F2BN3 ITV1000\/2000\/3000 Series Electro-pneumatic Regulator\" \/>\n<meta property=\"og:url\" content=\"https:\/\/omanivietnam.com\/index.php\/san-pham\/smc-itv2050-01f2bn3\/\" \/>\n<meta property=\"og:site_name\" content=\"OMANI VI\u1ec6T NAM\" \/>\n<meta property=\"og:image\" content=\"https:\/\/omanivietnam.com\/wp-content\/uploads\/2025\/03\/ITV2050-01F2BN3.png\" \/>\n\t<meta property=\"og:image:width\" content=\"615\" \/>\n\t<meta property=\"og:image:height\" content=\"595\" \/>\n\t<meta property=\"og:image:type\" content=\"image\/png\" \/>\n<meta name=\"twitter:card\" content=\"summary_large_image\" \/>\n<meta name=\"twitter:label1\" content=\"\u01af\u1edbc t\u00ednh th\u1eddi gian \u0111\u1ecdc\" \/>\n\t<meta name=\"twitter:data1\" content=\"1 ph\u00fat\" \/>\n<script type=\"application\/ld+json\" class=\"yoast-schema-graph\">{\"@context\":\"https:\/\/schema.org\",\"@graph\":[{\"@type\":\"WebPage\",\"@id\":\"https:\/\/omanivietnam.com\/index.php\/san-pham\/smc-itv2050-01f2bn3\/\",\"url\":\"https:\/\/omanivietnam.com\/index.php\/san-pham\/smc-itv2050-01f2bn3\/\",\"name\":\"SMC ITV2050-01F2BN3 - OMANI VI\u1ec6T NAM\",\"isPartOf\":{\"@id\":\"https:\/\/omanivietnam.com\/#website\"},\"primaryImageOfPage\":{\"@id\":\"https:\/\/omanivietnam.com\/index.php\/san-pham\/smc-itv2050-01f2bn3\/#primaryimage\"},\"image\":{\"@id\":\"https:\/\/omanivietnam.com\/index.php\/san-pham\/smc-itv2050-01f2bn3\/#primaryimage\"},\"thumbnailUrl\":\"https:\/\/omanivietnam.com\/wp-content\/uploads\/2025\/03\/ITV2050-01F2BN3.png\",\"datePublished\":\"2025-03-01T14:32:45+00:00\",\"dateModified\":\"2025-03-01T14:32:45+00:00\",\"description\":\"SMC ITV2050-01F2BN3 ITV1000\/2000\/3000 Series Electro-pneumatic Regulator\",\"breadcrumb\":{\"@id\":\"https:\/\/omanivietnam.com\/index.php\/san-pham\/smc-itv2050-01f2bn3\/#breadcrumb\"},\"inLanguage\":\"vi\",\"potentialAction\":[{\"@type\":\"ReadAction\",\"target\":[\"https:\/\/omanivietnam.com\/index.php\/san-pham\/smc-itv2050-01f2bn3\/\"]}]},{\"@type\":\"ImageObject\",\"inLanguage\":\"vi\",\"@id\":\"https:\/\/omanivietnam.com\/index.php\/san-pham\/smc-itv2050-01f2bn3\/#primaryimage\",\"url\":\"https:\/\/omanivietnam.com\/wp-content\/uploads\/2025\/03\/ITV2050-01F2BN3.png\",\"contentUrl\":\"https:\/\/omanivietnam.com\/wp-content\/uploads\/2025\/03\/ITV2050-01F2BN3.png\",\"width\":615,\"height\":595},{\"@type\":\"BreadcrumbList\",\"@id\":\"https:\/\/omanivietnam.com\/index.php\/san-pham\/smc-itv2050-01f2bn3\/#breadcrumb\",\"itemListElement\":[{\"@type\":\"ListItem\",\"position\":1,\"name\":\"Home\",\"item\":\"https:\/\/omanivietnam.com\/\"},{\"@type\":\"ListItem\",\"position\":2,\"name\":\"S\u1ea2N PH\u1ea8M\",\"item\":\"https:\/\/omanivietnam.com\/index.php\/cua-hang\/\"},{\"@type\":\"ListItem\",\"position\":3,\"name\":\"SMC ITV2050-01F2BN3\"}]},{\"@type\":\"WebSite\",\"@id\":\"https:\/\/omanivietnam.com\/#website\",\"url\":\"https:\/\/omanivietnam.com\/\",\"name\":\"OMANI VI\u1ec6T NAM\",\"description\":\"Nh\u00e0 ph\u00e2n ph\u1ed1i thi\u1ebft b\u1ecb kh\u00ed n\u00e9n v\u00e0 thi\u1ebft b\u1ecb t\u1ef1 \u0111\u1ed9ng h\u00f3a trong c\u00f4ng nghi\u1ec7p\",\"publisher\":{\"@id\":\"https:\/\/omanivietnam.com\/#\/schema\/person\/0ad398a980dc3fd696111c2c5c8fa897\"},\"potentialAction\":[{\"@type\":\"SearchAction\",\"target\":{\"@type\":\"EntryPoint\",\"urlTemplate\":\"https:\/\/omanivietnam.com\/?s={search_term_string}\"},\"query-input\":\"required name=search_term_string\"}],\"inLanguage\":\"vi\"},{\"@type\":[\"Person\",\"Organization\"],\"@id\":\"https:\/\/omanivietnam.com\/#\/schema\/person\/0ad398a980dc3fd696111c2c5c8fa897\",\"name\":\"Nguy\u1ec5n V\u0103n Kh\u00e1nh\",\"image\":{\"@type\":\"ImageObject\",\"inLanguage\":\"vi\",\"@id\":\"https:\/\/omanivietnam.com\/#\/schema\/person\/image\/\",\"url\":\"https:\/\/omanivietnam.com\/wp-content\/uploads\/2024\/06\/logo-1024x1024.png\",\"contentUrl\":\"https:\/\/omanivietnam.com\/wp-content\/uploads\/2024\/06\/logo-1024x1024.png\",\"width\":1024,\"height\":1024,\"caption\":\"Nguy\u1ec5n V\u0103n Kh\u00e1nh\"},\"logo\":{\"@id\":\"https:\/\/omanivietnam.com\/#\/schema\/person\/image\/\"},\"sameAs\":[\"https:\/\/omanivietnam.com\"]}]}<\/script>\n<!-- \/ Yoast SEO plugin. -->","yoast_head_json":{"title":"SMC ITV2050-01F2BN3 - OMANI VI\u1ec6T NAM","description":"SMC ITV2050-01F2BN3 ITV1000\/2000\/3000 Series Electro-pneumatic Regulator","robots":{"index":"index","follow":"follow","max-snippet":"max-snippet:-1","max-image-preview":"max-image-preview:large","max-video-preview":"max-video-preview:-1"},"canonical":"https:\/\/omanivietnam.com\/index.php\/san-pham\/smc-itv2050-01f2bn3\/","og_locale":"vi_VN","og_type":"article","og_title":"SMC ITV2050-01F2BN3 - OMANI VI\u1ec6T NAM","og_description":"SMC ITV2050-01F2BN3 ITV1000\/2000\/3000 Series Electro-pneumatic Regulator","og_url":"https:\/\/omanivietnam.com\/index.php\/san-pham\/smc-itv2050-01f2bn3\/","og_site_name":"OMANI VI\u1ec6T NAM","og_image":[{"width":615,"height":595,"url":"https:\/\/omanivietnam.com\/wp-content\/uploads\/2025\/03\/ITV2050-01F2BN3.png","type":"image\/png"}],"twitter_card":"summary_large_image","twitter_misc":{"\u01af\u1edbc t\u00ednh th\u1eddi gian \u0111\u1ecdc":"1 ph\u00fat"},"schema":{"@context":"https:\/\/schema.org","@graph":[{"@type":"WebPage","@id":"https:\/\/omanivietnam.com\/index.php\/san-pham\/smc-itv2050-01f2bn3\/","url":"https:\/\/omanivietnam.com\/index.php\/san-pham\/smc-itv2050-01f2bn3\/","name":"SMC ITV2050-01F2BN3 - OMANI VI\u1ec6T NAM","isPartOf":{"@id":"https:\/\/omanivietnam.com\/#website"},"primaryImageOfPage":{"@id":"https:\/\/omanivietnam.com\/index.php\/san-pham\/smc-itv2050-01f2bn3\/#primaryimage"},"image":{"@id":"https:\/\/omanivietnam.com\/index.php\/san-pham\/smc-itv2050-01f2bn3\/#primaryimage"},"thumbnailUrl":"https:\/\/omanivietnam.com\/wp-content\/uploads\/2025\/03\/ITV2050-01F2BN3.png","datePublished":"2025-03-01T14:32:45+00:00","dateModified":"2025-03-01T14:32:45+00:00","description":"SMC ITV2050-01F2BN3 ITV1000\/2000\/3000 Series Electro-pneumatic Regulator","breadcrumb":{"@id":"https:\/\/omanivietnam.com\/index.php\/san-pham\/smc-itv2050-01f2bn3\/#breadcrumb"},"inLanguage":"vi","potentialAction":[{"@type":"ReadAction","target":["https:\/\/omanivietnam.com\/index.php\/san-pham\/smc-itv2050-01f2bn3\/"]}]},{"@type":"ImageObject","inLanguage":"vi","@id":"https:\/\/omanivietnam.com\/index.php\/san-pham\/smc-itv2050-01f2bn3\/#primaryimage","url":"https:\/\/omanivietnam.com\/wp-content\/uploads\/2025\/03\/ITV2050-01F2BN3.png","contentUrl":"https:\/\/omanivietnam.com\/wp-content\/uploads\/2025\/03\/ITV2050-01F2BN3.png","width":615,"height":595},{"@type":"BreadcrumbList","@id":"https:\/\/omanivietnam.com\/index.php\/san-pham\/smc-itv2050-01f2bn3\/#breadcrumb","itemListElement":[{"@type":"ListItem","position":1,"name":"Home","item":"https:\/\/omanivietnam.com\/"},{"@type":"ListItem","position":2,"name":"S\u1ea2N PH\u1ea8M","item":"https:\/\/omanivietnam.com\/index.php\/cua-hang\/"},{"@type":"ListItem","position":3,"name":"SMC ITV2050-01F2BN3"}]},{"@type":"WebSite","@id":"https:\/\/omanivietnam.com\/#website","url":"https:\/\/omanivietnam.com\/","name":"OMANI VI\u1ec6T NAM","description":"Nh\u00e0 ph\u00e2n ph\u1ed1i thi\u1ebft b\u1ecb kh\u00ed n\u00e9n v\u00e0 thi\u1ebft b\u1ecb t\u1ef1 \u0111\u1ed9ng h\u00f3a trong c\u00f4ng nghi\u1ec7p","publisher":{"@id":"https:\/\/omanivietnam.com\/#\/schema\/person\/0ad398a980dc3fd696111c2c5c8fa897"},"potentialAction":[{"@type":"SearchAction","target":{"@type":"EntryPoint","urlTemplate":"https:\/\/omanivietnam.com\/?s={search_term_string}"},"query-input":"required name=search_term_string"}],"inLanguage":"vi"},{"@type":["Person","Organization"],"@id":"https:\/\/omanivietnam.com\/#\/schema\/person\/0ad398a980dc3fd696111c2c5c8fa897","name":"Nguy\u1ec5n V\u0103n Kh\u00e1nh","image":{"@type":"ImageObject","inLanguage":"vi","@id":"https:\/\/omanivietnam.com\/#\/schema\/person\/image\/","url":"https:\/\/omanivietnam.com\/wp-content\/uploads\/2024\/06\/logo-1024x1024.png","contentUrl":"https:\/\/omanivietnam.com\/wp-content\/uploads\/2024\/06\/logo-1024x1024.png","width":1024,"height":1024,"caption":"Nguy\u1ec5n V\u0103n Kh\u00e1nh"},"logo":{"@id":"https:\/\/omanivietnam.com\/#\/schema\/person\/image\/"},"sameAs":["https:\/\/omanivietnam.com"]}]}},"_links":{"self":[{"href":"https:\/\/omanivietnam.com\/index.php\/wp-json\/wp\/v2\/product\/3282","targetHints":{"allow":["GET"]}}],"collection":[{"href":"https:\/\/omanivietnam.com\/index.php\/wp-json\/wp\/v2\/product"}],"about":[{"href":"https:\/\/omanivietnam.com\/index.php\/wp-json\/wp\/v2\/types\/product"}],"replies":[{"embeddable":true,"href":"https:\/\/omanivietnam.com\/index.php\/wp-json\/wp\/v2\/comments?post=3282"}],"wp:featuredmedia":[{"embeddable":true,"href":"https:\/\/omanivietnam.com\/index.php\/wp-json\/wp\/v2\/media\/3283"}],"wp:attachment":[{"href":"https:\/\/omanivietnam.com\/index.php\/wp-json\/wp\/v2\/media?parent=3282"}],"wp:term":[{"taxonomy":"product_cat","embeddable":true,"href":"https:\/\/omanivietnam.com\/index.php\/wp-json\/wp\/v2\/product_cat?post=3282"},{"taxonomy":"product_tag","embeddable":true,"href":"https:\/\/omanivietnam.com\/index.php\/wp-json\/wp\/v2\/product_tag?post=3282"}],"curies":[{"name":"wp","href":"https:\/\/api.w.org\/{rel}","templated":true}]}}