{"id":3304,"date":"2025-03-06T17:56:45","date_gmt":"2025-03-06T10:56:45","guid":{"rendered":"https:\/\/omanivietnam.com\/?post_type=product&#038;p=3304"},"modified":"2025-03-06T17:56:45","modified_gmt":"2025-03-06T10:56:45","slug":"festo-dsr-40-180-p","status":"publish","type":"product","link":"https:\/\/omanivietnam.com\/index.php\/san-pham\/festo-dsr-40-180-p\/","title":{"rendered":"FESTO DSR-40-180-P"},"content":{"rendered":"<p>FESTO DSR-40-180-P<\/p>\n<p class=\"m-h1\">Rotary actuator, DSR Series (DSR-40-180-P)<\/p>\n<p class=\"m-h2\">Product Description<\/p>\n<p>[Specifications]<br \/>\n\u2022 Rotary vane actuator<br \/>\n\u2022 With spigot or hollow flanged shaft<br \/>\n\u2022 The modern alternative is the quarter turn actuator DRVS<\/p>\n<p class=\"m-h3\"><span data-lang=\"ENG\">Configured Specifications<\/span><\/p>\n<table class=\"m-listTable\" summary=\"Price, Spec., etc.\">\n<colgroup>\n<col width=\"20%\" \/>\n<col width=\"30%\" \/>\n<col width=\"20%\" \/>\n<col width=\"30%\" \/><\/colgroup>\n<tbody>\n<tr>\n<th>Operating Pressure Range(MPa)<\/th>\n<td>0.15\uff5e0.8<\/td>\n<th>Seals material<\/th>\n<td>NBR<\/td>\n<\/tr>\n<tr>\n<th>Drive shaft material<\/th>\n<td>Steel, Nickel-plated<\/td>\n<th>Size<\/th>\n<td>40<\/td>\n<\/tr>\n<tr>\n<th>Adjustment range of swivel angle(deg)<\/th>\n<td>0-180<\/td>\n<th>Swivel angle(deg)<\/th>\n<td>0-180<\/td>\n<\/tr>\n<tr>\n<th>Cushioning<\/th>\n<td>Elastic cushioning rings\/pads at both ends<\/td>\n<th>Min. Ambient temperature(\u00b0C)<\/th>\n<td>-10<\/td>\n<\/tr>\n<tr>\n<th>Max. Ambient temperature(\u00b0C)<\/th>\n<td>60<\/td>\n<th>Max. swivel frequency at 6\u00a0bar(Hz)<\/th>\n<td>3<\/td>\n<\/tr>\n<tr>\n<th>Theoretical torque at 6 bar(Nm)<\/th>\n<td>20<\/td>\n<th>Pneumatic connection<\/th>\n<td>G1\/4<\/td>\n<\/tr>\n<tr class=\"VN_table-row\">\n<th>Operating medium<\/th>\n<td>Compressed air as per ISO 8573-1:2010 [7:-:-]<\/td>\n<th>Manufacturer part #<\/th>\n<td>13467<\/td>\n<\/tr>\n<tr class=\"VN_table-row\">\n<th>RoHS<\/th>\n<td>10<\/td>\n<th>&#8211;<\/th>\n<td>&#8211;<\/td>\n<\/tr>\n<\/tbody>\n<\/table>\n<div class=\"row\">\n<div class=\"col-xs-12\">\n<p id=\"main-headline\" class=\"main-headline product-summary__headline\">Quarter turn actuator DSR-40-180-P<\/p>\n<\/div>\n<div class=\"col-xs-12 col-md-8 copytext promo-text product-summary__promo-text\">Rotary vane actuator with direct transmission to the drive shaft in the half-shell casing.<\/div>\n<\/div>\n<div class=\"row\">\n<div class=\"col-xs-12 col-sm-6 col-lg-5 col-lg-offset-1\">\n<div class=\"product-summary__description\">\n<ul class=\"text-list product-summary__list\">\n<li>Rotary vane actuator<\/li>\n<li>With spigot or hollow flanged shaft<\/li>\n<li>The modern alternative is the quarter turn actuator DRVS<\/li>\n<\/ul>\n<\/div>\n<\/div>\n<\/div>\n<p>33297 DSR-10-180-P<br \/>\n11909 DSR-12-180-P<br \/>\n11910 DSR-16-180-P<br \/>\n11911 DSR-25-180-P<br \/>\n11912 DSR-32-180-P<br \/>\n13467 DSR-40-180-P<br \/>\n33296 DSRL-10-180-P-FW<br \/>\n30654 DSRL-12-180-P-FW<br \/>\n30655 DSRL-16-180-P-FW<br \/>\n30656 DSRL-25-180-P-FW<br \/>\n30657 DSRL-32-180-P-FW<br \/>\n30658 DSRL-40-180-P-FW<br \/>\n150370 SIEN-M5B-PS-K-L<br \/>\n150371 SIEN-M5B-PS-S-L<br \/>\n150386 SIEN-M8B-PS-K-L<br \/>\n150387 SIEN-M8B-PS-S-L<br \/>\n541333 NEBU-M8G3-K-2.5-LE3<br \/>\n541334 NEBU-M8G3-K-5-LE3<br \/>\n541338 NEBU-M8W3-K-2.5-LE3<br \/>\n541341 NEBU-M8W3-K-5-LE3<\/p>\n","protected":false},"excerpt":{"rendered":"<p>FESTO DSR-40-180-P Rotary actuator, DSR Series (DSR-40-180-P) Product Description [Specifications] \u2022 Rotary vane actuator \u2022 With spigot or hollow flanged shaft \u2022 The modern alternative is the quarter turn actuator DRVS Configured Specifications Operating Pressure Range(MPa) 0.15\uff5e0.8 Seals material NBR Drive shaft material Steel, Nickel-plated Size 40 Adjustment range of&hellip; <\/p>\n","protected":false},"featured_media":3305,"comment_status":"open","ping_status":"closed","template":"","meta":[],"product_cat":[284],"product_tag":[364,363,98],"class_list":{"0":"post-3304","1":"product","2":"type-product","3":"status-publish","4":"has-post-thumbnail","6":"product_cat-festo","7":"product_tag-dai-ly-festo-viet-nam","8":"product_tag-festo-viet-nam","9":"product_tag-xy-lanh-khi","11":"first","12":"instock","13":"shipping-taxable","14":"product-type-simple"},"yoast_head":"<!-- This site is optimized with the Yoast SEO plugin v22.8 - https:\/\/yoast.com\/wordpress\/plugins\/seo\/ -->\n<title>FESTO DSR-40-180-P - OMANI VI\u1ec6T NAM<\/title>\n<meta name=\"description\" content=\"DSR-40-180-P Rotary actuator\" \/>\n<meta name=\"robots\" content=\"index, follow, max-snippet:-1, max-image-preview:large, max-video-preview:-1\" \/>\n<link rel=\"canonical\" href=\"https:\/\/omanivietnam.com\/index.php\/san-pham\/festo-dsr-40-180-p\/\" \/>\n<meta property=\"og:locale\" content=\"vi_VN\" \/>\n<meta property=\"og:type\" content=\"article\" \/>\n<meta property=\"og:title\" content=\"FESTO DSR-40-180-P - OMANI VI\u1ec6T NAM\" \/>\n<meta property=\"og:description\" content=\"DSR-40-180-P Rotary actuator\" \/>\n<meta property=\"og:url\" content=\"https:\/\/omanivietnam.com\/index.php\/san-pham\/festo-dsr-40-180-p\/\" \/>\n<meta property=\"og:site_name\" content=\"OMANI VI\u1ec6T NAM\" \/>\n<meta property=\"og:image\" content=\"https:\/\/omanivietnam.com\/wp-content\/uploads\/2025\/03\/DSR-40-180-P.png\" \/>\n\t<meta property=\"og:image:width\" content=\"1179\" \/>\n\t<meta property=\"og:image:height\" content=\"875\" \/>\n\t<meta property=\"og:image:type\" content=\"image\/png\" \/>\n<meta name=\"twitter:card\" content=\"summary_large_image\" \/>\n<meta name=\"twitter:label1\" content=\"\u01af\u1edbc t\u00ednh th\u1eddi gian \u0111\u1ecdc\" \/>\n\t<meta name=\"twitter:data1\" content=\"2 ph\u00fat\" \/>\n<script type=\"application\/ld+json\" class=\"yoast-schema-graph\">{\"@context\":\"https:\/\/schema.org\",\"@graph\":[{\"@type\":\"WebPage\",\"@id\":\"https:\/\/omanivietnam.com\/index.php\/san-pham\/festo-dsr-40-180-p\/\",\"url\":\"https:\/\/omanivietnam.com\/index.php\/san-pham\/festo-dsr-40-180-p\/\",\"name\":\"FESTO DSR-40-180-P - OMANI VI\u1ec6T NAM\",\"isPartOf\":{\"@id\":\"https:\/\/omanivietnam.com\/#website\"},\"primaryImageOfPage\":{\"@id\":\"https:\/\/omanivietnam.com\/index.php\/san-pham\/festo-dsr-40-180-p\/#primaryimage\"},\"image\":{\"@id\":\"https:\/\/omanivietnam.com\/index.php\/san-pham\/festo-dsr-40-180-p\/#primaryimage\"},\"thumbnailUrl\":\"https:\/\/omanivietnam.com\/wp-content\/uploads\/2025\/03\/DSR-40-180-P.png\",\"datePublished\":\"2025-03-06T10:56:45+00:00\",\"dateModified\":\"2025-03-06T10:56:45+00:00\",\"description\":\"DSR-40-180-P Rotary actuator\",\"breadcrumb\":{\"@id\":\"https:\/\/omanivietnam.com\/index.php\/san-pham\/festo-dsr-40-180-p\/#breadcrumb\"},\"inLanguage\":\"vi\",\"potentialAction\":[{\"@type\":\"ReadAction\",\"target\":[\"https:\/\/omanivietnam.com\/index.php\/san-pham\/festo-dsr-40-180-p\/\"]}]},{\"@type\":\"ImageObject\",\"inLanguage\":\"vi\",\"@id\":\"https:\/\/omanivietnam.com\/index.php\/san-pham\/festo-dsr-40-180-p\/#primaryimage\",\"url\":\"https:\/\/omanivietnam.com\/wp-content\/uploads\/2025\/03\/DSR-40-180-P.png\",\"contentUrl\":\"https:\/\/omanivietnam.com\/wp-content\/uploads\/2025\/03\/DSR-40-180-P.png\",\"width\":1179,\"height\":875},{\"@type\":\"BreadcrumbList\",\"@id\":\"https:\/\/omanivietnam.com\/index.php\/san-pham\/festo-dsr-40-180-p\/#breadcrumb\",\"itemListElement\":[{\"@type\":\"ListItem\",\"position\":1,\"name\":\"Home\",\"item\":\"https:\/\/omanivietnam.com\/\"},{\"@type\":\"ListItem\",\"position\":2,\"name\":\"S\u1ea2N PH\u1ea8M\",\"item\":\"https:\/\/omanivietnam.com\/index.php\/cua-hang\/\"},{\"@type\":\"ListItem\",\"position\":3,\"name\":\"FESTO DSR-40-180-P\"}]},{\"@type\":\"WebSite\",\"@id\":\"https:\/\/omanivietnam.com\/#website\",\"url\":\"https:\/\/omanivietnam.com\/\",\"name\":\"OMANI VI\u1ec6T NAM\",\"description\":\"Nh\u00e0 ph\u00e2n ph\u1ed1i thi\u1ebft b\u1ecb kh\u00ed n\u00e9n v\u00e0 thi\u1ebft b\u1ecb t\u1ef1 \u0111\u1ed9ng h\u00f3a trong c\u00f4ng nghi\u1ec7p\",\"publisher\":{\"@id\":\"https:\/\/omanivietnam.com\/#\/schema\/person\/0ad398a980dc3fd696111c2c5c8fa897\"},\"potentialAction\":[{\"@type\":\"SearchAction\",\"target\":{\"@type\":\"EntryPoint\",\"urlTemplate\":\"https:\/\/omanivietnam.com\/?s={search_term_string}\"},\"query-input\":\"required name=search_term_string\"}],\"inLanguage\":\"vi\"},{\"@type\":[\"Person\",\"Organization\"],\"@id\":\"https:\/\/omanivietnam.com\/#\/schema\/person\/0ad398a980dc3fd696111c2c5c8fa897\",\"name\":\"Nguy\u1ec5n V\u0103n Kh\u00e1nh\",\"image\":{\"@type\":\"ImageObject\",\"inLanguage\":\"vi\",\"@id\":\"https:\/\/omanivietnam.com\/#\/schema\/person\/image\/\",\"url\":\"https:\/\/omanivietnam.com\/wp-content\/uploads\/2024\/06\/logo-1024x1024.png\",\"contentUrl\":\"https:\/\/omanivietnam.com\/wp-content\/uploads\/2024\/06\/logo-1024x1024.png\",\"width\":1024,\"height\":1024,\"caption\":\"Nguy\u1ec5n V\u0103n Kh\u00e1nh\"},\"logo\":{\"@id\":\"https:\/\/omanivietnam.com\/#\/schema\/person\/image\/\"},\"sameAs\":[\"https:\/\/omanivietnam.com\"]}]}<\/script>\n<!-- \/ Yoast SEO plugin. -->","yoast_head_json":{"title":"FESTO DSR-40-180-P - OMANI VI\u1ec6T NAM","description":"DSR-40-180-P Rotary actuator","robots":{"index":"index","follow":"follow","max-snippet":"max-snippet:-1","max-image-preview":"max-image-preview:large","max-video-preview":"max-video-preview:-1"},"canonical":"https:\/\/omanivietnam.com\/index.php\/san-pham\/festo-dsr-40-180-p\/","og_locale":"vi_VN","og_type":"article","og_title":"FESTO DSR-40-180-P - OMANI VI\u1ec6T NAM","og_description":"DSR-40-180-P Rotary actuator","og_url":"https:\/\/omanivietnam.com\/index.php\/san-pham\/festo-dsr-40-180-p\/","og_site_name":"OMANI VI\u1ec6T NAM","og_image":[{"width":1179,"height":875,"url":"https:\/\/omanivietnam.com\/wp-content\/uploads\/2025\/03\/DSR-40-180-P.png","type":"image\/png"}],"twitter_card":"summary_large_image","twitter_misc":{"\u01af\u1edbc t\u00ednh th\u1eddi gian \u0111\u1ecdc":"2 ph\u00fat"},"schema":{"@context":"https:\/\/schema.org","@graph":[{"@type":"WebPage","@id":"https:\/\/omanivietnam.com\/index.php\/san-pham\/festo-dsr-40-180-p\/","url":"https:\/\/omanivietnam.com\/index.php\/san-pham\/festo-dsr-40-180-p\/","name":"FESTO DSR-40-180-P - OMANI VI\u1ec6T NAM","isPartOf":{"@id":"https:\/\/omanivietnam.com\/#website"},"primaryImageOfPage":{"@id":"https:\/\/omanivietnam.com\/index.php\/san-pham\/festo-dsr-40-180-p\/#primaryimage"},"image":{"@id":"https:\/\/omanivietnam.com\/index.php\/san-pham\/festo-dsr-40-180-p\/#primaryimage"},"thumbnailUrl":"https:\/\/omanivietnam.com\/wp-content\/uploads\/2025\/03\/DSR-40-180-P.png","datePublished":"2025-03-06T10:56:45+00:00","dateModified":"2025-03-06T10:56:45+00:00","description":"DSR-40-180-P Rotary actuator","breadcrumb":{"@id":"https:\/\/omanivietnam.com\/index.php\/san-pham\/festo-dsr-40-180-p\/#breadcrumb"},"inLanguage":"vi","potentialAction":[{"@type":"ReadAction","target":["https:\/\/omanivietnam.com\/index.php\/san-pham\/festo-dsr-40-180-p\/"]}]},{"@type":"ImageObject","inLanguage":"vi","@id":"https:\/\/omanivietnam.com\/index.php\/san-pham\/festo-dsr-40-180-p\/#primaryimage","url":"https:\/\/omanivietnam.com\/wp-content\/uploads\/2025\/03\/DSR-40-180-P.png","contentUrl":"https:\/\/omanivietnam.com\/wp-content\/uploads\/2025\/03\/DSR-40-180-P.png","width":1179,"height":875},{"@type":"BreadcrumbList","@id":"https:\/\/omanivietnam.com\/index.php\/san-pham\/festo-dsr-40-180-p\/#breadcrumb","itemListElement":[{"@type":"ListItem","position":1,"name":"Home","item":"https:\/\/omanivietnam.com\/"},{"@type":"ListItem","position":2,"name":"S\u1ea2N PH\u1ea8M","item":"https:\/\/omanivietnam.com\/index.php\/cua-hang\/"},{"@type":"ListItem","position":3,"name":"FESTO DSR-40-180-P"}]},{"@type":"WebSite","@id":"https:\/\/omanivietnam.com\/#website","url":"https:\/\/omanivietnam.com\/","name":"OMANI VI\u1ec6T NAM","description":"Nh\u00e0 ph\u00e2n ph\u1ed1i thi\u1ebft b\u1ecb kh\u00ed n\u00e9n v\u00e0 thi\u1ebft b\u1ecb t\u1ef1 \u0111\u1ed9ng h\u00f3a trong c\u00f4ng nghi\u1ec7p","publisher":{"@id":"https:\/\/omanivietnam.com\/#\/schema\/person\/0ad398a980dc3fd696111c2c5c8fa897"},"potentialAction":[{"@type":"SearchAction","target":{"@type":"EntryPoint","urlTemplate":"https:\/\/omanivietnam.com\/?s={search_term_string}"},"query-input":"required name=search_term_string"}],"inLanguage":"vi"},{"@type":["Person","Organization"],"@id":"https:\/\/omanivietnam.com\/#\/schema\/person\/0ad398a980dc3fd696111c2c5c8fa897","name":"Nguy\u1ec5n V\u0103n Kh\u00e1nh","image":{"@type":"ImageObject","inLanguage":"vi","@id":"https:\/\/omanivietnam.com\/#\/schema\/person\/image\/","url":"https:\/\/omanivietnam.com\/wp-content\/uploads\/2024\/06\/logo-1024x1024.png","contentUrl":"https:\/\/omanivietnam.com\/wp-content\/uploads\/2024\/06\/logo-1024x1024.png","width":1024,"height":1024,"caption":"Nguy\u1ec5n V\u0103n Kh\u00e1nh"},"logo":{"@id":"https:\/\/omanivietnam.com\/#\/schema\/person\/image\/"},"sameAs":["https:\/\/omanivietnam.com"]}]}},"_links":{"self":[{"href":"https:\/\/omanivietnam.com\/index.php\/wp-json\/wp\/v2\/product\/3304","targetHints":{"allow":["GET"]}}],"collection":[{"href":"https:\/\/omanivietnam.com\/index.php\/wp-json\/wp\/v2\/product"}],"about":[{"href":"https:\/\/omanivietnam.com\/index.php\/wp-json\/wp\/v2\/types\/product"}],"replies":[{"embeddable":true,"href":"https:\/\/omanivietnam.com\/index.php\/wp-json\/wp\/v2\/comments?post=3304"}],"wp:featuredmedia":[{"embeddable":true,"href":"https:\/\/omanivietnam.com\/index.php\/wp-json\/wp\/v2\/media\/3305"}],"wp:attachment":[{"href":"https:\/\/omanivietnam.com\/index.php\/wp-json\/wp\/v2\/media?parent=3304"}],"wp:term":[{"taxonomy":"product_cat","embeddable":true,"href":"https:\/\/omanivietnam.com\/index.php\/wp-json\/wp\/v2\/product_cat?post=3304"},{"taxonomy":"product_tag","embeddable":true,"href":"https:\/\/omanivietnam.com\/index.php\/wp-json\/wp\/v2\/product_tag?post=3304"}],"curies":[{"name":"wp","href":"https:\/\/api.w.org\/{rel}","templated":true}]}}