{"id":3306,"date":"2025-03-07T13:53:37","date_gmt":"2025-03-07T06:53:37","guid":{"rendered":"https:\/\/omanivietnam.com\/?post_type=product&#038;p=3306"},"modified":"2025-05-05T11:24:12","modified_gmt":"2025-05-05T04:24:12","slug":"zd-zd400-s","status":"publish","type":"product","link":"https:\/\/omanivietnam.com\/index.php\/san-pham\/zd-zd400-s\/","title":{"rendered":"ZD ZD400-S"},"content":{"rendered":"<p>ZD ZD400-S+ZV:2 Ratio 1:15<\/p>\n<p class=\"product_title entry-title\">ZD ZD400-S ZH:2 <strong>Ratio:<\/strong> 90:1 220\/380V<\/p>\n<h2>Description<\/h2>\n<p><strong>Condition:<\/strong> New, Check Test, Ok<br \/>\n<strong>Brand:<\/strong>\u00a0ZD<br \/>\n<strong>Model:<\/strong>\u00a0ZD400-S<br \/>\n<strong>Gear Model:<\/strong>\u00a0ZH:2<br \/>\n<strong>Gear Ratio:<\/strong>\u00a090:1<br \/>\n<strong>Voltage:<\/strong>\u00a0220\/380V<br \/>\n<strong>Power:<\/strong>\u00a0400w<br \/>\n<strong>RPM:<\/strong>\u00a01400\/1700<br \/>\n<strong>Frequency:<\/strong>\u00a050\/60Hz<br \/>\n<strong>Length(without flange &amp; shaft):<\/strong>\u00a0257mm<br \/>\n<strong>Motor Diameter:<\/strong>\u00a0145mm<br \/>\n<strong>Gear Diameter:<\/strong>\u00a0144mm<br \/>\n<strong>Flange Diameter:<\/strong>\u00a0112mm<br \/>\n<strong>Shaft Diameter:<\/strong>\u00a022mm<br \/>\n<strong>Weight:<\/strong>\u00a09.84kg<\/p>\n","protected":false},"excerpt":{"rendered":"<p>ZD ZD400-S+ZV:2 Ratio 1:15 ZD ZD400-S ZH:2 Ratio: 90:1 220\/380V Description Condition: New, Check Test, Ok Brand:\u00a0ZD Model:\u00a0ZD400-S Gear Model:\u00a0ZH:2 Gear Ratio:\u00a090:1 Voltage:\u00a0220\/380V Power:\u00a0400w RPM:\u00a01400\/1700 Frequency:\u00a050\/60Hz Length(without flange &amp; shaft):\u00a0257mm Motor Diameter:\u00a0145mm Gear Diameter:\u00a0144mm Flange Diameter:\u00a0112mm Shaft Diameter:\u00a022mm Weight:\u00a09.84kg<\/p>\n","protected":false},"featured_media":3307,"comment_status":"open","ping_status":"closed","template":"","meta":[],"product_cat":[629],"product_tag":[631,120,630],"class_list":{"0":"post-3306","1":"product","2":"type-product","3":"status-publish","4":"has-post-thumbnail","6":"product_cat-zd","7":"product_tag-dai-ly-zd-viet-nam","8":"product_tag-dong-co","9":"product_tag-zd-viet-nam","11":"first","12":"instock","13":"shipping-taxable","14":"product-type-simple"},"yoast_head":"<!-- This site is optimized with the Yoast SEO plugin v22.8 - https:\/\/yoast.com\/wordpress\/plugins\/seo\/ -->\n<title>ZD ZD400-S - OMANI VI\u1ec6T NAM<\/title>\n<meta name=\"description\" content=\"ZD ZD400-S stepper motor 220\/380V 400w 1400\/1700RPM Reduction\" \/>\n<meta name=\"robots\" content=\"index, follow, max-snippet:-1, max-image-preview:large, max-video-preview:-1\" \/>\n<link rel=\"canonical\" href=\"https:\/\/omanivietnam.com\/index.php\/san-pham\/zd-zd400-s\/\" \/>\n<meta property=\"og:locale\" content=\"vi_VN\" \/>\n<meta property=\"og:type\" content=\"article\" \/>\n<meta property=\"og:title\" content=\"ZD ZD400-S - OMANI VI\u1ec6T NAM\" \/>\n<meta property=\"og:description\" content=\"ZD ZD400-S stepper motor 220\/380V 400w 1400\/1700RPM Reduction\" \/>\n<meta property=\"og:url\" content=\"https:\/\/omanivietnam.com\/index.php\/san-pham\/zd-zd400-s\/\" \/>\n<meta property=\"og:site_name\" content=\"OMANI VI\u1ec6T NAM\" \/>\n<meta property=\"article:modified_time\" content=\"2025-05-05T04:24:12+00:00\" \/>\n<meta property=\"og:image\" content=\"https:\/\/omanivietnam.com\/wp-content\/uploads\/2025\/03\/ZD400-S.png\" \/>\n\t<meta property=\"og:image:width\" content=\"519\" \/>\n\t<meta property=\"og:image:height\" content=\"294\" \/>\n\t<meta property=\"og:image:type\" content=\"image\/png\" \/>\n<meta name=\"twitter:card\" content=\"summary_large_image\" \/>\n<meta name=\"twitter:label1\" content=\"\u01af\u1edbc t\u00ednh th\u1eddi gian \u0111\u1ecdc\" \/>\n\t<meta name=\"twitter:data1\" content=\"1 ph\u00fat\" \/>\n<script type=\"application\/ld+json\" class=\"yoast-schema-graph\">{\"@context\":\"https:\/\/schema.org\",\"@graph\":[{\"@type\":\"WebPage\",\"@id\":\"https:\/\/omanivietnam.com\/index.php\/san-pham\/zd-zd400-s\/\",\"url\":\"https:\/\/omanivietnam.com\/index.php\/san-pham\/zd-zd400-s\/\",\"name\":\"ZD ZD400-S - OMANI VI\u1ec6T NAM\",\"isPartOf\":{\"@id\":\"https:\/\/omanivietnam.com\/#website\"},\"primaryImageOfPage\":{\"@id\":\"https:\/\/omanivietnam.com\/index.php\/san-pham\/zd-zd400-s\/#primaryimage\"},\"image\":{\"@id\":\"https:\/\/omanivietnam.com\/index.php\/san-pham\/zd-zd400-s\/#primaryimage\"},\"thumbnailUrl\":\"https:\/\/omanivietnam.com\/wp-content\/uploads\/2025\/03\/ZD400-S.png\",\"datePublished\":\"2025-03-07T06:53:37+00:00\",\"dateModified\":\"2025-05-05T04:24:12+00:00\",\"description\":\"ZD ZD400-S stepper motor 220\/380V 400w 1400\/1700RPM Reduction\",\"breadcrumb\":{\"@id\":\"https:\/\/omanivietnam.com\/index.php\/san-pham\/zd-zd400-s\/#breadcrumb\"},\"inLanguage\":\"vi\",\"potentialAction\":[{\"@type\":\"ReadAction\",\"target\":[\"https:\/\/omanivietnam.com\/index.php\/san-pham\/zd-zd400-s\/\"]}]},{\"@type\":\"ImageObject\",\"inLanguage\":\"vi\",\"@id\":\"https:\/\/omanivietnam.com\/index.php\/san-pham\/zd-zd400-s\/#primaryimage\",\"url\":\"https:\/\/omanivietnam.com\/wp-content\/uploads\/2025\/03\/ZD400-S.png\",\"contentUrl\":\"https:\/\/omanivietnam.com\/wp-content\/uploads\/2025\/03\/ZD400-S.png\",\"width\":519,\"height\":294},{\"@type\":\"BreadcrumbList\",\"@id\":\"https:\/\/omanivietnam.com\/index.php\/san-pham\/zd-zd400-s\/#breadcrumb\",\"itemListElement\":[{\"@type\":\"ListItem\",\"position\":1,\"name\":\"Home\",\"item\":\"https:\/\/omanivietnam.com\/\"},{\"@type\":\"ListItem\",\"position\":2,\"name\":\"S\u1ea2N PH\u1ea8M\",\"item\":\"https:\/\/omanivietnam.com\/index.php\/cua-hang\/\"},{\"@type\":\"ListItem\",\"position\":3,\"name\":\"ZD ZD400-S\"}]},{\"@type\":\"WebSite\",\"@id\":\"https:\/\/omanivietnam.com\/#website\",\"url\":\"https:\/\/omanivietnam.com\/\",\"name\":\"OMANI VI\u1ec6T NAM\",\"description\":\"Nh\u00e0 ph\u00e2n ph\u1ed1i thi\u1ebft b\u1ecb kh\u00ed n\u00e9n v\u00e0 thi\u1ebft b\u1ecb t\u1ef1 \u0111\u1ed9ng h\u00f3a trong c\u00f4ng nghi\u1ec7p\",\"publisher\":{\"@id\":\"https:\/\/omanivietnam.com\/#\/schema\/person\/0ad398a980dc3fd696111c2c5c8fa897\"},\"potentialAction\":[{\"@type\":\"SearchAction\",\"target\":{\"@type\":\"EntryPoint\",\"urlTemplate\":\"https:\/\/omanivietnam.com\/?s={search_term_string}\"},\"query-input\":\"required name=search_term_string\"}],\"inLanguage\":\"vi\"},{\"@type\":[\"Person\",\"Organization\"],\"@id\":\"https:\/\/omanivietnam.com\/#\/schema\/person\/0ad398a980dc3fd696111c2c5c8fa897\",\"name\":\"Nguy\u1ec5n V\u0103n Kh\u00e1nh\",\"image\":{\"@type\":\"ImageObject\",\"inLanguage\":\"vi\",\"@id\":\"https:\/\/omanivietnam.com\/#\/schema\/person\/image\/\",\"url\":\"https:\/\/omanivietnam.com\/wp-content\/uploads\/2024\/06\/logo-1024x1024.png\",\"contentUrl\":\"https:\/\/omanivietnam.com\/wp-content\/uploads\/2024\/06\/logo-1024x1024.png\",\"width\":1024,\"height\":1024,\"caption\":\"Nguy\u1ec5n V\u0103n Kh\u00e1nh\"},\"logo\":{\"@id\":\"https:\/\/omanivietnam.com\/#\/schema\/person\/image\/\"},\"sameAs\":[\"https:\/\/omanivietnam.com\"]}]}<\/script>\n<!-- \/ Yoast SEO plugin. -->","yoast_head_json":{"title":"ZD ZD400-S - OMANI VI\u1ec6T NAM","description":"ZD ZD400-S stepper motor 220\/380V 400w 1400\/1700RPM Reduction","robots":{"index":"index","follow":"follow","max-snippet":"max-snippet:-1","max-image-preview":"max-image-preview:large","max-video-preview":"max-video-preview:-1"},"canonical":"https:\/\/omanivietnam.com\/index.php\/san-pham\/zd-zd400-s\/","og_locale":"vi_VN","og_type":"article","og_title":"ZD ZD400-S - OMANI VI\u1ec6T NAM","og_description":"ZD ZD400-S stepper motor 220\/380V 400w 1400\/1700RPM Reduction","og_url":"https:\/\/omanivietnam.com\/index.php\/san-pham\/zd-zd400-s\/","og_site_name":"OMANI VI\u1ec6T NAM","article_modified_time":"2025-05-05T04:24:12+00:00","og_image":[{"width":519,"height":294,"url":"https:\/\/omanivietnam.com\/wp-content\/uploads\/2025\/03\/ZD400-S.png","type":"image\/png"}],"twitter_card":"summary_large_image","twitter_misc":{"\u01af\u1edbc t\u00ednh th\u1eddi gian \u0111\u1ecdc":"1 ph\u00fat"},"schema":{"@context":"https:\/\/schema.org","@graph":[{"@type":"WebPage","@id":"https:\/\/omanivietnam.com\/index.php\/san-pham\/zd-zd400-s\/","url":"https:\/\/omanivietnam.com\/index.php\/san-pham\/zd-zd400-s\/","name":"ZD ZD400-S - OMANI VI\u1ec6T NAM","isPartOf":{"@id":"https:\/\/omanivietnam.com\/#website"},"primaryImageOfPage":{"@id":"https:\/\/omanivietnam.com\/index.php\/san-pham\/zd-zd400-s\/#primaryimage"},"image":{"@id":"https:\/\/omanivietnam.com\/index.php\/san-pham\/zd-zd400-s\/#primaryimage"},"thumbnailUrl":"https:\/\/omanivietnam.com\/wp-content\/uploads\/2025\/03\/ZD400-S.png","datePublished":"2025-03-07T06:53:37+00:00","dateModified":"2025-05-05T04:24:12+00:00","description":"ZD ZD400-S stepper motor 220\/380V 400w 1400\/1700RPM Reduction","breadcrumb":{"@id":"https:\/\/omanivietnam.com\/index.php\/san-pham\/zd-zd400-s\/#breadcrumb"},"inLanguage":"vi","potentialAction":[{"@type":"ReadAction","target":["https:\/\/omanivietnam.com\/index.php\/san-pham\/zd-zd400-s\/"]}]},{"@type":"ImageObject","inLanguage":"vi","@id":"https:\/\/omanivietnam.com\/index.php\/san-pham\/zd-zd400-s\/#primaryimage","url":"https:\/\/omanivietnam.com\/wp-content\/uploads\/2025\/03\/ZD400-S.png","contentUrl":"https:\/\/omanivietnam.com\/wp-content\/uploads\/2025\/03\/ZD400-S.png","width":519,"height":294},{"@type":"BreadcrumbList","@id":"https:\/\/omanivietnam.com\/index.php\/san-pham\/zd-zd400-s\/#breadcrumb","itemListElement":[{"@type":"ListItem","position":1,"name":"Home","item":"https:\/\/omanivietnam.com\/"},{"@type":"ListItem","position":2,"name":"S\u1ea2N PH\u1ea8M","item":"https:\/\/omanivietnam.com\/index.php\/cua-hang\/"},{"@type":"ListItem","position":3,"name":"ZD ZD400-S"}]},{"@type":"WebSite","@id":"https:\/\/omanivietnam.com\/#website","url":"https:\/\/omanivietnam.com\/","name":"OMANI VI\u1ec6T NAM","description":"Nh\u00e0 ph\u00e2n ph\u1ed1i thi\u1ebft b\u1ecb kh\u00ed n\u00e9n v\u00e0 thi\u1ebft b\u1ecb t\u1ef1 \u0111\u1ed9ng h\u00f3a trong c\u00f4ng nghi\u1ec7p","publisher":{"@id":"https:\/\/omanivietnam.com\/#\/schema\/person\/0ad398a980dc3fd696111c2c5c8fa897"},"potentialAction":[{"@type":"SearchAction","target":{"@type":"EntryPoint","urlTemplate":"https:\/\/omanivietnam.com\/?s={search_term_string}"},"query-input":"required name=search_term_string"}],"inLanguage":"vi"},{"@type":["Person","Organization"],"@id":"https:\/\/omanivietnam.com\/#\/schema\/person\/0ad398a980dc3fd696111c2c5c8fa897","name":"Nguy\u1ec5n V\u0103n Kh\u00e1nh","image":{"@type":"ImageObject","inLanguage":"vi","@id":"https:\/\/omanivietnam.com\/#\/schema\/person\/image\/","url":"https:\/\/omanivietnam.com\/wp-content\/uploads\/2024\/06\/logo-1024x1024.png","contentUrl":"https:\/\/omanivietnam.com\/wp-content\/uploads\/2024\/06\/logo-1024x1024.png","width":1024,"height":1024,"caption":"Nguy\u1ec5n V\u0103n Kh\u00e1nh"},"logo":{"@id":"https:\/\/omanivietnam.com\/#\/schema\/person\/image\/"},"sameAs":["https:\/\/omanivietnam.com"]}]}},"_links":{"self":[{"href":"https:\/\/omanivietnam.com\/index.php\/wp-json\/wp\/v2\/product\/3306","targetHints":{"allow":["GET"]}}],"collection":[{"href":"https:\/\/omanivietnam.com\/index.php\/wp-json\/wp\/v2\/product"}],"about":[{"href":"https:\/\/omanivietnam.com\/index.php\/wp-json\/wp\/v2\/types\/product"}],"replies":[{"embeddable":true,"href":"https:\/\/omanivietnam.com\/index.php\/wp-json\/wp\/v2\/comments?post=3306"}],"wp:featuredmedia":[{"embeddable":true,"href":"https:\/\/omanivietnam.com\/index.php\/wp-json\/wp\/v2\/media\/3307"}],"wp:attachment":[{"href":"https:\/\/omanivietnam.com\/index.php\/wp-json\/wp\/v2\/media?parent=3306"}],"wp:term":[{"taxonomy":"product_cat","embeddable":true,"href":"https:\/\/omanivietnam.com\/index.php\/wp-json\/wp\/v2\/product_cat?post=3306"},{"taxonomy":"product_tag","embeddable":true,"href":"https:\/\/omanivietnam.com\/index.php\/wp-json\/wp\/v2\/product_tag?post=3306"}],"curies":[{"name":"wp","href":"https:\/\/api.w.org\/{rel}","templated":true}]}}