{"id":3312,"date":"2025-03-08T21:52:07","date_gmt":"2025-03-08T14:52:07","guid":{"rendered":"https:\/\/omanivietnam.com\/?post_type=product&#038;p=3312"},"modified":"2025-03-08T21:52:07","modified_gmt":"2025-03-08T14:52:07","slug":"festo-vuvg-b10-m52-rzt-f-1p3","status":"publish","type":"product","link":"https:\/\/omanivietnam.com\/index.php\/san-pham\/festo-vuvg-b10-m52-rzt-f-1p3\/","title":{"rendered":"FESTO VUVG-B10-M52-RZT-F-1P3"},"content":{"rendered":"<p>FESTO VUVG-B10-M52-RZT-F-1P3<\/p>\n<p>Van \u0111i\u1ec7n t\u1eeb VUVG-B10-M52-RZT-F-1P3 (566490)<\/p>\n<p>Th\u00f4ng s\u1ed1 k\u1ef9 thu\u1eadt van \u0111i\u1ec7n t\u1eeb Festo VUVG-B10-M52-RZT-F-1P3 \u2013 Festo 566490<\/p>\n<p>&nbsp;<\/p>\n<div class=\"col-xs-12 col-md-4\">\n<div class=\"mehr open\">\n<table class=\"artikelauspraegung\">\n<tbody>\n<tr>\n<td class=\"hyphenate\">Ch\u1ee9c n\u0103ng van<\/td>\n<td class=\"hyphenate\">5\/2 monostable<\/td>\n<\/tr>\n<tr>\n<td class=\"hyphenate\">Ki\u1ec3u truy\u1ec1n \u0111\u1ed9ng<\/td>\n<td class=\"hyphenate\">\u0110i\u1ec7n<\/td>\n<\/tr>\n<tr>\n<td class=\"hyphenate\">Valve size [mm]<\/td>\n<td class=\"hyphenate\">10<\/td>\n<\/tr>\n<tr>\n<td class=\"hyphenate\">T\u1ed1c \u0111\u1ed9 d\u00f2ng d\u00f2ng kh\u00ed [l\/min]<\/td>\n<td class=\"hyphenate\">210 to 330<\/td>\n<\/tr>\n<tr>\n<td class=\"hyphenate\">\u00c1p l\u1ef1c v\u1eadn h\u00e0nh [bar]<\/td>\n<td class=\"hyphenate\">-0.9 to 10<\/td>\n<\/tr>\n<tr>\n<td class=\"hyphenate\">Thi\u1ebft l\u1eadp<\/td>\n<td class=\"hyphenate\">Piston pusher<\/td>\n<\/tr>\n<tr>\n<td class=\"hyphenate\">\u0110\u1eb7t l\u1ea1i c\u00e0i \u0111\u1eb7t<\/td>\n<td class=\"hyphenate\">Mechanical spring<br \/>\nPneumatic spring<\/td>\n<\/tr>\n<tr>\n<td class=\"hyphenate\">Permission<\/td>\n<td class=\"hyphenate\">RCM mark<br \/>\nc CSA us (OL)<br \/>\nc UL us \u2013 Recognized (OL)<\/td>\n<\/tr>\n<tr>\n<td class=\"hyphenate\">Protection category<\/td>\n<td class=\"hyphenate\">IP40<br \/>\nIP65<br \/>\nWith Socket<\/td>\n<\/tr>\n<tr>\n<td class=\"hyphenate\">\u0110\u01b0\u1eddng k\u00ednh ngo\u00e0i mm [mm]<\/td>\n<td class=\"hyphenate\">4,0<\/td>\n<\/tr>\n<tr>\n<td class=\"hyphenate\">Exhaust function<\/td>\n<td class=\"hyphenate\">Can be throttled<\/td>\n<\/tr>\n<tr>\n<td class=\"hyphenate\">Ni\u00eam phong<\/td>\n<td class=\"hyphenate\">Soft<\/td>\n<\/tr>\n<tr>\n<td class=\"hyphenate\">Nguy\u00ean l\u00fd ho\u1ea1t \u0111\u1ed9ng<\/td>\n<td class=\"hyphenate\">arbitrary<\/td>\n<\/tr>\n<tr>\n<td class=\"hyphenate\">Thao t\u00e1c b\u1eb1ng tay<\/td>\n<td class=\"hyphenate\">Ratcheting<br \/>\nCovered<br \/>\ntentative<\/td>\n<\/tr>\n<tr>\n<td class=\"hyphenate\">Lo\u1ea1i \u0111i\u1ec1u khi\u1ec3n<\/td>\n<td class=\"hyphenate\">pilot operated<\/td>\n<\/tr>\n<tr>\n<td class=\"hyphenate\">Ki\u1ec3m so\u00e1t cung c\u1ea5p kh\u00f4ng kh\u00ed<\/td>\n<td class=\"hyphenate\">external<\/td>\n<\/tr>\n<tr>\n<td class=\"hyphenate\">Overlap<\/td>\n<td class=\"hyphenate\">positive Overlap<\/td>\n<\/tr>\n<tr>\n<td class=\"hyphenate\">Control pressure [bar]<\/td>\n<td class=\"hyphenate\">2.5 to 8<\/td>\n<\/tr>\n<tr>\n<td class=\"hyphenate\">Vacuum capable<\/td>\n<td class=\"hyphenate\">yes<\/td>\n<\/tr>\n<tr>\n<td class=\"hyphenate\">Th\u1eddi gian \u0111\u00f3ng [ms]<\/td>\n<td class=\"hyphenate\">19<\/td>\n<\/tr>\n<tr>\n<td class=\"hyphenate\">Th\u1eddi gian m\u1edf [ms]<\/td>\n<td class=\"hyphenate\">7<\/td>\n<\/tr>\n<tr>\n<td class=\"hyphenate\">Th\u1eddi gian b\u1eadt ngu\u1ed3n<\/td>\n<td class=\"hyphenate\">100 %<\/td>\n<\/tr>\n<tr>\n<td class=\"hyphenate\">Max. positive test impulse at 0 signal [\u00b5s]<\/td>\n<td class=\"hyphenate\">700<\/td>\n<\/tr>\n<tr>\n<td class=\"hyphenate\">Max. negative test impulse for 1 signal [\u00b5s]<\/td>\n<td class=\"hyphenate\">900<\/td>\n<\/tr>\n<tr>\n<td class=\"hyphenate\">\u0110i\u1ec7n \u00e1p cu\u1ed9n h\u00fat<\/td>\n<td class=\"hyphenate\">24 V DC: Low current phase 0.3 W, high current phase 1,0 W<br \/>\n24 V DC: 1 W<\/td>\n<\/tr>\n<tr>\n<td class=\"hyphenate\">Dao \u0111\u1ed9ng \u0111i\u1ec7n \u00e1p cho ph\u00e9p<\/td>\n<td class=\"hyphenate\">\u00b1 10 %<\/td>\n<\/tr>\n<tr>\n<td class=\"hyphenate\">V\u1eadn h\u00e0nh<\/td>\n<td class=\"hyphenate\">Compressed air to ISO 8573-1:2010 [7:4:4]<\/td>\n<\/tr>\n<tr>\n<td class=\"hyphenate\">Th\u00f4ng tin v\u1ec1 ph\u01b0\u01a1ng ti\u1ec7n v\u1eadn h\u00e0nh v\u00e0 ki\u1ec3m so\u00e1t<\/td>\n<td class=\"hyphenate\">Oiled operation possible (required in further operations)<\/td>\n<\/tr>\n<tr>\n<td class=\"hyphenate\">C\u01b0\u1eddng \u0111\u1ed9 dao \u0111\u1ed9ng<\/td>\n<td class=\"hyphenate\">Transport use test with severity level 2 to FN 942017-4 and EN 60068-2-6<\/td>\n<\/tr>\n<tr>\n<td class=\"hyphenate\">Limits ambient and media temperature<\/td>\n<td class=\"hyphenate\">-5 \u2013 50 \u00b0C<br \/>\nWithout holding current reduction<\/td>\n<\/tr>\n<tr>\n<td class=\"hyphenate\">Ch\u1ed1ng s\u1ed1c<\/td>\n<td class=\"hyphenate\">Shock test with degree of severity 2 to FN 942017-5 and EN 60068-2-27<\/td>\n<\/tr>\n<tr>\n<td class=\"hyphenate\">L\u1edbp ch\u1ed1ng \u0103n m\u00f2n KBK<\/td>\n<td class=\"hyphenate\">2 \u2013 moderate corrosion stress<\/td>\n<\/tr>\n<tr>\n<td class=\"hyphenate\">Nhi\u1ec7t \u0111\u1ed9 trung b\u00ecnh [\u00b0C]<\/td>\n<td class=\"hyphenate\">-5 to 60<\/td>\n<\/tr>\n<tr>\n<td class=\"hyphenate\">Nhi\u1ec7t \u0111\u1ed9 m\u00f4i tr\u01b0\u1eddng xung quanh [\u00b0C]<\/td>\n<td class=\"hyphenate\">-5 to 60<\/td>\n<\/tr>\n<tr>\n<td class=\"hyphenate\">Kh\u1ed1i l\u01b0\u1ee3ng [g]<\/td>\n<td class=\"hyphenate\">55<\/td>\n<\/tr>\n<tr>\n<td class=\"hyphenate\">\u0110i\u1ec7n connection<\/td>\n<td class=\"hyphenate\">Via electrical connection plate<\/td>\n<\/tr>\n<tr>\n<td class=\"hyphenate\">Lo\u1ea1i bu\u1ed9c<\/td>\n<td class=\"hyphenate\">on terminal strip<\/td>\n<\/tr>\n<tr>\n<td class=\"hyphenate\">Th\u00f4ng tin v\u1eadt li\u1ec7u<\/td>\n<td class=\"hyphenate\">RoHs compliant<\/td>\n<\/tr>\n<tr>\n<td class=\"hyphenate\">V\u1eadt li\u1ec7u gio\u0103ng<\/td>\n<td class=\"hyphenate\">HNBR<br \/>\nNBR<\/td>\n<\/tr>\n<tr>\n<td class=\"hyphenate\">V\u1eadt li\u1ec7u th\u00e2n<\/td>\n<td class=\"hyphenate\">Aluminium wrought alloy<\/td>\n<\/tr>\n<tr>\n<td class=\"hyphenate\">control medium<\/td>\n<td class=\"hyphenate\">Compressed air to ISO 8573-1:2010 [7:4:4]<\/td>\n<\/tr>\n<\/tbody>\n<\/table>\n<\/div>\n<\/div>\n<h3>C\u00e1c m\u00e3 h\u00e0ng t\u01b0\u01a1ng \u0111\u01b0\u01a1ng Van \u0111i\u1ec7n t\u1eeb VUVG-B10-M52-RZT-F-1P3 (566490):<\/h3>\n<div>\n<div>\n<div>VUVG-B10-B52-ZT-F-1H2L 579142<\/div>\n<div>VUVG-B10-B52-ZT-F-1H2L-W1<\/div>\n<div>VUVG-B10-B52-ZT-F-1P3 566491<\/div>\n<div>VUVG-B10-B52-ZT-F-1T1L 573418<\/div>\n<div>VUVG-B10-M52-MZT-F-1P3 574367<\/div>\n<div>VUVG-B10-M52-MZT-F-1T1L 573417<\/div>\n<div>VUVG-B10-M52-RZT-F-1H2L 578875<\/div>\n<div>VUVG-B10-M52-RZT-F-1P3 566490<\/div>\n<div>VUVG-B10-M52-RZT-F-1T1L 573416<\/div>\n<div>VUVG-B10-P53C-ZT-F-1H2L 579155<\/div>\n<div>VUVG-B10-P53C-ZT-F-1P3 566492<\/div>\n<div>VUVG-B10-P53C-ZT-F-1T1L 573419<\/div>\n<div>VUVG-B10-P53E-ZT-F-1P3 566493<\/div>\n<div>VUVG-B10-P53E-ZT-F-1T1L 573420<\/div>\n<div>VUVG-B10-P53U-ZT-F-1P3 566494<\/div>\n<div>VUVG-B10-P53U-ZT-F-1T1L 573421<\/div>\n<\/div>\n<\/div>\n","protected":false},"excerpt":{"rendered":"<p>FESTO VUVG-B10-M52-RZT-F-1P3 Van \u0111i\u1ec7n t\u1eeb VUVG-B10-M52-RZT-F-1P3 (566490) Th\u00f4ng s\u1ed1 k\u1ef9 thu\u1eadt van \u0111i\u1ec7n t\u1eeb Festo VUVG-B10-M52-RZT-F-1P3 \u2013 Festo 566490 &nbsp; Ch\u1ee9c n\u0103ng van 5\/2 monostable Ki\u1ec3u truy\u1ec1n \u0111\u1ed9ng \u0110i\u1ec7n Valve size [mm] 10 T\u1ed1c \u0111\u1ed9 d\u00f2ng d\u00f2ng kh\u00ed [l\/min] 210 to 330 \u00c1p l\u1ef1c v\u1eadn h\u00e0nh [bar] -0.9 to 10&hellip; <\/p>\n","protected":false},"featured_media":3313,"comment_status":"open","ping_status":"closed","template":"","meta":[],"product_cat":[284],"product_tag":[364,363,102],"class_list":{"0":"post-3312","1":"product","2":"type-product","3":"status-publish","4":"has-post-thumbnail","6":"product_cat-festo","7":"product_tag-dai-ly-festo-viet-nam","8":"product_tag-festo-viet-nam","9":"product_tag-van-khi-nen","11":"first","12":"instock","13":"shipping-taxable","14":"product-type-simple"},"yoast_head":"<!-- This site is optimized with the Yoast SEO plugin v22.8 - https:\/\/yoast.com\/wordpress\/plugins\/seo\/ -->\n<title>FESTO VUVG-B10-M52-RZT-F-1P3 - OMANI VI\u1ec6T NAM<\/title>\n<meta name=\"description\" content=\"FESTO VUVG-B10-M52-RZT-F-1P3 Solenoid valve\" \/>\n<meta name=\"robots\" content=\"index, follow, max-snippet:-1, max-image-preview:large, max-video-preview:-1\" \/>\n<link rel=\"canonical\" href=\"https:\/\/omanivietnam.com\/index.php\/san-pham\/festo-vuvg-b10-m52-rzt-f-1p3\/\" \/>\n<meta property=\"og:locale\" content=\"vi_VN\" \/>\n<meta property=\"og:type\" content=\"article\" \/>\n<meta property=\"og:title\" content=\"FESTO VUVG-B10-M52-RZT-F-1P3 - OMANI VI\u1ec6T NAM\" \/>\n<meta property=\"og:description\" content=\"FESTO VUVG-B10-M52-RZT-F-1P3 Solenoid valve\" \/>\n<meta property=\"og:url\" content=\"https:\/\/omanivietnam.com\/index.php\/san-pham\/festo-vuvg-b10-m52-rzt-f-1p3\/\" \/>\n<meta property=\"og:site_name\" content=\"OMANI VI\u1ec6T NAM\" \/>\n<meta property=\"og:image\" content=\"https:\/\/omanivietnam.com\/wp-content\/uploads\/2025\/03\/VUVG-B10-M52-RZT-F-1P3.png\" \/>\n\t<meta property=\"og:image:width\" content=\"832\" \/>\n\t<meta property=\"og:image:height\" content=\"786\" \/>\n\t<meta property=\"og:image:type\" content=\"image\/png\" \/>\n<meta name=\"twitter:card\" content=\"summary_large_image\" \/>\n<meta name=\"twitter:label1\" content=\"\u01af\u1edbc t\u00ednh th\u1eddi gian \u0111\u1ecdc\" \/>\n\t<meta name=\"twitter:data1\" content=\"3 ph\u00fat\" \/>\n<script type=\"application\/ld+json\" class=\"yoast-schema-graph\">{\"@context\":\"https:\/\/schema.org\",\"@graph\":[{\"@type\":\"WebPage\",\"@id\":\"https:\/\/omanivietnam.com\/index.php\/san-pham\/festo-vuvg-b10-m52-rzt-f-1p3\/\",\"url\":\"https:\/\/omanivietnam.com\/index.php\/san-pham\/festo-vuvg-b10-m52-rzt-f-1p3\/\",\"name\":\"FESTO VUVG-B10-M52-RZT-F-1P3 - OMANI VI\u1ec6T NAM\",\"isPartOf\":{\"@id\":\"https:\/\/omanivietnam.com\/#website\"},\"primaryImageOfPage\":{\"@id\":\"https:\/\/omanivietnam.com\/index.php\/san-pham\/festo-vuvg-b10-m52-rzt-f-1p3\/#primaryimage\"},\"image\":{\"@id\":\"https:\/\/omanivietnam.com\/index.php\/san-pham\/festo-vuvg-b10-m52-rzt-f-1p3\/#primaryimage\"},\"thumbnailUrl\":\"https:\/\/omanivietnam.com\/wp-content\/uploads\/2025\/03\/VUVG-B10-M52-RZT-F-1P3.png\",\"datePublished\":\"2025-03-08T14:52:07+00:00\",\"dateModified\":\"2025-03-08T14:52:07+00:00\",\"description\":\"FESTO VUVG-B10-M52-RZT-F-1P3 Solenoid valve\",\"breadcrumb\":{\"@id\":\"https:\/\/omanivietnam.com\/index.php\/san-pham\/festo-vuvg-b10-m52-rzt-f-1p3\/#breadcrumb\"},\"inLanguage\":\"vi\",\"potentialAction\":[{\"@type\":\"ReadAction\",\"target\":[\"https:\/\/omanivietnam.com\/index.php\/san-pham\/festo-vuvg-b10-m52-rzt-f-1p3\/\"]}]},{\"@type\":\"ImageObject\",\"inLanguage\":\"vi\",\"@id\":\"https:\/\/omanivietnam.com\/index.php\/san-pham\/festo-vuvg-b10-m52-rzt-f-1p3\/#primaryimage\",\"url\":\"https:\/\/omanivietnam.com\/wp-content\/uploads\/2025\/03\/VUVG-B10-M52-RZT-F-1P3.png\",\"contentUrl\":\"https:\/\/omanivietnam.com\/wp-content\/uploads\/2025\/03\/VUVG-B10-M52-RZT-F-1P3.png\",\"width\":832,\"height\":786},{\"@type\":\"BreadcrumbList\",\"@id\":\"https:\/\/omanivietnam.com\/index.php\/san-pham\/festo-vuvg-b10-m52-rzt-f-1p3\/#breadcrumb\",\"itemListElement\":[{\"@type\":\"ListItem\",\"position\":1,\"name\":\"Home\",\"item\":\"https:\/\/omanivietnam.com\/\"},{\"@type\":\"ListItem\",\"position\":2,\"name\":\"S\u1ea2N PH\u1ea8M\",\"item\":\"https:\/\/omanivietnam.com\/index.php\/cua-hang\/\"},{\"@type\":\"ListItem\",\"position\":3,\"name\":\"FESTO VUVG-B10-M52-RZT-F-1P3\"}]},{\"@type\":\"WebSite\",\"@id\":\"https:\/\/omanivietnam.com\/#website\",\"url\":\"https:\/\/omanivietnam.com\/\",\"name\":\"OMANI VI\u1ec6T NAM\",\"description\":\"Nh\u00e0 ph\u00e2n ph\u1ed1i thi\u1ebft b\u1ecb kh\u00ed n\u00e9n v\u00e0 thi\u1ebft b\u1ecb t\u1ef1 \u0111\u1ed9ng h\u00f3a trong c\u00f4ng nghi\u1ec7p\",\"publisher\":{\"@id\":\"https:\/\/omanivietnam.com\/#\/schema\/person\/0ad398a980dc3fd696111c2c5c8fa897\"},\"potentialAction\":[{\"@type\":\"SearchAction\",\"target\":{\"@type\":\"EntryPoint\",\"urlTemplate\":\"https:\/\/omanivietnam.com\/?s={search_term_string}\"},\"query-input\":\"required name=search_term_string\"}],\"inLanguage\":\"vi\"},{\"@type\":[\"Person\",\"Organization\"],\"@id\":\"https:\/\/omanivietnam.com\/#\/schema\/person\/0ad398a980dc3fd696111c2c5c8fa897\",\"name\":\"Nguy\u1ec5n V\u0103n Kh\u00e1nh\",\"image\":{\"@type\":\"ImageObject\",\"inLanguage\":\"vi\",\"@id\":\"https:\/\/omanivietnam.com\/#\/schema\/person\/image\/\",\"url\":\"https:\/\/omanivietnam.com\/wp-content\/uploads\/2024\/06\/logo-1024x1024.png\",\"contentUrl\":\"https:\/\/omanivietnam.com\/wp-content\/uploads\/2024\/06\/logo-1024x1024.png\",\"width\":1024,\"height\":1024,\"caption\":\"Nguy\u1ec5n V\u0103n Kh\u00e1nh\"},\"logo\":{\"@id\":\"https:\/\/omanivietnam.com\/#\/schema\/person\/image\/\"},\"sameAs\":[\"https:\/\/omanivietnam.com\"]}]}<\/script>\n<!-- \/ Yoast SEO plugin. -->","yoast_head_json":{"title":"FESTO VUVG-B10-M52-RZT-F-1P3 - OMANI VI\u1ec6T NAM","description":"FESTO VUVG-B10-M52-RZT-F-1P3 Solenoid valve","robots":{"index":"index","follow":"follow","max-snippet":"max-snippet:-1","max-image-preview":"max-image-preview:large","max-video-preview":"max-video-preview:-1"},"canonical":"https:\/\/omanivietnam.com\/index.php\/san-pham\/festo-vuvg-b10-m52-rzt-f-1p3\/","og_locale":"vi_VN","og_type":"article","og_title":"FESTO VUVG-B10-M52-RZT-F-1P3 - OMANI VI\u1ec6T NAM","og_description":"FESTO VUVG-B10-M52-RZT-F-1P3 Solenoid valve","og_url":"https:\/\/omanivietnam.com\/index.php\/san-pham\/festo-vuvg-b10-m52-rzt-f-1p3\/","og_site_name":"OMANI VI\u1ec6T NAM","og_image":[{"width":832,"height":786,"url":"https:\/\/omanivietnam.com\/wp-content\/uploads\/2025\/03\/VUVG-B10-M52-RZT-F-1P3.png","type":"image\/png"}],"twitter_card":"summary_large_image","twitter_misc":{"\u01af\u1edbc t\u00ednh th\u1eddi gian \u0111\u1ecdc":"3 ph\u00fat"},"schema":{"@context":"https:\/\/schema.org","@graph":[{"@type":"WebPage","@id":"https:\/\/omanivietnam.com\/index.php\/san-pham\/festo-vuvg-b10-m52-rzt-f-1p3\/","url":"https:\/\/omanivietnam.com\/index.php\/san-pham\/festo-vuvg-b10-m52-rzt-f-1p3\/","name":"FESTO VUVG-B10-M52-RZT-F-1P3 - OMANI VI\u1ec6T NAM","isPartOf":{"@id":"https:\/\/omanivietnam.com\/#website"},"primaryImageOfPage":{"@id":"https:\/\/omanivietnam.com\/index.php\/san-pham\/festo-vuvg-b10-m52-rzt-f-1p3\/#primaryimage"},"image":{"@id":"https:\/\/omanivietnam.com\/index.php\/san-pham\/festo-vuvg-b10-m52-rzt-f-1p3\/#primaryimage"},"thumbnailUrl":"https:\/\/omanivietnam.com\/wp-content\/uploads\/2025\/03\/VUVG-B10-M52-RZT-F-1P3.png","datePublished":"2025-03-08T14:52:07+00:00","dateModified":"2025-03-08T14:52:07+00:00","description":"FESTO VUVG-B10-M52-RZT-F-1P3 Solenoid valve","breadcrumb":{"@id":"https:\/\/omanivietnam.com\/index.php\/san-pham\/festo-vuvg-b10-m52-rzt-f-1p3\/#breadcrumb"},"inLanguage":"vi","potentialAction":[{"@type":"ReadAction","target":["https:\/\/omanivietnam.com\/index.php\/san-pham\/festo-vuvg-b10-m52-rzt-f-1p3\/"]}]},{"@type":"ImageObject","inLanguage":"vi","@id":"https:\/\/omanivietnam.com\/index.php\/san-pham\/festo-vuvg-b10-m52-rzt-f-1p3\/#primaryimage","url":"https:\/\/omanivietnam.com\/wp-content\/uploads\/2025\/03\/VUVG-B10-M52-RZT-F-1P3.png","contentUrl":"https:\/\/omanivietnam.com\/wp-content\/uploads\/2025\/03\/VUVG-B10-M52-RZT-F-1P3.png","width":832,"height":786},{"@type":"BreadcrumbList","@id":"https:\/\/omanivietnam.com\/index.php\/san-pham\/festo-vuvg-b10-m52-rzt-f-1p3\/#breadcrumb","itemListElement":[{"@type":"ListItem","position":1,"name":"Home","item":"https:\/\/omanivietnam.com\/"},{"@type":"ListItem","position":2,"name":"S\u1ea2N PH\u1ea8M","item":"https:\/\/omanivietnam.com\/index.php\/cua-hang\/"},{"@type":"ListItem","position":3,"name":"FESTO VUVG-B10-M52-RZT-F-1P3"}]},{"@type":"WebSite","@id":"https:\/\/omanivietnam.com\/#website","url":"https:\/\/omanivietnam.com\/","name":"OMANI VI\u1ec6T NAM","description":"Nh\u00e0 ph\u00e2n ph\u1ed1i thi\u1ebft b\u1ecb kh\u00ed n\u00e9n v\u00e0 thi\u1ebft b\u1ecb t\u1ef1 \u0111\u1ed9ng h\u00f3a trong c\u00f4ng nghi\u1ec7p","publisher":{"@id":"https:\/\/omanivietnam.com\/#\/schema\/person\/0ad398a980dc3fd696111c2c5c8fa897"},"potentialAction":[{"@type":"SearchAction","target":{"@type":"EntryPoint","urlTemplate":"https:\/\/omanivietnam.com\/?s={search_term_string}"},"query-input":"required name=search_term_string"}],"inLanguage":"vi"},{"@type":["Person","Organization"],"@id":"https:\/\/omanivietnam.com\/#\/schema\/person\/0ad398a980dc3fd696111c2c5c8fa897","name":"Nguy\u1ec5n V\u0103n Kh\u00e1nh","image":{"@type":"ImageObject","inLanguage":"vi","@id":"https:\/\/omanivietnam.com\/#\/schema\/person\/image\/","url":"https:\/\/omanivietnam.com\/wp-content\/uploads\/2024\/06\/logo-1024x1024.png","contentUrl":"https:\/\/omanivietnam.com\/wp-content\/uploads\/2024\/06\/logo-1024x1024.png","width":1024,"height":1024,"caption":"Nguy\u1ec5n V\u0103n Kh\u00e1nh"},"logo":{"@id":"https:\/\/omanivietnam.com\/#\/schema\/person\/image\/"},"sameAs":["https:\/\/omanivietnam.com"]}]}},"_links":{"self":[{"href":"https:\/\/omanivietnam.com\/index.php\/wp-json\/wp\/v2\/product\/3312","targetHints":{"allow":["GET"]}}],"collection":[{"href":"https:\/\/omanivietnam.com\/index.php\/wp-json\/wp\/v2\/product"}],"about":[{"href":"https:\/\/omanivietnam.com\/index.php\/wp-json\/wp\/v2\/types\/product"}],"replies":[{"embeddable":true,"href":"https:\/\/omanivietnam.com\/index.php\/wp-json\/wp\/v2\/comments?post=3312"}],"wp:featuredmedia":[{"embeddable":true,"href":"https:\/\/omanivietnam.com\/index.php\/wp-json\/wp\/v2\/media\/3313"}],"wp:attachment":[{"href":"https:\/\/omanivietnam.com\/index.php\/wp-json\/wp\/v2\/media?parent=3312"}],"wp:term":[{"taxonomy":"product_cat","embeddable":true,"href":"https:\/\/omanivietnam.com\/index.php\/wp-json\/wp\/v2\/product_cat?post=3312"},{"taxonomy":"product_tag","embeddable":true,"href":"https:\/\/omanivietnam.com\/index.php\/wp-json\/wp\/v2\/product_tag?post=3312"}],"curies":[{"name":"wp","href":"https:\/\/api.w.org\/{rel}","templated":true}]}}