{"id":3320,"date":"2025-03-10T22:32:53","date_gmt":"2025-03-10T15:32:53","guid":{"rendered":"https:\/\/omanivietnam.com\/?post_type=product&#038;p=3320"},"modified":"2025-03-10T22:32:53","modified_gmt":"2025-03-10T15:32:53","slug":"sick-tim320-1131000","status":"publish","type":"product","link":"https:\/\/omanivietnam.com\/index.php\/san-pham\/sick-tim320-1131000\/","title":{"rendered":"SICK TIM320-1131000"},"content":{"rendered":"<p>SICK TIM320-1131000<\/p>\n<p><strong>T\u00ean s\u1ea3n ph\u1ea9m:<\/strong>\u00a0Lidar Sensors<\/p>\n<p><strong>Lo\u1ea1i (Type):\u00a0<\/strong>TIM320-1131000<\/p>\n<p><strong>M\u00e3 s\u1ea3n ph\u1ea9m (Model):\u00a0<\/strong>1062219<\/p>\n<p><strong>M\u00f4 t\u1ea3 s\u1ea3n ph\u1ea9m:<\/strong>\u00a0Measurement principle HDDM+, Angle 270`, 15Hz, Scaning range 2, Power Supply: 8 \u2013 28 VDC. Interface: 4 DI, 3DO (PNP,additional).<\/p>\n<p><strong>K\u00edch c\u1ee1:\u00a0<\/strong>60 mm x 60 mm x 79 mm<\/p>\n<p>\u0110\u1eb7c \u0110i\u1ec3m K\u1ef9 Thu\u1eadt<\/p>\n<p>Ph\u1ea1m vi c\u1ea3m bi\u1ebfn l\u00ean t\u1edbi 25 m<br \/>\nPh\u1ea1m vi l\u00e0m vi\u1ec7c l\u00ean t\u1edbi 270\u00b0<br \/>\n\u0110\u1ed9 ph\u00e2n gi\u1ea3i g\u00f3c t\u1eeb 1\u00b0 \u0111\u1ebfn 0,33\u00b0<br \/>\nC\u00f4ng ngh\u1ec7 HDDM\/HDDM+ \u0111\u1ec3 ph\u00e1t hi\u1ec7n li\u1ec1n m\u1ea1ch c\u00e1c v\u1eadt th\u1ec3 nh\u1ecf<br \/>\nKh\u1ea3 n\u0103ng mi\u1ec5n d\u1ecbch \u00e1nh s\u00e1ng xung quanh cao l\u00ean t\u1edbi 80.000 lx<br \/>\nX\u1ebfp h\u1ea1ng bao v\u00e2y l\u00ean t\u1edbi IP67<br \/>\nGiao di\u1ec7n truy\u1ec1n th\u00f4ng \u0111\u01b0\u1ee3c ti\u00eau chu\u1ea9n h\u00f3a<br \/>\nTi\u00eau th\u1ee5 \u0111i\u1ec7n n\u0103ng r\u1ea5t th\u1ea5p<\/p>\n<p>Hi\u1ec7u qu\u1ea3 chi ph\u00ed \u0111\u00e1p \u1ee9ng hi\u1ec7u su\u1ea5t trong m\u1ed9t thi\u1ebft k\u1ebf nh\u1ecf g\u1ecdn<\/p>\n<p>C\u1ea3m bi\u1ebfn TiM 2D LiDAR mang l\u1ea1i hi\u1ec7u su\u1ea5t cao cho vi\u1ec7c \u0111\u00e1nh gi\u00e1 hi\u1ec7n tr\u01b0\u1eddng v\u00e0 xu\u1ea5t d\u1eef li\u1ec7u \u0111o l\u01b0\u1eddng trong m\u1ed9t v\u1ecf nh\u1ecf g\u1ecdn. Cho d\u00f9 \u0111\u00f3 l\u00e0 \u1ee9ng d\u1ee5ng di \u0111\u1ed9ng hay c\u1ed1 \u0111\u1ecbnh, t\u1ef1 \u0111\u1ed9ng h\u00f3a, gi\u00e1m s\u00e1t ho\u1eb7c an to\u00e0n \u2013 v\u1edbi ph\u1ea1m vi qu\u00e9t l\u00ean t\u1edbi 25 m v\u00e0 ph\u1ea1m vi ho\u1ea1t \u0111\u1ed9ng l\u00ean t\u1edbi 270\u00b0, c\u00e1c c\u1ea3m bi\u1ebfn n\u00e0y s\u1ebd ph\u00e1t hi\u1ec7n m\u00f4i tr\u01b0\u1eddng c\u1ee7a ch\u00fang tr\u00ean m\u1ed9t khu v\u1ef1c r\u1ed9ng v\u00e0 ch\u00ednh x\u00e1c. C\u00e1c b\u1ec1 m\u1eb7t kh\u00e1c nhau ho\u00e0n to\u00e0n kh\u00f4ng ph\u1ea3i l\u00e0 v\u1ea5n \u0111\u1ec1 \u0111\u1ed1i v\u1edbi ch\u00fang. Nh\u1edd c\u00f4ng ngh\u1ec7 \u0111a xung HDDM\/HDDM+ \u0111\u00e3 \u0111\u01b0\u1ee3c c\u1ea5p b\u1eb1ng s\u00e1ng ch\u1ebf, TiM ph\u00e1t hi\u1ec7n to\u00e0n b\u1ed9 ph\u1ea1m vi qu\u00e9t m\u00e0 kh\u00f4ng c\u00f3 kho\u1ea3ng tr\u1ed1ng, t\u1eeb \u0111\u00f3 \u0111\u1ea3m b\u1ea3o ch\u1ea5t l\u01b0\u1ee3ng \u0111o cao nh\u1ea5t qu\u00e1n. \u0110\u01b0\u1ee3c x\u00e2y d\u1ef1ng ch\u1eafc ch\u1eafn v\u00e0 \u0111\u01b0\u1ee3c trang b\u1ecb c\u00e1c c\u00f4ng ngh\u1ec7 k\u1ebft n\u1ed1i ch\u1ea5t l\u01b0\u1ee3ng cao, ch\u00fang ph\u00f9 h\u1ee3p cho c\u00e1c \u1ee9ng d\u1ee5ng c\u00f4ng nghi\u1ec7p \u0111\u00f2i h\u1ecfi kh\u1eaft khe trong nhi\u1ec1u ng\u00e0nh v\u00e0 l\u0129nh v\u1ef1c kh\u00e1c nhau.<\/p>\n<p>Th\u00f4ng s\u1ed1 k\u1ef9 thu\u1eadt:<\/p>\n<table class=\"table table-striped\">\n<tbody>\n<tr>\n<td><span class=\"fw-bold\">Measurement principle<\/span><\/td>\n<td>HDDM+<\/td>\n<\/tr>\n<tr>\n<td><span class=\"fw-bold\">Application<\/span><\/td>\n<td>Indoor<\/td>\n<\/tr>\n<tr>\n<td><span class=\"fw-bold\">Light source<\/span><\/td>\n<td>Infrared (850 nm)<\/td>\n<\/tr>\n<tr>\n<td><span class=\"fw-bold\">Laser class<\/span><\/td>\n<td>1 (IEC 60825-1:2014, EN 60825-1:2014)<\/td>\n<\/tr>\n<tr>\n<td><span class=\"fw-bold\">Aperture angle<\/span><\/td>\n<td>Horizontal 270\u00b0<\/td>\n<\/tr>\n<tr>\n<td><span class=\"fw-bold\">Scanning frequency<\/span><\/td>\n<td>15 Hz<\/td>\n<\/tr>\n<tr>\n<td><span class=\"fw-bold\">Angular resolution<\/span><\/td>\n<td>1\u00b0<\/td>\n<\/tr>\n<tr>\n<td><span class=\"fw-bold\">Working range<\/span><\/td>\n<td>0.05 m &#8230; 4 m<\/td>\n<\/tr>\n<tr>\n<td><span class=\"fw-bold\">Scanning range<\/span><\/td>\n<td>At 10% remission : 2 m<\/td>\n<\/tr>\n<tr>\n<td><span class=\"fw-bold\">Connection type<\/span><\/td>\n<td>1 x M12 12-pin male connector (0.8 m)<\/td>\n<\/tr>\n<tr>\n<td><span class=\"fw-bold\">Supply voltage<\/span><\/td>\n<td>9 V DC &#8230; 28 V DC<\/td>\n<\/tr>\n<tr>\n<td><span class=\"fw-bold\">Power consumption<\/span><\/td>\n<td>Typ. 4 W, 16 W with 4 max. loaded digital outputs<\/td>\n<\/tr>\n<tr>\n<td><span class=\"fw-bold\">Output current<\/span><\/td>\n<td>\u2264 100 mA<\/td>\n<\/tr>\n<tr>\n<td><span class=\"fw-bold\">Housing color<\/span><\/td>\n<td>Light blue (RAL 5012)<\/td>\n<\/tr>\n<tr>\n<td><span class=\"fw-bold\">Weight<\/span><\/td>\n<td>150 g, without connecting cables<\/td>\n<\/tr>\n<tr>\n<td><span class=\"fw-bold\">Dimensions (L x W x H)<\/span><\/td>\n<td>60 mm x 60 mm x 79 mm<\/td>\n<\/tr>\n<tr>\n<td><span class=\"fw-bold\">Enclosure rating<\/span><\/td>\n<td>IP65 (IEC 60529:1989+AMD1:1999+AMD2:2013)<\/td>\n<\/tr>\n<tr>\n<td><span class=\"fw-bold\">USB interface<\/span><\/td>\n<td>Yes<\/td>\n<\/tr>\n<tr>\n<td><span class=\"fw-bold\">Digital inputs<\/span><\/td>\n<td>4<\/td>\n<\/tr>\n<tr>\n<td><span class=\"fw-bold\">Digital outputs<\/span><\/td>\n<td>3 (PNP, additional 1 x \u201cDevice Ready\u201d)<\/td>\n<\/tr>\n<\/tbody>\n<\/table>\n<p>&nbsp;<\/p>\n","protected":false},"excerpt":{"rendered":"<p>SICK TIM320-1131000 T\u00ean s\u1ea3n ph\u1ea9m:\u00a0Lidar Sensors Lo\u1ea1i (Type):\u00a0TIM320-1131000 M\u00e3 s\u1ea3n ph\u1ea9m (Model):\u00a01062219 M\u00f4 t\u1ea3 s\u1ea3n ph\u1ea9m:\u00a0Measurement principle HDDM+, Angle 270`, 15Hz, Scaning range 2, Power Supply: 8 \u2013 28 VDC. Interface: 4 DI, 3DO (PNP,additional). K\u00edch c\u1ee1:\u00a060 mm x 60 mm x 79 mm \u0110\u1eb7c \u0110i\u1ec3m K\u1ef9 Thu\u1eadt Ph\u1ea1m vi&hellip; <\/p>\n","protected":false},"featured_media":3321,"comment_status":"open","ping_status":"closed","template":"","meta":[],"product_cat":[297],"product_tag":[88,89,90],"class_list":{"0":"post-3320","1":"product","2":"type-product","3":"status-publish","4":"has-post-thumbnail","6":"product_cat-sick","7":"product_tag-cam-bien","8":"product_tag-dai-ly-sick-viet-nam","9":"product_tag-sick-viet-nam","11":"first","12":"instock","13":"shipping-taxable","14":"product-type-simple"},"yoast_head":"<!-- This site is optimized with the Yoast SEO plugin v22.8 - https:\/\/yoast.com\/wordpress\/plugins\/seo\/ -->\n<title>SICK TIM320-1131000 - OMANI VI\u1ec6T NAM<\/title>\n<meta name=\"description\" content=\"SICK TIM320-1131000 Sensor\" \/>\n<meta name=\"robots\" content=\"index, follow, max-snippet:-1, max-image-preview:large, max-video-preview:-1\" \/>\n<link rel=\"canonical\" href=\"https:\/\/omanivietnam.com\/index.php\/san-pham\/sick-tim320-1131000\/\" \/>\n<meta property=\"og:locale\" content=\"vi_VN\" \/>\n<meta property=\"og:type\" content=\"article\" \/>\n<meta property=\"og:title\" content=\"SICK TIM320-1131000 - OMANI VI\u1ec6T NAM\" \/>\n<meta property=\"og:description\" content=\"SICK TIM320-1131000 Sensor\" \/>\n<meta property=\"og:url\" content=\"https:\/\/omanivietnam.com\/index.php\/san-pham\/sick-tim320-1131000\/\" \/>\n<meta property=\"og:site_name\" content=\"OMANI VI\u1ec6T NAM\" \/>\n<meta property=\"og:image\" content=\"https:\/\/omanivietnam.com\/wp-content\/uploads\/2025\/03\/TIM320-1131000.png\" \/>\n\t<meta property=\"og:image:width\" content=\"678\" \/>\n\t<meta property=\"og:image:height\" content=\"718\" \/>\n\t<meta property=\"og:image:type\" content=\"image\/png\" \/>\n<meta name=\"twitter:card\" content=\"summary_large_image\" \/>\n<meta name=\"twitter:label1\" content=\"\u01af\u1edbc t\u00ednh th\u1eddi gian \u0111\u1ecdc\" \/>\n\t<meta name=\"twitter:data1\" content=\"3 ph\u00fat\" \/>\n<script type=\"application\/ld+json\" class=\"yoast-schema-graph\">{\"@context\":\"https:\/\/schema.org\",\"@graph\":[{\"@type\":\"WebPage\",\"@id\":\"https:\/\/omanivietnam.com\/index.php\/san-pham\/sick-tim320-1131000\/\",\"url\":\"https:\/\/omanivietnam.com\/index.php\/san-pham\/sick-tim320-1131000\/\",\"name\":\"SICK TIM320-1131000 - OMANI VI\u1ec6T NAM\",\"isPartOf\":{\"@id\":\"https:\/\/omanivietnam.com\/#website\"},\"primaryImageOfPage\":{\"@id\":\"https:\/\/omanivietnam.com\/index.php\/san-pham\/sick-tim320-1131000\/#primaryimage\"},\"image\":{\"@id\":\"https:\/\/omanivietnam.com\/index.php\/san-pham\/sick-tim320-1131000\/#primaryimage\"},\"thumbnailUrl\":\"https:\/\/omanivietnam.com\/wp-content\/uploads\/2025\/03\/TIM320-1131000.png\",\"datePublished\":\"2025-03-10T15:32:53+00:00\",\"dateModified\":\"2025-03-10T15:32:53+00:00\",\"description\":\"SICK TIM320-1131000 Sensor\",\"breadcrumb\":{\"@id\":\"https:\/\/omanivietnam.com\/index.php\/san-pham\/sick-tim320-1131000\/#breadcrumb\"},\"inLanguage\":\"vi\",\"potentialAction\":[{\"@type\":\"ReadAction\",\"target\":[\"https:\/\/omanivietnam.com\/index.php\/san-pham\/sick-tim320-1131000\/\"]}]},{\"@type\":\"ImageObject\",\"inLanguage\":\"vi\",\"@id\":\"https:\/\/omanivietnam.com\/index.php\/san-pham\/sick-tim320-1131000\/#primaryimage\",\"url\":\"https:\/\/omanivietnam.com\/wp-content\/uploads\/2025\/03\/TIM320-1131000.png\",\"contentUrl\":\"https:\/\/omanivietnam.com\/wp-content\/uploads\/2025\/03\/TIM320-1131000.png\",\"width\":678,\"height\":718},{\"@type\":\"BreadcrumbList\",\"@id\":\"https:\/\/omanivietnam.com\/index.php\/san-pham\/sick-tim320-1131000\/#breadcrumb\",\"itemListElement\":[{\"@type\":\"ListItem\",\"position\":1,\"name\":\"Home\",\"item\":\"https:\/\/omanivietnam.com\/\"},{\"@type\":\"ListItem\",\"position\":2,\"name\":\"S\u1ea2N PH\u1ea8M\",\"item\":\"https:\/\/omanivietnam.com\/index.php\/cua-hang\/\"},{\"@type\":\"ListItem\",\"position\":3,\"name\":\"SICK TIM320-1131000\"}]},{\"@type\":\"WebSite\",\"@id\":\"https:\/\/omanivietnam.com\/#website\",\"url\":\"https:\/\/omanivietnam.com\/\",\"name\":\"OMANI VI\u1ec6T NAM\",\"description\":\"Nh\u00e0 ph\u00e2n ph\u1ed1i thi\u1ebft b\u1ecb kh\u00ed n\u00e9n v\u00e0 thi\u1ebft b\u1ecb t\u1ef1 \u0111\u1ed9ng h\u00f3a trong c\u00f4ng nghi\u1ec7p\",\"publisher\":{\"@id\":\"https:\/\/omanivietnam.com\/#\/schema\/person\/0ad398a980dc3fd696111c2c5c8fa897\"},\"potentialAction\":[{\"@type\":\"SearchAction\",\"target\":{\"@type\":\"EntryPoint\",\"urlTemplate\":\"https:\/\/omanivietnam.com\/?s={search_term_string}\"},\"query-input\":\"required name=search_term_string\"}],\"inLanguage\":\"vi\"},{\"@type\":[\"Person\",\"Organization\"],\"@id\":\"https:\/\/omanivietnam.com\/#\/schema\/person\/0ad398a980dc3fd696111c2c5c8fa897\",\"name\":\"Nguy\u1ec5n V\u0103n Kh\u00e1nh\",\"image\":{\"@type\":\"ImageObject\",\"inLanguage\":\"vi\",\"@id\":\"https:\/\/omanivietnam.com\/#\/schema\/person\/image\/\",\"url\":\"https:\/\/omanivietnam.com\/wp-content\/uploads\/2024\/06\/logo-1024x1024.png\",\"contentUrl\":\"https:\/\/omanivietnam.com\/wp-content\/uploads\/2024\/06\/logo-1024x1024.png\",\"width\":1024,\"height\":1024,\"caption\":\"Nguy\u1ec5n V\u0103n Kh\u00e1nh\"},\"logo\":{\"@id\":\"https:\/\/omanivietnam.com\/#\/schema\/person\/image\/\"},\"sameAs\":[\"https:\/\/omanivietnam.com\"]}]}<\/script>\n<!-- \/ Yoast SEO plugin. -->","yoast_head_json":{"title":"SICK TIM320-1131000 - OMANI VI\u1ec6T NAM","description":"SICK TIM320-1131000 Sensor","robots":{"index":"index","follow":"follow","max-snippet":"max-snippet:-1","max-image-preview":"max-image-preview:large","max-video-preview":"max-video-preview:-1"},"canonical":"https:\/\/omanivietnam.com\/index.php\/san-pham\/sick-tim320-1131000\/","og_locale":"vi_VN","og_type":"article","og_title":"SICK TIM320-1131000 - OMANI VI\u1ec6T NAM","og_description":"SICK TIM320-1131000 Sensor","og_url":"https:\/\/omanivietnam.com\/index.php\/san-pham\/sick-tim320-1131000\/","og_site_name":"OMANI VI\u1ec6T NAM","og_image":[{"width":678,"height":718,"url":"https:\/\/omanivietnam.com\/wp-content\/uploads\/2025\/03\/TIM320-1131000.png","type":"image\/png"}],"twitter_card":"summary_large_image","twitter_misc":{"\u01af\u1edbc t\u00ednh th\u1eddi gian \u0111\u1ecdc":"3 ph\u00fat"},"schema":{"@context":"https:\/\/schema.org","@graph":[{"@type":"WebPage","@id":"https:\/\/omanivietnam.com\/index.php\/san-pham\/sick-tim320-1131000\/","url":"https:\/\/omanivietnam.com\/index.php\/san-pham\/sick-tim320-1131000\/","name":"SICK TIM320-1131000 - OMANI VI\u1ec6T NAM","isPartOf":{"@id":"https:\/\/omanivietnam.com\/#website"},"primaryImageOfPage":{"@id":"https:\/\/omanivietnam.com\/index.php\/san-pham\/sick-tim320-1131000\/#primaryimage"},"image":{"@id":"https:\/\/omanivietnam.com\/index.php\/san-pham\/sick-tim320-1131000\/#primaryimage"},"thumbnailUrl":"https:\/\/omanivietnam.com\/wp-content\/uploads\/2025\/03\/TIM320-1131000.png","datePublished":"2025-03-10T15:32:53+00:00","dateModified":"2025-03-10T15:32:53+00:00","description":"SICK TIM320-1131000 Sensor","breadcrumb":{"@id":"https:\/\/omanivietnam.com\/index.php\/san-pham\/sick-tim320-1131000\/#breadcrumb"},"inLanguage":"vi","potentialAction":[{"@type":"ReadAction","target":["https:\/\/omanivietnam.com\/index.php\/san-pham\/sick-tim320-1131000\/"]}]},{"@type":"ImageObject","inLanguage":"vi","@id":"https:\/\/omanivietnam.com\/index.php\/san-pham\/sick-tim320-1131000\/#primaryimage","url":"https:\/\/omanivietnam.com\/wp-content\/uploads\/2025\/03\/TIM320-1131000.png","contentUrl":"https:\/\/omanivietnam.com\/wp-content\/uploads\/2025\/03\/TIM320-1131000.png","width":678,"height":718},{"@type":"BreadcrumbList","@id":"https:\/\/omanivietnam.com\/index.php\/san-pham\/sick-tim320-1131000\/#breadcrumb","itemListElement":[{"@type":"ListItem","position":1,"name":"Home","item":"https:\/\/omanivietnam.com\/"},{"@type":"ListItem","position":2,"name":"S\u1ea2N PH\u1ea8M","item":"https:\/\/omanivietnam.com\/index.php\/cua-hang\/"},{"@type":"ListItem","position":3,"name":"SICK TIM320-1131000"}]},{"@type":"WebSite","@id":"https:\/\/omanivietnam.com\/#website","url":"https:\/\/omanivietnam.com\/","name":"OMANI VI\u1ec6T NAM","description":"Nh\u00e0 ph\u00e2n ph\u1ed1i thi\u1ebft b\u1ecb kh\u00ed n\u00e9n v\u00e0 thi\u1ebft b\u1ecb t\u1ef1 \u0111\u1ed9ng h\u00f3a trong c\u00f4ng nghi\u1ec7p","publisher":{"@id":"https:\/\/omanivietnam.com\/#\/schema\/person\/0ad398a980dc3fd696111c2c5c8fa897"},"potentialAction":[{"@type":"SearchAction","target":{"@type":"EntryPoint","urlTemplate":"https:\/\/omanivietnam.com\/?s={search_term_string}"},"query-input":"required name=search_term_string"}],"inLanguage":"vi"},{"@type":["Person","Organization"],"@id":"https:\/\/omanivietnam.com\/#\/schema\/person\/0ad398a980dc3fd696111c2c5c8fa897","name":"Nguy\u1ec5n V\u0103n Kh\u00e1nh","image":{"@type":"ImageObject","inLanguage":"vi","@id":"https:\/\/omanivietnam.com\/#\/schema\/person\/image\/","url":"https:\/\/omanivietnam.com\/wp-content\/uploads\/2024\/06\/logo-1024x1024.png","contentUrl":"https:\/\/omanivietnam.com\/wp-content\/uploads\/2024\/06\/logo-1024x1024.png","width":1024,"height":1024,"caption":"Nguy\u1ec5n V\u0103n Kh\u00e1nh"},"logo":{"@id":"https:\/\/omanivietnam.com\/#\/schema\/person\/image\/"},"sameAs":["https:\/\/omanivietnam.com"]}]}},"_links":{"self":[{"href":"https:\/\/omanivietnam.com\/index.php\/wp-json\/wp\/v2\/product\/3320","targetHints":{"allow":["GET"]}}],"collection":[{"href":"https:\/\/omanivietnam.com\/index.php\/wp-json\/wp\/v2\/product"}],"about":[{"href":"https:\/\/omanivietnam.com\/index.php\/wp-json\/wp\/v2\/types\/product"}],"replies":[{"embeddable":true,"href":"https:\/\/omanivietnam.com\/index.php\/wp-json\/wp\/v2\/comments?post=3320"}],"wp:featuredmedia":[{"embeddable":true,"href":"https:\/\/omanivietnam.com\/index.php\/wp-json\/wp\/v2\/media\/3321"}],"wp:attachment":[{"href":"https:\/\/omanivietnam.com\/index.php\/wp-json\/wp\/v2\/media?parent=3320"}],"wp:term":[{"taxonomy":"product_cat","embeddable":true,"href":"https:\/\/omanivietnam.com\/index.php\/wp-json\/wp\/v2\/product_cat?post=3320"},{"taxonomy":"product_tag","embeddable":true,"href":"https:\/\/omanivietnam.com\/index.php\/wp-json\/wp\/v2\/product_tag?post=3320"}],"curies":[{"name":"wp","href":"https:\/\/api.w.org\/{rel}","templated":true}]}}