{"id":3322,"date":"2025-03-11T21:33:18","date_gmt":"2025-03-11T14:33:18","guid":{"rendered":"https:\/\/omanivietnam.com\/?post_type=product&#038;p=3322"},"modified":"2025-03-11T21:33:18","modified_gmt":"2025-03-11T14:33:18","slug":"panasonic-nx5-m30a","status":"publish","type":"product","link":"https:\/\/omanivietnam.com\/index.php\/san-pham\/panasonic-nx5-m30a\/","title":{"rendered":"PANASONIC NX5-M30A"},"content":{"rendered":"<p>PANASONIC NX5-M30A<\/p>\n<p>PANASONIC NX5-M10RB PANASONIC NX5-M10RA<\/p>\n<h2 id=\"spec\">Spec Detail<\/h2>\n<div class=\"bl_parts_change_notion\">Specifications and design of the products are subject to change without notice for the product improvement.<\/div>\n<div class=\"bl_table_wrapper scroll-hint\">\n<table class=\"el_parts_table el_parts_table-column2\">\n<thead>\n<tr>\n<th>Item<\/th>\n<th>Specifications<\/th>\n<\/tr>\n<\/thead>\n<tbody>\n<tr>\n<th>Product Number<\/th>\n<td>NX5-M30A<\/td>\n<\/tr>\n<tr>\n<th>Part Number<\/th>\n<td>NX5-M30A<\/td>\n<\/tr>\n<tr>\n<th>Products Name<\/th>\n<td>Compact Multi-voltage Photoelectric Sensor<\/td>\n<\/tr>\n<tr>\n<th>Product details<\/th>\n<td>Thru-beam [Long sensing range]<\/td>\n<\/tr>\n<tr>\n<th>The price of the product<\/th>\n<td>Please contact our office<\/td>\n<\/tr>\n<tr>\n<th>Applicable regulations<\/th>\n<td>\u30fbLow Voltage Directive \uff1a EN IEC 60947-5-2<br \/>\n\u30fbEMC Directive \uff1a EN IEC 60947-5-2<br \/>\n\u30fbRoHS Directive<br \/>\n\u30fbGB\/T 14048.10<\/td>\n<\/tr>\n<tr>\n<th>Sensing range<\/th>\n<td>30 m 98.425 ft<\/td>\n<\/tr>\n<tr>\n<th>Sensing object<\/th>\n<td>dia. 20 mm dia. 0.787 in or more opaque object (Completely beam interrupted object)<br \/>\n(Note) If slit masks (optional) are fitted, an object as small as 3 x 6 mm 0.118 x 0.236 in can be detected.<\/td>\n<\/tr>\n<tr>\n<th>Hysteresis<\/th>\n<td>&#8211;<\/td>\n<\/tr>\n<tr>\n<th>Repeatability(perpendicular to sensing axis)<\/th>\n<td>0.2 mm 0.008 in or less<\/td>\n<\/tr>\n<tr>\n<th>Supply voltage<\/th>\n<td>24 to 240 V AC +10-15 % or 12 to 240 V DC +10-15 % Ripple P-P 10 % or less<\/td>\n<\/tr>\n<tr>\n<th>Power consumption<\/th>\n<td>Emitter: 1.5 VA or less<br \/>\nReceiver: 2 VA or less<\/td>\n<\/tr>\n<tr>\n<th>Output<\/th>\n<td>Relay contact 1 c<br \/>\n&#8211; Switching capacity: 250 V AC 1 A (resistive load), 30 V DC 2 A (resistive load)<br \/>\n&#8211; Electrical life: 500,000 or more switching operations (switching frequency 3,600 operations\/hour), 100,000 or more switching operations (switching frequency 3,600 operations\/hour)<br \/>\n&#8211; Mechanical life: 100 million or more switching operations (switching frequency 36,000 operations\/hour)<\/td>\n<\/tr>\n<tr>\n<th>Output:Output operation<\/th>\n<td>Light-ON<\/td>\n<\/tr>\n<tr>\n<th>Response time<\/th>\n<td>10 ms or less<\/td>\n<\/tr>\n<tr>\n<th>Operation indicator<\/th>\n<td>Red LED (lights up when the output is ON)<\/td>\n<\/tr>\n<tr>\n<th>Stability indicator<\/th>\n<td>Green LED (lights up under stable light received condition or stable dark condition)<\/td>\n<\/tr>\n<tr>\n<th>Power indicator<\/th>\n<td>Red LED (lights up when the power is ON)<\/td>\n<\/tr>\n<tr>\n<th>Sensitivity adjuster<\/th>\n<td>&#8211;<\/td>\n<\/tr>\n<tr>\n<th>Automatic Interference prevention function<\/th>\n<td>&#8211;<\/td>\n<\/tr>\n<tr>\n<th>Pollution degree<\/th>\n<td>3 (Industrial environment)<\/td>\n<\/tr>\n<tr>\n<th>Protection<\/th>\n<td>IP66 (IEC)<\/td>\n<\/tr>\n<tr>\n<th>Ambient temperature<\/th>\n<td>\u201320 to +55 \u2103\u00a0<span class=\"inch\">\u20134 to +131 \u2109<\/span>\u00a0(No dew condensation or icing allowed) (Note),<br \/>\nStorage: \u201330 to +70 \u2103\u00a0<span class=\"inch\">\u201322 to +158 \u2109<\/span><br \/>\n(Note):In case the sensor is to be used at an ambient temperature of \u201315 \u2103\u00a0<span class=\"inch\">+5 \u2109<\/span>, or less, please contact our office.<\/td>\n<\/tr>\n<tr>\n<th>Ambient humidity<\/th>\n<td>35 to 85 % RH, Storage: 35 to 85 % RH<\/td>\n<\/tr>\n<tr>\n<th>Ambient illuminance<\/th>\n<td>Incandescent light: 3,500 Lx or less at the light-receiving face<\/td>\n<\/tr>\n<tr>\n<th>Voltage withstandability<\/th>\n<td>1,500 V AC for one min. between all supply terminals connected together and enclosure,<br \/>\n1,500 V AC for one min. between power supply and output terminals,<br \/>\n1,000 V AC for one min. between relay contact terminals<\/td>\n<\/tr>\n<tr>\n<th>Insulation resistance<\/th>\n<td>20 MOhm , or more, with 500 V DC megger between power supply and output terminals, and between relay contact terminals<\/td>\n<\/tr>\n<tr>\n<th>Vibration resistance<\/th>\n<td>10 to 55 Hz frequency, 1.5 mm\u00a0<span class=\"inch\">0.059 in<\/span>\u00a0double amplitude in X, Y and Z directions two hours each<\/td>\n<\/tr>\n<tr>\n<th>Shock resistance<\/th>\n<td>500 m\/s<sup>2<\/sup>\u00a0(50 G approx.) in X, Y and Z directions three times each<\/td>\n<\/tr>\n<tr>\n<th>Emitting element<\/th>\n<td>Infrared LED (modulated)<\/td>\n<\/tr>\n<tr>\n<th>Emitting element:Peak emission wavelength<\/th>\n<td>880 nm 0.035 mil<\/td>\n<\/tr>\n<tr>\n<th>Material<\/th>\n<td>Enclosure: Polycarbonate<br \/>\nLens: Polycarbonate<br \/>\nCover: Polycarbonate<\/td>\n<\/tr>\n<tr>\n<th>Cable<\/th>\n<td>0.3 mm2 5-core (emitter: 2-core) cabtyre cable, 2 m 6.562 ft long<\/td>\n<\/tr>\n<tr>\n<th>Cable extension<\/th>\n<td>Extension up to total 100 m 328.084 ft is possible with 0.3 mm2, or more, cable (both emitter and receiver).<\/td>\n<\/tr>\n<tr>\n<th>Weight<\/th>\n<td>Emitter: 125 g approx<br \/>\nReceiver: 140 g approx<\/td>\n<\/tr>\n<tr>\n<th>Accessory<\/th>\n<td>&#8211;<\/td>\n<\/tr>\n<\/tbody>\n<\/table>\n<\/div>\n","protected":false},"excerpt":{"rendered":"<p>PANASONIC NX5-M30A PANASONIC NX5-M10RB PANASONIC NX5-M10RA Spec Detail Specifications and design of the products are subject to change without notice for the product improvement. Item Specifications Product Number NX5-M30A Part Number NX5-M30A Products Name Compact Multi-voltage Photoelectric Sensor Product details Thru-beam [Long sensing range] The price of the product Please&hellip; <\/p>\n","protected":false},"featured_media":3323,"comment_status":"open","ping_status":"closed","template":"","meta":[],"product_cat":[298],"product_tag":[88,86,87],"class_list":{"0":"post-3322","1":"product","2":"type-product","3":"status-publish","4":"has-post-thumbnail","6":"product_cat-panasonic","7":"product_tag-cam-bien","8":"product_tag-dai-ly-panasonic-viet-nam","9":"product_tag-panasonic-viet-nam","11":"first","12":"instock","13":"shipping-taxable","14":"product-type-simple"},"yoast_head":"<!-- This site is optimized with the Yoast SEO plugin v22.8 - https:\/\/yoast.com\/wordpress\/plugins\/seo\/ -->\n<title>PANASONIC NX5-M30A - OMANI VI\u1ec6T NAM<\/title>\n<meta name=\"description\" content=\"PANASONIC NX5-M30A Compact Multi-voltage Photoelectric Sensor\" \/>\n<meta name=\"robots\" content=\"index, follow, max-snippet:-1, max-image-preview:large, max-video-preview:-1\" \/>\n<link rel=\"canonical\" href=\"https:\/\/omanivietnam.com\/index.php\/san-pham\/panasonic-nx5-m30a\/\" \/>\n<meta property=\"og:locale\" content=\"vi_VN\" \/>\n<meta property=\"og:type\" content=\"article\" \/>\n<meta property=\"og:title\" content=\"PANASONIC NX5-M30A - OMANI VI\u1ec6T NAM\" \/>\n<meta property=\"og:description\" content=\"PANASONIC NX5-M30A Compact Multi-voltage Photoelectric Sensor\" \/>\n<meta property=\"og:url\" content=\"https:\/\/omanivietnam.com\/index.php\/san-pham\/panasonic-nx5-m30a\/\" \/>\n<meta property=\"og:site_name\" content=\"OMANI VI\u1ec6T NAM\" \/>\n<meta property=\"og:image\" content=\"https:\/\/omanivietnam.com\/wp-content\/uploads\/2025\/03\/NX5-M30A.png\" \/>\n\t<meta property=\"og:image:width\" content=\"594\" \/>\n\t<meta property=\"og:image:height\" content=\"514\" \/>\n\t<meta property=\"og:image:type\" content=\"image\/png\" \/>\n<meta name=\"twitter:card\" content=\"summary_large_image\" \/>\n<meta name=\"twitter:label1\" content=\"\u01af\u1edbc t\u00ednh th\u1eddi gian \u0111\u1ecdc\" \/>\n\t<meta name=\"twitter:data1\" content=\"3 ph\u00fat\" \/>\n<script type=\"application\/ld+json\" class=\"yoast-schema-graph\">{\"@context\":\"https:\/\/schema.org\",\"@graph\":[{\"@type\":\"WebPage\",\"@id\":\"https:\/\/omanivietnam.com\/index.php\/san-pham\/panasonic-nx5-m30a\/\",\"url\":\"https:\/\/omanivietnam.com\/index.php\/san-pham\/panasonic-nx5-m30a\/\",\"name\":\"PANASONIC NX5-M30A - OMANI VI\u1ec6T NAM\",\"isPartOf\":{\"@id\":\"https:\/\/omanivietnam.com\/#website\"},\"primaryImageOfPage\":{\"@id\":\"https:\/\/omanivietnam.com\/index.php\/san-pham\/panasonic-nx5-m30a\/#primaryimage\"},\"image\":{\"@id\":\"https:\/\/omanivietnam.com\/index.php\/san-pham\/panasonic-nx5-m30a\/#primaryimage\"},\"thumbnailUrl\":\"https:\/\/omanivietnam.com\/wp-content\/uploads\/2025\/03\/NX5-M30A.png\",\"datePublished\":\"2025-03-11T14:33:18+00:00\",\"dateModified\":\"2025-03-11T14:33:18+00:00\",\"description\":\"PANASONIC NX5-M30A Compact Multi-voltage Photoelectric Sensor\",\"breadcrumb\":{\"@id\":\"https:\/\/omanivietnam.com\/index.php\/san-pham\/panasonic-nx5-m30a\/#breadcrumb\"},\"inLanguage\":\"vi\",\"potentialAction\":[{\"@type\":\"ReadAction\",\"target\":[\"https:\/\/omanivietnam.com\/index.php\/san-pham\/panasonic-nx5-m30a\/\"]}]},{\"@type\":\"ImageObject\",\"inLanguage\":\"vi\",\"@id\":\"https:\/\/omanivietnam.com\/index.php\/san-pham\/panasonic-nx5-m30a\/#primaryimage\",\"url\":\"https:\/\/omanivietnam.com\/wp-content\/uploads\/2025\/03\/NX5-M30A.png\",\"contentUrl\":\"https:\/\/omanivietnam.com\/wp-content\/uploads\/2025\/03\/NX5-M30A.png\",\"width\":594,\"height\":514},{\"@type\":\"BreadcrumbList\",\"@id\":\"https:\/\/omanivietnam.com\/index.php\/san-pham\/panasonic-nx5-m30a\/#breadcrumb\",\"itemListElement\":[{\"@type\":\"ListItem\",\"position\":1,\"name\":\"Home\",\"item\":\"https:\/\/omanivietnam.com\/\"},{\"@type\":\"ListItem\",\"position\":2,\"name\":\"S\u1ea2N PH\u1ea8M\",\"item\":\"https:\/\/omanivietnam.com\/index.php\/cua-hang\/\"},{\"@type\":\"ListItem\",\"position\":3,\"name\":\"PANASONIC NX5-M30A\"}]},{\"@type\":\"WebSite\",\"@id\":\"https:\/\/omanivietnam.com\/#website\",\"url\":\"https:\/\/omanivietnam.com\/\",\"name\":\"OMANI VI\u1ec6T NAM\",\"description\":\"Nh\u00e0 ph\u00e2n ph\u1ed1i thi\u1ebft b\u1ecb kh\u00ed n\u00e9n v\u00e0 thi\u1ebft b\u1ecb t\u1ef1 \u0111\u1ed9ng h\u00f3a trong c\u00f4ng nghi\u1ec7p\",\"publisher\":{\"@id\":\"https:\/\/omanivietnam.com\/#\/schema\/person\/0ad398a980dc3fd696111c2c5c8fa897\"},\"potentialAction\":[{\"@type\":\"SearchAction\",\"target\":{\"@type\":\"EntryPoint\",\"urlTemplate\":\"https:\/\/omanivietnam.com\/?s={search_term_string}\"},\"query-input\":\"required name=search_term_string\"}],\"inLanguage\":\"vi\"},{\"@type\":[\"Person\",\"Organization\"],\"@id\":\"https:\/\/omanivietnam.com\/#\/schema\/person\/0ad398a980dc3fd696111c2c5c8fa897\",\"name\":\"Nguy\u1ec5n V\u0103n Kh\u00e1nh\",\"image\":{\"@type\":\"ImageObject\",\"inLanguage\":\"vi\",\"@id\":\"https:\/\/omanivietnam.com\/#\/schema\/person\/image\/\",\"url\":\"https:\/\/omanivietnam.com\/wp-content\/uploads\/2024\/06\/logo-1024x1024.png\",\"contentUrl\":\"https:\/\/omanivietnam.com\/wp-content\/uploads\/2024\/06\/logo-1024x1024.png\",\"width\":1024,\"height\":1024,\"caption\":\"Nguy\u1ec5n V\u0103n Kh\u00e1nh\"},\"logo\":{\"@id\":\"https:\/\/omanivietnam.com\/#\/schema\/person\/image\/\"},\"sameAs\":[\"https:\/\/omanivietnam.com\"]}]}<\/script>\n<!-- \/ Yoast SEO plugin. -->","yoast_head_json":{"title":"PANASONIC NX5-M30A - OMANI VI\u1ec6T NAM","description":"PANASONIC NX5-M30A Compact Multi-voltage Photoelectric Sensor","robots":{"index":"index","follow":"follow","max-snippet":"max-snippet:-1","max-image-preview":"max-image-preview:large","max-video-preview":"max-video-preview:-1"},"canonical":"https:\/\/omanivietnam.com\/index.php\/san-pham\/panasonic-nx5-m30a\/","og_locale":"vi_VN","og_type":"article","og_title":"PANASONIC NX5-M30A - OMANI VI\u1ec6T NAM","og_description":"PANASONIC NX5-M30A Compact Multi-voltage Photoelectric Sensor","og_url":"https:\/\/omanivietnam.com\/index.php\/san-pham\/panasonic-nx5-m30a\/","og_site_name":"OMANI VI\u1ec6T NAM","og_image":[{"width":594,"height":514,"url":"https:\/\/omanivietnam.com\/wp-content\/uploads\/2025\/03\/NX5-M30A.png","type":"image\/png"}],"twitter_card":"summary_large_image","twitter_misc":{"\u01af\u1edbc t\u00ednh th\u1eddi gian \u0111\u1ecdc":"3 ph\u00fat"},"schema":{"@context":"https:\/\/schema.org","@graph":[{"@type":"WebPage","@id":"https:\/\/omanivietnam.com\/index.php\/san-pham\/panasonic-nx5-m30a\/","url":"https:\/\/omanivietnam.com\/index.php\/san-pham\/panasonic-nx5-m30a\/","name":"PANASONIC NX5-M30A - OMANI VI\u1ec6T NAM","isPartOf":{"@id":"https:\/\/omanivietnam.com\/#website"},"primaryImageOfPage":{"@id":"https:\/\/omanivietnam.com\/index.php\/san-pham\/panasonic-nx5-m30a\/#primaryimage"},"image":{"@id":"https:\/\/omanivietnam.com\/index.php\/san-pham\/panasonic-nx5-m30a\/#primaryimage"},"thumbnailUrl":"https:\/\/omanivietnam.com\/wp-content\/uploads\/2025\/03\/NX5-M30A.png","datePublished":"2025-03-11T14:33:18+00:00","dateModified":"2025-03-11T14:33:18+00:00","description":"PANASONIC NX5-M30A Compact Multi-voltage Photoelectric Sensor","breadcrumb":{"@id":"https:\/\/omanivietnam.com\/index.php\/san-pham\/panasonic-nx5-m30a\/#breadcrumb"},"inLanguage":"vi","potentialAction":[{"@type":"ReadAction","target":["https:\/\/omanivietnam.com\/index.php\/san-pham\/panasonic-nx5-m30a\/"]}]},{"@type":"ImageObject","inLanguage":"vi","@id":"https:\/\/omanivietnam.com\/index.php\/san-pham\/panasonic-nx5-m30a\/#primaryimage","url":"https:\/\/omanivietnam.com\/wp-content\/uploads\/2025\/03\/NX5-M30A.png","contentUrl":"https:\/\/omanivietnam.com\/wp-content\/uploads\/2025\/03\/NX5-M30A.png","width":594,"height":514},{"@type":"BreadcrumbList","@id":"https:\/\/omanivietnam.com\/index.php\/san-pham\/panasonic-nx5-m30a\/#breadcrumb","itemListElement":[{"@type":"ListItem","position":1,"name":"Home","item":"https:\/\/omanivietnam.com\/"},{"@type":"ListItem","position":2,"name":"S\u1ea2N PH\u1ea8M","item":"https:\/\/omanivietnam.com\/index.php\/cua-hang\/"},{"@type":"ListItem","position":3,"name":"PANASONIC NX5-M30A"}]},{"@type":"WebSite","@id":"https:\/\/omanivietnam.com\/#website","url":"https:\/\/omanivietnam.com\/","name":"OMANI VI\u1ec6T NAM","description":"Nh\u00e0 ph\u00e2n ph\u1ed1i thi\u1ebft b\u1ecb kh\u00ed n\u00e9n v\u00e0 thi\u1ebft b\u1ecb t\u1ef1 \u0111\u1ed9ng h\u00f3a trong c\u00f4ng nghi\u1ec7p","publisher":{"@id":"https:\/\/omanivietnam.com\/#\/schema\/person\/0ad398a980dc3fd696111c2c5c8fa897"},"potentialAction":[{"@type":"SearchAction","target":{"@type":"EntryPoint","urlTemplate":"https:\/\/omanivietnam.com\/?s={search_term_string}"},"query-input":"required name=search_term_string"}],"inLanguage":"vi"},{"@type":["Person","Organization"],"@id":"https:\/\/omanivietnam.com\/#\/schema\/person\/0ad398a980dc3fd696111c2c5c8fa897","name":"Nguy\u1ec5n V\u0103n Kh\u00e1nh","image":{"@type":"ImageObject","inLanguage":"vi","@id":"https:\/\/omanivietnam.com\/#\/schema\/person\/image\/","url":"https:\/\/omanivietnam.com\/wp-content\/uploads\/2024\/06\/logo-1024x1024.png","contentUrl":"https:\/\/omanivietnam.com\/wp-content\/uploads\/2024\/06\/logo-1024x1024.png","width":1024,"height":1024,"caption":"Nguy\u1ec5n V\u0103n Kh\u00e1nh"},"logo":{"@id":"https:\/\/omanivietnam.com\/#\/schema\/person\/image\/"},"sameAs":["https:\/\/omanivietnam.com"]}]}},"_links":{"self":[{"href":"https:\/\/omanivietnam.com\/index.php\/wp-json\/wp\/v2\/product\/3322","targetHints":{"allow":["GET"]}}],"collection":[{"href":"https:\/\/omanivietnam.com\/index.php\/wp-json\/wp\/v2\/product"}],"about":[{"href":"https:\/\/omanivietnam.com\/index.php\/wp-json\/wp\/v2\/types\/product"}],"replies":[{"embeddable":true,"href":"https:\/\/omanivietnam.com\/index.php\/wp-json\/wp\/v2\/comments?post=3322"}],"wp:featuredmedia":[{"embeddable":true,"href":"https:\/\/omanivietnam.com\/index.php\/wp-json\/wp\/v2\/media\/3323"}],"wp:attachment":[{"href":"https:\/\/omanivietnam.com\/index.php\/wp-json\/wp\/v2\/media?parent=3322"}],"wp:term":[{"taxonomy":"product_cat","embeddable":true,"href":"https:\/\/omanivietnam.com\/index.php\/wp-json\/wp\/v2\/product_cat?post=3322"},{"taxonomy":"product_tag","embeddable":true,"href":"https:\/\/omanivietnam.com\/index.php\/wp-json\/wp\/v2\/product_tag?post=3322"}],"curies":[{"name":"wp","href":"https:\/\/api.w.org\/{rel}","templated":true}]}}