{"id":3332,"date":"2025-03-12T21:17:48","date_gmt":"2025-03-12T14:17:48","guid":{"rendered":"https:\/\/omanivietnam.com\/?post_type=product&#038;p=3332"},"modified":"2025-03-12T21:34:50","modified_gmt":"2025-03-12T14:34:50","slug":"sickatm60-pah13x13-1030015","status":"publish","type":"product","link":"https:\/\/omanivietnam.com\/index.php\/san-pham\/sickatm60-pah13x13-1030015\/","title":{"rendered":"SICK\tATM60-PAH13X13 1030015"},"content":{"rendered":"<p>SICK ATM60-PAH13X13 1030015<\/p>\n<p><span class=\"label\">Description:<\/span><span class=\"description\">ABSOLUTE ENCODER, ATM60 PROFIBUS SERIES, PULSES PER REVOLUTION: 8192, 3000 RPM, 10-32 V, SHAFT DIAMETER: 15 MM, RESOLUTION: 8192STEPS, HOLLOW SHAFT MOUNTING TYPE, IP66<\/span><\/p>\n<table>\n<tbody>\n<tr>\n<td>Communication interface<\/td>\n<td>PROFIBUS DP<\/td>\n<\/tr>\n<tr>\n<td>Communication Interface detail<\/td>\n<td>DPV0<\/td>\n<\/tr>\n<tr>\n<td>Data protocol<\/td>\n<td>Profile for encoders (07hex) \u2013 Class 2<\/td>\n<\/tr>\n<tr>\n<td>Address setting<\/td>\n<td>0\u00a0&#8230; 127, DIP\u00a0switches or protocol<\/td>\n<\/tr>\n<tr>\n<td>Data transmission rate (baud rate)<\/td>\n<td>9.6\u00a0kBaud\u00a0&#8230; 12\u00a0MBaud, automatic detection<\/td>\n<\/tr>\n<tr>\n<td>Initialization time<\/td>\n<td>1,250\u00a0ms\u00a0<sup>1)<\/sup><\/td>\n<\/tr>\n<tr>\n<td>Position forming time<\/td>\n<td>0.25\u00a0ms<\/td>\n<\/tr>\n<tr>\n<td>Status information<\/td>\n<td>LED green (operation), LED red ( bus activity)<\/td>\n<\/tr>\n<tr>\n<td>Bus termination<\/td>\n<td>DIP\u00a0switch\u00a0<sup>2)<\/sup><\/td>\n<\/tr>\n<tr>\n<td>Set (electronic adjustment)<\/td>\n<td>Via PRESET push button or protocol<\/td>\n<\/tr>\n<\/tbody>\n<\/table>\n<div class=\"footnote\">\n<p><sup>1)<\/sup>\u00a0Valid positional data can be read once this time has elapsed.<\/p>\n<p><sup>2)<\/sup>\u00a0Should only be connected in the final device.<\/p>\n<\/div>\n<p>M\u00e3 h\u00e0ng t\u01b0\u01a1ng t\u1ef1<\/p>\n<div class=\"grid-pro-detail w-clear\">\n<div class=\"tabs-pro-detail\">\n<div class=\"content-tabs-pro-detail info-pro-detail active\">\n<table border=\"0\" width=\"921\" cellspacing=\"0\" cellpadding=\"0\">\n<tbody>\n<tr>\n<td height=\"29\">1030013<\/td>\n<td>ATM60-P4H13X13<\/td>\n<\/tr>\n<tr>\n<td height=\"30\">1030014<\/td>\n<td>ATM60-P1H13X13<\/td>\n<\/tr>\n<tr>\n<td height=\"29\">1030015<\/td>\n<td>ATM60-PAH13X13<\/td>\n<\/tr>\n<tr>\n<td height=\"29\">1030017<\/td>\n<td>ATM60-D4H13x13<\/td>\n<\/tr>\n<tr>\n<td height=\"29\">1030018<\/td>\n<td>ATM60-D1H13x13<\/td>\n<\/tr>\n<tr>\n<td height=\"29\">1030019<\/td>\n<td>ATM60-DAH13x13<\/td>\n<\/tr>\n<tr>\n<td height=\"29\">1030024<\/td>\n<td>ATM60-C4H13x13<\/td>\n<\/tr>\n<tr>\n<td height=\"29\">1030025<\/td>\n<td>ATM60-C1H13x13<\/td>\n<\/tr>\n<tr>\n<td height=\"29\">1030026<\/td>\n<td>ATM60-CAH13x13<\/td>\n<\/tr>\n<tr>\n<td height=\"29\">2020935<\/td>\n<td>AD-ATM60-SR2CO<\/td>\n<\/tr>\n<tr>\n<td height=\"29\">2029225<\/td>\n<td>AD-ATM60-KA3PR<\/td>\n<\/tr>\n<tr>\n<td height=\"29\">2029226<\/td>\n<td>AD-ATM60-SR1DN<\/td>\n<\/tr>\n<tr>\n<td height=\"29\">2029227<\/td>\n<td>AD-ATM60-SR2DN<\/td>\n<\/tr>\n<tr>\n<td height=\"29\">2029228<\/td>\n<td>AD-ATM60-KR1DN<\/td>\n<\/tr>\n<tr>\n<td height=\"29\">2029229<\/td>\n<td>AD-ATM60-KR2DN<\/td>\n<\/tr>\n<tr>\n<td height=\"29\">2029230<\/td>\n<td>AD-ATM60-KR1CO<\/td>\n<\/tr>\n<tr>\n<td height=\"29\">2029231<\/td>\n<td>AD-ATM60-KR2CO<\/td>\n<\/tr>\n<tr>\n<td height=\"29\">2029232<\/td>\n<td>AD-ATM60-KR3CO<\/td>\n<\/tr>\n<tr>\n<td height=\"29\">2031686<\/td>\n<td>AD-ATM60-SR1CO<\/td>\n<\/tr>\n<tr>\n<td height=\"29\">2031985<\/td>\n<td>AD-ATM60-SR3PR<\/td>\n<\/tr>\n<\/tbody>\n<\/table>\n<\/div>\n<\/div>\n<\/div>\n","protected":false},"excerpt":{"rendered":"<p>SICK ATM60-PAH13X13 1030015 Description:ABSOLUTE ENCODER, ATM60 PROFIBUS SERIES, PULSES PER REVOLUTION: 8192, 3000 RPM, 10-32 V, SHAFT DIAMETER: 15 MM, RESOLUTION: 8192STEPS, HOLLOW SHAFT MOUNTING TYPE, IP66 Communication interface PROFIBUS DP Communication Interface detail DPV0 Data protocol Profile for encoders (07hex) \u2013 Class 2 Address setting 0\u00a0&#8230; 127, DIP\u00a0switches or&hellip; <\/p>\n","protected":false},"featured_media":3333,"comment_status":"open","ping_status":"closed","template":"","meta":[],"product_cat":[297],"product_tag":[174,89,90],"class_list":{"0":"post-3332","1":"product","2":"type-product","3":"status-publish","4":"has-post-thumbnail","6":"product_cat-sick","7":"product_tag-bo-ma-hoa","8":"product_tag-dai-ly-sick-viet-nam","9":"product_tag-sick-viet-nam","11":"first","12":"instock","13":"shipping-taxable","14":"product-type-simple"},"yoast_head":"<!-- This site is optimized with the Yoast SEO plugin v22.8 - https:\/\/yoast.com\/wordpress\/plugins\/seo\/ -->\n<title>SICK ATM60-PAH13X13 1030015 - OMANI VI\u1ec6T NAM<\/title>\n<meta name=\"description\" content=\"SICK ATM60-PAH13X13 1030015 Encoder\" \/>\n<meta name=\"robots\" content=\"index, follow, max-snippet:-1, max-image-preview:large, max-video-preview:-1\" \/>\n<link rel=\"canonical\" href=\"https:\/\/omanivietnam.com\/index.php\/san-pham\/sickatm60-pah13x13-1030015\/\" \/>\n<meta property=\"og:locale\" content=\"vi_VN\" \/>\n<meta property=\"og:type\" content=\"article\" \/>\n<meta property=\"og:title\" content=\"SICK ATM60-PAH13X13 1030015 - OMANI VI\u1ec6T NAM\" \/>\n<meta property=\"og:description\" content=\"SICK ATM60-PAH13X13 1030015 Encoder\" \/>\n<meta property=\"og:url\" content=\"https:\/\/omanivietnam.com\/index.php\/san-pham\/sickatm60-pah13x13-1030015\/\" \/>\n<meta property=\"og:site_name\" content=\"OMANI VI\u1ec6T NAM\" \/>\n<meta property=\"article:modified_time\" content=\"2025-03-12T14:34:50+00:00\" \/>\n<meta property=\"og:image\" content=\"https:\/\/omanivietnam.com\/wp-content\/uploads\/2025\/03\/ATM60-PAH13X13-1030015.png\" \/>\n\t<meta property=\"og:image:width\" content=\"950\" \/>\n\t<meta property=\"og:image:height\" content=\"725\" \/>\n\t<meta property=\"og:image:type\" content=\"image\/png\" \/>\n<meta name=\"twitter:card\" content=\"summary_large_image\" \/>\n<meta name=\"twitter:label1\" content=\"\u01af\u1edbc t\u00ednh th\u1eddi gian \u0111\u1ecdc\" \/>\n\t<meta name=\"twitter:data1\" content=\"2 ph\u00fat\" \/>\n<script type=\"application\/ld+json\" class=\"yoast-schema-graph\">{\"@context\":\"https:\/\/schema.org\",\"@graph\":[{\"@type\":\"WebPage\",\"@id\":\"https:\/\/omanivietnam.com\/index.php\/san-pham\/sickatm60-pah13x13-1030015\/\",\"url\":\"https:\/\/omanivietnam.com\/index.php\/san-pham\/sickatm60-pah13x13-1030015\/\",\"name\":\"SICK ATM60-PAH13X13 1030015 - OMANI VI\u1ec6T NAM\",\"isPartOf\":{\"@id\":\"https:\/\/omanivietnam.com\/#website\"},\"primaryImageOfPage\":{\"@id\":\"https:\/\/omanivietnam.com\/index.php\/san-pham\/sickatm60-pah13x13-1030015\/#primaryimage\"},\"image\":{\"@id\":\"https:\/\/omanivietnam.com\/index.php\/san-pham\/sickatm60-pah13x13-1030015\/#primaryimage\"},\"thumbnailUrl\":\"https:\/\/omanivietnam.com\/wp-content\/uploads\/2025\/03\/ATM60-PAH13X13-1030015.png\",\"datePublished\":\"2025-03-12T14:17:48+00:00\",\"dateModified\":\"2025-03-12T14:34:50+00:00\",\"description\":\"SICK ATM60-PAH13X13 1030015 Encoder\",\"breadcrumb\":{\"@id\":\"https:\/\/omanivietnam.com\/index.php\/san-pham\/sickatm60-pah13x13-1030015\/#breadcrumb\"},\"inLanguage\":\"vi\",\"potentialAction\":[{\"@type\":\"ReadAction\",\"target\":[\"https:\/\/omanivietnam.com\/index.php\/san-pham\/sickatm60-pah13x13-1030015\/\"]}]},{\"@type\":\"ImageObject\",\"inLanguage\":\"vi\",\"@id\":\"https:\/\/omanivietnam.com\/index.php\/san-pham\/sickatm60-pah13x13-1030015\/#primaryimage\",\"url\":\"https:\/\/omanivietnam.com\/wp-content\/uploads\/2025\/03\/ATM60-PAH13X13-1030015.png\",\"contentUrl\":\"https:\/\/omanivietnam.com\/wp-content\/uploads\/2025\/03\/ATM60-PAH13X13-1030015.png\",\"width\":950,\"height\":725},{\"@type\":\"BreadcrumbList\",\"@id\":\"https:\/\/omanivietnam.com\/index.php\/san-pham\/sickatm60-pah13x13-1030015\/#breadcrumb\",\"itemListElement\":[{\"@type\":\"ListItem\",\"position\":1,\"name\":\"Home\",\"item\":\"https:\/\/omanivietnam.com\/\"},{\"@type\":\"ListItem\",\"position\":2,\"name\":\"S\u1ea2N PH\u1ea8M\",\"item\":\"https:\/\/omanivietnam.com\/index.php\/cua-hang\/\"},{\"@type\":\"ListItem\",\"position\":3,\"name\":\"SICK ATM60-PAH13X13 1030015\"}]},{\"@type\":\"WebSite\",\"@id\":\"https:\/\/omanivietnam.com\/#website\",\"url\":\"https:\/\/omanivietnam.com\/\",\"name\":\"OMANI VI\u1ec6T NAM\",\"description\":\"Nh\u00e0 ph\u00e2n ph\u1ed1i thi\u1ebft b\u1ecb kh\u00ed n\u00e9n v\u00e0 thi\u1ebft b\u1ecb t\u1ef1 \u0111\u1ed9ng h\u00f3a trong c\u00f4ng nghi\u1ec7p\",\"publisher\":{\"@id\":\"https:\/\/omanivietnam.com\/#\/schema\/person\/0ad398a980dc3fd696111c2c5c8fa897\"},\"potentialAction\":[{\"@type\":\"SearchAction\",\"target\":{\"@type\":\"EntryPoint\",\"urlTemplate\":\"https:\/\/omanivietnam.com\/?s={search_term_string}\"},\"query-input\":\"required name=search_term_string\"}],\"inLanguage\":\"vi\"},{\"@type\":[\"Person\",\"Organization\"],\"@id\":\"https:\/\/omanivietnam.com\/#\/schema\/person\/0ad398a980dc3fd696111c2c5c8fa897\",\"name\":\"Nguy\u1ec5n V\u0103n Kh\u00e1nh\",\"image\":{\"@type\":\"ImageObject\",\"inLanguage\":\"vi\",\"@id\":\"https:\/\/omanivietnam.com\/#\/schema\/person\/image\/\",\"url\":\"https:\/\/omanivietnam.com\/wp-content\/uploads\/2024\/06\/logo-1024x1024.png\",\"contentUrl\":\"https:\/\/omanivietnam.com\/wp-content\/uploads\/2024\/06\/logo-1024x1024.png\",\"width\":1024,\"height\":1024,\"caption\":\"Nguy\u1ec5n V\u0103n Kh\u00e1nh\"},\"logo\":{\"@id\":\"https:\/\/omanivietnam.com\/#\/schema\/person\/image\/\"},\"sameAs\":[\"https:\/\/omanivietnam.com\"]}]}<\/script>\n<!-- \/ Yoast SEO plugin. -->","yoast_head_json":{"title":"SICK ATM60-PAH13X13 1030015 - OMANI VI\u1ec6T NAM","description":"SICK ATM60-PAH13X13 1030015 Encoder","robots":{"index":"index","follow":"follow","max-snippet":"max-snippet:-1","max-image-preview":"max-image-preview:large","max-video-preview":"max-video-preview:-1"},"canonical":"https:\/\/omanivietnam.com\/index.php\/san-pham\/sickatm60-pah13x13-1030015\/","og_locale":"vi_VN","og_type":"article","og_title":"SICK ATM60-PAH13X13 1030015 - OMANI VI\u1ec6T NAM","og_description":"SICK ATM60-PAH13X13 1030015 Encoder","og_url":"https:\/\/omanivietnam.com\/index.php\/san-pham\/sickatm60-pah13x13-1030015\/","og_site_name":"OMANI VI\u1ec6T NAM","article_modified_time":"2025-03-12T14:34:50+00:00","og_image":[{"width":950,"height":725,"url":"https:\/\/omanivietnam.com\/wp-content\/uploads\/2025\/03\/ATM60-PAH13X13-1030015.png","type":"image\/png"}],"twitter_card":"summary_large_image","twitter_misc":{"\u01af\u1edbc t\u00ednh th\u1eddi gian \u0111\u1ecdc":"2 ph\u00fat"},"schema":{"@context":"https:\/\/schema.org","@graph":[{"@type":"WebPage","@id":"https:\/\/omanivietnam.com\/index.php\/san-pham\/sickatm60-pah13x13-1030015\/","url":"https:\/\/omanivietnam.com\/index.php\/san-pham\/sickatm60-pah13x13-1030015\/","name":"SICK ATM60-PAH13X13 1030015 - OMANI VI\u1ec6T NAM","isPartOf":{"@id":"https:\/\/omanivietnam.com\/#website"},"primaryImageOfPage":{"@id":"https:\/\/omanivietnam.com\/index.php\/san-pham\/sickatm60-pah13x13-1030015\/#primaryimage"},"image":{"@id":"https:\/\/omanivietnam.com\/index.php\/san-pham\/sickatm60-pah13x13-1030015\/#primaryimage"},"thumbnailUrl":"https:\/\/omanivietnam.com\/wp-content\/uploads\/2025\/03\/ATM60-PAH13X13-1030015.png","datePublished":"2025-03-12T14:17:48+00:00","dateModified":"2025-03-12T14:34:50+00:00","description":"SICK ATM60-PAH13X13 1030015 Encoder","breadcrumb":{"@id":"https:\/\/omanivietnam.com\/index.php\/san-pham\/sickatm60-pah13x13-1030015\/#breadcrumb"},"inLanguage":"vi","potentialAction":[{"@type":"ReadAction","target":["https:\/\/omanivietnam.com\/index.php\/san-pham\/sickatm60-pah13x13-1030015\/"]}]},{"@type":"ImageObject","inLanguage":"vi","@id":"https:\/\/omanivietnam.com\/index.php\/san-pham\/sickatm60-pah13x13-1030015\/#primaryimage","url":"https:\/\/omanivietnam.com\/wp-content\/uploads\/2025\/03\/ATM60-PAH13X13-1030015.png","contentUrl":"https:\/\/omanivietnam.com\/wp-content\/uploads\/2025\/03\/ATM60-PAH13X13-1030015.png","width":950,"height":725},{"@type":"BreadcrumbList","@id":"https:\/\/omanivietnam.com\/index.php\/san-pham\/sickatm60-pah13x13-1030015\/#breadcrumb","itemListElement":[{"@type":"ListItem","position":1,"name":"Home","item":"https:\/\/omanivietnam.com\/"},{"@type":"ListItem","position":2,"name":"S\u1ea2N PH\u1ea8M","item":"https:\/\/omanivietnam.com\/index.php\/cua-hang\/"},{"@type":"ListItem","position":3,"name":"SICK ATM60-PAH13X13 1030015"}]},{"@type":"WebSite","@id":"https:\/\/omanivietnam.com\/#website","url":"https:\/\/omanivietnam.com\/","name":"OMANI VI\u1ec6T NAM","description":"Nh\u00e0 ph\u00e2n ph\u1ed1i thi\u1ebft b\u1ecb kh\u00ed n\u00e9n v\u00e0 thi\u1ebft b\u1ecb t\u1ef1 \u0111\u1ed9ng h\u00f3a trong c\u00f4ng nghi\u1ec7p","publisher":{"@id":"https:\/\/omanivietnam.com\/#\/schema\/person\/0ad398a980dc3fd696111c2c5c8fa897"},"potentialAction":[{"@type":"SearchAction","target":{"@type":"EntryPoint","urlTemplate":"https:\/\/omanivietnam.com\/?s={search_term_string}"},"query-input":"required name=search_term_string"}],"inLanguage":"vi"},{"@type":["Person","Organization"],"@id":"https:\/\/omanivietnam.com\/#\/schema\/person\/0ad398a980dc3fd696111c2c5c8fa897","name":"Nguy\u1ec5n V\u0103n Kh\u00e1nh","image":{"@type":"ImageObject","inLanguage":"vi","@id":"https:\/\/omanivietnam.com\/#\/schema\/person\/image\/","url":"https:\/\/omanivietnam.com\/wp-content\/uploads\/2024\/06\/logo-1024x1024.png","contentUrl":"https:\/\/omanivietnam.com\/wp-content\/uploads\/2024\/06\/logo-1024x1024.png","width":1024,"height":1024,"caption":"Nguy\u1ec5n V\u0103n Kh\u00e1nh"},"logo":{"@id":"https:\/\/omanivietnam.com\/#\/schema\/person\/image\/"},"sameAs":["https:\/\/omanivietnam.com"]}]}},"_links":{"self":[{"href":"https:\/\/omanivietnam.com\/index.php\/wp-json\/wp\/v2\/product\/3332","targetHints":{"allow":["GET"]}}],"collection":[{"href":"https:\/\/omanivietnam.com\/index.php\/wp-json\/wp\/v2\/product"}],"about":[{"href":"https:\/\/omanivietnam.com\/index.php\/wp-json\/wp\/v2\/types\/product"}],"replies":[{"embeddable":true,"href":"https:\/\/omanivietnam.com\/index.php\/wp-json\/wp\/v2\/comments?post=3332"}],"wp:featuredmedia":[{"embeddable":true,"href":"https:\/\/omanivietnam.com\/index.php\/wp-json\/wp\/v2\/media\/3333"}],"wp:attachment":[{"href":"https:\/\/omanivietnam.com\/index.php\/wp-json\/wp\/v2\/media?parent=3332"}],"wp:term":[{"taxonomy":"product_cat","embeddable":true,"href":"https:\/\/omanivietnam.com\/index.php\/wp-json\/wp\/v2\/product_cat?post=3332"},{"taxonomy":"product_tag","embeddable":true,"href":"https:\/\/omanivietnam.com\/index.php\/wp-json\/wp\/v2\/product_tag?post=3332"}],"curies":[{"name":"wp","href":"https:\/\/api.w.org\/{rel}","templated":true}]}}