{"id":3357,"date":"2025-03-17T21:56:51","date_gmt":"2025-03-17T14:56:51","guid":{"rendered":"https:\/\/omanivietnam.com\/?post_type=product&#038;p=3357"},"modified":"2025-03-17T21:56:52","modified_gmt":"2025-03-17T14:56:52","slug":"ebmpapst-r2e180-bd52-06","status":"publish","type":"product","link":"https:\/\/omanivietnam.com\/index.php\/san-pham\/ebmpapst-r2e180-bd52-06\/","title":{"rendered":"EBMPAPST R2E180-BD52-06"},"content":{"rendered":"<p>EBMPAPST R2E180-BD52-06<\/p>\n<ul>\n<li><strong>M\u00e3 qu\u1ea1t:<\/strong>\u00a0R2E180-BD52-06<\/li>\n<li><strong>Th\u01b0\u01a1ng hi\u1ec7u<\/strong>: Qu\u1ea1t AC EBM-PAPST<\/li>\n<li><strong>Xu\u1ea5t x\u1ee9<\/strong>: Germany<\/li>\n<li><strong>Voltage:<\/strong>\u00a0230VAC<\/li>\n<li><strong>Ch\u1ea5t l\u01b0\u1ee3ng<\/strong>:\u00a0<strong>M\u1edbi 100%\u00a0<\/strong>ch\u01b0a qua s\u1eed d\u1ee5ng<\/li>\n<li><strong>B\u1ea3o h\u00e0nh<\/strong>\u00a0:\u00a012 th\u00e1ng<\/li>\n<\/ul>\n<ul>\n<li>Type: R2E180-BD52-06<\/li>\n<li>Motor: M2E052-CA<\/li>\n<li>Voltage: 230VAC<\/li>\n<li>Frequency: 50\/60Hz<\/li>\n<li>Current: 0.24\/0.30A<\/li>\n<li>Power: 52\/65W<\/li>\n<li><strong>Capacitance: 1.5uF\/400VDB<\/strong><\/li>\n<li>Speed: 2300RPM<\/li>\n<li>Size: \u03a6180mm<\/li>\n<li>Motor Bearing: Ball<\/li>\n<li>Termination: 3 Wire Leads<\/li>\n<li>Unit Weight: 1kg<\/li>\n<li>Xu\u1ea5t x\u1ee9: \u0110\u1ee9c<\/li>\n<\/ul>\n","protected":false},"excerpt":{"rendered":"<p>EBMPAPST R2E180-BD52-06 M\u00e3 qu\u1ea1t:\u00a0R2E180-BD52-06 Th\u01b0\u01a1ng hi\u1ec7u: Qu\u1ea1t AC EBM-PAPST Xu\u1ea5t x\u1ee9: Germany Voltage:\u00a0230VAC Ch\u1ea5t l\u01b0\u1ee3ng:\u00a0M\u1edbi 100%\u00a0ch\u01b0a qua s\u1eed d\u1ee5ng B\u1ea3o h\u00e0nh\u00a0:\u00a012 th\u00e1ng Type: R2E180-BD52-06 Motor: M2E052-CA Voltage: 230VAC Frequency: 50\/60Hz Current: 0.24\/0.30A Power: 52\/65W Capacitance: 1.5uF\/400VDB Speed: 2300RPM Size: \u03a6180mm Motor Bearing: Ball Termination: 3 Wire Leads Unit Weight: 1kg&hellip; <\/p>\n","protected":false},"featured_media":3358,"comment_status":"open","ping_status":"closed","template":"","meta":[],"product_cat":[302],"product_tag":[638,278,277,246],"class_list":{"0":"post-3357","1":"product","2":"type-product","3":"status-publish","4":"has-post-thumbnail","6":"product_cat-ebmpapst","7":"product_tag-centrifugal-fan","8":"product_tag-dai-ly-ebmpapst-viet-nam","9":"product_tag-ebmpapst-viet-nam","10":"product_tag-quat","12":"first","13":"instock","14":"shipping-taxable","15":"product-type-simple"},"yoast_head":"<!-- This site is optimized with the Yoast SEO plugin v22.8 - https:\/\/yoast.com\/wordpress\/plugins\/seo\/ -->\n<title>EBMPAPST R2E180-BD52-06 - OMANI VI\u1ec6T NAM<\/title>\n<meta name=\"description\" content=\"EBMPAPST R2E180-BD52-06 Centrifugal Fan\" \/>\n<meta name=\"robots\" content=\"index, follow, max-snippet:-1, max-image-preview:large, max-video-preview:-1\" \/>\n<link rel=\"canonical\" href=\"https:\/\/omanivietnam.com\/index.php\/san-pham\/ebmpapst-r2e180-bd52-06\/\" \/>\n<meta property=\"og:locale\" content=\"vi_VN\" \/>\n<meta property=\"og:type\" content=\"article\" \/>\n<meta property=\"og:title\" content=\"EBMPAPST R2E180-BD52-06 - OMANI VI\u1ec6T NAM\" \/>\n<meta property=\"og:description\" content=\"EBMPAPST R2E180-BD52-06 Centrifugal Fan\" \/>\n<meta property=\"og:url\" content=\"https:\/\/omanivietnam.com\/index.php\/san-pham\/ebmpapst-r2e180-bd52-06\/\" \/>\n<meta property=\"og:site_name\" content=\"OMANI VI\u1ec6T NAM\" \/>\n<meta property=\"article:modified_time\" content=\"2025-03-17T14:56:52+00:00\" \/>\n<meta property=\"og:image\" content=\"https:\/\/omanivietnam.com\/wp-content\/uploads\/2025\/03\/R2E180-BD52-06.png\" \/>\n\t<meta property=\"og:image:width\" content=\"701\" \/>\n\t<meta property=\"og:image:height\" content=\"673\" \/>\n\t<meta property=\"og:image:type\" content=\"image\/png\" \/>\n<meta name=\"twitter:card\" content=\"summary_large_image\" \/>\n<meta name=\"twitter:label1\" content=\"\u01af\u1edbc t\u00ednh th\u1eddi gian \u0111\u1ecdc\" \/>\n\t<meta name=\"twitter:data1\" content=\"1 ph\u00fat\" \/>\n<script type=\"application\/ld+json\" class=\"yoast-schema-graph\">{\"@context\":\"https:\/\/schema.org\",\"@graph\":[{\"@type\":\"WebPage\",\"@id\":\"https:\/\/omanivietnam.com\/index.php\/san-pham\/ebmpapst-r2e180-bd52-06\/\",\"url\":\"https:\/\/omanivietnam.com\/index.php\/san-pham\/ebmpapst-r2e180-bd52-06\/\",\"name\":\"EBMPAPST R2E180-BD52-06 - OMANI VI\u1ec6T NAM\",\"isPartOf\":{\"@id\":\"https:\/\/omanivietnam.com\/#website\"},\"primaryImageOfPage\":{\"@id\":\"https:\/\/omanivietnam.com\/index.php\/san-pham\/ebmpapst-r2e180-bd52-06\/#primaryimage\"},\"image\":{\"@id\":\"https:\/\/omanivietnam.com\/index.php\/san-pham\/ebmpapst-r2e180-bd52-06\/#primaryimage\"},\"thumbnailUrl\":\"https:\/\/omanivietnam.com\/wp-content\/uploads\/2025\/03\/R2E180-BD52-06.png\",\"datePublished\":\"2025-03-17T14:56:51+00:00\",\"dateModified\":\"2025-03-17T14:56:52+00:00\",\"description\":\"EBMPAPST R2E180-BD52-06 Centrifugal Fan\",\"breadcrumb\":{\"@id\":\"https:\/\/omanivietnam.com\/index.php\/san-pham\/ebmpapst-r2e180-bd52-06\/#breadcrumb\"},\"inLanguage\":\"vi\",\"potentialAction\":[{\"@type\":\"ReadAction\",\"target\":[\"https:\/\/omanivietnam.com\/index.php\/san-pham\/ebmpapst-r2e180-bd52-06\/\"]}]},{\"@type\":\"ImageObject\",\"inLanguage\":\"vi\",\"@id\":\"https:\/\/omanivietnam.com\/index.php\/san-pham\/ebmpapst-r2e180-bd52-06\/#primaryimage\",\"url\":\"https:\/\/omanivietnam.com\/wp-content\/uploads\/2025\/03\/R2E180-BD52-06.png\",\"contentUrl\":\"https:\/\/omanivietnam.com\/wp-content\/uploads\/2025\/03\/R2E180-BD52-06.png\",\"width\":701,\"height\":673},{\"@type\":\"BreadcrumbList\",\"@id\":\"https:\/\/omanivietnam.com\/index.php\/san-pham\/ebmpapst-r2e180-bd52-06\/#breadcrumb\",\"itemListElement\":[{\"@type\":\"ListItem\",\"position\":1,\"name\":\"Home\",\"item\":\"https:\/\/omanivietnam.com\/\"},{\"@type\":\"ListItem\",\"position\":2,\"name\":\"S\u1ea2N PH\u1ea8M\",\"item\":\"https:\/\/omanivietnam.com\/index.php\/cua-hang\/\"},{\"@type\":\"ListItem\",\"position\":3,\"name\":\"EBMPAPST R2E180-BD52-06\"}]},{\"@type\":\"WebSite\",\"@id\":\"https:\/\/omanivietnam.com\/#website\",\"url\":\"https:\/\/omanivietnam.com\/\",\"name\":\"OMANI VI\u1ec6T NAM\",\"description\":\"Nh\u00e0 ph\u00e2n ph\u1ed1i thi\u1ebft b\u1ecb kh\u00ed n\u00e9n v\u00e0 thi\u1ebft b\u1ecb t\u1ef1 \u0111\u1ed9ng h\u00f3a trong c\u00f4ng nghi\u1ec7p\",\"publisher\":{\"@id\":\"https:\/\/omanivietnam.com\/#\/schema\/person\/0ad398a980dc3fd696111c2c5c8fa897\"},\"potentialAction\":[{\"@type\":\"SearchAction\",\"target\":{\"@type\":\"EntryPoint\",\"urlTemplate\":\"https:\/\/omanivietnam.com\/?s={search_term_string}\"},\"query-input\":\"required name=search_term_string\"}],\"inLanguage\":\"vi\"},{\"@type\":[\"Person\",\"Organization\"],\"@id\":\"https:\/\/omanivietnam.com\/#\/schema\/person\/0ad398a980dc3fd696111c2c5c8fa897\",\"name\":\"Nguy\u1ec5n V\u0103n Kh\u00e1nh\",\"image\":{\"@type\":\"ImageObject\",\"inLanguage\":\"vi\",\"@id\":\"https:\/\/omanivietnam.com\/#\/schema\/person\/image\/\",\"url\":\"https:\/\/omanivietnam.com\/wp-content\/uploads\/2024\/06\/logo-1024x1024.png\",\"contentUrl\":\"https:\/\/omanivietnam.com\/wp-content\/uploads\/2024\/06\/logo-1024x1024.png\",\"width\":1024,\"height\":1024,\"caption\":\"Nguy\u1ec5n V\u0103n Kh\u00e1nh\"},\"logo\":{\"@id\":\"https:\/\/omanivietnam.com\/#\/schema\/person\/image\/\"},\"sameAs\":[\"https:\/\/omanivietnam.com\"]}]}<\/script>\n<!-- \/ Yoast SEO plugin. -->","yoast_head_json":{"title":"EBMPAPST R2E180-BD52-06 - OMANI VI\u1ec6T NAM","description":"EBMPAPST R2E180-BD52-06 Centrifugal Fan","robots":{"index":"index","follow":"follow","max-snippet":"max-snippet:-1","max-image-preview":"max-image-preview:large","max-video-preview":"max-video-preview:-1"},"canonical":"https:\/\/omanivietnam.com\/index.php\/san-pham\/ebmpapst-r2e180-bd52-06\/","og_locale":"vi_VN","og_type":"article","og_title":"EBMPAPST R2E180-BD52-06 - OMANI VI\u1ec6T NAM","og_description":"EBMPAPST R2E180-BD52-06 Centrifugal Fan","og_url":"https:\/\/omanivietnam.com\/index.php\/san-pham\/ebmpapst-r2e180-bd52-06\/","og_site_name":"OMANI VI\u1ec6T NAM","article_modified_time":"2025-03-17T14:56:52+00:00","og_image":[{"width":701,"height":673,"url":"https:\/\/omanivietnam.com\/wp-content\/uploads\/2025\/03\/R2E180-BD52-06.png","type":"image\/png"}],"twitter_card":"summary_large_image","twitter_misc":{"\u01af\u1edbc t\u00ednh th\u1eddi gian \u0111\u1ecdc":"1 ph\u00fat"},"schema":{"@context":"https:\/\/schema.org","@graph":[{"@type":"WebPage","@id":"https:\/\/omanivietnam.com\/index.php\/san-pham\/ebmpapst-r2e180-bd52-06\/","url":"https:\/\/omanivietnam.com\/index.php\/san-pham\/ebmpapst-r2e180-bd52-06\/","name":"EBMPAPST R2E180-BD52-06 - OMANI VI\u1ec6T NAM","isPartOf":{"@id":"https:\/\/omanivietnam.com\/#website"},"primaryImageOfPage":{"@id":"https:\/\/omanivietnam.com\/index.php\/san-pham\/ebmpapst-r2e180-bd52-06\/#primaryimage"},"image":{"@id":"https:\/\/omanivietnam.com\/index.php\/san-pham\/ebmpapst-r2e180-bd52-06\/#primaryimage"},"thumbnailUrl":"https:\/\/omanivietnam.com\/wp-content\/uploads\/2025\/03\/R2E180-BD52-06.png","datePublished":"2025-03-17T14:56:51+00:00","dateModified":"2025-03-17T14:56:52+00:00","description":"EBMPAPST R2E180-BD52-06 Centrifugal Fan","breadcrumb":{"@id":"https:\/\/omanivietnam.com\/index.php\/san-pham\/ebmpapst-r2e180-bd52-06\/#breadcrumb"},"inLanguage":"vi","potentialAction":[{"@type":"ReadAction","target":["https:\/\/omanivietnam.com\/index.php\/san-pham\/ebmpapst-r2e180-bd52-06\/"]}]},{"@type":"ImageObject","inLanguage":"vi","@id":"https:\/\/omanivietnam.com\/index.php\/san-pham\/ebmpapst-r2e180-bd52-06\/#primaryimage","url":"https:\/\/omanivietnam.com\/wp-content\/uploads\/2025\/03\/R2E180-BD52-06.png","contentUrl":"https:\/\/omanivietnam.com\/wp-content\/uploads\/2025\/03\/R2E180-BD52-06.png","width":701,"height":673},{"@type":"BreadcrumbList","@id":"https:\/\/omanivietnam.com\/index.php\/san-pham\/ebmpapst-r2e180-bd52-06\/#breadcrumb","itemListElement":[{"@type":"ListItem","position":1,"name":"Home","item":"https:\/\/omanivietnam.com\/"},{"@type":"ListItem","position":2,"name":"S\u1ea2N PH\u1ea8M","item":"https:\/\/omanivietnam.com\/index.php\/cua-hang\/"},{"@type":"ListItem","position":3,"name":"EBMPAPST R2E180-BD52-06"}]},{"@type":"WebSite","@id":"https:\/\/omanivietnam.com\/#website","url":"https:\/\/omanivietnam.com\/","name":"OMANI VI\u1ec6T NAM","description":"Nh\u00e0 ph\u00e2n ph\u1ed1i thi\u1ebft b\u1ecb kh\u00ed n\u00e9n v\u00e0 thi\u1ebft b\u1ecb t\u1ef1 \u0111\u1ed9ng h\u00f3a trong c\u00f4ng nghi\u1ec7p","publisher":{"@id":"https:\/\/omanivietnam.com\/#\/schema\/person\/0ad398a980dc3fd696111c2c5c8fa897"},"potentialAction":[{"@type":"SearchAction","target":{"@type":"EntryPoint","urlTemplate":"https:\/\/omanivietnam.com\/?s={search_term_string}"},"query-input":"required name=search_term_string"}],"inLanguage":"vi"},{"@type":["Person","Organization"],"@id":"https:\/\/omanivietnam.com\/#\/schema\/person\/0ad398a980dc3fd696111c2c5c8fa897","name":"Nguy\u1ec5n V\u0103n Kh\u00e1nh","image":{"@type":"ImageObject","inLanguage":"vi","@id":"https:\/\/omanivietnam.com\/#\/schema\/person\/image\/","url":"https:\/\/omanivietnam.com\/wp-content\/uploads\/2024\/06\/logo-1024x1024.png","contentUrl":"https:\/\/omanivietnam.com\/wp-content\/uploads\/2024\/06\/logo-1024x1024.png","width":1024,"height":1024,"caption":"Nguy\u1ec5n V\u0103n Kh\u00e1nh"},"logo":{"@id":"https:\/\/omanivietnam.com\/#\/schema\/person\/image\/"},"sameAs":["https:\/\/omanivietnam.com"]}]}},"_links":{"self":[{"href":"https:\/\/omanivietnam.com\/index.php\/wp-json\/wp\/v2\/product\/3357","targetHints":{"allow":["GET"]}}],"collection":[{"href":"https:\/\/omanivietnam.com\/index.php\/wp-json\/wp\/v2\/product"}],"about":[{"href":"https:\/\/omanivietnam.com\/index.php\/wp-json\/wp\/v2\/types\/product"}],"replies":[{"embeddable":true,"href":"https:\/\/omanivietnam.com\/index.php\/wp-json\/wp\/v2\/comments?post=3357"}],"wp:featuredmedia":[{"embeddable":true,"href":"https:\/\/omanivietnam.com\/index.php\/wp-json\/wp\/v2\/media\/3358"}],"wp:attachment":[{"href":"https:\/\/omanivietnam.com\/index.php\/wp-json\/wp\/v2\/media?parent=3357"}],"wp:term":[{"taxonomy":"product_cat","embeddable":true,"href":"https:\/\/omanivietnam.com\/index.php\/wp-json\/wp\/v2\/product_cat?post=3357"},{"taxonomy":"product_tag","embeddable":true,"href":"https:\/\/omanivietnam.com\/index.php\/wp-json\/wp\/v2\/product_tag?post=3357"}],"curies":[{"name":"wp","href":"https:\/\/api.w.org\/{rel}","templated":true}]}}