{"id":3371,"date":"2025-03-19T15:09:39","date_gmt":"2025-03-19T08:09:39","guid":{"rendered":"https:\/\/omanivietnam.com\/?post_type=product&#038;p=3371"},"modified":"2025-03-19T15:09:39","modified_gmt":"2025-03-19T08:09:39","slug":"ifm-kg5057","status":"publish","type":"product","link":"https:\/\/omanivietnam.com\/index.php\/san-pham\/ifm-kg5057\/","title":{"rendered":"IFM KG5057"},"content":{"rendered":"<p>IFM KG5057<\/p>\n<div class=\"ifm-product-detail-head__top-wrapper\">\n<div class=\"ifm-product-detail-head__product-info\">\n<p class=\"ifm-product-detail-head__category normalize\" data-test=\"product-category\">Capacitive sensor<\/p>\n<div class=\"ifm-product-detail-head__product-info-wrapper\">\n<p class=\"ifm-product-detail-head__product-id h2 normalize\" data-test=\"product-id\">KG5057<\/p>\n<p class=\"ifm-product-detail-head__type normalize\" data-test=\"product-type\">KG-3008-BPKG\/NI\/US<\/p>\n<\/div>\n<\/div>\n<\/div>\n<div class=\"ifm-product-detail-slider ifm-product-detail-head__slider\" data-test=\"ifm-product-detail-slider\">\n<div class=\"swiper swiper-initialized swiper-horizontal ifm-product-thumbnail-slider__top swiper-backface-hidden\">\n<div class=\"swiper-wrapper\">\n<div class=\"swiper-slide swiper-slide-active swiper-slide-next ifm-product-thumbnail-slider__item\" data-swiper-slide-index=\"0\">\n<div class=\"ifm-zoomable-image viewer\" data-test=\"zoom-image-container\"><\/div>\n<\/div>\n<\/div>\n<\/div>\n<\/div>\n<div class=\"ifm-product-detail-head__commerce-wrapper\">\n<div class=\"ifm-product-detail-head__detail-wrapper\" data-test=\"product-details\">\n<ul class=\"ifm-product-detail-head__list\" data-test=\"product-bullet-points\">\n<li class=\"ifm-product-detail-head__list-item\">Easy setting of the sensing range via potentiometer<\/li>\n<li class=\"ifm-product-detail-head__list-item\">High noise immunity<\/li>\n<li class=\"ifm-product-detail-head__list-item\">Clearly visible indication of the switching status<\/li>\n<li class=\"ifm-product-detail-head__list-item\">With robust M12 connector<\/li>\n<\/ul>\n<\/div>\n<\/div>\n<table class=\"woocommerce-product-attributes shop_attributes\">\n<tbody>\n<tr>\n<th class=\"pd-table-h1\" colspan=\"2\">Product characteristics<\/th>\n<\/tr>\n<tr>\n<td>Electrical design<\/td>\n<td>PNP<\/td>\n<\/tr>\n<tr>\n<td>Output function<\/td>\n<td>normally open<\/td>\n<\/tr>\n<tr>\n<td>Sensing range [mm]<\/td>\n<td>8<\/td>\n<\/tr>\n<tr>\n<td>Housing<\/td>\n<td>threaded type<\/td>\n<\/tr>\n<tr>\n<td>Dimensions [mm]<\/td>\n<td>M18 x 1 \/ L = 93.8<\/td>\n<\/tr>\n<tr>\n<th class=\"pd-table-h1\" colspan=\"2\">Electrical data<\/th>\n<\/tr>\n<tr>\n<td>Operating voltage [V]<\/td>\n<td>10\u202636 DC<\/td>\n<\/tr>\n<tr>\n<td>Current consumption [mA]<\/td>\n<td>&lt; 10 (24 V DC) \/ &lt; 15 (36 V DC)<\/td>\n<\/tr>\n<tr>\n<td>Protection class<\/td>\n<td>II<\/td>\n<\/tr>\n<tr>\n<td>Reverse polarity protection<\/td>\n<td>yes<\/td>\n<\/tr>\n<tr>\n<th class=\"pd-table-h1\" colspan=\"2\">Outputs<\/th>\n<\/tr>\n<tr>\n<td>Electrical design<\/td>\n<td>PNP<\/td>\n<\/tr>\n<tr>\n<td>Output function<\/td>\n<td>normally open<\/td>\n<\/tr>\n<tr>\n<td>Max. voltage drop switching output DC [V]<\/td>\n<td>2.5<\/td>\n<\/tr>\n<tr>\n<td>Permanent current rating of switching output DC [mA]<\/td>\n<td>250<\/td>\n<\/tr>\n<tr>\n<td>Switching frequency DC [Hz]<\/td>\n<td>50<\/td>\n<\/tr>\n<tr>\n<td>Short-circuit proof<\/td>\n<td>yes<\/td>\n<\/tr>\n<tr>\n<td>Overload protection<\/td>\n<td>yes<\/td>\n<\/tr>\n<tr>\n<th class=\"pd-table-h1\" colspan=\"2\">Detection zone<\/th>\n<\/tr>\n<tr>\n<td>Sensing range [mm]<\/td>\n<td>8<\/td>\n<\/tr>\n<tr>\n<td>Sensing range adjustable<\/td>\n<td>yes<\/td>\n<\/tr>\n<tr>\n<td>Factory setting sensing range [mm]<\/td>\n<td>8<\/td>\n<\/tr>\n<tr>\n<td>Real sensing range Sr [mm]<\/td>\n<td>8 \u00b1 10 %<\/td>\n<\/tr>\n<tr>\n<td>Operating distance [mm]<\/td>\n<td>0\u20266.5<\/td>\n<\/tr>\n<tr>\n<th class=\"pd-table-h1\" colspan=\"2\">Accuracy \/ deviations<\/th>\n<\/tr>\n<tr>\n<td>Correction factor<\/td>\n<td>glass: 0.4 \/ water: 1 \/ ceramics: 0.2 \/ PVC: 0.2<\/td>\n<\/tr>\n<tr>\n<td>Hysteresis [% of Sr]<\/td>\n<td>1\u202615<\/td>\n<\/tr>\n<tr>\n<td>Switch point drift [% of Sr]<\/td>\n<td>-15\u202615<\/td>\n<\/tr>\n<tr>\n<th class=\"pd-table-h1\" colspan=\"2\">Operating conditions<\/th>\n<\/tr>\n<tr>\n<td>Ambient temperature [\u00b0C]<\/td>\n<td>-25\u202680<\/td>\n<\/tr>\n<tr>\n<td>Protection<\/td>\n<td>IP 67<\/td>\n<\/tr>\n<tr>\n<td>Increased immunity<\/td>\n<td>yes<\/td>\n<\/tr>\n<tr>\n<th class=\"pd-table-h1\" colspan=\"2\">Mechanical data<\/th>\n<\/tr>\n<tr>\n<td>Weight [g]<\/td>\n<td>52.5<\/td>\n<\/tr>\n<tr>\n<td>Housing<\/td>\n<td>threaded type<\/td>\n<\/tr>\n<tr>\n<td>Mounting<\/td>\n<td>non-flush mountable<\/td>\n<\/tr>\n<tr>\n<td>Dimensions [mm]<\/td>\n<td>M18 x 1 \/ L = 93.8<\/td>\n<\/tr>\n<tr>\n<td>Thread designation<\/td>\n<td>M18 x 1<\/td>\n<\/tr>\n<tr>\n<td>Materials<\/td>\n<td>PBT<\/td>\n<\/tr>\n<tr>\n<th class=\"pd-table-h1\" colspan=\"2\">Displays \/ operating elements<\/th>\n<\/tr>\n<tr>\n<td>Display<\/td>\n<td>\n<table>\n<caption>\u00a0<\/caption>\n<colgroup class=\"pd-table-cols-2\">\n<col class=\"pd-table-col-1\" \/>\n<col class=\"pd-table-col-2\" \/><\/colgroup>\n<tbody>\n<tr>\n<td>switching status<\/td>\n<td>1 x LED, yellow<\/td>\n<\/tr>\n<\/tbody>\n<\/table>\n<\/td>\n<\/tr>\n<tr>\n<th class=\"pd-table-h1\" colspan=\"2\">Accessories<\/th>\n<\/tr>\n<tr>\n<td>Items supplied<\/td>\n<td>\n<table>\n<caption>\u00a0<\/caption>\n<colgroup class=\"pd-table-cols-1\">\n<col class=\"pd-table-col-1\" \/><\/colgroup>\n<tbody>\n<tr>\n<td>lock nuts: 2<\/td>\n<\/tr>\n<\/tbody>\n<\/table>\n<\/td>\n<\/tr>\n<tr>\n<th class=\"pd-table-h1\" colspan=\"2\">Remarks<\/th>\n<\/tr>\n<tr>\n<td>Pack quantity<\/td>\n<td>1 pcs.<\/td>\n<\/tr>\n<tr>\n<th class=\"pd-table-h1\" colspan=\"2\">Electrical connection \u2013 plug<\/th>\n<\/tr>\n<tr>\n<td>Connection<\/td>\n<td>Connector: 1 x M12<\/td>\n<\/tr>\n<\/tbody>\n<\/table>\n","protected":false},"excerpt":{"rendered":"<p>IFM KG5057 Capacitive sensor KG5057 KG-3008-BPKG\/NI\/US Easy setting of the sensing range via potentiometer High noise immunity Clearly visible indication of the switching status With robust M12 connector Product characteristics Electrical design PNP Output function normally open Sensing range [mm] 8 Housing threaded type Dimensions [mm] M18 x 1 \/&hellip; <\/p>\n","protected":false},"featured_media":3372,"comment_status":"open","ping_status":"closed","template":"","meta":[],"product_cat":[300],"product_tag":[88,166,165],"class_list":{"0":"post-3371","1":"product","2":"type-product","3":"status-publish","4":"has-post-thumbnail","6":"product_cat-ifm","7":"product_tag-cam-bien","8":"product_tag-dai-ly-ifm-viet-nam","9":"product_tag-ifm-viet-nam","11":"first","12":"instock","13":"shipping-taxable","14":"product-type-simple"},"yoast_head":"<!-- This site is optimized with the Yoast SEO plugin v22.8 - https:\/\/yoast.com\/wordpress\/plugins\/seo\/ -->\n<title>IFM KG5057 - OMANI VI\u1ec6T NAM<\/title>\n<meta name=\"description\" content=\"IFM KG5057 Sensor\" \/>\n<meta name=\"robots\" content=\"index, follow, max-snippet:-1, max-image-preview:large, max-video-preview:-1\" \/>\n<link rel=\"canonical\" href=\"https:\/\/omanivietnam.com\/index.php\/san-pham\/ifm-kg5057\/\" \/>\n<meta property=\"og:locale\" content=\"vi_VN\" \/>\n<meta property=\"og:type\" content=\"article\" \/>\n<meta property=\"og:title\" content=\"IFM KG5057 - OMANI VI\u1ec6T NAM\" \/>\n<meta property=\"og:description\" content=\"IFM KG5057 Sensor\" \/>\n<meta property=\"og:url\" content=\"https:\/\/omanivietnam.com\/index.php\/san-pham\/ifm-kg5057\/\" \/>\n<meta property=\"og:site_name\" content=\"OMANI VI\u1ec6T NAM\" \/>\n<meta property=\"og:image\" content=\"https:\/\/omanivietnam.com\/wp-content\/uploads\/2025\/03\/KG5057.png\" \/>\n\t<meta property=\"og:image:width\" content=\"539\" \/>\n\t<meta property=\"og:image:height\" content=\"583\" \/>\n\t<meta property=\"og:image:type\" content=\"image\/png\" \/>\n<meta name=\"twitter:card\" content=\"summary_large_image\" \/>\n<meta name=\"twitter:label1\" content=\"\u01af\u1edbc t\u00ednh th\u1eddi gian \u0111\u1ecdc\" \/>\n\t<meta name=\"twitter:data1\" content=\"2 ph\u00fat\" \/>\n<script type=\"application\/ld+json\" class=\"yoast-schema-graph\">{\"@context\":\"https:\/\/schema.org\",\"@graph\":[{\"@type\":\"WebPage\",\"@id\":\"https:\/\/omanivietnam.com\/index.php\/san-pham\/ifm-kg5057\/\",\"url\":\"https:\/\/omanivietnam.com\/index.php\/san-pham\/ifm-kg5057\/\",\"name\":\"IFM KG5057 - OMANI VI\u1ec6T NAM\",\"isPartOf\":{\"@id\":\"https:\/\/omanivietnam.com\/#website\"},\"primaryImageOfPage\":{\"@id\":\"https:\/\/omanivietnam.com\/index.php\/san-pham\/ifm-kg5057\/#primaryimage\"},\"image\":{\"@id\":\"https:\/\/omanivietnam.com\/index.php\/san-pham\/ifm-kg5057\/#primaryimage\"},\"thumbnailUrl\":\"https:\/\/omanivietnam.com\/wp-content\/uploads\/2025\/03\/KG5057.png\",\"datePublished\":\"2025-03-19T08:09:39+00:00\",\"dateModified\":\"2025-03-19T08:09:39+00:00\",\"description\":\"IFM KG5057 Sensor\",\"breadcrumb\":{\"@id\":\"https:\/\/omanivietnam.com\/index.php\/san-pham\/ifm-kg5057\/#breadcrumb\"},\"inLanguage\":\"vi\",\"potentialAction\":[{\"@type\":\"ReadAction\",\"target\":[\"https:\/\/omanivietnam.com\/index.php\/san-pham\/ifm-kg5057\/\"]}]},{\"@type\":\"ImageObject\",\"inLanguage\":\"vi\",\"@id\":\"https:\/\/omanivietnam.com\/index.php\/san-pham\/ifm-kg5057\/#primaryimage\",\"url\":\"https:\/\/omanivietnam.com\/wp-content\/uploads\/2025\/03\/KG5057.png\",\"contentUrl\":\"https:\/\/omanivietnam.com\/wp-content\/uploads\/2025\/03\/KG5057.png\",\"width\":539,\"height\":583},{\"@type\":\"BreadcrumbList\",\"@id\":\"https:\/\/omanivietnam.com\/index.php\/san-pham\/ifm-kg5057\/#breadcrumb\",\"itemListElement\":[{\"@type\":\"ListItem\",\"position\":1,\"name\":\"Home\",\"item\":\"https:\/\/omanivietnam.com\/\"},{\"@type\":\"ListItem\",\"position\":2,\"name\":\"S\u1ea2N PH\u1ea8M\",\"item\":\"https:\/\/omanivietnam.com\/index.php\/cua-hang\/\"},{\"@type\":\"ListItem\",\"position\":3,\"name\":\"IFM KG5057\"}]},{\"@type\":\"WebSite\",\"@id\":\"https:\/\/omanivietnam.com\/#website\",\"url\":\"https:\/\/omanivietnam.com\/\",\"name\":\"OMANI VI\u1ec6T NAM\",\"description\":\"Nh\u00e0 ph\u00e2n ph\u1ed1i thi\u1ebft b\u1ecb kh\u00ed n\u00e9n v\u00e0 thi\u1ebft b\u1ecb t\u1ef1 \u0111\u1ed9ng h\u00f3a trong c\u00f4ng nghi\u1ec7p\",\"publisher\":{\"@id\":\"https:\/\/omanivietnam.com\/#\/schema\/person\/0ad398a980dc3fd696111c2c5c8fa897\"},\"potentialAction\":[{\"@type\":\"SearchAction\",\"target\":{\"@type\":\"EntryPoint\",\"urlTemplate\":\"https:\/\/omanivietnam.com\/?s={search_term_string}\"},\"query-input\":\"required name=search_term_string\"}],\"inLanguage\":\"vi\"},{\"@type\":[\"Person\",\"Organization\"],\"@id\":\"https:\/\/omanivietnam.com\/#\/schema\/person\/0ad398a980dc3fd696111c2c5c8fa897\",\"name\":\"Nguy\u1ec5n V\u0103n Kh\u00e1nh\",\"image\":{\"@type\":\"ImageObject\",\"inLanguage\":\"vi\",\"@id\":\"https:\/\/omanivietnam.com\/#\/schema\/person\/image\/\",\"url\":\"https:\/\/omanivietnam.com\/wp-content\/uploads\/2024\/06\/logo-1024x1024.png\",\"contentUrl\":\"https:\/\/omanivietnam.com\/wp-content\/uploads\/2024\/06\/logo-1024x1024.png\",\"width\":1024,\"height\":1024,\"caption\":\"Nguy\u1ec5n V\u0103n Kh\u00e1nh\"},\"logo\":{\"@id\":\"https:\/\/omanivietnam.com\/#\/schema\/person\/image\/\"},\"sameAs\":[\"https:\/\/omanivietnam.com\"]}]}<\/script>\n<!-- \/ Yoast SEO plugin. -->","yoast_head_json":{"title":"IFM KG5057 - OMANI VI\u1ec6T NAM","description":"IFM KG5057 Sensor","robots":{"index":"index","follow":"follow","max-snippet":"max-snippet:-1","max-image-preview":"max-image-preview:large","max-video-preview":"max-video-preview:-1"},"canonical":"https:\/\/omanivietnam.com\/index.php\/san-pham\/ifm-kg5057\/","og_locale":"vi_VN","og_type":"article","og_title":"IFM KG5057 - OMANI VI\u1ec6T NAM","og_description":"IFM KG5057 Sensor","og_url":"https:\/\/omanivietnam.com\/index.php\/san-pham\/ifm-kg5057\/","og_site_name":"OMANI VI\u1ec6T NAM","og_image":[{"width":539,"height":583,"url":"https:\/\/omanivietnam.com\/wp-content\/uploads\/2025\/03\/KG5057.png","type":"image\/png"}],"twitter_card":"summary_large_image","twitter_misc":{"\u01af\u1edbc t\u00ednh th\u1eddi gian \u0111\u1ecdc":"2 ph\u00fat"},"schema":{"@context":"https:\/\/schema.org","@graph":[{"@type":"WebPage","@id":"https:\/\/omanivietnam.com\/index.php\/san-pham\/ifm-kg5057\/","url":"https:\/\/omanivietnam.com\/index.php\/san-pham\/ifm-kg5057\/","name":"IFM KG5057 - OMANI VI\u1ec6T NAM","isPartOf":{"@id":"https:\/\/omanivietnam.com\/#website"},"primaryImageOfPage":{"@id":"https:\/\/omanivietnam.com\/index.php\/san-pham\/ifm-kg5057\/#primaryimage"},"image":{"@id":"https:\/\/omanivietnam.com\/index.php\/san-pham\/ifm-kg5057\/#primaryimage"},"thumbnailUrl":"https:\/\/omanivietnam.com\/wp-content\/uploads\/2025\/03\/KG5057.png","datePublished":"2025-03-19T08:09:39+00:00","dateModified":"2025-03-19T08:09:39+00:00","description":"IFM KG5057 Sensor","breadcrumb":{"@id":"https:\/\/omanivietnam.com\/index.php\/san-pham\/ifm-kg5057\/#breadcrumb"},"inLanguage":"vi","potentialAction":[{"@type":"ReadAction","target":["https:\/\/omanivietnam.com\/index.php\/san-pham\/ifm-kg5057\/"]}]},{"@type":"ImageObject","inLanguage":"vi","@id":"https:\/\/omanivietnam.com\/index.php\/san-pham\/ifm-kg5057\/#primaryimage","url":"https:\/\/omanivietnam.com\/wp-content\/uploads\/2025\/03\/KG5057.png","contentUrl":"https:\/\/omanivietnam.com\/wp-content\/uploads\/2025\/03\/KG5057.png","width":539,"height":583},{"@type":"BreadcrumbList","@id":"https:\/\/omanivietnam.com\/index.php\/san-pham\/ifm-kg5057\/#breadcrumb","itemListElement":[{"@type":"ListItem","position":1,"name":"Home","item":"https:\/\/omanivietnam.com\/"},{"@type":"ListItem","position":2,"name":"S\u1ea2N PH\u1ea8M","item":"https:\/\/omanivietnam.com\/index.php\/cua-hang\/"},{"@type":"ListItem","position":3,"name":"IFM KG5057"}]},{"@type":"WebSite","@id":"https:\/\/omanivietnam.com\/#website","url":"https:\/\/omanivietnam.com\/","name":"OMANI VI\u1ec6T NAM","description":"Nh\u00e0 ph\u00e2n ph\u1ed1i thi\u1ebft b\u1ecb kh\u00ed n\u00e9n v\u00e0 thi\u1ebft b\u1ecb t\u1ef1 \u0111\u1ed9ng h\u00f3a trong c\u00f4ng nghi\u1ec7p","publisher":{"@id":"https:\/\/omanivietnam.com\/#\/schema\/person\/0ad398a980dc3fd696111c2c5c8fa897"},"potentialAction":[{"@type":"SearchAction","target":{"@type":"EntryPoint","urlTemplate":"https:\/\/omanivietnam.com\/?s={search_term_string}"},"query-input":"required name=search_term_string"}],"inLanguage":"vi"},{"@type":["Person","Organization"],"@id":"https:\/\/omanivietnam.com\/#\/schema\/person\/0ad398a980dc3fd696111c2c5c8fa897","name":"Nguy\u1ec5n V\u0103n Kh\u00e1nh","image":{"@type":"ImageObject","inLanguage":"vi","@id":"https:\/\/omanivietnam.com\/#\/schema\/person\/image\/","url":"https:\/\/omanivietnam.com\/wp-content\/uploads\/2024\/06\/logo-1024x1024.png","contentUrl":"https:\/\/omanivietnam.com\/wp-content\/uploads\/2024\/06\/logo-1024x1024.png","width":1024,"height":1024,"caption":"Nguy\u1ec5n V\u0103n Kh\u00e1nh"},"logo":{"@id":"https:\/\/omanivietnam.com\/#\/schema\/person\/image\/"},"sameAs":["https:\/\/omanivietnam.com"]}]}},"_links":{"self":[{"href":"https:\/\/omanivietnam.com\/index.php\/wp-json\/wp\/v2\/product\/3371","targetHints":{"allow":["GET"]}}],"collection":[{"href":"https:\/\/omanivietnam.com\/index.php\/wp-json\/wp\/v2\/product"}],"about":[{"href":"https:\/\/omanivietnam.com\/index.php\/wp-json\/wp\/v2\/types\/product"}],"replies":[{"embeddable":true,"href":"https:\/\/omanivietnam.com\/index.php\/wp-json\/wp\/v2\/comments?post=3371"}],"wp:featuredmedia":[{"embeddable":true,"href":"https:\/\/omanivietnam.com\/index.php\/wp-json\/wp\/v2\/media\/3372"}],"wp:attachment":[{"href":"https:\/\/omanivietnam.com\/index.php\/wp-json\/wp\/v2\/media?parent=3371"}],"wp:term":[{"taxonomy":"product_cat","embeddable":true,"href":"https:\/\/omanivietnam.com\/index.php\/wp-json\/wp\/v2\/product_cat?post=3371"},{"taxonomy":"product_tag","embeddable":true,"href":"https:\/\/omanivietnam.com\/index.php\/wp-json\/wp\/v2\/product_tag?post=3371"}],"curies":[{"name":"wp","href":"https:\/\/api.w.org\/{rel}","templated":true}]}}