{"id":3383,"date":"2025-03-21T22:29:51","date_gmt":"2025-03-21T15:29:51","guid":{"rendered":"https:\/\/omanivietnam.com\/?post_type=product&#038;p=3383"},"modified":"2025-03-21T22:29:51","modified_gmt":"2025-03-21T15:29:51","slug":"ifm-pa3524","status":"publish","type":"product","link":"https:\/\/omanivietnam.com\/index.php\/san-pham\/ifm-pa3524\/","title":{"rendered":"IFM PA3524"},"content":{"rendered":"<p>IFM PA3524<\/p>\n<p>IFM TA2437<\/p>\n<p>IFM TA2512<\/p>\n<p class=\"ifm-product-detail-head__category normalize\" data-test=\"product-category\">Pressure transmitter with ceramic measuring cell<\/p>\n<div class=\"ifm-product-detail-head__product-info-wrapper\">\n<p class=\"ifm-product-detail-head__product-id h2 normalize\" data-test=\"product-id\">PA3524<\/p>\n<p class=\"ifm-product-detail-head__type normalize\" data-test=\"product-type\">PA-010-RBG14-A-ZVG\/US\/ \/V<\/p>\n<ul class=\"ifm-product-detail-head__list\" data-test=\"product-bullet-points\">\n<li class=\"ifm-product-detail-head__list-item\">Precise linear 4&#8230;20 mA output signal<\/li>\n<li class=\"ifm-product-detail-head__list-item\">High repeatability and low linearity error<\/li>\n<li class=\"ifm-product-detail-head__list-item\">With long-term stability thanks to high overload protection<\/li>\n<li class=\"ifm-product-detail-head__list-item\">Robust stainless steel housing for use in harsh industrial environments<\/li>\n<li class=\"ifm-product-detail-head__list-item\">Wide operating temperature range<\/li>\n<\/ul>\n<\/div>\n<table class=\"woocommerce-product-attributes shop_attributes\">\n<tbody>\n<tr>\n<th class=\"pd-table-h1\" colspan=\"2\">Product characteristics<\/th>\n<\/tr>\n<tr>\n<td>Output signal<\/td>\n<td>analogue signal<\/td>\n<\/tr>\n<tr>\n<td>Measuring range<\/td>\n<td>\n<table>\n<caption>\u00a0<\/caption>\n<colgroup class=\"pd-table-cols-4\">\n<col class=\"pd-table-col-1\" \/>\n<col class=\"pd-table-col-2\" \/>\n<col class=\"pd-table-col-3\" \/>\n<col class=\"pd-table-col-4\" \/><\/colgroup>\n<tbody>\n<tr>\n<td>0\u202610 bar<\/td>\n<td>0\u2026145 psi<\/td>\n<td>0\u20261000 kPa<\/td>\n<td>0\u20261 MPa<\/td>\n<\/tr>\n<\/tbody>\n<\/table>\n<\/td>\n<\/tr>\n<tr>\n<td>Process connection<\/td>\n<td>threaded connection G 1\/4 external thread internal thread:M5<\/td>\n<\/tr>\n<tr>\n<th class=\"pd-table-h1\" colspan=\"2\">Application<\/th>\n<\/tr>\n<tr>\n<td>Special feature<\/td>\n<td>Gold-plated contacts<\/td>\n<\/tr>\n<tr>\n<td>Application<\/td>\n<td>for industrial applications<\/td>\n<\/tr>\n<tr>\n<td>Media<\/td>\n<td>liquids and gases<\/td>\n<\/tr>\n<tr>\n<td>Medium temperature [\u00b0C]<\/td>\n<td>-25\u202690; (on request: -40\u202690 \u00b0C)<\/td>\n<\/tr>\n<tr>\n<td>Min. bursting pressure<\/td>\n<td>\n<table>\n<caption>\u00a0<\/caption>\n<colgroup class=\"pd-table-cols-3\">\n<col class=\"pd-table-col-1\" \/>\n<col class=\"pd-table-col-2\" \/>\n<col class=\"pd-table-col-3\" \/><\/colgroup>\n<tbody>\n<tr>\n<td>150 bar<\/td>\n<td>2175 psi<\/td>\n<td>15 MPa<\/td>\n<\/tr>\n<\/tbody>\n<\/table>\n<\/td>\n<\/tr>\n<tr>\n<td>Pressure rating<\/td>\n<td>\n<table>\n<caption>\u00a0<\/caption>\n<colgroup class=\"pd-table-cols-3\">\n<col class=\"pd-table-col-1\" \/>\n<col class=\"pd-table-col-2\" \/>\n<col class=\"pd-table-col-3\" \/><\/colgroup>\n<tbody>\n<tr>\n<td>75 bar<\/td>\n<td>1088 psi<\/td>\n<td>7.5 Mpa<\/td>\n<\/tr>\n<\/tbody>\n<\/table>\n<\/td>\n<\/tr>\n<tr>\n<td>Type of pressure<\/td>\n<td>relative pressure<\/td>\n<\/tr>\n<tr>\n<th class=\"pd-table-h1\" colspan=\"2\">Electrical data<\/th>\n<\/tr>\n<tr>\n<td>Operating voltage [V]<\/td>\n<td>9.6\u202632 DC<\/td>\n<\/tr>\n<tr>\n<td>Min. insulation resistance [M\u03a9]<\/td>\n<td>100; (500 V DC)<\/td>\n<\/tr>\n<tr>\n<td>Protection class<\/td>\n<td>III<\/td>\n<\/tr>\n<tr>\n<td>Reverse polarity protection<\/td>\n<td>yes<\/td>\n<\/tr>\n<tr>\n<th class=\"pd-table-h1\" colspan=\"2\">Inputs \/ outputs<\/th>\n<\/tr>\n<tr>\n<td>Number of inputs and outputs<\/td>\n<td>Number of analogue outputs: 1<\/td>\n<\/tr>\n<tr>\n<th class=\"pd-table-h1\" colspan=\"2\">Outputs<\/th>\n<\/tr>\n<tr>\n<td>Total number of outputs<\/td>\n<td>1<\/td>\n<\/tr>\n<tr>\n<td>Output signal<\/td>\n<td>analogue signal<\/td>\n<\/tr>\n<tr>\n<td>Number of analogue outputs<\/td>\n<td>1<\/td>\n<\/tr>\n<tr>\n<td>Analogue current output [mA]<\/td>\n<td>4\u202620<\/td>\n<\/tr>\n<tr>\n<td>Max. load [\u03a9]<\/td>\n<td>720; (Ub = 24 V; (Ub \u2013 9,6 V) \/ 20 mA)<\/td>\n<\/tr>\n<tr>\n<td>Overload protection<\/td>\n<td>yes<\/td>\n<\/tr>\n<tr>\n<th class=\"pd-table-h1\" colspan=\"2\">Measuring\/setting range<\/th>\n<\/tr>\n<tr>\n<td>Measuring range<\/td>\n<td>\n<table>\n<caption>\u00a0<\/caption>\n<colgroup class=\"pd-table-cols-4\">\n<col class=\"pd-table-col-1\" \/>\n<col class=\"pd-table-col-2\" \/>\n<col class=\"pd-table-col-3\" \/>\n<col class=\"pd-table-col-4\" \/><\/colgroup>\n<tbody>\n<tr>\n<td>0\u202610 bar<\/td>\n<td>0\u2026145 psi<\/td>\n<td>0\u20261000 kPa<\/td>\n<td>0\u20261 MPa<\/td>\n<\/tr>\n<\/tbody>\n<\/table>\n<\/td>\n<\/tr>\n<tr>\n<th class=\"pd-table-h1\" colspan=\"2\">Accuracy \/ deviations<\/th>\n<\/tr>\n<tr>\n<td>Repeatability [% of the span]<\/td>\n<td>&lt; 0,1; (with temperature fluctuations &lt; 10 K)<\/td>\n<\/tr>\n<tr>\n<td>Characteristics deviation [% of the span]<\/td>\n<td>&lt; \u00b1 0,25 (BFSL) \/ &lt; \u00b1 0,5 (LS); (BFSL = Best Fit Straight Line; LS = limit value setting)<\/td>\n<\/tr>\n<tr>\n<td>Long-term stability [% of the span]<\/td>\n<td>&lt; \u00b1 0,05; (per 6 months)<\/td>\n<\/tr>\n<tr>\n<td>Temperature coefficient zero point [% of the span \/ 10 K]<\/td>\n<td>&lt; \u00b1 0,1; (0\u202680 \u00b0C)<\/td>\n<\/tr>\n<tr>\n<td>Temperature coefficient span [% of the span \/ 10 K]<\/td>\n<td>&lt; \u00b1 0,2; (0\u202680 \u00b0C)<\/td>\n<\/tr>\n<tr>\n<th class=\"pd-table-h1\" colspan=\"2\">Response times<\/th>\n<\/tr>\n<tr>\n<td>Step response time analogue output [ms]<\/td>\n<td>3<\/td>\n<\/tr>\n<tr>\n<th class=\"pd-table-h1\" colspan=\"2\">Operating conditions<\/th>\n<\/tr>\n<tr>\n<td>Ambient temperature [\u00b0C]<\/td>\n<td>-25\u202680<\/td>\n<\/tr>\n<tr>\n<td>Storage temperature [\u00b0C]<\/td>\n<td>-40\u2026100<\/td>\n<\/tr>\n<tr>\n<td>Protection<\/td>\n<td>IP 65<\/td>\n<\/tr>\n<tr>\n<th class=\"pd-table-h1\" colspan=\"2\">Mechanical data<\/th>\n<\/tr>\n<tr>\n<td>Weight [g]<\/td>\n<td>216.5<\/td>\n<\/tr>\n<tr>\n<td>Materials<\/td>\n<td>stainless steel (1.4404 \/ 316L); FKM; PA; EPDM\/X<\/td>\n<\/tr>\n<tr>\n<td>Materials (wetted parts)<\/td>\n<td>stainless steel (1.4305 \/ 303); ceramics; Sealing: FKM DIN 3869-14<\/td>\n<\/tr>\n<tr>\n<td>Min. pressure cycles<\/td>\n<td>100 million<\/td>\n<\/tr>\n<tr>\n<td>Process connection<\/td>\n<td>threaded connection G 1\/4 external thread internal thread:M5<\/td>\n<\/tr>\n<tr>\n<td>Restrictor element integrated<\/td>\n<td>no (can be retrofitted)<\/td>\n<\/tr>\n<tr>\n<th class=\"pd-table-h1\" colspan=\"2\">Remarks<\/th>\n<\/tr>\n<tr>\n<td>Pack quantity<\/td>\n<td>1 pcs.<\/td>\n<\/tr>\n<tr>\n<th class=\"pd-table-h1\" colspan=\"2\">Electrical connection<\/th>\n<\/tr>\n<tr>\n<td>Connection<\/td>\n<td>Connector: 1 x M12; Contacts: gold-plated<\/td>\n<\/tr>\n<\/tbody>\n<\/table>\n<p>&nbsp;<\/p>\n","protected":false},"excerpt":{"rendered":"<p>IFM PA3524 IFM TA2437 IFM TA2512 Pressure transmitter with ceramic measuring cell PA3524 PA-010-RBG14-A-ZVG\/US\/ \/V Precise linear 4&#8230;20 mA output signal High repeatability and low linearity error With long-term stability thanks to high overload protection Robust stainless steel housing for use in harsh industrial environments Wide operating temperature range Product&hellip; <\/p>\n","protected":false},"featured_media":3384,"comment_status":"open","ping_status":"closed","template":"","meta":[],"product_cat":[300],"product_tag":[88,166,165],"class_list":{"0":"post-3383","1":"product","2":"type-product","3":"status-publish","4":"has-post-thumbnail","6":"product_cat-ifm","7":"product_tag-cam-bien","8":"product_tag-dai-ly-ifm-viet-nam","9":"product_tag-ifm-viet-nam","11":"first","12":"instock","13":"shipping-taxable","14":"product-type-simple"},"yoast_head":"<!-- This site is optimized with the Yoast SEO plugin v22.8 - https:\/\/yoast.com\/wordpress\/plugins\/seo\/ -->\n<title>IFM PA3524 - OMANI VI\u1ec6T NAM<\/title>\n<meta name=\"description\" content=\"IFM PA3524 Pressure transmitter\" \/>\n<meta name=\"robots\" content=\"index, follow, max-snippet:-1, max-image-preview:large, max-video-preview:-1\" \/>\n<link rel=\"canonical\" href=\"https:\/\/omanivietnam.com\/index.php\/san-pham\/ifm-pa3524\/\" \/>\n<meta property=\"og:locale\" content=\"vi_VN\" \/>\n<meta property=\"og:type\" content=\"article\" \/>\n<meta property=\"og:title\" content=\"IFM PA3524 - OMANI VI\u1ec6T NAM\" \/>\n<meta property=\"og:description\" content=\"IFM PA3524 Pressure transmitter\" \/>\n<meta property=\"og:url\" content=\"https:\/\/omanivietnam.com\/index.php\/san-pham\/ifm-pa3524\/\" \/>\n<meta property=\"og:site_name\" content=\"OMANI VI\u1ec6T NAM\" \/>\n<meta property=\"og:image\" content=\"https:\/\/omanivietnam.com\/wp-content\/uploads\/2025\/03\/PA3524.png\" \/>\n\t<meta property=\"og:image:width\" content=\"475\" \/>\n\t<meta property=\"og:image:height\" content=\"606\" \/>\n\t<meta property=\"og:image:type\" content=\"image\/png\" \/>\n<meta name=\"twitter:card\" content=\"summary_large_image\" \/>\n<meta name=\"twitter:label1\" content=\"\u01af\u1edbc t\u00ednh th\u1eddi gian \u0111\u1ecdc\" \/>\n\t<meta name=\"twitter:data1\" content=\"2 ph\u00fat\" \/>\n<script type=\"application\/ld+json\" class=\"yoast-schema-graph\">{\"@context\":\"https:\/\/schema.org\",\"@graph\":[{\"@type\":\"WebPage\",\"@id\":\"https:\/\/omanivietnam.com\/index.php\/san-pham\/ifm-pa3524\/\",\"url\":\"https:\/\/omanivietnam.com\/index.php\/san-pham\/ifm-pa3524\/\",\"name\":\"IFM PA3524 - OMANI VI\u1ec6T NAM\",\"isPartOf\":{\"@id\":\"https:\/\/omanivietnam.com\/#website\"},\"primaryImageOfPage\":{\"@id\":\"https:\/\/omanivietnam.com\/index.php\/san-pham\/ifm-pa3524\/#primaryimage\"},\"image\":{\"@id\":\"https:\/\/omanivietnam.com\/index.php\/san-pham\/ifm-pa3524\/#primaryimage\"},\"thumbnailUrl\":\"https:\/\/omanivietnam.com\/wp-content\/uploads\/2025\/03\/PA3524.png\",\"datePublished\":\"2025-03-21T15:29:51+00:00\",\"dateModified\":\"2025-03-21T15:29:51+00:00\",\"description\":\"IFM PA3524 Pressure transmitter\",\"breadcrumb\":{\"@id\":\"https:\/\/omanivietnam.com\/index.php\/san-pham\/ifm-pa3524\/#breadcrumb\"},\"inLanguage\":\"vi\",\"potentialAction\":[{\"@type\":\"ReadAction\",\"target\":[\"https:\/\/omanivietnam.com\/index.php\/san-pham\/ifm-pa3524\/\"]}]},{\"@type\":\"ImageObject\",\"inLanguage\":\"vi\",\"@id\":\"https:\/\/omanivietnam.com\/index.php\/san-pham\/ifm-pa3524\/#primaryimage\",\"url\":\"https:\/\/omanivietnam.com\/wp-content\/uploads\/2025\/03\/PA3524.png\",\"contentUrl\":\"https:\/\/omanivietnam.com\/wp-content\/uploads\/2025\/03\/PA3524.png\",\"width\":475,\"height\":606},{\"@type\":\"BreadcrumbList\",\"@id\":\"https:\/\/omanivietnam.com\/index.php\/san-pham\/ifm-pa3524\/#breadcrumb\",\"itemListElement\":[{\"@type\":\"ListItem\",\"position\":1,\"name\":\"Home\",\"item\":\"https:\/\/omanivietnam.com\/\"},{\"@type\":\"ListItem\",\"position\":2,\"name\":\"S\u1ea2N PH\u1ea8M\",\"item\":\"https:\/\/omanivietnam.com\/index.php\/cua-hang\/\"},{\"@type\":\"ListItem\",\"position\":3,\"name\":\"IFM PA3524\"}]},{\"@type\":\"WebSite\",\"@id\":\"https:\/\/omanivietnam.com\/#website\",\"url\":\"https:\/\/omanivietnam.com\/\",\"name\":\"OMANI VI\u1ec6T NAM\",\"description\":\"Nh\u00e0 ph\u00e2n ph\u1ed1i thi\u1ebft b\u1ecb kh\u00ed n\u00e9n v\u00e0 thi\u1ebft b\u1ecb t\u1ef1 \u0111\u1ed9ng h\u00f3a trong c\u00f4ng nghi\u1ec7p\",\"publisher\":{\"@id\":\"https:\/\/omanivietnam.com\/#\/schema\/person\/0ad398a980dc3fd696111c2c5c8fa897\"},\"potentialAction\":[{\"@type\":\"SearchAction\",\"target\":{\"@type\":\"EntryPoint\",\"urlTemplate\":\"https:\/\/omanivietnam.com\/?s={search_term_string}\"},\"query-input\":\"required name=search_term_string\"}],\"inLanguage\":\"vi\"},{\"@type\":[\"Person\",\"Organization\"],\"@id\":\"https:\/\/omanivietnam.com\/#\/schema\/person\/0ad398a980dc3fd696111c2c5c8fa897\",\"name\":\"Nguy\u1ec5n V\u0103n Kh\u00e1nh\",\"image\":{\"@type\":\"ImageObject\",\"inLanguage\":\"vi\",\"@id\":\"https:\/\/omanivietnam.com\/#\/schema\/person\/image\/\",\"url\":\"https:\/\/omanivietnam.com\/wp-content\/uploads\/2024\/06\/logo-1024x1024.png\",\"contentUrl\":\"https:\/\/omanivietnam.com\/wp-content\/uploads\/2024\/06\/logo-1024x1024.png\",\"width\":1024,\"height\":1024,\"caption\":\"Nguy\u1ec5n V\u0103n Kh\u00e1nh\"},\"logo\":{\"@id\":\"https:\/\/omanivietnam.com\/#\/schema\/person\/image\/\"},\"sameAs\":[\"https:\/\/omanivietnam.com\"]}]}<\/script>\n<!-- \/ Yoast SEO plugin. -->","yoast_head_json":{"title":"IFM PA3524 - OMANI VI\u1ec6T NAM","description":"IFM PA3524 Pressure transmitter","robots":{"index":"index","follow":"follow","max-snippet":"max-snippet:-1","max-image-preview":"max-image-preview:large","max-video-preview":"max-video-preview:-1"},"canonical":"https:\/\/omanivietnam.com\/index.php\/san-pham\/ifm-pa3524\/","og_locale":"vi_VN","og_type":"article","og_title":"IFM PA3524 - OMANI VI\u1ec6T NAM","og_description":"IFM PA3524 Pressure transmitter","og_url":"https:\/\/omanivietnam.com\/index.php\/san-pham\/ifm-pa3524\/","og_site_name":"OMANI VI\u1ec6T NAM","og_image":[{"width":475,"height":606,"url":"https:\/\/omanivietnam.com\/wp-content\/uploads\/2025\/03\/PA3524.png","type":"image\/png"}],"twitter_card":"summary_large_image","twitter_misc":{"\u01af\u1edbc t\u00ednh th\u1eddi gian \u0111\u1ecdc":"2 ph\u00fat"},"schema":{"@context":"https:\/\/schema.org","@graph":[{"@type":"WebPage","@id":"https:\/\/omanivietnam.com\/index.php\/san-pham\/ifm-pa3524\/","url":"https:\/\/omanivietnam.com\/index.php\/san-pham\/ifm-pa3524\/","name":"IFM PA3524 - OMANI VI\u1ec6T NAM","isPartOf":{"@id":"https:\/\/omanivietnam.com\/#website"},"primaryImageOfPage":{"@id":"https:\/\/omanivietnam.com\/index.php\/san-pham\/ifm-pa3524\/#primaryimage"},"image":{"@id":"https:\/\/omanivietnam.com\/index.php\/san-pham\/ifm-pa3524\/#primaryimage"},"thumbnailUrl":"https:\/\/omanivietnam.com\/wp-content\/uploads\/2025\/03\/PA3524.png","datePublished":"2025-03-21T15:29:51+00:00","dateModified":"2025-03-21T15:29:51+00:00","description":"IFM PA3524 Pressure transmitter","breadcrumb":{"@id":"https:\/\/omanivietnam.com\/index.php\/san-pham\/ifm-pa3524\/#breadcrumb"},"inLanguage":"vi","potentialAction":[{"@type":"ReadAction","target":["https:\/\/omanivietnam.com\/index.php\/san-pham\/ifm-pa3524\/"]}]},{"@type":"ImageObject","inLanguage":"vi","@id":"https:\/\/omanivietnam.com\/index.php\/san-pham\/ifm-pa3524\/#primaryimage","url":"https:\/\/omanivietnam.com\/wp-content\/uploads\/2025\/03\/PA3524.png","contentUrl":"https:\/\/omanivietnam.com\/wp-content\/uploads\/2025\/03\/PA3524.png","width":475,"height":606},{"@type":"BreadcrumbList","@id":"https:\/\/omanivietnam.com\/index.php\/san-pham\/ifm-pa3524\/#breadcrumb","itemListElement":[{"@type":"ListItem","position":1,"name":"Home","item":"https:\/\/omanivietnam.com\/"},{"@type":"ListItem","position":2,"name":"S\u1ea2N PH\u1ea8M","item":"https:\/\/omanivietnam.com\/index.php\/cua-hang\/"},{"@type":"ListItem","position":3,"name":"IFM PA3524"}]},{"@type":"WebSite","@id":"https:\/\/omanivietnam.com\/#website","url":"https:\/\/omanivietnam.com\/","name":"OMANI VI\u1ec6T NAM","description":"Nh\u00e0 ph\u00e2n ph\u1ed1i thi\u1ebft b\u1ecb kh\u00ed n\u00e9n v\u00e0 thi\u1ebft b\u1ecb t\u1ef1 \u0111\u1ed9ng h\u00f3a trong c\u00f4ng nghi\u1ec7p","publisher":{"@id":"https:\/\/omanivietnam.com\/#\/schema\/person\/0ad398a980dc3fd696111c2c5c8fa897"},"potentialAction":[{"@type":"SearchAction","target":{"@type":"EntryPoint","urlTemplate":"https:\/\/omanivietnam.com\/?s={search_term_string}"},"query-input":"required name=search_term_string"}],"inLanguage":"vi"},{"@type":["Person","Organization"],"@id":"https:\/\/omanivietnam.com\/#\/schema\/person\/0ad398a980dc3fd696111c2c5c8fa897","name":"Nguy\u1ec5n V\u0103n Kh\u00e1nh","image":{"@type":"ImageObject","inLanguage":"vi","@id":"https:\/\/omanivietnam.com\/#\/schema\/person\/image\/","url":"https:\/\/omanivietnam.com\/wp-content\/uploads\/2024\/06\/logo-1024x1024.png","contentUrl":"https:\/\/omanivietnam.com\/wp-content\/uploads\/2024\/06\/logo-1024x1024.png","width":1024,"height":1024,"caption":"Nguy\u1ec5n V\u0103n Kh\u00e1nh"},"logo":{"@id":"https:\/\/omanivietnam.com\/#\/schema\/person\/image\/"},"sameAs":["https:\/\/omanivietnam.com"]}]}},"_links":{"self":[{"href":"https:\/\/omanivietnam.com\/index.php\/wp-json\/wp\/v2\/product\/3383","targetHints":{"allow":["GET"]}}],"collection":[{"href":"https:\/\/omanivietnam.com\/index.php\/wp-json\/wp\/v2\/product"}],"about":[{"href":"https:\/\/omanivietnam.com\/index.php\/wp-json\/wp\/v2\/types\/product"}],"replies":[{"embeddable":true,"href":"https:\/\/omanivietnam.com\/index.php\/wp-json\/wp\/v2\/comments?post=3383"}],"wp:featuredmedia":[{"embeddable":true,"href":"https:\/\/omanivietnam.com\/index.php\/wp-json\/wp\/v2\/media\/3384"}],"wp:attachment":[{"href":"https:\/\/omanivietnam.com\/index.php\/wp-json\/wp\/v2\/media?parent=3383"}],"wp:term":[{"taxonomy":"product_cat","embeddable":true,"href":"https:\/\/omanivietnam.com\/index.php\/wp-json\/wp\/v2\/product_cat?post=3383"},{"taxonomy":"product_tag","embeddable":true,"href":"https:\/\/omanivietnam.com\/index.php\/wp-json\/wp\/v2\/product_tag?post=3383"}],"curies":[{"name":"wp","href":"https:\/\/api.w.org\/{rel}","templated":true}]}}