{"id":3396,"date":"2025-03-23T20:51:08","date_gmt":"2025-03-23T13:51:08","guid":{"rendered":"https:\/\/omanivietnam.com\/?post_type=product&#038;p=3396"},"modified":"2025-10-18T11:31:36","modified_gmt":"2025-10-18T04:31:36","slug":"smc-ir2020-02-a","status":"publish","type":"product","link":"https:\/\/omanivietnam.com\/index.php\/san-pham\/smc-ir2020-02-a\/","title":{"rendered":"SMC IR2020-02-A"},"content":{"rendered":"<p>SMC IR2020-02-A<\/p>\n<p class=\"product-title entry-title\">IR2020-02 \u2013 Precision Regulator (SMC)<\/p>\n<div class=\"product-short-description\">\n<p>\u30fbTension control<br \/>\n\u30fbContact pressure control<br \/>\n\u30fbSetting sensitivity: Within 0.2% F.S.<br \/>\n\u30fbRepeatability: Within \u00b10.5% F.S.<br \/>\nThe IR series is subject to a pending discontinuation. While product remains available, the IR-A should be used for new applications.<\/p>\n<p>Precision regulator<br \/>\nRegulating pressure range (MPa): 0.005 to 0.8 depending on model<br \/>\nCompact and lightweight<br \/>\nBracket &amp; pressure gauge can be mounted on either the front or back<br \/>\n2 air operated models<br \/>\nThe IR series is subject to a pending discontinuation. While product remains available, the IR-A should be used for new applications.<\/p>\n<p>Series Port size Set pressure (MPa)<br \/>\nIR1000 1\/8 0.005 to 0.2<br \/>\n0.01 to 0.4<br \/>\n0.01 to 0.8<\/p>\n<p>IR2000 1\/4 0.005 to 0.2<br \/>\n0.01 to 0.4<br \/>\n0.01 to 0.8<\/p>\n<p>IR3000 1\/4\uff0c3\/8\uff0c1\/2 0.01 to 0.2<br \/>\n0.01 to 0.4<br \/>\n0.01 to 0.8<\/p>\n<\/div>\n<p>C\u00e1c m\u00e3 h\u00e0ng t\u01b0\u01a1ng \u0111\u01b0\u01a1ng B\u1ed9 \u0111i\u1ec1u ch\u1ec9nh \u00e1p su\u1ea5t SMC IR2020-02-A:<\/p>\n<div>\n<div class=\"x11i5rnm xat24cr x1mh8g0r x1vvkbs xtlvy1s x126k92a\"><\/div>\n<div class=\"x11i5rnm xat24cr x1mh8g0r x1vvkbs xtlvy1s x126k92a\">\n<div dir=\"auto\">SMC IR201-02<br \/>\nSMC IR2010-02BG<br \/>\nSMC IR2010-F02<br \/>\nSMC IR2010-N02<br \/>\nSMC IR2010-N02BG<br \/>\nSMC IR2010-N02BG-A<br \/>\nSMC IR202-02<br \/>\nSMC IR2020-02<br \/>\nSMC IR2020-02-A<br \/>\nSMC IR2020-F02<br \/>\nSMC IR2020-N02<br \/>\nSMC IR2020-N02BG<br \/>\nSMC IR2020-N02BG-000612C<br \/>\nSMC IR2020-N02BG-0006CDN<br \/>\nSMC IR2120-N02<\/div>\n<\/div>\n<\/div>\n","protected":false},"excerpt":{"rendered":"<p>SMC IR2020-02-A IR2020-02 \u2013 Precision Regulator (SMC) \u30fbTension control \u30fbContact pressure control \u30fbSetting sensitivity: Within 0.2% F.S. \u30fbRepeatability: Within \u00b10.5% F.S. The IR series is subject to a pending discontinuation. While product remains available, the IR-A should be used for new applications. Precision regulator Regulating pressure range (MPa): 0.005 to&hellip; <\/p>\n","protected":false},"featured_media":3397,"comment_status":"open","ping_status":"closed","template":"","meta":[],"product_cat":[283],"product_tag":[93,92,198],"class_list":{"0":"post-3396","1":"product","2":"type-product","3":"status-publish","4":"has-post-thumbnail","6":"product_cat-smc","7":"product_tag-dai-ly-smc-viet-nam","8":"product_tag-smc-viet-nam","9":"product_tag-van-dieu-ap","11":"first","12":"instock","13":"shipping-taxable","14":"product-type-simple"},"yoast_head":"<!-- This site is optimized with the Yoast SEO plugin v22.8 - https:\/\/yoast.com\/wordpress\/plugins\/seo\/ -->\n<title>SMC IR2020-02-A - OMANI VI\u1ec6T NAM<\/title>\n<meta name=\"description\" content=\"SMC IR2020-02-A Precision Regulator\" \/>\n<meta name=\"robots\" content=\"index, follow, max-snippet:-1, max-image-preview:large, max-video-preview:-1\" \/>\n<link rel=\"canonical\" href=\"https:\/\/omanivietnam.com\/index.php\/san-pham\/smc-ir2020-02-a\/\" \/>\n<meta property=\"og:locale\" content=\"vi_VN\" \/>\n<meta property=\"og:type\" content=\"article\" \/>\n<meta property=\"og:title\" content=\"SMC IR2020-02-A - OMANI VI\u1ec6T NAM\" \/>\n<meta property=\"og:description\" content=\"SMC IR2020-02-A Precision Regulator\" \/>\n<meta property=\"og:url\" content=\"https:\/\/omanivietnam.com\/index.php\/san-pham\/smc-ir2020-02-a\/\" \/>\n<meta property=\"og:site_name\" content=\"OMANI VI\u1ec6T NAM\" \/>\n<meta property=\"article:modified_time\" content=\"2025-10-18T04:31:36+00:00\" \/>\n<meta property=\"og:image\" content=\"https:\/\/omanivietnam.com\/wp-content\/uploads\/2025\/03\/IR2020-02-A.png\" \/>\n\t<meta property=\"og:image:width\" content=\"604\" \/>\n\t<meta property=\"og:image:height\" content=\"607\" \/>\n\t<meta property=\"og:image:type\" content=\"image\/png\" \/>\n<meta name=\"twitter:card\" content=\"summary_large_image\" \/>\n<meta name=\"twitter:label1\" content=\"\u01af\u1edbc t\u00ednh th\u1eddi gian \u0111\u1ecdc\" \/>\n\t<meta name=\"twitter:data1\" content=\"2 ph\u00fat\" \/>\n<script type=\"application\/ld+json\" class=\"yoast-schema-graph\">{\"@context\":\"https:\/\/schema.org\",\"@graph\":[{\"@type\":\"WebPage\",\"@id\":\"https:\/\/omanivietnam.com\/index.php\/san-pham\/smc-ir2020-02-a\/\",\"url\":\"https:\/\/omanivietnam.com\/index.php\/san-pham\/smc-ir2020-02-a\/\",\"name\":\"SMC IR2020-02-A - OMANI VI\u1ec6T NAM\",\"isPartOf\":{\"@id\":\"https:\/\/omanivietnam.com\/#website\"},\"primaryImageOfPage\":{\"@id\":\"https:\/\/omanivietnam.com\/index.php\/san-pham\/smc-ir2020-02-a\/#primaryimage\"},\"image\":{\"@id\":\"https:\/\/omanivietnam.com\/index.php\/san-pham\/smc-ir2020-02-a\/#primaryimage\"},\"thumbnailUrl\":\"https:\/\/omanivietnam.com\/wp-content\/uploads\/2025\/03\/IR2020-02-A.png\",\"datePublished\":\"2025-03-23T13:51:08+00:00\",\"dateModified\":\"2025-10-18T04:31:36+00:00\",\"description\":\"SMC IR2020-02-A Precision Regulator\",\"breadcrumb\":{\"@id\":\"https:\/\/omanivietnam.com\/index.php\/san-pham\/smc-ir2020-02-a\/#breadcrumb\"},\"inLanguage\":\"vi\",\"potentialAction\":[{\"@type\":\"ReadAction\",\"target\":[\"https:\/\/omanivietnam.com\/index.php\/san-pham\/smc-ir2020-02-a\/\"]}]},{\"@type\":\"ImageObject\",\"inLanguage\":\"vi\",\"@id\":\"https:\/\/omanivietnam.com\/index.php\/san-pham\/smc-ir2020-02-a\/#primaryimage\",\"url\":\"https:\/\/omanivietnam.com\/wp-content\/uploads\/2025\/03\/IR2020-02-A.png\",\"contentUrl\":\"https:\/\/omanivietnam.com\/wp-content\/uploads\/2025\/03\/IR2020-02-A.png\",\"width\":604,\"height\":607},{\"@type\":\"BreadcrumbList\",\"@id\":\"https:\/\/omanivietnam.com\/index.php\/san-pham\/smc-ir2020-02-a\/#breadcrumb\",\"itemListElement\":[{\"@type\":\"ListItem\",\"position\":1,\"name\":\"Home\",\"item\":\"https:\/\/omanivietnam.com\/\"},{\"@type\":\"ListItem\",\"position\":2,\"name\":\"S\u1ea2N PH\u1ea8M\",\"item\":\"https:\/\/omanivietnam.com\/index.php\/cua-hang\/\"},{\"@type\":\"ListItem\",\"position\":3,\"name\":\"SMC IR2020-02-A\"}]},{\"@type\":\"WebSite\",\"@id\":\"https:\/\/omanivietnam.com\/#website\",\"url\":\"https:\/\/omanivietnam.com\/\",\"name\":\"OMANI VI\u1ec6T NAM\",\"description\":\"Nh\u00e0 ph\u00e2n ph\u1ed1i thi\u1ebft b\u1ecb kh\u00ed n\u00e9n v\u00e0 thi\u1ebft b\u1ecb t\u1ef1 \u0111\u1ed9ng h\u00f3a trong c\u00f4ng nghi\u1ec7p\",\"publisher\":{\"@id\":\"https:\/\/omanivietnam.com\/#\/schema\/person\/0ad398a980dc3fd696111c2c5c8fa897\"},\"potentialAction\":[{\"@type\":\"SearchAction\",\"target\":{\"@type\":\"EntryPoint\",\"urlTemplate\":\"https:\/\/omanivietnam.com\/?s={search_term_string}\"},\"query-input\":\"required name=search_term_string\"}],\"inLanguage\":\"vi\"},{\"@type\":[\"Person\",\"Organization\"],\"@id\":\"https:\/\/omanivietnam.com\/#\/schema\/person\/0ad398a980dc3fd696111c2c5c8fa897\",\"name\":\"Nguy\u1ec5n V\u0103n Kh\u00e1nh\",\"image\":{\"@type\":\"ImageObject\",\"inLanguage\":\"vi\",\"@id\":\"https:\/\/omanivietnam.com\/#\/schema\/person\/image\/\",\"url\":\"https:\/\/omanivietnam.com\/wp-content\/uploads\/2024\/06\/logo-1024x1024.png\",\"contentUrl\":\"https:\/\/omanivietnam.com\/wp-content\/uploads\/2024\/06\/logo-1024x1024.png\",\"width\":1024,\"height\":1024,\"caption\":\"Nguy\u1ec5n V\u0103n Kh\u00e1nh\"},\"logo\":{\"@id\":\"https:\/\/omanivietnam.com\/#\/schema\/person\/image\/\"},\"sameAs\":[\"https:\/\/omanivietnam.com\"]}]}<\/script>\n<!-- \/ Yoast SEO plugin. -->","yoast_head_json":{"title":"SMC IR2020-02-A - OMANI VI\u1ec6T NAM","description":"SMC IR2020-02-A Precision Regulator","robots":{"index":"index","follow":"follow","max-snippet":"max-snippet:-1","max-image-preview":"max-image-preview:large","max-video-preview":"max-video-preview:-1"},"canonical":"https:\/\/omanivietnam.com\/index.php\/san-pham\/smc-ir2020-02-a\/","og_locale":"vi_VN","og_type":"article","og_title":"SMC IR2020-02-A - OMANI VI\u1ec6T NAM","og_description":"SMC IR2020-02-A Precision Regulator","og_url":"https:\/\/omanivietnam.com\/index.php\/san-pham\/smc-ir2020-02-a\/","og_site_name":"OMANI VI\u1ec6T NAM","article_modified_time":"2025-10-18T04:31:36+00:00","og_image":[{"width":604,"height":607,"url":"https:\/\/omanivietnam.com\/wp-content\/uploads\/2025\/03\/IR2020-02-A.png","type":"image\/png"}],"twitter_card":"summary_large_image","twitter_misc":{"\u01af\u1edbc t\u00ednh th\u1eddi gian \u0111\u1ecdc":"2 ph\u00fat"},"schema":{"@context":"https:\/\/schema.org","@graph":[{"@type":"WebPage","@id":"https:\/\/omanivietnam.com\/index.php\/san-pham\/smc-ir2020-02-a\/","url":"https:\/\/omanivietnam.com\/index.php\/san-pham\/smc-ir2020-02-a\/","name":"SMC IR2020-02-A - OMANI VI\u1ec6T NAM","isPartOf":{"@id":"https:\/\/omanivietnam.com\/#website"},"primaryImageOfPage":{"@id":"https:\/\/omanivietnam.com\/index.php\/san-pham\/smc-ir2020-02-a\/#primaryimage"},"image":{"@id":"https:\/\/omanivietnam.com\/index.php\/san-pham\/smc-ir2020-02-a\/#primaryimage"},"thumbnailUrl":"https:\/\/omanivietnam.com\/wp-content\/uploads\/2025\/03\/IR2020-02-A.png","datePublished":"2025-03-23T13:51:08+00:00","dateModified":"2025-10-18T04:31:36+00:00","description":"SMC IR2020-02-A Precision Regulator","breadcrumb":{"@id":"https:\/\/omanivietnam.com\/index.php\/san-pham\/smc-ir2020-02-a\/#breadcrumb"},"inLanguage":"vi","potentialAction":[{"@type":"ReadAction","target":["https:\/\/omanivietnam.com\/index.php\/san-pham\/smc-ir2020-02-a\/"]}]},{"@type":"ImageObject","inLanguage":"vi","@id":"https:\/\/omanivietnam.com\/index.php\/san-pham\/smc-ir2020-02-a\/#primaryimage","url":"https:\/\/omanivietnam.com\/wp-content\/uploads\/2025\/03\/IR2020-02-A.png","contentUrl":"https:\/\/omanivietnam.com\/wp-content\/uploads\/2025\/03\/IR2020-02-A.png","width":604,"height":607},{"@type":"BreadcrumbList","@id":"https:\/\/omanivietnam.com\/index.php\/san-pham\/smc-ir2020-02-a\/#breadcrumb","itemListElement":[{"@type":"ListItem","position":1,"name":"Home","item":"https:\/\/omanivietnam.com\/"},{"@type":"ListItem","position":2,"name":"S\u1ea2N PH\u1ea8M","item":"https:\/\/omanivietnam.com\/index.php\/cua-hang\/"},{"@type":"ListItem","position":3,"name":"SMC IR2020-02-A"}]},{"@type":"WebSite","@id":"https:\/\/omanivietnam.com\/#website","url":"https:\/\/omanivietnam.com\/","name":"OMANI VI\u1ec6T NAM","description":"Nh\u00e0 ph\u00e2n ph\u1ed1i thi\u1ebft b\u1ecb kh\u00ed n\u00e9n v\u00e0 thi\u1ebft b\u1ecb t\u1ef1 \u0111\u1ed9ng h\u00f3a trong c\u00f4ng nghi\u1ec7p","publisher":{"@id":"https:\/\/omanivietnam.com\/#\/schema\/person\/0ad398a980dc3fd696111c2c5c8fa897"},"potentialAction":[{"@type":"SearchAction","target":{"@type":"EntryPoint","urlTemplate":"https:\/\/omanivietnam.com\/?s={search_term_string}"},"query-input":"required name=search_term_string"}],"inLanguage":"vi"},{"@type":["Person","Organization"],"@id":"https:\/\/omanivietnam.com\/#\/schema\/person\/0ad398a980dc3fd696111c2c5c8fa897","name":"Nguy\u1ec5n V\u0103n Kh\u00e1nh","image":{"@type":"ImageObject","inLanguage":"vi","@id":"https:\/\/omanivietnam.com\/#\/schema\/person\/image\/","url":"https:\/\/omanivietnam.com\/wp-content\/uploads\/2024\/06\/logo-1024x1024.png","contentUrl":"https:\/\/omanivietnam.com\/wp-content\/uploads\/2024\/06\/logo-1024x1024.png","width":1024,"height":1024,"caption":"Nguy\u1ec5n V\u0103n Kh\u00e1nh"},"logo":{"@id":"https:\/\/omanivietnam.com\/#\/schema\/person\/image\/"},"sameAs":["https:\/\/omanivietnam.com"]}]}},"_links":{"self":[{"href":"https:\/\/omanivietnam.com\/index.php\/wp-json\/wp\/v2\/product\/3396","targetHints":{"allow":["GET"]}}],"collection":[{"href":"https:\/\/omanivietnam.com\/index.php\/wp-json\/wp\/v2\/product"}],"about":[{"href":"https:\/\/omanivietnam.com\/index.php\/wp-json\/wp\/v2\/types\/product"}],"replies":[{"embeddable":true,"href":"https:\/\/omanivietnam.com\/index.php\/wp-json\/wp\/v2\/comments?post=3396"}],"wp:featuredmedia":[{"embeddable":true,"href":"https:\/\/omanivietnam.com\/index.php\/wp-json\/wp\/v2\/media\/3397"}],"wp:attachment":[{"href":"https:\/\/omanivietnam.com\/index.php\/wp-json\/wp\/v2\/media?parent=3396"}],"wp:term":[{"taxonomy":"product_cat","embeddable":true,"href":"https:\/\/omanivietnam.com\/index.php\/wp-json\/wp\/v2\/product_cat?post=3396"},{"taxonomy":"product_tag","embeddable":true,"href":"https:\/\/omanivietnam.com\/index.php\/wp-json\/wp\/v2\/product_tag?post=3396"}],"curies":[{"name":"wp","href":"https:\/\/api.w.org\/{rel}","templated":true}]}}