{"id":3413,"date":"2025-03-26T22:46:05","date_gmt":"2025-03-26T15:46:05","guid":{"rendered":"https:\/\/omanivietnam.com\/?post_type=product&#038;p=3413"},"modified":"2025-03-26T22:46:05","modified_gmt":"2025-03-26T15:46:05","slug":"smc-pf2w720-04-27-m","status":"publish","type":"product","link":"https:\/\/omanivietnam.com\/index.php\/san-pham\/smc-pf2w720-04-27-m\/","title":{"rendered":"SMC PF2W720-04-27-M"},"content":{"rendered":"<p>SMC PF2W720-04-27-M<\/p>\n<p>Digital Flow Switch For Water PF2W Series (PF2W720-04-27-M)<\/p>\n<div id=\"detailInfo\">\n<div class=\"SectionHeading_header__RkOy6\">\n<h2 class=\"SectionHeading_heading__aHS9f\">Product Description<\/h2>\n<\/div>\n<\/div>\n<div class=\"style_simple_detail__Tzjyy common_common__LsCY7\">\n<p class=\"BasicInformation_catchCopy__h8mKx\">Integrated and remote type flow switch.<br \/>\n[Features]<br \/>\n\u00b7 Has switch output, accumulated pulse output and analog output.<br \/>\n\u00b7 Can switch between accumulated flow rate and instantaneous flow rate.<br \/>\n\u00b7 Water-resistant construction conforming to IP65.<\/p>\n<\/div>\n<h3 class=\"SpecTable_specTitle__VZNox\">Configured Specifications<\/h3>\n<ul class=\"SpecTable_tableWrapper__TkrZl\">\n<li style=\"list-style-type: none\">\n<ul class=\"SpecTable_tableWrapper__TkrZl\">\n<li class=\"SpecTable_specComplexPN__1foAg\">\n<dl class=\"SpecTable_specTable__XNeik\">\n<dt class=\"SpecTable_specLabel__hvUFG\">Type <span style=\"font-weight: 400\">[Flow Switches] Flow Switch for Water<\/span><\/dt>\n<\/dl>\n<\/li>\n<li class=\"SpecTable_specComplexPN__1foAg\">\n<dl class=\"SpecTable_specTable__XNeik\">\n<dt class=\"SpecTable_specLabel__hvUFG\">Fluid Type <span style=\"font-weight: 400\">Water<\/span><\/dt>\n<\/dl>\n<\/li>\n<li class=\"SpecTable_specComplexPN__1foAg\">\n<dl class=\"SpecTable_specTable__XNeik\">\n<dt class=\"SpecTable_specLabel__hvUFG\">Flow Rate Range (Max. Value) <span style=\"font-weight: 400\">10\uff5eLess than 50<\/span><\/dt>\n<\/dl>\n<\/li>\n<li class=\"SpecTable_specComplexPN__1foAg\">\n<dl class=\"SpecTable_specTable__XNeik\">\n<dt class=\"SpecTable_specLabel__hvUFG\">Sensor, Monitor Structure <span style=\"font-weight: 400\">[Integrated Type] Display Integrated<\/span><\/dt>\n<\/dl>\n<\/li>\n<li class=\"SpecTable_specComplexPN__1foAg\">\n<dl class=\"SpecTable_specTable__XNeik\">\n<dt class=\"SpecTable_specLabel__hvUFG\">Output Method <span style=\"font-weight: 400\">NPN Open Collector \/ Pulse<\/span><\/dt>\n<\/dl>\n<\/li>\n<li class=\"SpecTable_specComplexPN__1foAg\">\n<dl class=\"SpecTable_specTable__XNeik\">\n<dt class=\"SpecTable_specLabel__hvUFG\">Analog Output Specification <span style=\"font-weight: 400\">&#8211;<\/span><\/dt>\n<\/dl>\n<\/li>\n<li class=\"SpecTable_specComplexPN__1foAg\">\n<dl class=\"SpecTable_specTable__XNeik\">\n<dt class=\"SpecTable_specLabel__hvUFG\">Pipe Port Type <span style=\"font-weight: 400\">Female Thread<\/span><\/dt>\n<\/dl>\n<\/li>\n<li class=\"SpecTable_specComplexPN__1foAg\">\n<dl class=\"SpecTable_specTable__XNeik\">\n<dt class=\"SpecTable_specLabel__hvUFG\">Plumbing Thread Type <span style=\"font-weight: 400\">[Rc (R)] Rc<\/span><\/dt>\n<\/dl>\n<\/li>\n<li class=\"SpecTable_specComplexPN__1foAg\">\n<dl class=\"SpecTable_specTable__XNeik\">\n<dt class=\"SpecTable_specLabel__hvUFG\">Plumbing Thread Nominal <span style=\"font-weight: 400\">[1\/2] 1\/2<\/span><\/dt>\n<\/dl>\n<\/li>\n<li class=\"SpecTable_specComplexPN__1foAg\">\n<dl class=\"SpecTable_specTable__XNeik\">\n<dt class=\"SpecTable_specLabel__hvUFG\">Pressure Resistant <span style=\"font-weight: 400\">1.5<\/span><\/dt>\n<\/dl>\n<\/li>\n<li class=\"SpecTable_specComplexPN__1foAg\">\n<dl class=\"SpecTable_specTable__XNeik\">\n<dt class=\"SpecTable_specLabel__hvUFG\">Number of Input Points <span style=\"font-weight: 400\">&#8211;<\/span><\/dt>\n<\/dl>\n<\/li>\n<li class=\"SpecTable_specComplexPN__1foAg\">\n<dl class=\"SpecTable_specTable__XNeik\">\n<dt class=\"SpecTable_specLabel__hvUFG\">Number of Output Points <span style=\"font-weight: 400\">2<\/span><\/dt>\n<\/dl>\n<\/li>\n<li class=\"SpecTable_specComplexPN__1foAg\">\n<dl class=\"SpecTable_specTable__XNeik\">\n<dt class=\"SpecTable_specLabel__hvUFG\">Analog Voltage Output\u00a0 <span style=\"font-weight: 400\">&#8211;<\/span><\/dt>\n<\/dl>\n<\/li>\n<li class=\"SpecTable_specComplexPN__1foAg\">\n<dl class=\"SpecTable_specTable__XNeik\">\n<dt class=\"SpecTable_specLabel__hvUFG\">Analog Current Output <span style=\"font-weight: 400\">&#8211;<\/span><\/dt>\n<\/dl>\n<\/li>\n<li class=\"SpecTable_specComplexPN__1foAg\">\n<dl class=\"SpecTable_specTable__XNeik\">\n<dt class=\"SpecTable_specLabel__hvUFG\">Power Supply Type <span style=\"font-weight: 400\">DC<\/span><\/dt>\n<\/dl>\n<\/li>\n<li class=\"SpecTable_specComplexPN__1foAg\">\n<dl class=\"SpecTable_specTable__XNeik\">\n<dt class=\"SpecTable_specLabel__hvUFG\">Power Supply Voltage <span style=\"font-weight: 400\">[12~24] 12 to 24 \u00b110%<\/span><\/dt>\n<\/dl>\n<\/li>\n<li class=\"SpecTable_specComplexPN__1foAg\">\n<dl class=\"SpecTable_specTable__XNeik\">\n<dt class=\"SpecTable_specLabel__hvUFG\">Liquid contact parts material <span style=\"font-weight: 400\">[Resin] Resin<\/span><\/dt>\n<\/dl>\n<\/li>\n<li class=\"SpecTable_specComplexPN__1foAg\">\n<dl class=\"SpecTable_specTable__XNeik\">\n<dt class=\"SpecTable_specLabel__hvUFG\">Acquired Standards <span style=\"font-weight: 400\">&#8211;<\/span><\/dt>\n<\/dl>\n<\/li>\n<li class=\"SpecTable_specComplexPN__1foAg\">\n<dl class=\"SpecTable_specTable__XNeik\">\n<dt class=\"SpecTable_specLabel__hvUFG\">Protection Structure <span style=\"font-weight: 400\">IP65<\/span><\/dt>\n<\/dl>\n<\/li>\n<li class=\"SpecTable_specComplexPN__1foAg\">\n<dl class=\"SpecTable_specTable__XNeik\">\n<dt class=\"SpecTable_specLabel__hvUFG\">Unit Specifications <span style=\"font-weight: 400\">With unit conversion function<\/span><\/dt>\n<\/dl>\n<\/li>\n<li class=\"SpecTable_specComplexPN__1foAg\">\n<dl class=\"SpecTable_specTable__XNeik\">\n<dt class=\"SpecTable_specLabel__hvUFG\">Lead Wire <span style=\"font-weight: 400\">Lead wire with M12 connector 3\u00a0m<\/span><\/dt>\n<\/dl>\n<\/li>\n<li class=\"SpecTable_specComplexPN__1foAg\">\n<dl class=\"SpecTable_specTable__XNeik\">\n<dt class=\"SpecTable_specLabel__hvUFG\">Rating Flow Range <span style=\"font-weight: 400\">2 to 16<\/span><\/dt>\n<\/dl>\n<\/li>\n<li class=\"SpecTable_specComplexPN__1foAg\">\n<dl class=\"SpecTable_specTable__XNeik\">\n<dt class=\"SpecTable_specLabel__hvUFG\">Applicable Sensors <span style=\"font-weight: 400\">&#8211;<\/span><\/dt>\n<\/dl>\n<\/li>\n<li class=\"SpecTable_specComplexPN__1foAg\">\n<dl class=\"SpecTable_specTable__XNeik\">\n<dt class=\"SpecTable_specLabel__hvUFG\">Option <span style=\"font-weight: 400\">&#8211;<\/span><\/dt>\n<\/dl>\n<\/li>\n<li class=\"SpecTable_specComplexPN__1foAg\">\n<dl class=\"SpecTable_specTable__XNeik\">\n<dt class=\"SpecTable_specLabel__hvUFG\">Output Specification <span style=\"font-weight: 400\">NPN open collector 2 outputs<\/span><\/dt>\n<\/dl>\n<\/li>\n<li class=\"SpecTable_specComplexPN__1foAg\">\n<dl class=\"SpecTable_specTable__XNeik\">\n<dt class=\"SpecTable_specLabel__hvUFG\">Accuracy <span style=\"font-weight: 400\">\u00b15% F.S.<\/span><\/dt>\n<\/dl>\n<\/li>\n<li class=\"SpecTable_specComplexPN__1foAg\">\n<dl class=\"SpecTable_specTable__XNeik\">\n<dt class=\"SpecTable_specLabel__hvUFG\">Connection <span style=\"font-weight: 400\">&#8211;<\/span><\/dt>\n<\/dl>\n<\/li>\n<li class=\"SpecTable_specComplexPN__1foAg\">\n<dl class=\"SpecTable_specTable__XNeik\">\n<dt class=\"SpecTable_specLabel__hvUFG\">Operating Fluid Temperature <span style=\"font-weight: 400\">&#8211;<\/span><\/dt>\n<\/dl>\n<\/li>\n<\/ul>\n<\/li>\n<\/ul>\n<h4 class=\"m-h4--wysiwyg\">PF2W7 Specifications<\/h4>\n<table class=\"m-table\">\n<colgroup>\n<col \/>\n<col \/>\n<col \/>\n<col \/>\n<col \/>\n<col \/><\/colgroup>\n<thead>\n<tr>\n<th colspan=\"2\">Model<\/th>\n<th>PF2W704<\/th>\n<th>PF2W720<\/th>\n<th>PF2W740<\/th>\n<th>PF2W711<\/th>\n<\/tr>\n<\/thead>\n<tbody>\n<tr>\n<th colspan=\"2\">Measured fluid<\/th>\n<td colspan=\"4\">Water<\/td>\n<\/tr>\n<tr>\n<th colspan=\"2\">Flow rate measurement range<\/th>\n<td>0.35 to 4.5\u00a0L\/min<\/td>\n<td>1.7 to 17.0\u00a0L\/min<\/td>\n<td>3.5 to 45\u00a0L\/min<\/td>\n<td>7 to 110\u00a0L\/min<\/td>\n<\/tr>\n<tr>\n<th colspan=\"2\">Set flow rate range<\/th>\n<td>0.35 to 4.5\u00a0L\/min<\/td>\n<td>1.7 to 17.0\u00a0L\/min<\/td>\n<td>3.5 to 45\u00a0L\/min<\/td>\n<td>7 to 110\u00a0L\/min<\/td>\n<\/tr>\n<tr>\n<th colspan=\"2\">Rated flow range<\/th>\n<td>0.5 to 4\u00a0L\/min<\/td>\n<td>2 to 16\u00a0L\/min<\/td>\n<td>5 to 40\u00a0L\/min<\/td>\n<td>10 to 100\u00a0L\/min<\/td>\n<\/tr>\n<tr>\n<th colspan=\"2\">Minimum set unit<\/th>\n<td>0.05\u00a0L\/min<\/td>\n<td>0.1\u00a0L\/min<\/td>\n<td>0.5\u00a0L\/min<\/td>\n<td>1\u00a0L\/min<\/td>\n<\/tr>\n<tr>\n<th colspan=\"2\">Accumulated pulse flow rate exchange value (pulse width: 50\u00a0ms)<\/th>\n<td>0.05\u00a0L\/pulse<\/td>\n<td>0.1\u00a0L\/pulse<\/td>\n<td>0.5\u00a0L\/pulse<\/td>\n<td>1\u00a0L\/pulse<\/td>\n<\/tr>\n<tr>\n<th colspan=\"2\">Working fluid temperature<\/th>\n<td colspan=\"4\">0 to 50\u00b0C<\/td>\n<\/tr>\n<tr>\n<th colspan=\"2\">Accuracy<\/th>\n<td colspan=\"3\">\u00b15% F.S.<\/td>\n<td>\u00b13% F.S.<\/td>\n<\/tr>\n<tr>\n<th colspan=\"2\">Repeatability<\/th>\n<td colspan=\"3\">\u00b13% F.S.<\/td>\n<td>\u00b12% F.S.<\/td>\n<\/tr>\n<tr>\n<th colspan=\"2\">Temperature characteristics\u00a0<sub>Note 1)<\/sub><\/th>\n<td colspan=\"4\">\u00b15% F.S. (0 to 50\u00b0C, 25\u00b0C reference)<\/td>\n<\/tr>\n<tr>\n<th colspan=\"2\">Current consumption (without load)<\/th>\n<td colspan=\"3\">70\u00a0mA or less<\/td>\n<td>80\u00a0mA or less<\/td>\n<\/tr>\n<tr>\n<th colspan=\"2\">Weight\u00a0<sub>Note 2)<\/sub><\/th>\n<td>460\u00a0g<\/td>\n<td>520\u00a0g<\/td>\n<td>700\u00a0g<\/td>\n<td>1,150\u00a0g<\/td>\n<\/tr>\n<tr>\n<th colspan=\"2\">Port size (Rc, NPT, G)<\/th>\n<td>3\/8<\/td>\n<td>3\/8, 1\/2<\/td>\n<td>1\/2, 3\/4<\/td>\n<td>3\/4, 1<\/td>\n<\/tr>\n<tr>\n<th colspan=\"2\">Detection type<\/th>\n<td colspan=\"4\">Karman vortex type<\/td>\n<\/tr>\n<tr>\n<th colspan=\"2\">Indicator light<\/th>\n<td colspan=\"4\">3-digit, 7-segment LED<\/td>\n<\/tr>\n<tr>\n<th rowspan=\"2\">Display units<sub>Note 3)<\/sub><\/th>\n<th>Instantaneous flow rate<\/th>\n<td colspan=\"4\">L\/min, gal (US) \/ min<\/td>\n<\/tr>\n<tr>\n<th>Accumulated flow rate<\/th>\n<td colspan=\"4\">L, gal (US)<\/td>\n<\/tr>\n<tr>\n<th colspan=\"2\">Operating pressure range<\/th>\n<td colspan=\"4\">0 to 1\u00a0MPa<\/td>\n<\/tr>\n<tr>\n<th colspan=\"2\">Pressure resistance<\/th>\n<td colspan=\"4\">1.5\u00a0MPa<\/td>\n<\/tr>\n<tr>\n<th colspan=\"2\">Accumulated flow rate range<sub>Note 4)<\/sub><\/th>\n<td colspan=\"4\">0 to 999,999\u00a0L<\/td>\n<\/tr>\n<tr>\n<th colspan=\"2\">Ambient temperature range<\/th>\n<td colspan=\"4\">During operation: 0 to 50\u00b0C, During storage: -25 to 85\u00b0C (No freezing or condensation)<\/td>\n<\/tr>\n<tr>\n<th rowspan=\"3\">Output specifications<sub>Note 5)<\/sub><\/th>\n<th rowspan=\"2\">Switch output<\/th>\n<td colspan=\"4\">NPN open collector: Maximum load current: 80\u00a0mA, Internal voltage drop: 1\u00a0V or less (with load current of 80\u00a0mA), Maximum applied voltage: 30\u00a0V, 2 outputs<\/td>\n<\/tr>\n<tr>\n<td colspan=\"4\">PNP open collector: Maximum load current: 80\u00a0mA, Internal voltage drop: 1.5\u00a0V or less (with load current of 80\u00a0mA), 2 outputs<\/td>\n<\/tr>\n<tr>\n<th>Accumulated pulse output<\/th>\n<td colspan=\"4\">NPN or PNP open collector (same as switch output)<\/td>\n<\/tr>\n<tr>\n<th colspan=\"2\">Status LEDs<\/th>\n<td colspan=\"4\">Light up when output is turned ON, OUT1: green, OUT2: red<\/td>\n<\/tr>\n<tr>\n<th colspan=\"2\">Response time<\/th>\n<td colspan=\"4\">1\u00a0s or less<\/td>\n<\/tr>\n<tr>\n<th colspan=\"2\">Hysteresis<\/th>\n<td colspan=\"4\">Hysteresis mode: Variable (can be set from 0), Window comparator mode<sub>Note 6)<\/sub>: 3-digit fixed<\/td>\n<\/tr>\n<tr>\n<th colspan=\"2\">Power supply voltage<\/th>\n<td colspan=\"4\">12 to 24\u00a0V AC \u00b110%<\/td>\n<\/tr>\n<tr>\n<th rowspan=\"5\">Environmental resistance<\/th>\n<th>Enclosure<\/th>\n<td colspan=\"4\">IP65<\/td>\n<\/tr>\n<tr>\n<th>Operating temperature range<\/th>\n<td colspan=\"4\">0 to 50\u00b0C<\/td>\n<\/tr>\n<tr>\n<th>Withstand Voltage<\/th>\n<td colspan=\"4\">1,000\u00a0V AC for 1 minute between terminals and housing<\/td>\n<\/tr>\n<tr>\n<th>Insulation Resistance<\/th>\n<td colspan=\"4\">50\u00a0M\u03a9 or more (500\u00a0V\u00a0DC measured via megohmmeter) between terminals and housing<\/td>\n<\/tr>\n<tr>\n<th>Noise resistance<\/th>\n<td colspan=\"4\">1,000\u00a0V p-p, pulse width 1\u00a0\u03bcs, rise time 1\u00a0ns<\/td>\n<\/tr>\n<\/tbody>\n<\/table>\n<p class=\"u-fs-M\">Note 1) PF2W711 is 15 to 35\u00b0C, 25\u00b0C reference is \u00b13% F.S. or less.<br \/>\nNote 2) Does not include lead wire.<br \/>\nNote 3) For digital flow switch unit switching function (Fixed SI unit [L\/min or L] will be set for switch types without the unit switching function.)<br \/>\nNote 4) Accumulated flow rate is reset when the power supply is turned OFF.<br \/>\nNote 5) Switch output and accumulated pulse output can be selected during initial setting.<br \/>\nNote 6) Window comparator mode: Since hysteresis (H) will reach 3 digits, keep P_1 and P_2 or n_1 and n_2 separated by 7 digits or more. (In the case of OUT2, n_1 and n_2 will become n_3 and n_4, P_1 and P_2 will become P_3 and P_4.)<br \/>\nNote 7) All flow switches conform to the CE marking.<\/p>\n<p>C\u00e1c m\u00e3 h\u00e0ng t\u01b0\u01a1ng t\u1ef1<\/p>\n<div id=\"col-1334634346\" class=\"col medium-1\/4 large-3\">\n<div class=\"col-inner\">PF2W200<br \/>\nPF2W200-4C<br \/>\nPF2W200-A<br \/>\nPF2W200-A4C<br \/>\nPF2W200-B<br \/>\nPF2W200-B4C<br \/>\nPF2W200-M<br \/>\nPF2W200-M4C<br \/>\nPF2W200-MA<br \/>\nPF2W200-MA4C<br \/>\nPF2W200-MB<br \/>\nPF2W200-MB4C<br \/>\nPF2W201<br \/>\nPF2W201-A<br \/>\nPF2W201-A4C<br \/>\nPF2W201-B<br \/>\nPF2W201-B4C<br \/>\nPF2W201-M<br \/>\nPF2W201-M4C<br \/>\nPF2W201-MA<br \/>\nPF2W201-MA4C<br \/>\nPF2W201-MB<br \/>\nPF2W201-MB4C<\/div>\n<\/div>\n<div id=\"col-850280788\" class=\"col medium-1\/4 large-3\">\n<div class=\"col-inner\">PF2W300-A<br \/>\nPF2W300-A-M<br \/>\nPF2W301-A<br \/>\nPF2W301-A-M<br \/>\nPF2W330-A<br \/>\nPF2W330-A-M<br \/>\nPF2W331-A<br \/>\nPF2W331-A-M<br \/>\nPF2W504-03<br \/>\nPF2W520-03<br \/>\nPF2W520-04<br \/>\nPF2W704-03-27<br \/>\nPF2W704-03-27-M<br \/>\nPF2W720-03-27<br \/>\nPF2W720-03-27-M<br \/>\nPF2W720-04-27<br \/>\nPF2W720-04-27-M<br \/>\nPF2W720-04-67-M<br \/>\nPF2W740-06-27<br \/>\nPF2W704-03-27N<br \/>\nPF2W704-03-27N-M<br \/>\nPF2W704-03-67<br \/>\nPF2W704-03-67-M<br \/>\nPF2W704-03-67N<br \/>\nPF2W704-03-67N-M<\/div>\n<\/div>\n<div id=\"col-211181070\" class=\"col medium-1\/4 large-3\">\n<div class=\"col-inner\">PF2W704-F03-27N<br \/>\nPF2W704-F03-67<br \/>\nPF2W704-F03-67-M<br \/>\nPF2W704-F03-67N<br \/>\nPF2W704-F03-67N-M<br \/>\nPF2W704-N03-27<br \/>\nPF2W704-N03-27-M<br \/>\nPF2W704-N03-27N<br \/>\nPF2W704-N03-27N-M<br \/>\nPF2W704-N03-67<br \/>\nPF2W704-N03-67-M<br \/>\nPF2W704-N03-67N<br \/>\nPF2W704-N03-67N-M<br \/>\nPF2W711-06-27<br \/>\nPF2W711-06-27-M<br \/>\nPF2W711-06-27N<br \/>\nPF2W711-06-27N-M<br \/>\nPF2W711-06-67<br \/>\nPF2W711-06-67-M<br \/>\nPF2W711-06-67N<br \/>\nPF2W711-06-67N-M<br \/>\nPF2W711-10-27<br \/>\nPF2W711-10-27-M<br \/>\nPF2W711-10-27N<br \/>\nPF2W711-10-27N-M<br \/>\nPF2W711-10-67<br \/>\nPF2W711-10-67-M<\/div>\n<\/div>\n","protected":false},"excerpt":{"rendered":"<p>SMC PF2W720-04-27-M Digital Flow Switch For Water PF2W Series (PF2W720-04-27-M) Product Description Integrated and remote type flow switch. [Features] \u00b7 Has switch output, accumulated pulse output and analog output. \u00b7 Can switch between accumulated flow rate and instantaneous flow rate. \u00b7 Water-resistant construction conforming to IP65. Configured Specifications Type [Flow&hellip; <\/p>\n","protected":false},"featured_media":3414,"comment_status":"open","ping_status":"closed","template":"","meta":[],"product_cat":[283],"product_tag":[649,93,648,92],"class_list":{"0":"post-3413","1":"product","2":"type-product","3":"status-publish","4":"has-post-thumbnail","6":"product_cat-smc","7":"product_tag-cam-bien-luu-luong","8":"product_tag-dai-ly-smc-viet-nam","9":"product_tag-digital-flow-switch","10":"product_tag-smc-viet-nam","12":"first","13":"instock","14":"shipping-taxable","15":"product-type-simple"},"yoast_head":"<!-- This site is optimized with the Yoast SEO plugin v22.8 - https:\/\/yoast.com\/wordpress\/plugins\/seo\/ -->\n<title>SMC PF2W720-04-27-M - OMANI VI\u1ec6T NAM<\/title>\n<meta name=\"description\" content=\"SMC PF2W720-04-27-M Digital Flow Switch\" \/>\n<meta name=\"robots\" content=\"index, follow, max-snippet:-1, max-image-preview:large, max-video-preview:-1\" \/>\n<link rel=\"canonical\" href=\"https:\/\/omanivietnam.com\/index.php\/san-pham\/smc-pf2w720-04-27-m\/\" \/>\n<meta property=\"og:locale\" content=\"vi_VN\" \/>\n<meta property=\"og:type\" content=\"article\" \/>\n<meta property=\"og:title\" content=\"SMC PF2W720-04-27-M - OMANI VI\u1ec6T NAM\" \/>\n<meta property=\"og:description\" content=\"SMC PF2W720-04-27-M Digital Flow Switch\" \/>\n<meta property=\"og:url\" content=\"https:\/\/omanivietnam.com\/index.php\/san-pham\/smc-pf2w720-04-27-m\/\" \/>\n<meta property=\"og:site_name\" content=\"OMANI VI\u1ec6T NAM\" \/>\n<meta property=\"og:image\" content=\"https:\/\/omanivietnam.com\/wp-content\/uploads\/2025\/03\/PF2W720-04-27-M.png\" \/>\n\t<meta property=\"og:image:width\" content=\"818\" \/>\n\t<meta property=\"og:image:height\" content=\"536\" \/>\n\t<meta property=\"og:image:type\" content=\"image\/png\" \/>\n<meta name=\"twitter:card\" content=\"summary_large_image\" \/>\n<meta name=\"twitter:label1\" content=\"\u01af\u1edbc t\u00ednh th\u1eddi gian \u0111\u1ecdc\" \/>\n\t<meta name=\"twitter:data1\" content=\"5 ph\u00fat\" \/>\n<script type=\"application\/ld+json\" class=\"yoast-schema-graph\">{\"@context\":\"https:\/\/schema.org\",\"@graph\":[{\"@type\":\"WebPage\",\"@id\":\"https:\/\/omanivietnam.com\/index.php\/san-pham\/smc-pf2w720-04-27-m\/\",\"url\":\"https:\/\/omanivietnam.com\/index.php\/san-pham\/smc-pf2w720-04-27-m\/\",\"name\":\"SMC PF2W720-04-27-M - OMANI VI\u1ec6T NAM\",\"isPartOf\":{\"@id\":\"https:\/\/omanivietnam.com\/#website\"},\"primaryImageOfPage\":{\"@id\":\"https:\/\/omanivietnam.com\/index.php\/san-pham\/smc-pf2w720-04-27-m\/#primaryimage\"},\"image\":{\"@id\":\"https:\/\/omanivietnam.com\/index.php\/san-pham\/smc-pf2w720-04-27-m\/#primaryimage\"},\"thumbnailUrl\":\"https:\/\/omanivietnam.com\/wp-content\/uploads\/2025\/03\/PF2W720-04-27-M.png\",\"datePublished\":\"2025-03-26T15:46:05+00:00\",\"dateModified\":\"2025-03-26T15:46:05+00:00\",\"description\":\"SMC PF2W720-04-27-M Digital Flow Switch\",\"breadcrumb\":{\"@id\":\"https:\/\/omanivietnam.com\/index.php\/san-pham\/smc-pf2w720-04-27-m\/#breadcrumb\"},\"inLanguage\":\"vi\",\"potentialAction\":[{\"@type\":\"ReadAction\",\"target\":[\"https:\/\/omanivietnam.com\/index.php\/san-pham\/smc-pf2w720-04-27-m\/\"]}]},{\"@type\":\"ImageObject\",\"inLanguage\":\"vi\",\"@id\":\"https:\/\/omanivietnam.com\/index.php\/san-pham\/smc-pf2w720-04-27-m\/#primaryimage\",\"url\":\"https:\/\/omanivietnam.com\/wp-content\/uploads\/2025\/03\/PF2W720-04-27-M.png\",\"contentUrl\":\"https:\/\/omanivietnam.com\/wp-content\/uploads\/2025\/03\/PF2W720-04-27-M.png\",\"width\":818,\"height\":536},{\"@type\":\"BreadcrumbList\",\"@id\":\"https:\/\/omanivietnam.com\/index.php\/san-pham\/smc-pf2w720-04-27-m\/#breadcrumb\",\"itemListElement\":[{\"@type\":\"ListItem\",\"position\":1,\"name\":\"Home\",\"item\":\"https:\/\/omanivietnam.com\/\"},{\"@type\":\"ListItem\",\"position\":2,\"name\":\"S\u1ea2N PH\u1ea8M\",\"item\":\"https:\/\/omanivietnam.com\/index.php\/cua-hang\/\"},{\"@type\":\"ListItem\",\"position\":3,\"name\":\"SMC PF2W720-04-27-M\"}]},{\"@type\":\"WebSite\",\"@id\":\"https:\/\/omanivietnam.com\/#website\",\"url\":\"https:\/\/omanivietnam.com\/\",\"name\":\"OMANI VI\u1ec6T NAM\",\"description\":\"Nh\u00e0 ph\u00e2n ph\u1ed1i thi\u1ebft b\u1ecb kh\u00ed n\u00e9n v\u00e0 thi\u1ebft b\u1ecb t\u1ef1 \u0111\u1ed9ng h\u00f3a trong c\u00f4ng nghi\u1ec7p\",\"publisher\":{\"@id\":\"https:\/\/omanivietnam.com\/#\/schema\/person\/0ad398a980dc3fd696111c2c5c8fa897\"},\"potentialAction\":[{\"@type\":\"SearchAction\",\"target\":{\"@type\":\"EntryPoint\",\"urlTemplate\":\"https:\/\/omanivietnam.com\/?s={search_term_string}\"},\"query-input\":\"required name=search_term_string\"}],\"inLanguage\":\"vi\"},{\"@type\":[\"Person\",\"Organization\"],\"@id\":\"https:\/\/omanivietnam.com\/#\/schema\/person\/0ad398a980dc3fd696111c2c5c8fa897\",\"name\":\"Nguy\u1ec5n V\u0103n Kh\u00e1nh\",\"image\":{\"@type\":\"ImageObject\",\"inLanguage\":\"vi\",\"@id\":\"https:\/\/omanivietnam.com\/#\/schema\/person\/image\/\",\"url\":\"https:\/\/omanivietnam.com\/wp-content\/uploads\/2024\/06\/logo-1024x1024.png\",\"contentUrl\":\"https:\/\/omanivietnam.com\/wp-content\/uploads\/2024\/06\/logo-1024x1024.png\",\"width\":1024,\"height\":1024,\"caption\":\"Nguy\u1ec5n V\u0103n Kh\u00e1nh\"},\"logo\":{\"@id\":\"https:\/\/omanivietnam.com\/#\/schema\/person\/image\/\"},\"sameAs\":[\"https:\/\/omanivietnam.com\"]}]}<\/script>\n<!-- \/ Yoast SEO plugin. -->","yoast_head_json":{"title":"SMC PF2W720-04-27-M - OMANI VI\u1ec6T NAM","description":"SMC PF2W720-04-27-M Digital Flow Switch","robots":{"index":"index","follow":"follow","max-snippet":"max-snippet:-1","max-image-preview":"max-image-preview:large","max-video-preview":"max-video-preview:-1"},"canonical":"https:\/\/omanivietnam.com\/index.php\/san-pham\/smc-pf2w720-04-27-m\/","og_locale":"vi_VN","og_type":"article","og_title":"SMC PF2W720-04-27-M - OMANI VI\u1ec6T NAM","og_description":"SMC PF2W720-04-27-M Digital Flow Switch","og_url":"https:\/\/omanivietnam.com\/index.php\/san-pham\/smc-pf2w720-04-27-m\/","og_site_name":"OMANI VI\u1ec6T NAM","og_image":[{"width":818,"height":536,"url":"https:\/\/omanivietnam.com\/wp-content\/uploads\/2025\/03\/PF2W720-04-27-M.png","type":"image\/png"}],"twitter_card":"summary_large_image","twitter_misc":{"\u01af\u1edbc t\u00ednh th\u1eddi gian \u0111\u1ecdc":"5 ph\u00fat"},"schema":{"@context":"https:\/\/schema.org","@graph":[{"@type":"WebPage","@id":"https:\/\/omanivietnam.com\/index.php\/san-pham\/smc-pf2w720-04-27-m\/","url":"https:\/\/omanivietnam.com\/index.php\/san-pham\/smc-pf2w720-04-27-m\/","name":"SMC PF2W720-04-27-M - OMANI VI\u1ec6T NAM","isPartOf":{"@id":"https:\/\/omanivietnam.com\/#website"},"primaryImageOfPage":{"@id":"https:\/\/omanivietnam.com\/index.php\/san-pham\/smc-pf2w720-04-27-m\/#primaryimage"},"image":{"@id":"https:\/\/omanivietnam.com\/index.php\/san-pham\/smc-pf2w720-04-27-m\/#primaryimage"},"thumbnailUrl":"https:\/\/omanivietnam.com\/wp-content\/uploads\/2025\/03\/PF2W720-04-27-M.png","datePublished":"2025-03-26T15:46:05+00:00","dateModified":"2025-03-26T15:46:05+00:00","description":"SMC PF2W720-04-27-M Digital Flow Switch","breadcrumb":{"@id":"https:\/\/omanivietnam.com\/index.php\/san-pham\/smc-pf2w720-04-27-m\/#breadcrumb"},"inLanguage":"vi","potentialAction":[{"@type":"ReadAction","target":["https:\/\/omanivietnam.com\/index.php\/san-pham\/smc-pf2w720-04-27-m\/"]}]},{"@type":"ImageObject","inLanguage":"vi","@id":"https:\/\/omanivietnam.com\/index.php\/san-pham\/smc-pf2w720-04-27-m\/#primaryimage","url":"https:\/\/omanivietnam.com\/wp-content\/uploads\/2025\/03\/PF2W720-04-27-M.png","contentUrl":"https:\/\/omanivietnam.com\/wp-content\/uploads\/2025\/03\/PF2W720-04-27-M.png","width":818,"height":536},{"@type":"BreadcrumbList","@id":"https:\/\/omanivietnam.com\/index.php\/san-pham\/smc-pf2w720-04-27-m\/#breadcrumb","itemListElement":[{"@type":"ListItem","position":1,"name":"Home","item":"https:\/\/omanivietnam.com\/"},{"@type":"ListItem","position":2,"name":"S\u1ea2N PH\u1ea8M","item":"https:\/\/omanivietnam.com\/index.php\/cua-hang\/"},{"@type":"ListItem","position":3,"name":"SMC PF2W720-04-27-M"}]},{"@type":"WebSite","@id":"https:\/\/omanivietnam.com\/#website","url":"https:\/\/omanivietnam.com\/","name":"OMANI VI\u1ec6T NAM","description":"Nh\u00e0 ph\u00e2n ph\u1ed1i thi\u1ebft b\u1ecb kh\u00ed n\u00e9n v\u00e0 thi\u1ebft b\u1ecb t\u1ef1 \u0111\u1ed9ng h\u00f3a trong c\u00f4ng nghi\u1ec7p","publisher":{"@id":"https:\/\/omanivietnam.com\/#\/schema\/person\/0ad398a980dc3fd696111c2c5c8fa897"},"potentialAction":[{"@type":"SearchAction","target":{"@type":"EntryPoint","urlTemplate":"https:\/\/omanivietnam.com\/?s={search_term_string}"},"query-input":"required name=search_term_string"}],"inLanguage":"vi"},{"@type":["Person","Organization"],"@id":"https:\/\/omanivietnam.com\/#\/schema\/person\/0ad398a980dc3fd696111c2c5c8fa897","name":"Nguy\u1ec5n V\u0103n Kh\u00e1nh","image":{"@type":"ImageObject","inLanguage":"vi","@id":"https:\/\/omanivietnam.com\/#\/schema\/person\/image\/","url":"https:\/\/omanivietnam.com\/wp-content\/uploads\/2024\/06\/logo-1024x1024.png","contentUrl":"https:\/\/omanivietnam.com\/wp-content\/uploads\/2024\/06\/logo-1024x1024.png","width":1024,"height":1024,"caption":"Nguy\u1ec5n V\u0103n Kh\u00e1nh"},"logo":{"@id":"https:\/\/omanivietnam.com\/#\/schema\/person\/image\/"},"sameAs":["https:\/\/omanivietnam.com"]}]}},"_links":{"self":[{"href":"https:\/\/omanivietnam.com\/index.php\/wp-json\/wp\/v2\/product\/3413","targetHints":{"allow":["GET"]}}],"collection":[{"href":"https:\/\/omanivietnam.com\/index.php\/wp-json\/wp\/v2\/product"}],"about":[{"href":"https:\/\/omanivietnam.com\/index.php\/wp-json\/wp\/v2\/types\/product"}],"replies":[{"embeddable":true,"href":"https:\/\/omanivietnam.com\/index.php\/wp-json\/wp\/v2\/comments?post=3413"}],"wp:featuredmedia":[{"embeddable":true,"href":"https:\/\/omanivietnam.com\/index.php\/wp-json\/wp\/v2\/media\/3414"}],"wp:attachment":[{"href":"https:\/\/omanivietnam.com\/index.php\/wp-json\/wp\/v2\/media?parent=3413"}],"wp:term":[{"taxonomy":"product_cat","embeddable":true,"href":"https:\/\/omanivietnam.com\/index.php\/wp-json\/wp\/v2\/product_cat?post=3413"},{"taxonomy":"product_tag","embeddable":true,"href":"https:\/\/omanivietnam.com\/index.php\/wp-json\/wp\/v2\/product_tag?post=3413"}],"curies":[{"name":"wp","href":"https:\/\/api.w.org\/{rel}","templated":true}]}}