{"id":3422,"date":"2025-03-27T17:00:05","date_gmt":"2025-03-27T10:00:05","guid":{"rendered":"https:\/\/omanivietnam.com\/?post_type=product&#038;p=3422"},"modified":"2025-03-27T17:00:05","modified_gmt":"2025-03-27T10:00:05","slug":"eaton-01-e-170-10vg-30-e-p-300147","status":"publish","type":"product","link":"https:\/\/omanivietnam.com\/index.php\/san-pham\/eaton-01-e-170-10vg-30-e-p-300147\/","title":{"rendered":"EATON  01.E.170.10VG.30.E.P  300147"},"content":{"rendered":"<p>EATON 01.E.170.10VG.30.E.P 300147<\/p>\n<p class=\"module-product-detail-card-v2__title\">300147 M\u00e3 model: 01.E170.10VG.30.E.P.-<\/p>\n<div class=\"module-product-detail-card-v2__description b-body-copy\">\n<p class=\"module-product-detail-card-v2__description-text\">Eaton 01.E Pressure Filter Elements, 01.E 170.10VG.30.E.P.-, 10 VG, Glass fiber fleece (VG), Nitrile, 435 psi (30 Bar), Size: 170<\/p>\n<h2 class=\"product-specification-item__title\">Th\u00f4ng s\u1ed1 k\u1ef9 thu\u1eadt chung<\/h2>\n<div class=\"product-specification-item__content\">\n<div><\/div>\n<table class=\"specifications-table\">\n<tbody>\n<tr class=\"specification-row\">\n<td class=\"specification-title\"><strong>Product Name<\/strong><\/td>\n<td class=\"specification-value\">\n<div class=\"module-table__value value-type-default\"><span class=\"specification-value-secondary\">Eaton 01.E Pressure Filter Element<\/span><\/div>\n<\/td>\n<\/tr>\n<tr class=\"specification-row\">\n<td class=\"specification-title\"><strong>Catalog Number<\/strong><\/td>\n<td class=\"specification-value\">\n<div class=\"module-table__value value-type-default\"><span class=\"specification-value-secondary\">300147<\/span><\/div>\n<\/td>\n<\/tr>\n<tr class=\"specification-row\">\n<td class=\"specification-title\"><strong>Model Code<\/strong><\/td>\n<td class=\"specification-value\">\n<div class=\"module-table__value value-type-default\"><span class=\"specification-value-secondary\">01.E170.10VG.30.E.P.-<\/span><\/div>\n<\/td>\n<\/tr>\n<tr class=\"specification-row\">\n<td class=\"specification-title\"><strong>Product Length\/Depth<\/strong><\/td>\n<td class=\"specification-value\">\n<div class=\"module-table__value value-type-default\"><span class=\"specification-value-secondary\">180 mm<\/span><\/div>\n<\/td>\n<\/tr>\n<tr class=\"specification-row\">\n<td class=\"specification-title\"><strong>Product Diameter<\/strong><\/td>\n<td class=\"specification-value\">\n<div class=\"module-table__value value-type-default\"><span class=\"specification-value-secondary\">60 mm<\/span><\/div>\n<\/td>\n<\/tr>\n<tr class=\"specification-row\">\n<td class=\"specification-title\"><strong>Product Weight<\/strong><\/td>\n<td class=\"specification-value\">\n<div class=\"module-table__value value-type-default\"><span class=\"specification-value-secondary\">0.38 kg<\/span><\/div>\n<\/td>\n<\/tr>\n<tr class=\"specification-row\">\n<td class=\"specification-title\"><strong>Compliances<\/strong><\/td>\n<td class=\"specification-value\">\n<div class=\"module-table__value value-type-default\"><span class=\"specification-value-secondary\">ISO 4406:99<br \/>\nNAS 1638<\/span><\/div>\n<\/td>\n<\/tr>\n<tr class=\"specification-row\">\n<td class=\"specification-title\"><strong>Certifications<\/strong><\/td>\n<td class=\"specification-value\">\n<div class=\"module-table__value value-type-default\"><span class=\"specification-value-secondary\">ISO2942<br \/>\nISO3723<br \/>\nISO16889<br \/>\nISO2941<br \/>\nISO3968<br \/>\nISO3724<br \/>\nISO2943<\/span><\/div>\n<\/td>\n<\/tr>\n<\/tbody>\n<\/table>\n<\/div>\n<h2 class=\"product-specification-item__title\">Th\u00f4ng s\u1ed1 k\u1ef9 thu\u1eadt s\u1ea3n ph\u1ea9m<\/h2>\n<div class=\"product-specification-item__content\">\n<div><\/div>\n<table class=\"specifications-table\">\n<tbody>\n<tr class=\"specification-row\">\n<td class=\"specification-title\"><strong>Filter element type<\/strong><\/td>\n<td class=\"specification-value\">\n<div class=\"module-table__value value-type-default\"><span class=\"specification-value-secondary\">Pressure filter elements<\/span><\/div>\n<\/td>\n<\/tr>\n<tr class=\"specification-row\">\n<td class=\"specification-title\"><strong>Filter fineness<\/strong><\/td>\n<td class=\"specification-value\">\n<div class=\"module-table__value value-type-default\"><span class=\"specification-value-secondary\">10 VG<\/span><\/div>\n<\/td>\n<\/tr>\n<tr class=\"specification-row\">\n<td class=\"specification-title\"><strong>Filter media type<\/strong><\/td>\n<td class=\"specification-value\">\n<div class=\"module-table__value value-type-default\"><span class=\"specification-value-secondary\">Glass fiber fleece (VG)<\/span><\/div>\n<\/td>\n<\/tr>\n<tr class=\"specification-row\">\n<td class=\"specification-title\"><strong>Sealing material<\/strong><\/td>\n<td class=\"specification-value\">\n<div class=\"module-table__value value-type-default\"><span class=\"specification-value-secondary\">Nitrile<\/span><\/div>\n<\/td>\n<\/tr>\n<tr class=\"specification-row\">\n<td class=\"specification-title\"><strong>Nominal size<\/strong><\/td>\n<td class=\"specification-value\">\n<div class=\"module-table__value value-type-default\"><span class=\"specification-value-secondary\">170<\/span><\/div>\n<\/td>\n<\/tr>\n<tr class=\"specification-row\">\n<td class=\"specification-title\"><strong>Retention rating<\/strong><\/td>\n<td class=\"specification-value\">\n<div class=\"module-table__value value-type-default\"><span class=\"specification-value-secondary\">10.0 \u00b5m<\/span><\/div>\n<\/td>\n<\/tr>\n<tr class=\"specification-row\">\n<td class=\"specification-title\"><strong>Delta P resistance<\/strong><\/td>\n<td class=\"specification-value\">\n<div class=\"module-table__value value-type-default\"><span class=\"specification-value-secondary\">435 psi (30 Bar)<\/span><\/div>\n<\/td>\n<\/tr>\n<\/tbody>\n<\/table>\n<\/div>\n<p>M\u00e3 h\u00e0ng t\u01b0\u01a1ng t\u1ef1<\/p>\n<p>EATON 01.E.900.6VG.HR.E.P PN: 314854<\/p>\n<p>EATON 01.NR1000.6VG.10.B.P.IS06 PN: 314855<\/p>\n<p>EATON 01E. 950. 6VG. 10. S1. P. IS06 PN: 325094<\/p>\n<\/div>\n","protected":false},"excerpt":{"rendered":"<p>EATON 01.E.170.10VG.30.E.P 300147 300147 M\u00e3 model: 01.E170.10VG.30.E.P.- Eaton 01.E Pressure Filter Elements, 01.E 170.10VG.30.E.P.-, 10 VG, Glass fiber fleece (VG), Nitrile, 435 psi (30 Bar), Size: 170 Th\u00f4ng s\u1ed1 k\u1ef9 thu\u1eadt chung Product Name Eaton 01.E Pressure Filter Element Catalog Number 300147 Model Code 01.E170.10VG.30.E.P.- Product Length\/Depth 180 mm Product&hellip; <\/p>\n","protected":false},"featured_media":3423,"comment_status":"open","ping_status":"closed","template":"","meta":[],"product_cat":[653],"product_tag":[655,654,656,350],"class_list":{"0":"post-3422","1":"product","2":"type-product","3":"status-publish","4":"has-post-thumbnail","6":"product_cat-eaton","7":"product_tag-dai-ly-eaton-viet-nam","8":"product_tag-eaton-viet-nam","9":"product_tag-pressure-filter-elements","10":"product_tag-thiet-bi-loc-khi","12":"first","13":"instock","14":"shipping-taxable","15":"product-type-simple"},"yoast_head":"<!-- This site is optimized with the Yoast SEO plugin v22.8 - https:\/\/yoast.com\/wordpress\/plugins\/seo\/ -->\n<title>EATON 01.E.170.10VG.30.E.P 300147 - OMANI VI\u1ec6T NAM<\/title>\n<meta name=\"description\" content=\"EATON 01.E.900.6VG.HR.E.P PN: 314854 | Eaton 01.E Pressure Filter Element\" \/>\n<meta name=\"robots\" content=\"index, follow, max-snippet:-1, max-image-preview:large, max-video-preview:-1\" \/>\n<link rel=\"canonical\" href=\"https:\/\/omanivietnam.com\/index.php\/san-pham\/eaton-01-e-170-10vg-30-e-p-300147\/\" \/>\n<meta property=\"og:locale\" content=\"vi_VN\" \/>\n<meta property=\"og:type\" content=\"article\" \/>\n<meta property=\"og:title\" content=\"EATON 01.E.170.10VG.30.E.P 300147 - OMANI VI\u1ec6T NAM\" \/>\n<meta property=\"og:description\" content=\"EATON 01.E.900.6VG.HR.E.P PN: 314854 | Eaton 01.E Pressure Filter Element\" \/>\n<meta property=\"og:url\" content=\"https:\/\/omanivietnam.com\/index.php\/san-pham\/eaton-01-e-170-10vg-30-e-p-300147\/\" \/>\n<meta property=\"og:site_name\" content=\"OMANI VI\u1ec6T NAM\" \/>\n<meta property=\"og:image\" content=\"https:\/\/omanivietnam.com\/wp-content\/uploads\/2025\/03\/300147.png\" \/>\n\t<meta property=\"og:image:width\" content=\"648\" \/>\n\t<meta property=\"og:image:height\" content=\"531\" \/>\n\t<meta property=\"og:image:type\" content=\"image\/png\" \/>\n<meta name=\"twitter:card\" content=\"summary_large_image\" \/>\n<meta name=\"twitter:label1\" content=\"\u01af\u1edbc t\u00ednh th\u1eddi gian \u0111\u1ecdc\" \/>\n\t<meta name=\"twitter:data1\" content=\"1 ph\u00fat\" \/>\n<script type=\"application\/ld+json\" class=\"yoast-schema-graph\">{\"@context\":\"https:\/\/schema.org\",\"@graph\":[{\"@type\":\"WebPage\",\"@id\":\"https:\/\/omanivietnam.com\/index.php\/san-pham\/eaton-01-e-170-10vg-30-e-p-300147\/\",\"url\":\"https:\/\/omanivietnam.com\/index.php\/san-pham\/eaton-01-e-170-10vg-30-e-p-300147\/\",\"name\":\"EATON 01.E.170.10VG.30.E.P 300147 - OMANI VI\u1ec6T NAM\",\"isPartOf\":{\"@id\":\"https:\/\/omanivietnam.com\/#website\"},\"primaryImageOfPage\":{\"@id\":\"https:\/\/omanivietnam.com\/index.php\/san-pham\/eaton-01-e-170-10vg-30-e-p-300147\/#primaryimage\"},\"image\":{\"@id\":\"https:\/\/omanivietnam.com\/index.php\/san-pham\/eaton-01-e-170-10vg-30-e-p-300147\/#primaryimage\"},\"thumbnailUrl\":\"https:\/\/omanivietnam.com\/wp-content\/uploads\/2025\/03\/300147.png\",\"datePublished\":\"2025-03-27T10:00:05+00:00\",\"dateModified\":\"2025-03-27T10:00:05+00:00\",\"description\":\"EATON 01.E.900.6VG.HR.E.P PN: 314854 | Eaton 01.E Pressure Filter Element\",\"breadcrumb\":{\"@id\":\"https:\/\/omanivietnam.com\/index.php\/san-pham\/eaton-01-e-170-10vg-30-e-p-300147\/#breadcrumb\"},\"inLanguage\":\"vi\",\"potentialAction\":[{\"@type\":\"ReadAction\",\"target\":[\"https:\/\/omanivietnam.com\/index.php\/san-pham\/eaton-01-e-170-10vg-30-e-p-300147\/\"]}]},{\"@type\":\"ImageObject\",\"inLanguage\":\"vi\",\"@id\":\"https:\/\/omanivietnam.com\/index.php\/san-pham\/eaton-01-e-170-10vg-30-e-p-300147\/#primaryimage\",\"url\":\"https:\/\/omanivietnam.com\/wp-content\/uploads\/2025\/03\/300147.png\",\"contentUrl\":\"https:\/\/omanivietnam.com\/wp-content\/uploads\/2025\/03\/300147.png\",\"width\":648,\"height\":531},{\"@type\":\"BreadcrumbList\",\"@id\":\"https:\/\/omanivietnam.com\/index.php\/san-pham\/eaton-01-e-170-10vg-30-e-p-300147\/#breadcrumb\",\"itemListElement\":[{\"@type\":\"ListItem\",\"position\":1,\"name\":\"Home\",\"item\":\"https:\/\/omanivietnam.com\/\"},{\"@type\":\"ListItem\",\"position\":2,\"name\":\"S\u1ea2N PH\u1ea8M\",\"item\":\"https:\/\/omanivietnam.com\/index.php\/cua-hang\/\"},{\"@type\":\"ListItem\",\"position\":3,\"name\":\"EATON 01.E.170.10VG.30.E.P 300147\"}]},{\"@type\":\"WebSite\",\"@id\":\"https:\/\/omanivietnam.com\/#website\",\"url\":\"https:\/\/omanivietnam.com\/\",\"name\":\"OMANI VI\u1ec6T NAM\",\"description\":\"Nh\u00e0 ph\u00e2n ph\u1ed1i thi\u1ebft b\u1ecb kh\u00ed n\u00e9n v\u00e0 thi\u1ebft b\u1ecb t\u1ef1 \u0111\u1ed9ng h\u00f3a trong c\u00f4ng nghi\u1ec7p\",\"publisher\":{\"@id\":\"https:\/\/omanivietnam.com\/#\/schema\/person\/0ad398a980dc3fd696111c2c5c8fa897\"},\"potentialAction\":[{\"@type\":\"SearchAction\",\"target\":{\"@type\":\"EntryPoint\",\"urlTemplate\":\"https:\/\/omanivietnam.com\/?s={search_term_string}\"},\"query-input\":\"required name=search_term_string\"}],\"inLanguage\":\"vi\"},{\"@type\":[\"Person\",\"Organization\"],\"@id\":\"https:\/\/omanivietnam.com\/#\/schema\/person\/0ad398a980dc3fd696111c2c5c8fa897\",\"name\":\"Nguy\u1ec5n V\u0103n Kh\u00e1nh\",\"image\":{\"@type\":\"ImageObject\",\"inLanguage\":\"vi\",\"@id\":\"https:\/\/omanivietnam.com\/#\/schema\/person\/image\/\",\"url\":\"https:\/\/omanivietnam.com\/wp-content\/uploads\/2024\/06\/logo-1024x1024.png\",\"contentUrl\":\"https:\/\/omanivietnam.com\/wp-content\/uploads\/2024\/06\/logo-1024x1024.png\",\"width\":1024,\"height\":1024,\"caption\":\"Nguy\u1ec5n V\u0103n Kh\u00e1nh\"},\"logo\":{\"@id\":\"https:\/\/omanivietnam.com\/#\/schema\/person\/image\/\"},\"sameAs\":[\"https:\/\/omanivietnam.com\"]}]}<\/script>\n<!-- \/ Yoast SEO plugin. -->","yoast_head_json":{"title":"EATON 01.E.170.10VG.30.E.P 300147 - OMANI VI\u1ec6T NAM","description":"EATON 01.E.900.6VG.HR.E.P PN: 314854 | Eaton 01.E Pressure Filter Element","robots":{"index":"index","follow":"follow","max-snippet":"max-snippet:-1","max-image-preview":"max-image-preview:large","max-video-preview":"max-video-preview:-1"},"canonical":"https:\/\/omanivietnam.com\/index.php\/san-pham\/eaton-01-e-170-10vg-30-e-p-300147\/","og_locale":"vi_VN","og_type":"article","og_title":"EATON 01.E.170.10VG.30.E.P 300147 - OMANI VI\u1ec6T NAM","og_description":"EATON 01.E.900.6VG.HR.E.P PN: 314854 | Eaton 01.E Pressure Filter Element","og_url":"https:\/\/omanivietnam.com\/index.php\/san-pham\/eaton-01-e-170-10vg-30-e-p-300147\/","og_site_name":"OMANI VI\u1ec6T NAM","og_image":[{"width":648,"height":531,"url":"https:\/\/omanivietnam.com\/wp-content\/uploads\/2025\/03\/300147.png","type":"image\/png"}],"twitter_card":"summary_large_image","twitter_misc":{"\u01af\u1edbc t\u00ednh th\u1eddi gian \u0111\u1ecdc":"1 ph\u00fat"},"schema":{"@context":"https:\/\/schema.org","@graph":[{"@type":"WebPage","@id":"https:\/\/omanivietnam.com\/index.php\/san-pham\/eaton-01-e-170-10vg-30-e-p-300147\/","url":"https:\/\/omanivietnam.com\/index.php\/san-pham\/eaton-01-e-170-10vg-30-e-p-300147\/","name":"EATON 01.E.170.10VG.30.E.P 300147 - OMANI VI\u1ec6T NAM","isPartOf":{"@id":"https:\/\/omanivietnam.com\/#website"},"primaryImageOfPage":{"@id":"https:\/\/omanivietnam.com\/index.php\/san-pham\/eaton-01-e-170-10vg-30-e-p-300147\/#primaryimage"},"image":{"@id":"https:\/\/omanivietnam.com\/index.php\/san-pham\/eaton-01-e-170-10vg-30-e-p-300147\/#primaryimage"},"thumbnailUrl":"https:\/\/omanivietnam.com\/wp-content\/uploads\/2025\/03\/300147.png","datePublished":"2025-03-27T10:00:05+00:00","dateModified":"2025-03-27T10:00:05+00:00","description":"EATON 01.E.900.6VG.HR.E.P PN: 314854 | Eaton 01.E Pressure Filter Element","breadcrumb":{"@id":"https:\/\/omanivietnam.com\/index.php\/san-pham\/eaton-01-e-170-10vg-30-e-p-300147\/#breadcrumb"},"inLanguage":"vi","potentialAction":[{"@type":"ReadAction","target":["https:\/\/omanivietnam.com\/index.php\/san-pham\/eaton-01-e-170-10vg-30-e-p-300147\/"]}]},{"@type":"ImageObject","inLanguage":"vi","@id":"https:\/\/omanivietnam.com\/index.php\/san-pham\/eaton-01-e-170-10vg-30-e-p-300147\/#primaryimage","url":"https:\/\/omanivietnam.com\/wp-content\/uploads\/2025\/03\/300147.png","contentUrl":"https:\/\/omanivietnam.com\/wp-content\/uploads\/2025\/03\/300147.png","width":648,"height":531},{"@type":"BreadcrumbList","@id":"https:\/\/omanivietnam.com\/index.php\/san-pham\/eaton-01-e-170-10vg-30-e-p-300147\/#breadcrumb","itemListElement":[{"@type":"ListItem","position":1,"name":"Home","item":"https:\/\/omanivietnam.com\/"},{"@type":"ListItem","position":2,"name":"S\u1ea2N PH\u1ea8M","item":"https:\/\/omanivietnam.com\/index.php\/cua-hang\/"},{"@type":"ListItem","position":3,"name":"EATON 01.E.170.10VG.30.E.P 300147"}]},{"@type":"WebSite","@id":"https:\/\/omanivietnam.com\/#website","url":"https:\/\/omanivietnam.com\/","name":"OMANI VI\u1ec6T NAM","description":"Nh\u00e0 ph\u00e2n ph\u1ed1i thi\u1ebft b\u1ecb kh\u00ed n\u00e9n v\u00e0 thi\u1ebft b\u1ecb t\u1ef1 \u0111\u1ed9ng h\u00f3a trong c\u00f4ng nghi\u1ec7p","publisher":{"@id":"https:\/\/omanivietnam.com\/#\/schema\/person\/0ad398a980dc3fd696111c2c5c8fa897"},"potentialAction":[{"@type":"SearchAction","target":{"@type":"EntryPoint","urlTemplate":"https:\/\/omanivietnam.com\/?s={search_term_string}"},"query-input":"required name=search_term_string"}],"inLanguage":"vi"},{"@type":["Person","Organization"],"@id":"https:\/\/omanivietnam.com\/#\/schema\/person\/0ad398a980dc3fd696111c2c5c8fa897","name":"Nguy\u1ec5n V\u0103n Kh\u00e1nh","image":{"@type":"ImageObject","inLanguage":"vi","@id":"https:\/\/omanivietnam.com\/#\/schema\/person\/image\/","url":"https:\/\/omanivietnam.com\/wp-content\/uploads\/2024\/06\/logo-1024x1024.png","contentUrl":"https:\/\/omanivietnam.com\/wp-content\/uploads\/2024\/06\/logo-1024x1024.png","width":1024,"height":1024,"caption":"Nguy\u1ec5n V\u0103n Kh\u00e1nh"},"logo":{"@id":"https:\/\/omanivietnam.com\/#\/schema\/person\/image\/"},"sameAs":["https:\/\/omanivietnam.com"]}]}},"_links":{"self":[{"href":"https:\/\/omanivietnam.com\/index.php\/wp-json\/wp\/v2\/product\/3422","targetHints":{"allow":["GET"]}}],"collection":[{"href":"https:\/\/omanivietnam.com\/index.php\/wp-json\/wp\/v2\/product"}],"about":[{"href":"https:\/\/omanivietnam.com\/index.php\/wp-json\/wp\/v2\/types\/product"}],"replies":[{"embeddable":true,"href":"https:\/\/omanivietnam.com\/index.php\/wp-json\/wp\/v2\/comments?post=3422"}],"wp:featuredmedia":[{"embeddable":true,"href":"https:\/\/omanivietnam.com\/index.php\/wp-json\/wp\/v2\/media\/3423"}],"wp:attachment":[{"href":"https:\/\/omanivietnam.com\/index.php\/wp-json\/wp\/v2\/media?parent=3422"}],"wp:term":[{"taxonomy":"product_cat","embeddable":true,"href":"https:\/\/omanivietnam.com\/index.php\/wp-json\/wp\/v2\/product_cat?post=3422"},{"taxonomy":"product_tag","embeddable":true,"href":"https:\/\/omanivietnam.com\/index.php\/wp-json\/wp\/v2\/product_tag?post=3422"}],"curies":[{"name":"wp","href":"https:\/\/api.w.org\/{rel}","templated":true}]}}