{"id":3443,"date":"2025-03-28T21:59:55","date_gmt":"2025-03-28T14:59:55","guid":{"rendered":"https:\/\/omanivietnam.com\/?post_type=product&#038;p=3443"},"modified":"2025-05-27T17:20:38","modified_gmt":"2025-05-27T10:20:38","slug":"sirca-ap35da0bg2bis","status":"publish","type":"product","link":"https:\/\/omanivietnam.com\/index.php\/san-pham\/sirca-ap35da0bg2bis\/","title":{"rendered":"SIRCA AP35DA0BG2BIS"},"content":{"rendered":"<p>SIRCA AP35DA0BG2BIS<\/p>\n<p>SIRCA AP03DA0BG2BIS<\/p>\n<p>SIRCA AP35DA0BG2BIS<\/p>\n<p>SIRCA AP05DA0BG2BIS<\/p>\n<p><strong><em>AP35DA0BG2BIS \u2013 B\u00f4\u0323 \u0111i\u00ea\u0300u khi\u00ea\u0309n van \u2013 Sirca Vietnam<\/em><\/strong><\/p>\n<p>AP35DA0BG2BIS Actuator Sirca hi\u1ec7n \u0111ang \u0111\u01b0\u1ee3c Omani ph\u00e2n ph\u1ed1i r\u1ed9ng r\u00e3i t\u1ea1i th\u1ecb tr\u01b0\u1eddng Vi\u1ec7t Nam.<\/p>\n<p>Thi\u1ebft b\u1ecb hi\u1ec7n \u0111ang \u0111\u01b0\u1ee3c s\u1eed d\u1ee5ng trong c\u00e1c l\u0129nh v\u1ef1c: Th\u1ef1c ph\u1ea9m, \u0110i\u1ec7n l\u1ef1c, D\u1ea7u Kh\u00ed, N\u0103ng l\u01b0\u1ee3ng m\u1eb7t tr\u1eddi, D\u1ec7t May, S\u1ee3i, Nh\u1ef1a, Th\u1ee7y Tinh, Gi\u1ea5y, B\u00e0o B\u00ec,\u2026<\/p>\n<p>Sirca\u00a0<b>AP2BDA0BG2BIS<\/b>\u00a0double acting pneumatic actuator<\/p>\n<p>&nbsp;<\/p>\n<p>\u0110\u1ea1i l\u00fd SIRCA vietnam, SIRCA viet nam, SIRCA vietnam distributor, Ph\u00e2n ph\u1ed1i SIRCA t\u1ea1i vi\u1ec7t nam<\/p>\n<p>\u0110\u1ea1i l\u00fd SIRCA vietnam, SIRCA viet nam, SIRCA vietnam distributor, Ph\u00e2n ph\u1ed1i SIRCA t\u1ea1i vi\u1ec7t nam<\/p>\n<p>\u0110\u1ea1i l\u00fd SIRCA vietnam, SIRCA viet nam, SIRCA vietnam distributor, Ph\u00e2n ph\u1ed1i SIRCA t\u1ea1i vi\u1ec7t nam<\/p>\n<p>&nbsp;<\/p>\n","protected":false},"excerpt":{"rendered":"<p>SIRCA AP35DA0BG2BIS SIRCA AP03DA0BG2BIS SIRCA AP35DA0BG2BIS SIRCA AP05DA0BG2BIS AP35DA0BG2BIS \u2013 B\u00f4\u0323 \u0111i\u00ea\u0300u khi\u00ea\u0309n van \u2013 Sirca Vietnam AP35DA0BG2BIS Actuator Sirca hi\u1ec7n \u0111ang \u0111\u01b0\u1ee3c Omani ph\u00e2n ph\u1ed1i r\u1ed9ng r\u00e3i t\u1ea1i th\u1ecb tr\u01b0\u1eddng Vi\u1ec7t Nam. Thi\u1ebft b\u1ecb hi\u1ec7n \u0111ang \u0111\u01b0\u1ee3c s\u1eed d\u1ee5ng trong c\u00e1c l\u0129nh v\u1ef1c: Th\u1ef1c ph\u1ea9m, \u0110i\u1ec7n l\u1ef1c, D\u1ea7u Kh\u00ed,&hellip; <\/p>\n","protected":false},"featured_media":3444,"comment_status":"open","ping_status":"closed","template":"","meta":[],"product_cat":[664],"product_tag":[167,666,665],"class_list":{"0":"post-3443","1":"product","2":"type-product","3":"status-publish","4":"has-post-thumbnail","6":"product_cat-sirca","7":"product_tag-bo-dieu-khien","8":"product_tag-dai-ly-sirca-viet-nam","9":"product_tag-sirca-viet-nam","11":"first","12":"instock","13":"shipping-taxable","14":"product-type-simple"},"yoast_head":"<!-- This site is optimized with the Yoast SEO plugin v22.8 - https:\/\/yoast.com\/wordpress\/plugins\/seo\/ -->\n<title>SIRCA AP35DA0BG2BIS - OMANI VI\u1ec6T NAM<\/title>\n<meta name=\"description\" content=\"SIRCA AP35DA0BG2BIS Pneumatic actuator\" \/>\n<meta name=\"robots\" content=\"index, follow, max-snippet:-1, max-image-preview:large, max-video-preview:-1\" \/>\n<link rel=\"canonical\" href=\"https:\/\/omanivietnam.com\/index.php\/san-pham\/sirca-ap35da0bg2bis\/\" \/>\n<meta property=\"og:locale\" content=\"vi_VN\" \/>\n<meta property=\"og:type\" content=\"article\" \/>\n<meta property=\"og:title\" content=\"SIRCA AP35DA0BG2BIS - OMANI VI\u1ec6T NAM\" \/>\n<meta property=\"og:description\" content=\"SIRCA AP35DA0BG2BIS Pneumatic actuator\" \/>\n<meta property=\"og:url\" content=\"https:\/\/omanivietnam.com\/index.php\/san-pham\/sirca-ap35da0bg2bis\/\" \/>\n<meta property=\"og:site_name\" content=\"OMANI VI\u1ec6T NAM\" \/>\n<meta property=\"article:modified_time\" content=\"2025-05-27T10:20:38+00:00\" \/>\n<meta property=\"og:image\" content=\"https:\/\/omanivietnam.com\/wp-content\/uploads\/2025\/03\/AP35DA0BG2BIS.png\" \/>\n\t<meta property=\"og:image:width\" content=\"748\" \/>\n\t<meta property=\"og:image:height\" content=\"527\" \/>\n\t<meta property=\"og:image:type\" content=\"image\/png\" \/>\n<meta name=\"twitter:card\" content=\"summary_large_image\" \/>\n<meta name=\"twitter:label1\" content=\"\u01af\u1edbc t\u00ednh th\u1eddi gian \u0111\u1ecdc\" \/>\n\t<meta name=\"twitter:data1\" content=\"2 ph\u00fat\" \/>\n<script type=\"application\/ld+json\" class=\"yoast-schema-graph\">{\"@context\":\"https:\/\/schema.org\",\"@graph\":[{\"@type\":\"WebPage\",\"@id\":\"https:\/\/omanivietnam.com\/index.php\/san-pham\/sirca-ap35da0bg2bis\/\",\"url\":\"https:\/\/omanivietnam.com\/index.php\/san-pham\/sirca-ap35da0bg2bis\/\",\"name\":\"SIRCA AP35DA0BG2BIS - OMANI VI\u1ec6T NAM\",\"isPartOf\":{\"@id\":\"https:\/\/omanivietnam.com\/#website\"},\"primaryImageOfPage\":{\"@id\":\"https:\/\/omanivietnam.com\/index.php\/san-pham\/sirca-ap35da0bg2bis\/#primaryimage\"},\"image\":{\"@id\":\"https:\/\/omanivietnam.com\/index.php\/san-pham\/sirca-ap35da0bg2bis\/#primaryimage\"},\"thumbnailUrl\":\"https:\/\/omanivietnam.com\/wp-content\/uploads\/2025\/03\/AP35DA0BG2BIS.png\",\"datePublished\":\"2025-03-28T14:59:55+00:00\",\"dateModified\":\"2025-05-27T10:20:38+00:00\",\"description\":\"SIRCA AP35DA0BG2BIS Pneumatic actuator\",\"breadcrumb\":{\"@id\":\"https:\/\/omanivietnam.com\/index.php\/san-pham\/sirca-ap35da0bg2bis\/#breadcrumb\"},\"inLanguage\":\"vi\",\"potentialAction\":[{\"@type\":\"ReadAction\",\"target\":[\"https:\/\/omanivietnam.com\/index.php\/san-pham\/sirca-ap35da0bg2bis\/\"]}]},{\"@type\":\"ImageObject\",\"inLanguage\":\"vi\",\"@id\":\"https:\/\/omanivietnam.com\/index.php\/san-pham\/sirca-ap35da0bg2bis\/#primaryimage\",\"url\":\"https:\/\/omanivietnam.com\/wp-content\/uploads\/2025\/03\/AP35DA0BG2BIS.png\",\"contentUrl\":\"https:\/\/omanivietnam.com\/wp-content\/uploads\/2025\/03\/AP35DA0BG2BIS.png\",\"width\":748,\"height\":527},{\"@type\":\"BreadcrumbList\",\"@id\":\"https:\/\/omanivietnam.com\/index.php\/san-pham\/sirca-ap35da0bg2bis\/#breadcrumb\",\"itemListElement\":[{\"@type\":\"ListItem\",\"position\":1,\"name\":\"Home\",\"item\":\"https:\/\/omanivietnam.com\/\"},{\"@type\":\"ListItem\",\"position\":2,\"name\":\"S\u1ea2N PH\u1ea8M\",\"item\":\"https:\/\/omanivietnam.com\/index.php\/cua-hang\/\"},{\"@type\":\"ListItem\",\"position\":3,\"name\":\"SIRCA AP35DA0BG2BIS\"}]},{\"@type\":\"WebSite\",\"@id\":\"https:\/\/omanivietnam.com\/#website\",\"url\":\"https:\/\/omanivietnam.com\/\",\"name\":\"OMANI VI\u1ec6T NAM\",\"description\":\"Nh\u00e0 ph\u00e2n ph\u1ed1i thi\u1ebft b\u1ecb kh\u00ed n\u00e9n v\u00e0 thi\u1ebft b\u1ecb t\u1ef1 \u0111\u1ed9ng h\u00f3a trong c\u00f4ng nghi\u1ec7p\",\"publisher\":{\"@id\":\"https:\/\/omanivietnam.com\/#\/schema\/person\/0ad398a980dc3fd696111c2c5c8fa897\"},\"potentialAction\":[{\"@type\":\"SearchAction\",\"target\":{\"@type\":\"EntryPoint\",\"urlTemplate\":\"https:\/\/omanivietnam.com\/?s={search_term_string}\"},\"query-input\":\"required name=search_term_string\"}],\"inLanguage\":\"vi\"},{\"@type\":[\"Person\",\"Organization\"],\"@id\":\"https:\/\/omanivietnam.com\/#\/schema\/person\/0ad398a980dc3fd696111c2c5c8fa897\",\"name\":\"Nguy\u1ec5n V\u0103n Kh\u00e1nh\",\"image\":{\"@type\":\"ImageObject\",\"inLanguage\":\"vi\",\"@id\":\"https:\/\/omanivietnam.com\/#\/schema\/person\/image\/\",\"url\":\"https:\/\/omanivietnam.com\/wp-content\/uploads\/2024\/06\/logo-1024x1024.png\",\"contentUrl\":\"https:\/\/omanivietnam.com\/wp-content\/uploads\/2024\/06\/logo-1024x1024.png\",\"width\":1024,\"height\":1024,\"caption\":\"Nguy\u1ec5n V\u0103n Kh\u00e1nh\"},\"logo\":{\"@id\":\"https:\/\/omanivietnam.com\/#\/schema\/person\/image\/\"},\"sameAs\":[\"https:\/\/omanivietnam.com\"]}]}<\/script>\n<!-- \/ Yoast SEO plugin. -->","yoast_head_json":{"title":"SIRCA AP35DA0BG2BIS - OMANI VI\u1ec6T NAM","description":"SIRCA AP35DA0BG2BIS Pneumatic actuator","robots":{"index":"index","follow":"follow","max-snippet":"max-snippet:-1","max-image-preview":"max-image-preview:large","max-video-preview":"max-video-preview:-1"},"canonical":"https:\/\/omanivietnam.com\/index.php\/san-pham\/sirca-ap35da0bg2bis\/","og_locale":"vi_VN","og_type":"article","og_title":"SIRCA AP35DA0BG2BIS - OMANI VI\u1ec6T NAM","og_description":"SIRCA AP35DA0BG2BIS Pneumatic actuator","og_url":"https:\/\/omanivietnam.com\/index.php\/san-pham\/sirca-ap35da0bg2bis\/","og_site_name":"OMANI VI\u1ec6T NAM","article_modified_time":"2025-05-27T10:20:38+00:00","og_image":[{"width":748,"height":527,"url":"https:\/\/omanivietnam.com\/wp-content\/uploads\/2025\/03\/AP35DA0BG2BIS.png","type":"image\/png"}],"twitter_card":"summary_large_image","twitter_misc":{"\u01af\u1edbc t\u00ednh th\u1eddi gian \u0111\u1ecdc":"2 ph\u00fat"},"schema":{"@context":"https:\/\/schema.org","@graph":[{"@type":"WebPage","@id":"https:\/\/omanivietnam.com\/index.php\/san-pham\/sirca-ap35da0bg2bis\/","url":"https:\/\/omanivietnam.com\/index.php\/san-pham\/sirca-ap35da0bg2bis\/","name":"SIRCA AP35DA0BG2BIS - OMANI VI\u1ec6T NAM","isPartOf":{"@id":"https:\/\/omanivietnam.com\/#website"},"primaryImageOfPage":{"@id":"https:\/\/omanivietnam.com\/index.php\/san-pham\/sirca-ap35da0bg2bis\/#primaryimage"},"image":{"@id":"https:\/\/omanivietnam.com\/index.php\/san-pham\/sirca-ap35da0bg2bis\/#primaryimage"},"thumbnailUrl":"https:\/\/omanivietnam.com\/wp-content\/uploads\/2025\/03\/AP35DA0BG2BIS.png","datePublished":"2025-03-28T14:59:55+00:00","dateModified":"2025-05-27T10:20:38+00:00","description":"SIRCA AP35DA0BG2BIS Pneumatic actuator","breadcrumb":{"@id":"https:\/\/omanivietnam.com\/index.php\/san-pham\/sirca-ap35da0bg2bis\/#breadcrumb"},"inLanguage":"vi","potentialAction":[{"@type":"ReadAction","target":["https:\/\/omanivietnam.com\/index.php\/san-pham\/sirca-ap35da0bg2bis\/"]}]},{"@type":"ImageObject","inLanguage":"vi","@id":"https:\/\/omanivietnam.com\/index.php\/san-pham\/sirca-ap35da0bg2bis\/#primaryimage","url":"https:\/\/omanivietnam.com\/wp-content\/uploads\/2025\/03\/AP35DA0BG2BIS.png","contentUrl":"https:\/\/omanivietnam.com\/wp-content\/uploads\/2025\/03\/AP35DA0BG2BIS.png","width":748,"height":527},{"@type":"BreadcrumbList","@id":"https:\/\/omanivietnam.com\/index.php\/san-pham\/sirca-ap35da0bg2bis\/#breadcrumb","itemListElement":[{"@type":"ListItem","position":1,"name":"Home","item":"https:\/\/omanivietnam.com\/"},{"@type":"ListItem","position":2,"name":"S\u1ea2N PH\u1ea8M","item":"https:\/\/omanivietnam.com\/index.php\/cua-hang\/"},{"@type":"ListItem","position":3,"name":"SIRCA AP35DA0BG2BIS"}]},{"@type":"WebSite","@id":"https:\/\/omanivietnam.com\/#website","url":"https:\/\/omanivietnam.com\/","name":"OMANI VI\u1ec6T NAM","description":"Nh\u00e0 ph\u00e2n ph\u1ed1i thi\u1ebft b\u1ecb kh\u00ed n\u00e9n v\u00e0 thi\u1ebft b\u1ecb t\u1ef1 \u0111\u1ed9ng h\u00f3a trong c\u00f4ng nghi\u1ec7p","publisher":{"@id":"https:\/\/omanivietnam.com\/#\/schema\/person\/0ad398a980dc3fd696111c2c5c8fa897"},"potentialAction":[{"@type":"SearchAction","target":{"@type":"EntryPoint","urlTemplate":"https:\/\/omanivietnam.com\/?s={search_term_string}"},"query-input":"required name=search_term_string"}],"inLanguage":"vi"},{"@type":["Person","Organization"],"@id":"https:\/\/omanivietnam.com\/#\/schema\/person\/0ad398a980dc3fd696111c2c5c8fa897","name":"Nguy\u1ec5n V\u0103n Kh\u00e1nh","image":{"@type":"ImageObject","inLanguage":"vi","@id":"https:\/\/omanivietnam.com\/#\/schema\/person\/image\/","url":"https:\/\/omanivietnam.com\/wp-content\/uploads\/2024\/06\/logo-1024x1024.png","contentUrl":"https:\/\/omanivietnam.com\/wp-content\/uploads\/2024\/06\/logo-1024x1024.png","width":1024,"height":1024,"caption":"Nguy\u1ec5n V\u0103n Kh\u00e1nh"},"logo":{"@id":"https:\/\/omanivietnam.com\/#\/schema\/person\/image\/"},"sameAs":["https:\/\/omanivietnam.com"]}]}},"_links":{"self":[{"href":"https:\/\/omanivietnam.com\/index.php\/wp-json\/wp\/v2\/product\/3443","targetHints":{"allow":["GET"]}}],"collection":[{"href":"https:\/\/omanivietnam.com\/index.php\/wp-json\/wp\/v2\/product"}],"about":[{"href":"https:\/\/omanivietnam.com\/index.php\/wp-json\/wp\/v2\/types\/product"}],"replies":[{"embeddable":true,"href":"https:\/\/omanivietnam.com\/index.php\/wp-json\/wp\/v2\/comments?post=3443"}],"wp:featuredmedia":[{"embeddable":true,"href":"https:\/\/omanivietnam.com\/index.php\/wp-json\/wp\/v2\/media\/3444"}],"wp:attachment":[{"href":"https:\/\/omanivietnam.com\/index.php\/wp-json\/wp\/v2\/media?parent=3443"}],"wp:term":[{"taxonomy":"product_cat","embeddable":true,"href":"https:\/\/omanivietnam.com\/index.php\/wp-json\/wp\/v2\/product_cat?post=3443"},{"taxonomy":"product_tag","embeddable":true,"href":"https:\/\/omanivietnam.com\/index.php\/wp-json\/wp\/v2\/product_tag?post=3443"}],"curies":[{"name":"wp","href":"https:\/\/api.w.org\/{rel}","templated":true}]}}