{"id":3445,"date":"2025-03-28T22:24:57","date_gmt":"2025-03-28T15:24:57","guid":{"rendered":"https:\/\/omanivietnam.com\/?post_type=product&#038;p=3445"},"modified":"2025-03-28T22:24:58","modified_gmt":"2025-03-28T15:24:58","slug":"servotronic-ag102550f880200","status":"publish","type":"product","link":"https:\/\/omanivietnam.com\/index.php\/san-pham\/servotronic-ag102550f880200\/","title":{"rendered":"SERVOTRONIC AG\t102550F880200"},"content":{"rendered":"<p>SERVOTRONIC AG 102550F880200 TYPE T56.TR.0,9.E.L.02.002.A.06.60.104<\/p>\n<p><span style=\"font-family: Comic Sans MS;font-size: large\">Motor Power servo motor.\u00a0<\/span><\/p>\n<div>\n<ul>\n<li><span style=\"font-family: Comic Sans MS;font-size: large\">102550F880200<\/span><\/li>\n<li><span style=\"font-family: Comic Sans MS;font-size: large\">T56.TR.0,9.E.L.02.002.A.06.60.104<\/span><\/li>\n<li><span style=\"font-family: Comic Sans MS;font-size: large\">5000RPM @ 60VDC<\/span><\/li>\n<\/ul>\n<ul id=\"product-description-table\" data-tab=\"\">\n<li id=\"bp-listing-description\" class=\"\" data-gtm-vis-recent-on-screen43223403_126=\"1532\" data-gtm-vis-first-on-screen43223403_126=\"1532\" data-gtm-vis-total-visible-time43223403_126=\"100\" data-gtm-vis-has-fired43223403_126=\"1\"><strong>Product Specifications<\/strong><\/li>\n<li>102550F880200<\/li>\n<li>ANTRIMON MOTION<\/li>\n<li>SERVO MOTOR<\/li>\n<li>5000 RPM 71 VAC\/8.5VRMS\/KRPM<\/li>\n<li>IP65<\/li>\n<\/ul>\n<\/div>\n","protected":false},"excerpt":{"rendered":"<p>SERVOTRONIC AG 102550F880200 TYPE T56.TR.0,9.E.L.02.002.A.06.60.104 Motor Power servo motor.\u00a0 102550F880200 T56.TR.0,9.E.L.02.002.A.06.60.104 5000RPM @ 60VDC Product Specifications 102550F880200 ANTRIMON MOTION SERVO MOTOR 5000 RPM 71 VAC\/8.5VRMS\/KRPM IP65<\/p>\n","protected":false},"featured_media":3446,"comment_status":"open","ping_status":"closed","template":"","meta":[],"product_cat":[667],"product_tag":[669,120,670,668],"class_list":{"0":"post-3445","1":"product","2":"type-product","3":"status-publish","4":"has-post-thumbnail","6":"product_cat-servotronic-ag","7":"product_tag-dai-ly-servotronic-ag-viet-nam","8":"product_tag-dong-co","9":"product_tag-servo-motor","10":"product_tag-servotronic-ag-viet-nam","12":"first","13":"instock","14":"shipping-taxable","15":"product-type-simple"},"yoast_head":"<!-- This site is optimized with the Yoast SEO plugin v22.8 - https:\/\/yoast.com\/wordpress\/plugins\/seo\/ -->\n<title>SERVOTRONIC AG 102550F880200 - OMANI VI\u1ec6T NAM<\/title>\n<meta name=\"description\" content=\"SERVOTRONIC AG 102550F880200 Motor Power servo motor\" \/>\n<meta name=\"robots\" content=\"index, follow, max-snippet:-1, max-image-preview:large, max-video-preview:-1\" \/>\n<link rel=\"canonical\" href=\"https:\/\/omanivietnam.com\/index.php\/san-pham\/servotronic-ag102550f880200\/\" \/>\n<meta property=\"og:locale\" content=\"vi_VN\" \/>\n<meta property=\"og:type\" content=\"article\" \/>\n<meta property=\"og:title\" content=\"SERVOTRONIC AG 102550F880200 - OMANI VI\u1ec6T NAM\" \/>\n<meta property=\"og:description\" content=\"SERVOTRONIC AG 102550F880200 Motor Power servo motor\" \/>\n<meta property=\"og:url\" content=\"https:\/\/omanivietnam.com\/index.php\/san-pham\/servotronic-ag102550f880200\/\" \/>\n<meta property=\"og:site_name\" content=\"OMANI VI\u1ec6T NAM\" \/>\n<meta property=\"article:modified_time\" content=\"2025-03-28T15:24:58+00:00\" \/>\n<meta property=\"og:image\" content=\"https:\/\/omanivietnam.com\/wp-content\/uploads\/2025\/03\/102550F880200.png\" \/>\n\t<meta property=\"og:image:width\" content=\"1173\" \/>\n\t<meta property=\"og:image:height\" content=\"643\" \/>\n\t<meta property=\"og:image:type\" content=\"image\/png\" \/>\n<meta name=\"twitter:card\" content=\"summary_large_image\" \/>\n<meta name=\"twitter:label1\" content=\"\u01af\u1edbc t\u00ednh th\u1eddi gian \u0111\u1ecdc\" \/>\n\t<meta name=\"twitter:data1\" content=\"1 ph\u00fat\" \/>\n<script type=\"application\/ld+json\" class=\"yoast-schema-graph\">{\"@context\":\"https:\/\/schema.org\",\"@graph\":[{\"@type\":\"WebPage\",\"@id\":\"https:\/\/omanivietnam.com\/index.php\/san-pham\/servotronic-ag102550f880200\/\",\"url\":\"https:\/\/omanivietnam.com\/index.php\/san-pham\/servotronic-ag102550f880200\/\",\"name\":\"SERVOTRONIC AG 102550F880200 - OMANI VI\u1ec6T NAM\",\"isPartOf\":{\"@id\":\"https:\/\/omanivietnam.com\/#website\"},\"primaryImageOfPage\":{\"@id\":\"https:\/\/omanivietnam.com\/index.php\/san-pham\/servotronic-ag102550f880200\/#primaryimage\"},\"image\":{\"@id\":\"https:\/\/omanivietnam.com\/index.php\/san-pham\/servotronic-ag102550f880200\/#primaryimage\"},\"thumbnailUrl\":\"https:\/\/omanivietnam.com\/wp-content\/uploads\/2025\/03\/102550F880200.png\",\"datePublished\":\"2025-03-28T15:24:57+00:00\",\"dateModified\":\"2025-03-28T15:24:58+00:00\",\"description\":\"SERVOTRONIC AG 102550F880200 Motor Power servo motor\",\"breadcrumb\":{\"@id\":\"https:\/\/omanivietnam.com\/index.php\/san-pham\/servotronic-ag102550f880200\/#breadcrumb\"},\"inLanguage\":\"vi\",\"potentialAction\":[{\"@type\":\"ReadAction\",\"target\":[\"https:\/\/omanivietnam.com\/index.php\/san-pham\/servotronic-ag102550f880200\/\"]}]},{\"@type\":\"ImageObject\",\"inLanguage\":\"vi\",\"@id\":\"https:\/\/omanivietnam.com\/index.php\/san-pham\/servotronic-ag102550f880200\/#primaryimage\",\"url\":\"https:\/\/omanivietnam.com\/wp-content\/uploads\/2025\/03\/102550F880200.png\",\"contentUrl\":\"https:\/\/omanivietnam.com\/wp-content\/uploads\/2025\/03\/102550F880200.png\",\"width\":1173,\"height\":643},{\"@type\":\"BreadcrumbList\",\"@id\":\"https:\/\/omanivietnam.com\/index.php\/san-pham\/servotronic-ag102550f880200\/#breadcrumb\",\"itemListElement\":[{\"@type\":\"ListItem\",\"position\":1,\"name\":\"Home\",\"item\":\"https:\/\/omanivietnam.com\/\"},{\"@type\":\"ListItem\",\"position\":2,\"name\":\"S\u1ea2N PH\u1ea8M\",\"item\":\"https:\/\/omanivietnam.com\/index.php\/cua-hang\/\"},{\"@type\":\"ListItem\",\"position\":3,\"name\":\"SERVOTRONIC AG 102550F880200\"}]},{\"@type\":\"WebSite\",\"@id\":\"https:\/\/omanivietnam.com\/#website\",\"url\":\"https:\/\/omanivietnam.com\/\",\"name\":\"OMANI VI\u1ec6T NAM\",\"description\":\"Nh\u00e0 ph\u00e2n ph\u1ed1i thi\u1ebft b\u1ecb kh\u00ed n\u00e9n v\u00e0 thi\u1ebft b\u1ecb t\u1ef1 \u0111\u1ed9ng h\u00f3a trong c\u00f4ng nghi\u1ec7p\",\"publisher\":{\"@id\":\"https:\/\/omanivietnam.com\/#\/schema\/person\/0ad398a980dc3fd696111c2c5c8fa897\"},\"potentialAction\":[{\"@type\":\"SearchAction\",\"target\":{\"@type\":\"EntryPoint\",\"urlTemplate\":\"https:\/\/omanivietnam.com\/?s={search_term_string}\"},\"query-input\":\"required name=search_term_string\"}],\"inLanguage\":\"vi\"},{\"@type\":[\"Person\",\"Organization\"],\"@id\":\"https:\/\/omanivietnam.com\/#\/schema\/person\/0ad398a980dc3fd696111c2c5c8fa897\",\"name\":\"Nguy\u1ec5n V\u0103n Kh\u00e1nh\",\"image\":{\"@type\":\"ImageObject\",\"inLanguage\":\"vi\",\"@id\":\"https:\/\/omanivietnam.com\/#\/schema\/person\/image\/\",\"url\":\"https:\/\/omanivietnam.com\/wp-content\/uploads\/2024\/06\/logo-1024x1024.png\",\"contentUrl\":\"https:\/\/omanivietnam.com\/wp-content\/uploads\/2024\/06\/logo-1024x1024.png\",\"width\":1024,\"height\":1024,\"caption\":\"Nguy\u1ec5n V\u0103n Kh\u00e1nh\"},\"logo\":{\"@id\":\"https:\/\/omanivietnam.com\/#\/schema\/person\/image\/\"},\"sameAs\":[\"https:\/\/omanivietnam.com\"]}]}<\/script>\n<!-- \/ Yoast SEO plugin. -->","yoast_head_json":{"title":"SERVOTRONIC AG 102550F880200 - OMANI VI\u1ec6T NAM","description":"SERVOTRONIC AG 102550F880200 Motor Power servo motor","robots":{"index":"index","follow":"follow","max-snippet":"max-snippet:-1","max-image-preview":"max-image-preview:large","max-video-preview":"max-video-preview:-1"},"canonical":"https:\/\/omanivietnam.com\/index.php\/san-pham\/servotronic-ag102550f880200\/","og_locale":"vi_VN","og_type":"article","og_title":"SERVOTRONIC AG 102550F880200 - OMANI VI\u1ec6T NAM","og_description":"SERVOTRONIC AG 102550F880200 Motor Power servo motor","og_url":"https:\/\/omanivietnam.com\/index.php\/san-pham\/servotronic-ag102550f880200\/","og_site_name":"OMANI VI\u1ec6T NAM","article_modified_time":"2025-03-28T15:24:58+00:00","og_image":[{"width":1173,"height":643,"url":"https:\/\/omanivietnam.com\/wp-content\/uploads\/2025\/03\/102550F880200.png","type":"image\/png"}],"twitter_card":"summary_large_image","twitter_misc":{"\u01af\u1edbc t\u00ednh th\u1eddi gian \u0111\u1ecdc":"1 ph\u00fat"},"schema":{"@context":"https:\/\/schema.org","@graph":[{"@type":"WebPage","@id":"https:\/\/omanivietnam.com\/index.php\/san-pham\/servotronic-ag102550f880200\/","url":"https:\/\/omanivietnam.com\/index.php\/san-pham\/servotronic-ag102550f880200\/","name":"SERVOTRONIC AG 102550F880200 - OMANI VI\u1ec6T NAM","isPartOf":{"@id":"https:\/\/omanivietnam.com\/#website"},"primaryImageOfPage":{"@id":"https:\/\/omanivietnam.com\/index.php\/san-pham\/servotronic-ag102550f880200\/#primaryimage"},"image":{"@id":"https:\/\/omanivietnam.com\/index.php\/san-pham\/servotronic-ag102550f880200\/#primaryimage"},"thumbnailUrl":"https:\/\/omanivietnam.com\/wp-content\/uploads\/2025\/03\/102550F880200.png","datePublished":"2025-03-28T15:24:57+00:00","dateModified":"2025-03-28T15:24:58+00:00","description":"SERVOTRONIC AG 102550F880200 Motor Power servo motor","breadcrumb":{"@id":"https:\/\/omanivietnam.com\/index.php\/san-pham\/servotronic-ag102550f880200\/#breadcrumb"},"inLanguage":"vi","potentialAction":[{"@type":"ReadAction","target":["https:\/\/omanivietnam.com\/index.php\/san-pham\/servotronic-ag102550f880200\/"]}]},{"@type":"ImageObject","inLanguage":"vi","@id":"https:\/\/omanivietnam.com\/index.php\/san-pham\/servotronic-ag102550f880200\/#primaryimage","url":"https:\/\/omanivietnam.com\/wp-content\/uploads\/2025\/03\/102550F880200.png","contentUrl":"https:\/\/omanivietnam.com\/wp-content\/uploads\/2025\/03\/102550F880200.png","width":1173,"height":643},{"@type":"BreadcrumbList","@id":"https:\/\/omanivietnam.com\/index.php\/san-pham\/servotronic-ag102550f880200\/#breadcrumb","itemListElement":[{"@type":"ListItem","position":1,"name":"Home","item":"https:\/\/omanivietnam.com\/"},{"@type":"ListItem","position":2,"name":"S\u1ea2N PH\u1ea8M","item":"https:\/\/omanivietnam.com\/index.php\/cua-hang\/"},{"@type":"ListItem","position":3,"name":"SERVOTRONIC AG 102550F880200"}]},{"@type":"WebSite","@id":"https:\/\/omanivietnam.com\/#website","url":"https:\/\/omanivietnam.com\/","name":"OMANI VI\u1ec6T NAM","description":"Nh\u00e0 ph\u00e2n ph\u1ed1i thi\u1ebft b\u1ecb kh\u00ed n\u00e9n v\u00e0 thi\u1ebft b\u1ecb t\u1ef1 \u0111\u1ed9ng h\u00f3a trong c\u00f4ng nghi\u1ec7p","publisher":{"@id":"https:\/\/omanivietnam.com\/#\/schema\/person\/0ad398a980dc3fd696111c2c5c8fa897"},"potentialAction":[{"@type":"SearchAction","target":{"@type":"EntryPoint","urlTemplate":"https:\/\/omanivietnam.com\/?s={search_term_string}"},"query-input":"required name=search_term_string"}],"inLanguage":"vi"},{"@type":["Person","Organization"],"@id":"https:\/\/omanivietnam.com\/#\/schema\/person\/0ad398a980dc3fd696111c2c5c8fa897","name":"Nguy\u1ec5n V\u0103n Kh\u00e1nh","image":{"@type":"ImageObject","inLanguage":"vi","@id":"https:\/\/omanivietnam.com\/#\/schema\/person\/image\/","url":"https:\/\/omanivietnam.com\/wp-content\/uploads\/2024\/06\/logo-1024x1024.png","contentUrl":"https:\/\/omanivietnam.com\/wp-content\/uploads\/2024\/06\/logo-1024x1024.png","width":1024,"height":1024,"caption":"Nguy\u1ec5n V\u0103n Kh\u00e1nh"},"logo":{"@id":"https:\/\/omanivietnam.com\/#\/schema\/person\/image\/"},"sameAs":["https:\/\/omanivietnam.com"]}]}},"_links":{"self":[{"href":"https:\/\/omanivietnam.com\/index.php\/wp-json\/wp\/v2\/product\/3445","targetHints":{"allow":["GET"]}}],"collection":[{"href":"https:\/\/omanivietnam.com\/index.php\/wp-json\/wp\/v2\/product"}],"about":[{"href":"https:\/\/omanivietnam.com\/index.php\/wp-json\/wp\/v2\/types\/product"}],"replies":[{"embeddable":true,"href":"https:\/\/omanivietnam.com\/index.php\/wp-json\/wp\/v2\/comments?post=3445"}],"wp:featuredmedia":[{"embeddable":true,"href":"https:\/\/omanivietnam.com\/index.php\/wp-json\/wp\/v2\/media\/3446"}],"wp:attachment":[{"href":"https:\/\/omanivietnam.com\/index.php\/wp-json\/wp\/v2\/media?parent=3445"}],"wp:term":[{"taxonomy":"product_cat","embeddable":true,"href":"https:\/\/omanivietnam.com\/index.php\/wp-json\/wp\/v2\/product_cat?post=3445"},{"taxonomy":"product_tag","embeddable":true,"href":"https:\/\/omanivietnam.com\/index.php\/wp-json\/wp\/v2\/product_tag?post=3445"}],"curies":[{"name":"wp","href":"https:\/\/api.w.org\/{rel}","templated":true}]}}