{"id":3453,"date":"2025-03-30T14:36:07","date_gmt":"2025-03-30T07:36:07","guid":{"rendered":"https:\/\/omanivietnam.com\/?post_type=product&#038;p=3453"},"modified":"2025-03-30T14:36:07","modified_gmt":"2025-03-30T07:36:07","slug":"selec-mfm383a","status":"publish","type":"product","link":"https:\/\/omanivietnam.com\/index.php\/san-pham\/selec-mfm383a\/","title":{"rendered":"SELEC MFM383A"},"content":{"rendered":"<p>SELEC MFM383A<\/p>\n<p>\u2013 \u0110\u1ed3ng h\u1ed3 \u0111o: V, A. Hz, Pf, kW, kVA, kVAr v\u00e0 \u0111o kWh, KVAh, KVArh<br \/>\n\u2013 Hi\u1ec3n th\u1ecb 3 h\u00e0ng, 4 s\u1ed1, d\u1ea1ng LCD<br \/>\n\u2013 H\u00e0ng th\u1ee9 4: 8 s\u1ed1 (d\u00e0nh cho \u0111i\u1ec7n n\u0103ng)<br \/>\n\u2013 C\u00e0i \u0111\u1eb7t h\u1ec7 s\u1ed1 CT: 1A \/ 5A \u2013 10.000A<br \/>\n\u2013 M\u1ea1ng k\u1ebft n\u1ed1i: 3 pha \u2013 4 d\u00e2y, 3 pha \u2013 3 d\u00e2y, 2 pha \u2013 3d\u00e2y &amp; 1 pha \u2013 2 d\u00e2y<br \/>\n\u2013 Ng\u00f5 ra: xung \u00e1p 24VDC \/ d\u00f2ng 100mA<br \/>\n\u2013 \u0110\u1ed9 ch\u00ednh x\u00e1c: c\u1ea5p 1 (d\u00e0nh cho \u0111i\u1ec7n n\u0103ng)<br \/>\n\u2013 C\u00e0i \u0111\u1eb7t h\u1ec7 s\u1ed1 PT S\u01a1 c\u1ea5p: 100V \u2013 10 KV<br \/>\n\u2013 C\u00e0i \u0111\u1eb7t h\u1ec7 s\u1ed1 PT Th\u1ee9 c\u1ea5p: 100 \u2013 500V AC (L-L)<br \/>\n\u2013 C\u00f3 password b\u1ea3o v\u1ec7<br \/>\n\u2013 Ngu\u1ed3n c\u1ea5p: 85 \u2013 270V AC<\/p>\n<div class=\"prd-block_title-wrap\">\n<p class=\"prd-block_title\">Economical LCD Multifunction meter<\/p>\n<div class=\"prd-block__labels\"><\/div>\n<div class=\"product-sku\">Product:\u00a0<span class=\"\">MFM383A<\/span><\/div>\n<\/div>\n<div class=\"prd-block_info-top\"><\/div>\n<div class=\"prd-block_description topline\">\n<ul>\n<li><i class=\"fa fa-circle\" aria-hidden=\"true\"><\/i>Compatible for 1 phase 2 wire, 3 phase 3 wire, 3 phase 4 wire systems<\/li>\n<li><i class=\"fa fa-circle\" aria-hidden=\"true\"><\/i>11 to 300V (L-N), 19 to 519V (L-L) measurement<\/li>\n<li><i class=\"fa fa-circle\" aria-hidden=\"true\"><\/i>RS485 Communication MODBUS RTU (MFM383A-C-CE)<\/li>\n<li><i class=\"fa fa-circle\" aria-hidden=\"true\"><\/i>Accuracy of \u00b1 0.5% for voltage &amp; current, 0.1% for Frequency, 0.01% for PF, 1% for Power, Class 1 for Active,reactive &amp; Apparent energy<\/li>\n<li><i class=\"fa fa-circle\" aria-hidden=\"true\"><\/i>CE RoHS certified<\/li>\n<\/ul>\n<h2 class=\"subHeading\">Specifications<\/h2>\n<div class=\"table-responsive\">\n<table class=\"table table-bordered table-striped\">\n<tbody>\n<tr class=\"odd\">\n<td class=\"a-left\">Display Type<\/td>\n<td class=\"a-left\">LCD with Backlight<\/td>\n<\/tr>\n<tr class=\"even\">\n<td class=\"a-left\">Display Configuration<\/td>\n<td class=\"a-left\">3 Rows of 4 Digits, 1 Row of 7 \u00bd Digits<\/td>\n<\/tr>\n<tr class=\"odd\">\n<td class=\"a-left\">Electrical Connection<\/td>\n<td class=\"a-left\">3\u00d8 &#8211; 3W, 3\u00d8 &#8211; 4W, 2\u00d8 &#8211; 3W, 1\u00d8 &#8211; 2W<\/td>\n<\/tr>\n<tr class=\"even\">\n<td class=\"a-left\">Type of Output<\/td>\n<td class=\"a-left\">Pulse Output<\/td>\n<\/tr>\n<tr class=\"odd\">\n<td class=\"a-left\">Features<\/td>\n<td class=\"a-left\">Password Protection, Energy (Active \/ Reactive \/ Apparent)<\/td>\n<\/tr>\n<tr class=\"even\">\n<td class=\"a-left\">Communication Protocol<\/td>\n<td class=\"a-left\">RS485 and MODBUS RTU<\/td>\n<\/tr>\n<tr class=\"odd\">\n<td class=\"a-left\">CT Primary<\/td>\n<td class=\"a-left\">1 \/ 5A to 10kA (Programmable for Any Value)<\/td>\n<\/tr>\n<tr class=\"even\">\n<td class=\"a-left\">CT Secondary<\/td>\n<td class=\"a-left\">1 \/ 5A (Programmable)<\/td>\n<\/tr>\n<tr class=\"odd\">\n<td class=\"a-left\">PT Primary<\/td>\n<td class=\"a-left\">100V to 10kV (Programmable for Any Value)<\/td>\n<\/tr>\n<tr class=\"even\">\n<td class=\"a-left\">PT Secondary<\/td>\n<td class=\"a-left\">100V to 500V AC (L \u2013 L) (Programmable for Any Value)<\/td>\n<\/tr>\n<tr class=\"odd\">\n<td class=\"a-left\">Rated Input Current<\/td>\n<td class=\"a-left\">Nominal 5A AC (Min &#8211; 11mA Max &#8211; 6A)<\/td>\n<\/tr>\n<tr class=\"even\">\n<td class=\"a-left\">Supply Voltage<\/td>\n<td class=\"a-left\">85 to 270V AC (45\/65 Hz)<\/td>\n<\/tr>\n<tr class=\"odd\">\n<td class=\"a-left\">Size<\/td>\n<td class=\"a-left\">96 x 96mm<\/td>\n<\/tr>\n<tr class=\"even\">\n<td class=\"a-left\">Mounting Type<\/td>\n<td class=\"a-left\">Panel Mount<\/td>\n<\/tr>\n<tr class=\"odd\">\n<td class=\"a-left\">Certification<\/td>\n<td class=\"a-left\">CE RoHS<\/td>\n<\/tr>\n<\/tbody>\n<\/table>\n<\/div>\n<\/div>\n<p>C\u00e1c m\u00e3 h\u00e0ng t\u01b0\u01a1ng t\u1ef1:<\/p>\n<p>\u0110\u1ed3ng h\u1ed3 \u0111o \u0111i\u1ec7n \u0111a n\u0103ng Selec MFM383A 96x96mm<\/p>\n<p>\u0110\u1ed3ng h\u1ed3 \u0111o Ampe Selec MA302 96x96mm<\/p>\n<p>\u0110\u1ed3ng h\u1ed3 \u0111o \u0111\u00f2ng \u0111i\u1ec7n Selec MA12 96x48mm<\/p>\n<div class=\"chat-item flx  chat-item-audit chat-item-spacing --s1 \">\n<div class=\"chat-content flx flx-col flx-cell chat-content-audit\">\n<div id=\"bb_msg_id_1743318845683\" class=\"chat-message chat-message-v2 wrap-message rotate-container -send-time -reaction\" data-component=\"bubble-message\">\n<div class=\"message-wrapper\">\n<div class=\"message-content-wrapper\">\n<div class=\"message-content-render focused-background\">\n<div class=\"floating-menu-wrapper floating-menu-wrapper--other\">\n<div>\u0110\u1ed3ng h\u1ed3 \u0111o d\u00f2ng Selec MA202 72x72mm<\/div>\n<div>\u0110\u1ed3ng h\u1ed3 \u0111o \u0111i\u1ec7n \u0111a n\u0103ng Selec EM2M-1P-C-100A-CE 90x35mm<\/div>\n<div>\u0110\u1ed3ng h\u1ed3 \u0111o \u0111i\u1ec7n \u0111a n\u0103ng Selec MFM383A-C 96x96mm<\/div>\n<div>\u0110\u1ed3ng h\u1ed3 \u0111o \u0111i\u1ec7n \u0111a n\u0103ng Selec MFM384-R-C (g\u1eafn thanh ray)<\/div>\n<div>\u0110\u1ed3ng h\u1ed3 \u0111o \u0111a n\u0103ng Selec VAF36A 96x96mm<\/div>\n<div>\u0110\u1ed3ng h\u1ed3 \u0111o t\u1ea7n s\u1ed1 Selec MF16 96x48mm<\/div>\n<div>\u0110\u1ed3ng h\u1ed3 \u0111o \u0111i\u1ec7n \u00e1p Selec MV305 96x96mm<\/div>\n<div>\u0110\u1ed3ng h\u1ed3 \u0111o \u0111i\u1ec7n \u00e1p Selec MV15 96x48mm<\/div>\n<div>\u0110\u1ed3ng h\u1ed3 \u0111o \u0111i\u1ec7n \u00e1p Selec MV205 72x72mm<\/div>\n<div>\u0110\u1ed3ng h\u1ed3 \u0111o \u0111i\u1ec7n \u0111a n\u0103ng Selec MFM384-C 96x96mm<\/div>\n<div>\u0110\u00f4ng h\u1ed3 \u0111o \u0111i\u1ec7n \u00e1p Selec MV334 96x96mm<\/div>\n<div>\u0110\u1ed3ng h\u1ed3 \u0111o \u0111i\u1ec7n Selec EM306 96x96mm<\/div>\n<div>\u0110\u1ed3ng h\u1ed3 \u0111o d\u00f2ng Selec MA335 96x96mm<\/div>\n<div>\u0110\u1ed3ng h\u1ed3 \u0111o d\u00f2ng \u0111i\u1ec7n Selec MA501 48x48mm<\/div>\n<div>\u0110\u1ed3ng h\u1ed3 \u0111o d\u00f2ng Selec AM-I-3-100\/5A 96x96mm<\/div>\n<div>\u0110\u1ed3ng h\u1ed3 \u0111o \u0111i\u1ec7n \u0111a n\u0103ng Selec EM368-C 96x96mm<\/div>\n<div>\u0110\u1ed3ng h\u1ed3 \u0111o \u0111a n\u0103ng Selec VAF39A 96x96mm<\/div>\n<div>\u0110\u1ed3ng h\u1ed3 \u0111o \u0111i\u1ec7n \u0111a n\u0103ng Selec MFM384 96x96mm<\/div>\n<div>\u0110\u1ed3ng h\u1ed3 \u0111o \u0111i\u1ec7n \u0111a n\u0103ng Selec EM4M-3P-C-100A<\/div>\n<\/div>\n<\/div>\n<div class=\"message-reaction-v2-space\"><\/div>\n<\/div>\n<\/div>\n<\/div>\n<\/div>\n<\/div>\n<div class=\"chat-item flx  chat-item-audit chat-item-spacing --s1 \">\n<div class=\"chat-content flx flx-col flx-cell chat-content-audit\">\n<div id=\"bb_msg_id_1743318865335\" class=\"chat-message chat-message-v2 wrap-message rotate-container -send-time -reaction\" data-component=\"bubble-message\">\n<div class=\"message-wrapper\">\n<div class=\"message-content-wrapper\">\n<div class=\"message-content-render focused-background\">\n<div class=\" card shadow-bubble message-frame focused-item focused-item--has-border\" data-component=\"message-content-view\" data-qid=\"6456442074807@1743318865335_7398340227356625861_7398340227356625861\">\n<div class=\"\" data-id=\"div_DisabledTargetEventLayer\">\n<div class=\"message-action\">\n<div id=\"text-mCntr_6456442074807-1743318865335-7398340227356625861-7398340227356625861\" class=\"text-message__container\" data-id=\"div_ReceivedMsg_Text\">\n<div><\/div>\n<\/div>\n<\/div>\n<\/div>\n<\/div>\n<\/div>\n<\/div>\n<\/div>\n<\/div>\n<\/div>\n<\/div>\n","protected":false},"excerpt":{"rendered":"<p>SELEC MFM383A \u2013 \u0110\u1ed3ng h\u1ed3 \u0111o: V, A. Hz, Pf, kW, kVA, kVAr v\u00e0 \u0111o kWh, KVAh, KVArh \u2013 Hi\u1ec3n th\u1ecb 3 h\u00e0ng, 4 s\u1ed1, d\u1ea1ng LCD \u2013 H\u00e0ng th\u1ee9 4: 8 s\u1ed1 (d\u00e0nh cho \u0111i\u1ec7n n\u0103ng) \u2013 C\u00e0i \u0111\u1eb7t h\u1ec7 s\u1ed1 CT: 1A \/ 5A \u2013 10.000A \u2013 M\u1ea1ng&hellip; <\/p>\n","protected":false},"featured_media":3454,"comment_status":"open","ping_status":"closed","template":"","meta":[],"product_cat":[679],"product_tag":[681,512,680],"class_list":{"0":"post-3453","1":"product","2":"type-product","3":"status-publish","4":"has-post-thumbnail","6":"product_cat-selec","7":"product_tag-dai-ly-selec-viet-nam","8":"product_tag-dong-ho","9":"product_tag-selec-viet-nam","11":"first","12":"instock","13":"shipping-taxable","14":"product-type-simple"},"yoast_head":"<!-- This site is optimized with the Yoast SEO plugin v22.8 - https:\/\/yoast.com\/wordpress\/plugins\/seo\/ -->\n<title>SELEC MFM383A - OMANI VI\u1ec6T NAM<\/title>\n<meta name=\"description\" content=\"SELEC MFM383A Multifunction Meter\" \/>\n<meta name=\"robots\" content=\"index, follow, max-snippet:-1, max-image-preview:large, max-video-preview:-1\" \/>\n<link rel=\"canonical\" href=\"https:\/\/omanivietnam.com\/index.php\/san-pham\/selec-mfm383a\/\" \/>\n<meta property=\"og:locale\" content=\"vi_VN\" \/>\n<meta property=\"og:type\" content=\"article\" \/>\n<meta property=\"og:title\" content=\"SELEC MFM383A - OMANI VI\u1ec6T NAM\" \/>\n<meta property=\"og:description\" content=\"SELEC MFM383A Multifunction Meter\" \/>\n<meta property=\"og:url\" content=\"https:\/\/omanivietnam.com\/index.php\/san-pham\/selec-mfm383a\/\" \/>\n<meta property=\"og:site_name\" content=\"OMANI VI\u1ec6T NAM\" \/>\n<meta property=\"og:image\" content=\"https:\/\/omanivietnam.com\/wp-content\/uploads\/2025\/03\/MFM383A.png\" \/>\n\t<meta property=\"og:image:width\" content=\"875\" \/>\n\t<meta property=\"og:image:height\" content=\"731\" \/>\n\t<meta property=\"og:image:type\" content=\"image\/png\" \/>\n<meta name=\"twitter:card\" content=\"summary_large_image\" \/>\n<meta name=\"twitter:label1\" content=\"\u01af\u1edbc t\u00ednh th\u1eddi gian \u0111\u1ecdc\" \/>\n\t<meta name=\"twitter:data1\" content=\"3 ph\u00fat\" \/>\n<script type=\"application\/ld+json\" class=\"yoast-schema-graph\">{\"@context\":\"https:\/\/schema.org\",\"@graph\":[{\"@type\":\"WebPage\",\"@id\":\"https:\/\/omanivietnam.com\/index.php\/san-pham\/selec-mfm383a\/\",\"url\":\"https:\/\/omanivietnam.com\/index.php\/san-pham\/selec-mfm383a\/\",\"name\":\"SELEC MFM383A - OMANI VI\u1ec6T NAM\",\"isPartOf\":{\"@id\":\"https:\/\/omanivietnam.com\/#website\"},\"primaryImageOfPage\":{\"@id\":\"https:\/\/omanivietnam.com\/index.php\/san-pham\/selec-mfm383a\/#primaryimage\"},\"image\":{\"@id\":\"https:\/\/omanivietnam.com\/index.php\/san-pham\/selec-mfm383a\/#primaryimage\"},\"thumbnailUrl\":\"https:\/\/omanivietnam.com\/wp-content\/uploads\/2025\/03\/MFM383A.png\",\"datePublished\":\"2025-03-30T07:36:07+00:00\",\"dateModified\":\"2025-03-30T07:36:07+00:00\",\"description\":\"SELEC MFM383A Multifunction Meter\",\"breadcrumb\":{\"@id\":\"https:\/\/omanivietnam.com\/index.php\/san-pham\/selec-mfm383a\/#breadcrumb\"},\"inLanguage\":\"vi\",\"potentialAction\":[{\"@type\":\"ReadAction\",\"target\":[\"https:\/\/omanivietnam.com\/index.php\/san-pham\/selec-mfm383a\/\"]}]},{\"@type\":\"ImageObject\",\"inLanguage\":\"vi\",\"@id\":\"https:\/\/omanivietnam.com\/index.php\/san-pham\/selec-mfm383a\/#primaryimage\",\"url\":\"https:\/\/omanivietnam.com\/wp-content\/uploads\/2025\/03\/MFM383A.png\",\"contentUrl\":\"https:\/\/omanivietnam.com\/wp-content\/uploads\/2025\/03\/MFM383A.png\",\"width\":875,\"height\":731},{\"@type\":\"BreadcrumbList\",\"@id\":\"https:\/\/omanivietnam.com\/index.php\/san-pham\/selec-mfm383a\/#breadcrumb\",\"itemListElement\":[{\"@type\":\"ListItem\",\"position\":1,\"name\":\"Home\",\"item\":\"https:\/\/omanivietnam.com\/\"},{\"@type\":\"ListItem\",\"position\":2,\"name\":\"S\u1ea2N PH\u1ea8M\",\"item\":\"https:\/\/omanivietnam.com\/index.php\/cua-hang\/\"},{\"@type\":\"ListItem\",\"position\":3,\"name\":\"SELEC MFM383A\"}]},{\"@type\":\"WebSite\",\"@id\":\"https:\/\/omanivietnam.com\/#website\",\"url\":\"https:\/\/omanivietnam.com\/\",\"name\":\"OMANI VI\u1ec6T NAM\",\"description\":\"Nh\u00e0 ph\u00e2n ph\u1ed1i thi\u1ebft b\u1ecb kh\u00ed n\u00e9n v\u00e0 thi\u1ebft b\u1ecb t\u1ef1 \u0111\u1ed9ng h\u00f3a trong c\u00f4ng nghi\u1ec7p\",\"publisher\":{\"@id\":\"https:\/\/omanivietnam.com\/#\/schema\/person\/0ad398a980dc3fd696111c2c5c8fa897\"},\"potentialAction\":[{\"@type\":\"SearchAction\",\"target\":{\"@type\":\"EntryPoint\",\"urlTemplate\":\"https:\/\/omanivietnam.com\/?s={search_term_string}\"},\"query-input\":\"required name=search_term_string\"}],\"inLanguage\":\"vi\"},{\"@type\":[\"Person\",\"Organization\"],\"@id\":\"https:\/\/omanivietnam.com\/#\/schema\/person\/0ad398a980dc3fd696111c2c5c8fa897\",\"name\":\"Nguy\u1ec5n V\u0103n Kh\u00e1nh\",\"image\":{\"@type\":\"ImageObject\",\"inLanguage\":\"vi\",\"@id\":\"https:\/\/omanivietnam.com\/#\/schema\/person\/image\/\",\"url\":\"https:\/\/omanivietnam.com\/wp-content\/uploads\/2024\/06\/logo-1024x1024.png\",\"contentUrl\":\"https:\/\/omanivietnam.com\/wp-content\/uploads\/2024\/06\/logo-1024x1024.png\",\"width\":1024,\"height\":1024,\"caption\":\"Nguy\u1ec5n V\u0103n Kh\u00e1nh\"},\"logo\":{\"@id\":\"https:\/\/omanivietnam.com\/#\/schema\/person\/image\/\"},\"sameAs\":[\"https:\/\/omanivietnam.com\"]}]}<\/script>\n<!-- \/ Yoast SEO plugin. -->","yoast_head_json":{"title":"SELEC MFM383A - OMANI VI\u1ec6T NAM","description":"SELEC MFM383A Multifunction Meter","robots":{"index":"index","follow":"follow","max-snippet":"max-snippet:-1","max-image-preview":"max-image-preview:large","max-video-preview":"max-video-preview:-1"},"canonical":"https:\/\/omanivietnam.com\/index.php\/san-pham\/selec-mfm383a\/","og_locale":"vi_VN","og_type":"article","og_title":"SELEC MFM383A - OMANI VI\u1ec6T NAM","og_description":"SELEC MFM383A Multifunction Meter","og_url":"https:\/\/omanivietnam.com\/index.php\/san-pham\/selec-mfm383a\/","og_site_name":"OMANI VI\u1ec6T NAM","og_image":[{"width":875,"height":731,"url":"https:\/\/omanivietnam.com\/wp-content\/uploads\/2025\/03\/MFM383A.png","type":"image\/png"}],"twitter_card":"summary_large_image","twitter_misc":{"\u01af\u1edbc t\u00ednh th\u1eddi gian \u0111\u1ecdc":"3 ph\u00fat"},"schema":{"@context":"https:\/\/schema.org","@graph":[{"@type":"WebPage","@id":"https:\/\/omanivietnam.com\/index.php\/san-pham\/selec-mfm383a\/","url":"https:\/\/omanivietnam.com\/index.php\/san-pham\/selec-mfm383a\/","name":"SELEC MFM383A - OMANI VI\u1ec6T NAM","isPartOf":{"@id":"https:\/\/omanivietnam.com\/#website"},"primaryImageOfPage":{"@id":"https:\/\/omanivietnam.com\/index.php\/san-pham\/selec-mfm383a\/#primaryimage"},"image":{"@id":"https:\/\/omanivietnam.com\/index.php\/san-pham\/selec-mfm383a\/#primaryimage"},"thumbnailUrl":"https:\/\/omanivietnam.com\/wp-content\/uploads\/2025\/03\/MFM383A.png","datePublished":"2025-03-30T07:36:07+00:00","dateModified":"2025-03-30T07:36:07+00:00","description":"SELEC MFM383A Multifunction Meter","breadcrumb":{"@id":"https:\/\/omanivietnam.com\/index.php\/san-pham\/selec-mfm383a\/#breadcrumb"},"inLanguage":"vi","potentialAction":[{"@type":"ReadAction","target":["https:\/\/omanivietnam.com\/index.php\/san-pham\/selec-mfm383a\/"]}]},{"@type":"ImageObject","inLanguage":"vi","@id":"https:\/\/omanivietnam.com\/index.php\/san-pham\/selec-mfm383a\/#primaryimage","url":"https:\/\/omanivietnam.com\/wp-content\/uploads\/2025\/03\/MFM383A.png","contentUrl":"https:\/\/omanivietnam.com\/wp-content\/uploads\/2025\/03\/MFM383A.png","width":875,"height":731},{"@type":"BreadcrumbList","@id":"https:\/\/omanivietnam.com\/index.php\/san-pham\/selec-mfm383a\/#breadcrumb","itemListElement":[{"@type":"ListItem","position":1,"name":"Home","item":"https:\/\/omanivietnam.com\/"},{"@type":"ListItem","position":2,"name":"S\u1ea2N PH\u1ea8M","item":"https:\/\/omanivietnam.com\/index.php\/cua-hang\/"},{"@type":"ListItem","position":3,"name":"SELEC MFM383A"}]},{"@type":"WebSite","@id":"https:\/\/omanivietnam.com\/#website","url":"https:\/\/omanivietnam.com\/","name":"OMANI VI\u1ec6T NAM","description":"Nh\u00e0 ph\u00e2n ph\u1ed1i thi\u1ebft b\u1ecb kh\u00ed n\u00e9n v\u00e0 thi\u1ebft b\u1ecb t\u1ef1 \u0111\u1ed9ng h\u00f3a trong c\u00f4ng nghi\u1ec7p","publisher":{"@id":"https:\/\/omanivietnam.com\/#\/schema\/person\/0ad398a980dc3fd696111c2c5c8fa897"},"potentialAction":[{"@type":"SearchAction","target":{"@type":"EntryPoint","urlTemplate":"https:\/\/omanivietnam.com\/?s={search_term_string}"},"query-input":"required name=search_term_string"}],"inLanguage":"vi"},{"@type":["Person","Organization"],"@id":"https:\/\/omanivietnam.com\/#\/schema\/person\/0ad398a980dc3fd696111c2c5c8fa897","name":"Nguy\u1ec5n V\u0103n Kh\u00e1nh","image":{"@type":"ImageObject","inLanguage":"vi","@id":"https:\/\/omanivietnam.com\/#\/schema\/person\/image\/","url":"https:\/\/omanivietnam.com\/wp-content\/uploads\/2024\/06\/logo-1024x1024.png","contentUrl":"https:\/\/omanivietnam.com\/wp-content\/uploads\/2024\/06\/logo-1024x1024.png","width":1024,"height":1024,"caption":"Nguy\u1ec5n V\u0103n Kh\u00e1nh"},"logo":{"@id":"https:\/\/omanivietnam.com\/#\/schema\/person\/image\/"},"sameAs":["https:\/\/omanivietnam.com"]}]}},"_links":{"self":[{"href":"https:\/\/omanivietnam.com\/index.php\/wp-json\/wp\/v2\/product\/3453","targetHints":{"allow":["GET"]}}],"collection":[{"href":"https:\/\/omanivietnam.com\/index.php\/wp-json\/wp\/v2\/product"}],"about":[{"href":"https:\/\/omanivietnam.com\/index.php\/wp-json\/wp\/v2\/types\/product"}],"replies":[{"embeddable":true,"href":"https:\/\/omanivietnam.com\/index.php\/wp-json\/wp\/v2\/comments?post=3453"}],"wp:featuredmedia":[{"embeddable":true,"href":"https:\/\/omanivietnam.com\/index.php\/wp-json\/wp\/v2\/media\/3454"}],"wp:attachment":[{"href":"https:\/\/omanivietnam.com\/index.php\/wp-json\/wp\/v2\/media?parent=3453"}],"wp:term":[{"taxonomy":"product_cat","embeddable":true,"href":"https:\/\/omanivietnam.com\/index.php\/wp-json\/wp\/v2\/product_cat?post=3453"},{"taxonomy":"product_tag","embeddable":true,"href":"https:\/\/omanivietnam.com\/index.php\/wp-json\/wp\/v2\/product_tag?post=3453"}],"curies":[{"name":"wp","href":"https:\/\/api.w.org\/{rel}","templated":true}]}}