{"id":3457,"date":"2025-03-30T22:12:21","date_gmt":"2025-03-30T15:12:21","guid":{"rendered":"https:\/\/omanivietnam.com\/?post_type=product&#038;p=3457"},"modified":"2025-03-30T22:12:21","modified_gmt":"2025-03-30T15:12:21","slug":"kromschroder-ifw15-t","status":"publish","type":"product","link":"https:\/\/omanivietnam.com\/index.php\/san-pham\/kromschroder-ifw15-t\/","title":{"rendered":"KROMSCHRODER IFW15-T"},"content":{"rendered":"<p>KROMSCHRODER IFW15-T<\/p>\n<p>KROMSCHRODER UVS10D4G1<\/p>\n<p>KROMSCHRODER TZI5-15\/100W<\/p>\n<p class=\"header3 pb-3\">Flame detector IFW 15<\/p>\n<p class=\"header5 subhead\">Flame detector for flame signalling or for multi-flame control in conjunction with IFS 110\/111IM, for intermittent operation, ionization or UV control.<\/p>\n<p><b>Features &amp; Benefits:<\/b><\/p>\n<ul>\n<li>For intermittent operation, ionization or UV control<\/li>\n<li>For grounded or ungrounded mains<\/li>\n<li>Mains voltage: 110\/120 V AC or 220\/240 V AC<\/li>\n<\/ul>\n<ul class=\"features\">\n<li><span class=\"features_name\">Voltage<\/span><span class=\"features_value\">220\/240 V AC<\/span><\/li>\n<li><span class=\"features_name\">Weight, kg<\/span><span class=\"features_value\">0,434<\/span><\/li>\n<li><span class=\"features_name\">Commodity code<\/span><span class=\"features_value\">90268020<\/span><\/li>\n<li><span class=\"features_name\">Country of origin <\/span><span class=\"features_value\">DE<\/span><\/li>\n<\/ul>\n<p>Kromschroder flame detector<br \/>\nFor multi-flame control in conjunction with IFS 110\/111IM, for intermittent operation<br \/>\nIonization or UV control<br \/>\nMains voltage: 220\/240 V AC, 50\/60 Hz, for grounded or ungrounded mains<\/p>\n","protected":false},"excerpt":{"rendered":"<p>KROMSCHRODER IFW15-T KROMSCHRODER UVS10D4G1 KROMSCHRODER TZI5-15\/100W Flame detector IFW 15 Flame detector for flame signalling or for multi-flame control in conjunction with IFS 110\/111IM, for intermittent operation, ionization or UV control. Features &amp; Benefits: For intermittent operation, ionization or UV control For grounded or ungrounded mains Mains voltage: 110\/120 V&hellip; <\/p>\n","protected":false},"featured_media":3458,"comment_status":"open","ping_status":"closed","template":"","meta":[],"product_cat":[418],"product_tag":[167,194,193],"class_list":{"0":"post-3457","1":"product","2":"type-product","3":"status-publish","4":"has-post-thumbnail","6":"product_cat-kromschroder","7":"product_tag-bo-dieu-khien","8":"product_tag-dai-ly-kromschroder-viet-nam","9":"product_tag-kromschroder-viet-nam","11":"first","12":"instock","13":"shipping-taxable","14":"product-type-simple"},"yoast_head":"<!-- This site is optimized with the Yoast SEO plugin v22.8 - https:\/\/yoast.com\/wordpress\/plugins\/seo\/ -->\n<title>KROMSCHRODER IFW15-T - OMANI VI\u1ec6T NAM<\/title>\n<meta name=\"description\" content=\"KROMSCHRODER IFW15-T Flame detector\" \/>\n<meta name=\"robots\" content=\"index, follow, max-snippet:-1, max-image-preview:large, max-video-preview:-1\" \/>\n<link rel=\"canonical\" href=\"https:\/\/omanivietnam.com\/index.php\/san-pham\/kromschroder-ifw15-t\/\" \/>\n<meta property=\"og:locale\" content=\"vi_VN\" \/>\n<meta property=\"og:type\" content=\"article\" \/>\n<meta property=\"og:title\" content=\"KROMSCHRODER IFW15-T - OMANI VI\u1ec6T NAM\" \/>\n<meta property=\"og:description\" content=\"KROMSCHRODER IFW15-T Flame detector\" \/>\n<meta property=\"og:url\" content=\"https:\/\/omanivietnam.com\/index.php\/san-pham\/kromschroder-ifw15-t\/\" \/>\n<meta property=\"og:site_name\" content=\"OMANI VI\u1ec6T NAM\" \/>\n<meta property=\"og:image\" content=\"https:\/\/omanivietnam.com\/wp-content\/uploads\/2025\/03\/IFW15-T.png\" \/>\n\t<meta property=\"og:image:width\" content=\"912\" \/>\n\t<meta property=\"og:image:height\" content=\"867\" \/>\n\t<meta property=\"og:image:type\" content=\"image\/png\" \/>\n<meta name=\"twitter:card\" content=\"summary_large_image\" \/>\n<meta name=\"twitter:label1\" content=\"\u01af\u1edbc t\u00ednh th\u1eddi gian \u0111\u1ecdc\" \/>\n\t<meta name=\"twitter:data1\" content=\"1 ph\u00fat\" \/>\n<script type=\"application\/ld+json\" class=\"yoast-schema-graph\">{\"@context\":\"https:\/\/schema.org\",\"@graph\":[{\"@type\":\"WebPage\",\"@id\":\"https:\/\/omanivietnam.com\/index.php\/san-pham\/kromschroder-ifw15-t\/\",\"url\":\"https:\/\/omanivietnam.com\/index.php\/san-pham\/kromschroder-ifw15-t\/\",\"name\":\"KROMSCHRODER IFW15-T - OMANI VI\u1ec6T NAM\",\"isPartOf\":{\"@id\":\"https:\/\/omanivietnam.com\/#website\"},\"primaryImageOfPage\":{\"@id\":\"https:\/\/omanivietnam.com\/index.php\/san-pham\/kromschroder-ifw15-t\/#primaryimage\"},\"image\":{\"@id\":\"https:\/\/omanivietnam.com\/index.php\/san-pham\/kromschroder-ifw15-t\/#primaryimage\"},\"thumbnailUrl\":\"https:\/\/omanivietnam.com\/wp-content\/uploads\/2025\/03\/IFW15-T.png\",\"datePublished\":\"2025-03-30T15:12:21+00:00\",\"dateModified\":\"2025-03-30T15:12:21+00:00\",\"description\":\"KROMSCHRODER IFW15-T Flame detector\",\"breadcrumb\":{\"@id\":\"https:\/\/omanivietnam.com\/index.php\/san-pham\/kromschroder-ifw15-t\/#breadcrumb\"},\"inLanguage\":\"vi\",\"potentialAction\":[{\"@type\":\"ReadAction\",\"target\":[\"https:\/\/omanivietnam.com\/index.php\/san-pham\/kromschroder-ifw15-t\/\"]}]},{\"@type\":\"ImageObject\",\"inLanguage\":\"vi\",\"@id\":\"https:\/\/omanivietnam.com\/index.php\/san-pham\/kromschroder-ifw15-t\/#primaryimage\",\"url\":\"https:\/\/omanivietnam.com\/wp-content\/uploads\/2025\/03\/IFW15-T.png\",\"contentUrl\":\"https:\/\/omanivietnam.com\/wp-content\/uploads\/2025\/03\/IFW15-T.png\",\"width\":912,\"height\":867},{\"@type\":\"BreadcrumbList\",\"@id\":\"https:\/\/omanivietnam.com\/index.php\/san-pham\/kromschroder-ifw15-t\/#breadcrumb\",\"itemListElement\":[{\"@type\":\"ListItem\",\"position\":1,\"name\":\"Home\",\"item\":\"https:\/\/omanivietnam.com\/\"},{\"@type\":\"ListItem\",\"position\":2,\"name\":\"S\u1ea2N PH\u1ea8M\",\"item\":\"https:\/\/omanivietnam.com\/index.php\/cua-hang\/\"},{\"@type\":\"ListItem\",\"position\":3,\"name\":\"KROMSCHRODER IFW15-T\"}]},{\"@type\":\"WebSite\",\"@id\":\"https:\/\/omanivietnam.com\/#website\",\"url\":\"https:\/\/omanivietnam.com\/\",\"name\":\"OMANI VI\u1ec6T NAM\",\"description\":\"Nh\u00e0 ph\u00e2n ph\u1ed1i thi\u1ebft b\u1ecb kh\u00ed n\u00e9n v\u00e0 thi\u1ebft b\u1ecb t\u1ef1 \u0111\u1ed9ng h\u00f3a trong c\u00f4ng nghi\u1ec7p\",\"publisher\":{\"@id\":\"https:\/\/omanivietnam.com\/#\/schema\/person\/0ad398a980dc3fd696111c2c5c8fa897\"},\"potentialAction\":[{\"@type\":\"SearchAction\",\"target\":{\"@type\":\"EntryPoint\",\"urlTemplate\":\"https:\/\/omanivietnam.com\/?s={search_term_string}\"},\"query-input\":\"required name=search_term_string\"}],\"inLanguage\":\"vi\"},{\"@type\":[\"Person\",\"Organization\"],\"@id\":\"https:\/\/omanivietnam.com\/#\/schema\/person\/0ad398a980dc3fd696111c2c5c8fa897\",\"name\":\"Nguy\u1ec5n V\u0103n Kh\u00e1nh\",\"image\":{\"@type\":\"ImageObject\",\"inLanguage\":\"vi\",\"@id\":\"https:\/\/omanivietnam.com\/#\/schema\/person\/image\/\",\"url\":\"https:\/\/omanivietnam.com\/wp-content\/uploads\/2024\/06\/logo-1024x1024.png\",\"contentUrl\":\"https:\/\/omanivietnam.com\/wp-content\/uploads\/2024\/06\/logo-1024x1024.png\",\"width\":1024,\"height\":1024,\"caption\":\"Nguy\u1ec5n V\u0103n Kh\u00e1nh\"},\"logo\":{\"@id\":\"https:\/\/omanivietnam.com\/#\/schema\/person\/image\/\"},\"sameAs\":[\"https:\/\/omanivietnam.com\"]}]}<\/script>\n<!-- \/ Yoast SEO plugin. -->","yoast_head_json":{"title":"KROMSCHRODER IFW15-T - OMANI VI\u1ec6T NAM","description":"KROMSCHRODER IFW15-T Flame detector","robots":{"index":"index","follow":"follow","max-snippet":"max-snippet:-1","max-image-preview":"max-image-preview:large","max-video-preview":"max-video-preview:-1"},"canonical":"https:\/\/omanivietnam.com\/index.php\/san-pham\/kromschroder-ifw15-t\/","og_locale":"vi_VN","og_type":"article","og_title":"KROMSCHRODER IFW15-T - OMANI VI\u1ec6T NAM","og_description":"KROMSCHRODER IFW15-T Flame detector","og_url":"https:\/\/omanivietnam.com\/index.php\/san-pham\/kromschroder-ifw15-t\/","og_site_name":"OMANI VI\u1ec6T NAM","og_image":[{"width":912,"height":867,"url":"https:\/\/omanivietnam.com\/wp-content\/uploads\/2025\/03\/IFW15-T.png","type":"image\/png"}],"twitter_card":"summary_large_image","twitter_misc":{"\u01af\u1edbc t\u00ednh th\u1eddi gian \u0111\u1ecdc":"1 ph\u00fat"},"schema":{"@context":"https:\/\/schema.org","@graph":[{"@type":"WebPage","@id":"https:\/\/omanivietnam.com\/index.php\/san-pham\/kromschroder-ifw15-t\/","url":"https:\/\/omanivietnam.com\/index.php\/san-pham\/kromschroder-ifw15-t\/","name":"KROMSCHRODER IFW15-T - OMANI VI\u1ec6T NAM","isPartOf":{"@id":"https:\/\/omanivietnam.com\/#website"},"primaryImageOfPage":{"@id":"https:\/\/omanivietnam.com\/index.php\/san-pham\/kromschroder-ifw15-t\/#primaryimage"},"image":{"@id":"https:\/\/omanivietnam.com\/index.php\/san-pham\/kromschroder-ifw15-t\/#primaryimage"},"thumbnailUrl":"https:\/\/omanivietnam.com\/wp-content\/uploads\/2025\/03\/IFW15-T.png","datePublished":"2025-03-30T15:12:21+00:00","dateModified":"2025-03-30T15:12:21+00:00","description":"KROMSCHRODER IFW15-T Flame detector","breadcrumb":{"@id":"https:\/\/omanivietnam.com\/index.php\/san-pham\/kromschroder-ifw15-t\/#breadcrumb"},"inLanguage":"vi","potentialAction":[{"@type":"ReadAction","target":["https:\/\/omanivietnam.com\/index.php\/san-pham\/kromschroder-ifw15-t\/"]}]},{"@type":"ImageObject","inLanguage":"vi","@id":"https:\/\/omanivietnam.com\/index.php\/san-pham\/kromschroder-ifw15-t\/#primaryimage","url":"https:\/\/omanivietnam.com\/wp-content\/uploads\/2025\/03\/IFW15-T.png","contentUrl":"https:\/\/omanivietnam.com\/wp-content\/uploads\/2025\/03\/IFW15-T.png","width":912,"height":867},{"@type":"BreadcrumbList","@id":"https:\/\/omanivietnam.com\/index.php\/san-pham\/kromschroder-ifw15-t\/#breadcrumb","itemListElement":[{"@type":"ListItem","position":1,"name":"Home","item":"https:\/\/omanivietnam.com\/"},{"@type":"ListItem","position":2,"name":"S\u1ea2N PH\u1ea8M","item":"https:\/\/omanivietnam.com\/index.php\/cua-hang\/"},{"@type":"ListItem","position":3,"name":"KROMSCHRODER IFW15-T"}]},{"@type":"WebSite","@id":"https:\/\/omanivietnam.com\/#website","url":"https:\/\/omanivietnam.com\/","name":"OMANI VI\u1ec6T NAM","description":"Nh\u00e0 ph\u00e2n ph\u1ed1i thi\u1ebft b\u1ecb kh\u00ed n\u00e9n v\u00e0 thi\u1ebft b\u1ecb t\u1ef1 \u0111\u1ed9ng h\u00f3a trong c\u00f4ng nghi\u1ec7p","publisher":{"@id":"https:\/\/omanivietnam.com\/#\/schema\/person\/0ad398a980dc3fd696111c2c5c8fa897"},"potentialAction":[{"@type":"SearchAction","target":{"@type":"EntryPoint","urlTemplate":"https:\/\/omanivietnam.com\/?s={search_term_string}"},"query-input":"required name=search_term_string"}],"inLanguage":"vi"},{"@type":["Person","Organization"],"@id":"https:\/\/omanivietnam.com\/#\/schema\/person\/0ad398a980dc3fd696111c2c5c8fa897","name":"Nguy\u1ec5n V\u0103n Kh\u00e1nh","image":{"@type":"ImageObject","inLanguage":"vi","@id":"https:\/\/omanivietnam.com\/#\/schema\/person\/image\/","url":"https:\/\/omanivietnam.com\/wp-content\/uploads\/2024\/06\/logo-1024x1024.png","contentUrl":"https:\/\/omanivietnam.com\/wp-content\/uploads\/2024\/06\/logo-1024x1024.png","width":1024,"height":1024,"caption":"Nguy\u1ec5n V\u0103n Kh\u00e1nh"},"logo":{"@id":"https:\/\/omanivietnam.com\/#\/schema\/person\/image\/"},"sameAs":["https:\/\/omanivietnam.com"]}]}},"_links":{"self":[{"href":"https:\/\/omanivietnam.com\/index.php\/wp-json\/wp\/v2\/product\/3457","targetHints":{"allow":["GET"]}}],"collection":[{"href":"https:\/\/omanivietnam.com\/index.php\/wp-json\/wp\/v2\/product"}],"about":[{"href":"https:\/\/omanivietnam.com\/index.php\/wp-json\/wp\/v2\/types\/product"}],"replies":[{"embeddable":true,"href":"https:\/\/omanivietnam.com\/index.php\/wp-json\/wp\/v2\/comments?post=3457"}],"wp:featuredmedia":[{"embeddable":true,"href":"https:\/\/omanivietnam.com\/index.php\/wp-json\/wp\/v2\/media\/3458"}],"wp:attachment":[{"href":"https:\/\/omanivietnam.com\/index.php\/wp-json\/wp\/v2\/media?parent=3457"}],"wp:term":[{"taxonomy":"product_cat","embeddable":true,"href":"https:\/\/omanivietnam.com\/index.php\/wp-json\/wp\/v2\/product_cat?post=3457"},{"taxonomy":"product_tag","embeddable":true,"href":"https:\/\/omanivietnam.com\/index.php\/wp-json\/wp\/v2\/product_tag?post=3457"}],"curies":[{"name":"wp","href":"https:\/\/api.w.org\/{rel}","templated":true}]}}