{"id":3459,"date":"2025-03-30T22:20:54","date_gmt":"2025-03-30T15:20:54","guid":{"rendered":"https:\/\/omanivietnam.com\/?post_type=product&#038;p=3459"},"modified":"2025-03-30T22:36:56","modified_gmt":"2025-03-30T15:36:56","slug":"kromschroder-uvs10d4g1","status":"publish","type":"product","link":"https:\/\/omanivietnam.com\/index.php\/san-pham\/kromschroder-uvs10d4g1\/","title":{"rendered":"KROMSCHRODER UVS10D4G1"},"content":{"rendered":"<p>KROMSCHRODER UVS10D4G1<\/p>\n<p>KROMSCHRODER IFW15-T<\/p>\n<p>KROMSCHRODER UVS10D4G1<\/p>\n<p>KROMSCHRODER TZI5-15\/100W<\/p>\n<ul>\n<li>Kromschroder UV Sensor:<strong>UVS10D4G1<\/strong><\/li>\n<li>D-49018 Osnabruck Germany\u00a0<strong>Krom\/\/schroder<\/strong><\/li>\n<li>84315200 A 1207 021704<\/li>\n<li>IP65 -40&#8217;C\/+80&#8217;C 220\/240VAC<\/li>\n<li>Nema 3 -40F\/+176 F 50\/60HZ<\/li>\n<li>Origin: Gremany<\/li>\n<li>Brand:\u00a0<strong>Krom\/\/schroder<\/strong><\/li>\n<\/ul>\n<ul>\n<li>Virtually immune to interference due to its insensitivity to daylight, infrared radiation and incandescent bulbs<\/li>\n<li>Maximum safety thanks to protection against discontinuity or short circuit on the flame signal cable<\/li>\n<li>Suit industrial needs due to robust design<\/li>\n<li>Comply with the requirements of EN 298 in conjunction with Kromschr\u00f6der automatic burner control units and burner control units<\/li>\n<\/ul>\n<h3>C\u00e1c m\u00e3 h\u00e0ng t\u01b0\u01a1ng \u0111\u01b0\u01a1ng\u00a0C\u1ea3m bi\u1ebfn UVS 10D0G1:<\/h3>\n<div>\n<div class=\"x11i5rnm xat24cr x1mh8g0r x1vvkbs xtlvy1s x126k92a\">\n<div dir=\"auto\">UVS10D0G1 (84315200)<br \/>\nUVS10L0G1 (84315201)<br \/>\nUVS10D1G1 (84315202)<br \/>\nUVS10L1G1 (84315203)<br \/>\nUVS10D4G1 (84315204)<br \/>\nUVS10D2 (84315205)<br \/>\nUVS10L2 (84315206)<br \/>\nUVS10D3 (84315207)<br \/>\nUVS10L3 (84315208)<br \/>\nUVS10D0P2 (84315209)<br \/>\nUVS10L0P2 (84315210)<br \/>\nUVS10D1P2 (84315211)<br \/>\nUVS10L1P2 (84315212)<br \/>\nUVS10D5G1 (84315214)<br \/>\nUVC1L1G1A (84320300)<br \/>\nUVC1D1G1A (84320301)<br \/>\nUVC1L3G1A (84320302)<br \/>\nUVC1D3G1A (84320303)<br \/>\nUVC1L0G1A (84320304)<br \/>\nUVC1D0G1A (84320305)<br \/>\nUVC1L2G1A (84320306)<br \/>\nUVC1D2G1A (84320307)<\/div>\n<\/div>\n<\/div>\n<p>84333010 Krom C\u1ea3m bi\u1ebfn UVS 5 UVS1 UVS5 UVS6 UVS8T<br \/>\n84315200 Krom C\u1ea3m bi\u1ebfn UVS10D0G1<br \/>\n84315209 Krom C\u1ea3m bi\u1ebfn UVS10D0P2<br \/>\n84315202 Krom C\u1ea3m bi\u1ebfn UVS10D1G1<br \/>\n84315211 Krom C\u1ea3m bi\u1ebfn UVS10D1P2<br \/>\n84315205 Krom C\u1ea3m bi\u1ebfn UVS10D2<br \/>\n84315207 Krom C\u1ea3m bi\u1ebfn UVS10D3<br \/>\n84315204 Krom C\u1ea3m bi\u1ebfn UVS10D4G1<br \/>\n84315213 Krom C\u1ea3m bi\u1ebfn UVS10D4P2<br \/>\n84315214 Krom C\u1ea3m bi\u1ebfn UVS10D5G1<br \/>\n84315201 Krom C\u1ea3m bi\u1ebfn UVS10L0G1<br \/>\n84315210 Krom C\u1ea3m bi\u1ebfn UVS10L0P2<br \/>\n84315203 Krom C\u1ea3m bi\u1ebfn UVS10L1G1<br \/>\n84315212 Krom C\u1ea3m bi\u1ebfn UVS10L1P2<br \/>\n84315206 Krom C\u1ea3m bi\u1ebfn UVS10L2<br \/>\n84315208 Krom C\u1ea3m bi\u1ebfn UVS10L3<\/p>\n","protected":false},"excerpt":{"rendered":"<p>KROMSCHRODER UVS10D4G1 KROMSCHRODER IFW15-T KROMSCHRODER UVS10D4G1 KROMSCHRODER TZI5-15\/100W Kromschroder UV Sensor:UVS10D4G1 D-49018 Osnabruck Germany\u00a0Krom\/\/schroder 84315200 A 1207 021704 IP65 -40&#8217;C\/+80&#8217;C 220\/240VAC Nema 3 -40F\/+176 F 50\/60HZ Origin: Gremany Brand:\u00a0Krom\/\/schroder Virtually immune to interference due to its insensitivity to daylight, infrared radiation and incandescent bulbs Maximum safety thanks to protection against&hellip; <\/p>\n","protected":false},"featured_media":3460,"comment_status":"open","ping_status":"closed","template":"","meta":[],"product_cat":[418],"product_tag":[88,194,193],"class_list":{"0":"post-3459","1":"product","2":"type-product","3":"status-publish","4":"has-post-thumbnail","6":"product_cat-kromschroder","7":"product_tag-cam-bien","8":"product_tag-dai-ly-kromschroder-viet-nam","9":"product_tag-kromschroder-viet-nam","11":"first","12":"instock","13":"shipping-taxable","14":"product-type-simple"},"yoast_head":"<!-- This site is optimized with the Yoast SEO plugin v22.8 - https:\/\/yoast.com\/wordpress\/plugins\/seo\/ -->\n<title>KROMSCHRODER UVS10D4G1 - OMANI VI\u1ec6T NAM<\/title>\n<meta name=\"description\" content=\"KROMSCHRODER UVS10D4G1 UV Sensor\" \/>\n<meta name=\"robots\" content=\"index, follow, max-snippet:-1, max-image-preview:large, max-video-preview:-1\" \/>\n<link rel=\"canonical\" href=\"https:\/\/omanivietnam.com\/index.php\/san-pham\/kromschroder-uvs10d4g1\/\" \/>\n<meta property=\"og:locale\" content=\"vi_VN\" \/>\n<meta property=\"og:type\" content=\"article\" \/>\n<meta property=\"og:title\" content=\"KROMSCHRODER UVS10D4G1 - OMANI VI\u1ec6T NAM\" \/>\n<meta property=\"og:description\" content=\"KROMSCHRODER UVS10D4G1 UV Sensor\" \/>\n<meta property=\"og:url\" content=\"https:\/\/omanivietnam.com\/index.php\/san-pham\/kromschroder-uvs10d4g1\/\" \/>\n<meta property=\"og:site_name\" content=\"OMANI VI\u1ec6T NAM\" \/>\n<meta property=\"article:modified_time\" content=\"2025-03-30T15:36:56+00:00\" \/>\n<meta property=\"og:image\" content=\"https:\/\/omanivietnam.com\/wp-content\/uploads\/2025\/03\/UVS10D4G1.png\" \/>\n\t<meta property=\"og:image:width\" content=\"584\" \/>\n\t<meta property=\"og:image:height\" content=\"594\" \/>\n\t<meta property=\"og:image:type\" content=\"image\/png\" \/>\n<meta name=\"twitter:card\" content=\"summary_large_image\" \/>\n<meta name=\"twitter:label1\" content=\"\u01af\u1edbc t\u00ednh th\u1eddi gian \u0111\u1ecdc\" \/>\n\t<meta name=\"twitter:data1\" content=\"2 ph\u00fat\" \/>\n<script type=\"application\/ld+json\" class=\"yoast-schema-graph\">{\"@context\":\"https:\/\/schema.org\",\"@graph\":[{\"@type\":\"WebPage\",\"@id\":\"https:\/\/omanivietnam.com\/index.php\/san-pham\/kromschroder-uvs10d4g1\/\",\"url\":\"https:\/\/omanivietnam.com\/index.php\/san-pham\/kromschroder-uvs10d4g1\/\",\"name\":\"KROMSCHRODER UVS10D4G1 - OMANI VI\u1ec6T NAM\",\"isPartOf\":{\"@id\":\"https:\/\/omanivietnam.com\/#website\"},\"primaryImageOfPage\":{\"@id\":\"https:\/\/omanivietnam.com\/index.php\/san-pham\/kromschroder-uvs10d4g1\/#primaryimage\"},\"image\":{\"@id\":\"https:\/\/omanivietnam.com\/index.php\/san-pham\/kromschroder-uvs10d4g1\/#primaryimage\"},\"thumbnailUrl\":\"https:\/\/omanivietnam.com\/wp-content\/uploads\/2025\/03\/UVS10D4G1.png\",\"datePublished\":\"2025-03-30T15:20:54+00:00\",\"dateModified\":\"2025-03-30T15:36:56+00:00\",\"description\":\"KROMSCHRODER UVS10D4G1 UV Sensor\",\"breadcrumb\":{\"@id\":\"https:\/\/omanivietnam.com\/index.php\/san-pham\/kromschroder-uvs10d4g1\/#breadcrumb\"},\"inLanguage\":\"vi\",\"potentialAction\":[{\"@type\":\"ReadAction\",\"target\":[\"https:\/\/omanivietnam.com\/index.php\/san-pham\/kromschroder-uvs10d4g1\/\"]}]},{\"@type\":\"ImageObject\",\"inLanguage\":\"vi\",\"@id\":\"https:\/\/omanivietnam.com\/index.php\/san-pham\/kromschroder-uvs10d4g1\/#primaryimage\",\"url\":\"https:\/\/omanivietnam.com\/wp-content\/uploads\/2025\/03\/UVS10D4G1.png\",\"contentUrl\":\"https:\/\/omanivietnam.com\/wp-content\/uploads\/2025\/03\/UVS10D4G1.png\",\"width\":584,\"height\":594},{\"@type\":\"BreadcrumbList\",\"@id\":\"https:\/\/omanivietnam.com\/index.php\/san-pham\/kromschroder-uvs10d4g1\/#breadcrumb\",\"itemListElement\":[{\"@type\":\"ListItem\",\"position\":1,\"name\":\"Home\",\"item\":\"https:\/\/omanivietnam.com\/\"},{\"@type\":\"ListItem\",\"position\":2,\"name\":\"S\u1ea2N PH\u1ea8M\",\"item\":\"https:\/\/omanivietnam.com\/index.php\/cua-hang\/\"},{\"@type\":\"ListItem\",\"position\":3,\"name\":\"KROMSCHRODER UVS10D4G1\"}]},{\"@type\":\"WebSite\",\"@id\":\"https:\/\/omanivietnam.com\/#website\",\"url\":\"https:\/\/omanivietnam.com\/\",\"name\":\"OMANI VI\u1ec6T NAM\",\"description\":\"Nh\u00e0 ph\u00e2n ph\u1ed1i thi\u1ebft b\u1ecb kh\u00ed n\u00e9n v\u00e0 thi\u1ebft b\u1ecb t\u1ef1 \u0111\u1ed9ng h\u00f3a trong c\u00f4ng nghi\u1ec7p\",\"publisher\":{\"@id\":\"https:\/\/omanivietnam.com\/#\/schema\/person\/0ad398a980dc3fd696111c2c5c8fa897\"},\"potentialAction\":[{\"@type\":\"SearchAction\",\"target\":{\"@type\":\"EntryPoint\",\"urlTemplate\":\"https:\/\/omanivietnam.com\/?s={search_term_string}\"},\"query-input\":\"required name=search_term_string\"}],\"inLanguage\":\"vi\"},{\"@type\":[\"Person\",\"Organization\"],\"@id\":\"https:\/\/omanivietnam.com\/#\/schema\/person\/0ad398a980dc3fd696111c2c5c8fa897\",\"name\":\"Nguy\u1ec5n V\u0103n Kh\u00e1nh\",\"image\":{\"@type\":\"ImageObject\",\"inLanguage\":\"vi\",\"@id\":\"https:\/\/omanivietnam.com\/#\/schema\/person\/image\/\",\"url\":\"https:\/\/omanivietnam.com\/wp-content\/uploads\/2024\/06\/logo-1024x1024.png\",\"contentUrl\":\"https:\/\/omanivietnam.com\/wp-content\/uploads\/2024\/06\/logo-1024x1024.png\",\"width\":1024,\"height\":1024,\"caption\":\"Nguy\u1ec5n V\u0103n Kh\u00e1nh\"},\"logo\":{\"@id\":\"https:\/\/omanivietnam.com\/#\/schema\/person\/image\/\"},\"sameAs\":[\"https:\/\/omanivietnam.com\"]}]}<\/script>\n<!-- \/ Yoast SEO plugin. -->","yoast_head_json":{"title":"KROMSCHRODER UVS10D4G1 - OMANI VI\u1ec6T NAM","description":"KROMSCHRODER UVS10D4G1 UV Sensor","robots":{"index":"index","follow":"follow","max-snippet":"max-snippet:-1","max-image-preview":"max-image-preview:large","max-video-preview":"max-video-preview:-1"},"canonical":"https:\/\/omanivietnam.com\/index.php\/san-pham\/kromschroder-uvs10d4g1\/","og_locale":"vi_VN","og_type":"article","og_title":"KROMSCHRODER UVS10D4G1 - OMANI VI\u1ec6T NAM","og_description":"KROMSCHRODER UVS10D4G1 UV Sensor","og_url":"https:\/\/omanivietnam.com\/index.php\/san-pham\/kromschroder-uvs10d4g1\/","og_site_name":"OMANI VI\u1ec6T NAM","article_modified_time":"2025-03-30T15:36:56+00:00","og_image":[{"width":584,"height":594,"url":"https:\/\/omanivietnam.com\/wp-content\/uploads\/2025\/03\/UVS10D4G1.png","type":"image\/png"}],"twitter_card":"summary_large_image","twitter_misc":{"\u01af\u1edbc t\u00ednh th\u1eddi gian \u0111\u1ecdc":"2 ph\u00fat"},"schema":{"@context":"https:\/\/schema.org","@graph":[{"@type":"WebPage","@id":"https:\/\/omanivietnam.com\/index.php\/san-pham\/kromschroder-uvs10d4g1\/","url":"https:\/\/omanivietnam.com\/index.php\/san-pham\/kromschroder-uvs10d4g1\/","name":"KROMSCHRODER UVS10D4G1 - OMANI VI\u1ec6T NAM","isPartOf":{"@id":"https:\/\/omanivietnam.com\/#website"},"primaryImageOfPage":{"@id":"https:\/\/omanivietnam.com\/index.php\/san-pham\/kromschroder-uvs10d4g1\/#primaryimage"},"image":{"@id":"https:\/\/omanivietnam.com\/index.php\/san-pham\/kromschroder-uvs10d4g1\/#primaryimage"},"thumbnailUrl":"https:\/\/omanivietnam.com\/wp-content\/uploads\/2025\/03\/UVS10D4G1.png","datePublished":"2025-03-30T15:20:54+00:00","dateModified":"2025-03-30T15:36:56+00:00","description":"KROMSCHRODER UVS10D4G1 UV Sensor","breadcrumb":{"@id":"https:\/\/omanivietnam.com\/index.php\/san-pham\/kromschroder-uvs10d4g1\/#breadcrumb"},"inLanguage":"vi","potentialAction":[{"@type":"ReadAction","target":["https:\/\/omanivietnam.com\/index.php\/san-pham\/kromschroder-uvs10d4g1\/"]}]},{"@type":"ImageObject","inLanguage":"vi","@id":"https:\/\/omanivietnam.com\/index.php\/san-pham\/kromschroder-uvs10d4g1\/#primaryimage","url":"https:\/\/omanivietnam.com\/wp-content\/uploads\/2025\/03\/UVS10D4G1.png","contentUrl":"https:\/\/omanivietnam.com\/wp-content\/uploads\/2025\/03\/UVS10D4G1.png","width":584,"height":594},{"@type":"BreadcrumbList","@id":"https:\/\/omanivietnam.com\/index.php\/san-pham\/kromschroder-uvs10d4g1\/#breadcrumb","itemListElement":[{"@type":"ListItem","position":1,"name":"Home","item":"https:\/\/omanivietnam.com\/"},{"@type":"ListItem","position":2,"name":"S\u1ea2N PH\u1ea8M","item":"https:\/\/omanivietnam.com\/index.php\/cua-hang\/"},{"@type":"ListItem","position":3,"name":"KROMSCHRODER UVS10D4G1"}]},{"@type":"WebSite","@id":"https:\/\/omanivietnam.com\/#website","url":"https:\/\/omanivietnam.com\/","name":"OMANI VI\u1ec6T NAM","description":"Nh\u00e0 ph\u00e2n ph\u1ed1i thi\u1ebft b\u1ecb kh\u00ed n\u00e9n v\u00e0 thi\u1ebft b\u1ecb t\u1ef1 \u0111\u1ed9ng h\u00f3a trong c\u00f4ng nghi\u1ec7p","publisher":{"@id":"https:\/\/omanivietnam.com\/#\/schema\/person\/0ad398a980dc3fd696111c2c5c8fa897"},"potentialAction":[{"@type":"SearchAction","target":{"@type":"EntryPoint","urlTemplate":"https:\/\/omanivietnam.com\/?s={search_term_string}"},"query-input":"required name=search_term_string"}],"inLanguage":"vi"},{"@type":["Person","Organization"],"@id":"https:\/\/omanivietnam.com\/#\/schema\/person\/0ad398a980dc3fd696111c2c5c8fa897","name":"Nguy\u1ec5n V\u0103n Kh\u00e1nh","image":{"@type":"ImageObject","inLanguage":"vi","@id":"https:\/\/omanivietnam.com\/#\/schema\/person\/image\/","url":"https:\/\/omanivietnam.com\/wp-content\/uploads\/2024\/06\/logo-1024x1024.png","contentUrl":"https:\/\/omanivietnam.com\/wp-content\/uploads\/2024\/06\/logo-1024x1024.png","width":1024,"height":1024,"caption":"Nguy\u1ec5n V\u0103n Kh\u00e1nh"},"logo":{"@id":"https:\/\/omanivietnam.com\/#\/schema\/person\/image\/"},"sameAs":["https:\/\/omanivietnam.com"]}]}},"_links":{"self":[{"href":"https:\/\/omanivietnam.com\/index.php\/wp-json\/wp\/v2\/product\/3459","targetHints":{"allow":["GET"]}}],"collection":[{"href":"https:\/\/omanivietnam.com\/index.php\/wp-json\/wp\/v2\/product"}],"about":[{"href":"https:\/\/omanivietnam.com\/index.php\/wp-json\/wp\/v2\/types\/product"}],"replies":[{"embeddable":true,"href":"https:\/\/omanivietnam.com\/index.php\/wp-json\/wp\/v2\/comments?post=3459"}],"wp:featuredmedia":[{"embeddable":true,"href":"https:\/\/omanivietnam.com\/index.php\/wp-json\/wp\/v2\/media\/3460"}],"wp:attachment":[{"href":"https:\/\/omanivietnam.com\/index.php\/wp-json\/wp\/v2\/media?parent=3459"}],"wp:term":[{"taxonomy":"product_cat","embeddable":true,"href":"https:\/\/omanivietnam.com\/index.php\/wp-json\/wp\/v2\/product_cat?post=3459"},{"taxonomy":"product_tag","embeddable":true,"href":"https:\/\/omanivietnam.com\/index.php\/wp-json\/wp\/v2\/product_tag?post=3459"}],"curies":[{"name":"wp","href":"https:\/\/api.w.org\/{rel}","templated":true}]}}