{"id":3471,"date":"2025-04-01T14:01:51","date_gmt":"2025-04-01T07:01:51","guid":{"rendered":"https:\/\/omanivietnam.com\/?post_type=product&#038;p=3471"},"modified":"2025-04-01T14:01:52","modified_gmt":"2025-04-01T07:01:52","slug":"m-system-r7d-ec16a","status":"publish","type":"product","link":"https:\/\/omanivietnam.com\/index.php\/san-pham\/m-system-r7d-ec16a\/","title":{"rendered":"M-SYSTEM R7D-EC16A"},"content":{"rendered":"<p>M-SYSTEM R7D-EC16A<\/p>\n<p>M-SYSTEM R7D-DA16<\/p>\n<p>R7 Series Gateway, Remote I\/O<\/p>\n<ul>\n<li>M\u00f4-\u0111un nh\u1ecf g\u1ecdn k\u00edch th\u01b0\u1edbc \u0111\u1ea7u c\u1ecd c\u00f3 th\u1ec3 x\u1eed l\u00fd 4 t\u00edn hi\u1ec7u analog ho\u1eb7c 16 t\u00edn hi\u1ec7u r\u1eddi.<\/li>\n<li>16 m\u00f4-\u0111un \u0111\u1ea7u v\u00e0o \/ \u0111\u1ea7u ra r\u1eddi r\u1ea1c c\u00f3 th\u1ec3 \u0111\u01b0\u1ee3c g\u1eafn v\u00e0o m\u00f4-\u0111un c\u01a1 s\u1edf.\u00a0T\u00edn hi\u1ec7u t\u01b0\u01a1ng t\u1ef1 v\u00e0 t\u00edn hi\u1ec7u r\u1eddi r\u1ea1c c\u00f3 th\u1ec3 \u0111\u01b0\u1ee3c tr\u1ed9n l\u1eabn.<\/li>\n<li>Thi\u1ebft l\u1eadp \u0111\u01a1n gi\u1ea3n<\/li>\n<li>1500 Vac c\u00e1ch ly<\/li>\n<\/ul>\n<p>The R7 series I\/O modules from M-System offer a compact overall package for Modbus, Modbus TCP, DeviceNet, CC-Link, LonWorks, Mechatroniclink, Flex Network and HLS. It consists of a main module with the power supply, the fieldbus and the corresponding inputs and outputs. This can be expanded with up to 16 additional expansion modules. Analog and digital extensions can be mixed. The modules are completely isolated between the I\/O, the network and the power supply. Channel to channel isolation is also provided.<\/p>\n<table border=\"0\" width=\"100%\" cellspacing=\"0\" cellpadding=\"0\">\n<tbody>\n<tr>\n<td>Technical Specification<\/td>\n<\/tr>\n<tr>\n<td>\n<table border=\"0\" width=\"100%\" cellspacing=\"0\" cellpadding=\"0\">\n<tbody>\n<tr>\n<td><b>Fieldbus<\/b><\/td>\n<td>CC-Link<\/td>\n<\/tr>\n<tr>\n<td><b>Version<\/b><\/td>\n<td>Extension<\/td>\n<\/tr>\n<tr>\n<td><b>Task<\/b><\/td>\n<td>Switching inputs \/ outputs<\/td>\n<\/tr>\n<tr>\n<td><b>Input<\/b><\/td>\n<td>16x switching inputs<\/td>\n<\/tr>\n<tr>\n<td><b>Output<\/b><\/td>\n<td>without<\/td>\n<\/tr>\n<tr>\n<td><b>Power supply<\/b><\/td>\n<td>24 Vdc<\/td>\n<\/tr>\n<tr>\n<td><b>Expandable<\/b><\/td>\n<td>Yes<\/td>\n<\/tr>\n<tr>\n<td><b>Approvals<\/b><\/td>\n<td>CE<\/td>\n<\/tr>\n<tr>\n<td><b>Additional coating<\/b><\/td>\n<td>without<\/td>\n<\/tr>\n<\/tbody>\n<\/table>\n<\/td>\n<\/tr>\n<\/tbody>\n<\/table>\n<p>&nbsp;<\/p>\n<ul>\n<li><span style=\"color: #383634;font-size: 26px\">C\u00e1c d\u00f2ng s\u1ea3n ph\u1ea9m R7 Series Gateway, Remote I\/O:<\/span><\/li>\n<\/ul>\n<p>R7HL-DAC16B\u00a0\u00a0 \u00a0HLS I\/O MODULE<br \/>\nR7HL-DAC16C\u00a0\u00a0 \u00a0HLS I\/O MODULE<br \/>\nR7HL-DAC16ES\u00a0\u00a0 \u00a0HLS I\/O MODULE<br \/>\nR7HL-DC8C\u00a0\u00a0 \u00a0HLS I\/O MODULE<br \/>\nR7HL-SV4\u00a0\u00a0 \u00a0HLS I\/O MODULE<br \/>\nR7HL-SVF4\u00a0\u00a0 \u00a0HLS I\/O MODULE<br \/>\nR7HL-TS4\u00a0\u00a0 \u00a0HLS I\/O MODULE<br \/>\nR7HL-RS4\u00a0\u00a0 \u00a0HLS I\/O MODULE<br \/>\nR7HL-LC2\u00a0\u00a0 \u00a0HLS I\/O MODULE<br \/>\nR7HL-PA4E\u00a0\u00a0 \u00a0HLS I\/O MODULE<br \/>\nR7HL-PA2SJ\u00a0\u00a0 \u00a0HLS I\/O MODULE<br \/>\nR7HL-PA2SA\u00a0\u00a0 \u00a0HLS I\/O MODULE<br \/>\nR7HL-YV2\u00a0\u00a0 \u00a0HLS I\/O MODULE<br \/>\nR7HL-YS2\u00a0\u00a0 \u00a0HLS I\/O MODULE<br \/>\nR7HL-SVF8NL\u00a0\u00a0 \u00a0HLS I\/O MODULE<br \/>\nR7HL-YV4L\u00a0\u00a0 \u00a0HLS I\/O MODULE<br \/>\nJC-HL\u00a0\u00a0 \u00a0HUB MODULE<br \/>\nR7G\u00a0\u00a0 \u00a0GATEWAY MODULE<br \/>\nR7ML-DC16B\u00a0\u00a0 \u00a0MECHATROLINK I\/O<br \/>\nR7ML-DC16D\u00a0\u00a0 \u00a0MECHATROLINK I\/O<br \/>\nR7ML-SV4\u00a0\u00a0 \u00a0MECHATROLINK I\/O<br \/>\nR7ML-TS4\u00a0\u00a0 \u00a0MECHATROLINK I\/O<br \/>\nR7ML-RS4\u00a0\u00a0 \u00a0MECHATROLINK I\/O<br \/>\nR7ML-LC2\u00a0\u00a0 \u00a0MECHATROLINK I\/O<br \/>\nR7ML-YV2\u00a0\u00a0 \u00a0MECHATROLINK I\/O<br \/>\nR7ML-YS2\u00a0\u00a0 \u00a0MECHATROLINK I\/O<br \/>\nR7ML-EA8\u00a0\u00a0 \u00a0MECHATROLINK I\/O<br \/>\nR7ML-EA16\u00a0\u00a0 \u00a0MECHATROLINK I\/O<br \/>\nR7ML-EC8A\u00a0\u00a0 \u00a0MECHATROLINK I\/O<br \/>\nR7ML-EC16A\u00a0\u00a0 \u00a0MECHATROLINK I\/O<br \/>\nR7ML-EC8B\u00a0\u00a0 \u00a0MECHATROLINK I\/O<br \/>\nR7ML-EC16B\u00a0\u00a0 \u00a0MECHATROLINK I\/O<br \/>\nR7ML-EC8D\u00a0\u00a0 \u00a0MECHATROLINK I\/O<br \/>\nR7ML-EC16D\u00a0\u00a0 \u00a0MECHATROLINK I\/O<br \/>\nR7FN-DA16\u00a0\u00a0 \u00a0FLEX NETWORK I\/O MODULE<br \/>\nR7FN-DC16A\u00a0\u00a0 \u00a0FLEX NETWORK I\/O MODULE<br \/>\nR7FN-DC16B\u00a0\u00a0 \u00a0FLEX NETWORK I\/O MODULE<br \/>\nR7FN-DAC16A\u00a0\u00a0 \u00a0FLEX NETWORK I\/O MODULE<br \/>\nR7FN-DAC16B\u00a0\u00a0 \u00a0FLEX NETWORK I\/O MODULE<br \/>\nR7FN-DC8C\u00a0\u00a0 \u00a0FLEX NETWORK I\/O MODULE<br \/>\nR7FN-SV4\u00a0\u00a0 \u00a0FLEX NETWORK I\/O MODULE<br \/>\nR7FN-SVF4\u00a0\u00a0 \u00a0FLEX NETWORK I\/O MODULE<br \/>\nR7FN-TS4\u00a0\u00a0 \u00a0FLEX NETWORK I\/O MODULE<br \/>\nR7FN-RS4\u00a0\u00a0 \u00a0FLEX NETWORK I\/O MODULE<br \/>\nR7FN-YV2\u00a0\u00a0 \u00a0FLEX NETWORK I\/O MODULE<br \/>\nR7FN-YS2\u00a0\u00a0 \u00a0FLEX NETWORK I\/O MODULE<br \/>\nR7HL-DA16\u00a0\u00a0 \u00a0HLS I\/O MODULE<br \/>\nR7HL-DC16A\u00a0\u00a0 \u00a0HLS I\/O MODULE<br \/>\nR7HL-DC16B\u00a0\u00a0 \u00a0HLS I\/O MODULE<br \/>\nR7HL-DAC15E\u00a0\u00a0 \u00a0HLS I\/O MODULE<br \/>\nR7HL-DAC16A\u00a0\u00a0 \u00a0HLS I\/O MODULE<br \/>\nR7E-RS4\u00a0\u00a0 \u00a0MODBUS\/TCP I\/O MODULE<br \/>\nR7E-MS4 MODBUS\/TCP I\/O MODULE<br \/>\nR7E-CT4E MODBUS\/TCP I\/O MODULE<br \/>\nR7E-YV2\u00a0\u00a0 \u00a0MODBUS\/TCP I\/O MODULE<br \/>\nR7E-YS2\u00a0\u00a0 \u00a0MODBUS\/TCP I\/O MODULE<br \/>\nR7E-PA8\u00a0\u00a0 \u00a0MODBUS\/TCP I\/O MODULE<br \/>\nR7E-EA8\u00a0\u00a0 \u00a0MODBUS\/TCP I\/O MODULE<br \/>\nR7E-EA16\u00a0\u00a0 \u00a0MODBUS\/TCP I\/O MODULE<br \/>\nR7E-EC8A\u00a0\u00a0 \u00a0MODBUS\/TCP I\/O MODULE<br \/>\nR7E-EC16A\u00a0\u00a0 \u00a0MODBUS\/TCP I\/O MODULE<br \/>\nR7E-EC8B\u00a0\u00a0 \u00a0MODBUS\/TCP I\/O MODULE<br \/>\nR7E-EC16B\u00a0\u00a0 \u00a0MODBUS\/TCP I\/O MODULE<br \/>\nR7EWTU\u00a0\u00a0 \u00a0MULTI POWER MONITORING MODULE<br \/>\nR7L-DA16\u00a0\u00a0 \u00a0LONWORKS I\/O MODULE<br \/>\nR7L-DC16A\u00a0\u00a0 \u00a0LONWORKS I\/O MODULE<br \/>\nR7L-DC16B\u00a0\u00a0 \u00a0LONWORKS I\/O MODULE<br \/>\nR7L-DAC16\u00a0\u00a0 \u00a0LONWORKS I\/O MODULE<br \/>\nR7L-RR8\u00a0\u00a0 \u00a0LONWORKS I\/O MODULE<br \/>\nR7L-SV4\u00a0\u00a0 \u00a0LONWORKS I\/O MODULE<br \/>\nR7L-TS4\u00a0\u00a0 \u00a0LONWORKS I\/O MODULE<br \/>\nR7L-RS4\u00a0\u00a0 \u00a0LONWORKS I\/O MODULE<br \/>\nR7L-YV2\u00a0\u00a0 \u00a0LONWORKS I\/O MODULE<br \/>\nR7L-YS2\u00a0\u00a0 \u00a0LONWORKS I\/O MODULE<br \/>\nR7L-EA8\u00a0\u00a0 \u00a0LONWORKS I\/O MODULE<br \/>\nR7L-EA16\u00a0\u00a0 \u00a0LONWORKS I\/O MODULE<br \/>\nR7L-EC8A\u00a0\u00a0 \u00a0LONWORKS I\/O MODULE<br \/>\nR7L-EC16A\u00a0\u00a0 \u00a0LONWORKS I\/O MODULE<br \/>\nR7L-EC8B\u00a0\u00a0 \u00a0LONWORKS I\/O MODULE<br \/>\nR7L-EC16B\u00a0\u00a0 \u00a0LONWORKS I\/O MODULE<br \/>\nR7LWTU\u00a0\u00a0 \u00a0MULTI POWER MODULE<br \/>\nR7LWTU-EA8\u00a0\u00a0 \u00a0MULTI POWER MODULE<br \/>\nR7ML-DA16\u00a0\u00a0 \u00a0MECHATROLINK I\/O<br \/>\nR7ML-DC16A\u00a0\u00a0 \u00a0MECHATROLINK I\/O<br \/>\nR7D-EA8\u00a0\u00a0 \u00a0DEVICENET I\/O MODULE<br \/>\nR7D-EA16\u00a0\u00a0 \u00a0DEVICENET I\/O MODULE<br \/>\nR7D-EC8A\u00a0\u00a0 \u00a0DEVICENET I\/O MODULE<br \/>\nR7D-EC16A\u00a0\u00a0 \u00a0DEVICENET I\/O MODULE<br \/>\nR7D-EC8B\u00a0\u00a0 \u00a0DEVICENET I\/O MODULE<br \/>\nR7D-EC16B\u00a0\u00a0 \u00a0DEVICENET I\/O MODULE<br \/>\nR7M-DA16\u00a0\u00a0 \u00a0MODBUS I\/O MODULE<br \/>\nR7M-DA16F\u00a0\u00a0 \u00a0MODBUS I\/O MODULE<br \/>\nR7M-DC16A\u00a0\u00a0 \u00a0MODBUS I\/O MODULE<br \/>\nR7M-DC16B\u00a0\u00a0 \u00a0MODBUS I\/O MODULE<br \/>\nR7M-DAC16C\u00a0\u00a0 \u00a0MODBUS I\/O MODULE<br \/>\nR7M-DAC16D\u00a0\u00a0 \u00a0MODBUS I\/O MODULE<br \/>\nR7M-DC8C\u00a0\u00a0 \u00a0MODBUS I\/O MODULE<br \/>\nR7M-RR8\u00a0\u00a0 \u00a0MODBUS I\/O MODULE<br \/>\nR7M-SV4\u00a0\u00a0 \u00a0MODBUS I\/O MODULE<br \/>\nR7M-TS4\u00a0\u00a0 \u00a0MODBUS I\/O MODULE<br \/>\nR7M-RS4\u00a0\u00a0 \u00a0MODBUS I\/O MODULE<br \/>\nR7M-MS4\u00a0\u00a0 \u00a0MODBUS I\/O MODULE<br \/>\nR7M-CT4E\u00a0\u00a0 \u00a0MODBUS I\/O MODULE<br \/>\nR7M-PA8\u00a0\u00a0 \u00a0MODBUS I\/O MODULE<br \/>\nR7M-YV2\u00a0\u00a0 \u00a0MODBUS I\/O MODULE<br \/>\nR7M-YS2\u00a0\u00a0 \u00a0MODBUS I\/O MODULE<br \/>\nR7M-EA8\u00a0\u00a0 \u00a0MODBUS I\/O MODULE<br \/>\nR7M-EA16\u00a0\u00a0 \u00a0MODBUS I\/O MODULE<br \/>\nR7M-EC8A\u00a0\u00a0 \u00a0MODBUS I\/O MODULE<br \/>\nR7M-EC16A\u00a0\u00a0 \u00a0MODBUS I\/O MODULE<br \/>\nR7M-EC8B\u00a0\u00a0 \u00a0MODBUS I\/O MODULE<br \/>\nR7M-EC16B\u00a0\u00a0 \u00a0MODBUS I\/O MODULE<br \/>\nR7M-EC8C\u00a0\u00a0 \u00a0MODBUS I\/O MODULE<br \/>\nR7MWTU\u00a0\u00a0 \u00a0MULTI POWER MONITORING MODULE<br \/>\nR7MWTU-EA8\u00a0\u00a0 \u00a0MULTI POWER MODULE<br \/>\nR7E-DA16\u00a0\u00a0 \u00a0MODBUS\/TCP I\/O MODULE<br \/>\nR7E-DC16A\u00a0\u00a0 \u00a0MODBUS\/TCP I\/O MODULE<br \/>\nR7E-DC16B\u00a0\u00a0 \u00a0MODBUS\/TCP I\/O MODULE<br \/>\nR7E-SV4\u00a0\u00a0 \u00a0MODBUS\/TCP I\/O MODULE<br \/>\nR7E-TS4\u00a0\u00a0 \u00a0MODBUS\/TCP I\/O MODULE<br \/>\nR7C-DA16\u00a0\u00a0 \u00a0CC-LINK I\/O MODULE<br \/>\nR7C-DC16A\u00a0\u00a0 \u00a0CC-LINK I\/O MODULE<br \/>\nR7C-DC16B\u00a0\u00a0 \u00a0CC-LINK I\/O MODULE<br \/>\nR7C-DC8C\u00a0\u00a0 \u00a0CC-LINK I\/O MODULE<br \/>\nR7C-DC8E\u00a0\u00a0 \u00a0CC-LINK I\/O MODULE<br \/>\nR7C-RR4\u00a0\u00a0 \u00a0CC-LINK I\/O MODULE<br \/>\nR7C-SV4\u00a0\u00a0 \u00a0CC-LINK I\/O MODULE<br \/>\nR7C-TS4\u00a0\u00a0 \u00a0CC-LINK I\/O MODULE<br \/>\nR7C-RS4\u00a0\u00a0 \u00a0CC-LINK I\/O MODULE<br \/>\nR7C-RT4A\u00a0\u00a0 \u00a0CC-LINK I\/O MODULE<br \/>\nR7C-MS4\u00a0\u00a0 \u00a0CC-LINK I\/O MODULE<br \/>\nR7C-CT4E\u00a0\u00a0 \u00a0CC-LINK I\/O MODULE<br \/>\nR7C-PA8\u00a0\u00a0 \u00a0CC-LINK I\/O MODULE<br \/>\nR7C-DS4N\u00a0\u00a0 \u00a0CC-LINK I\/O MODULE<br \/>\nR7C-YV2\u00a0\u00a0 \u00a0CC-LINK I\/O MODULE<br \/>\nR7C-YV4\u00a0\u00a0 \u00a0CC-LINK I\/O MODULE<br \/>\nR7C-YS2\u00a0\u00a0 \u00a0CC-LINK I\/O MODULE<br \/>\nR7C-YS4\u00a0\u00a0 \u00a0CC-LINK I\/O MODULE<br \/>\nR7C-EA8\u00a0\u00a0 \u00a0CC-LINK I\/O MODULE<br \/>\nR7C-EA16\u00a0\u00a0 \u00a0CC-LINK I\/O MODULE<br \/>\nR7C-EC8A\u00a0\u00a0 \u00a0CC-LINK I\/O MODULE<br \/>\nR7C-EC16A\u00a0\u00a0 \u00a0CC-LINK I\/O MODULE<br \/>\nR7C-EC8B\u00a0\u00a0 \u00a0CC-LINK I\/O MODULE<br \/>\nR7C-EC16B\u00a0\u00a0 \u00a0CC-LINK I\/O MODULE<br \/>\nR7C-EC8C\u00a0\u00a0 \u00a0CC-LINK I\/O MODULE<br \/>\nR7CWTU\u00a0\u00a0 \u00a0MULTI POWER MONITORING MODULE<br \/>\nR7D-DA16\u00a0\u00a0 \u00a0DEVICENET I\/O MODULE<br \/>\nR7D-DC16A\u00a0\u00a0 \u00a0DEVICENET I\/O MODULE<br \/>\nR7D-DC16B\u00a0\u00a0 \u00a0DEVICENET I\/O MODULE<br \/>\nR7D-DC8C\u00a0\u00a0 \u00a0DEVICENET I\/O MODULE<br \/>\nR7D-RR8\u00a0\u00a0 \u00a0DEVICENET I\/O MODULE<br \/>\nR7D-SV4\u00a0\u00a0 \u00a0DEVICENET I\/O MODULE<br \/>\nR7D-TS4\u00a0\u00a0 \u00a0DEVICENET I\/O MODULE<br \/>\nR7D-RS4\u00a0\u00a0 \u00a0DEVICENET I\/O MODULE<br \/>\nR7D-MS4\u00a0\u00a0 \u00a0DEVICENET I\/O MODULE<br \/>\nR7D-CT4E\u00a0\u00a0 \u00a0DEVICENET I\/O MODULE<br \/>\nR7D-PA8\u00a0\u00a0 \u00a0DEVICENET I\/O MODULE<br \/>\nR7D-YV2\u00a0\u00a0 \u00a0DEVICENET I\/O MODULE<br \/>\nR7D-YV2A\u00a0\u00a0 \u00a0DEVICENET I\/O MODULE<br \/>\nR7D-YS2\u00a0\u00a0 \u00a0DEVICENET I\/O MODULE<br \/>\nR7D-YS2A\u00a0\u00a0 \u00a0DEVICENET I\/O MODULE<br \/>\nR7K4FE-6-DC16\u00a0\u00a0 \u00a0ETHERNET I\/O MODULE<br \/>\nR7K4FML3-6-DA32\u00a0\u00a0 \u00a0MECHATROLINK I\/O MODULE<br \/>\nR7K4FML3-6-DA32-1\u00a0\u00a0 \u00a0MECHATROLINK I\/O MODULE<br \/>\nR7K4FML3-6-DC32A\u00a0\u00a0 \u00a0MECHATROLINK I\/O MODULE<br \/>\nR7K4FML3-6-DC32A1\u00a0\u00a0 \u00a0MECHATROLINK I\/O MODULE<br \/>\nR7K4FML3-6-DC32B\u00a0\u00a0 \u00a0MECHATROLINK I\/O MODULE<br \/>\nR7K4FML3-6-DAC32A\u00a0\u00a0 \u00a0MECHATROLINK I\/O MODULE<br \/>\nR7K4FML3-6-DAC32B\u00a0\u00a0 \u00a0MECHATROLINK I\/O MODULE<br \/>\nR7K4JML3-E-DAFC64A\u00a0\u00a0 \u00a0MECHATROLINK I\/O MODULE<br \/>\nR7G4FML3-6-DA16\u00a0\u00a0 \u00a0MECHATROLINK I\/O MODULE<br \/>\nR7G4FML3-B-DA16A\u00a0\u00a0 \u00a0MECHATROLINK I\/O MODULE<br \/>\nR7G4FML3-6-DC16A\u00a0\u00a0 \u00a0MECHATROLINK I\/O MODULE<br \/>\nR7G4FML3-6-DC16B\u00a0\u00a0 \u00a0MECHATROLINK I\/O MODULE<br \/>\nR7G4HML3-6-SV4\u00a0\u00a0 \u00a0MECHATROLINK I\/O MODULE<br \/>\nR7G4HML3-6-SVF4\u00a0\u00a0 \u00a0MECHATROLINK I\/O MODULE<br \/>\nR7G4HML3-6-TS4\u00a0\u00a0 \u00a0MECHATROLINK I\/O MODULE<br \/>\nR7G4HML3-6-LC2\u00a0\u00a0 \u00a0MECHATROLINK I\/O MODULE<br \/>\nR7G4HML3-6-LC2A\u00a0\u00a0 \u00a0MECHATROLINK I\/O MODULE<br \/>\nR7G4HML3-6-PA1\u00a0\u00a0 \u00a0MECHATROLINK I\/O MODULE<br \/>\nR7G4HML3-6-PA1J\u00a0\u00a0 \u00a0MECHATROLINK-III I\/O<br \/>\nR7G4HML3-6-PA1A1\u00a0\u00a0 \u00a0MECHATROLINK-III I\/O<br \/>\nR7G4HML3-6-PA1A4\u00a0\u00a0 \u00a0MECHATROLINK-III I\/O<br \/>\nR7G4HML3-6-PA1A7\u00a0\u00a0 \u00a0MECHATROLINK-III I\/O<br \/>\nR7G4HML3-6-STYVS1\u00a0\u00a0 \u00a0MECHATROLINK I\/O MODULE<br \/>\nR7G4HML3-6-YVF4\u00a0\u00a0 \u00a0MECHATROLINK I\/O MODULE<br \/>\nR7G4HML3-6-YSF4\u00a0\u00a0 \u00a0MECHATROLINK I\/O MODULE<br \/>\nR7F4HML3-D-DAC32A\u00a0\u00a0 \u00a0MECHATROLINK I\/O MODULE<br \/>\nR7F4HML3-D-DAC32B\u00a0\u00a0 \u00a0MECHATROLINK I\/O MODULE<br \/>\nR7K4FML-6-DA32\u00a0\u00a0 \u00a0MECHATROLINK I\/O MODULE<br \/>\nR7K4FML-6-DCA32A\u00a0\u00a0 \u00a0MECHATROLINK I\/O MODULE<br \/>\nR7K4FML-6-DC32A\u00a0\u00a0 \u00a0MECHATROLINK I\/O MODULE<br \/>\nR7K4FML-6-DC32B\u00a0\u00a0 \u00a0MECHATROLINK I\/O MODULE<br \/>\nR7K4DML-B-DA32A\u00a0\u00a0 \u00a0MECHATROLINK I\/O MODULE<br \/>\nR7K4DML-B-DA32B\u00a0\u00a0 \u00a0MECHATROLINK I\/O MODULE<br \/>\nR7K4DML-B-DAC32A\u00a0\u00a0 \u00a0MECHATROLINK I\/O MODULE<br \/>\nR7K4DML-B-DAC32B\u00a0\u00a0 \u00a0MECHATROLINK I\/O MODULE<br \/>\nR7K4DML-B-DAC32C\u00a0\u00a0 \u00a0MECHATROLINK I\/O MODULE<br \/>\nR7K4DML-B-DAC32D\u00a0\u00a0 \u00a0MECHATROLINK I\/O MODULE<br \/>\nR7G4HML-6-SVF4\u00a0\u00a0 \u00a0MECHATROLINK I\/O MODULE<br \/>\nR7G4HML-6-SVF8N\u00a0\u00a0 \u00a0MECHATROLINK I\/O MODULE<br \/>\nR7G4HML-6-YVF4\u00a0\u00a0 \u00a0MECHATROLINK I\/O MODULE<br \/>\nR7I4DECT-1-DA32A\u00a0\u00a0 \u00a0EtherCAT I\/O MODULE<br \/>\nR7I4DECT-1-DC32A\u00a0\u00a0 \u00a0EtherCAT I\/O MODULE<br \/>\nR7I4DECT-1-DAC32C\u00a0\u00a0 \u00a0EtherCAT I\/O MODULE<br \/>\nR7I4DECT-1-PA8A\u00a0\u00a0 \u00a0EtherCAT I\/O MODULE<br \/>\nR7I4DECT-1-SVF8N\u00a0\u00a0 \u00a0EtherCAT I\/O MODULE<br \/>\nR7I4DECT-1-SVSF8N\u00a0\u00a0 \u00a0EtherCAT I\/O MODULE<br \/>\nR7I4DECT-1-YVF4\u00a0\u00a0 \u00a0EtherCAT I\/O MODULE<br \/>\nR7F4HEIP-DA16A\u00a0\u00a0 \u00a0EtherNet\/IP I\/O MODULE<br \/>\nR7F4HEIP-DC16A\u00a0\u00a0 \u00a0EtherNet\/IP I\/O MODULE<br \/>\nR7F4HEIP-DC16B\u00a0\u00a0 \u00a0EtherNet\/IP I\/O MODULE<br \/>\nR7F4HEIP-DAC16B\u00a0\u00a0 \u00a0EtherNet\/IP I\/O MODULE<br \/>\nR7F4HEIP-DAC16C\u00a0\u00a0 \u00a0EtherNet\/IP I\/O MODULE<br \/>\nR7G4HEIP-6-DA16\u00a0\u00a0 \u00a0EtherNet\/IP I\/O MODULE<br \/>\nR7G4HEIP-6-DC16A\u00a0\u00a0 \u00a0EtherNet\/IP I\/O MODULE<br \/>\nR7G4HEIP-6-DC16B\u00a0\u00a0 \u00a0EtherNet\/IP I\/O MODULE<br \/>\nR7F4DH\u00a0\u00a0 \u00a0HI-SPEED LINK SYSTEM I\/O MODULE<br \/>\nR7K4DH-1-DAC32A\u00a0\u00a0 \u00a0HI-SPEED LINK SYSTEM I\/O MODULE<br \/>\nR7K4DH-1-DAC32B\u00a0\u00a0 \u00a0HI-SPEED LINK SYSTEM I\/O MODULE<br \/>\nR7K4DH-1-DAC32C\u00a0\u00a0 \u00a0HI-SPEED LINK SYSTEM I\/O MODULE<br \/>\nR7K4DH-1-DAC32D\u00a0\u00a0 \u00a0HI-SPEED LINK SYSTEM I\/O MODULE<br \/>\nR7G4HH-A-SVF4\u00a0\u00a0 \u00a0HI-SPEED LINK SYSTEM I\/O MODULE<br \/>\nR7G4HH-A-YVF4\u00a0\u00a0 \u00a0HI-SPEED LINK SYSTEM I\/O MODULE<\/p>\n","protected":false},"excerpt":{"rendered":"<p>M-SYSTEM R7D-EC16A M-SYSTEM R7D-DA16 R7 Series Gateway, Remote I\/O M\u00f4-\u0111un nh\u1ecf g\u1ecdn k\u00edch th\u01b0\u1edbc \u0111\u1ea7u c\u1ecd c\u00f3 th\u1ec3 x\u1eed l\u00fd 4 t\u00edn hi\u1ec7u analog ho\u1eb7c 16 t\u00edn hi\u1ec7u r\u1eddi. 16 m\u00f4-\u0111un \u0111\u1ea7u v\u00e0o \/ \u0111\u1ea7u ra r\u1eddi r\u1ea1c c\u00f3 th\u1ec3 \u0111\u01b0\u1ee3c g\u1eafn v\u00e0o m\u00f4-\u0111un c\u01a1 s\u1edf.\u00a0T\u00edn hi\u1ec7u t\u01b0\u01a1ng t\u1ef1 v\u00e0&hellip; <\/p>\n","protected":false},"featured_media":3472,"comment_status":"open","ping_status":"closed","template":"","meta":[],"product_cat":[683],"product_tag":[685,684,159],"class_list":{"0":"post-3471","1":"product","2":"type-product","3":"status-publish","4":"has-post-thumbnail","6":"product_cat-m-system","7":"product_tag-dai-ly-m-system-viet-nam","8":"product_tag-m-system-viet-nam","9":"product_tag-mo-dun","11":"first","12":"instock","13":"shipping-taxable","14":"product-type-simple"},"yoast_head":"<!-- This site is optimized with the Yoast SEO plugin v22.8 - https:\/\/yoast.com\/wordpress\/plugins\/seo\/ -->\n<title>M-SYSTEM R7D-EC16A - OMANI VI\u1ec6T NAM<\/title>\n<meta name=\"description\" content=\"M-SYSTEM R7D-EC16A I\/O MODULE\" \/>\n<meta name=\"robots\" content=\"index, follow, max-snippet:-1, max-image-preview:large, max-video-preview:-1\" \/>\n<link rel=\"canonical\" href=\"https:\/\/omanivietnam.com\/index.php\/san-pham\/m-system-r7d-ec16a\/\" \/>\n<meta property=\"og:locale\" content=\"vi_VN\" \/>\n<meta property=\"og:type\" content=\"article\" \/>\n<meta property=\"og:title\" content=\"M-SYSTEM R7D-EC16A - OMANI VI\u1ec6T NAM\" \/>\n<meta property=\"og:description\" content=\"M-SYSTEM R7D-EC16A I\/O MODULE\" \/>\n<meta property=\"og:url\" content=\"https:\/\/omanivietnam.com\/index.php\/san-pham\/m-system-r7d-ec16a\/\" \/>\n<meta property=\"og:site_name\" content=\"OMANI VI\u1ec6T NAM\" \/>\n<meta property=\"article:modified_time\" content=\"2025-04-01T07:01:52+00:00\" \/>\n<meta property=\"og:image\" content=\"https:\/\/omanivietnam.com\/wp-content\/uploads\/2025\/04\/R7D-EC16A.png\" \/>\n\t<meta property=\"og:image:width\" content=\"613\" \/>\n\t<meta property=\"og:image:height\" content=\"570\" \/>\n\t<meta property=\"og:image:type\" content=\"image\/png\" \/>\n<meta name=\"twitter:card\" content=\"summary_large_image\" \/>\n<meta name=\"twitter:label1\" content=\"\u01af\u1edbc t\u00ednh th\u1eddi gian \u0111\u1ecdc\" \/>\n\t<meta name=\"twitter:data1\" content=\"7 ph\u00fat\" \/>\n<script type=\"application\/ld+json\" class=\"yoast-schema-graph\">{\"@context\":\"https:\/\/schema.org\",\"@graph\":[{\"@type\":\"WebPage\",\"@id\":\"https:\/\/omanivietnam.com\/index.php\/san-pham\/m-system-r7d-ec16a\/\",\"url\":\"https:\/\/omanivietnam.com\/index.php\/san-pham\/m-system-r7d-ec16a\/\",\"name\":\"M-SYSTEM R7D-EC16A - OMANI VI\u1ec6T NAM\",\"isPartOf\":{\"@id\":\"https:\/\/omanivietnam.com\/#website\"},\"primaryImageOfPage\":{\"@id\":\"https:\/\/omanivietnam.com\/index.php\/san-pham\/m-system-r7d-ec16a\/#primaryimage\"},\"image\":{\"@id\":\"https:\/\/omanivietnam.com\/index.php\/san-pham\/m-system-r7d-ec16a\/#primaryimage\"},\"thumbnailUrl\":\"https:\/\/omanivietnam.com\/wp-content\/uploads\/2025\/04\/R7D-EC16A.png\",\"datePublished\":\"2025-04-01T07:01:51+00:00\",\"dateModified\":\"2025-04-01T07:01:52+00:00\",\"description\":\"M-SYSTEM R7D-EC16A I\/O MODULE\",\"breadcrumb\":{\"@id\":\"https:\/\/omanivietnam.com\/index.php\/san-pham\/m-system-r7d-ec16a\/#breadcrumb\"},\"inLanguage\":\"vi\",\"potentialAction\":[{\"@type\":\"ReadAction\",\"target\":[\"https:\/\/omanivietnam.com\/index.php\/san-pham\/m-system-r7d-ec16a\/\"]}]},{\"@type\":\"ImageObject\",\"inLanguage\":\"vi\",\"@id\":\"https:\/\/omanivietnam.com\/index.php\/san-pham\/m-system-r7d-ec16a\/#primaryimage\",\"url\":\"https:\/\/omanivietnam.com\/wp-content\/uploads\/2025\/04\/R7D-EC16A.png\",\"contentUrl\":\"https:\/\/omanivietnam.com\/wp-content\/uploads\/2025\/04\/R7D-EC16A.png\",\"width\":613,\"height\":570},{\"@type\":\"BreadcrumbList\",\"@id\":\"https:\/\/omanivietnam.com\/index.php\/san-pham\/m-system-r7d-ec16a\/#breadcrumb\",\"itemListElement\":[{\"@type\":\"ListItem\",\"position\":1,\"name\":\"Home\",\"item\":\"https:\/\/omanivietnam.com\/\"},{\"@type\":\"ListItem\",\"position\":2,\"name\":\"S\u1ea2N PH\u1ea8M\",\"item\":\"https:\/\/omanivietnam.com\/index.php\/cua-hang\/\"},{\"@type\":\"ListItem\",\"position\":3,\"name\":\"M-SYSTEM R7D-EC16A\"}]},{\"@type\":\"WebSite\",\"@id\":\"https:\/\/omanivietnam.com\/#website\",\"url\":\"https:\/\/omanivietnam.com\/\",\"name\":\"OMANI VI\u1ec6T NAM\",\"description\":\"Nh\u00e0 ph\u00e2n ph\u1ed1i thi\u1ebft b\u1ecb kh\u00ed n\u00e9n v\u00e0 thi\u1ebft b\u1ecb t\u1ef1 \u0111\u1ed9ng h\u00f3a trong c\u00f4ng nghi\u1ec7p\",\"publisher\":{\"@id\":\"https:\/\/omanivietnam.com\/#\/schema\/person\/0ad398a980dc3fd696111c2c5c8fa897\"},\"potentialAction\":[{\"@type\":\"SearchAction\",\"target\":{\"@type\":\"EntryPoint\",\"urlTemplate\":\"https:\/\/omanivietnam.com\/?s={search_term_string}\"},\"query-input\":\"required name=search_term_string\"}],\"inLanguage\":\"vi\"},{\"@type\":[\"Person\",\"Organization\"],\"@id\":\"https:\/\/omanivietnam.com\/#\/schema\/person\/0ad398a980dc3fd696111c2c5c8fa897\",\"name\":\"Nguy\u1ec5n V\u0103n Kh\u00e1nh\",\"image\":{\"@type\":\"ImageObject\",\"inLanguage\":\"vi\",\"@id\":\"https:\/\/omanivietnam.com\/#\/schema\/person\/image\/\",\"url\":\"https:\/\/omanivietnam.com\/wp-content\/uploads\/2024\/06\/logo-1024x1024.png\",\"contentUrl\":\"https:\/\/omanivietnam.com\/wp-content\/uploads\/2024\/06\/logo-1024x1024.png\",\"width\":1024,\"height\":1024,\"caption\":\"Nguy\u1ec5n V\u0103n Kh\u00e1nh\"},\"logo\":{\"@id\":\"https:\/\/omanivietnam.com\/#\/schema\/person\/image\/\"},\"sameAs\":[\"https:\/\/omanivietnam.com\"]}]}<\/script>\n<!-- \/ Yoast SEO plugin. -->","yoast_head_json":{"title":"M-SYSTEM R7D-EC16A - OMANI VI\u1ec6T NAM","description":"M-SYSTEM R7D-EC16A I\/O MODULE","robots":{"index":"index","follow":"follow","max-snippet":"max-snippet:-1","max-image-preview":"max-image-preview:large","max-video-preview":"max-video-preview:-1"},"canonical":"https:\/\/omanivietnam.com\/index.php\/san-pham\/m-system-r7d-ec16a\/","og_locale":"vi_VN","og_type":"article","og_title":"M-SYSTEM R7D-EC16A - OMANI VI\u1ec6T NAM","og_description":"M-SYSTEM R7D-EC16A I\/O MODULE","og_url":"https:\/\/omanivietnam.com\/index.php\/san-pham\/m-system-r7d-ec16a\/","og_site_name":"OMANI VI\u1ec6T NAM","article_modified_time":"2025-04-01T07:01:52+00:00","og_image":[{"width":613,"height":570,"url":"https:\/\/omanivietnam.com\/wp-content\/uploads\/2025\/04\/R7D-EC16A.png","type":"image\/png"}],"twitter_card":"summary_large_image","twitter_misc":{"\u01af\u1edbc t\u00ednh th\u1eddi gian \u0111\u1ecdc":"7 ph\u00fat"},"schema":{"@context":"https:\/\/schema.org","@graph":[{"@type":"WebPage","@id":"https:\/\/omanivietnam.com\/index.php\/san-pham\/m-system-r7d-ec16a\/","url":"https:\/\/omanivietnam.com\/index.php\/san-pham\/m-system-r7d-ec16a\/","name":"M-SYSTEM R7D-EC16A - OMANI VI\u1ec6T NAM","isPartOf":{"@id":"https:\/\/omanivietnam.com\/#website"},"primaryImageOfPage":{"@id":"https:\/\/omanivietnam.com\/index.php\/san-pham\/m-system-r7d-ec16a\/#primaryimage"},"image":{"@id":"https:\/\/omanivietnam.com\/index.php\/san-pham\/m-system-r7d-ec16a\/#primaryimage"},"thumbnailUrl":"https:\/\/omanivietnam.com\/wp-content\/uploads\/2025\/04\/R7D-EC16A.png","datePublished":"2025-04-01T07:01:51+00:00","dateModified":"2025-04-01T07:01:52+00:00","description":"M-SYSTEM R7D-EC16A I\/O MODULE","breadcrumb":{"@id":"https:\/\/omanivietnam.com\/index.php\/san-pham\/m-system-r7d-ec16a\/#breadcrumb"},"inLanguage":"vi","potentialAction":[{"@type":"ReadAction","target":["https:\/\/omanivietnam.com\/index.php\/san-pham\/m-system-r7d-ec16a\/"]}]},{"@type":"ImageObject","inLanguage":"vi","@id":"https:\/\/omanivietnam.com\/index.php\/san-pham\/m-system-r7d-ec16a\/#primaryimage","url":"https:\/\/omanivietnam.com\/wp-content\/uploads\/2025\/04\/R7D-EC16A.png","contentUrl":"https:\/\/omanivietnam.com\/wp-content\/uploads\/2025\/04\/R7D-EC16A.png","width":613,"height":570},{"@type":"BreadcrumbList","@id":"https:\/\/omanivietnam.com\/index.php\/san-pham\/m-system-r7d-ec16a\/#breadcrumb","itemListElement":[{"@type":"ListItem","position":1,"name":"Home","item":"https:\/\/omanivietnam.com\/"},{"@type":"ListItem","position":2,"name":"S\u1ea2N PH\u1ea8M","item":"https:\/\/omanivietnam.com\/index.php\/cua-hang\/"},{"@type":"ListItem","position":3,"name":"M-SYSTEM R7D-EC16A"}]},{"@type":"WebSite","@id":"https:\/\/omanivietnam.com\/#website","url":"https:\/\/omanivietnam.com\/","name":"OMANI VI\u1ec6T NAM","description":"Nh\u00e0 ph\u00e2n ph\u1ed1i thi\u1ebft b\u1ecb kh\u00ed n\u00e9n v\u00e0 thi\u1ebft b\u1ecb t\u1ef1 \u0111\u1ed9ng h\u00f3a trong c\u00f4ng nghi\u1ec7p","publisher":{"@id":"https:\/\/omanivietnam.com\/#\/schema\/person\/0ad398a980dc3fd696111c2c5c8fa897"},"potentialAction":[{"@type":"SearchAction","target":{"@type":"EntryPoint","urlTemplate":"https:\/\/omanivietnam.com\/?s={search_term_string}"},"query-input":"required name=search_term_string"}],"inLanguage":"vi"},{"@type":["Person","Organization"],"@id":"https:\/\/omanivietnam.com\/#\/schema\/person\/0ad398a980dc3fd696111c2c5c8fa897","name":"Nguy\u1ec5n V\u0103n Kh\u00e1nh","image":{"@type":"ImageObject","inLanguage":"vi","@id":"https:\/\/omanivietnam.com\/#\/schema\/person\/image\/","url":"https:\/\/omanivietnam.com\/wp-content\/uploads\/2024\/06\/logo-1024x1024.png","contentUrl":"https:\/\/omanivietnam.com\/wp-content\/uploads\/2024\/06\/logo-1024x1024.png","width":1024,"height":1024,"caption":"Nguy\u1ec5n V\u0103n Kh\u00e1nh"},"logo":{"@id":"https:\/\/omanivietnam.com\/#\/schema\/person\/image\/"},"sameAs":["https:\/\/omanivietnam.com"]}]}},"_links":{"self":[{"href":"https:\/\/omanivietnam.com\/index.php\/wp-json\/wp\/v2\/product\/3471","targetHints":{"allow":["GET"]}}],"collection":[{"href":"https:\/\/omanivietnam.com\/index.php\/wp-json\/wp\/v2\/product"}],"about":[{"href":"https:\/\/omanivietnam.com\/index.php\/wp-json\/wp\/v2\/types\/product"}],"replies":[{"embeddable":true,"href":"https:\/\/omanivietnam.com\/index.php\/wp-json\/wp\/v2\/comments?post=3471"}],"wp:featuredmedia":[{"embeddable":true,"href":"https:\/\/omanivietnam.com\/index.php\/wp-json\/wp\/v2\/media\/3472"}],"wp:attachment":[{"href":"https:\/\/omanivietnam.com\/index.php\/wp-json\/wp\/v2\/media?parent=3471"}],"wp:term":[{"taxonomy":"product_cat","embeddable":true,"href":"https:\/\/omanivietnam.com\/index.php\/wp-json\/wp\/v2\/product_cat?post=3471"},{"taxonomy":"product_tag","embeddable":true,"href":"https:\/\/omanivietnam.com\/index.php\/wp-json\/wp\/v2\/product_tag?post=3471"}],"curies":[{"name":"wp","href":"https:\/\/api.w.org\/{rel}","templated":true}]}}