{"id":3494,"date":"2025-04-05T22:21:03","date_gmt":"2025-04-05T15:21:03","guid":{"rendered":"https:\/\/omanivietnam.com\/?post_type=product&#038;p=3494"},"modified":"2025-04-16T20:53:43","modified_gmt":"2025-04-16T13:53:43","slug":"nordson-901138-dc24v","status":"publish","type":"product","link":"https:\/\/omanivietnam.com\/index.php\/san-pham\/nordson-901138-dc24v\/","title":{"rendered":"NORDSON 901138 DC24V"},"content":{"rendered":"<p>NORDSON 901138 DC24V<\/p>\n<p class=\"productView-title\">Replacement for Nordson\u00ae 901138, Solenoid Valve<\/p>\n<p class=\"tab-content-title\">Product Description<\/p>\n<p>This is a standard 3 way High temperature solenoid valve 24vDC with LED light. Replacement for Nordson\u00ae Saturn S3 24vDC solenoid valve 1069208 Replacement Nordson\u00ae Solenoid valve 1069208<\/p>\n<p>C\u00e1c s\u1ea3n ph\u1ea9m Nordson :<br \/>\n1007373 FILTER,SATURN,100MESH,5 FILTERS PER PACK<\/p>\n<p>1015816 B\u00e9c phun keo, m\u00e3 1015816<\/p>\n<p>1015818 NOZZLE,90,DUAL15,.018DIA,BRN&amp;RED<\/p>\n<p>1028304 KIT,SERVICE,PUMP,P4,P7 &amp; P10<\/p>\n<p>1028305 KIT,FILTER,SATURN,MELTER,100 MESH<\/p>\n<p>1028307 KIT, SVCE, PNEUMATIC PANEL ASSY, P4, P7&amp;P10<\/p>\n<p>1028321 Thermostat, 260 _C (500 _F)<\/p>\n<p>1028325 Kit, CPU control board<\/p>\n<p>1031233 RTD sensor<\/p>\n<p>1031234 RTD sensor, tank<\/p>\n<p>1052925 KIT,MODULE,SOLIDBLUE S<\/p>\n<p>1052931 KIT,MODULE,SUREBEAD S,.016,ORANGE<\/p>\n<p>1052936 KIT,MODULE,SUREBEAD A,.016,ORANGE<\/p>\n<p>1053894 SOLENOID, REPL,SATURN, L4, 24 DC,ST,RV,L<\/p>\n<p>105432 SERVICE KIT, MAN FLTR ASSY MESA<\/p>\n<p>1054659 Heaters<\/p>\n<p>1056119 SOLENOID,REPL,SATURN,L3,24 DC,ST,RV,LED<\/p>\n<p>107287 HOSE,BLUE SERIES,5\/16X 8 FT,240V,AUTO HF<\/p>\n<p>1099532 Kit, PCA, motor control, AltaBlue<\/p>\n<p>1100452 MUFFLER,1\/8 NPT,PLASTIC,COMPACT<\/p>\n<p>1100687 CABLE ASSY,SOL,M8,3-WIRE,5 METERS<\/p>\n<p>1122064 Main controller board<\/p>\n<p>1124670 Controller, spectra30, encoder,2RU,rem<\/p>\n<p>114928 NOZ,2ORI,.016X30DG,H200<\/p>\n<p>131476 Sensor, diffuse mode<\/p>\n<p>152926 NUT,RETAINING<\/p>\n<p>164601 SERVICE KIT,SP PUMP E,14:1 UPT<\/p>\n<p>322218 NOZZLE,BR,RED&amp;BLU,.018DIAX.100<\/p>\n<p>322418 NOZZLE,BR,RED&amp;BLK,.018DIAX.300<\/p>\n<p>771458 SOLENOID, SD, MINIBLUE<\/p>\n<p>772050 Speedsens, encdr, 500 pulse, 10mm<\/p>\n<p>772052 Cablassy, encdr, 10pos, cir, 30ft<\/p>\n<p>8527355 MB2-012-00AIA-000-TTSSPF41-000-000<\/p>\n<p>901138 VALVE,SOLENOID,24VDC,1\/8NPT<\/p>\n<p>972288 CONN,MALE,8MM T X 1\/8 UNI<\/p>\n","protected":false},"excerpt":{"rendered":"<p>NORDSON 901138 DC24V Replacement for Nordson\u00ae 901138, Solenoid Valve Product Description This is a standard 3 way High temperature solenoid valve 24vDC with LED light. Replacement for Nordson\u00ae Saturn S3 24vDC solenoid valve 1069208 Replacement Nordson\u00ae Solenoid valve 1069208 C\u00e1c s\u1ea3n ph\u1ea9m Nordson : 1007373 FILTER,SATURN,100MESH,5 FILTERS PER PACK 1015816&hellip; <\/p>\n","protected":false},"featured_media":3495,"comment_status":"open","ping_status":"closed","template":"","meta":[],"product_cat":[296],"product_tag":[280,279,102],"class_list":{"0":"post-3494","1":"product","2":"type-product","3":"status-publish","4":"has-post-thumbnail","6":"product_cat-nordson","7":"product_tag-dai-ly-nordson-viet-nam","8":"product_tag-nordson-viet-nam","9":"product_tag-van-khi-nen","11":"first","12":"instock","13":"shipping-taxable","14":"product-type-simple"},"yoast_head":"<!-- This site is optimized with the Yoast SEO plugin v22.8 - https:\/\/yoast.com\/wordpress\/plugins\/seo\/ -->\n<title>NORDSON 901138 DC24V - OMANI VI\u1ec6T NAM<\/title>\n<meta name=\"description\" content=\"NORDSON 901138 DC24V Solenoid Valve\" \/>\n<meta name=\"robots\" content=\"index, follow, max-snippet:-1, max-image-preview:large, max-video-preview:-1\" \/>\n<link rel=\"canonical\" href=\"https:\/\/omanivietnam.com\/index.php\/san-pham\/nordson-901138-dc24v\/\" \/>\n<meta property=\"og:locale\" content=\"vi_VN\" \/>\n<meta property=\"og:type\" content=\"article\" \/>\n<meta property=\"og:title\" content=\"NORDSON 901138 DC24V - OMANI VI\u1ec6T NAM\" \/>\n<meta property=\"og:description\" content=\"NORDSON 901138 DC24V Solenoid Valve\" \/>\n<meta property=\"og:url\" content=\"https:\/\/omanivietnam.com\/index.php\/san-pham\/nordson-901138-dc24v\/\" \/>\n<meta property=\"og:site_name\" content=\"OMANI VI\u1ec6T NAM\" \/>\n<meta property=\"article:modified_time\" content=\"2025-04-16T13:53:43+00:00\" \/>\n<meta property=\"og:image\" content=\"https:\/\/omanivietnam.com\/wp-content\/uploads\/2025\/04\/901138-DC24V.png\" \/>\n\t<meta property=\"og:image:width\" content=\"560\" \/>\n\t<meta property=\"og:image:height\" content=\"349\" \/>\n\t<meta property=\"og:image:type\" content=\"image\/png\" \/>\n<meta name=\"twitter:card\" content=\"summary_large_image\" \/>\n<meta name=\"twitter:label1\" content=\"\u01af\u1edbc t\u00ednh th\u1eddi gian \u0111\u1ecdc\" \/>\n\t<meta name=\"twitter:data1\" content=\"2 ph\u00fat\" \/>\n<script type=\"application\/ld+json\" class=\"yoast-schema-graph\">{\"@context\":\"https:\/\/schema.org\",\"@graph\":[{\"@type\":\"WebPage\",\"@id\":\"https:\/\/omanivietnam.com\/index.php\/san-pham\/nordson-901138-dc24v\/\",\"url\":\"https:\/\/omanivietnam.com\/index.php\/san-pham\/nordson-901138-dc24v\/\",\"name\":\"NORDSON 901138 DC24V - OMANI VI\u1ec6T NAM\",\"isPartOf\":{\"@id\":\"https:\/\/omanivietnam.com\/#website\"},\"primaryImageOfPage\":{\"@id\":\"https:\/\/omanivietnam.com\/index.php\/san-pham\/nordson-901138-dc24v\/#primaryimage\"},\"image\":{\"@id\":\"https:\/\/omanivietnam.com\/index.php\/san-pham\/nordson-901138-dc24v\/#primaryimage\"},\"thumbnailUrl\":\"https:\/\/omanivietnam.com\/wp-content\/uploads\/2025\/04\/901138-DC24V.png\",\"datePublished\":\"2025-04-05T15:21:03+00:00\",\"dateModified\":\"2025-04-16T13:53:43+00:00\",\"description\":\"NORDSON 901138 DC24V Solenoid Valve\",\"breadcrumb\":{\"@id\":\"https:\/\/omanivietnam.com\/index.php\/san-pham\/nordson-901138-dc24v\/#breadcrumb\"},\"inLanguage\":\"vi\",\"potentialAction\":[{\"@type\":\"ReadAction\",\"target\":[\"https:\/\/omanivietnam.com\/index.php\/san-pham\/nordson-901138-dc24v\/\"]}]},{\"@type\":\"ImageObject\",\"inLanguage\":\"vi\",\"@id\":\"https:\/\/omanivietnam.com\/index.php\/san-pham\/nordson-901138-dc24v\/#primaryimage\",\"url\":\"https:\/\/omanivietnam.com\/wp-content\/uploads\/2025\/04\/901138-DC24V.png\",\"contentUrl\":\"https:\/\/omanivietnam.com\/wp-content\/uploads\/2025\/04\/901138-DC24V.png\",\"width\":560,\"height\":349},{\"@type\":\"BreadcrumbList\",\"@id\":\"https:\/\/omanivietnam.com\/index.php\/san-pham\/nordson-901138-dc24v\/#breadcrumb\",\"itemListElement\":[{\"@type\":\"ListItem\",\"position\":1,\"name\":\"Home\",\"item\":\"https:\/\/omanivietnam.com\/\"},{\"@type\":\"ListItem\",\"position\":2,\"name\":\"S\u1ea2N PH\u1ea8M\",\"item\":\"https:\/\/omanivietnam.com\/index.php\/cua-hang\/\"},{\"@type\":\"ListItem\",\"position\":3,\"name\":\"NORDSON 901138 DC24V\"}]},{\"@type\":\"WebSite\",\"@id\":\"https:\/\/omanivietnam.com\/#website\",\"url\":\"https:\/\/omanivietnam.com\/\",\"name\":\"OMANI VI\u1ec6T NAM\",\"description\":\"Nh\u00e0 ph\u00e2n ph\u1ed1i thi\u1ebft b\u1ecb kh\u00ed n\u00e9n v\u00e0 thi\u1ebft b\u1ecb t\u1ef1 \u0111\u1ed9ng h\u00f3a trong c\u00f4ng nghi\u1ec7p\",\"publisher\":{\"@id\":\"https:\/\/omanivietnam.com\/#\/schema\/person\/0ad398a980dc3fd696111c2c5c8fa897\"},\"potentialAction\":[{\"@type\":\"SearchAction\",\"target\":{\"@type\":\"EntryPoint\",\"urlTemplate\":\"https:\/\/omanivietnam.com\/?s={search_term_string}\"},\"query-input\":\"required name=search_term_string\"}],\"inLanguage\":\"vi\"},{\"@type\":[\"Person\",\"Organization\"],\"@id\":\"https:\/\/omanivietnam.com\/#\/schema\/person\/0ad398a980dc3fd696111c2c5c8fa897\",\"name\":\"Nguy\u1ec5n V\u0103n Kh\u00e1nh\",\"image\":{\"@type\":\"ImageObject\",\"inLanguage\":\"vi\",\"@id\":\"https:\/\/omanivietnam.com\/#\/schema\/person\/image\/\",\"url\":\"https:\/\/omanivietnam.com\/wp-content\/uploads\/2024\/06\/logo-1024x1024.png\",\"contentUrl\":\"https:\/\/omanivietnam.com\/wp-content\/uploads\/2024\/06\/logo-1024x1024.png\",\"width\":1024,\"height\":1024,\"caption\":\"Nguy\u1ec5n V\u0103n Kh\u00e1nh\"},\"logo\":{\"@id\":\"https:\/\/omanivietnam.com\/#\/schema\/person\/image\/\"},\"sameAs\":[\"https:\/\/omanivietnam.com\"]}]}<\/script>\n<!-- \/ Yoast SEO plugin. -->","yoast_head_json":{"title":"NORDSON 901138 DC24V - OMANI VI\u1ec6T NAM","description":"NORDSON 901138 DC24V Solenoid Valve","robots":{"index":"index","follow":"follow","max-snippet":"max-snippet:-1","max-image-preview":"max-image-preview:large","max-video-preview":"max-video-preview:-1"},"canonical":"https:\/\/omanivietnam.com\/index.php\/san-pham\/nordson-901138-dc24v\/","og_locale":"vi_VN","og_type":"article","og_title":"NORDSON 901138 DC24V - OMANI VI\u1ec6T NAM","og_description":"NORDSON 901138 DC24V Solenoid Valve","og_url":"https:\/\/omanivietnam.com\/index.php\/san-pham\/nordson-901138-dc24v\/","og_site_name":"OMANI VI\u1ec6T NAM","article_modified_time":"2025-04-16T13:53:43+00:00","og_image":[{"width":560,"height":349,"url":"https:\/\/omanivietnam.com\/wp-content\/uploads\/2025\/04\/901138-DC24V.png","type":"image\/png"}],"twitter_card":"summary_large_image","twitter_misc":{"\u01af\u1edbc t\u00ednh th\u1eddi gian \u0111\u1ecdc":"2 ph\u00fat"},"schema":{"@context":"https:\/\/schema.org","@graph":[{"@type":"WebPage","@id":"https:\/\/omanivietnam.com\/index.php\/san-pham\/nordson-901138-dc24v\/","url":"https:\/\/omanivietnam.com\/index.php\/san-pham\/nordson-901138-dc24v\/","name":"NORDSON 901138 DC24V - OMANI VI\u1ec6T NAM","isPartOf":{"@id":"https:\/\/omanivietnam.com\/#website"},"primaryImageOfPage":{"@id":"https:\/\/omanivietnam.com\/index.php\/san-pham\/nordson-901138-dc24v\/#primaryimage"},"image":{"@id":"https:\/\/omanivietnam.com\/index.php\/san-pham\/nordson-901138-dc24v\/#primaryimage"},"thumbnailUrl":"https:\/\/omanivietnam.com\/wp-content\/uploads\/2025\/04\/901138-DC24V.png","datePublished":"2025-04-05T15:21:03+00:00","dateModified":"2025-04-16T13:53:43+00:00","description":"NORDSON 901138 DC24V Solenoid Valve","breadcrumb":{"@id":"https:\/\/omanivietnam.com\/index.php\/san-pham\/nordson-901138-dc24v\/#breadcrumb"},"inLanguage":"vi","potentialAction":[{"@type":"ReadAction","target":["https:\/\/omanivietnam.com\/index.php\/san-pham\/nordson-901138-dc24v\/"]}]},{"@type":"ImageObject","inLanguage":"vi","@id":"https:\/\/omanivietnam.com\/index.php\/san-pham\/nordson-901138-dc24v\/#primaryimage","url":"https:\/\/omanivietnam.com\/wp-content\/uploads\/2025\/04\/901138-DC24V.png","contentUrl":"https:\/\/omanivietnam.com\/wp-content\/uploads\/2025\/04\/901138-DC24V.png","width":560,"height":349},{"@type":"BreadcrumbList","@id":"https:\/\/omanivietnam.com\/index.php\/san-pham\/nordson-901138-dc24v\/#breadcrumb","itemListElement":[{"@type":"ListItem","position":1,"name":"Home","item":"https:\/\/omanivietnam.com\/"},{"@type":"ListItem","position":2,"name":"S\u1ea2N PH\u1ea8M","item":"https:\/\/omanivietnam.com\/index.php\/cua-hang\/"},{"@type":"ListItem","position":3,"name":"NORDSON 901138 DC24V"}]},{"@type":"WebSite","@id":"https:\/\/omanivietnam.com\/#website","url":"https:\/\/omanivietnam.com\/","name":"OMANI VI\u1ec6T NAM","description":"Nh\u00e0 ph\u00e2n ph\u1ed1i thi\u1ebft b\u1ecb kh\u00ed n\u00e9n v\u00e0 thi\u1ebft b\u1ecb t\u1ef1 \u0111\u1ed9ng h\u00f3a trong c\u00f4ng nghi\u1ec7p","publisher":{"@id":"https:\/\/omanivietnam.com\/#\/schema\/person\/0ad398a980dc3fd696111c2c5c8fa897"},"potentialAction":[{"@type":"SearchAction","target":{"@type":"EntryPoint","urlTemplate":"https:\/\/omanivietnam.com\/?s={search_term_string}"},"query-input":"required name=search_term_string"}],"inLanguage":"vi"},{"@type":["Person","Organization"],"@id":"https:\/\/omanivietnam.com\/#\/schema\/person\/0ad398a980dc3fd696111c2c5c8fa897","name":"Nguy\u1ec5n V\u0103n Kh\u00e1nh","image":{"@type":"ImageObject","inLanguage":"vi","@id":"https:\/\/omanivietnam.com\/#\/schema\/person\/image\/","url":"https:\/\/omanivietnam.com\/wp-content\/uploads\/2024\/06\/logo-1024x1024.png","contentUrl":"https:\/\/omanivietnam.com\/wp-content\/uploads\/2024\/06\/logo-1024x1024.png","width":1024,"height":1024,"caption":"Nguy\u1ec5n V\u0103n Kh\u00e1nh"},"logo":{"@id":"https:\/\/omanivietnam.com\/#\/schema\/person\/image\/"},"sameAs":["https:\/\/omanivietnam.com"]}]}},"_links":{"self":[{"href":"https:\/\/omanivietnam.com\/index.php\/wp-json\/wp\/v2\/product\/3494","targetHints":{"allow":["GET"]}}],"collection":[{"href":"https:\/\/omanivietnam.com\/index.php\/wp-json\/wp\/v2\/product"}],"about":[{"href":"https:\/\/omanivietnam.com\/index.php\/wp-json\/wp\/v2\/types\/product"}],"replies":[{"embeddable":true,"href":"https:\/\/omanivietnam.com\/index.php\/wp-json\/wp\/v2\/comments?post=3494"}],"wp:featuredmedia":[{"embeddable":true,"href":"https:\/\/omanivietnam.com\/index.php\/wp-json\/wp\/v2\/media\/3495"}],"wp:attachment":[{"href":"https:\/\/omanivietnam.com\/index.php\/wp-json\/wp\/v2\/media?parent=3494"}],"wp:term":[{"taxonomy":"product_cat","embeddable":true,"href":"https:\/\/omanivietnam.com\/index.php\/wp-json\/wp\/v2\/product_cat?post=3494"},{"taxonomy":"product_tag","embeddable":true,"href":"https:\/\/omanivietnam.com\/index.php\/wp-json\/wp\/v2\/product_tag?post=3494"}],"curies":[{"name":"wp","href":"https:\/\/api.w.org\/{rel}","templated":true}]}}