{"id":3504,"date":"2025-04-07T22:35:45","date_gmt":"2025-04-07T15:35:45","guid":{"rendered":"https:\/\/omanivietnam.com\/?post_type=product&#038;p=3504"},"modified":"2025-04-07T22:35:45","modified_gmt":"2025-04-07T15:35:45","slug":"festo-vn-20-h-t6-pi5-vi6-ro2","status":"publish","type":"product","link":"https:\/\/omanivietnam.com\/index.php\/san-pham\/festo-vn-20-h-t6-pi5-vi6-ro2\/","title":{"rendered":"FESTO VN-20-H-T6-PI5-VI6-RO2"},"content":{"rendered":"<p>FESTO VN-20-H-T6-PI5-VI6-RO2<\/p>\n<h2 class=\"title-product item_name\">\u00a0FESTO VN-20-H-T6-PI5-VI6-RO2 526141<\/h2>\n<h3>1. FESTO VN-20-H-T6-PI5-VI6-RO2 526141:<\/h3>\n<div>Chi\u1ec1u r\u1ed9ng danh ngh\u0129a c\u1ee7a v\u00f2i Laval: 2mm<br \/>\nK\u00edch th\u01b0\u1edbc chi\u1ec1u r\u1ed9ng: 24mm<br \/>\nKi\u1ec3u x\u00e2y d\u1ef1ng b\u1ed9 gi\u1ea3m \u00e2m: M\u1edf<br \/>\nV\u1ecb tr\u00ed l\u1eafp \u0111\u1eb7t: B\u1ea5t k\u00ec<br \/>\n\u0110\u1eb7c \u0111i\u1ec3m \u0111\u1ea7u phun: Ti\u00eau chu\u1ea9n ch\u00e2n kh\u00f4ng cao<br \/>\nCh\u1ee9c n\u0103ng t\u00edch h\u1ee3p: B\u1ed9 gi\u1ea3m thanh kh\u00ed n\u00e9n m\u1edf<br \/>\nThi\u1ebft k\u1ebf c\u1ea5u tr\u00fac: h\u00ecnh ch\u1eef T<br \/>\nBi\u1ec3u t\u01b0\u1ee3ng: 00991489<br \/>\n\u00c1p su\u1ea5t v\u1eadn h\u00e0nh t\u1ed1i \u0111a. t\u1ed1c \u0111\u1ed9 h\u00fat: 2 thanh<br \/>\n\u00c1p l\u1ef1c v\u1eadn h\u00e0nh: 1 thanh\u2026 8 thanh<br \/>\n\u00c1p su\u1ea5t v\u1eadn h\u00e0nh t\u1ed1i \u0111a. m\u00e1y h\u00fat b\u1ee5i: 3,5 thanh<br \/>\nT\u1ed1i \u0111a. m\u00e1y h\u00fat b\u1ee5i: 92%<br \/>\n\u00c1p su\u1ea5t v\u1eadn h\u00e0nh danh ngh\u0129a: 6 thanh<br \/>\nT\u1ed1i \u0111a. t\u1ed1c \u0111\u1ed9 h\u00fat \u0111\u1ed1i v\u1edbi kh\u00ed quy\u1ec3n: 98 l\u00edt\/ph\u00fat<br \/>\nTh\u1eddi gian c\u1ea5p kh\u00ed \u1edf \u00e1p su\u1ea5t v\u1eadn h\u00e0nh danh ngh\u0129a: 0,2 gi\u00e2y<br \/>\nPh\u01b0\u01a1ng ti\u1ec7n v\u1eadn h\u00e0nh: Kh\u00ed n\u00e9n theo ti\u00eau chu\u1ea9n ISO 8573-1:2010 [7:4:4] Th\u00f4ng tin v\u1ec1 ph\u01b0\u01a1ng ti\u1ec7n v\u1eadn h\u00e0nh v\u00e0 th\u00ed \u0111i\u1ec3m: Kh\u00f4ng th\u1ec3 v\u1eadn h\u00e0nh v\u1edbi d\u1ea7u b\u00f4i tr\u01a1n<br \/>\nL\u1edbp ch\u1ed1ng \u0103n m\u00f2n (CRC): 2 \u2013 \u1ee8ng su\u1ea5t \u0103n m\u00f2n v\u1eeba ph\u1ea3i<br \/>\nTu\u00e2n th\u1ee7 LABS (PWIS): VDMA24364 v\u00f9ng III<br \/>\nNhi\u1ec7t \u0111\u1ed9 m\u00f4i tr\u01b0\u1eddng: 0\u00b0C\u202660\u00b0C<br \/>\n\u0110\u1ed9 \u1ed3n \u1edf \u00e1p su\u1ea5t v\u1eadn h\u00e0nh danh ngh\u0129a: 63 dB(A)<br \/>\nNhi\u1ec7t \u0111\u1ed9 m\u00f4i tr\u01b0\u1eddng xung quanh: 0\u00b0C\u202660\u00b0C<br \/>\nT\u1ed1i \u0111a. m\u00f4-men xo\u1eafn th\u1eaft ch\u1eb7t: 0,8 Nm<br \/>\nTr\u1ecdng l\u01b0\u1ee3ng s\u1ea3n ph\u1ea9m: 183 gam<br \/>\nKi\u1ec3u l\u1eafp \u0111\u1eb7t: C\u00f3 l\u1ed7 xuy\u00ean C\u00f3 ph\u1ee5 ki\u1ec7n<br \/>\nK\u1ebft n\u1ed1i kh\u00ed n\u00e9n 1: G1\/4<br \/>\nK\u1ebft n\u1ed1i kh\u00ed n\u00e9n 3: B\u1ed9 gi\u1ea3m thanh kh\u00ed n\u00e9n m\u1edf<br \/>\nK\u1ebft n\u1ed1i ch\u00e2n kh\u00f4ng: G3\/8<br \/>\nCh\u1ea5t li\u1ec7u ren n\u1ed1i: H\u1ee3p kim nh\u00f4m r\u00e8n, anodized<br \/>\nL\u01b0u \u00fd v\u1ec1 ch\u1ea5t li\u1ec7u: Tu\u00e2n th\u1ee7 RoHS<br \/>\nV\u1eadt li\u1ec7u b\u1ecbt k\u00edn: NBR<br \/>\nCh\u1ea5t li\u1ec7u v\u00f2i phun n\u1eef: POM<br \/>\nV\u1eadt li\u1ec7u nh\u00e0 \u1edf: \u0111\u01b0\u1ee3c gia c\u1ed1 b\u1eb1ng POM<br \/>\nCh\u1ea5t li\u1ec7u gi\u1ea3m \u00e2m: Nh\u00f4m \u0111\u00fac x\u1ed1p POM PU<br \/>\nCh\u1ea5t li\u1ec7u v\u00f2i phun: H\u1ee3p kim nh\u00f4m r\u00e8n<\/div>\n<h3>2. C\u00e1c m\u00e3 h\u00e0ng t\u01b0\u01a1ng \u0111\u01b0\u01a1ng VN-20-H-T6-PI5-VI6-RO2 526141:<\/h3>\n<div>VN-07-M-I3-PQ2-VQ2-A<br \/>\nVN-05-M-I3-PQ2-VT2<br \/>\nVN-05-M-I3-PQ2-VQ2<br \/>\nVN-07-M-I2-PQ1-VT1<\/div>\n","protected":false},"excerpt":{"rendered":"<p>FESTO VN-20-H-T6-PI5-VI6-RO2 \u00a0FESTO VN-20-H-T6-PI5-VI6-RO2 526141 1. FESTO VN-20-H-T6-PI5-VI6-RO2 526141: Chi\u1ec1u r\u1ed9ng danh ngh\u0129a c\u1ee7a v\u00f2i Laval: 2mm K\u00edch th\u01b0\u1edbc chi\u1ec1u r\u1ed9ng: 24mm Ki\u1ec3u x\u00e2y d\u1ef1ng b\u1ed9 gi\u1ea3m \u00e2m: M\u1edf V\u1ecb tr\u00ed l\u1eafp \u0111\u1eb7t: B\u1ea5t k\u00ec \u0110\u1eb7c \u0111i\u1ec3m \u0111\u1ea7u phun: Ti\u00eau chu\u1ea9n ch\u00e2n kh\u00f4ng cao Ch\u1ee9c n\u0103ng t\u00edch h\u1ee3p: B\u1ed9 gi\u1ea3m&hellip; <\/p>\n","protected":false},"featured_media":3505,"comment_status":"open","ping_status":"closed","template":"","meta":[],"product_cat":[284],"product_tag":[364,363,124],"class_list":{"0":"post-3504","1":"product","2":"type-product","3":"status-publish","4":"has-post-thumbnail","6":"product_cat-festo","7":"product_tag-dai-ly-festo-viet-nam","8":"product_tag-festo-viet-nam","9":"product_tag-giac-hut","11":"first","12":"instock","13":"shipping-taxable","14":"product-type-simple"},"yoast_head":"<!-- This site is optimized with the Yoast SEO plugin v22.8 - https:\/\/yoast.com\/wordpress\/plugins\/seo\/ -->\n<title>FESTO VN-20-H-T6-PI5-VI6-RO2 - OMANI VI\u1ec6T NAM<\/title>\n<meta name=\"description\" content=\"FESTO VN-20-H-T6-PI5-VI6-RO2 Vacuum generator\" \/>\n<meta name=\"robots\" content=\"index, follow, max-snippet:-1, max-image-preview:large, max-video-preview:-1\" \/>\n<link rel=\"canonical\" href=\"https:\/\/omanivietnam.com\/index.php\/san-pham\/festo-vn-20-h-t6-pi5-vi6-ro2\/\" \/>\n<meta property=\"og:locale\" content=\"vi_VN\" \/>\n<meta property=\"og:type\" content=\"article\" \/>\n<meta property=\"og:title\" content=\"FESTO VN-20-H-T6-PI5-VI6-RO2 - OMANI VI\u1ec6T NAM\" \/>\n<meta property=\"og:description\" content=\"FESTO VN-20-H-T6-PI5-VI6-RO2 Vacuum generator\" \/>\n<meta property=\"og:url\" content=\"https:\/\/omanivietnam.com\/index.php\/san-pham\/festo-vn-20-h-t6-pi5-vi6-ro2\/\" \/>\n<meta property=\"og:site_name\" content=\"OMANI VI\u1ec6T NAM\" \/>\n<meta property=\"og:image\" content=\"https:\/\/omanivietnam.com\/wp-content\/uploads\/2025\/04\/VN-20-H-T6-PI5-VI6-RO2.png\" \/>\n\t<meta property=\"og:image:width\" content=\"491\" \/>\n\t<meta property=\"og:image:height\" content=\"413\" \/>\n\t<meta property=\"og:image:type\" content=\"image\/png\" \/>\n<meta name=\"twitter:card\" content=\"summary_large_image\" \/>\n<meta name=\"twitter:label1\" content=\"\u01af\u1edbc t\u00ednh th\u1eddi gian \u0111\u1ecdc\" \/>\n\t<meta name=\"twitter:data1\" content=\"2 ph\u00fat\" \/>\n<script type=\"application\/ld+json\" class=\"yoast-schema-graph\">{\"@context\":\"https:\/\/schema.org\",\"@graph\":[{\"@type\":\"WebPage\",\"@id\":\"https:\/\/omanivietnam.com\/index.php\/san-pham\/festo-vn-20-h-t6-pi5-vi6-ro2\/\",\"url\":\"https:\/\/omanivietnam.com\/index.php\/san-pham\/festo-vn-20-h-t6-pi5-vi6-ro2\/\",\"name\":\"FESTO VN-20-H-T6-PI5-VI6-RO2 - OMANI VI\u1ec6T NAM\",\"isPartOf\":{\"@id\":\"https:\/\/omanivietnam.com\/#website\"},\"primaryImageOfPage\":{\"@id\":\"https:\/\/omanivietnam.com\/index.php\/san-pham\/festo-vn-20-h-t6-pi5-vi6-ro2\/#primaryimage\"},\"image\":{\"@id\":\"https:\/\/omanivietnam.com\/index.php\/san-pham\/festo-vn-20-h-t6-pi5-vi6-ro2\/#primaryimage\"},\"thumbnailUrl\":\"https:\/\/omanivietnam.com\/wp-content\/uploads\/2025\/04\/VN-20-H-T6-PI5-VI6-RO2.png\",\"datePublished\":\"2025-04-07T15:35:45+00:00\",\"dateModified\":\"2025-04-07T15:35:45+00:00\",\"description\":\"FESTO VN-20-H-T6-PI5-VI6-RO2 Vacuum generator\",\"breadcrumb\":{\"@id\":\"https:\/\/omanivietnam.com\/index.php\/san-pham\/festo-vn-20-h-t6-pi5-vi6-ro2\/#breadcrumb\"},\"inLanguage\":\"vi\",\"potentialAction\":[{\"@type\":\"ReadAction\",\"target\":[\"https:\/\/omanivietnam.com\/index.php\/san-pham\/festo-vn-20-h-t6-pi5-vi6-ro2\/\"]}]},{\"@type\":\"ImageObject\",\"inLanguage\":\"vi\",\"@id\":\"https:\/\/omanivietnam.com\/index.php\/san-pham\/festo-vn-20-h-t6-pi5-vi6-ro2\/#primaryimage\",\"url\":\"https:\/\/omanivietnam.com\/wp-content\/uploads\/2025\/04\/VN-20-H-T6-PI5-VI6-RO2.png\",\"contentUrl\":\"https:\/\/omanivietnam.com\/wp-content\/uploads\/2025\/04\/VN-20-H-T6-PI5-VI6-RO2.png\",\"width\":491,\"height\":413},{\"@type\":\"BreadcrumbList\",\"@id\":\"https:\/\/omanivietnam.com\/index.php\/san-pham\/festo-vn-20-h-t6-pi5-vi6-ro2\/#breadcrumb\",\"itemListElement\":[{\"@type\":\"ListItem\",\"position\":1,\"name\":\"Home\",\"item\":\"https:\/\/omanivietnam.com\/\"},{\"@type\":\"ListItem\",\"position\":2,\"name\":\"S\u1ea2N PH\u1ea8M\",\"item\":\"https:\/\/omanivietnam.com\/index.php\/cua-hang\/\"},{\"@type\":\"ListItem\",\"position\":3,\"name\":\"FESTO VN-20-H-T6-PI5-VI6-RO2\"}]},{\"@type\":\"WebSite\",\"@id\":\"https:\/\/omanivietnam.com\/#website\",\"url\":\"https:\/\/omanivietnam.com\/\",\"name\":\"OMANI VI\u1ec6T NAM\",\"description\":\"Nh\u00e0 ph\u00e2n ph\u1ed1i thi\u1ebft b\u1ecb kh\u00ed n\u00e9n v\u00e0 thi\u1ebft b\u1ecb t\u1ef1 \u0111\u1ed9ng h\u00f3a trong c\u00f4ng nghi\u1ec7p\",\"publisher\":{\"@id\":\"https:\/\/omanivietnam.com\/#\/schema\/person\/0ad398a980dc3fd696111c2c5c8fa897\"},\"potentialAction\":[{\"@type\":\"SearchAction\",\"target\":{\"@type\":\"EntryPoint\",\"urlTemplate\":\"https:\/\/omanivietnam.com\/?s={search_term_string}\"},\"query-input\":\"required name=search_term_string\"}],\"inLanguage\":\"vi\"},{\"@type\":[\"Person\",\"Organization\"],\"@id\":\"https:\/\/omanivietnam.com\/#\/schema\/person\/0ad398a980dc3fd696111c2c5c8fa897\",\"name\":\"Nguy\u1ec5n V\u0103n Kh\u00e1nh\",\"image\":{\"@type\":\"ImageObject\",\"inLanguage\":\"vi\",\"@id\":\"https:\/\/omanivietnam.com\/#\/schema\/person\/image\/\",\"url\":\"https:\/\/omanivietnam.com\/wp-content\/uploads\/2024\/06\/logo-1024x1024.png\",\"contentUrl\":\"https:\/\/omanivietnam.com\/wp-content\/uploads\/2024\/06\/logo-1024x1024.png\",\"width\":1024,\"height\":1024,\"caption\":\"Nguy\u1ec5n V\u0103n Kh\u00e1nh\"},\"logo\":{\"@id\":\"https:\/\/omanivietnam.com\/#\/schema\/person\/image\/\"},\"sameAs\":[\"https:\/\/omanivietnam.com\"]}]}<\/script>\n<!-- \/ Yoast SEO plugin. -->","yoast_head_json":{"title":"FESTO VN-20-H-T6-PI5-VI6-RO2 - OMANI VI\u1ec6T NAM","description":"FESTO VN-20-H-T6-PI5-VI6-RO2 Vacuum generator","robots":{"index":"index","follow":"follow","max-snippet":"max-snippet:-1","max-image-preview":"max-image-preview:large","max-video-preview":"max-video-preview:-1"},"canonical":"https:\/\/omanivietnam.com\/index.php\/san-pham\/festo-vn-20-h-t6-pi5-vi6-ro2\/","og_locale":"vi_VN","og_type":"article","og_title":"FESTO VN-20-H-T6-PI5-VI6-RO2 - OMANI VI\u1ec6T NAM","og_description":"FESTO VN-20-H-T6-PI5-VI6-RO2 Vacuum generator","og_url":"https:\/\/omanivietnam.com\/index.php\/san-pham\/festo-vn-20-h-t6-pi5-vi6-ro2\/","og_site_name":"OMANI VI\u1ec6T NAM","og_image":[{"width":491,"height":413,"url":"https:\/\/omanivietnam.com\/wp-content\/uploads\/2025\/04\/VN-20-H-T6-PI5-VI6-RO2.png","type":"image\/png"}],"twitter_card":"summary_large_image","twitter_misc":{"\u01af\u1edbc t\u00ednh th\u1eddi gian \u0111\u1ecdc":"2 ph\u00fat"},"schema":{"@context":"https:\/\/schema.org","@graph":[{"@type":"WebPage","@id":"https:\/\/omanivietnam.com\/index.php\/san-pham\/festo-vn-20-h-t6-pi5-vi6-ro2\/","url":"https:\/\/omanivietnam.com\/index.php\/san-pham\/festo-vn-20-h-t6-pi5-vi6-ro2\/","name":"FESTO VN-20-H-T6-PI5-VI6-RO2 - OMANI VI\u1ec6T NAM","isPartOf":{"@id":"https:\/\/omanivietnam.com\/#website"},"primaryImageOfPage":{"@id":"https:\/\/omanivietnam.com\/index.php\/san-pham\/festo-vn-20-h-t6-pi5-vi6-ro2\/#primaryimage"},"image":{"@id":"https:\/\/omanivietnam.com\/index.php\/san-pham\/festo-vn-20-h-t6-pi5-vi6-ro2\/#primaryimage"},"thumbnailUrl":"https:\/\/omanivietnam.com\/wp-content\/uploads\/2025\/04\/VN-20-H-T6-PI5-VI6-RO2.png","datePublished":"2025-04-07T15:35:45+00:00","dateModified":"2025-04-07T15:35:45+00:00","description":"FESTO VN-20-H-T6-PI5-VI6-RO2 Vacuum generator","breadcrumb":{"@id":"https:\/\/omanivietnam.com\/index.php\/san-pham\/festo-vn-20-h-t6-pi5-vi6-ro2\/#breadcrumb"},"inLanguage":"vi","potentialAction":[{"@type":"ReadAction","target":["https:\/\/omanivietnam.com\/index.php\/san-pham\/festo-vn-20-h-t6-pi5-vi6-ro2\/"]}]},{"@type":"ImageObject","inLanguage":"vi","@id":"https:\/\/omanivietnam.com\/index.php\/san-pham\/festo-vn-20-h-t6-pi5-vi6-ro2\/#primaryimage","url":"https:\/\/omanivietnam.com\/wp-content\/uploads\/2025\/04\/VN-20-H-T6-PI5-VI6-RO2.png","contentUrl":"https:\/\/omanivietnam.com\/wp-content\/uploads\/2025\/04\/VN-20-H-T6-PI5-VI6-RO2.png","width":491,"height":413},{"@type":"BreadcrumbList","@id":"https:\/\/omanivietnam.com\/index.php\/san-pham\/festo-vn-20-h-t6-pi5-vi6-ro2\/#breadcrumb","itemListElement":[{"@type":"ListItem","position":1,"name":"Home","item":"https:\/\/omanivietnam.com\/"},{"@type":"ListItem","position":2,"name":"S\u1ea2N PH\u1ea8M","item":"https:\/\/omanivietnam.com\/index.php\/cua-hang\/"},{"@type":"ListItem","position":3,"name":"FESTO VN-20-H-T6-PI5-VI6-RO2"}]},{"@type":"WebSite","@id":"https:\/\/omanivietnam.com\/#website","url":"https:\/\/omanivietnam.com\/","name":"OMANI VI\u1ec6T NAM","description":"Nh\u00e0 ph\u00e2n ph\u1ed1i thi\u1ebft b\u1ecb kh\u00ed n\u00e9n v\u00e0 thi\u1ebft b\u1ecb t\u1ef1 \u0111\u1ed9ng h\u00f3a trong c\u00f4ng nghi\u1ec7p","publisher":{"@id":"https:\/\/omanivietnam.com\/#\/schema\/person\/0ad398a980dc3fd696111c2c5c8fa897"},"potentialAction":[{"@type":"SearchAction","target":{"@type":"EntryPoint","urlTemplate":"https:\/\/omanivietnam.com\/?s={search_term_string}"},"query-input":"required name=search_term_string"}],"inLanguage":"vi"},{"@type":["Person","Organization"],"@id":"https:\/\/omanivietnam.com\/#\/schema\/person\/0ad398a980dc3fd696111c2c5c8fa897","name":"Nguy\u1ec5n V\u0103n Kh\u00e1nh","image":{"@type":"ImageObject","inLanguage":"vi","@id":"https:\/\/omanivietnam.com\/#\/schema\/person\/image\/","url":"https:\/\/omanivietnam.com\/wp-content\/uploads\/2024\/06\/logo-1024x1024.png","contentUrl":"https:\/\/omanivietnam.com\/wp-content\/uploads\/2024\/06\/logo-1024x1024.png","width":1024,"height":1024,"caption":"Nguy\u1ec5n V\u0103n Kh\u00e1nh"},"logo":{"@id":"https:\/\/omanivietnam.com\/#\/schema\/person\/image\/"},"sameAs":["https:\/\/omanivietnam.com"]}]}},"_links":{"self":[{"href":"https:\/\/omanivietnam.com\/index.php\/wp-json\/wp\/v2\/product\/3504","targetHints":{"allow":["GET"]}}],"collection":[{"href":"https:\/\/omanivietnam.com\/index.php\/wp-json\/wp\/v2\/product"}],"about":[{"href":"https:\/\/omanivietnam.com\/index.php\/wp-json\/wp\/v2\/types\/product"}],"replies":[{"embeddable":true,"href":"https:\/\/omanivietnam.com\/index.php\/wp-json\/wp\/v2\/comments?post=3504"}],"wp:featuredmedia":[{"embeddable":true,"href":"https:\/\/omanivietnam.com\/index.php\/wp-json\/wp\/v2\/media\/3505"}],"wp:attachment":[{"href":"https:\/\/omanivietnam.com\/index.php\/wp-json\/wp\/v2\/media?parent=3504"}],"wp:term":[{"taxonomy":"product_cat","embeddable":true,"href":"https:\/\/omanivietnam.com\/index.php\/wp-json\/wp\/v2\/product_cat?post=3504"},{"taxonomy":"product_tag","embeddable":true,"href":"https:\/\/omanivietnam.com\/index.php\/wp-json\/wp\/v2\/product_tag?post=3504"}],"curies":[{"name":"wp","href":"https:\/\/api.w.org\/{rel}","templated":true}]}}