{"id":3516,"date":"2025-04-10T21:31:27","date_gmt":"2025-04-10T14:31:27","guid":{"rendered":"https:\/\/omanivietnam.com\/?post_type=product&#038;p=3516"},"modified":"2025-04-10T21:31:28","modified_gmt":"2025-04-10T14:31:28","slug":"smc-mxs8-50","status":"publish","type":"product","link":"https:\/\/omanivietnam.com\/index.php\/san-pham\/smc-mxs8-50\/","title":{"rendered":"SMC MXS8-50"},"content":{"rendered":"<p>SMC MXS8-50<\/p>\n<p style=\"font-weight: 300\">Ti\u00eau chu\u1ea9n: Quy c\u00e1ch SMC<\/p>\n<p style=\"font-weight: 300\">\u0110\u01b0\u1eddng k\u00ednh trong piston: 8mm<\/p>\n<p style=\"font-weight: 300\">H\u00e0nh tr\u00ecnh tr\u01b0\u1ee3t: 50mm<\/p>\n<p style=\"font-weight: 300\">Chi\u1ec1u d\u00e0i b\u00e0n tr\u01b0\u1ee3t 100.5mm<\/p>\n<p style=\"font-weight: 300\">Chi\u1ec1u r\u1ed9ng b\u00e0n tr\u01b0\u1ee3t: 40mm<\/p>\n<p style=\"font-weight: 300\">Chi\u1ec1u cao b\u00e0n tr\u01b0\u1ee3t: 24mm<\/p>\n<p style=\"font-weight: 300\">T\u1ea3i tr\u1ecdng t\u1ed1i \u0111a: 4.9kg (g\u1eafn theo ph\u01b0\u01a1ng n\u1eb1m ngang)<\/p>\n<p style=\"font-weight: 300\">L\u01b0u ch\u1ea5t: Kh\u00ed n\u00e9n<\/p>\n<p style=\"font-weight: 300\">\u00c1p su\u00e2t kh\u00ed n\u00e9n t\u1ed1i \u0111a: 0.7Mpa<\/p>\n<p style=\"font-weight: 300\">C\u1ed5ng c\u1ea5p kh\u00ed: Ren M5<\/p>\n<div id=\"detailInfo\">\n<div class=\"SectionHeading_header__RkOy6\">\n<h2 class=\"SectionHeading_heading__aHS9f\">Product Description<\/h2>\n<\/div>\n<\/div>\n<div class=\"style_simple_detail__Tzjyy common_common__LsCY7\">\n<p class=\"BasicInformation_catchCopy__h8mKx\">An air slide table made by SMC<br \/>\n[Features]<br \/>\n\u00b7 A compactly integrated work table and air cylinder.<br \/>\n\u00b7 An air slide table suitable for precision assembly.<br \/>\n\u00b7 Improved mounting repeatability of workpieces and bodies.<br \/>\n\u00b7 An auto switch attaching groove is provided in consideration of safety.<br \/>\n\u00b7 Also usable for vertical axis mounting.<br \/>\n\u00b7 Dual-rod structure.<br \/>\n\u00b7 Wide range of options.<\/p>\n<h3 class=\"SpecTable_specTitle__VZNox\">Configured Specifications<\/h3>\n<ul class=\"SpecTable_tableWrapper__TkrZl\">\n<li class=\"SpecTable_specComplexPN__1foAg\">\n<dl class=\"SpecTable_specTable__XNeik\">\n<dt class=\"SpecTable_specLabel__hvUFG\">Type<\/dt>\n<dd class=\"SpecTable_specValue__hPVpN\">\n<div>L-Shaped Table Type<\/div>\n<\/dd>\n<\/dl>\n<\/li>\n<li class=\"SpecTable_specComplexPN__1foAg\">\n<dl class=\"SpecTable_specTable__XNeik\">\n<dt class=\"SpecTable_specLabel__hvUFG\">Stroke<\/dt>\n<dd class=\"SpecTable_specValue__hPVpN\">\n<div>50<\/div>\n<\/dd>\n<\/dl>\n<\/li>\n<li class=\"SpecTable_specComplexPN__1foAg\">\n<dl class=\"SpecTable_specTable__XNeik\">\n<dt class=\"SpecTable_specLabel__hvUFG\">Table Material<\/dt>\n<dd class=\"SpecTable_specValue__hPVpN\">\n<div>[Aluminum] Aluminum Alloy<\/div>\n<\/dd>\n<\/dl>\n<\/li>\n<li class=\"SpecTable_specComplexPN__1foAg\">\n<dl class=\"SpecTable_specTable__XNeik\">\n<dt class=\"SpecTable_specLabel__hvUFG\">Max. Load Mass (Horizontal Mounting)<\/dt>\n<dd class=\"SpecTable_specValue__hPVpN\">\n<div>1~4.9<\/div>\n<\/dd>\n<\/dl>\n<\/li>\n<li class=\"SpecTable_specComplexPN__1foAg\">\n<dl class=\"SpecTable_specTable__XNeik\">\n<dt class=\"SpecTable_specLabel__hvUFG\">Max. Load Mass<\/dt>\n<dd class=\"SpecTable_specValue__hPVpN\">\n<div>1<\/div>\n<\/dd>\n<\/dl>\n<\/li>\n<li class=\"SpecTable_specComplexPN__1foAg\">\n<dl class=\"SpecTable_specTable__XNeik\">\n<dt class=\"SpecTable_specLabel__hvUFG\">Table Size: Length L<\/dt>\n<dd class=\"SpecTable_specValue__hPVpN\">\n<div>101<\/div>\n<\/dd>\n<\/dl>\n<\/li>\n<li class=\"SpecTable_specComplexPN__1foAg\">\n<dl class=\"SpecTable_specTable__XNeik\">\n<dt class=\"SpecTable_specLabel__hvUFG\">Cylinder I.D.<\/dt>\n<dd class=\"SpecTable_specValue__hPVpN\">\n<div>8<\/div>\n<\/dd>\n<\/dl>\n<\/li>\n<li class=\"SpecTable_specComplexPN__1foAg\">\n<dl class=\"SpecTable_specTable__XNeik\">\n<dt class=\"SpecTable_specLabel__hvUFG\">Environment<\/dt>\n<dd class=\"SpecTable_specValue__hPVpN\">\n<div>General Purpose<\/div>\n<\/dd>\n<\/dl>\n<\/li>\n<li class=\"SpecTable_specComplexPN__1foAg\">\n<dl class=\"SpecTable_specTable__XNeik\">\n<dt class=\"SpecTable_specLabel__hvUFG\">Table Surface Treatment<\/dt>\n<dd class=\"SpecTable_specValue__hPVpN\">\n<div>[Anodize] Hard Anodize<\/div>\n<\/dd>\n<\/dl>\n<\/li>\n<li class=\"SpecTable_specComplexPN__1foAg\">\n<dl class=\"SpecTable_specTable__XNeik\">\n<dt class=\"SpecTable_specLabel__hvUFG\">Guide Type<\/dt>\n<dd class=\"SpecTable_specValue__hPVpN\">\n<div>[Rolling Guide] Cross Roller Guide Shape<\/div>\n<\/dd>\n<\/dl>\n<\/li>\n<li class=\"SpecTable_specComplexPN__1foAg\">\n<dl class=\"SpecTable_specTable__XNeik\">\n<dt class=\"SpecTable_specLabel__hvUFG\">Table Size: Width W<\/dt>\n<dd class=\"SpecTable_specValue__hPVpN\">\n<div>40<\/div>\n<\/dd>\n<\/dl>\n<\/li>\n<li class=\"SpecTable_specComplexPN__1foAg\">\n<dl class=\"SpecTable_specTable__XNeik\">\n<dt class=\"SpecTable_specLabel__hvUFG\">Table Size: Height H<\/dt>\n<dd class=\"SpecTable_specValue__hPVpN\">\n<div>24<\/div>\n<\/dd>\n<\/dl>\n<\/li>\n<li class=\"SpecTable_specComplexPN__1foAg\">\n<dl class=\"SpecTable_specTable__XNeik\">\n<dt class=\"SpecTable_specLabel__hvUFG\">Port Screw Type<\/dt>\n<dd class=\"SpecTable_specValue__hPVpN\">\n<div>M screw<\/div>\n<\/dd>\n<\/dl>\n<\/li>\n<li class=\"SpecTable_specComplexPN__1foAg\">\n<dl class=\"SpecTable_specTable__XNeik\">\n<dt class=\"SpecTable_specLabel__hvUFG\">Cushion<\/dt>\n<dd class=\"SpecTable_specValue__hPVpN\">\n<div>Rubber cushion<\/div>\n<\/dd>\n<\/dl>\n<\/li>\n<li class=\"SpecTable_specComplexPN__1foAg\">\n<dl class=\"SpecTable_specTable__XNeik\">\n<dt class=\"SpecTable_specLabel__hvUFG\">Adjuster Option<\/dt>\n<dd class=\"SpecTable_specValue__hPVpN\">\n<div>No adjuster<\/div>\n<\/dd>\n<\/dl>\n<\/li>\n<li class=\"SpecTable_specComplexPN__1foAg\">\n<dl class=\"SpecTable_specTable__XNeik\">\n<dt class=\"SpecTable_specLabel__hvUFG\">Function Option<\/dt>\n<dd class=\"SpecTable_specValue__hPVpN\">\n<div>Standard<\/div>\n<\/dd>\n<\/dl>\n<\/li>\n<li class=\"SpecTable_specComplexPN__1foAg\">\n<dl class=\"SpecTable_specTable__XNeik\">\n<dt class=\"SpecTable_specLabel__hvUFG\">Specifications<\/dt>\n<dd class=\"SpecTable_specValue__hPVpN\">\n<div>Magnet built-in<\/div>\n<\/dd>\n<\/dl>\n<\/li>\n<li class=\"SpecTable_specComplexPN__1foAg\">\n<dl class=\"SpecTable_specTable__XNeik\">\n<dt class=\"SpecTable_specLabel__hvUFG\">Auto Switches<\/dt>\n<dd class=\"SpecTable_specValue__hPVpN\">\n<div>None<\/div>\n<\/dd>\n<\/dl>\n<\/li>\n<li class=\"SpecTable_specComplexPN__1foAg\">\n<dl class=\"SpecTable_specTable__XNeik\">\n<dt class=\"SpecTable_specLabel__hvUFG\">Lead Wire Length<\/dt>\n<dd class=\"SpecTable_specValue__hPVpN\">\n<div>&#8211;<\/div>\n<\/dd>\n<\/dl>\n<\/li>\n<li class=\"SpecTable_specComplexPN__1foAg\">\n<dl class=\"SpecTable_specTable__XNeik\">\n<dt class=\"SpecTable_specLabel__hvUFG\">Lead Wire Connector<\/dt>\n<dd class=\"SpecTable_specValue__hPVpN\">\n<div>None<\/div>\n<\/dd>\n<\/dl>\n<\/li>\n<li class=\"SpecTable_specComplexPN__1foAg\">\n<dl class=\"SpecTable_specTable__XNeik\">\n<dt class=\"SpecTable_specLabel__hvUFG\">The number of the switches<\/dt>\n<dd class=\"SpecTable_specValue__hPVpN\">\n<div>&#8211;<\/div>\n<\/dd>\n<\/dl>\n<\/li>\n<li class=\"SpecTable_specComplexPN__1foAg\">\n<dl class=\"SpecTable_specTable__XNeik\">\n<dt class=\"SpecTable_specLabel__hvUFG\">Made-to-order<\/dt>\n<\/dl>\n<dl class=\"SpecTable_specTable__XNeik\">\n<dd class=\"SpecTable_specValue__hPVpN\">\n<div>None<\/div>\n<\/dd>\n<\/dl>\n<dl class=\"SpecTable_specTable__XNeik\">\n<dt class=\"SpecTable_specLabel__hvUFG\">Custom-made Specifications<\/dt>\n<dd class=\"SpecTable_specValue__hPVpN\">\n<div>0.15 to 0.7<\/div>\n<\/dd>\n<\/dl>\n<div>C\u00e1c m\u00e3 h\u00e0ng t\u01b0\u01a1ng t\u1ef1<\/div>\n<div>MXS6-10,MXS6-20,MXS6-30,MXS6-40,MXS6-50,MXS8-10,MXS8-20,MXS8-30,MXS8-40,MXS8-50,MXS8-75, MXS12-10,MXS12-20,MXS12-30,MXS12-40,MXS12-50,MXS12-75,MXS12-100,MXS16-10,MXS16-20,MXS16-30,MXS16-40,MXS16-50,MXS16-75,MXS16-100,MXS16-125, MXS20-10,MXS20-20,MXS20-30,MXS20-40,MXS20-50,MXS20-75,MXS20-100,MXS20-125,MXS20-150,MXS25-10,MXS25-20,MXS25-30,MXS25-40,MXS25-50,MXS25-75,MXS25-100,MXS25-125,MXS25-150<\/div>\n<div>xilanh tr\u01b0\u1ee3t SMC MXS8-10 ,MXS8-10A ,MXS8-10AF ,MXS8-10A-M9NWL ,MXS8-10AS ,MXS8-10ASFP ,MXS8-10ASFR ,MXS8-10AT ,MXS8-10B ,MXS8-10BS ,MXS8-10BT ,MXS8-10C ,MXS8-10CF ,MXS8-10CS ,MXS8-10CSP ,MXS8-10CS-X7 ,<\/div>\n<\/li>\n<li class=\"SpecTable_specComplexPN__1foAg\">\n<div>xilanh tr\u01b0\u1ee3t SMC MXS8-10CT ,MXS8-20 ,MXS8-20A ,MXS8-20AS ,MXS8-20ASP ,MXS8-20ASR ,MXS8-20AT ,MXS8-20B ,MXS8-20BS ,MXS8-20C ,MXS8-20CF ,MXS8-20CS ,MXS8-20CSR ,MXS8-20CT ,MXS8-20P ,MXS8-20-X739 ,MXS8-30 ,MXS8-30A ,MXS8-30AF ,MXS8-30AS ,MXS8-30ASF ,MXS8-30ASR ,<\/div>\n<\/li>\n<li class=\"SpecTable_specComplexPN__1foAg\">\n<div>xi lanh SMC MXS8-30AT ,MXS8-30B ,MXS8-30BS ,MXS8-30BT ,MXS8-30C ,MXS8-30CS ,MXS8-30CT ,MXS8-30F ,MXS8-30P ,MXS8-40 ,MXS8-40A ,MXS8-40AS ,MXS8-40AT ,MXS8-40ATF ,MXS8-40B ,MXS8-40BS ,MXS8-40C ,MXS8-40CS ,MXS8-40CT ,<\/div>\n<\/li>\n<li class=\"SpecTable_specComplexPN__1foAg\">\n<div>xilanh tr\u01b0\u1ee3t SMC MXS8-40CTF ,MXS8-40F ,MXS8-50 ,MXS8-50A ,MXS8-50AF ,MXS8-50A-M9BL ,MXS8-50AS ,MXS8-50ASFR ,MXS8-50AT ,MXS8-50B ,MXS8-50BS ,MXS8-50C ,MXS8-50CS ,MXS8-50CT ,MXS8-50-X1036 ,MXS8-75 ,MXS8-75A ,MXS8-75AF ,MXS8-75AF-X12 ,MXS8-75AS ,xylanh SMC MXS8-75AT ,MXS8-75B ,MXS8-75BS ,MXS8-75BSP ,MXS8-75C ,MXS8-75CS ,MXS8-75CT ,MXS8-75P ,MXS8L-10 ,MXS8L-10A ,MXS8L-10AS ,MXS8L-10AT ,MXS8L-10B ,MXS8L-10C ,MXS8L-10CS ,MXS8L-10CS-X7 ,MXS8L-10F ,MXS8L-20 ,MXS8L-20A ,MXS8L-20AS ,MXS8L-20ASP ,MXS8L-20AT ,MXS8L-20B ,MXS8L-20BS ,MXS8L-20C ,MXS8L-20CS ,MXS8L-20CT ,MXS8L-20P ,MXS8L-20-X739 ,MXS8L-30 ,MXS8L-30A ,MXS8L-30AF ,MXS8L-30A-M9BL ,MXS8L-30AS ,MXS8L-30ASR ,MXS8L-30AT ,MXS8L-30BS ,MXS8L-30C ,MXS8L-30CS ,MXS8L-40 ,MXS8L-40A ,MXS8L-40AS ,MXS8L-40AT ,MXS8L-40B ,MXS8L-40BSR ,MXS8L-40C ,MXS8L-40CS ,MXS8L-40CT ,MXS8L-50 ,MXS8L-50A ,MXS8L-50AS ,MXS8L-50B ,MXS8L-50BS ,MXS8L-50C ,MXS8L-50CT ,MXS8L-75 ,MXS8L-75A ,MXS8L-75AS ,MXS8L-75AT ,MXS8L-75B ,MXS8L-75B-M9NZ ,MXS8L-75BS ,MXS8L-75BSR ,MXS8L-75C ,MXS8L-75CSR<\/div>\n<\/li>\n<\/ul>\n<\/div>\n","protected":false},"excerpt":{"rendered":"<p>SMC MXS8-50 Ti\u00eau chu\u1ea9n: Quy c\u00e1ch SMC \u0110\u01b0\u1eddng k\u00ednh trong piston: 8mm H\u00e0nh tr\u00ecnh tr\u01b0\u1ee3t: 50mm Chi\u1ec1u d\u00e0i b\u00e0n tr\u01b0\u1ee3t 100.5mm Chi\u1ec1u r\u1ed9ng b\u00e0n tr\u01b0\u1ee3t: 40mm Chi\u1ec1u cao b\u00e0n tr\u01b0\u1ee3t: 24mm T\u1ea3i tr\u1ecdng t\u1ed1i \u0111a: 4.9kg (g\u1eafn theo ph\u01b0\u01a1ng n\u1eb1m ngang) L\u01b0u ch\u1ea5t: Kh\u00ed n\u00e9n \u00c1p su\u00e2t kh\u00ed n\u00e9n t\u1ed1i&hellip; <\/p>\n","protected":false},"featured_media":3517,"comment_status":"open","ping_status":"closed","template":"","meta":[],"product_cat":[283],"product_tag":[93,92,98],"class_list":{"0":"post-3516","1":"product","2":"type-product","3":"status-publish","4":"has-post-thumbnail","6":"product_cat-smc","7":"product_tag-dai-ly-smc-viet-nam","8":"product_tag-smc-viet-nam","9":"product_tag-xy-lanh-khi","11":"first","12":"instock","13":"shipping-taxable","14":"product-type-simple"},"yoast_head":"<!-- This site is optimized with the Yoast SEO plugin v22.8 - https:\/\/yoast.com\/wordpress\/plugins\/seo\/ -->\n<title>SMC MXS8-50 - OMANI VI\u1ec6T NAM<\/title>\n<meta name=\"description\" content=\"SMC MXS8-50 Air Slide Table\/Cylinder\" \/>\n<meta name=\"robots\" content=\"index, follow, max-snippet:-1, max-image-preview:large, max-video-preview:-1\" \/>\n<link rel=\"canonical\" href=\"https:\/\/omanivietnam.com\/index.php\/san-pham\/smc-mxs8-50\/\" \/>\n<meta property=\"og:locale\" content=\"vi_VN\" \/>\n<meta property=\"og:type\" content=\"article\" \/>\n<meta property=\"og:title\" content=\"SMC MXS8-50 - OMANI VI\u1ec6T NAM\" \/>\n<meta property=\"og:description\" content=\"SMC MXS8-50 Air Slide Table\/Cylinder\" \/>\n<meta property=\"og:url\" content=\"https:\/\/omanivietnam.com\/index.php\/san-pham\/smc-mxs8-50\/\" \/>\n<meta property=\"og:site_name\" content=\"OMANI VI\u1ec6T NAM\" \/>\n<meta property=\"article:modified_time\" content=\"2025-04-10T14:31:28+00:00\" \/>\n<meta property=\"og:image\" content=\"https:\/\/omanivietnam.com\/wp-content\/uploads\/2025\/04\/MXS8-50.png\" \/>\n\t<meta property=\"og:image:width\" content=\"553\" \/>\n\t<meta property=\"og:image:height\" content=\"624\" \/>\n\t<meta property=\"og:image:type\" content=\"image\/png\" \/>\n<meta name=\"twitter:card\" content=\"summary_large_image\" \/>\n<meta name=\"twitter:label1\" content=\"\u01af\u1edbc t\u00ednh th\u1eddi gian \u0111\u1ecdc\" \/>\n\t<meta name=\"twitter:data1\" content=\"3 ph\u00fat\" \/>\n<script type=\"application\/ld+json\" class=\"yoast-schema-graph\">{\"@context\":\"https:\/\/schema.org\",\"@graph\":[{\"@type\":\"WebPage\",\"@id\":\"https:\/\/omanivietnam.com\/index.php\/san-pham\/smc-mxs8-50\/\",\"url\":\"https:\/\/omanivietnam.com\/index.php\/san-pham\/smc-mxs8-50\/\",\"name\":\"SMC MXS8-50 - OMANI VI\u1ec6T NAM\",\"isPartOf\":{\"@id\":\"https:\/\/omanivietnam.com\/#website\"},\"primaryImageOfPage\":{\"@id\":\"https:\/\/omanivietnam.com\/index.php\/san-pham\/smc-mxs8-50\/#primaryimage\"},\"image\":{\"@id\":\"https:\/\/omanivietnam.com\/index.php\/san-pham\/smc-mxs8-50\/#primaryimage\"},\"thumbnailUrl\":\"https:\/\/omanivietnam.com\/wp-content\/uploads\/2025\/04\/MXS8-50.png\",\"datePublished\":\"2025-04-10T14:31:27+00:00\",\"dateModified\":\"2025-04-10T14:31:28+00:00\",\"description\":\"SMC MXS8-50 Air Slide Table\/Cylinder\",\"breadcrumb\":{\"@id\":\"https:\/\/omanivietnam.com\/index.php\/san-pham\/smc-mxs8-50\/#breadcrumb\"},\"inLanguage\":\"vi\",\"potentialAction\":[{\"@type\":\"ReadAction\",\"target\":[\"https:\/\/omanivietnam.com\/index.php\/san-pham\/smc-mxs8-50\/\"]}]},{\"@type\":\"ImageObject\",\"inLanguage\":\"vi\",\"@id\":\"https:\/\/omanivietnam.com\/index.php\/san-pham\/smc-mxs8-50\/#primaryimage\",\"url\":\"https:\/\/omanivietnam.com\/wp-content\/uploads\/2025\/04\/MXS8-50.png\",\"contentUrl\":\"https:\/\/omanivietnam.com\/wp-content\/uploads\/2025\/04\/MXS8-50.png\",\"width\":553,\"height\":624},{\"@type\":\"BreadcrumbList\",\"@id\":\"https:\/\/omanivietnam.com\/index.php\/san-pham\/smc-mxs8-50\/#breadcrumb\",\"itemListElement\":[{\"@type\":\"ListItem\",\"position\":1,\"name\":\"Home\",\"item\":\"https:\/\/omanivietnam.com\/\"},{\"@type\":\"ListItem\",\"position\":2,\"name\":\"S\u1ea2N PH\u1ea8M\",\"item\":\"https:\/\/omanivietnam.com\/index.php\/cua-hang\/\"},{\"@type\":\"ListItem\",\"position\":3,\"name\":\"SMC MXS8-50\"}]},{\"@type\":\"WebSite\",\"@id\":\"https:\/\/omanivietnam.com\/#website\",\"url\":\"https:\/\/omanivietnam.com\/\",\"name\":\"OMANI VI\u1ec6T NAM\",\"description\":\"Nh\u00e0 ph\u00e2n ph\u1ed1i thi\u1ebft b\u1ecb kh\u00ed n\u00e9n v\u00e0 thi\u1ebft b\u1ecb t\u1ef1 \u0111\u1ed9ng h\u00f3a trong c\u00f4ng nghi\u1ec7p\",\"publisher\":{\"@id\":\"https:\/\/omanivietnam.com\/#\/schema\/person\/0ad398a980dc3fd696111c2c5c8fa897\"},\"potentialAction\":[{\"@type\":\"SearchAction\",\"target\":{\"@type\":\"EntryPoint\",\"urlTemplate\":\"https:\/\/omanivietnam.com\/?s={search_term_string}\"},\"query-input\":\"required name=search_term_string\"}],\"inLanguage\":\"vi\"},{\"@type\":[\"Person\",\"Organization\"],\"@id\":\"https:\/\/omanivietnam.com\/#\/schema\/person\/0ad398a980dc3fd696111c2c5c8fa897\",\"name\":\"Nguy\u1ec5n V\u0103n Kh\u00e1nh\",\"image\":{\"@type\":\"ImageObject\",\"inLanguage\":\"vi\",\"@id\":\"https:\/\/omanivietnam.com\/#\/schema\/person\/image\/\",\"url\":\"https:\/\/omanivietnam.com\/wp-content\/uploads\/2024\/06\/logo-1024x1024.png\",\"contentUrl\":\"https:\/\/omanivietnam.com\/wp-content\/uploads\/2024\/06\/logo-1024x1024.png\",\"width\":1024,\"height\":1024,\"caption\":\"Nguy\u1ec5n V\u0103n Kh\u00e1nh\"},\"logo\":{\"@id\":\"https:\/\/omanivietnam.com\/#\/schema\/person\/image\/\"},\"sameAs\":[\"https:\/\/omanivietnam.com\"]}]}<\/script>\n<!-- \/ Yoast SEO plugin. -->","yoast_head_json":{"title":"SMC MXS8-50 - OMANI VI\u1ec6T NAM","description":"SMC MXS8-50 Air Slide Table\/Cylinder","robots":{"index":"index","follow":"follow","max-snippet":"max-snippet:-1","max-image-preview":"max-image-preview:large","max-video-preview":"max-video-preview:-1"},"canonical":"https:\/\/omanivietnam.com\/index.php\/san-pham\/smc-mxs8-50\/","og_locale":"vi_VN","og_type":"article","og_title":"SMC MXS8-50 - OMANI VI\u1ec6T NAM","og_description":"SMC MXS8-50 Air Slide Table\/Cylinder","og_url":"https:\/\/omanivietnam.com\/index.php\/san-pham\/smc-mxs8-50\/","og_site_name":"OMANI VI\u1ec6T NAM","article_modified_time":"2025-04-10T14:31:28+00:00","og_image":[{"width":553,"height":624,"url":"https:\/\/omanivietnam.com\/wp-content\/uploads\/2025\/04\/MXS8-50.png","type":"image\/png"}],"twitter_card":"summary_large_image","twitter_misc":{"\u01af\u1edbc t\u00ednh th\u1eddi gian \u0111\u1ecdc":"3 ph\u00fat"},"schema":{"@context":"https:\/\/schema.org","@graph":[{"@type":"WebPage","@id":"https:\/\/omanivietnam.com\/index.php\/san-pham\/smc-mxs8-50\/","url":"https:\/\/omanivietnam.com\/index.php\/san-pham\/smc-mxs8-50\/","name":"SMC MXS8-50 - OMANI VI\u1ec6T NAM","isPartOf":{"@id":"https:\/\/omanivietnam.com\/#website"},"primaryImageOfPage":{"@id":"https:\/\/omanivietnam.com\/index.php\/san-pham\/smc-mxs8-50\/#primaryimage"},"image":{"@id":"https:\/\/omanivietnam.com\/index.php\/san-pham\/smc-mxs8-50\/#primaryimage"},"thumbnailUrl":"https:\/\/omanivietnam.com\/wp-content\/uploads\/2025\/04\/MXS8-50.png","datePublished":"2025-04-10T14:31:27+00:00","dateModified":"2025-04-10T14:31:28+00:00","description":"SMC MXS8-50 Air Slide Table\/Cylinder","breadcrumb":{"@id":"https:\/\/omanivietnam.com\/index.php\/san-pham\/smc-mxs8-50\/#breadcrumb"},"inLanguage":"vi","potentialAction":[{"@type":"ReadAction","target":["https:\/\/omanivietnam.com\/index.php\/san-pham\/smc-mxs8-50\/"]}]},{"@type":"ImageObject","inLanguage":"vi","@id":"https:\/\/omanivietnam.com\/index.php\/san-pham\/smc-mxs8-50\/#primaryimage","url":"https:\/\/omanivietnam.com\/wp-content\/uploads\/2025\/04\/MXS8-50.png","contentUrl":"https:\/\/omanivietnam.com\/wp-content\/uploads\/2025\/04\/MXS8-50.png","width":553,"height":624},{"@type":"BreadcrumbList","@id":"https:\/\/omanivietnam.com\/index.php\/san-pham\/smc-mxs8-50\/#breadcrumb","itemListElement":[{"@type":"ListItem","position":1,"name":"Home","item":"https:\/\/omanivietnam.com\/"},{"@type":"ListItem","position":2,"name":"S\u1ea2N PH\u1ea8M","item":"https:\/\/omanivietnam.com\/index.php\/cua-hang\/"},{"@type":"ListItem","position":3,"name":"SMC MXS8-50"}]},{"@type":"WebSite","@id":"https:\/\/omanivietnam.com\/#website","url":"https:\/\/omanivietnam.com\/","name":"OMANI VI\u1ec6T NAM","description":"Nh\u00e0 ph\u00e2n ph\u1ed1i thi\u1ebft b\u1ecb kh\u00ed n\u00e9n v\u00e0 thi\u1ebft b\u1ecb t\u1ef1 \u0111\u1ed9ng h\u00f3a trong c\u00f4ng nghi\u1ec7p","publisher":{"@id":"https:\/\/omanivietnam.com\/#\/schema\/person\/0ad398a980dc3fd696111c2c5c8fa897"},"potentialAction":[{"@type":"SearchAction","target":{"@type":"EntryPoint","urlTemplate":"https:\/\/omanivietnam.com\/?s={search_term_string}"},"query-input":"required name=search_term_string"}],"inLanguage":"vi"},{"@type":["Person","Organization"],"@id":"https:\/\/omanivietnam.com\/#\/schema\/person\/0ad398a980dc3fd696111c2c5c8fa897","name":"Nguy\u1ec5n V\u0103n Kh\u00e1nh","image":{"@type":"ImageObject","inLanguage":"vi","@id":"https:\/\/omanivietnam.com\/#\/schema\/person\/image\/","url":"https:\/\/omanivietnam.com\/wp-content\/uploads\/2024\/06\/logo-1024x1024.png","contentUrl":"https:\/\/omanivietnam.com\/wp-content\/uploads\/2024\/06\/logo-1024x1024.png","width":1024,"height":1024,"caption":"Nguy\u1ec5n V\u0103n Kh\u00e1nh"},"logo":{"@id":"https:\/\/omanivietnam.com\/#\/schema\/person\/image\/"},"sameAs":["https:\/\/omanivietnam.com"]}]}},"_links":{"self":[{"href":"https:\/\/omanivietnam.com\/index.php\/wp-json\/wp\/v2\/product\/3516","targetHints":{"allow":["GET"]}}],"collection":[{"href":"https:\/\/omanivietnam.com\/index.php\/wp-json\/wp\/v2\/product"}],"about":[{"href":"https:\/\/omanivietnam.com\/index.php\/wp-json\/wp\/v2\/types\/product"}],"replies":[{"embeddable":true,"href":"https:\/\/omanivietnam.com\/index.php\/wp-json\/wp\/v2\/comments?post=3516"}],"wp:featuredmedia":[{"embeddable":true,"href":"https:\/\/omanivietnam.com\/index.php\/wp-json\/wp\/v2\/media\/3517"}],"wp:attachment":[{"href":"https:\/\/omanivietnam.com\/index.php\/wp-json\/wp\/v2\/media?parent=3516"}],"wp:term":[{"taxonomy":"product_cat","embeddable":true,"href":"https:\/\/omanivietnam.com\/index.php\/wp-json\/wp\/v2\/product_cat?post=3516"},{"taxonomy":"product_tag","embeddable":true,"href":"https:\/\/omanivietnam.com\/index.php\/wp-json\/wp\/v2\/product_tag?post=3516"}],"curies":[{"name":"wp","href":"https:\/\/api.w.org\/{rel}","templated":true}]}}