{"id":3524,"date":"2025-04-11T22:01:08","date_gmt":"2025-04-11T15:01:08","guid":{"rendered":"https:\/\/omanivietnam.com\/?post_type=product&#038;p=3524"},"modified":"2025-04-11T22:01:08","modified_gmt":"2025-04-11T15:01:08","slug":"smc-vba42a-04gn","status":"publish","type":"product","link":"https:\/\/omanivietnam.com\/index.php\/san-pham\/smc-vba42a-04gn\/","title":{"rendered":"SMC VBA42A-04GN"},"content":{"rendered":"<p>SMC VBA42A-04GN<\/p>\n<div id=\"detailInfo\">\n<div class=\"SectionHeading_header__RkOy6\">\n<h2 class=\"SectionHeading_heading__aHS9f\">Product Description<\/h2>\n<\/div>\n<\/div>\n<div class=\"style_simple_detail__Tzjyy common_common__LsCY7\">\n<p class=\"BasicInformation_catchCopy__h8mKx\">The Booster Regulator VBA Series features air-only operation, so no electricity is needed. Furthermore, it is also easy-to-install and also generates only low amounts of heat.<br \/>\n[Features]<br \/>\n\u00b7 Floating piston structure.<br \/>\n\u00b7 Metal noise reduced by the implementation of a damper on the impact part of the switching valve.<br \/>\n\u00b7 The high noise-reduction silencer reduces exhaust noise.<br \/>\n\u00b7 Features a built-in mesh filter at the IN port, preventing operation failure due to contamination by foreign matter.<br \/>\n\u00b7 The air-feeding tube is integrated with the main tube, mitigating condensation caused by cooling during exhaust expansion.<br \/>\n\u00b7 Standard fittings can be used, enabling remote pressure monitoring, etc.<\/p>\n<\/div>\n<h3 class=\"SpecTable_specTitle__VZNox\">Configured Specifications<\/h3>\n<ul class=\"SpecTable_tableWrapper__TkrZl\">\n<li class=\"SpecTable_specComplexPN__1foAg\">\n<dl class=\"SpecTable_specTable__XNeik\">\n<dt class=\"SpecTable_specLabel__hvUFG\">Type<\/dt>\n<dd class=\"SpecTable_specValue__hPVpN\">\n<div>Pressure Boosting Valve<\/div>\n<\/dd>\n<\/dl>\n<\/li>\n<li class=\"SpecTable_specComplexPN__1foAg\">\n<dl class=\"SpecTable_specTable__XNeik\">\n<dt class=\"SpecTable_specLabel__hvUFG\">Type<\/dt>\n<dd class=\"SpecTable_specValue__hPVpN\">\n<div>Air-operated type<\/div>\n<\/dd>\n<\/dl>\n<\/li>\n<li class=\"SpecTable_specComplexPN__1foAg\">\n<dl class=\"SpecTable_specTable__XNeik\">\n<dt class=\"SpecTable_specLabel__hvUFG\">Size<\/dt>\n<dd class=\"SpecTable_specValue__hPVpN\">\n<div>Pressure increase ratio 2 times<\/div>\n<\/dd>\n<\/dl>\n<\/li>\n<li class=\"SpecTable_specComplexPN__1foAg\">\n<dl class=\"SpecTable_specTable__XNeik\">\n<dt class=\"SpecTable_specLabel__hvUFG\">Thread type<\/dt>\n<dd class=\"SpecTable_specValue__hPVpN\">\n<div>Rc<\/div>\n<\/dd>\n<\/dl>\n<\/li>\n<li class=\"SpecTable_specComplexPN__1foAg\">\n<dl class=\"SpecTable_specTable__XNeik\">\n<dt class=\"SpecTable_specLabel__hvUFG\">Connection port size<\/dt>\n<dd class=\"SpecTable_specValue__hPVpN\">\n<div>1\/2<\/div>\n<\/dd>\n<\/dl>\n<\/li>\n<li class=\"SpecTable_specComplexPN__1foAg\">\n<dl class=\"SpecTable_specTable__XNeik\">\n<dt class=\"SpecTable_specLabel__hvUFG\">Option<\/dt>\n<dd class=\"SpecTable_specValue__hPVpN\">\n<div>Pressure gauge, silencer<\/div>\n<\/dd>\n<\/dl>\n<\/li>\n<li class=\"SpecTable_specComplexPN__1foAg\">\n<dl class=\"SpecTable_specTable__XNeik\">\n<dt class=\"SpecTable_specLabel__hvUFG\">Specifications<\/dt>\n<dd class=\"SpecTable_specValue__hPVpN\">\n<div>Standard product<\/div>\n<\/dd>\n<\/dl>\n<\/li>\n<li class=\"SpecTable_specComplexPN__1foAg\">\n<dl class=\"SpecTable_specTable__XNeik\">\n<dt class=\"SpecTable_specLabel__hvUFG\">Body size<\/dt>\n<dd class=\"SpecTable_specValue__hPVpN\">\n<div>&#8211;<\/div>\n<\/dd>\n<\/dl>\n<\/li>\n<li class=\"SpecTable_specComplexPN__1foAg\">\n<dl class=\"SpecTable_specTable__XNeik\">\n<dt class=\"SpecTable_specLabel__hvUFG\">Type<\/dt>\n<dd class=\"SpecTable_specValue__hPVpN\">\n<div>Standard<\/div>\n<\/dd>\n<\/dl>\n<\/li>\n<li class=\"SpecTable_specComplexPN__1foAg\">\n<dl class=\"SpecTable_specTable__XNeik\">\n<dt class=\"SpecTable_specLabel__hvUFG\">Operation type<\/dt>\n<dd class=\"SpecTable_specValue__hPVpN\">\n<div>Air Operated Type<\/div>\n<\/dd>\n<\/dl>\n<\/li>\n<li class=\"SpecTable_specComplexPN__1foAg\">\n<dl class=\"SpecTable_specTable__XNeik\">\n<dt class=\"SpecTable_specLabel__hvUFG\">Compatible Screw Type<\/dt>\n<\/dl>\n<dl class=\"SpecTable_specTable__XNeik\">\n<dd class=\"SpecTable_specValue__hPVpN\">\n<div>&#8211;<\/div>\n<\/dd>\n<\/dl>\n<\/li>\n<\/ul>\n","protected":false},"excerpt":{"rendered":"<p>SMC VBA42A-04GN Product Description The Booster Regulator VBA Series features air-only operation, so no electricity is needed. Furthermore, it is also easy-to-install and also generates only low amounts of heat. [Features] \u00b7 Floating piston structure. \u00b7 Metal noise reduced by the implementation of a damper on the impact part of&hellip; <\/p>\n","protected":false},"featured_media":3525,"comment_status":"open","ping_status":"closed","template":"","meta":[],"product_cat":[283],"product_tag":[93,92,426],"class_list":{"0":"post-3524","1":"product","2":"type-product","3":"status-publish","4":"has-post-thumbnail","6":"product_cat-smc","7":"product_tag-dai-ly-smc-viet-nam","8":"product_tag-smc-viet-nam","9":"product_tag-van-tang-ap","11":"first","12":"instock","13":"shipping-taxable","14":"product-type-simple"},"yoast_head":"<!-- This site is optimized with the Yoast SEO plugin v22.8 - https:\/\/yoast.com\/wordpress\/plugins\/seo\/ -->\n<title>SMC VBA42A-04GN - OMANI VI\u1ec6T NAM<\/title>\n<meta name=\"description\" content=\"SMC VBA42A-04GN Booster Regulator\" \/>\n<meta name=\"robots\" content=\"index, follow, max-snippet:-1, max-image-preview:large, max-video-preview:-1\" \/>\n<link rel=\"canonical\" href=\"https:\/\/omanivietnam.com\/index.php\/san-pham\/smc-vba42a-04gn\/\" \/>\n<meta property=\"og:locale\" content=\"vi_VN\" \/>\n<meta property=\"og:type\" content=\"article\" \/>\n<meta property=\"og:title\" content=\"SMC VBA42A-04GN - OMANI VI\u1ec6T NAM\" \/>\n<meta property=\"og:description\" content=\"SMC VBA42A-04GN Booster Regulator\" \/>\n<meta property=\"og:url\" content=\"https:\/\/omanivietnam.com\/index.php\/san-pham\/smc-vba42a-04gn\/\" \/>\n<meta property=\"og:site_name\" content=\"OMANI VI\u1ec6T NAM\" \/>\n<meta property=\"og:image\" content=\"https:\/\/omanivietnam.com\/wp-content\/uploads\/2025\/04\/VBA42A-04GN.png\" \/>\n\t<meta property=\"og:image:width\" content=\"1298\" \/>\n\t<meta property=\"og:image:height\" content=\"909\" \/>\n\t<meta property=\"og:image:type\" content=\"image\/png\" \/>\n<meta name=\"twitter:card\" content=\"summary_large_image\" \/>\n<meta name=\"twitter:label1\" content=\"\u01af\u1edbc t\u00ednh th\u1eddi gian \u0111\u1ecdc\" \/>\n\t<meta name=\"twitter:data1\" content=\"2 ph\u00fat\" \/>\n<script type=\"application\/ld+json\" class=\"yoast-schema-graph\">{\"@context\":\"https:\/\/schema.org\",\"@graph\":[{\"@type\":\"WebPage\",\"@id\":\"https:\/\/omanivietnam.com\/index.php\/san-pham\/smc-vba42a-04gn\/\",\"url\":\"https:\/\/omanivietnam.com\/index.php\/san-pham\/smc-vba42a-04gn\/\",\"name\":\"SMC VBA42A-04GN - OMANI VI\u1ec6T NAM\",\"isPartOf\":{\"@id\":\"https:\/\/omanivietnam.com\/#website\"},\"primaryImageOfPage\":{\"@id\":\"https:\/\/omanivietnam.com\/index.php\/san-pham\/smc-vba42a-04gn\/#primaryimage\"},\"image\":{\"@id\":\"https:\/\/omanivietnam.com\/index.php\/san-pham\/smc-vba42a-04gn\/#primaryimage\"},\"thumbnailUrl\":\"https:\/\/omanivietnam.com\/wp-content\/uploads\/2025\/04\/VBA42A-04GN.png\",\"datePublished\":\"2025-04-11T15:01:08+00:00\",\"dateModified\":\"2025-04-11T15:01:08+00:00\",\"description\":\"SMC VBA42A-04GN Booster Regulator\",\"breadcrumb\":{\"@id\":\"https:\/\/omanivietnam.com\/index.php\/san-pham\/smc-vba42a-04gn\/#breadcrumb\"},\"inLanguage\":\"vi\",\"potentialAction\":[{\"@type\":\"ReadAction\",\"target\":[\"https:\/\/omanivietnam.com\/index.php\/san-pham\/smc-vba42a-04gn\/\"]}]},{\"@type\":\"ImageObject\",\"inLanguage\":\"vi\",\"@id\":\"https:\/\/omanivietnam.com\/index.php\/san-pham\/smc-vba42a-04gn\/#primaryimage\",\"url\":\"https:\/\/omanivietnam.com\/wp-content\/uploads\/2025\/04\/VBA42A-04GN.png\",\"contentUrl\":\"https:\/\/omanivietnam.com\/wp-content\/uploads\/2025\/04\/VBA42A-04GN.png\",\"width\":1298,\"height\":909},{\"@type\":\"BreadcrumbList\",\"@id\":\"https:\/\/omanivietnam.com\/index.php\/san-pham\/smc-vba42a-04gn\/#breadcrumb\",\"itemListElement\":[{\"@type\":\"ListItem\",\"position\":1,\"name\":\"Home\",\"item\":\"https:\/\/omanivietnam.com\/\"},{\"@type\":\"ListItem\",\"position\":2,\"name\":\"S\u1ea2N PH\u1ea8M\",\"item\":\"https:\/\/omanivietnam.com\/index.php\/cua-hang\/\"},{\"@type\":\"ListItem\",\"position\":3,\"name\":\"SMC VBA42A-04GN\"}]},{\"@type\":\"WebSite\",\"@id\":\"https:\/\/omanivietnam.com\/#website\",\"url\":\"https:\/\/omanivietnam.com\/\",\"name\":\"OMANI VI\u1ec6T NAM\",\"description\":\"Nh\u00e0 ph\u00e2n ph\u1ed1i thi\u1ebft b\u1ecb kh\u00ed n\u00e9n v\u00e0 thi\u1ebft b\u1ecb t\u1ef1 \u0111\u1ed9ng h\u00f3a trong c\u00f4ng nghi\u1ec7p\",\"publisher\":{\"@id\":\"https:\/\/omanivietnam.com\/#\/schema\/person\/0ad398a980dc3fd696111c2c5c8fa897\"},\"potentialAction\":[{\"@type\":\"SearchAction\",\"target\":{\"@type\":\"EntryPoint\",\"urlTemplate\":\"https:\/\/omanivietnam.com\/?s={search_term_string}\"},\"query-input\":\"required name=search_term_string\"}],\"inLanguage\":\"vi\"},{\"@type\":[\"Person\",\"Organization\"],\"@id\":\"https:\/\/omanivietnam.com\/#\/schema\/person\/0ad398a980dc3fd696111c2c5c8fa897\",\"name\":\"Nguy\u1ec5n V\u0103n Kh\u00e1nh\",\"image\":{\"@type\":\"ImageObject\",\"inLanguage\":\"vi\",\"@id\":\"https:\/\/omanivietnam.com\/#\/schema\/person\/image\/\",\"url\":\"https:\/\/omanivietnam.com\/wp-content\/uploads\/2024\/06\/logo-1024x1024.png\",\"contentUrl\":\"https:\/\/omanivietnam.com\/wp-content\/uploads\/2024\/06\/logo-1024x1024.png\",\"width\":1024,\"height\":1024,\"caption\":\"Nguy\u1ec5n V\u0103n Kh\u00e1nh\"},\"logo\":{\"@id\":\"https:\/\/omanivietnam.com\/#\/schema\/person\/image\/\"},\"sameAs\":[\"https:\/\/omanivietnam.com\"]}]}<\/script>\n<!-- \/ Yoast SEO plugin. -->","yoast_head_json":{"title":"SMC VBA42A-04GN - OMANI VI\u1ec6T NAM","description":"SMC VBA42A-04GN Booster Regulator","robots":{"index":"index","follow":"follow","max-snippet":"max-snippet:-1","max-image-preview":"max-image-preview:large","max-video-preview":"max-video-preview:-1"},"canonical":"https:\/\/omanivietnam.com\/index.php\/san-pham\/smc-vba42a-04gn\/","og_locale":"vi_VN","og_type":"article","og_title":"SMC VBA42A-04GN - OMANI VI\u1ec6T NAM","og_description":"SMC VBA42A-04GN Booster Regulator","og_url":"https:\/\/omanivietnam.com\/index.php\/san-pham\/smc-vba42a-04gn\/","og_site_name":"OMANI VI\u1ec6T NAM","og_image":[{"width":1298,"height":909,"url":"https:\/\/omanivietnam.com\/wp-content\/uploads\/2025\/04\/VBA42A-04GN.png","type":"image\/png"}],"twitter_card":"summary_large_image","twitter_misc":{"\u01af\u1edbc t\u00ednh th\u1eddi gian \u0111\u1ecdc":"2 ph\u00fat"},"schema":{"@context":"https:\/\/schema.org","@graph":[{"@type":"WebPage","@id":"https:\/\/omanivietnam.com\/index.php\/san-pham\/smc-vba42a-04gn\/","url":"https:\/\/omanivietnam.com\/index.php\/san-pham\/smc-vba42a-04gn\/","name":"SMC VBA42A-04GN - OMANI VI\u1ec6T NAM","isPartOf":{"@id":"https:\/\/omanivietnam.com\/#website"},"primaryImageOfPage":{"@id":"https:\/\/omanivietnam.com\/index.php\/san-pham\/smc-vba42a-04gn\/#primaryimage"},"image":{"@id":"https:\/\/omanivietnam.com\/index.php\/san-pham\/smc-vba42a-04gn\/#primaryimage"},"thumbnailUrl":"https:\/\/omanivietnam.com\/wp-content\/uploads\/2025\/04\/VBA42A-04GN.png","datePublished":"2025-04-11T15:01:08+00:00","dateModified":"2025-04-11T15:01:08+00:00","description":"SMC VBA42A-04GN Booster Regulator","breadcrumb":{"@id":"https:\/\/omanivietnam.com\/index.php\/san-pham\/smc-vba42a-04gn\/#breadcrumb"},"inLanguage":"vi","potentialAction":[{"@type":"ReadAction","target":["https:\/\/omanivietnam.com\/index.php\/san-pham\/smc-vba42a-04gn\/"]}]},{"@type":"ImageObject","inLanguage":"vi","@id":"https:\/\/omanivietnam.com\/index.php\/san-pham\/smc-vba42a-04gn\/#primaryimage","url":"https:\/\/omanivietnam.com\/wp-content\/uploads\/2025\/04\/VBA42A-04GN.png","contentUrl":"https:\/\/omanivietnam.com\/wp-content\/uploads\/2025\/04\/VBA42A-04GN.png","width":1298,"height":909},{"@type":"BreadcrumbList","@id":"https:\/\/omanivietnam.com\/index.php\/san-pham\/smc-vba42a-04gn\/#breadcrumb","itemListElement":[{"@type":"ListItem","position":1,"name":"Home","item":"https:\/\/omanivietnam.com\/"},{"@type":"ListItem","position":2,"name":"S\u1ea2N PH\u1ea8M","item":"https:\/\/omanivietnam.com\/index.php\/cua-hang\/"},{"@type":"ListItem","position":3,"name":"SMC VBA42A-04GN"}]},{"@type":"WebSite","@id":"https:\/\/omanivietnam.com\/#website","url":"https:\/\/omanivietnam.com\/","name":"OMANI VI\u1ec6T NAM","description":"Nh\u00e0 ph\u00e2n ph\u1ed1i thi\u1ebft b\u1ecb kh\u00ed n\u00e9n v\u00e0 thi\u1ebft b\u1ecb t\u1ef1 \u0111\u1ed9ng h\u00f3a trong c\u00f4ng nghi\u1ec7p","publisher":{"@id":"https:\/\/omanivietnam.com\/#\/schema\/person\/0ad398a980dc3fd696111c2c5c8fa897"},"potentialAction":[{"@type":"SearchAction","target":{"@type":"EntryPoint","urlTemplate":"https:\/\/omanivietnam.com\/?s={search_term_string}"},"query-input":"required name=search_term_string"}],"inLanguage":"vi"},{"@type":["Person","Organization"],"@id":"https:\/\/omanivietnam.com\/#\/schema\/person\/0ad398a980dc3fd696111c2c5c8fa897","name":"Nguy\u1ec5n V\u0103n Kh\u00e1nh","image":{"@type":"ImageObject","inLanguage":"vi","@id":"https:\/\/omanivietnam.com\/#\/schema\/person\/image\/","url":"https:\/\/omanivietnam.com\/wp-content\/uploads\/2024\/06\/logo-1024x1024.png","contentUrl":"https:\/\/omanivietnam.com\/wp-content\/uploads\/2024\/06\/logo-1024x1024.png","width":1024,"height":1024,"caption":"Nguy\u1ec5n V\u0103n Kh\u00e1nh"},"logo":{"@id":"https:\/\/omanivietnam.com\/#\/schema\/person\/image\/"},"sameAs":["https:\/\/omanivietnam.com"]}]}},"_links":{"self":[{"href":"https:\/\/omanivietnam.com\/index.php\/wp-json\/wp\/v2\/product\/3524","targetHints":{"allow":["GET"]}}],"collection":[{"href":"https:\/\/omanivietnam.com\/index.php\/wp-json\/wp\/v2\/product"}],"about":[{"href":"https:\/\/omanivietnam.com\/index.php\/wp-json\/wp\/v2\/types\/product"}],"replies":[{"embeddable":true,"href":"https:\/\/omanivietnam.com\/index.php\/wp-json\/wp\/v2\/comments?post=3524"}],"wp:featuredmedia":[{"embeddable":true,"href":"https:\/\/omanivietnam.com\/index.php\/wp-json\/wp\/v2\/media\/3525"}],"wp:attachment":[{"href":"https:\/\/omanivietnam.com\/index.php\/wp-json\/wp\/v2\/media?parent=3524"}],"wp:term":[{"taxonomy":"product_cat","embeddable":true,"href":"https:\/\/omanivietnam.com\/index.php\/wp-json\/wp\/v2\/product_cat?post=3524"},{"taxonomy":"product_tag","embeddable":true,"href":"https:\/\/omanivietnam.com\/index.php\/wp-json\/wp\/v2\/product_tag?post=3524"}],"curies":[{"name":"wp","href":"https:\/\/api.w.org\/{rel}","templated":true}]}}