{"id":3532,"date":"2025-04-12T16:21:46","date_gmt":"2025-04-12T09:21:46","guid":{"rendered":"https:\/\/omanivietnam.com\/?post_type=product&#038;p=3532"},"modified":"2025-04-12T19:52:32","modified_gmt":"2025-04-12T12:52:32","slug":"norgren-2623077-3037-24vdc","status":"publish","type":"product","link":"https:\/\/omanivietnam.com\/index.php\/san-pham\/norgren-2623077-3037-24vdc\/","title":{"rendered":"NORGREN 2623077.3037.24VDC"},"content":{"rendered":"<p>NORGREN 2623077.3037.24VDC<\/p>\n<p>NORGREN 2623077.3036.24VDC<\/p>\n<p class=\"product-row\"><label data-lang=\"detailproduct_idproduct\">M\u00e3 s\u1ea3n ph\u1ea9m :<\/label> 2623077 Norgren<\/p>\n<p class=\"product-row\"><label data-lang=\"detailproduct_production\">Xu\u1ea5t x\u1ee9 :<\/label>\u00a0Norgren |<\/p>\n<p class=\"product-row\"><label data-lang=\"detailproduct_warranty\">B\u1ea3o h\u00e0nh :<\/label>\u00a012 th\u00e1ng<\/p>\n<div class=\"product-row detail-content\">2623077 | van \u0111i\u1ec7n t\u1eeb Norgren | Van \u0111i\u1ec7n t\u1eeb 2623077 | Norgren 2623077 |<\/div>\n<div><\/div>\n<div><strong>Th\u00f4ng s\u1ed1 k\u1ef9 thu\u1eadt s\u1ea3n ph\u1ea9m<\/strong><\/div>\n<div><\/div>\n<div>\n<div class=\"table-responsive\">\n<table class=\"table table-bordered\">\n<tbody>\n<tr>\n<th>Product Attribute<\/th>\n<th>Attribute Value<\/th>\n<th>Search<\/th>\n<\/tr>\n<tr>\n<td>Configuration<\/td>\n<td>5 port \/ 2 position<\/td>\n<td><\/td>\n<\/tr>\n<tr>\n<td>For Use With<\/td>\n<td>AC (Model 3063) or DC (Models 3050, 3036, 3062 and 3071) powered solenoid actuators, sold separately.<\/td>\n<td><\/td>\n<\/tr>\n<tr>\n<td>Number of Ports<\/td>\n<td>5<\/td>\n<td><\/td>\n<\/tr>\n<tr>\n<td>Operating Pressure<\/td>\n<td>2 to 8 bar<\/td>\n<td><\/td>\n<\/tr>\n<tr>\n<td>Port Size<\/td>\n<td>1\/4 \u201c<\/td>\n<td><\/td>\n<\/tr>\n<tr>\n<td>Series<\/td>\n<td>Herion Series<\/td>\n<td><\/td>\n<\/tr>\n<tr>\n<td>Thread Type<\/td>\n<td>G<\/td>\n<td><\/td>\n<\/tr>\n<tr>\n<td>Type<\/td>\n<td>Indirect Operated<\/td>\n<\/tr>\n<\/tbody>\n<\/table>\n<p>&nbsp;<\/p>\n<table class=\"table table-bordered\">\n<tbody>\n<tr>\n<th>Application<\/th>\n<td>SSR<\/td>\n<th>Latch function<\/th>\n<td>NA<\/td>\n<\/tr>\n<tr>\n<th>Terminal shape<\/th>\n<td>Screw Fastening<\/td>\n<th>Safety standards<\/th>\n<td>UL \/ TUV \/ CSA<\/td>\n<\/tr>\n<tr>\n<th>Dimension height(mm)<\/th>\n<td>100<\/td>\n<th>Dimension width(mm)<\/th>\n<td>22.5<\/td>\n<\/tr>\n<tr>\n<th>Dimension depth(mm)<\/th>\n<td>100<\/td>\n<th>Insulation method<\/th>\n<td>Phototriac Coupler<\/td>\n<\/tr>\n<tr>\n<th>Zero cross function<\/th>\n<td>Available<\/td>\n<th>Operation Indicator Lamp<\/th>\n<td>Available<\/td>\n<\/tr>\n<tr>\n<th>Input rated voltage(V)<\/th>\n<td>DC 12\u201324<\/td>\n<th>Applicable output load(A)\/(V)<\/th>\n<td>25\/AC 100 to 240<\/td>\n<\/tr>\n<\/tbody>\n<\/table>\n<p>M\u00e3 h\u00e0ng t\u01b0\u01a1ng t\u1ef1<\/p>\n<p>NORGREN 9710596<\/p>\n<p>NORGREN 460202400<\/p>\n<p>NORGREN VP6010LJ761MB200<\/p>\n<p>SPC\/990184\/10<\/p>\n<p>SPC\/990184\/25<\/p>\n<p>RM\/8020\/M\/20<\/p>\n<p>V62C513A-A313J<\/p>\n<p>SPGB\/31733<\/p>\n<p>ICO3S-Y013AA1H1BS =&gt; new Y013AA1H1BS072<\/p>\n<p>ICO3S-Y013PA1H1BS =&gt; new Y013PA1H1BS072<\/p>\n<p>0880300<\/p>\n<p>8240200.9101 (DC24V)<\/p>\n<p>M\/31142<\/p>\n<p>11-018-110<\/p>\n<p>T74E-6AA-P1N<\/p>\n<p>S\/513E<\/p>\n<p><span class=\"text\">SXE<\/span><a class=\"text-is-phone-number\" data-z-element-type=\"phone-number\">9573-180-00<\/a><span class=\"text\"> DC24V<\/span><\/p>\n<p>V04A486L-B623A<\/p>\n<p>V45A611D-C313A<\/p>\n<p>PRA\/182100\/M\/200<\/p>\n<\/div>\n<\/div>\n<table width=\"437\">\n<tbody>\n<tr>\n<td width=\"194\">Norgren Viet Nam<\/td>\n<td width=\"243\">Model: 2623077.3037.24VDC<\/td>\n<\/tr>\n<tr>\n<td width=\"194\">Norgren Viet Nam<\/td>\n<td width=\"243\">Norgren Solenoid valve 5\/2, \u00bc\u201d 24VDC<\/td>\n<\/tr>\n<tr>\n<td width=\"194\">Norgren Viet Nam<\/td>\n<td width=\"243\">Model: 2623079.3037.24VDC<\/td>\n<\/tr>\n<tr>\n<td width=\"194\">Norgren Viet Nam<\/td>\n<td width=\"243\">Norgren Solenoid valve 2\/2,24VDC<\/td>\n<\/tr>\n<tr>\n<td width=\"194\">Norgren Viet Nam<\/td>\n<td width=\"243\">Model: 8497503.8270.24VDC<\/td>\n<\/tr>\n<tr>\n<td width=\"194\">Norgren Viet Nam<\/td>\n<td width=\"243\">Norgren Coil of solenoid. 8497503.24VDC<\/td>\n<\/tr>\n<tr>\n<td width=\"194\">Norgren Viet Nam<\/td>\n<td width=\"243\">Model: 8270.24VDC<\/td>\n<\/tr>\n<tr>\n<td width=\"194\">Norgren Viet Nam<\/td>\n<td width=\"243\">Norgren Coil of solenoid.<\/td>\n<\/tr>\n<tr>\n<td width=\"194\">Norgren Viet Nam<\/td>\n<td width=\"243\">Model: 0200.230VAC<\/td>\n<\/tr>\n<tr>\n<td width=\"194\">Norgren Viet Nam<\/td>\n<td width=\"243\">Norgren Coi of valve.<\/td>\n<\/tr>\n<tr>\n<td width=\"194\">Norgren Viet Nam<\/td>\n<td width=\"243\">Model: 0000000.4201.230VAC<\/td>\n<\/tr>\n<tr>\n<td width=\"194\">Norgren Viet Nam<\/td>\n<td width=\"243\">Norgren Body of solenoid valve 5\/2.<\/td>\n<\/tr>\n<tr>\n<td width=\"194\">Norgren Viet Nam<\/td>\n<td width=\"243\">Model: 9710555.0000.<\/td>\n<\/tr>\n<tr>\n<td width=\"194\">Norgren Viet Nam<\/td>\n<td width=\"243\">Norgren Solenoid valve 2\/2; \u00be\u201d; 0-16 bar; 230VAC<\/td>\n<\/tr>\n<tr>\n<td width=\"194\">Norgren Viet Nam<\/td>\n<td width=\"243\">Model: 8240300.9101.230VAC<\/td>\n<\/tr>\n<tr>\n<td width=\"194\">Norgren Viet Nam<\/td>\n<td width=\"243\">Norgen Van kh\u00ed n\u00e9n 24VDC<\/td>\n<\/tr>\n<tr>\n<td width=\"194\">Norgren Viet Nam<\/td>\n<td width=\"243\">Id No: 9710000.30.37.024.00<\/td>\n<\/tr>\n<tr>\n<td width=\"194\">Norgren Viet Nam<\/td>\n<td width=\"243\">Norgren Coil, 220\/240V \u2013 5.0VA<\/td>\n<\/tr>\n<tr>\n<td width=\"194\">Norgren Viet Nam<\/td>\n<td width=\"243\">Model: QM\/48\/19J\/28<\/td>\n<\/tr>\n<tr>\n<td width=\"194\">Norgren Viet Nam<\/td>\n<td width=\"243\">Code: 19J<\/td>\n<\/tr>\n<tr>\n<td width=\"194\">Norgren Viet Nam<\/td>\n<td width=\"243\">Norgen Germany Solenoid valve 5\/2,1\/4\u2033 24VDC<\/td>\n<\/tr>\n<tr>\n<td width=\"194\">Norgren Viet Nam<\/td>\n<td width=\"243\">Model:2623077.3037.24VDC<\/td>\n<\/tr>\n<tr>\n<td width=\"194\">Norgren Viet Nam<\/td>\n<td width=\"243\">Norgen Germany Solenoid valve 2\/2,Port 1\u2033,24VDC<\/td>\n<\/tr>\n<tr>\n<td width=\"194\">Norgren Viet Nam<\/td>\n<td width=\"243\">Model:8240400.9100<\/td>\n<\/tr>\n<tr>\n<td width=\"194\">Norgren Viet Nam<\/td>\n<td width=\"243\">Norgen Germany Solenoid valve 2\/2,24VDC<\/td>\n<\/tr>\n<tr>\n<td width=\"194\">Norgren Viet Nam<\/td>\n<td width=\"243\">Model:8497503.8270.24VDC<\/td>\n<\/tr>\n<tr>\n<td width=\"194\">Norgren Viet Nam<\/td>\n<td width=\"243\">Norgen Germany Coil of solenoid<\/td>\n<\/tr>\n<tr>\n<td width=\"194\">Norgren Viet Nam<\/td>\n<td width=\"243\">Model:0200.230VAC<\/td>\n<\/tr>\n<tr>\n<td width=\"194\">Norgren Viet Nam<\/td>\n<td width=\"243\">NORGREN M\/46140\/m\/1500<\/td>\n<\/tr>\n<tr>\n<td width=\"194\">Norgren Viet Nam<\/td>\n<td width=\"243\">change: M\/146140\/M\/1500<\/td>\n<\/tr>\n<tr>\n<td width=\"194\">Norgren Viet Nam<\/td>\n<td width=\"243\">Regulator R74G-4AK-RMG Norgren<\/td>\n<\/tr>\n<tr>\n<td width=\"194\">Norgren Viet Nam<\/td>\n<td width=\"243\">Roll Switch KR2 Norgren<\/td>\n<\/tr>\n<tr>\n<td width=\"194\">Norgren Viet Nam<\/td>\n<td width=\"243\">VLV Air Control K71EA00 Norgren<\/td>\n<\/tr>\n<tr>\n<td width=\"194\">Norgren Viet Nam<\/td>\n<td width=\"243\">Poppet Valve D1025C Norgren<\/td>\n<\/tr>\n<tr>\n<td width=\"194\">Norgren Viet Nam<\/td>\n<td width=\"243\">Norgren Vietnam NORGREN VALVE: S\/666\/8<\/td>\n<\/tr>\n<tr>\n<td width=\"194\">Norgren Viet Nam<\/td>\n<td width=\"243\">NORGREN V61B511A-A213J 24VDC<\/td>\n<\/tr>\n<tr>\n<td width=\"194\">Norgren Viet Nam<\/td>\n<td width=\"243\">NORGREN RA\/8063\/M\/100<\/td>\n<\/tr>\n<tr>\n<td width=\"194\">Norgren Viet Nam<\/td>\n<td width=\"243\">NORGREN M\/40140\/m\/1500<\/td>\n<\/tr>\n<tr>\n<td width=\"194\">Norgren Viet Nam<\/td>\n<td width=\"243\">correct: M\/146140\/M\/1500<\/td>\n<\/tr>\n<tr>\n<td width=\"194\">Norgren Viet Nam<\/td>\n<td width=\"243\">NORGREN 8240600.9101 coil: 230Vac\/50Hz<\/td>\n<\/tr>\n<tr>\n<td width=\"194\">Norgren Viet Nam<\/td>\n<td width=\"243\">correct:8240600.9101.23050<\/td>\n<\/tr>\n<tr>\n<td width=\"194\">Norgren Viet Nam<\/td>\n<td width=\"243\">origin: Germany<\/td>\n<\/tr>\n<tr>\n<td width=\"194\">Norgren Viet Nam<\/td>\n<td width=\"243\">NORGREN M\/46140\/m\/1500<\/td>\n<\/tr>\n<tr>\n<td width=\"194\">Norgren Viet Nam<\/td>\n<td width=\"243\">change: M\/146140\/M\/1500<\/td>\n<\/tr>\n<tr>\n<td width=\"194\">Norgren Viet Nam<\/td>\n<td width=\"243\">Norgren R22-401-RNMA<\/td>\n<\/tr>\n<tr>\n<td width=\"194\">Norgren Viet Nam<\/td>\n<td width=\"243\">Norgren F22-400-A2DA<\/td>\n<\/tr>\n<tr>\n<td width=\"194\">Norgren Viet Nam<\/td>\n<td width=\"243\">Norgren R05-200-RNLA<\/td>\n<\/tr>\n<tr>\n<td width=\"194\">Norgren Viet Nam<\/td>\n<td width=\"243\">Norgren R22-401-RNMA<\/td>\n<\/tr>\n<tr>\n<td width=\"194\">Norgren Viet Nam<\/td>\n<td width=\"243\">Norgren F22-400-A2DA<\/td>\n<\/tr>\n<tr>\n<td width=\"194\">Norgren Viet Nam<\/td>\n<td width=\"243\">Norgren R05-200-RNLA<\/td>\n<\/tr>\n<tr>\n<td width=\"194\">Norgren Viet Nam<\/td>\n<td width=\"243\">Norgren R22-401-RNMA<\/td>\n<\/tr>\n<tr>\n<td width=\"194\">Norgren Viet Nam<\/td>\n<td width=\"243\">Norgren B38-440-A1LA<\/td>\n<\/tr>\n<tr>\n<td width=\"194\">Norgren Viet Nam<\/td>\n<td width=\"243\">Van \u0111i\u00ea\u0300u a\u0301p 11-042-013<\/td>\n<\/tr>\n<tr>\n<td width=\"194\">Norgren Viet Nam<\/td>\n<td width=\"243\">Norgren Van \u0111i\u1ec1u \u00e1p<\/td>\n<\/tr>\n<tr>\n<td width=\"194\">Norgren Viet Nam<\/td>\n<td width=\"243\">Norgren Pilot valve 5\/2<\/td>\n<\/tr>\n<tr>\n<td width=\"194\">Norgren Viet Nam<\/td>\n<td width=\"243\">Norgren Cylinders<\/td>\n<\/tr>\n<tr>\n<td width=\"194\">Norgren Viet Nam<\/td>\n<td width=\"243\">Norgren Van \u0111i\u1ec1u \u00e1p<\/td>\n<\/tr>\n<tr>\n<td width=\"194\">Norgren Viet Nam<\/td>\n<td width=\"243\">NORGREN Solenoild valve<\/td>\n<\/tr>\n<tr>\n<td width=\"194\">Norgren Viet Nam<\/td>\n<td width=\"243\">NORGREN Pilot valve<\/td>\n<\/tr>\n<tr>\n<td width=\"194\">Norgren Viet Nam<\/td>\n<td width=\"243\">Norgren<\/td>\n<\/tr>\n<tr>\n<td width=\"194\">Norgren Viet Nam<\/td>\n<td width=\"243\">11-042-013<\/td>\n<\/tr>\n<tr>\n<td width=\"194\">Norgren Viet Nam<\/td>\n<td width=\"243\">SXP0573-180B<\/td>\n<\/tr>\n<tr>\n<td width=\"194\">Norgren Viet Nam<\/td>\n<td width=\"243\">M\/1525\/75<\/td>\n<\/tr>\n<tr>\n<td width=\"194\">Norgren Viet Nam<\/td>\n<td width=\"243\">11-042-013<\/td>\n<\/tr>\n<tr>\n<td width=\"194\">Norgren Viet Nam<\/td>\n<td width=\"243\">SXE9573-170-00\/24VDC<\/td>\n<\/tr>\n<tr>\n<td width=\"194\">Norgren Viet Nam<\/td>\n<td width=\"243\">SXP1573-180-00<\/td>\n<\/tr>\n<\/tbody>\n<\/table>\n","protected":false},"excerpt":{"rendered":"<p>NORGREN 2623077.3037.24VDC NORGREN 2623077.3036.24VDC M\u00e3 s\u1ea3n ph\u1ea9m : 2623077 Norgren Xu\u1ea5t x\u1ee9 :\u00a0Norgren | B\u1ea3o h\u00e0nh :\u00a012 th\u00e1ng 2623077 | van \u0111i\u1ec7n t\u1eeb Norgren | Van \u0111i\u1ec7n t\u1eeb 2623077 | Norgren 2623077 | Th\u00f4ng s\u1ed1 k\u1ef9 thu\u1eadt s\u1ea3n ph\u1ea9m Product Attribute Attribute Value Search Configuration 5 port \/ 2 position&hellip; <\/p>\n","protected":false},"featured_media":3533,"comment_status":"open","ping_status":"closed","template":"","meta":[],"product_cat":[482],"product_tag":[484,483,690],"class_list":{"0":"post-3532","1":"product","2":"type-product","3":"status-publish","4":"has-post-thumbnail","6":"product_cat-norgren","7":"product_tag-dai-ly-norgren-viet-nam","8":"product_tag-norgren-viet-nam","9":"product_tag-van-dien-tu","11":"first","12":"instock","13":"shipping-taxable","14":"product-type-simple"},"yoast_head":"<!-- This site is optimized with the Yoast SEO plugin v22.8 - https:\/\/yoast.com\/wordpress\/plugins\/seo\/ -->\n<title>NORGREN 2623077.3037.24VDC - OMANI VI\u1ec6T NAM<\/title>\n<meta name=\"description\" content=\"NORGREN 2623077.3037.24VDC Solenoid Valve\" \/>\n<meta name=\"robots\" content=\"index, follow, max-snippet:-1, max-image-preview:large, max-video-preview:-1\" \/>\n<link rel=\"canonical\" href=\"https:\/\/omanivietnam.com\/index.php\/san-pham\/norgren-2623077-3037-24vdc\/\" \/>\n<meta property=\"og:locale\" content=\"vi_VN\" \/>\n<meta property=\"og:type\" content=\"article\" \/>\n<meta property=\"og:title\" content=\"NORGREN 2623077.3037.24VDC - OMANI VI\u1ec6T NAM\" \/>\n<meta property=\"og:description\" content=\"NORGREN 2623077.3037.24VDC Solenoid Valve\" \/>\n<meta property=\"og:url\" content=\"https:\/\/omanivietnam.com\/index.php\/san-pham\/norgren-2623077-3037-24vdc\/\" \/>\n<meta property=\"og:site_name\" content=\"OMANI VI\u1ec6T NAM\" \/>\n<meta property=\"article:modified_time\" content=\"2025-04-12T12:52:32+00:00\" \/>\n<meta property=\"og:image\" content=\"https:\/\/omanivietnam.com\/wp-content\/uploads\/2025\/04\/2623077.3037.24VDC.png\" \/>\n\t<meta property=\"og:image:width\" content=\"548\" \/>\n\t<meta property=\"og:image:height\" content=\"859\" \/>\n\t<meta property=\"og:image:type\" content=\"image\/png\" \/>\n<meta name=\"twitter:card\" content=\"summary_large_image\" \/>\n<meta name=\"twitter:label1\" content=\"\u01af\u1edbc t\u00ednh th\u1eddi gian \u0111\u1ecdc\" \/>\n\t<meta name=\"twitter:data1\" content=\"4 ph\u00fat\" \/>\n<script type=\"application\/ld+json\" class=\"yoast-schema-graph\">{\"@context\":\"https:\/\/schema.org\",\"@graph\":[{\"@type\":\"WebPage\",\"@id\":\"https:\/\/omanivietnam.com\/index.php\/san-pham\/norgren-2623077-3037-24vdc\/\",\"url\":\"https:\/\/omanivietnam.com\/index.php\/san-pham\/norgren-2623077-3037-24vdc\/\",\"name\":\"NORGREN 2623077.3037.24VDC - OMANI VI\u1ec6T NAM\",\"isPartOf\":{\"@id\":\"https:\/\/omanivietnam.com\/#website\"},\"primaryImageOfPage\":{\"@id\":\"https:\/\/omanivietnam.com\/index.php\/san-pham\/norgren-2623077-3037-24vdc\/#primaryimage\"},\"image\":{\"@id\":\"https:\/\/omanivietnam.com\/index.php\/san-pham\/norgren-2623077-3037-24vdc\/#primaryimage\"},\"thumbnailUrl\":\"https:\/\/omanivietnam.com\/wp-content\/uploads\/2025\/04\/2623077.3037.24VDC.png\",\"datePublished\":\"2025-04-12T09:21:46+00:00\",\"dateModified\":\"2025-04-12T12:52:32+00:00\",\"description\":\"NORGREN 2623077.3037.24VDC Solenoid Valve\",\"breadcrumb\":{\"@id\":\"https:\/\/omanivietnam.com\/index.php\/san-pham\/norgren-2623077-3037-24vdc\/#breadcrumb\"},\"inLanguage\":\"vi\",\"potentialAction\":[{\"@type\":\"ReadAction\",\"target\":[\"https:\/\/omanivietnam.com\/index.php\/san-pham\/norgren-2623077-3037-24vdc\/\"]}]},{\"@type\":\"ImageObject\",\"inLanguage\":\"vi\",\"@id\":\"https:\/\/omanivietnam.com\/index.php\/san-pham\/norgren-2623077-3037-24vdc\/#primaryimage\",\"url\":\"https:\/\/omanivietnam.com\/wp-content\/uploads\/2025\/04\/2623077.3037.24VDC.png\",\"contentUrl\":\"https:\/\/omanivietnam.com\/wp-content\/uploads\/2025\/04\/2623077.3037.24VDC.png\",\"width\":548,\"height\":859},{\"@type\":\"BreadcrumbList\",\"@id\":\"https:\/\/omanivietnam.com\/index.php\/san-pham\/norgren-2623077-3037-24vdc\/#breadcrumb\",\"itemListElement\":[{\"@type\":\"ListItem\",\"position\":1,\"name\":\"Home\",\"item\":\"https:\/\/omanivietnam.com\/\"},{\"@type\":\"ListItem\",\"position\":2,\"name\":\"S\u1ea2N PH\u1ea8M\",\"item\":\"https:\/\/omanivietnam.com\/index.php\/cua-hang\/\"},{\"@type\":\"ListItem\",\"position\":3,\"name\":\"NORGREN 2623077.3037.24VDC\"}]},{\"@type\":\"WebSite\",\"@id\":\"https:\/\/omanivietnam.com\/#website\",\"url\":\"https:\/\/omanivietnam.com\/\",\"name\":\"OMANI VI\u1ec6T NAM\",\"description\":\"Nh\u00e0 ph\u00e2n ph\u1ed1i thi\u1ebft b\u1ecb kh\u00ed n\u00e9n v\u00e0 thi\u1ebft b\u1ecb t\u1ef1 \u0111\u1ed9ng h\u00f3a trong c\u00f4ng nghi\u1ec7p\",\"publisher\":{\"@id\":\"https:\/\/omanivietnam.com\/#\/schema\/person\/0ad398a980dc3fd696111c2c5c8fa897\"},\"potentialAction\":[{\"@type\":\"SearchAction\",\"target\":{\"@type\":\"EntryPoint\",\"urlTemplate\":\"https:\/\/omanivietnam.com\/?s={search_term_string}\"},\"query-input\":\"required name=search_term_string\"}],\"inLanguage\":\"vi\"},{\"@type\":[\"Person\",\"Organization\"],\"@id\":\"https:\/\/omanivietnam.com\/#\/schema\/person\/0ad398a980dc3fd696111c2c5c8fa897\",\"name\":\"Nguy\u1ec5n V\u0103n Kh\u00e1nh\",\"image\":{\"@type\":\"ImageObject\",\"inLanguage\":\"vi\",\"@id\":\"https:\/\/omanivietnam.com\/#\/schema\/person\/image\/\",\"url\":\"https:\/\/omanivietnam.com\/wp-content\/uploads\/2024\/06\/logo-1024x1024.png\",\"contentUrl\":\"https:\/\/omanivietnam.com\/wp-content\/uploads\/2024\/06\/logo-1024x1024.png\",\"width\":1024,\"height\":1024,\"caption\":\"Nguy\u1ec5n V\u0103n Kh\u00e1nh\"},\"logo\":{\"@id\":\"https:\/\/omanivietnam.com\/#\/schema\/person\/image\/\"},\"sameAs\":[\"https:\/\/omanivietnam.com\"]}]}<\/script>\n<!-- \/ Yoast SEO plugin. -->","yoast_head_json":{"title":"NORGREN 2623077.3037.24VDC - OMANI VI\u1ec6T NAM","description":"NORGREN 2623077.3037.24VDC Solenoid Valve","robots":{"index":"index","follow":"follow","max-snippet":"max-snippet:-1","max-image-preview":"max-image-preview:large","max-video-preview":"max-video-preview:-1"},"canonical":"https:\/\/omanivietnam.com\/index.php\/san-pham\/norgren-2623077-3037-24vdc\/","og_locale":"vi_VN","og_type":"article","og_title":"NORGREN 2623077.3037.24VDC - OMANI VI\u1ec6T NAM","og_description":"NORGREN 2623077.3037.24VDC Solenoid Valve","og_url":"https:\/\/omanivietnam.com\/index.php\/san-pham\/norgren-2623077-3037-24vdc\/","og_site_name":"OMANI VI\u1ec6T NAM","article_modified_time":"2025-04-12T12:52:32+00:00","og_image":[{"width":548,"height":859,"url":"https:\/\/omanivietnam.com\/wp-content\/uploads\/2025\/04\/2623077.3037.24VDC.png","type":"image\/png"}],"twitter_card":"summary_large_image","twitter_misc":{"\u01af\u1edbc t\u00ednh th\u1eddi gian \u0111\u1ecdc":"4 ph\u00fat"},"schema":{"@context":"https:\/\/schema.org","@graph":[{"@type":"WebPage","@id":"https:\/\/omanivietnam.com\/index.php\/san-pham\/norgren-2623077-3037-24vdc\/","url":"https:\/\/omanivietnam.com\/index.php\/san-pham\/norgren-2623077-3037-24vdc\/","name":"NORGREN 2623077.3037.24VDC - OMANI VI\u1ec6T NAM","isPartOf":{"@id":"https:\/\/omanivietnam.com\/#website"},"primaryImageOfPage":{"@id":"https:\/\/omanivietnam.com\/index.php\/san-pham\/norgren-2623077-3037-24vdc\/#primaryimage"},"image":{"@id":"https:\/\/omanivietnam.com\/index.php\/san-pham\/norgren-2623077-3037-24vdc\/#primaryimage"},"thumbnailUrl":"https:\/\/omanivietnam.com\/wp-content\/uploads\/2025\/04\/2623077.3037.24VDC.png","datePublished":"2025-04-12T09:21:46+00:00","dateModified":"2025-04-12T12:52:32+00:00","description":"NORGREN 2623077.3037.24VDC Solenoid Valve","breadcrumb":{"@id":"https:\/\/omanivietnam.com\/index.php\/san-pham\/norgren-2623077-3037-24vdc\/#breadcrumb"},"inLanguage":"vi","potentialAction":[{"@type":"ReadAction","target":["https:\/\/omanivietnam.com\/index.php\/san-pham\/norgren-2623077-3037-24vdc\/"]}]},{"@type":"ImageObject","inLanguage":"vi","@id":"https:\/\/omanivietnam.com\/index.php\/san-pham\/norgren-2623077-3037-24vdc\/#primaryimage","url":"https:\/\/omanivietnam.com\/wp-content\/uploads\/2025\/04\/2623077.3037.24VDC.png","contentUrl":"https:\/\/omanivietnam.com\/wp-content\/uploads\/2025\/04\/2623077.3037.24VDC.png","width":548,"height":859},{"@type":"BreadcrumbList","@id":"https:\/\/omanivietnam.com\/index.php\/san-pham\/norgren-2623077-3037-24vdc\/#breadcrumb","itemListElement":[{"@type":"ListItem","position":1,"name":"Home","item":"https:\/\/omanivietnam.com\/"},{"@type":"ListItem","position":2,"name":"S\u1ea2N PH\u1ea8M","item":"https:\/\/omanivietnam.com\/index.php\/cua-hang\/"},{"@type":"ListItem","position":3,"name":"NORGREN 2623077.3037.24VDC"}]},{"@type":"WebSite","@id":"https:\/\/omanivietnam.com\/#website","url":"https:\/\/omanivietnam.com\/","name":"OMANI VI\u1ec6T NAM","description":"Nh\u00e0 ph\u00e2n ph\u1ed1i thi\u1ebft b\u1ecb kh\u00ed n\u00e9n v\u00e0 thi\u1ebft b\u1ecb t\u1ef1 \u0111\u1ed9ng h\u00f3a trong c\u00f4ng nghi\u1ec7p","publisher":{"@id":"https:\/\/omanivietnam.com\/#\/schema\/person\/0ad398a980dc3fd696111c2c5c8fa897"},"potentialAction":[{"@type":"SearchAction","target":{"@type":"EntryPoint","urlTemplate":"https:\/\/omanivietnam.com\/?s={search_term_string}"},"query-input":"required name=search_term_string"}],"inLanguage":"vi"},{"@type":["Person","Organization"],"@id":"https:\/\/omanivietnam.com\/#\/schema\/person\/0ad398a980dc3fd696111c2c5c8fa897","name":"Nguy\u1ec5n V\u0103n Kh\u00e1nh","image":{"@type":"ImageObject","inLanguage":"vi","@id":"https:\/\/omanivietnam.com\/#\/schema\/person\/image\/","url":"https:\/\/omanivietnam.com\/wp-content\/uploads\/2024\/06\/logo-1024x1024.png","contentUrl":"https:\/\/omanivietnam.com\/wp-content\/uploads\/2024\/06\/logo-1024x1024.png","width":1024,"height":1024,"caption":"Nguy\u1ec5n V\u0103n Kh\u00e1nh"},"logo":{"@id":"https:\/\/omanivietnam.com\/#\/schema\/person\/image\/"},"sameAs":["https:\/\/omanivietnam.com"]}]}},"_links":{"self":[{"href":"https:\/\/omanivietnam.com\/index.php\/wp-json\/wp\/v2\/product\/3532","targetHints":{"allow":["GET"]}}],"collection":[{"href":"https:\/\/omanivietnam.com\/index.php\/wp-json\/wp\/v2\/product"}],"about":[{"href":"https:\/\/omanivietnam.com\/index.php\/wp-json\/wp\/v2\/types\/product"}],"replies":[{"embeddable":true,"href":"https:\/\/omanivietnam.com\/index.php\/wp-json\/wp\/v2\/comments?post=3532"}],"wp:featuredmedia":[{"embeddable":true,"href":"https:\/\/omanivietnam.com\/index.php\/wp-json\/wp\/v2\/media\/3533"}],"wp:attachment":[{"href":"https:\/\/omanivietnam.com\/index.php\/wp-json\/wp\/v2\/media?parent=3532"}],"wp:term":[{"taxonomy":"product_cat","embeddable":true,"href":"https:\/\/omanivietnam.com\/index.php\/wp-json\/wp\/v2\/product_cat?post=3532"},{"taxonomy":"product_tag","embeddable":true,"href":"https:\/\/omanivietnam.com\/index.php\/wp-json\/wp\/v2\/product_tag?post=3532"}],"curies":[{"name":"wp","href":"https:\/\/api.w.org\/{rel}","templated":true}]}}