{"id":3535,"date":"2025-04-12T16:49:01","date_gmt":"2025-04-12T09:49:01","guid":{"rendered":"https:\/\/omanivietnam.com\/?post_type=product&#038;p=3535"},"modified":"2025-04-12T16:55:20","modified_gmt":"2025-04-12T09:55:20","slug":"norgren-9710596","status":"publish","type":"product","link":"https:\/\/omanivietnam.com\/index.php\/san-pham\/norgren-9710596\/","title":{"rendered":"NORGREN 9710596"},"content":{"rendered":"<p>NORGREN 9710596<\/p>\n<p>NORGREN 460202400<\/p>\n<p>NORGREN VP6010LJ761MB200<\/p>\n<p>SPC\/990184\/10<\/p>\n<p>SPC\/990184\/25<\/p>\n<p>RM\/8020\/M\/20<\/p>\n<p>V62C513A-A313J<\/p>\n<p>SPGB\/31733<\/p>\n<p>ICO3S-Y013AA1H1BS =&gt; new Y013AA1H1BS072<\/p>\n<p>ICO3S-Y013PA1H1BS =&gt; new Y013PA1H1BS072<\/p>\n<p>0880300<\/p>\n<p>8240200.9101 (DC24V)<\/p>\n<p>M\/31142<\/p>\n<p>11-018-110<\/p>\n<p>T74E-6AA-P1N<\/p>\n<p>S\/513E<\/p>\n<p><span class=\"text\">SXE<\/span><a class=\"text-is-phone-number\" data-z-element-type=\"phone-number\">9573-180-00<\/a><span class=\"text\"> DC24V<\/span><\/p>\n<p>V04A486L-B623A<\/p>\n<p>V45A611D-C313A<\/p>\n<p>PRA\/182100\/M\/200<\/p>\n<p>&nbsp;<\/p>\n<p class=\"font__heavy mt-1 mb-0\">VP60 Proportional Control Valve, G1\/4<\/p>\n<ul class=\"product-details__spec--features no-bullets\">\n<li>High flow rate, low pressure loss<\/li>\n<li>Calibrated, linear flow characteristic with zero crossover<\/li>\n<li>Choice of setpoint input: 4 \u2026 20 mA, \u00b15 V, 0 \u2026 10 V, fixed value, function generator, optional Profibus DP<\/li>\n<li>Silicon-free to test spec P-VW 3.10.7\/01.92<\/li>\n<li>Fast dynamic response<\/li>\n<li>Diagnostic function<\/li>\n<li>CE compliant 89\/336\/EEC<\/li>\n<\/ul>\n<p>Technical details:<\/p>\n<div id=\"body-tech\" class=\"product-details__product-data--collapse collapse show\" aria-labelledby=\"button-tech\">\n<div class=\"product-details__product-data--body\">\n<div class=\"product-details__product-data--table d-flex\">\n<table>\n<tbody>\n<tr>\n<th>Medium<\/th>\n<td>Compressed air<\/td>\n<\/tr>\n<tr>\n<th>Operating Temperature<\/th>\n<td>0 &#8230; 60 \u00b0C, 32 &#8230; 140 \u00b0F<\/td>\n<\/tr>\n<tr>\n<th>Operating Pressure<\/th>\n<td>-1 &#8230; 16 bar, -15 &#8230; 232 psi<\/td>\n<\/tr>\n<tr>\n<th>Port Size<\/th>\n<td>G1\/4<\/td>\n<\/tr>\n<tr>\n<th>Control Signal<\/th>\n<td>0 \u2026 10 V<\/td>\n<\/tr>\n<tr>\n<th>Flow<\/th>\n<td>1200 l\/m, 42.38 scfm<\/td>\n<\/tr>\n<tr>\n<th>Materials &#8211; Seals<\/th>\n<td>Nitrile rubber<\/td>\n<\/tr>\n<tr>\n<th>Certification &#8211; IP Rating<\/th>\n<td>IP65<\/td>\n<\/tr>\n<tr>\n<th>Dimensions &#8211; Height<\/th>\n<td>106.3 mm<\/td>\n<\/tr>\n<tr>\n<th>Dimensions &#8211; Length<\/th>\n<td>129.9 mm<\/td>\n<\/tr>\n<tr>\n<th>Dimensions &#8211; Width<\/th>\n<td>50 mm<\/td>\n<\/tr>\n<tr>\n<th>Weight<\/th>\n<td>1.25 kg<\/td>\n<\/tr>\n<tr>\n<th>Country of Origin<\/th>\n<td>Czechia<\/td>\n<\/tr>\n<tr>\n<th>Range<\/th>\n<td>VP60<\/td>\n<\/tr>\n<tr>\n<th>Brand<\/th>\n<td>IMI Norgren<\/td>\n<\/tr>\n<\/tbody>\n<\/table>\n<\/div>\n<\/div>\n<\/div>\n","protected":false},"excerpt":{"rendered":"<p>NORGREN 9710596 NORGREN 460202400 NORGREN VP6010LJ761MB200 SPC\/990184\/10 SPC\/990184\/25 RM\/8020\/M\/20 V62C513A-A313J SPGB\/31733 ICO3S-Y013AA1H1BS =&gt; new Y013AA1H1BS072 ICO3S-Y013PA1H1BS =&gt; new Y013PA1H1BS072 0880300 8240200.9101 (DC24V) M\/31142 11-018-110 T74E-6AA-P1N S\/513E SXE9573-180-00 DC24V V04A486L-B623A V45A611D-C313A PRA\/182100\/M\/200 &nbsp; VP60 Proportional Control Valve, G1\/4 High flow rate, low pressure loss Calibrated, linear flow characteristic with zero crossover&hellip; <\/p>\n","protected":false},"featured_media":3536,"comment_status":"open","ping_status":"closed","template":"","meta":[],"product_cat":[482],"product_tag":[484,483,451],"class_list":{"0":"post-3535","1":"product","2":"type-product","3":"status-publish","4":"has-post-thumbnail","6":"product_cat-norgren","7":"product_tag-dai-ly-norgren-viet-nam","8":"product_tag-norgren-viet-nam","9":"product_tag-van","11":"first","12":"instock","13":"shipping-taxable","14":"product-type-simple"},"yoast_head":"<!-- This site is optimized with the Yoast SEO plugin v22.8 - https:\/\/yoast.com\/wordpress\/plugins\/seo\/ -->\n<title>NORGREN 9710596 - OMANI VI\u1ec6T NAM<\/title>\n<meta name=\"description\" content=\"NORGREN 9710596 - electromagnetic valve\" \/>\n<meta name=\"robots\" content=\"index, follow, max-snippet:-1, max-image-preview:large, max-video-preview:-1\" \/>\n<link rel=\"canonical\" href=\"https:\/\/omanivietnam.com\/index.php\/san-pham\/norgren-9710596\/\" \/>\n<meta property=\"og:locale\" content=\"vi_VN\" \/>\n<meta property=\"og:type\" content=\"article\" \/>\n<meta property=\"og:title\" content=\"NORGREN 9710596 - OMANI VI\u1ec6T NAM\" \/>\n<meta property=\"og:description\" content=\"NORGREN 9710596 - electromagnetic valve\" \/>\n<meta property=\"og:url\" content=\"https:\/\/omanivietnam.com\/index.php\/san-pham\/norgren-9710596\/\" \/>\n<meta property=\"og:site_name\" content=\"OMANI VI\u1ec6T NAM\" \/>\n<meta property=\"article:modified_time\" content=\"2025-04-12T09:55:20+00:00\" \/>\n<meta property=\"og:image\" content=\"https:\/\/omanivietnam.com\/wp-content\/uploads\/2025\/04\/9710596.png\" \/>\n\t<meta property=\"og:image:width\" content=\"642\" \/>\n\t<meta property=\"og:image:height\" content=\"727\" \/>\n\t<meta property=\"og:image:type\" content=\"image\/png\" \/>\n<meta name=\"twitter:card\" content=\"summary_large_image\" \/>\n<meta name=\"twitter:label1\" content=\"\u01af\u1edbc t\u00ednh th\u1eddi gian \u0111\u1ecdc\" \/>\n\t<meta name=\"twitter:data1\" content=\"2 ph\u00fat\" \/>\n<script type=\"application\/ld+json\" class=\"yoast-schema-graph\">{\"@context\":\"https:\/\/schema.org\",\"@graph\":[{\"@type\":\"WebPage\",\"@id\":\"https:\/\/omanivietnam.com\/index.php\/san-pham\/norgren-9710596\/\",\"url\":\"https:\/\/omanivietnam.com\/index.php\/san-pham\/norgren-9710596\/\",\"name\":\"NORGREN 9710596 - OMANI VI\u1ec6T NAM\",\"isPartOf\":{\"@id\":\"https:\/\/omanivietnam.com\/#website\"},\"primaryImageOfPage\":{\"@id\":\"https:\/\/omanivietnam.com\/index.php\/san-pham\/norgren-9710596\/#primaryimage\"},\"image\":{\"@id\":\"https:\/\/omanivietnam.com\/index.php\/san-pham\/norgren-9710596\/#primaryimage\"},\"thumbnailUrl\":\"https:\/\/omanivietnam.com\/wp-content\/uploads\/2025\/04\/9710596.png\",\"datePublished\":\"2025-04-12T09:49:01+00:00\",\"dateModified\":\"2025-04-12T09:55:20+00:00\",\"description\":\"NORGREN 9710596 - electromagnetic valve\",\"breadcrumb\":{\"@id\":\"https:\/\/omanivietnam.com\/index.php\/san-pham\/norgren-9710596\/#breadcrumb\"},\"inLanguage\":\"vi\",\"potentialAction\":[{\"@type\":\"ReadAction\",\"target\":[\"https:\/\/omanivietnam.com\/index.php\/san-pham\/norgren-9710596\/\"]}]},{\"@type\":\"ImageObject\",\"inLanguage\":\"vi\",\"@id\":\"https:\/\/omanivietnam.com\/index.php\/san-pham\/norgren-9710596\/#primaryimage\",\"url\":\"https:\/\/omanivietnam.com\/wp-content\/uploads\/2025\/04\/9710596.png\",\"contentUrl\":\"https:\/\/omanivietnam.com\/wp-content\/uploads\/2025\/04\/9710596.png\",\"width\":642,\"height\":727},{\"@type\":\"BreadcrumbList\",\"@id\":\"https:\/\/omanivietnam.com\/index.php\/san-pham\/norgren-9710596\/#breadcrumb\",\"itemListElement\":[{\"@type\":\"ListItem\",\"position\":1,\"name\":\"Home\",\"item\":\"https:\/\/omanivietnam.com\/\"},{\"@type\":\"ListItem\",\"position\":2,\"name\":\"S\u1ea2N PH\u1ea8M\",\"item\":\"https:\/\/omanivietnam.com\/index.php\/cua-hang\/\"},{\"@type\":\"ListItem\",\"position\":3,\"name\":\"NORGREN 9710596\"}]},{\"@type\":\"WebSite\",\"@id\":\"https:\/\/omanivietnam.com\/#website\",\"url\":\"https:\/\/omanivietnam.com\/\",\"name\":\"OMANI VI\u1ec6T NAM\",\"description\":\"Nh\u00e0 ph\u00e2n ph\u1ed1i thi\u1ebft b\u1ecb kh\u00ed n\u00e9n v\u00e0 thi\u1ebft b\u1ecb t\u1ef1 \u0111\u1ed9ng h\u00f3a trong c\u00f4ng nghi\u1ec7p\",\"publisher\":{\"@id\":\"https:\/\/omanivietnam.com\/#\/schema\/person\/0ad398a980dc3fd696111c2c5c8fa897\"},\"potentialAction\":[{\"@type\":\"SearchAction\",\"target\":{\"@type\":\"EntryPoint\",\"urlTemplate\":\"https:\/\/omanivietnam.com\/?s={search_term_string}\"},\"query-input\":\"required name=search_term_string\"}],\"inLanguage\":\"vi\"},{\"@type\":[\"Person\",\"Organization\"],\"@id\":\"https:\/\/omanivietnam.com\/#\/schema\/person\/0ad398a980dc3fd696111c2c5c8fa897\",\"name\":\"Nguy\u1ec5n V\u0103n Kh\u00e1nh\",\"image\":{\"@type\":\"ImageObject\",\"inLanguage\":\"vi\",\"@id\":\"https:\/\/omanivietnam.com\/#\/schema\/person\/image\/\",\"url\":\"https:\/\/omanivietnam.com\/wp-content\/uploads\/2024\/06\/logo-1024x1024.png\",\"contentUrl\":\"https:\/\/omanivietnam.com\/wp-content\/uploads\/2024\/06\/logo-1024x1024.png\",\"width\":1024,\"height\":1024,\"caption\":\"Nguy\u1ec5n V\u0103n Kh\u00e1nh\"},\"logo\":{\"@id\":\"https:\/\/omanivietnam.com\/#\/schema\/person\/image\/\"},\"sameAs\":[\"https:\/\/omanivietnam.com\"]}]}<\/script>\n<!-- \/ Yoast SEO plugin. -->","yoast_head_json":{"title":"NORGREN 9710596 - OMANI VI\u1ec6T NAM","description":"NORGREN 9710596 - electromagnetic valve","robots":{"index":"index","follow":"follow","max-snippet":"max-snippet:-1","max-image-preview":"max-image-preview:large","max-video-preview":"max-video-preview:-1"},"canonical":"https:\/\/omanivietnam.com\/index.php\/san-pham\/norgren-9710596\/","og_locale":"vi_VN","og_type":"article","og_title":"NORGREN 9710596 - OMANI VI\u1ec6T NAM","og_description":"NORGREN 9710596 - electromagnetic valve","og_url":"https:\/\/omanivietnam.com\/index.php\/san-pham\/norgren-9710596\/","og_site_name":"OMANI VI\u1ec6T NAM","article_modified_time":"2025-04-12T09:55:20+00:00","og_image":[{"width":642,"height":727,"url":"https:\/\/omanivietnam.com\/wp-content\/uploads\/2025\/04\/9710596.png","type":"image\/png"}],"twitter_card":"summary_large_image","twitter_misc":{"\u01af\u1edbc t\u00ednh th\u1eddi gian \u0111\u1ecdc":"2 ph\u00fat"},"schema":{"@context":"https:\/\/schema.org","@graph":[{"@type":"WebPage","@id":"https:\/\/omanivietnam.com\/index.php\/san-pham\/norgren-9710596\/","url":"https:\/\/omanivietnam.com\/index.php\/san-pham\/norgren-9710596\/","name":"NORGREN 9710596 - OMANI VI\u1ec6T NAM","isPartOf":{"@id":"https:\/\/omanivietnam.com\/#website"},"primaryImageOfPage":{"@id":"https:\/\/omanivietnam.com\/index.php\/san-pham\/norgren-9710596\/#primaryimage"},"image":{"@id":"https:\/\/omanivietnam.com\/index.php\/san-pham\/norgren-9710596\/#primaryimage"},"thumbnailUrl":"https:\/\/omanivietnam.com\/wp-content\/uploads\/2025\/04\/9710596.png","datePublished":"2025-04-12T09:49:01+00:00","dateModified":"2025-04-12T09:55:20+00:00","description":"NORGREN 9710596 - electromagnetic valve","breadcrumb":{"@id":"https:\/\/omanivietnam.com\/index.php\/san-pham\/norgren-9710596\/#breadcrumb"},"inLanguage":"vi","potentialAction":[{"@type":"ReadAction","target":["https:\/\/omanivietnam.com\/index.php\/san-pham\/norgren-9710596\/"]}]},{"@type":"ImageObject","inLanguage":"vi","@id":"https:\/\/omanivietnam.com\/index.php\/san-pham\/norgren-9710596\/#primaryimage","url":"https:\/\/omanivietnam.com\/wp-content\/uploads\/2025\/04\/9710596.png","contentUrl":"https:\/\/omanivietnam.com\/wp-content\/uploads\/2025\/04\/9710596.png","width":642,"height":727},{"@type":"BreadcrumbList","@id":"https:\/\/omanivietnam.com\/index.php\/san-pham\/norgren-9710596\/#breadcrumb","itemListElement":[{"@type":"ListItem","position":1,"name":"Home","item":"https:\/\/omanivietnam.com\/"},{"@type":"ListItem","position":2,"name":"S\u1ea2N PH\u1ea8M","item":"https:\/\/omanivietnam.com\/index.php\/cua-hang\/"},{"@type":"ListItem","position":3,"name":"NORGREN 9710596"}]},{"@type":"WebSite","@id":"https:\/\/omanivietnam.com\/#website","url":"https:\/\/omanivietnam.com\/","name":"OMANI VI\u1ec6T NAM","description":"Nh\u00e0 ph\u00e2n ph\u1ed1i thi\u1ebft b\u1ecb kh\u00ed n\u00e9n v\u00e0 thi\u1ebft b\u1ecb t\u1ef1 \u0111\u1ed9ng h\u00f3a trong c\u00f4ng nghi\u1ec7p","publisher":{"@id":"https:\/\/omanivietnam.com\/#\/schema\/person\/0ad398a980dc3fd696111c2c5c8fa897"},"potentialAction":[{"@type":"SearchAction","target":{"@type":"EntryPoint","urlTemplate":"https:\/\/omanivietnam.com\/?s={search_term_string}"},"query-input":"required name=search_term_string"}],"inLanguage":"vi"},{"@type":["Person","Organization"],"@id":"https:\/\/omanivietnam.com\/#\/schema\/person\/0ad398a980dc3fd696111c2c5c8fa897","name":"Nguy\u1ec5n V\u0103n Kh\u00e1nh","image":{"@type":"ImageObject","inLanguage":"vi","@id":"https:\/\/omanivietnam.com\/#\/schema\/person\/image\/","url":"https:\/\/omanivietnam.com\/wp-content\/uploads\/2024\/06\/logo-1024x1024.png","contentUrl":"https:\/\/omanivietnam.com\/wp-content\/uploads\/2024\/06\/logo-1024x1024.png","width":1024,"height":1024,"caption":"Nguy\u1ec5n V\u0103n Kh\u00e1nh"},"logo":{"@id":"https:\/\/omanivietnam.com\/#\/schema\/person\/image\/"},"sameAs":["https:\/\/omanivietnam.com"]}]}},"_links":{"self":[{"href":"https:\/\/omanivietnam.com\/index.php\/wp-json\/wp\/v2\/product\/3535","targetHints":{"allow":["GET"]}}],"collection":[{"href":"https:\/\/omanivietnam.com\/index.php\/wp-json\/wp\/v2\/product"}],"about":[{"href":"https:\/\/omanivietnam.com\/index.php\/wp-json\/wp\/v2\/types\/product"}],"replies":[{"embeddable":true,"href":"https:\/\/omanivietnam.com\/index.php\/wp-json\/wp\/v2\/comments?post=3535"}],"wp:featuredmedia":[{"embeddable":true,"href":"https:\/\/omanivietnam.com\/index.php\/wp-json\/wp\/v2\/media\/3536"}],"wp:attachment":[{"href":"https:\/\/omanivietnam.com\/index.php\/wp-json\/wp\/v2\/media?parent=3535"}],"wp:term":[{"taxonomy":"product_cat","embeddable":true,"href":"https:\/\/omanivietnam.com\/index.php\/wp-json\/wp\/v2\/product_cat?post=3535"},{"taxonomy":"product_tag","embeddable":true,"href":"https:\/\/omanivietnam.com\/index.php\/wp-json\/wp\/v2\/product_tag?post=3535"}],"curies":[{"name":"wp","href":"https:\/\/api.w.org\/{rel}","templated":true}]}}