{"id":3538,"date":"2025-04-12T17:08:22","date_gmt":"2025-04-12T10:08:22","guid":{"rendered":"https:\/\/omanivietnam.com\/?post_type=product&#038;p=3538"},"modified":"2025-04-12T17:08:23","modified_gmt":"2025-04-12T10:08:23","slug":"allen-bradley-1756-l84e","status":"publish","type":"product","link":"https:\/\/omanivietnam.com\/index.php\/san-pham\/allen-bradley-1756-l84e\/","title":{"rendered":"ALLEN BRADLEY 1756-L84E"},"content":{"rendered":"<p>ALLEN BRADLEY 1756-L84E<\/p>\n<p>ControlLogix 5580 Controller with 20 MB User Memory, USB Port, 1 gigabit (Gb) Ethernet port, 250 EtherNet\/IP Devices, 4 Character Alpha\/Numeric Display.<\/p>\n<table class=\"w100 mb11\">\n<tbody>\n<tr class=\"h29\">\n<td class=\"TableRowName w110 wsnw tar\">Mfr. Part Number:<\/td>\n<td class=\"pl15\">\n<p class=\"PDDisplayName\">1756-L84E\/B<\/p>\n<\/td>\n<\/tr>\n<tr class=\"h1p\">\n<td class=\"w110 wsnw\"><\/td>\n<td class=\"TableRowName\"><\/td>\n<\/tr>\n<tr class=\"h29\">\n<td class=\"TableRowName w110 wsnw tar\">Manufacturer:<\/td>\n<td class=\"TableRow\">Allen-Bradley \/ Rockwell Automation<\/td>\n<\/tr>\n<tr class=\"h1p\">\n<td class=\"w110 wsnw\"><\/td>\n<td class=\"TableRowName\"><\/td>\n<\/tr>\n<tr>\n<td class=\"TableRowName w110 wsnw tar\">Description:<\/td>\n<td class=\"TableRow pt6 pb6 wsu\">Allen-Bradley 1756-L84E ControlLogix Logix5580 Processor, 20MB, USB\/EtherNet, B<\/td>\n<\/tr>\n<tr class=\"h1p\">\n<td class=\"w110 wsnw\"><\/td>\n<td class=\"TableRowName\"><\/td>\n<\/tr>\n<tr>\n<td class=\"TableRowName w110 wsnw tar\">Full Description:<\/td>\n<td class=\"TableRow wsu pt6 pb6\">Allen Bradley 1756-L84E ControlLogix5580 Logix 5580 Controller, 20 MB User Memory, USB Port, 1GB Ethernet Port, 150 EtherNet\/IP Devices, 4 Character Alpha\/Numeric Display, Supported in Studio 5000 Automation Engineering &amp; Design Environment, Series B<\/td>\n<\/tr>\n<\/tbody>\n<\/table>\n<table class=\"ra-product-new__product-table-section\">\n<tbody>\n<tr>\n<th class=\"ra-product-new__product-table-cell\">Local Programming Port<\/th>\n<td class=\"ra-product-new__product-table-cell\">1 USB<\/td>\n<\/tr>\n<tr>\n<th class=\"ra-product-new__product-table-cell\">Memory<\/th>\n<td class=\"ra-product-new__product-table-cell\">20MB User Memory<\/td>\n<\/tr>\n<tr>\n<th class=\"ra-product-new__product-table-cell\">Motion Axis Supported<\/th>\n<td class=\"ra-product-new__product-table-cell\">256<\/td>\n<\/tr>\n<tr>\n<th class=\"ra-product-new__product-table-cell\">Non Volatile Memory Option<\/th>\n<td class=\"ra-product-new__product-table-cell\">Secure Digital<\/td>\n<\/tr>\n<tr>\n<th class=\"ra-product-new__product-table-cell\">Power Supply<\/th>\n<td class=\"ra-product-new__product-table-cell\">5ma @ 1.2V DC, 1.20A @ 5.1V DC<\/td>\n<\/tr>\n<\/tbody>\n<\/table>\n<p>&nbsp;<\/p>\n","protected":false},"excerpt":{"rendered":"<p>ALLEN BRADLEY 1756-L84E ControlLogix 5580 Controller with 20 MB User Memory, USB Port, 1 gigabit (Gb) Ethernet port, 250 EtherNet\/IP Devices, 4 Character Alpha\/Numeric Display. Mfr. Part Number: 1756-L84E\/B Manufacturer: Allen-Bradley \/ Rockwell Automation Description: Allen-Bradley 1756-L84E ControlLogix Logix5580 Processor, 20MB, USB\/EtherNet, B Full Description: Allen Bradley 1756-L84E ControlLogix5580 Logix&hellip; <\/p>\n","protected":false},"featured_media":3539,"comment_status":"open","ping_status":"closed","template":"","meta":[],"product_cat":[295],"product_tag":[178,167,179],"class_list":{"0":"post-3538","1":"product","2":"type-product","3":"status-publish","4":"has-post-thumbnail","6":"product_cat-allen-bradley","7":"product_tag-allen-bradley-viet-nam","8":"product_tag-bo-dieu-khien","9":"product_tag-dai-ly-allen-bradley-viet-nam","11":"first","12":"instock","13":"shipping-taxable","14":"product-type-simple"},"yoast_head":"<!-- This site is optimized with the Yoast SEO plugin v22.8 - https:\/\/yoast.com\/wordpress\/plugins\/seo\/ -->\n<title>ALLEN BRADLEY 1756-L84E - OMANI VI\u1ec6T NAM<\/title>\n<meta name=\"description\" content=\"ALLEN BRADLEY 1756-L84E ControlLogix 5580 Controller\" \/>\n<meta name=\"robots\" content=\"index, follow, max-snippet:-1, max-image-preview:large, max-video-preview:-1\" \/>\n<link rel=\"canonical\" href=\"https:\/\/omanivietnam.com\/index.php\/san-pham\/allen-bradley-1756-l84e\/\" \/>\n<meta property=\"og:locale\" content=\"vi_VN\" \/>\n<meta property=\"og:type\" content=\"article\" \/>\n<meta property=\"og:title\" content=\"ALLEN BRADLEY 1756-L84E - OMANI VI\u1ec6T NAM\" \/>\n<meta property=\"og:description\" content=\"ALLEN BRADLEY 1756-L84E ControlLogix 5580 Controller\" \/>\n<meta property=\"og:url\" content=\"https:\/\/omanivietnam.com\/index.php\/san-pham\/allen-bradley-1756-l84e\/\" \/>\n<meta property=\"og:site_name\" content=\"OMANI VI\u1ec6T NAM\" \/>\n<meta property=\"article:modified_time\" content=\"2025-04-12T10:08:23+00:00\" \/>\n<meta property=\"og:image\" content=\"https:\/\/omanivietnam.com\/wp-content\/uploads\/2025\/04\/ALLEN-BRADLEY-1756-L84E.png\" \/>\n\t<meta property=\"og:image:width\" content=\"658\" \/>\n\t<meta property=\"og:image:height\" content=\"372\" \/>\n\t<meta property=\"og:image:type\" content=\"image\/png\" \/>\n<meta name=\"twitter:card\" content=\"summary_large_image\" \/>\n<meta name=\"twitter:label1\" content=\"\u01af\u1edbc t\u00ednh th\u1eddi gian \u0111\u1ecdc\" \/>\n\t<meta name=\"twitter:data1\" content=\"1 ph\u00fat\" \/>\n<script type=\"application\/ld+json\" class=\"yoast-schema-graph\">{\"@context\":\"https:\/\/schema.org\",\"@graph\":[{\"@type\":\"WebPage\",\"@id\":\"https:\/\/omanivietnam.com\/index.php\/san-pham\/allen-bradley-1756-l84e\/\",\"url\":\"https:\/\/omanivietnam.com\/index.php\/san-pham\/allen-bradley-1756-l84e\/\",\"name\":\"ALLEN BRADLEY 1756-L84E - OMANI VI\u1ec6T NAM\",\"isPartOf\":{\"@id\":\"https:\/\/omanivietnam.com\/#website\"},\"primaryImageOfPage\":{\"@id\":\"https:\/\/omanivietnam.com\/index.php\/san-pham\/allen-bradley-1756-l84e\/#primaryimage\"},\"image\":{\"@id\":\"https:\/\/omanivietnam.com\/index.php\/san-pham\/allen-bradley-1756-l84e\/#primaryimage\"},\"thumbnailUrl\":\"https:\/\/omanivietnam.com\/wp-content\/uploads\/2025\/04\/ALLEN-BRADLEY-1756-L84E.png\",\"datePublished\":\"2025-04-12T10:08:22+00:00\",\"dateModified\":\"2025-04-12T10:08:23+00:00\",\"description\":\"ALLEN BRADLEY 1756-L84E ControlLogix 5580 Controller\",\"breadcrumb\":{\"@id\":\"https:\/\/omanivietnam.com\/index.php\/san-pham\/allen-bradley-1756-l84e\/#breadcrumb\"},\"inLanguage\":\"vi\",\"potentialAction\":[{\"@type\":\"ReadAction\",\"target\":[\"https:\/\/omanivietnam.com\/index.php\/san-pham\/allen-bradley-1756-l84e\/\"]}]},{\"@type\":\"ImageObject\",\"inLanguage\":\"vi\",\"@id\":\"https:\/\/omanivietnam.com\/index.php\/san-pham\/allen-bradley-1756-l84e\/#primaryimage\",\"url\":\"https:\/\/omanivietnam.com\/wp-content\/uploads\/2025\/04\/ALLEN-BRADLEY-1756-L84E.png\",\"contentUrl\":\"https:\/\/omanivietnam.com\/wp-content\/uploads\/2025\/04\/ALLEN-BRADLEY-1756-L84E.png\",\"width\":658,\"height\":372},{\"@type\":\"BreadcrumbList\",\"@id\":\"https:\/\/omanivietnam.com\/index.php\/san-pham\/allen-bradley-1756-l84e\/#breadcrumb\",\"itemListElement\":[{\"@type\":\"ListItem\",\"position\":1,\"name\":\"Home\",\"item\":\"https:\/\/omanivietnam.com\/\"},{\"@type\":\"ListItem\",\"position\":2,\"name\":\"S\u1ea2N PH\u1ea8M\",\"item\":\"https:\/\/omanivietnam.com\/index.php\/cua-hang\/\"},{\"@type\":\"ListItem\",\"position\":3,\"name\":\"ALLEN BRADLEY 1756-L84E\"}]},{\"@type\":\"WebSite\",\"@id\":\"https:\/\/omanivietnam.com\/#website\",\"url\":\"https:\/\/omanivietnam.com\/\",\"name\":\"OMANI VI\u1ec6T NAM\",\"description\":\"Nh\u00e0 ph\u00e2n ph\u1ed1i thi\u1ebft b\u1ecb kh\u00ed n\u00e9n v\u00e0 thi\u1ebft b\u1ecb t\u1ef1 \u0111\u1ed9ng h\u00f3a trong c\u00f4ng nghi\u1ec7p\",\"publisher\":{\"@id\":\"https:\/\/omanivietnam.com\/#\/schema\/person\/0ad398a980dc3fd696111c2c5c8fa897\"},\"potentialAction\":[{\"@type\":\"SearchAction\",\"target\":{\"@type\":\"EntryPoint\",\"urlTemplate\":\"https:\/\/omanivietnam.com\/?s={search_term_string}\"},\"query-input\":\"required name=search_term_string\"}],\"inLanguage\":\"vi\"},{\"@type\":[\"Person\",\"Organization\"],\"@id\":\"https:\/\/omanivietnam.com\/#\/schema\/person\/0ad398a980dc3fd696111c2c5c8fa897\",\"name\":\"Nguy\u1ec5n V\u0103n Kh\u00e1nh\",\"image\":{\"@type\":\"ImageObject\",\"inLanguage\":\"vi\",\"@id\":\"https:\/\/omanivietnam.com\/#\/schema\/person\/image\/\",\"url\":\"https:\/\/omanivietnam.com\/wp-content\/uploads\/2024\/06\/logo-1024x1024.png\",\"contentUrl\":\"https:\/\/omanivietnam.com\/wp-content\/uploads\/2024\/06\/logo-1024x1024.png\",\"width\":1024,\"height\":1024,\"caption\":\"Nguy\u1ec5n V\u0103n Kh\u00e1nh\"},\"logo\":{\"@id\":\"https:\/\/omanivietnam.com\/#\/schema\/person\/image\/\"},\"sameAs\":[\"https:\/\/omanivietnam.com\"]}]}<\/script>\n<!-- \/ Yoast SEO plugin. -->","yoast_head_json":{"title":"ALLEN BRADLEY 1756-L84E - OMANI VI\u1ec6T NAM","description":"ALLEN BRADLEY 1756-L84E ControlLogix 5580 Controller","robots":{"index":"index","follow":"follow","max-snippet":"max-snippet:-1","max-image-preview":"max-image-preview:large","max-video-preview":"max-video-preview:-1"},"canonical":"https:\/\/omanivietnam.com\/index.php\/san-pham\/allen-bradley-1756-l84e\/","og_locale":"vi_VN","og_type":"article","og_title":"ALLEN BRADLEY 1756-L84E - OMANI VI\u1ec6T NAM","og_description":"ALLEN BRADLEY 1756-L84E ControlLogix 5580 Controller","og_url":"https:\/\/omanivietnam.com\/index.php\/san-pham\/allen-bradley-1756-l84e\/","og_site_name":"OMANI VI\u1ec6T NAM","article_modified_time":"2025-04-12T10:08:23+00:00","og_image":[{"width":658,"height":372,"url":"https:\/\/omanivietnam.com\/wp-content\/uploads\/2025\/04\/ALLEN-BRADLEY-1756-L84E.png","type":"image\/png"}],"twitter_card":"summary_large_image","twitter_misc":{"\u01af\u1edbc t\u00ednh th\u1eddi gian \u0111\u1ecdc":"1 ph\u00fat"},"schema":{"@context":"https:\/\/schema.org","@graph":[{"@type":"WebPage","@id":"https:\/\/omanivietnam.com\/index.php\/san-pham\/allen-bradley-1756-l84e\/","url":"https:\/\/omanivietnam.com\/index.php\/san-pham\/allen-bradley-1756-l84e\/","name":"ALLEN BRADLEY 1756-L84E - OMANI VI\u1ec6T NAM","isPartOf":{"@id":"https:\/\/omanivietnam.com\/#website"},"primaryImageOfPage":{"@id":"https:\/\/omanivietnam.com\/index.php\/san-pham\/allen-bradley-1756-l84e\/#primaryimage"},"image":{"@id":"https:\/\/omanivietnam.com\/index.php\/san-pham\/allen-bradley-1756-l84e\/#primaryimage"},"thumbnailUrl":"https:\/\/omanivietnam.com\/wp-content\/uploads\/2025\/04\/ALLEN-BRADLEY-1756-L84E.png","datePublished":"2025-04-12T10:08:22+00:00","dateModified":"2025-04-12T10:08:23+00:00","description":"ALLEN BRADLEY 1756-L84E ControlLogix 5580 Controller","breadcrumb":{"@id":"https:\/\/omanivietnam.com\/index.php\/san-pham\/allen-bradley-1756-l84e\/#breadcrumb"},"inLanguage":"vi","potentialAction":[{"@type":"ReadAction","target":["https:\/\/omanivietnam.com\/index.php\/san-pham\/allen-bradley-1756-l84e\/"]}]},{"@type":"ImageObject","inLanguage":"vi","@id":"https:\/\/omanivietnam.com\/index.php\/san-pham\/allen-bradley-1756-l84e\/#primaryimage","url":"https:\/\/omanivietnam.com\/wp-content\/uploads\/2025\/04\/ALLEN-BRADLEY-1756-L84E.png","contentUrl":"https:\/\/omanivietnam.com\/wp-content\/uploads\/2025\/04\/ALLEN-BRADLEY-1756-L84E.png","width":658,"height":372},{"@type":"BreadcrumbList","@id":"https:\/\/omanivietnam.com\/index.php\/san-pham\/allen-bradley-1756-l84e\/#breadcrumb","itemListElement":[{"@type":"ListItem","position":1,"name":"Home","item":"https:\/\/omanivietnam.com\/"},{"@type":"ListItem","position":2,"name":"S\u1ea2N PH\u1ea8M","item":"https:\/\/omanivietnam.com\/index.php\/cua-hang\/"},{"@type":"ListItem","position":3,"name":"ALLEN BRADLEY 1756-L84E"}]},{"@type":"WebSite","@id":"https:\/\/omanivietnam.com\/#website","url":"https:\/\/omanivietnam.com\/","name":"OMANI VI\u1ec6T NAM","description":"Nh\u00e0 ph\u00e2n ph\u1ed1i thi\u1ebft b\u1ecb kh\u00ed n\u00e9n v\u00e0 thi\u1ebft b\u1ecb t\u1ef1 \u0111\u1ed9ng h\u00f3a trong c\u00f4ng nghi\u1ec7p","publisher":{"@id":"https:\/\/omanivietnam.com\/#\/schema\/person\/0ad398a980dc3fd696111c2c5c8fa897"},"potentialAction":[{"@type":"SearchAction","target":{"@type":"EntryPoint","urlTemplate":"https:\/\/omanivietnam.com\/?s={search_term_string}"},"query-input":"required name=search_term_string"}],"inLanguage":"vi"},{"@type":["Person","Organization"],"@id":"https:\/\/omanivietnam.com\/#\/schema\/person\/0ad398a980dc3fd696111c2c5c8fa897","name":"Nguy\u1ec5n V\u0103n Kh\u00e1nh","image":{"@type":"ImageObject","inLanguage":"vi","@id":"https:\/\/omanivietnam.com\/#\/schema\/person\/image\/","url":"https:\/\/omanivietnam.com\/wp-content\/uploads\/2024\/06\/logo-1024x1024.png","contentUrl":"https:\/\/omanivietnam.com\/wp-content\/uploads\/2024\/06\/logo-1024x1024.png","width":1024,"height":1024,"caption":"Nguy\u1ec5n V\u0103n Kh\u00e1nh"},"logo":{"@id":"https:\/\/omanivietnam.com\/#\/schema\/person\/image\/"},"sameAs":["https:\/\/omanivietnam.com"]}]}},"_links":{"self":[{"href":"https:\/\/omanivietnam.com\/index.php\/wp-json\/wp\/v2\/product\/3538","targetHints":{"allow":["GET"]}}],"collection":[{"href":"https:\/\/omanivietnam.com\/index.php\/wp-json\/wp\/v2\/product"}],"about":[{"href":"https:\/\/omanivietnam.com\/index.php\/wp-json\/wp\/v2\/types\/product"}],"replies":[{"embeddable":true,"href":"https:\/\/omanivietnam.com\/index.php\/wp-json\/wp\/v2\/comments?post=3538"}],"wp:featuredmedia":[{"embeddable":true,"href":"https:\/\/omanivietnam.com\/index.php\/wp-json\/wp\/v2\/media\/3539"}],"wp:attachment":[{"href":"https:\/\/omanivietnam.com\/index.php\/wp-json\/wp\/v2\/media?parent=3538"}],"wp:term":[{"taxonomy":"product_cat","embeddable":true,"href":"https:\/\/omanivietnam.com\/index.php\/wp-json\/wp\/v2\/product_cat?post=3538"},{"taxonomy":"product_tag","embeddable":true,"href":"https:\/\/omanivietnam.com\/index.php\/wp-json\/wp\/v2\/product_tag?post=3538"}],"curies":[{"name":"wp","href":"https:\/\/api.w.org\/{rel}","templated":true}]}}