{"id":3550,"date":"2025-04-13T21:01:09","date_gmt":"2025-04-13T14:01:09","guid":{"rendered":"https:\/\/omanivietnam.com\/?post_type=product&#038;p=3550"},"modified":"2025-04-13T21:02:31","modified_gmt":"2025-04-13T14:02:31","slug":"camozzi-953-000-p15-23","status":"publish","type":"product","link":"https:\/\/omanivietnam.com\/index.php\/san-pham\/camozzi-953-000-p15-23\/","title":{"rendered":"CAMOZZI 953-000-P15-23"},"content":{"rendered":"<p>CAMOZZI 953-000-P15-23<\/p>\n<p>Camozzi 953-000-P15-23, Camozzi 951-000-P11-23, Camozzi 952-000-P15-23,<\/p>\n<p>Camozzi\u00a0951-000-P15-23-CN01,\u00a0Camozzi\u00a0952-000-P15-23<\/p>\n<p>Coil \u0111i\u1ec7n U7J AC220V<\/p>\n<p>Coil \u0111i\u1ec7n G77 DC24V<\/p>\n<h1 class=\"mb-0\"><small>Electropneumatic ISO valve-5\/2-size 3-sol spring<\/small><\/h1>\n<p>Series 9 electropneumatically or pneumatically operated valves have been designed with sizes 1, 2 and 3, as recommended by the ISO Standards. The ease of pneumatic and electrical wiring makes these valves extremely flexible.<\/p>\n<ul class=\"list-group d-flex\">\n<li class=\"list-group-item d-flex flex-row\">\n<div class=\"d-flex justify-content-start align-items-center\"><b>Actuation Type:<\/b>\u00a0<span id=\"attribute-value-actuation_type\">Electric<\/span><\/div>\n<div class=\"d-flex justify-content-end align-items-center ml-auto\"><\/div>\n<\/li>\n<li class=\"list-group-item d-flex flex-row\">\n<div class=\"d-flex justify-content-start align-items-center\"><b>Ambient Temperature:<\/b>\u00a0<span id=\"attribute-value-ambient_temperature\">0&#8230;60 Degrees<\/span><\/div>\n<\/li>\n<li class=\"list-group-item d-flex flex-row\">\n<div class=\"d-flex justify-content-start align-items-center\"><b>Conforms to Standard:<\/b>\u00a0<span id=\"attribute-value-conforms_to_standard\">ISO 5599\/1<\/span><\/div>\n<div class=\"d-flex justify-content-end align-items-center ml-auto\"><\/div>\n<\/li>\n<li class=\"list-group-item d-flex flex-row\">\n<div class=\"d-flex justify-content-start align-items-center\"><b>Flow Direction:<\/b>\u00a0<span id=\"attribute-value-flow_direction\">Non-reversible<\/span><\/div>\n<div class=\"d-flex justify-content-end align-items-center ml-auto\"><\/div>\n<\/li>\n<li class=\"list-group-item d-flex flex-row\">\n<div class=\"d-flex justify-content-start align-items-center\"><b>Mounting:<\/b>\u00a0<span id=\"attribute-value-mounting\">Manifold<\/span><\/div>\n<div class=\"d-flex justify-content-end align-items-center ml-auto\"><\/div>\n<\/li>\n<li class=\"list-group-item d-flex flex-row\">\n<div class=\"d-flex justify-content-start align-items-center\"><b>Nominal Flow Rate:<\/b>\u00a0<span id=\"attribute-value-nominal_flow_rate\">4350l\/min<\/span><\/div>\n<div class=\"d-flex justify-content-end align-items-center ml-auto\"><\/div>\n<\/li>\n<li class=\"list-group-item d-flex flex-row\">\n<div class=\"d-flex justify-content-start align-items-center\"><b>Operating Medium:<\/b>\u00a0<span id=\"attribute-value-operating_medium\">Compressed Air<\/span><\/div>\n<div class=\"d-flex justify-content-end align-items-center ml-auto\"><\/div>\n<\/li>\n<li class=\"list-group-item d-flex flex-row\">\n<div class=\"d-flex justify-content-start align-items-center\"><b>Operating Pressure:<\/b>\u00a0<span id=\"attribute-value-operating_pressure\">2.5&#8230;10bar<\/span><\/div>\n<div class=\"d-flex justify-content-end align-items-center ml-auto\"><\/div>\n<\/li>\n<li class=\"list-group-item d-flex flex-row\">\n<div class=\"d-flex justify-content-start align-items-center\"><b>Pneumatic Connection:<\/b>\u00a0<span id=\"attribute-value-pneumatic_connection\">G1\/2<\/span><\/div>\n<div class=\"d-flex justify-content-end align-items-center ml-auto\"><\/div>\n<\/li>\n<li class=\"list-group-item d-flex flex-row\">\n<div class=\"d-flex justify-content-start align-items-center\"><b>Manufacturer:<\/b>\u00a0<span id=\"attribute-value-product_brand\">Camozzi<\/span><\/div>\n<div class=\"d-flex justify-content-end align-items-center ml-auto\"><\/div>\n<\/li>\n<li class=\"list-group-item d-flex flex-row\">\n<div class=\"d-flex justify-content-start align-items-center\"><b>Range:<\/b>\u00a0<span id=\"attribute-value-range\">Series 9<\/span><\/div>\n<div class=\"d-flex justify-content-end align-items-center ml-auto\"><\/div>\n<\/li>\n<li class=\"list-group-item d-flex flex-row\">\n<div class=\"d-flex justify-content-start align-items-center\"><b>Size:<\/b>\u00a0<span id=\"attribute-value-size\">3<\/span><\/div>\n<div class=\"d-flex justify-content-end align-items-center ml-auto\"><\/div>\n<\/li>\n<li class=\"list-group-item d-flex flex-row\">\n<div class=\"d-flex justify-content-start align-items-center\"><b>Solenoid Coil Inc.:<\/b>\u00a0<span id=\"attribute-value-solenoid_coil_inc\">No<\/span><\/div>\n<\/li>\n<li class=\"list-group-item d-flex flex-row\">\n<div class=\"d-flex justify-content-start align-items-center\"><b>Type of Reset:<\/b>\u00a0<span id=\"attribute-value-type_of_reset\">Mechanical Spring<\/span><\/div>\n<div class=\"d-flex justify-content-end align-items-center ml-auto\"><\/div>\n<\/li>\n<li class=\"list-group-item d-flex flex-row\">\n<div class=\"d-flex justify-content-start align-items-center\"><b>Valve Function:<\/b>\u00a0<span id=\"attribute-value-valve_function\">5\/2 Valve<\/span><\/div>\n<div class=\"d-flex justify-content-end align-items-center ml-auto\"><\/div>\n<\/li>\n<li class=\"list-group-item d-flex flex-row\">\n<div class=\"d-flex justify-content-start align-items-center\"><b>Commodity Code:<\/b>\u00a0<span id=\"attribute-value-core-commodity_code\">84812090<\/span><\/div>\n<\/li>\n<li class=\"list-group-item d-flex flex-row\">\n<div class=\"d-flex justify-content-start align-items-center\"><b>Country of Origin:<\/b>\u00a0<span id=\"attribute-value-core-country_of_origin\">IT<\/span><\/div>\n<\/li>\n<li class=\"list-group-item d-flex flex-row\">\n<div class=\"d-flex justify-content-start align-items-center\"><b>Weight:<\/b>\u00a0<span id=\"attribute-value-core-weight\">1.5960Kg<\/span><\/div>\n<\/li>\n<li class=\"list-group-item d-flex flex-row\">\n<div class=\"d-flex justify-content-start align-items-center\"><b>Pack Quantity:<\/b>\u00a0<span id=\"attribute-value-core-pack_qty\">1<\/span><\/div>\n<\/li>\n<\/ul>\n<p>&nbsp;<\/p>\n","protected":false},"excerpt":{"rendered":"<p>CAMOZZI 953-000-P15-23 Camozzi 953-000-P15-23, Camozzi 951-000-P11-23, Camozzi 952-000-P15-23, Camozzi\u00a0951-000-P15-23-CN01,\u00a0Camozzi\u00a0952-000-P15-23 Coil \u0111i\u1ec7n U7J AC220V Coil \u0111i\u1ec7n G77 DC24V Electropneumatic ISO valve-5\/2-size 3-sol spring Series 9 electropneumatically or pneumatically operated valves have been designed with sizes 1, 2 and 3, as recommended by the ISO Standards. The ease of pneumatic and electrical&hellip; <\/p>\n","protected":false},"featured_media":3551,"comment_status":"open","ping_status":"closed","template":"","meta":[],"product_cat":[301],"product_tag":[96,97,690],"class_list":{"0":"post-3550","1":"product","2":"type-product","3":"status-publish","4":"has-post-thumbnail","6":"product_cat-camozzi","7":"product_tag-camozzi-viet-nam","8":"product_tag-dai-ly-camozzi-viet-nam","9":"product_tag-van-dien-tu","11":"first","12":"instock","13":"shipping-taxable","14":"product-type-simple"},"yoast_head":"<!-- This site is optimized with the Yoast SEO plugin v22.8 - https:\/\/yoast.com\/wordpress\/plugins\/seo\/ -->\n<title>CAMOZZI 953-000-P15-23 - OMANI VI\u1ec6T NAM<\/title>\n<meta name=\"description\" content=\"CAMOZZI 953-000-P15-23 Solenoid Valve\" \/>\n<meta name=\"robots\" content=\"index, follow, max-snippet:-1, max-image-preview:large, max-video-preview:-1\" \/>\n<link rel=\"canonical\" href=\"https:\/\/omanivietnam.com\/index.php\/san-pham\/camozzi-953-000-p15-23\/\" \/>\n<meta property=\"og:locale\" content=\"vi_VN\" \/>\n<meta property=\"og:type\" content=\"article\" \/>\n<meta property=\"og:title\" content=\"CAMOZZI 953-000-P15-23 - OMANI VI\u1ec6T NAM\" \/>\n<meta property=\"og:description\" content=\"CAMOZZI 953-000-P15-23 Solenoid Valve\" \/>\n<meta property=\"og:url\" content=\"https:\/\/omanivietnam.com\/index.php\/san-pham\/camozzi-953-000-p15-23\/\" \/>\n<meta property=\"og:site_name\" content=\"OMANI VI\u1ec6T NAM\" \/>\n<meta property=\"article:modified_time\" content=\"2025-04-13T14:02:31+00:00\" \/>\n<meta property=\"og:image\" content=\"https:\/\/omanivietnam.com\/wp-content\/uploads\/2025\/04\/953-000-P15-23.png\" \/>\n\t<meta property=\"og:image:width\" content=\"563\" \/>\n\t<meta property=\"og:image:height\" content=\"784\" \/>\n\t<meta property=\"og:image:type\" content=\"image\/png\" \/>\n<meta name=\"twitter:card\" content=\"summary_large_image\" \/>\n<meta name=\"twitter:label1\" content=\"\u01af\u1edbc t\u00ednh th\u1eddi gian \u0111\u1ecdc\" \/>\n\t<meta name=\"twitter:data1\" content=\"1 ph\u00fat\" \/>\n<script type=\"application\/ld+json\" class=\"yoast-schema-graph\">{\"@context\":\"https:\/\/schema.org\",\"@graph\":[{\"@type\":\"WebPage\",\"@id\":\"https:\/\/omanivietnam.com\/index.php\/san-pham\/camozzi-953-000-p15-23\/\",\"url\":\"https:\/\/omanivietnam.com\/index.php\/san-pham\/camozzi-953-000-p15-23\/\",\"name\":\"CAMOZZI 953-000-P15-23 - OMANI VI\u1ec6T NAM\",\"isPartOf\":{\"@id\":\"https:\/\/omanivietnam.com\/#website\"},\"primaryImageOfPage\":{\"@id\":\"https:\/\/omanivietnam.com\/index.php\/san-pham\/camozzi-953-000-p15-23\/#primaryimage\"},\"image\":{\"@id\":\"https:\/\/omanivietnam.com\/index.php\/san-pham\/camozzi-953-000-p15-23\/#primaryimage\"},\"thumbnailUrl\":\"https:\/\/omanivietnam.com\/wp-content\/uploads\/2025\/04\/953-000-P15-23.png\",\"datePublished\":\"2025-04-13T14:01:09+00:00\",\"dateModified\":\"2025-04-13T14:02:31+00:00\",\"description\":\"CAMOZZI 953-000-P15-23 Solenoid Valve\",\"breadcrumb\":{\"@id\":\"https:\/\/omanivietnam.com\/index.php\/san-pham\/camozzi-953-000-p15-23\/#breadcrumb\"},\"inLanguage\":\"vi\",\"potentialAction\":[{\"@type\":\"ReadAction\",\"target\":[\"https:\/\/omanivietnam.com\/index.php\/san-pham\/camozzi-953-000-p15-23\/\"]}]},{\"@type\":\"ImageObject\",\"inLanguage\":\"vi\",\"@id\":\"https:\/\/omanivietnam.com\/index.php\/san-pham\/camozzi-953-000-p15-23\/#primaryimage\",\"url\":\"https:\/\/omanivietnam.com\/wp-content\/uploads\/2025\/04\/953-000-P15-23.png\",\"contentUrl\":\"https:\/\/omanivietnam.com\/wp-content\/uploads\/2025\/04\/953-000-P15-23.png\",\"width\":563,\"height\":784},{\"@type\":\"BreadcrumbList\",\"@id\":\"https:\/\/omanivietnam.com\/index.php\/san-pham\/camozzi-953-000-p15-23\/#breadcrumb\",\"itemListElement\":[{\"@type\":\"ListItem\",\"position\":1,\"name\":\"Home\",\"item\":\"https:\/\/omanivietnam.com\/\"},{\"@type\":\"ListItem\",\"position\":2,\"name\":\"S\u1ea2N PH\u1ea8M\",\"item\":\"https:\/\/omanivietnam.com\/index.php\/cua-hang\/\"},{\"@type\":\"ListItem\",\"position\":3,\"name\":\"CAMOZZI 953-000-P15-23\"}]},{\"@type\":\"WebSite\",\"@id\":\"https:\/\/omanivietnam.com\/#website\",\"url\":\"https:\/\/omanivietnam.com\/\",\"name\":\"OMANI VI\u1ec6T NAM\",\"description\":\"Nh\u00e0 ph\u00e2n ph\u1ed1i thi\u1ebft b\u1ecb kh\u00ed n\u00e9n v\u00e0 thi\u1ebft b\u1ecb t\u1ef1 \u0111\u1ed9ng h\u00f3a trong c\u00f4ng nghi\u1ec7p\",\"publisher\":{\"@id\":\"https:\/\/omanivietnam.com\/#\/schema\/person\/0ad398a980dc3fd696111c2c5c8fa897\"},\"potentialAction\":[{\"@type\":\"SearchAction\",\"target\":{\"@type\":\"EntryPoint\",\"urlTemplate\":\"https:\/\/omanivietnam.com\/?s={search_term_string}\"},\"query-input\":\"required name=search_term_string\"}],\"inLanguage\":\"vi\"},{\"@type\":[\"Person\",\"Organization\"],\"@id\":\"https:\/\/omanivietnam.com\/#\/schema\/person\/0ad398a980dc3fd696111c2c5c8fa897\",\"name\":\"Nguy\u1ec5n V\u0103n Kh\u00e1nh\",\"image\":{\"@type\":\"ImageObject\",\"inLanguage\":\"vi\",\"@id\":\"https:\/\/omanivietnam.com\/#\/schema\/person\/image\/\",\"url\":\"https:\/\/omanivietnam.com\/wp-content\/uploads\/2024\/06\/logo-1024x1024.png\",\"contentUrl\":\"https:\/\/omanivietnam.com\/wp-content\/uploads\/2024\/06\/logo-1024x1024.png\",\"width\":1024,\"height\":1024,\"caption\":\"Nguy\u1ec5n V\u0103n Kh\u00e1nh\"},\"logo\":{\"@id\":\"https:\/\/omanivietnam.com\/#\/schema\/person\/image\/\"},\"sameAs\":[\"https:\/\/omanivietnam.com\"]}]}<\/script>\n<!-- \/ Yoast SEO plugin. -->","yoast_head_json":{"title":"CAMOZZI 953-000-P15-23 - OMANI VI\u1ec6T NAM","description":"CAMOZZI 953-000-P15-23 Solenoid Valve","robots":{"index":"index","follow":"follow","max-snippet":"max-snippet:-1","max-image-preview":"max-image-preview:large","max-video-preview":"max-video-preview:-1"},"canonical":"https:\/\/omanivietnam.com\/index.php\/san-pham\/camozzi-953-000-p15-23\/","og_locale":"vi_VN","og_type":"article","og_title":"CAMOZZI 953-000-P15-23 - OMANI VI\u1ec6T NAM","og_description":"CAMOZZI 953-000-P15-23 Solenoid Valve","og_url":"https:\/\/omanivietnam.com\/index.php\/san-pham\/camozzi-953-000-p15-23\/","og_site_name":"OMANI VI\u1ec6T NAM","article_modified_time":"2025-04-13T14:02:31+00:00","og_image":[{"width":563,"height":784,"url":"https:\/\/omanivietnam.com\/wp-content\/uploads\/2025\/04\/953-000-P15-23.png","type":"image\/png"}],"twitter_card":"summary_large_image","twitter_misc":{"\u01af\u1edbc t\u00ednh th\u1eddi gian \u0111\u1ecdc":"1 ph\u00fat"},"schema":{"@context":"https:\/\/schema.org","@graph":[{"@type":"WebPage","@id":"https:\/\/omanivietnam.com\/index.php\/san-pham\/camozzi-953-000-p15-23\/","url":"https:\/\/omanivietnam.com\/index.php\/san-pham\/camozzi-953-000-p15-23\/","name":"CAMOZZI 953-000-P15-23 - OMANI VI\u1ec6T NAM","isPartOf":{"@id":"https:\/\/omanivietnam.com\/#website"},"primaryImageOfPage":{"@id":"https:\/\/omanivietnam.com\/index.php\/san-pham\/camozzi-953-000-p15-23\/#primaryimage"},"image":{"@id":"https:\/\/omanivietnam.com\/index.php\/san-pham\/camozzi-953-000-p15-23\/#primaryimage"},"thumbnailUrl":"https:\/\/omanivietnam.com\/wp-content\/uploads\/2025\/04\/953-000-P15-23.png","datePublished":"2025-04-13T14:01:09+00:00","dateModified":"2025-04-13T14:02:31+00:00","description":"CAMOZZI 953-000-P15-23 Solenoid Valve","breadcrumb":{"@id":"https:\/\/omanivietnam.com\/index.php\/san-pham\/camozzi-953-000-p15-23\/#breadcrumb"},"inLanguage":"vi","potentialAction":[{"@type":"ReadAction","target":["https:\/\/omanivietnam.com\/index.php\/san-pham\/camozzi-953-000-p15-23\/"]}]},{"@type":"ImageObject","inLanguage":"vi","@id":"https:\/\/omanivietnam.com\/index.php\/san-pham\/camozzi-953-000-p15-23\/#primaryimage","url":"https:\/\/omanivietnam.com\/wp-content\/uploads\/2025\/04\/953-000-P15-23.png","contentUrl":"https:\/\/omanivietnam.com\/wp-content\/uploads\/2025\/04\/953-000-P15-23.png","width":563,"height":784},{"@type":"BreadcrumbList","@id":"https:\/\/omanivietnam.com\/index.php\/san-pham\/camozzi-953-000-p15-23\/#breadcrumb","itemListElement":[{"@type":"ListItem","position":1,"name":"Home","item":"https:\/\/omanivietnam.com\/"},{"@type":"ListItem","position":2,"name":"S\u1ea2N PH\u1ea8M","item":"https:\/\/omanivietnam.com\/index.php\/cua-hang\/"},{"@type":"ListItem","position":3,"name":"CAMOZZI 953-000-P15-23"}]},{"@type":"WebSite","@id":"https:\/\/omanivietnam.com\/#website","url":"https:\/\/omanivietnam.com\/","name":"OMANI VI\u1ec6T NAM","description":"Nh\u00e0 ph\u00e2n ph\u1ed1i thi\u1ebft b\u1ecb kh\u00ed n\u00e9n v\u00e0 thi\u1ebft b\u1ecb t\u1ef1 \u0111\u1ed9ng h\u00f3a trong c\u00f4ng nghi\u1ec7p","publisher":{"@id":"https:\/\/omanivietnam.com\/#\/schema\/person\/0ad398a980dc3fd696111c2c5c8fa897"},"potentialAction":[{"@type":"SearchAction","target":{"@type":"EntryPoint","urlTemplate":"https:\/\/omanivietnam.com\/?s={search_term_string}"},"query-input":"required name=search_term_string"}],"inLanguage":"vi"},{"@type":["Person","Organization"],"@id":"https:\/\/omanivietnam.com\/#\/schema\/person\/0ad398a980dc3fd696111c2c5c8fa897","name":"Nguy\u1ec5n V\u0103n Kh\u00e1nh","image":{"@type":"ImageObject","inLanguage":"vi","@id":"https:\/\/omanivietnam.com\/#\/schema\/person\/image\/","url":"https:\/\/omanivietnam.com\/wp-content\/uploads\/2024\/06\/logo-1024x1024.png","contentUrl":"https:\/\/omanivietnam.com\/wp-content\/uploads\/2024\/06\/logo-1024x1024.png","width":1024,"height":1024,"caption":"Nguy\u1ec5n V\u0103n Kh\u00e1nh"},"logo":{"@id":"https:\/\/omanivietnam.com\/#\/schema\/person\/image\/"},"sameAs":["https:\/\/omanivietnam.com"]}]}},"_links":{"self":[{"href":"https:\/\/omanivietnam.com\/index.php\/wp-json\/wp\/v2\/product\/3550","targetHints":{"allow":["GET"]}}],"collection":[{"href":"https:\/\/omanivietnam.com\/index.php\/wp-json\/wp\/v2\/product"}],"about":[{"href":"https:\/\/omanivietnam.com\/index.php\/wp-json\/wp\/v2\/types\/product"}],"replies":[{"embeddable":true,"href":"https:\/\/omanivietnam.com\/index.php\/wp-json\/wp\/v2\/comments?post=3550"}],"wp:featuredmedia":[{"embeddable":true,"href":"https:\/\/omanivietnam.com\/index.php\/wp-json\/wp\/v2\/media\/3551"}],"wp:attachment":[{"href":"https:\/\/omanivietnam.com\/index.php\/wp-json\/wp\/v2\/media?parent=3550"}],"wp:term":[{"taxonomy":"product_cat","embeddable":true,"href":"https:\/\/omanivietnam.com\/index.php\/wp-json\/wp\/v2\/product_cat?post=3550"},{"taxonomy":"product_tag","embeddable":true,"href":"https:\/\/omanivietnam.com\/index.php\/wp-json\/wp\/v2\/product_tag?post=3550"}],"curies":[{"name":"wp","href":"https:\/\/api.w.org\/{rel}","templated":true}]}}