{"id":3589,"date":"2025-04-17T21:58:56","date_gmt":"2025-04-17T14:58:56","guid":{"rendered":"https:\/\/omanivietnam.com\/?post_type=product&#038;p=3589"},"modified":"2025-04-17T21:59:39","modified_gmt":"2025-04-17T14:59:39","slug":"sick-uc30-214162-6054711","status":"publish","type":"product","link":"https:\/\/omanivietnam.com\/index.php\/san-pham\/sick-uc30-214162-6054711\/","title":{"rendered":"SICK UC30-214162  6054711"},"content":{"rendered":"<p>SICK UC30-214162 6054711<\/p>\n<h3>Product family\u00a0UC30<\/h3>\n<p>Rugged. Reliable. Rectangular.<\/p>\n<p>&#8211; Reliable measurement, regardless of material color, transparency, gloss, or ambient light<br \/>\n&#8211; Rugged housing with teach-in buttons<br \/>\n&#8211; Sensing ranges up to 8,000 mm<br \/>\n&#8211; Analog output, push-pull digital output with IO-Link or two PNP\/NPN digital outputs<br \/>\n&#8211; Immune to dirt, dust, humidity, and fog<br \/>\n&#8211; Adjustable sensitivity<\/p>\n<h2>Ultrasonic sensors\u00a0UC30<\/h2>\n<p>&#8211; Compact cubic housing for straightforward machine integration<br \/>\n&#8211; Rugged, plastic housing ensures highest plant availability<br \/>\n&#8211; Various output signals for solving complex applications available<br \/>\n&#8211; IO-Link with many diagnostic options for fault-free operation and simple maintenance<br \/>\n&#8211; Teach-in buttons for fast and easy commissioning<br \/>\n&#8211; Rugged ultrasonic technology, measures reliably even in dirty, dusty, humid, and foggy conditions<br \/>\n&#8211; Integrated temperature compensation ensures high measurement accuracy at all times for optimum process quality<\/p>\n<p><strong>C\u1ea3m bi\u1ebfn si\u00eau \u00e2m Sick UC30-21416A Series<\/strong><\/p>\n<ul>\n<li>V\u1ecf kh\u1ed1i nh\u1ecf g\u1ecdn \u0111\u1ec3 t\u00edch h\u1ee3p m\u00e1y \u0111\u01a1n gi\u1ea3n<\/li>\n<li>V\u1ecf nh\u1ef1a ch\u1eafc ch\u1eafn \u0111\u1ea3m b\u1ea3o nh\u00e0 m\u00e1y cao nh\u1ea5t<\/li>\n<li>C\u00e1c t\u00edn hi\u1ec7u \u0111\u1ea7u ra kh\u00e1c nhau \u0111\u1ec3 gi\u1ea3i quy\u1ebft c\u00e1c \u1ee9ng d\u1ee5ng ph\u1ee9c t\u1ea1p c\u00f3 s\u1eb5n<\/li>\n<li>IO-Link v\u1edbi nhi\u1ec1u t\u00f9y ch\u1ecdn ch\u1ea9n \u0111o\u00e1n cho ho\u1ea1t \u0111\u1ed9ng kh\u00f4ng c\u00f3 l\u1ed7i v\u00e0 b\u1ea3o tr\u00ec \u0111\u01a1n gi\u1ea3n<\/li>\n<li>C\u00e1c n\u00fat h\u01b0\u1edbng d\u1eabn \u0111\u1ec3 ch\u1ea1y th\u1eed nhanh v\u00e0 d\u1ec5 d\u00e0ng<\/li>\n<li>C\u00f4ng ngh\u1ec7 si\u00eau \u00e2m ch\u1eafc ch\u1eafn, c\u00e1c bi\u1ec7n ph\u00e1p \u0111\u00e1ng tin c\u1eady ngay c\u1ea3 trong \u0111i\u1ec1u ki\u1ec7n b\u1ea9n, b\u1ee5i, \u1ea9m v\u00e0 s\u01b0\u01a1ng m\u00f9<\/li>\n<li>B\u00f9 nhi\u1ec7t \u0111\u1ed9 t\u00edch h\u1ee3p \u0111\u1ea3m b\u1ea3o \u0111\u1ed9 ch\u00ednh x\u00e1c \u0111o cao m\u1ecdi l\u00fac cho ch\u1ea5t l\u01b0\u1ee3ng qu\u00e1 tr\u00ecnh t\u1ed1i \u01b0u<\/li>\n<\/ul>\n<p>C\u1ea3m bi\u1ebfn si\u00eau \u00e2m Sick UC30-21416A<\/p>\n<div class=\"product_attribute\"><label>Type:<\/label> UC30-21416A\u00a0<label>Part number:<\/label>\u00a06054710<\/div>\n<div class=\"product_attribute\">\n<div class=\"product_attribute\"><label>Type:<\/label> UC30-21516A\u00a0<label>Part number:<\/label>\u00a06054714<\/div>\n<div class=\"product_attribute\">\n<div class=\"product_attribute\"><label>Type:<\/label> UC30-215162\u00a0<label>Part number:<\/label>\u00a06054715<\/div>\n<div class=\"product_attribute\">\n<div class=\"product_attribute\"><label>Type:<\/label> UC30-215163\u00a0<label>Part number:<\/label>\u00a06054716<\/div>\n<div class=\"product_attribute\">\n<div class=\"product_attribute\"><label>Type:<\/label> UC30-214163\u00a0<label>Part number:<\/label>\u00a06054712<\/div>\n<div class=\"product_attribute\">\n<div class=\"product_attribute\"><label>Type:<\/label> UC30-214162\u00a0<label>Part number:<\/label>\u00a06054711<\/div>\n<div class=\"product_attribute\">\n<div class=\"product_attribute\"><label>Type:<\/label> UC30-215164\u00a0<label>Part number:<\/label>\u00a06054717<\/div>\n<div class=\"product_attribute\">\n<div class=\"product_attribute\"><label>Type:<\/label> UC30-214164\u00a0<label>Part number:<\/label>\u00a06054713<\/div>\n<div class=\"product_attribute\">\n<div class=\"product_attribute\"><label>Type:<\/label> UC30-21416B\u00a0<label>Part number:<\/label>\u00a06068452<\/div>\n<div class=\"product_attribute\">\n<div class=\"product_attribute\"><label>Type:<\/label> UC30-21516B\u00a0<label>Part number:<\/label>\u00a06068453<\/div>\n<\/div>\n<\/div>\n<\/div>\n<\/div>\n<\/div>\n<\/div>\n<\/div>\n<\/div>\n<\/div>\n","protected":false},"excerpt":{"rendered":"<p>SICK UC30-214162 6054711 Product family\u00a0UC30 Rugged. Reliable. Rectangular. &#8211; Reliable measurement, regardless of material color, transparency, gloss, or ambient light &#8211; Rugged housing with teach-in buttons &#8211; Sensing ranges up to 8,000 mm &#8211; Analog output, push-pull digital output with IO-Link or two PNP\/NPN digital outputs &#8211; Immune to dirt,&hellip; <\/p>\n","protected":false},"featured_media":3590,"comment_status":"open","ping_status":"closed","template":"","meta":[],"product_cat":[297],"product_tag":[88,89,90],"class_list":{"0":"post-3589","1":"product","2":"type-product","3":"status-publish","4":"has-post-thumbnail","6":"product_cat-sick","7":"product_tag-cam-bien","8":"product_tag-dai-ly-sick-viet-nam","9":"product_tag-sick-viet-nam","11":"first","12":"instock","13":"shipping-taxable","14":"product-type-simple"},"yoast_head":"<!-- This site is optimized with the Yoast SEO plugin v22.8 - https:\/\/yoast.com\/wordpress\/plugins\/seo\/ -->\n<title>SICK UC30-214162 6054711 - OMANI VI\u1ec6T NAM<\/title>\n<meta name=\"description\" content=\"SICK UC30-214162 6054711 Ultrasonic sensors\" \/>\n<meta name=\"robots\" content=\"index, follow, max-snippet:-1, max-image-preview:large, max-video-preview:-1\" \/>\n<link rel=\"canonical\" href=\"https:\/\/omanivietnam.com\/index.php\/san-pham\/sick-uc30-214162-6054711\/\" \/>\n<meta property=\"og:locale\" content=\"vi_VN\" \/>\n<meta property=\"og:type\" content=\"article\" \/>\n<meta property=\"og:title\" content=\"SICK UC30-214162 6054711 - OMANI VI\u1ec6T NAM\" \/>\n<meta property=\"og:description\" content=\"SICK UC30-214162 6054711 Ultrasonic sensors\" \/>\n<meta property=\"og:url\" content=\"https:\/\/omanivietnam.com\/index.php\/san-pham\/sick-uc30-214162-6054711\/\" \/>\n<meta property=\"og:site_name\" content=\"OMANI VI\u1ec6T NAM\" \/>\n<meta property=\"article:modified_time\" content=\"2025-04-17T14:59:39+00:00\" \/>\n<meta property=\"og:image\" content=\"https:\/\/omanivietnam.com\/wp-content\/uploads\/2025\/04\/UC30-214162-6054711.png\" \/>\n\t<meta property=\"og:image:width\" content=\"1308\" \/>\n\t<meta property=\"og:image:height\" content=\"738\" \/>\n\t<meta property=\"og:image:type\" content=\"image\/png\" \/>\n<meta name=\"twitter:card\" content=\"summary_large_image\" \/>\n<meta name=\"twitter:label1\" content=\"\u01af\u1edbc t\u00ednh th\u1eddi gian \u0111\u1ecdc\" \/>\n\t<meta name=\"twitter:data1\" content=\"2 ph\u00fat\" \/>\n<script type=\"application\/ld+json\" class=\"yoast-schema-graph\">{\"@context\":\"https:\/\/schema.org\",\"@graph\":[{\"@type\":\"WebPage\",\"@id\":\"https:\/\/omanivietnam.com\/index.php\/san-pham\/sick-uc30-214162-6054711\/\",\"url\":\"https:\/\/omanivietnam.com\/index.php\/san-pham\/sick-uc30-214162-6054711\/\",\"name\":\"SICK UC30-214162 6054711 - OMANI VI\u1ec6T NAM\",\"isPartOf\":{\"@id\":\"https:\/\/omanivietnam.com\/#website\"},\"primaryImageOfPage\":{\"@id\":\"https:\/\/omanivietnam.com\/index.php\/san-pham\/sick-uc30-214162-6054711\/#primaryimage\"},\"image\":{\"@id\":\"https:\/\/omanivietnam.com\/index.php\/san-pham\/sick-uc30-214162-6054711\/#primaryimage\"},\"thumbnailUrl\":\"https:\/\/omanivietnam.com\/wp-content\/uploads\/2025\/04\/UC30-214162-6054711.png\",\"datePublished\":\"2025-04-17T14:58:56+00:00\",\"dateModified\":\"2025-04-17T14:59:39+00:00\",\"description\":\"SICK UC30-214162 6054711 Ultrasonic sensors\",\"breadcrumb\":{\"@id\":\"https:\/\/omanivietnam.com\/index.php\/san-pham\/sick-uc30-214162-6054711\/#breadcrumb\"},\"inLanguage\":\"vi\",\"potentialAction\":[{\"@type\":\"ReadAction\",\"target\":[\"https:\/\/omanivietnam.com\/index.php\/san-pham\/sick-uc30-214162-6054711\/\"]}]},{\"@type\":\"ImageObject\",\"inLanguage\":\"vi\",\"@id\":\"https:\/\/omanivietnam.com\/index.php\/san-pham\/sick-uc30-214162-6054711\/#primaryimage\",\"url\":\"https:\/\/omanivietnam.com\/wp-content\/uploads\/2025\/04\/UC30-214162-6054711.png\",\"contentUrl\":\"https:\/\/omanivietnam.com\/wp-content\/uploads\/2025\/04\/UC30-214162-6054711.png\",\"width\":1308,\"height\":738},{\"@type\":\"BreadcrumbList\",\"@id\":\"https:\/\/omanivietnam.com\/index.php\/san-pham\/sick-uc30-214162-6054711\/#breadcrumb\",\"itemListElement\":[{\"@type\":\"ListItem\",\"position\":1,\"name\":\"Home\",\"item\":\"https:\/\/omanivietnam.com\/\"},{\"@type\":\"ListItem\",\"position\":2,\"name\":\"S\u1ea2N PH\u1ea8M\",\"item\":\"https:\/\/omanivietnam.com\/index.php\/cua-hang\/\"},{\"@type\":\"ListItem\",\"position\":3,\"name\":\"SICK UC30-214162 6054711\"}]},{\"@type\":\"WebSite\",\"@id\":\"https:\/\/omanivietnam.com\/#website\",\"url\":\"https:\/\/omanivietnam.com\/\",\"name\":\"OMANI VI\u1ec6T NAM\",\"description\":\"Nh\u00e0 ph\u00e2n ph\u1ed1i thi\u1ebft b\u1ecb kh\u00ed n\u00e9n v\u00e0 thi\u1ebft b\u1ecb t\u1ef1 \u0111\u1ed9ng h\u00f3a trong c\u00f4ng nghi\u1ec7p\",\"publisher\":{\"@id\":\"https:\/\/omanivietnam.com\/#\/schema\/person\/0ad398a980dc3fd696111c2c5c8fa897\"},\"potentialAction\":[{\"@type\":\"SearchAction\",\"target\":{\"@type\":\"EntryPoint\",\"urlTemplate\":\"https:\/\/omanivietnam.com\/?s={search_term_string}\"},\"query-input\":\"required name=search_term_string\"}],\"inLanguage\":\"vi\"},{\"@type\":[\"Person\",\"Organization\"],\"@id\":\"https:\/\/omanivietnam.com\/#\/schema\/person\/0ad398a980dc3fd696111c2c5c8fa897\",\"name\":\"Nguy\u1ec5n V\u0103n Kh\u00e1nh\",\"image\":{\"@type\":\"ImageObject\",\"inLanguage\":\"vi\",\"@id\":\"https:\/\/omanivietnam.com\/#\/schema\/person\/image\/\",\"url\":\"https:\/\/omanivietnam.com\/wp-content\/uploads\/2024\/06\/logo-1024x1024.png\",\"contentUrl\":\"https:\/\/omanivietnam.com\/wp-content\/uploads\/2024\/06\/logo-1024x1024.png\",\"width\":1024,\"height\":1024,\"caption\":\"Nguy\u1ec5n V\u0103n Kh\u00e1nh\"},\"logo\":{\"@id\":\"https:\/\/omanivietnam.com\/#\/schema\/person\/image\/\"},\"sameAs\":[\"https:\/\/omanivietnam.com\"]}]}<\/script>\n<!-- \/ Yoast SEO plugin. -->","yoast_head_json":{"title":"SICK UC30-214162 6054711 - OMANI VI\u1ec6T NAM","description":"SICK UC30-214162 6054711 Ultrasonic sensors","robots":{"index":"index","follow":"follow","max-snippet":"max-snippet:-1","max-image-preview":"max-image-preview:large","max-video-preview":"max-video-preview:-1"},"canonical":"https:\/\/omanivietnam.com\/index.php\/san-pham\/sick-uc30-214162-6054711\/","og_locale":"vi_VN","og_type":"article","og_title":"SICK UC30-214162 6054711 - OMANI VI\u1ec6T NAM","og_description":"SICK UC30-214162 6054711 Ultrasonic sensors","og_url":"https:\/\/omanivietnam.com\/index.php\/san-pham\/sick-uc30-214162-6054711\/","og_site_name":"OMANI VI\u1ec6T NAM","article_modified_time":"2025-04-17T14:59:39+00:00","og_image":[{"width":1308,"height":738,"url":"https:\/\/omanivietnam.com\/wp-content\/uploads\/2025\/04\/UC30-214162-6054711.png","type":"image\/png"}],"twitter_card":"summary_large_image","twitter_misc":{"\u01af\u1edbc t\u00ednh th\u1eddi gian \u0111\u1ecdc":"2 ph\u00fat"},"schema":{"@context":"https:\/\/schema.org","@graph":[{"@type":"WebPage","@id":"https:\/\/omanivietnam.com\/index.php\/san-pham\/sick-uc30-214162-6054711\/","url":"https:\/\/omanivietnam.com\/index.php\/san-pham\/sick-uc30-214162-6054711\/","name":"SICK UC30-214162 6054711 - OMANI VI\u1ec6T NAM","isPartOf":{"@id":"https:\/\/omanivietnam.com\/#website"},"primaryImageOfPage":{"@id":"https:\/\/omanivietnam.com\/index.php\/san-pham\/sick-uc30-214162-6054711\/#primaryimage"},"image":{"@id":"https:\/\/omanivietnam.com\/index.php\/san-pham\/sick-uc30-214162-6054711\/#primaryimage"},"thumbnailUrl":"https:\/\/omanivietnam.com\/wp-content\/uploads\/2025\/04\/UC30-214162-6054711.png","datePublished":"2025-04-17T14:58:56+00:00","dateModified":"2025-04-17T14:59:39+00:00","description":"SICK UC30-214162 6054711 Ultrasonic sensors","breadcrumb":{"@id":"https:\/\/omanivietnam.com\/index.php\/san-pham\/sick-uc30-214162-6054711\/#breadcrumb"},"inLanguage":"vi","potentialAction":[{"@type":"ReadAction","target":["https:\/\/omanivietnam.com\/index.php\/san-pham\/sick-uc30-214162-6054711\/"]}]},{"@type":"ImageObject","inLanguage":"vi","@id":"https:\/\/omanivietnam.com\/index.php\/san-pham\/sick-uc30-214162-6054711\/#primaryimage","url":"https:\/\/omanivietnam.com\/wp-content\/uploads\/2025\/04\/UC30-214162-6054711.png","contentUrl":"https:\/\/omanivietnam.com\/wp-content\/uploads\/2025\/04\/UC30-214162-6054711.png","width":1308,"height":738},{"@type":"BreadcrumbList","@id":"https:\/\/omanivietnam.com\/index.php\/san-pham\/sick-uc30-214162-6054711\/#breadcrumb","itemListElement":[{"@type":"ListItem","position":1,"name":"Home","item":"https:\/\/omanivietnam.com\/"},{"@type":"ListItem","position":2,"name":"S\u1ea2N PH\u1ea8M","item":"https:\/\/omanivietnam.com\/index.php\/cua-hang\/"},{"@type":"ListItem","position":3,"name":"SICK UC30-214162 6054711"}]},{"@type":"WebSite","@id":"https:\/\/omanivietnam.com\/#website","url":"https:\/\/omanivietnam.com\/","name":"OMANI VI\u1ec6T NAM","description":"Nh\u00e0 ph\u00e2n ph\u1ed1i thi\u1ebft b\u1ecb kh\u00ed n\u00e9n v\u00e0 thi\u1ebft b\u1ecb t\u1ef1 \u0111\u1ed9ng h\u00f3a trong c\u00f4ng nghi\u1ec7p","publisher":{"@id":"https:\/\/omanivietnam.com\/#\/schema\/person\/0ad398a980dc3fd696111c2c5c8fa897"},"potentialAction":[{"@type":"SearchAction","target":{"@type":"EntryPoint","urlTemplate":"https:\/\/omanivietnam.com\/?s={search_term_string}"},"query-input":"required name=search_term_string"}],"inLanguage":"vi"},{"@type":["Person","Organization"],"@id":"https:\/\/omanivietnam.com\/#\/schema\/person\/0ad398a980dc3fd696111c2c5c8fa897","name":"Nguy\u1ec5n V\u0103n Kh\u00e1nh","image":{"@type":"ImageObject","inLanguage":"vi","@id":"https:\/\/omanivietnam.com\/#\/schema\/person\/image\/","url":"https:\/\/omanivietnam.com\/wp-content\/uploads\/2024\/06\/logo-1024x1024.png","contentUrl":"https:\/\/omanivietnam.com\/wp-content\/uploads\/2024\/06\/logo-1024x1024.png","width":1024,"height":1024,"caption":"Nguy\u1ec5n V\u0103n Kh\u00e1nh"},"logo":{"@id":"https:\/\/omanivietnam.com\/#\/schema\/person\/image\/"},"sameAs":["https:\/\/omanivietnam.com"]}]}},"_links":{"self":[{"href":"https:\/\/omanivietnam.com\/index.php\/wp-json\/wp\/v2\/product\/3589","targetHints":{"allow":["GET"]}}],"collection":[{"href":"https:\/\/omanivietnam.com\/index.php\/wp-json\/wp\/v2\/product"}],"about":[{"href":"https:\/\/omanivietnam.com\/index.php\/wp-json\/wp\/v2\/types\/product"}],"replies":[{"embeddable":true,"href":"https:\/\/omanivietnam.com\/index.php\/wp-json\/wp\/v2\/comments?post=3589"}],"wp:featuredmedia":[{"embeddable":true,"href":"https:\/\/omanivietnam.com\/index.php\/wp-json\/wp\/v2\/media\/3590"}],"wp:attachment":[{"href":"https:\/\/omanivietnam.com\/index.php\/wp-json\/wp\/v2\/media?parent=3589"}],"wp:term":[{"taxonomy":"product_cat","embeddable":true,"href":"https:\/\/omanivietnam.com\/index.php\/wp-json\/wp\/v2\/product_cat?post=3589"},{"taxonomy":"product_tag","embeddable":true,"href":"https:\/\/omanivietnam.com\/index.php\/wp-json\/wp\/v2\/product_tag?post=3589"}],"curies":[{"name":"wp","href":"https:\/\/api.w.org\/{rel}","templated":true}]}}