{"id":3602,"date":"2025-04-19T16:31:48","date_gmt":"2025-04-19T09:31:48","guid":{"rendered":"https:\/\/omanivietnam.com\/?post_type=product&#038;p=3602"},"modified":"2025-04-19T16:31:48","modified_gmt":"2025-04-19T09:31:48","slug":"sick-kt5g-2n1111","status":"publish","type":"product","link":"https:\/\/omanivietnam.com\/index.php\/san-pham\/sick-kt5g-2n1111\/","title":{"rendered":"SICK KT5G-2N1111"},"content":{"rendered":"<p>SICK KT5G-2N1111<\/p>\n<p>SICKKT5G-2N1111 Stop=&gt; new KTX-WN91142242ZZZZ<\/p>\n<p>SICK KT5G-2P1111 1015993<\/p>\n<p>KT5W-2P1116, KT5W-2N1116, KT5W-2P1116D, KT5W-2N1113, KT5G-2P1111, KT5G-2N1111.<\/p>\n<h2 class=\"title-product item_name\">C\u1ea3m bi\u1ebfn Sick KT5G-2N1111<\/h2>\n<h3>1. C\u1ea3m bi\u1ebfn KT5G-2N1111:<\/h3>\n<div>\n<div>K\u00edch th\u01b0\u1edbc (R\u1ed9ng x Cao x D\u00e0y) 30,4 mm x 53 mm x 80 mm<\/div>\n<div>Kho\u1ea3ng c\u00e1ch c\u1ea3m bi\u1ebfn 10 mm 1)<\/div>\n<div>Thi\u1ebft k\u1ebf nh\u00e0 \u1edf (ph\u00e1t x\u1ea1 \u00e1nh s\u00e1ng) H\u00ecnh h\u1ed9p ch\u1eef nh\u1eadt<\/div>\n<div>Ngu\u1ed3n s\u00e1ng LED, m\u00e0u xanh l\u00e1 c\u00e2y 2)<\/div>\n<div>Chi\u1ec1u d\u00e0i s\u00f3ng 520 nm<\/div>\n<div>Ph\u00e1t x\u1ea1 nh\u1eb9 M\u1eb7t d\u00e0i v\u00e0 ng\u1eafn c\u1ee7a nh\u00e0 \u1edf, c\u00f3 th\u1ec3 trao \u0111\u1ed5i<\/div>\n<div>K\u00edch th\u01b0\u1edbc \u0111\u1ed1m s\u00e1ng 1,2 mm x 4,2 mm<\/div>\n<div>H\u01b0\u1edbng \u0111i\u1ec3m s\u00e1ng D\u1ecdc 3)<\/div>\n<div>\u0110i\u1ec1u ch\u1ec9nh Chi\u1ebft \u00e1p<\/div>\n<div>Ch\u1ee9c n\u0103ng \u0111\u1ea7u ra Chuy\u1ec3n \u0111\u1ed5i s\u00e1ng \/ t\u1ed1i<\/div>\n<h3>2. C\u00e1c m\u00e3 h\u00e0ng t\u01b0\u01a1ng \u0111\u01b0\u01a1ng C\u1ea3m bi\u1ebfn KT5G-2N1111 1015993:<\/h3>\n<div>KTM-WN11181P 1062200<\/div>\n<div>KT2R-2B3711<\/div>\n<div>KT3M-N1116 1044593<\/div>\n<div>KT3W-N1116<\/div>\n<div>KT3W-P1116 1019338<\/div>\n<div>KT5G-2N1111<\/div>\n<div>KT5G2N2311<\/div>\n<div>KT5G-2P1111 1015993<\/div>\n<div>KT5G-2P1151S22 1019496<\/div>\n<div>KT5-P1111<\/div>\n<div>KT5-P1111<\/div>\n<div>KT5W-2B1116<\/div>\n<div>KT5W-2N1116 1018045<\/div>\n<div>KT5W-2P2116 1022312<\/div>\n<div>KT5W-2P1156S41 1053258<\/div>\n<div>KTL5G-2P11 1016294<\/div>\n<div>KTL5W-2N13 1019661<\/div>\n<div>KT6W-2N5116 1046010<\/div>\n<div>KT8L-N3756 1041352<\/div>\n<\/div>\n","protected":false},"excerpt":{"rendered":"<p>SICK KT5G-2N1111 SICKKT5G-2N1111 Stop=&gt; new KTX-WN91142242ZZZZ SICK KT5G-2P1111 1015993 KT5W-2P1116, KT5W-2N1116, KT5W-2P1116D, KT5W-2N1113, KT5G-2P1111, KT5G-2N1111. C\u1ea3m bi\u1ebfn Sick KT5G-2N1111 1. C\u1ea3m bi\u1ebfn KT5G-2N1111: K\u00edch th\u01b0\u1edbc (R\u1ed9ng x Cao x D\u00e0y) 30,4 mm x 53 mm x 80 mm Kho\u1ea3ng c\u00e1ch c\u1ea3m bi\u1ebfn 10 mm 1) Thi\u1ebft k\u1ebf nh\u00e0 \u1edf (ph\u00e1t&hellip; <\/p>\n","protected":false},"featured_media":3603,"comment_status":"open","ping_status":"closed","template":"","meta":[],"product_cat":[297],"product_tag":[88,89,90],"class_list":{"0":"post-3602","1":"product","2":"type-product","3":"status-publish","4":"has-post-thumbnail","6":"product_cat-sick","7":"product_tag-cam-bien","8":"product_tag-dai-ly-sick-viet-nam","9":"product_tag-sick-viet-nam","11":"first","12":"instock","13":"shipping-taxable","14":"product-type-simple"},"yoast_head":"<!-- This site is optimized with the Yoast SEO plugin v22.8 - https:\/\/yoast.com\/wordpress\/plugins\/seo\/ -->\n<title>SICK KT5G-2N1111 - OMANI VI\u1ec6T NAM<\/title>\n<meta name=\"description\" content=\"SICK KT5G-2N1111 Sensor\" \/>\n<meta name=\"robots\" content=\"index, follow, max-snippet:-1, max-image-preview:large, max-video-preview:-1\" \/>\n<link rel=\"canonical\" href=\"https:\/\/omanivietnam.com\/index.php\/san-pham\/sick-kt5g-2n1111\/\" \/>\n<meta property=\"og:locale\" content=\"vi_VN\" \/>\n<meta property=\"og:type\" content=\"article\" \/>\n<meta property=\"og:title\" content=\"SICK KT5G-2N1111 - OMANI VI\u1ec6T NAM\" \/>\n<meta property=\"og:description\" content=\"SICK KT5G-2N1111 Sensor\" \/>\n<meta property=\"og:url\" content=\"https:\/\/omanivietnam.com\/index.php\/san-pham\/sick-kt5g-2n1111\/\" \/>\n<meta property=\"og:site_name\" content=\"OMANI VI\u1ec6T NAM\" \/>\n<meta property=\"og:image\" content=\"https:\/\/omanivietnam.com\/wp-content\/uploads\/2025\/04\/KT5G-2N1111.png\" \/>\n\t<meta property=\"og:image:width\" content=\"831\" \/>\n\t<meta property=\"og:image:height\" content=\"929\" \/>\n\t<meta property=\"og:image:type\" content=\"image\/png\" \/>\n<meta name=\"twitter:card\" content=\"summary_large_image\" \/>\n<meta name=\"twitter:label1\" content=\"\u01af\u1edbc t\u00ednh th\u1eddi gian \u0111\u1ecdc\" \/>\n\t<meta name=\"twitter:data1\" content=\"2 ph\u00fat\" \/>\n<script type=\"application\/ld+json\" class=\"yoast-schema-graph\">{\"@context\":\"https:\/\/schema.org\",\"@graph\":[{\"@type\":\"WebPage\",\"@id\":\"https:\/\/omanivietnam.com\/index.php\/san-pham\/sick-kt5g-2n1111\/\",\"url\":\"https:\/\/omanivietnam.com\/index.php\/san-pham\/sick-kt5g-2n1111\/\",\"name\":\"SICK KT5G-2N1111 - OMANI VI\u1ec6T NAM\",\"isPartOf\":{\"@id\":\"https:\/\/omanivietnam.com\/#website\"},\"primaryImageOfPage\":{\"@id\":\"https:\/\/omanivietnam.com\/index.php\/san-pham\/sick-kt5g-2n1111\/#primaryimage\"},\"image\":{\"@id\":\"https:\/\/omanivietnam.com\/index.php\/san-pham\/sick-kt5g-2n1111\/#primaryimage\"},\"thumbnailUrl\":\"https:\/\/omanivietnam.com\/wp-content\/uploads\/2025\/04\/KT5G-2N1111.png\",\"datePublished\":\"2025-04-19T09:31:48+00:00\",\"dateModified\":\"2025-04-19T09:31:48+00:00\",\"description\":\"SICK KT5G-2N1111 Sensor\",\"breadcrumb\":{\"@id\":\"https:\/\/omanivietnam.com\/index.php\/san-pham\/sick-kt5g-2n1111\/#breadcrumb\"},\"inLanguage\":\"vi\",\"potentialAction\":[{\"@type\":\"ReadAction\",\"target\":[\"https:\/\/omanivietnam.com\/index.php\/san-pham\/sick-kt5g-2n1111\/\"]}]},{\"@type\":\"ImageObject\",\"inLanguage\":\"vi\",\"@id\":\"https:\/\/omanivietnam.com\/index.php\/san-pham\/sick-kt5g-2n1111\/#primaryimage\",\"url\":\"https:\/\/omanivietnam.com\/wp-content\/uploads\/2025\/04\/KT5G-2N1111.png\",\"contentUrl\":\"https:\/\/omanivietnam.com\/wp-content\/uploads\/2025\/04\/KT5G-2N1111.png\",\"width\":831,\"height\":929},{\"@type\":\"BreadcrumbList\",\"@id\":\"https:\/\/omanivietnam.com\/index.php\/san-pham\/sick-kt5g-2n1111\/#breadcrumb\",\"itemListElement\":[{\"@type\":\"ListItem\",\"position\":1,\"name\":\"Home\",\"item\":\"https:\/\/omanivietnam.com\/\"},{\"@type\":\"ListItem\",\"position\":2,\"name\":\"S\u1ea2N PH\u1ea8M\",\"item\":\"https:\/\/omanivietnam.com\/index.php\/cua-hang\/\"},{\"@type\":\"ListItem\",\"position\":3,\"name\":\"SICK KT5G-2N1111\"}]},{\"@type\":\"WebSite\",\"@id\":\"https:\/\/omanivietnam.com\/#website\",\"url\":\"https:\/\/omanivietnam.com\/\",\"name\":\"OMANI VI\u1ec6T NAM\",\"description\":\"Nh\u00e0 ph\u00e2n ph\u1ed1i thi\u1ebft b\u1ecb kh\u00ed n\u00e9n v\u00e0 thi\u1ebft b\u1ecb t\u1ef1 \u0111\u1ed9ng h\u00f3a trong c\u00f4ng nghi\u1ec7p\",\"publisher\":{\"@id\":\"https:\/\/omanivietnam.com\/#\/schema\/person\/0ad398a980dc3fd696111c2c5c8fa897\"},\"potentialAction\":[{\"@type\":\"SearchAction\",\"target\":{\"@type\":\"EntryPoint\",\"urlTemplate\":\"https:\/\/omanivietnam.com\/?s={search_term_string}\"},\"query-input\":\"required name=search_term_string\"}],\"inLanguage\":\"vi\"},{\"@type\":[\"Person\",\"Organization\"],\"@id\":\"https:\/\/omanivietnam.com\/#\/schema\/person\/0ad398a980dc3fd696111c2c5c8fa897\",\"name\":\"Nguy\u1ec5n V\u0103n Kh\u00e1nh\",\"image\":{\"@type\":\"ImageObject\",\"inLanguage\":\"vi\",\"@id\":\"https:\/\/omanivietnam.com\/#\/schema\/person\/image\/\",\"url\":\"https:\/\/omanivietnam.com\/wp-content\/uploads\/2024\/06\/logo-1024x1024.png\",\"contentUrl\":\"https:\/\/omanivietnam.com\/wp-content\/uploads\/2024\/06\/logo-1024x1024.png\",\"width\":1024,\"height\":1024,\"caption\":\"Nguy\u1ec5n V\u0103n Kh\u00e1nh\"},\"logo\":{\"@id\":\"https:\/\/omanivietnam.com\/#\/schema\/person\/image\/\"},\"sameAs\":[\"https:\/\/omanivietnam.com\"]}]}<\/script>\n<!-- \/ Yoast SEO plugin. -->","yoast_head_json":{"title":"SICK KT5G-2N1111 - OMANI VI\u1ec6T NAM","description":"SICK KT5G-2N1111 Sensor","robots":{"index":"index","follow":"follow","max-snippet":"max-snippet:-1","max-image-preview":"max-image-preview:large","max-video-preview":"max-video-preview:-1"},"canonical":"https:\/\/omanivietnam.com\/index.php\/san-pham\/sick-kt5g-2n1111\/","og_locale":"vi_VN","og_type":"article","og_title":"SICK KT5G-2N1111 - OMANI VI\u1ec6T NAM","og_description":"SICK KT5G-2N1111 Sensor","og_url":"https:\/\/omanivietnam.com\/index.php\/san-pham\/sick-kt5g-2n1111\/","og_site_name":"OMANI VI\u1ec6T NAM","og_image":[{"width":831,"height":929,"url":"https:\/\/omanivietnam.com\/wp-content\/uploads\/2025\/04\/KT5G-2N1111.png","type":"image\/png"}],"twitter_card":"summary_large_image","twitter_misc":{"\u01af\u1edbc t\u00ednh th\u1eddi gian \u0111\u1ecdc":"2 ph\u00fat"},"schema":{"@context":"https:\/\/schema.org","@graph":[{"@type":"WebPage","@id":"https:\/\/omanivietnam.com\/index.php\/san-pham\/sick-kt5g-2n1111\/","url":"https:\/\/omanivietnam.com\/index.php\/san-pham\/sick-kt5g-2n1111\/","name":"SICK KT5G-2N1111 - OMANI VI\u1ec6T NAM","isPartOf":{"@id":"https:\/\/omanivietnam.com\/#website"},"primaryImageOfPage":{"@id":"https:\/\/omanivietnam.com\/index.php\/san-pham\/sick-kt5g-2n1111\/#primaryimage"},"image":{"@id":"https:\/\/omanivietnam.com\/index.php\/san-pham\/sick-kt5g-2n1111\/#primaryimage"},"thumbnailUrl":"https:\/\/omanivietnam.com\/wp-content\/uploads\/2025\/04\/KT5G-2N1111.png","datePublished":"2025-04-19T09:31:48+00:00","dateModified":"2025-04-19T09:31:48+00:00","description":"SICK KT5G-2N1111 Sensor","breadcrumb":{"@id":"https:\/\/omanivietnam.com\/index.php\/san-pham\/sick-kt5g-2n1111\/#breadcrumb"},"inLanguage":"vi","potentialAction":[{"@type":"ReadAction","target":["https:\/\/omanivietnam.com\/index.php\/san-pham\/sick-kt5g-2n1111\/"]}]},{"@type":"ImageObject","inLanguage":"vi","@id":"https:\/\/omanivietnam.com\/index.php\/san-pham\/sick-kt5g-2n1111\/#primaryimage","url":"https:\/\/omanivietnam.com\/wp-content\/uploads\/2025\/04\/KT5G-2N1111.png","contentUrl":"https:\/\/omanivietnam.com\/wp-content\/uploads\/2025\/04\/KT5G-2N1111.png","width":831,"height":929},{"@type":"BreadcrumbList","@id":"https:\/\/omanivietnam.com\/index.php\/san-pham\/sick-kt5g-2n1111\/#breadcrumb","itemListElement":[{"@type":"ListItem","position":1,"name":"Home","item":"https:\/\/omanivietnam.com\/"},{"@type":"ListItem","position":2,"name":"S\u1ea2N PH\u1ea8M","item":"https:\/\/omanivietnam.com\/index.php\/cua-hang\/"},{"@type":"ListItem","position":3,"name":"SICK KT5G-2N1111"}]},{"@type":"WebSite","@id":"https:\/\/omanivietnam.com\/#website","url":"https:\/\/omanivietnam.com\/","name":"OMANI VI\u1ec6T NAM","description":"Nh\u00e0 ph\u00e2n ph\u1ed1i thi\u1ebft b\u1ecb kh\u00ed n\u00e9n v\u00e0 thi\u1ebft b\u1ecb t\u1ef1 \u0111\u1ed9ng h\u00f3a trong c\u00f4ng nghi\u1ec7p","publisher":{"@id":"https:\/\/omanivietnam.com\/#\/schema\/person\/0ad398a980dc3fd696111c2c5c8fa897"},"potentialAction":[{"@type":"SearchAction","target":{"@type":"EntryPoint","urlTemplate":"https:\/\/omanivietnam.com\/?s={search_term_string}"},"query-input":"required name=search_term_string"}],"inLanguage":"vi"},{"@type":["Person","Organization"],"@id":"https:\/\/omanivietnam.com\/#\/schema\/person\/0ad398a980dc3fd696111c2c5c8fa897","name":"Nguy\u1ec5n V\u0103n Kh\u00e1nh","image":{"@type":"ImageObject","inLanguage":"vi","@id":"https:\/\/omanivietnam.com\/#\/schema\/person\/image\/","url":"https:\/\/omanivietnam.com\/wp-content\/uploads\/2024\/06\/logo-1024x1024.png","contentUrl":"https:\/\/omanivietnam.com\/wp-content\/uploads\/2024\/06\/logo-1024x1024.png","width":1024,"height":1024,"caption":"Nguy\u1ec5n V\u0103n Kh\u00e1nh"},"logo":{"@id":"https:\/\/omanivietnam.com\/#\/schema\/person\/image\/"},"sameAs":["https:\/\/omanivietnam.com"]}]}},"_links":{"self":[{"href":"https:\/\/omanivietnam.com\/index.php\/wp-json\/wp\/v2\/product\/3602","targetHints":{"allow":["GET"]}}],"collection":[{"href":"https:\/\/omanivietnam.com\/index.php\/wp-json\/wp\/v2\/product"}],"about":[{"href":"https:\/\/omanivietnam.com\/index.php\/wp-json\/wp\/v2\/types\/product"}],"replies":[{"embeddable":true,"href":"https:\/\/omanivietnam.com\/index.php\/wp-json\/wp\/v2\/comments?post=3602"}],"wp:featuredmedia":[{"embeddable":true,"href":"https:\/\/omanivietnam.com\/index.php\/wp-json\/wp\/v2\/media\/3603"}],"wp:attachment":[{"href":"https:\/\/omanivietnam.com\/index.php\/wp-json\/wp\/v2\/media?parent=3602"}],"wp:term":[{"taxonomy":"product_cat","embeddable":true,"href":"https:\/\/omanivietnam.com\/index.php\/wp-json\/wp\/v2\/product_cat?post=3602"},{"taxonomy":"product_tag","embeddable":true,"href":"https:\/\/omanivietnam.com\/index.php\/wp-json\/wp\/v2\/product_tag?post=3602"}],"curies":[{"name":"wp","href":"https:\/\/api.w.org\/{rel}","templated":true}]}}