{"id":3616,"date":"2025-04-19T22:06:47","date_gmt":"2025-04-19T15:06:47","guid":{"rendered":"https:\/\/omanivietnam.com\/?post_type=product&#038;p=3616"},"modified":"2025-04-19T22:14:07","modified_gmt":"2025-04-19T15:14:07","slug":"hbm-z6fc3-50kg","status":"publish","type":"product","link":"https:\/\/omanivietnam.com\/index.php\/san-pham\/hbm-z6fc3-50kg\/","title":{"rendered":"HBM Z6FC3 50KG"},"content":{"rendered":"<p>HBM Z6FC3 50KG<\/p>\n<p>c\u1ea3m bi\u1ebfn c\u00e2n, load cell HBM Z6FC3 50kg, Z6FC3 100kg, Z6FC3 200kg <strong>Z6FC3-500KG, Z6FC3-1t<\/strong><\/p>\n<p><strong>Z6FC3-20KG, Z6FC3-50KG, Z6FC3-100KG, Z6FC3-200KG, Z6FC3-500KG, Z6FC3-1T<\/strong><\/p>\n<p>Loadcell Z6FC3 50kg \u1ee9ng d\u1ee5ng trong c\u00e1c h\u1ec7 th\u1ed1ng c\u00e2n \u0111i\u1ec7n t\u1eed\u2026B\u1ea3o h\u00e0nh 12 th\u00e1ng.<\/p>\n<p>Load cell Z6FC3 50kg<\/p>\n<p><strong><em>Z6FC3 50kg<\/em><\/strong>\u00a0la\u0300 loa\u0323i ca\u0309m bi\u00ea\u0301n do\u0300ng kinh t\u00ea\u0301, a\u0301p du\u0323ng trong ca\u0301c ngha\u0300nh c\u00f4ng nghi\u00ea\u0323p \u0111o l\u01b0\u1eddng.\u00a0<strong><em>Loadcell Z6FC3 50kg<\/em><\/strong>\u00a0c\u00f3 thi\u1ebft k\u1ebf hi\u1ec7n \u0111\u1ea1i, v\u1eadt li\u1ec7u ch\u1ea5t li\u1ec7u cao c\u1ea5p cho \u0111\u1ed9 b\u1ec1n cao.\u00a0<strong><em>Model Z6FC3 50kg<\/em><\/strong>\u00a0c\u00f3 th\u1ec3 ho\u1ea1t \u0111\u1ed9ng li\u00ean t\u1ee5c v\u00e0 \u1ed5n \u0111\u1ecbnh.\u00a0<strong><em>Loadcell Z6FC3 50kg<\/em><\/strong>\u00a0\u1ee9ng d\u1ee5ng trong c\u00e1c h\u1ec7 th\u1ed1ng \u0111o l\u01b0\u1eddng, c\u00e2n \u0111i\u1ec7n t\u1eed.<br \/>\nTh\u00f4ng s\u1ed1 k\u1ef9 thu\u1eadt:<br \/>\nModel:\u00a0<strong><em>Z6FC3 50kg<\/em><\/strong><br \/>\nT\u1ea3i tr\u1ecdng: 50 kg.<br \/>\nT\u00edn hi\u1ec7u ra: 2mV\/V<br \/>\nNhi\u1ec7t \u0111\u1ed9 ho\u1ea1t \u0111\u1ed9ng: -10 ~ 40<sup>o<\/sup>\u00a0C.<br \/>\nC\u1ea5p b\u1ea3o v\u1ec7: IP68.<\/p>\n<p>\u0110\u1ea1i l\u00fd HBM vietnam, HBM viet nam, HBM vietnam distributor, Ph\u00e2n ph\u1ed1i HBM t\u1ea1i vi\u1ec7t nam<\/p>\n<p>\u0110\u1ea1i l\u00fd HBM vietnam, HBM viet nam, HBM vietnam distributor, Ph\u00e2n ph\u1ed1i HBM t\u1ea1i vi\u1ec7t nam<\/p>\n<p>\u0110\u1ea1i l\u00fd HBM vietnam, HBM viet nam, HBM vietnam distributor, Ph\u00e2n ph\u1ed1i HBM t\u1ea1i vi\u1ec7t nam<\/p>\n","protected":false},"excerpt":{"rendered":"<p>HBM Z6FC3 50KG c\u1ea3m bi\u1ebfn c\u00e2n, load cell HBM Z6FC3 50kg, Z6FC3 100kg, Z6FC3 200kg Z6FC3-500KG, Z6FC3-1t Z6FC3-20KG, Z6FC3-50KG, Z6FC3-100KG, Z6FC3-200KG, Z6FC3-500KG, Z6FC3-1T Loadcell Z6FC3 50kg \u1ee9ng d\u1ee5ng trong c\u00e1c h\u1ec7 th\u1ed1ng c\u00e2n \u0111i\u1ec7n t\u1eed\u2026B\u1ea3o h\u00e0nh 12 th\u00e1ng. Load cell Z6FC3 50kg Z6FC3 50kg\u00a0la\u0300 loa\u0323i ca\u0309m bi\u00ea\u0301n do\u0300ng kinh t\u00ea\u0301,&hellip; <\/p>\n","protected":false},"featured_media":3617,"comment_status":"open","ping_status":"closed","template":"","meta":[],"product_cat":[390],"product_tag":[650,392,391],"class_list":{"0":"post-3616","1":"product","2":"type-product","3":"status-publish","4":"has-post-thumbnail","6":"product_cat-hbm","7":"product_tag-cam-bien-luc","8":"product_tag-dai-ly-hbm-viet-nam","9":"product_tag-hbm-viet-nam","11":"first","12":"instock","13":"shipping-taxable","14":"product-type-simple"},"yoast_head":"<!-- This site is optimized with the Yoast SEO plugin v22.8 - https:\/\/yoast.com\/wordpress\/plugins\/seo\/ -->\n<title>HBM Z6FC3 50KG - OMANI VI\u1ec6T NAM<\/title>\n<meta name=\"description\" content=\"HBM Z6FC3 50KG Load cell\" \/>\n<meta name=\"robots\" content=\"index, follow, max-snippet:-1, max-image-preview:large, max-video-preview:-1\" \/>\n<link rel=\"canonical\" href=\"https:\/\/omanivietnam.com\/index.php\/san-pham\/hbm-z6fc3-50kg\/\" \/>\n<meta property=\"og:locale\" content=\"vi_VN\" \/>\n<meta property=\"og:type\" content=\"article\" \/>\n<meta property=\"og:title\" content=\"HBM Z6FC3 50KG - OMANI VI\u1ec6T NAM\" \/>\n<meta property=\"og:description\" content=\"HBM Z6FC3 50KG Load cell\" \/>\n<meta property=\"og:url\" content=\"https:\/\/omanivietnam.com\/index.php\/san-pham\/hbm-z6fc3-50kg\/\" \/>\n<meta property=\"og:site_name\" content=\"OMANI VI\u1ec6T NAM\" \/>\n<meta property=\"article:modified_time\" content=\"2025-04-19T15:14:07+00:00\" \/>\n<meta property=\"og:image\" content=\"https:\/\/omanivietnam.com\/wp-content\/uploads\/2025\/04\/Z6FC3-50kg.png\" \/>\n\t<meta property=\"og:image:width\" content=\"635\" \/>\n\t<meta property=\"og:image:height\" content=\"428\" \/>\n\t<meta property=\"og:image:type\" content=\"image\/png\" \/>\n<meta name=\"twitter:card\" content=\"summary_large_image\" \/>\n<meta name=\"twitter:label1\" content=\"\u01af\u1edbc t\u00ednh th\u1eddi gian \u0111\u1ecdc\" \/>\n\t<meta name=\"twitter:data1\" content=\"2 ph\u00fat\" \/>\n<script type=\"application\/ld+json\" class=\"yoast-schema-graph\">{\"@context\":\"https:\/\/schema.org\",\"@graph\":[{\"@type\":\"WebPage\",\"@id\":\"https:\/\/omanivietnam.com\/index.php\/san-pham\/hbm-z6fc3-50kg\/\",\"url\":\"https:\/\/omanivietnam.com\/index.php\/san-pham\/hbm-z6fc3-50kg\/\",\"name\":\"HBM Z6FC3 50KG - OMANI VI\u1ec6T NAM\",\"isPartOf\":{\"@id\":\"https:\/\/omanivietnam.com\/#website\"},\"primaryImageOfPage\":{\"@id\":\"https:\/\/omanivietnam.com\/index.php\/san-pham\/hbm-z6fc3-50kg\/#primaryimage\"},\"image\":{\"@id\":\"https:\/\/omanivietnam.com\/index.php\/san-pham\/hbm-z6fc3-50kg\/#primaryimage\"},\"thumbnailUrl\":\"https:\/\/omanivietnam.com\/wp-content\/uploads\/2025\/04\/Z6FC3-50kg.png\",\"datePublished\":\"2025-04-19T15:06:47+00:00\",\"dateModified\":\"2025-04-19T15:14:07+00:00\",\"description\":\"HBM Z6FC3 50KG Load cell\",\"breadcrumb\":{\"@id\":\"https:\/\/omanivietnam.com\/index.php\/san-pham\/hbm-z6fc3-50kg\/#breadcrumb\"},\"inLanguage\":\"vi\",\"potentialAction\":[{\"@type\":\"ReadAction\",\"target\":[\"https:\/\/omanivietnam.com\/index.php\/san-pham\/hbm-z6fc3-50kg\/\"]}]},{\"@type\":\"ImageObject\",\"inLanguage\":\"vi\",\"@id\":\"https:\/\/omanivietnam.com\/index.php\/san-pham\/hbm-z6fc3-50kg\/#primaryimage\",\"url\":\"https:\/\/omanivietnam.com\/wp-content\/uploads\/2025\/04\/Z6FC3-50kg.png\",\"contentUrl\":\"https:\/\/omanivietnam.com\/wp-content\/uploads\/2025\/04\/Z6FC3-50kg.png\",\"width\":635,\"height\":428},{\"@type\":\"BreadcrumbList\",\"@id\":\"https:\/\/omanivietnam.com\/index.php\/san-pham\/hbm-z6fc3-50kg\/#breadcrumb\",\"itemListElement\":[{\"@type\":\"ListItem\",\"position\":1,\"name\":\"Home\",\"item\":\"https:\/\/omanivietnam.com\/\"},{\"@type\":\"ListItem\",\"position\":2,\"name\":\"S\u1ea2N PH\u1ea8M\",\"item\":\"https:\/\/omanivietnam.com\/index.php\/cua-hang\/\"},{\"@type\":\"ListItem\",\"position\":3,\"name\":\"HBM Z6FC3 50KG\"}]},{\"@type\":\"WebSite\",\"@id\":\"https:\/\/omanivietnam.com\/#website\",\"url\":\"https:\/\/omanivietnam.com\/\",\"name\":\"OMANI VI\u1ec6T NAM\",\"description\":\"Nh\u00e0 ph\u00e2n ph\u1ed1i thi\u1ebft b\u1ecb kh\u00ed n\u00e9n v\u00e0 thi\u1ebft b\u1ecb t\u1ef1 \u0111\u1ed9ng h\u00f3a trong c\u00f4ng nghi\u1ec7p\",\"publisher\":{\"@id\":\"https:\/\/omanivietnam.com\/#\/schema\/person\/0ad398a980dc3fd696111c2c5c8fa897\"},\"potentialAction\":[{\"@type\":\"SearchAction\",\"target\":{\"@type\":\"EntryPoint\",\"urlTemplate\":\"https:\/\/omanivietnam.com\/?s={search_term_string}\"},\"query-input\":\"required name=search_term_string\"}],\"inLanguage\":\"vi\"},{\"@type\":[\"Person\",\"Organization\"],\"@id\":\"https:\/\/omanivietnam.com\/#\/schema\/person\/0ad398a980dc3fd696111c2c5c8fa897\",\"name\":\"Nguy\u1ec5n V\u0103n Kh\u00e1nh\",\"image\":{\"@type\":\"ImageObject\",\"inLanguage\":\"vi\",\"@id\":\"https:\/\/omanivietnam.com\/#\/schema\/person\/image\/\",\"url\":\"https:\/\/omanivietnam.com\/wp-content\/uploads\/2024\/06\/logo-1024x1024.png\",\"contentUrl\":\"https:\/\/omanivietnam.com\/wp-content\/uploads\/2024\/06\/logo-1024x1024.png\",\"width\":1024,\"height\":1024,\"caption\":\"Nguy\u1ec5n V\u0103n Kh\u00e1nh\"},\"logo\":{\"@id\":\"https:\/\/omanivietnam.com\/#\/schema\/person\/image\/\"},\"sameAs\":[\"https:\/\/omanivietnam.com\"]}]}<\/script>\n<!-- \/ Yoast SEO plugin. -->","yoast_head_json":{"title":"HBM Z6FC3 50KG - OMANI VI\u1ec6T NAM","description":"HBM Z6FC3 50KG Load cell","robots":{"index":"index","follow":"follow","max-snippet":"max-snippet:-1","max-image-preview":"max-image-preview:large","max-video-preview":"max-video-preview:-1"},"canonical":"https:\/\/omanivietnam.com\/index.php\/san-pham\/hbm-z6fc3-50kg\/","og_locale":"vi_VN","og_type":"article","og_title":"HBM Z6FC3 50KG - OMANI VI\u1ec6T NAM","og_description":"HBM Z6FC3 50KG Load cell","og_url":"https:\/\/omanivietnam.com\/index.php\/san-pham\/hbm-z6fc3-50kg\/","og_site_name":"OMANI VI\u1ec6T NAM","article_modified_time":"2025-04-19T15:14:07+00:00","og_image":[{"width":635,"height":428,"url":"https:\/\/omanivietnam.com\/wp-content\/uploads\/2025\/04\/Z6FC3-50kg.png","type":"image\/png"}],"twitter_card":"summary_large_image","twitter_misc":{"\u01af\u1edbc t\u00ednh th\u1eddi gian \u0111\u1ecdc":"2 ph\u00fat"},"schema":{"@context":"https:\/\/schema.org","@graph":[{"@type":"WebPage","@id":"https:\/\/omanivietnam.com\/index.php\/san-pham\/hbm-z6fc3-50kg\/","url":"https:\/\/omanivietnam.com\/index.php\/san-pham\/hbm-z6fc3-50kg\/","name":"HBM Z6FC3 50KG - OMANI VI\u1ec6T NAM","isPartOf":{"@id":"https:\/\/omanivietnam.com\/#website"},"primaryImageOfPage":{"@id":"https:\/\/omanivietnam.com\/index.php\/san-pham\/hbm-z6fc3-50kg\/#primaryimage"},"image":{"@id":"https:\/\/omanivietnam.com\/index.php\/san-pham\/hbm-z6fc3-50kg\/#primaryimage"},"thumbnailUrl":"https:\/\/omanivietnam.com\/wp-content\/uploads\/2025\/04\/Z6FC3-50kg.png","datePublished":"2025-04-19T15:06:47+00:00","dateModified":"2025-04-19T15:14:07+00:00","description":"HBM Z6FC3 50KG Load cell","breadcrumb":{"@id":"https:\/\/omanivietnam.com\/index.php\/san-pham\/hbm-z6fc3-50kg\/#breadcrumb"},"inLanguage":"vi","potentialAction":[{"@type":"ReadAction","target":["https:\/\/omanivietnam.com\/index.php\/san-pham\/hbm-z6fc3-50kg\/"]}]},{"@type":"ImageObject","inLanguage":"vi","@id":"https:\/\/omanivietnam.com\/index.php\/san-pham\/hbm-z6fc3-50kg\/#primaryimage","url":"https:\/\/omanivietnam.com\/wp-content\/uploads\/2025\/04\/Z6FC3-50kg.png","contentUrl":"https:\/\/omanivietnam.com\/wp-content\/uploads\/2025\/04\/Z6FC3-50kg.png","width":635,"height":428},{"@type":"BreadcrumbList","@id":"https:\/\/omanivietnam.com\/index.php\/san-pham\/hbm-z6fc3-50kg\/#breadcrumb","itemListElement":[{"@type":"ListItem","position":1,"name":"Home","item":"https:\/\/omanivietnam.com\/"},{"@type":"ListItem","position":2,"name":"S\u1ea2N PH\u1ea8M","item":"https:\/\/omanivietnam.com\/index.php\/cua-hang\/"},{"@type":"ListItem","position":3,"name":"HBM Z6FC3 50KG"}]},{"@type":"WebSite","@id":"https:\/\/omanivietnam.com\/#website","url":"https:\/\/omanivietnam.com\/","name":"OMANI VI\u1ec6T NAM","description":"Nh\u00e0 ph\u00e2n ph\u1ed1i thi\u1ebft b\u1ecb kh\u00ed n\u00e9n v\u00e0 thi\u1ebft b\u1ecb t\u1ef1 \u0111\u1ed9ng h\u00f3a trong c\u00f4ng nghi\u1ec7p","publisher":{"@id":"https:\/\/omanivietnam.com\/#\/schema\/person\/0ad398a980dc3fd696111c2c5c8fa897"},"potentialAction":[{"@type":"SearchAction","target":{"@type":"EntryPoint","urlTemplate":"https:\/\/omanivietnam.com\/?s={search_term_string}"},"query-input":"required name=search_term_string"}],"inLanguage":"vi"},{"@type":["Person","Organization"],"@id":"https:\/\/omanivietnam.com\/#\/schema\/person\/0ad398a980dc3fd696111c2c5c8fa897","name":"Nguy\u1ec5n V\u0103n Kh\u00e1nh","image":{"@type":"ImageObject","inLanguage":"vi","@id":"https:\/\/omanivietnam.com\/#\/schema\/person\/image\/","url":"https:\/\/omanivietnam.com\/wp-content\/uploads\/2024\/06\/logo-1024x1024.png","contentUrl":"https:\/\/omanivietnam.com\/wp-content\/uploads\/2024\/06\/logo-1024x1024.png","width":1024,"height":1024,"caption":"Nguy\u1ec5n V\u0103n Kh\u00e1nh"},"logo":{"@id":"https:\/\/omanivietnam.com\/#\/schema\/person\/image\/"},"sameAs":["https:\/\/omanivietnam.com"]}]}},"_links":{"self":[{"href":"https:\/\/omanivietnam.com\/index.php\/wp-json\/wp\/v2\/product\/3616","targetHints":{"allow":["GET"]}}],"collection":[{"href":"https:\/\/omanivietnam.com\/index.php\/wp-json\/wp\/v2\/product"}],"about":[{"href":"https:\/\/omanivietnam.com\/index.php\/wp-json\/wp\/v2\/types\/product"}],"replies":[{"embeddable":true,"href":"https:\/\/omanivietnam.com\/index.php\/wp-json\/wp\/v2\/comments?post=3616"}],"wp:featuredmedia":[{"embeddable":true,"href":"https:\/\/omanivietnam.com\/index.php\/wp-json\/wp\/v2\/media\/3617"}],"wp:attachment":[{"href":"https:\/\/omanivietnam.com\/index.php\/wp-json\/wp\/v2\/media?parent=3616"}],"wp:term":[{"taxonomy":"product_cat","embeddable":true,"href":"https:\/\/omanivietnam.com\/index.php\/wp-json\/wp\/v2\/product_cat?post=3616"},{"taxonomy":"product_tag","embeddable":true,"href":"https:\/\/omanivietnam.com\/index.php\/wp-json\/wp\/v2\/product_tag?post=3616"}],"curies":[{"name":"wp","href":"https:\/\/api.w.org\/{rel}","templated":true}]}}