{"id":3624,"date":"2025-04-20T13:14:59","date_gmt":"2025-04-20T06:14:59","guid":{"rendered":"https:\/\/omanivietnam.com\/?post_type=product&#038;p=3624"},"modified":"2025-04-20T13:14:59","modified_gmt":"2025-04-20T06:14:59","slug":"camozzi-mx2-1-2-fr0004","status":"publish","type":"product","link":"https:\/\/omanivietnam.com\/index.php\/san-pham\/camozzi-mx2-1-2-fr0004\/","title":{"rendered":"CAMOZZI MX2-1\/2-FR0004"},"content":{"rendered":"<p>CAMOZZI MX2-1\/2-FR0004<\/p>\n<p>CAMOZZI MX2-1\/2-FR1304<\/p>\n<p class=\"product-title\">COMPACT FILTER-REGULATOR REF. CAMOZZI MX2-1\/2-FR1304<\/p>\n<table class=\"ListTable\" border=\"0\" cellspacing=\"0\" cellpadding=\"0\">\n<tbody>\n<tr class=\"bgcolor01\" valign=\"top\">\n<td class=\"txtsx newlinetobr grassetto\">Construction<\/td>\n<td class=\"txtsx newlinetobr w70perc\">modular, compact with filtering element in HDPE<\/td>\n<\/tr>\n<tr class=\"bgcolor02\" valign=\"top\">\n<td class=\"txtsx newlinetobr grassetto\">Materials<\/td>\n<td class=\"txtsx newlinetobr w70perc\">see TABLE OF MATERIALS on the following page<\/td>\n<\/tr>\n<tr class=\"bgcolor01\" valign=\"top\">\n<td class=\"txtsx newlinetobr grassetto\">Ports<\/td>\n<td class=\"txtsx newlinetobr w70perc\">MX2: G3\/8 &#8211; G1\/2 &#8211; G3\/4 &#8211; MX3: G3\/4 &#8211; G1<\/td>\n<\/tr>\n<tr class=\"bgcolor02\" valign=\"top\">\n<td class=\"txtsx newlinetobr grassetto\">Condensate capacity<\/td>\n<td class=\"txtsx newlinetobr w70perc\">MX2: 55 cc &#8211; MX3: 85 cc<\/td>\n<\/tr>\n<tr class=\"bgcolor01\" valign=\"top\">\n<td class=\"txtsx newlinetobr grassetto\">Mounting<\/td>\n<td class=\"txtsx newlinetobr w70perc\">vertical in-line, wall-mounting (by means of clamps), panel mounting<\/td>\n<\/tr>\n<tr class=\"bgcolor02\" valign=\"top\">\n<td class=\"txtsx newlinetobr grassetto\">Operating temperature<\/td>\n<td class=\"txtsx newlinetobr w70perc\">-5\u00b0C \u00f7 50\u00b0C up to 16 bar (with the dew point of the fluid lower than 2\u00b0C at the min. working temperature) -5\u00b0C \u00f7 60\u00b0C up to 10 bar (with the dew point of the fluid lower than 2\u00b0C at the min. working temperature)<\/td>\n<\/tr>\n<tr class=\"bgcolor01\" valign=\"top\">\n<td class=\"txtsx newlinetobr grassetto\">Quality of delivered air according to ISO 8573-1:2010<\/td>\n<td class=\"txtsx newlinetobr w70perc\">Class 6.8.4 with 5 \u03bcm filtering element Class 7.8.4 with 25 \u03bcm filtering element<\/td>\n<\/tr>\n<tr class=\"bgcolor02\" valign=\"top\">\n<td class=\"txtsx newlinetobr grassetto\">Draining of condensate<\/td>\n<td class=\"txtsx newlinetobr w70perc\">MX2: manual-semi automatic (standard), automatic, depressurization protected, direct G1\/8 exhaust MX3: manual-semi automatic (standard), automatic, direct G1\/8 exhaust<\/td>\n<\/tr>\n<tr class=\"bgcolor01\" valign=\"top\">\n<td class=\"txtsx newlinetobr grassetto\">Inlet pressure<\/td>\n<td class=\"txtsx newlinetobr w70perc\">0.3 \u00f7 16 bar (with automatic drain 1.5 \u00f7 12)<\/td>\n<\/tr>\n<tr class=\"bgcolor02\" valign=\"top\">\n<td class=\"txtsx newlinetobr grassetto\">Nominal flow<\/td>\n<td class=\"txtsx newlinetobr w70perc\">see FLOW DIAGRAMS on the following pages<\/td>\n<\/tr>\n<tr class=\"bgcolor01\" valign=\"top\">\n<td class=\"txtsx newlinetobr grassetto\">Fluid<\/td>\n<td class=\"txtsx newlinetobr w70perc\">compressed air<\/td>\n<\/tr>\n<tr class=\"bgcolor02\" valign=\"top\">\n<td class=\"txtsx newlinetobr grassetto\">Pressure gauge<\/td>\n<td class=\"txtsx newlinetobr w70perc\">built-in pressure gauge (standard) with G1\/4 port (MX3 only) or G1\/8 port (MX2 only)<\/td>\n<\/tr>\n<\/tbody>\n<\/table>\n<p>&nbsp;<\/p>\n","protected":false},"excerpt":{"rendered":"<p>CAMOZZI MX2-1\/2-FR0004 CAMOZZI MX2-1\/2-FR1304 COMPACT FILTER-REGULATOR REF. CAMOZZI MX2-1\/2-FR1304 Construction modular, compact with filtering element in HDPE Materials see TABLE OF MATERIALS on the following page Ports MX2: G3\/8 &#8211; G1\/2 &#8211; G3\/4 &#8211; MX3: G3\/4 &#8211; G1 Condensate capacity MX2: 55 cc &#8211; MX3: 85 cc Mounting vertical in-line,&hellip; <\/p>\n","protected":false},"featured_media":3625,"comment_status":"open","ping_status":"closed","template":"","meta":[],"product_cat":[301],"product_tag":[96,97,350],"class_list":{"0":"post-3624","1":"product","2":"type-product","3":"status-publish","4":"has-post-thumbnail","6":"product_cat-camozzi","7":"product_tag-camozzi-viet-nam","8":"product_tag-dai-ly-camozzi-viet-nam","9":"product_tag-thiet-bi-loc-khi","11":"first","12":"instock","13":"shipping-taxable","14":"product-type-simple"},"yoast_head":"<!-- This site is optimized with the Yoast SEO plugin v22.8 - https:\/\/yoast.com\/wordpress\/plugins\/seo\/ -->\n<title>CAMOZZI MX2-1\/2-FR0004 - OMANI VI\u1ec6T NAM<\/title>\n<meta name=\"description\" content=\"CAMOZZI MX2-1\/2-FR0004 filter-regulator\" \/>\n<meta name=\"robots\" content=\"index, follow, max-snippet:-1, max-image-preview:large, max-video-preview:-1\" \/>\n<link rel=\"canonical\" href=\"https:\/\/omanivietnam.com\/index.php\/san-pham\/camozzi-mx2-1-2-fr0004\/\" \/>\n<meta property=\"og:locale\" content=\"vi_VN\" \/>\n<meta property=\"og:type\" content=\"article\" \/>\n<meta property=\"og:title\" content=\"CAMOZZI MX2-1\/2-FR0004 - OMANI VI\u1ec6T NAM\" \/>\n<meta property=\"og:description\" content=\"CAMOZZI MX2-1\/2-FR0004 filter-regulator\" \/>\n<meta property=\"og:url\" content=\"https:\/\/omanivietnam.com\/index.php\/san-pham\/camozzi-mx2-1-2-fr0004\/\" \/>\n<meta property=\"og:site_name\" content=\"OMANI VI\u1ec6T NAM\" \/>\n<meta property=\"og:image\" content=\"https:\/\/omanivietnam.com\/wp-content\/uploads\/2025\/04\/MX2-1.2-FR0004.png\" \/>\n\t<meta property=\"og:image:width\" content=\"622\" \/>\n\t<meta property=\"og:image:height\" content=\"1038\" \/>\n\t<meta property=\"og:image:type\" content=\"image\/png\" \/>\n<meta name=\"twitter:card\" content=\"summary_large_image\" \/>\n<meta name=\"twitter:label1\" content=\"\u01af\u1edbc t\u00ednh th\u1eddi gian \u0111\u1ecdc\" \/>\n\t<meta name=\"twitter:data1\" content=\"2 ph\u00fat\" \/>\n<script type=\"application\/ld+json\" class=\"yoast-schema-graph\">{\"@context\":\"https:\/\/schema.org\",\"@graph\":[{\"@type\":\"WebPage\",\"@id\":\"https:\/\/omanivietnam.com\/index.php\/san-pham\/camozzi-mx2-1-2-fr0004\/\",\"url\":\"https:\/\/omanivietnam.com\/index.php\/san-pham\/camozzi-mx2-1-2-fr0004\/\",\"name\":\"CAMOZZI MX2-1\/2-FR0004 - OMANI VI\u1ec6T NAM\",\"isPartOf\":{\"@id\":\"https:\/\/omanivietnam.com\/#website\"},\"primaryImageOfPage\":{\"@id\":\"https:\/\/omanivietnam.com\/index.php\/san-pham\/camozzi-mx2-1-2-fr0004\/#primaryimage\"},\"image\":{\"@id\":\"https:\/\/omanivietnam.com\/index.php\/san-pham\/camozzi-mx2-1-2-fr0004\/#primaryimage\"},\"thumbnailUrl\":\"https:\/\/omanivietnam.com\/wp-content\/uploads\/2025\/04\/MX2-1.2-FR0004.png\",\"datePublished\":\"2025-04-20T06:14:59+00:00\",\"dateModified\":\"2025-04-20T06:14:59+00:00\",\"description\":\"CAMOZZI MX2-1\/2-FR0004 filter-regulator\",\"breadcrumb\":{\"@id\":\"https:\/\/omanivietnam.com\/index.php\/san-pham\/camozzi-mx2-1-2-fr0004\/#breadcrumb\"},\"inLanguage\":\"vi\",\"potentialAction\":[{\"@type\":\"ReadAction\",\"target\":[\"https:\/\/omanivietnam.com\/index.php\/san-pham\/camozzi-mx2-1-2-fr0004\/\"]}]},{\"@type\":\"ImageObject\",\"inLanguage\":\"vi\",\"@id\":\"https:\/\/omanivietnam.com\/index.php\/san-pham\/camozzi-mx2-1-2-fr0004\/#primaryimage\",\"url\":\"https:\/\/omanivietnam.com\/wp-content\/uploads\/2025\/04\/MX2-1.2-FR0004.png\",\"contentUrl\":\"https:\/\/omanivietnam.com\/wp-content\/uploads\/2025\/04\/MX2-1.2-FR0004.png\",\"width\":622,\"height\":1038},{\"@type\":\"BreadcrumbList\",\"@id\":\"https:\/\/omanivietnam.com\/index.php\/san-pham\/camozzi-mx2-1-2-fr0004\/#breadcrumb\",\"itemListElement\":[{\"@type\":\"ListItem\",\"position\":1,\"name\":\"Home\",\"item\":\"https:\/\/omanivietnam.com\/\"},{\"@type\":\"ListItem\",\"position\":2,\"name\":\"S\u1ea2N PH\u1ea8M\",\"item\":\"https:\/\/omanivietnam.com\/index.php\/cua-hang\/\"},{\"@type\":\"ListItem\",\"position\":3,\"name\":\"CAMOZZI MX2-1\/2-FR0004\"}]},{\"@type\":\"WebSite\",\"@id\":\"https:\/\/omanivietnam.com\/#website\",\"url\":\"https:\/\/omanivietnam.com\/\",\"name\":\"OMANI VI\u1ec6T NAM\",\"description\":\"Nh\u00e0 ph\u00e2n ph\u1ed1i thi\u1ebft b\u1ecb kh\u00ed n\u00e9n v\u00e0 thi\u1ebft b\u1ecb t\u1ef1 \u0111\u1ed9ng h\u00f3a trong c\u00f4ng nghi\u1ec7p\",\"publisher\":{\"@id\":\"https:\/\/omanivietnam.com\/#\/schema\/person\/0ad398a980dc3fd696111c2c5c8fa897\"},\"potentialAction\":[{\"@type\":\"SearchAction\",\"target\":{\"@type\":\"EntryPoint\",\"urlTemplate\":\"https:\/\/omanivietnam.com\/?s={search_term_string}\"},\"query-input\":\"required name=search_term_string\"}],\"inLanguage\":\"vi\"},{\"@type\":[\"Person\",\"Organization\"],\"@id\":\"https:\/\/omanivietnam.com\/#\/schema\/person\/0ad398a980dc3fd696111c2c5c8fa897\",\"name\":\"Nguy\u1ec5n V\u0103n Kh\u00e1nh\",\"image\":{\"@type\":\"ImageObject\",\"inLanguage\":\"vi\",\"@id\":\"https:\/\/omanivietnam.com\/#\/schema\/person\/image\/\",\"url\":\"https:\/\/omanivietnam.com\/wp-content\/uploads\/2024\/06\/logo-1024x1024.png\",\"contentUrl\":\"https:\/\/omanivietnam.com\/wp-content\/uploads\/2024\/06\/logo-1024x1024.png\",\"width\":1024,\"height\":1024,\"caption\":\"Nguy\u1ec5n V\u0103n Kh\u00e1nh\"},\"logo\":{\"@id\":\"https:\/\/omanivietnam.com\/#\/schema\/person\/image\/\"},\"sameAs\":[\"https:\/\/omanivietnam.com\"]}]}<\/script>\n<!-- \/ Yoast SEO plugin. -->","yoast_head_json":{"title":"CAMOZZI MX2-1\/2-FR0004 - OMANI VI\u1ec6T NAM","description":"CAMOZZI MX2-1\/2-FR0004 filter-regulator","robots":{"index":"index","follow":"follow","max-snippet":"max-snippet:-1","max-image-preview":"max-image-preview:large","max-video-preview":"max-video-preview:-1"},"canonical":"https:\/\/omanivietnam.com\/index.php\/san-pham\/camozzi-mx2-1-2-fr0004\/","og_locale":"vi_VN","og_type":"article","og_title":"CAMOZZI MX2-1\/2-FR0004 - OMANI VI\u1ec6T NAM","og_description":"CAMOZZI MX2-1\/2-FR0004 filter-regulator","og_url":"https:\/\/omanivietnam.com\/index.php\/san-pham\/camozzi-mx2-1-2-fr0004\/","og_site_name":"OMANI VI\u1ec6T NAM","og_image":[{"width":622,"height":1038,"url":"https:\/\/omanivietnam.com\/wp-content\/uploads\/2025\/04\/MX2-1.2-FR0004.png","type":"image\/png"}],"twitter_card":"summary_large_image","twitter_misc":{"\u01af\u1edbc t\u00ednh th\u1eddi gian \u0111\u1ecdc":"2 ph\u00fat"},"schema":{"@context":"https:\/\/schema.org","@graph":[{"@type":"WebPage","@id":"https:\/\/omanivietnam.com\/index.php\/san-pham\/camozzi-mx2-1-2-fr0004\/","url":"https:\/\/omanivietnam.com\/index.php\/san-pham\/camozzi-mx2-1-2-fr0004\/","name":"CAMOZZI MX2-1\/2-FR0004 - OMANI VI\u1ec6T NAM","isPartOf":{"@id":"https:\/\/omanivietnam.com\/#website"},"primaryImageOfPage":{"@id":"https:\/\/omanivietnam.com\/index.php\/san-pham\/camozzi-mx2-1-2-fr0004\/#primaryimage"},"image":{"@id":"https:\/\/omanivietnam.com\/index.php\/san-pham\/camozzi-mx2-1-2-fr0004\/#primaryimage"},"thumbnailUrl":"https:\/\/omanivietnam.com\/wp-content\/uploads\/2025\/04\/MX2-1.2-FR0004.png","datePublished":"2025-04-20T06:14:59+00:00","dateModified":"2025-04-20T06:14:59+00:00","description":"CAMOZZI MX2-1\/2-FR0004 filter-regulator","breadcrumb":{"@id":"https:\/\/omanivietnam.com\/index.php\/san-pham\/camozzi-mx2-1-2-fr0004\/#breadcrumb"},"inLanguage":"vi","potentialAction":[{"@type":"ReadAction","target":["https:\/\/omanivietnam.com\/index.php\/san-pham\/camozzi-mx2-1-2-fr0004\/"]}]},{"@type":"ImageObject","inLanguage":"vi","@id":"https:\/\/omanivietnam.com\/index.php\/san-pham\/camozzi-mx2-1-2-fr0004\/#primaryimage","url":"https:\/\/omanivietnam.com\/wp-content\/uploads\/2025\/04\/MX2-1.2-FR0004.png","contentUrl":"https:\/\/omanivietnam.com\/wp-content\/uploads\/2025\/04\/MX2-1.2-FR0004.png","width":622,"height":1038},{"@type":"BreadcrumbList","@id":"https:\/\/omanivietnam.com\/index.php\/san-pham\/camozzi-mx2-1-2-fr0004\/#breadcrumb","itemListElement":[{"@type":"ListItem","position":1,"name":"Home","item":"https:\/\/omanivietnam.com\/"},{"@type":"ListItem","position":2,"name":"S\u1ea2N PH\u1ea8M","item":"https:\/\/omanivietnam.com\/index.php\/cua-hang\/"},{"@type":"ListItem","position":3,"name":"CAMOZZI MX2-1\/2-FR0004"}]},{"@type":"WebSite","@id":"https:\/\/omanivietnam.com\/#website","url":"https:\/\/omanivietnam.com\/","name":"OMANI VI\u1ec6T NAM","description":"Nh\u00e0 ph\u00e2n ph\u1ed1i thi\u1ebft b\u1ecb kh\u00ed n\u00e9n v\u00e0 thi\u1ebft b\u1ecb t\u1ef1 \u0111\u1ed9ng h\u00f3a trong c\u00f4ng nghi\u1ec7p","publisher":{"@id":"https:\/\/omanivietnam.com\/#\/schema\/person\/0ad398a980dc3fd696111c2c5c8fa897"},"potentialAction":[{"@type":"SearchAction","target":{"@type":"EntryPoint","urlTemplate":"https:\/\/omanivietnam.com\/?s={search_term_string}"},"query-input":"required name=search_term_string"}],"inLanguage":"vi"},{"@type":["Person","Organization"],"@id":"https:\/\/omanivietnam.com\/#\/schema\/person\/0ad398a980dc3fd696111c2c5c8fa897","name":"Nguy\u1ec5n V\u0103n Kh\u00e1nh","image":{"@type":"ImageObject","inLanguage":"vi","@id":"https:\/\/omanivietnam.com\/#\/schema\/person\/image\/","url":"https:\/\/omanivietnam.com\/wp-content\/uploads\/2024\/06\/logo-1024x1024.png","contentUrl":"https:\/\/omanivietnam.com\/wp-content\/uploads\/2024\/06\/logo-1024x1024.png","width":1024,"height":1024,"caption":"Nguy\u1ec5n V\u0103n Kh\u00e1nh"},"logo":{"@id":"https:\/\/omanivietnam.com\/#\/schema\/person\/image\/"},"sameAs":["https:\/\/omanivietnam.com"]}]}},"_links":{"self":[{"href":"https:\/\/omanivietnam.com\/index.php\/wp-json\/wp\/v2\/product\/3624","targetHints":{"allow":["GET"]}}],"collection":[{"href":"https:\/\/omanivietnam.com\/index.php\/wp-json\/wp\/v2\/product"}],"about":[{"href":"https:\/\/omanivietnam.com\/index.php\/wp-json\/wp\/v2\/types\/product"}],"replies":[{"embeddable":true,"href":"https:\/\/omanivietnam.com\/index.php\/wp-json\/wp\/v2\/comments?post=3624"}],"wp:featuredmedia":[{"embeddable":true,"href":"https:\/\/omanivietnam.com\/index.php\/wp-json\/wp\/v2\/media\/3625"}],"wp:attachment":[{"href":"https:\/\/omanivietnam.com\/index.php\/wp-json\/wp\/v2\/media?parent=3624"}],"wp:term":[{"taxonomy":"product_cat","embeddable":true,"href":"https:\/\/omanivietnam.com\/index.php\/wp-json\/wp\/v2\/product_cat?post=3624"},{"taxonomy":"product_tag","embeddable":true,"href":"https:\/\/omanivietnam.com\/index.php\/wp-json\/wp\/v2\/product_tag?post=3624"}],"curies":[{"name":"wp","href":"https:\/\/api.w.org\/{rel}","templated":true}]}}