{"id":3626,"date":"2025-04-20T13:26:58","date_gmt":"2025-04-20T06:26:58","guid":{"rendered":"https:\/\/omanivietnam.com\/?post_type=product&#038;p=3626"},"modified":"2025-04-20T13:26:58","modified_gmt":"2025-04-20T06:26:58","slug":"burkert00184043","status":"publish","type":"product","link":"https:\/\/omanivietnam.com\/index.php\/san-pham\/burkert00184043\/","title":{"rendered":"BURKERT\t00184043"},"content":{"rendered":"<p>BURKERT 00184043 DC24V<\/p>\n<p class=\"tE7R7 indIKd q23Yce fA1vYb cS4Vcb-pGL6qe-fwJd0c\">BURKERT 00205937 AC110V<\/p>\n<p class=\"tE7R7 indIKd q23Yce fA1vYb cS4Vcb-pGL6qe-fwJd0c\">BURKERT 00224726<\/p>\n<p class=\"tE7R7 indIKd q23Yce fA1vYb cS4Vcb-pGL6qe-fwJd0c\">BURKERT 00186260<\/p>\n<p>3\/2-WAY-PNEUMATIC VALVE 10 MM 6524-C04,0-FM14-0000-Z0-024\/BA-AA * JB17+JF80<\/p>\n<p>Technical data 3\/2 way valve 2\u00d73\/2 way valve<br \/>\nOrifice DN4.0<br \/>\nBody material PPS, PA<br \/>\nSeal material FKM, NBR<br \/>\nMedium Lubricated, oilfree, dry compressed air; neutral gases<br \/>\n(5 \u00b5m filter recommended)<br \/>\nMedium temperature -10\u2026+50 \u00b0C<br \/>\nAmbient temperature -10\u2026+55 \u00b0C<br \/>\nManual override Standard<br \/>\nPort connection Flange for MP11<br \/>\nPneumatic module Type MP11 with M5, M7, push-in connection \u00d8 6 mm<br \/>\nVoltage tolerance \u00b110%<br \/>\nCycle rate approx. 1000 c.p.m.<br \/>\nVoltage 24 V DC *<br \/>\nNominal power 0.8 W 2\u00d70.8 W<br \/>\nDuty cycle Continuous operation (100% ED)<br \/>\nElectrical connection on valve Rectangular plug with 2 pin<br \/>\nraster 5.08 mm<br \/>\nRectangular plug with 3<br \/>\npin raster 2.54 mm<br \/>\nType of protection IP40 with rectangular plug<br \/>\nProtection class 3 acc. to VDE 0580<br \/>\nWeight 20 g 40 g<br \/>\nMounting with 2 screws M2 x 20 with 2 screws M2 x 28<br \/>\nInstallation As required, preferably with actuator upright<br \/>\n* 10% residual ripple allowed<br \/>\nResponse times [ms]<br \/>\nOpening<br \/>\nClosing<br \/>\nMeasurement acc. to ISO 12238<br \/>\n&lt;10 ms<br \/>\n&lt;10 ms<br \/>\nType MKRS<br \/>\nRedundancy bloc<br \/>\n6524<br \/>\np. 2\/7<br \/>\nDimensions [mm] 3\/2 way sole<\/p>\n","protected":false},"excerpt":{"rendered":"<p>BURKERT 00184043 DC24V BURKERT 00205937 AC110V BURKERT 00224726 BURKERT 00186260 3\/2-WAY-PNEUMATIC VALVE 10 MM 6524-C04,0-FM14-0000-Z0-024\/BA-AA * JB17+JF80 Technical data 3\/2 way valve 2\u00d73\/2 way valve Orifice DN4.0 Body material PPS, PA Seal material FKM, NBR Medium Lubricated, oilfree, dry compressed air; neutral gases (5 \u00b5m filter recommended) Medium temperature -10\u2026+50&hellip; <\/p>\n","protected":false},"featured_media":3627,"comment_status":"open","ping_status":"closed","template":"","meta":[],"product_cat":[707],"product_tag":[708,709,451],"class_list":{"0":"post-3626","1":"product","2":"type-product","3":"status-publish","4":"has-post-thumbnail","6":"product_cat-burkert","7":"product_tag-burkert-viet-nam","8":"product_tag-dai-ly-burkert-viet-nam","9":"product_tag-van","11":"first","12":"instock","13":"shipping-taxable","14":"product-type-simple"},"yoast_head":"<!-- This site is optimized with the Yoast SEO plugin v22.8 - https:\/\/yoast.com\/wordpress\/plugins\/seo\/ -->\n<title>BURKERT 00184043 - OMANI VI\u1ec6T NAM<\/title>\n<meta name=\"description\" content=\"BURKERT 00184043 Solenoid Valve\" \/>\n<meta name=\"robots\" content=\"index, follow, max-snippet:-1, max-image-preview:large, max-video-preview:-1\" \/>\n<link rel=\"canonical\" href=\"https:\/\/omanivietnam.com\/index.php\/san-pham\/burkert00184043\/\" \/>\n<meta property=\"og:locale\" content=\"vi_VN\" \/>\n<meta property=\"og:type\" content=\"article\" \/>\n<meta property=\"og:title\" content=\"BURKERT 00184043 - OMANI VI\u1ec6T NAM\" \/>\n<meta property=\"og:description\" content=\"BURKERT 00184043 Solenoid Valve\" \/>\n<meta property=\"og:url\" content=\"https:\/\/omanivietnam.com\/index.php\/san-pham\/burkert00184043\/\" \/>\n<meta property=\"og:site_name\" content=\"OMANI VI\u1ec6T NAM\" \/>\n<meta property=\"og:image\" content=\"https:\/\/omanivietnam.com\/wp-content\/uploads\/2025\/04\/00184043.png\" \/>\n\t<meta property=\"og:image:width\" content=\"1023\" \/>\n\t<meta property=\"og:image:height\" content=\"734\" \/>\n\t<meta property=\"og:image:type\" content=\"image\/png\" \/>\n<meta name=\"twitter:card\" content=\"summary_large_image\" \/>\n<meta name=\"twitter:label1\" content=\"\u01af\u1edbc t\u00ednh th\u1eddi gian \u0111\u1ecdc\" \/>\n\t<meta name=\"twitter:data1\" content=\"2 ph\u00fat\" \/>\n<script type=\"application\/ld+json\" class=\"yoast-schema-graph\">{\"@context\":\"https:\/\/schema.org\",\"@graph\":[{\"@type\":\"WebPage\",\"@id\":\"https:\/\/omanivietnam.com\/index.php\/san-pham\/burkert00184043\/\",\"url\":\"https:\/\/omanivietnam.com\/index.php\/san-pham\/burkert00184043\/\",\"name\":\"BURKERT 00184043 - OMANI VI\u1ec6T NAM\",\"isPartOf\":{\"@id\":\"https:\/\/omanivietnam.com\/#website\"},\"primaryImageOfPage\":{\"@id\":\"https:\/\/omanivietnam.com\/index.php\/san-pham\/burkert00184043\/#primaryimage\"},\"image\":{\"@id\":\"https:\/\/omanivietnam.com\/index.php\/san-pham\/burkert00184043\/#primaryimage\"},\"thumbnailUrl\":\"https:\/\/omanivietnam.com\/wp-content\/uploads\/2025\/04\/00184043.png\",\"datePublished\":\"2025-04-20T06:26:58+00:00\",\"dateModified\":\"2025-04-20T06:26:58+00:00\",\"description\":\"BURKERT 00184043 Solenoid Valve\",\"breadcrumb\":{\"@id\":\"https:\/\/omanivietnam.com\/index.php\/san-pham\/burkert00184043\/#breadcrumb\"},\"inLanguage\":\"vi\",\"potentialAction\":[{\"@type\":\"ReadAction\",\"target\":[\"https:\/\/omanivietnam.com\/index.php\/san-pham\/burkert00184043\/\"]}]},{\"@type\":\"ImageObject\",\"inLanguage\":\"vi\",\"@id\":\"https:\/\/omanivietnam.com\/index.php\/san-pham\/burkert00184043\/#primaryimage\",\"url\":\"https:\/\/omanivietnam.com\/wp-content\/uploads\/2025\/04\/00184043.png\",\"contentUrl\":\"https:\/\/omanivietnam.com\/wp-content\/uploads\/2025\/04\/00184043.png\",\"width\":1023,\"height\":734},{\"@type\":\"BreadcrumbList\",\"@id\":\"https:\/\/omanivietnam.com\/index.php\/san-pham\/burkert00184043\/#breadcrumb\",\"itemListElement\":[{\"@type\":\"ListItem\",\"position\":1,\"name\":\"Home\",\"item\":\"https:\/\/omanivietnam.com\/\"},{\"@type\":\"ListItem\",\"position\":2,\"name\":\"S\u1ea2N PH\u1ea8M\",\"item\":\"https:\/\/omanivietnam.com\/index.php\/cua-hang\/\"},{\"@type\":\"ListItem\",\"position\":3,\"name\":\"BURKERT 00184043\"}]},{\"@type\":\"WebSite\",\"@id\":\"https:\/\/omanivietnam.com\/#website\",\"url\":\"https:\/\/omanivietnam.com\/\",\"name\":\"OMANI VI\u1ec6T NAM\",\"description\":\"Nh\u00e0 ph\u00e2n ph\u1ed1i thi\u1ebft b\u1ecb kh\u00ed n\u00e9n v\u00e0 thi\u1ebft b\u1ecb t\u1ef1 \u0111\u1ed9ng h\u00f3a trong c\u00f4ng nghi\u1ec7p\",\"publisher\":{\"@id\":\"https:\/\/omanivietnam.com\/#\/schema\/person\/0ad398a980dc3fd696111c2c5c8fa897\"},\"potentialAction\":[{\"@type\":\"SearchAction\",\"target\":{\"@type\":\"EntryPoint\",\"urlTemplate\":\"https:\/\/omanivietnam.com\/?s={search_term_string}\"},\"query-input\":\"required name=search_term_string\"}],\"inLanguage\":\"vi\"},{\"@type\":[\"Person\",\"Organization\"],\"@id\":\"https:\/\/omanivietnam.com\/#\/schema\/person\/0ad398a980dc3fd696111c2c5c8fa897\",\"name\":\"Nguy\u1ec5n V\u0103n Kh\u00e1nh\",\"image\":{\"@type\":\"ImageObject\",\"inLanguage\":\"vi\",\"@id\":\"https:\/\/omanivietnam.com\/#\/schema\/person\/image\/\",\"url\":\"https:\/\/omanivietnam.com\/wp-content\/uploads\/2024\/06\/logo-1024x1024.png\",\"contentUrl\":\"https:\/\/omanivietnam.com\/wp-content\/uploads\/2024\/06\/logo-1024x1024.png\",\"width\":1024,\"height\":1024,\"caption\":\"Nguy\u1ec5n V\u0103n Kh\u00e1nh\"},\"logo\":{\"@id\":\"https:\/\/omanivietnam.com\/#\/schema\/person\/image\/\"},\"sameAs\":[\"https:\/\/omanivietnam.com\"]}]}<\/script>\n<!-- \/ Yoast SEO plugin. -->","yoast_head_json":{"title":"BURKERT 00184043 - OMANI VI\u1ec6T NAM","description":"BURKERT 00184043 Solenoid Valve","robots":{"index":"index","follow":"follow","max-snippet":"max-snippet:-1","max-image-preview":"max-image-preview:large","max-video-preview":"max-video-preview:-1"},"canonical":"https:\/\/omanivietnam.com\/index.php\/san-pham\/burkert00184043\/","og_locale":"vi_VN","og_type":"article","og_title":"BURKERT 00184043 - OMANI VI\u1ec6T NAM","og_description":"BURKERT 00184043 Solenoid Valve","og_url":"https:\/\/omanivietnam.com\/index.php\/san-pham\/burkert00184043\/","og_site_name":"OMANI VI\u1ec6T NAM","og_image":[{"width":1023,"height":734,"url":"https:\/\/omanivietnam.com\/wp-content\/uploads\/2025\/04\/00184043.png","type":"image\/png"}],"twitter_card":"summary_large_image","twitter_misc":{"\u01af\u1edbc t\u00ednh th\u1eddi gian \u0111\u1ecdc":"2 ph\u00fat"},"schema":{"@context":"https:\/\/schema.org","@graph":[{"@type":"WebPage","@id":"https:\/\/omanivietnam.com\/index.php\/san-pham\/burkert00184043\/","url":"https:\/\/omanivietnam.com\/index.php\/san-pham\/burkert00184043\/","name":"BURKERT 00184043 - OMANI VI\u1ec6T NAM","isPartOf":{"@id":"https:\/\/omanivietnam.com\/#website"},"primaryImageOfPage":{"@id":"https:\/\/omanivietnam.com\/index.php\/san-pham\/burkert00184043\/#primaryimage"},"image":{"@id":"https:\/\/omanivietnam.com\/index.php\/san-pham\/burkert00184043\/#primaryimage"},"thumbnailUrl":"https:\/\/omanivietnam.com\/wp-content\/uploads\/2025\/04\/00184043.png","datePublished":"2025-04-20T06:26:58+00:00","dateModified":"2025-04-20T06:26:58+00:00","description":"BURKERT 00184043 Solenoid Valve","breadcrumb":{"@id":"https:\/\/omanivietnam.com\/index.php\/san-pham\/burkert00184043\/#breadcrumb"},"inLanguage":"vi","potentialAction":[{"@type":"ReadAction","target":["https:\/\/omanivietnam.com\/index.php\/san-pham\/burkert00184043\/"]}]},{"@type":"ImageObject","inLanguage":"vi","@id":"https:\/\/omanivietnam.com\/index.php\/san-pham\/burkert00184043\/#primaryimage","url":"https:\/\/omanivietnam.com\/wp-content\/uploads\/2025\/04\/00184043.png","contentUrl":"https:\/\/omanivietnam.com\/wp-content\/uploads\/2025\/04\/00184043.png","width":1023,"height":734},{"@type":"BreadcrumbList","@id":"https:\/\/omanivietnam.com\/index.php\/san-pham\/burkert00184043\/#breadcrumb","itemListElement":[{"@type":"ListItem","position":1,"name":"Home","item":"https:\/\/omanivietnam.com\/"},{"@type":"ListItem","position":2,"name":"S\u1ea2N PH\u1ea8M","item":"https:\/\/omanivietnam.com\/index.php\/cua-hang\/"},{"@type":"ListItem","position":3,"name":"BURKERT 00184043"}]},{"@type":"WebSite","@id":"https:\/\/omanivietnam.com\/#website","url":"https:\/\/omanivietnam.com\/","name":"OMANI VI\u1ec6T NAM","description":"Nh\u00e0 ph\u00e2n ph\u1ed1i thi\u1ebft b\u1ecb kh\u00ed n\u00e9n v\u00e0 thi\u1ebft b\u1ecb t\u1ef1 \u0111\u1ed9ng h\u00f3a trong c\u00f4ng nghi\u1ec7p","publisher":{"@id":"https:\/\/omanivietnam.com\/#\/schema\/person\/0ad398a980dc3fd696111c2c5c8fa897"},"potentialAction":[{"@type":"SearchAction","target":{"@type":"EntryPoint","urlTemplate":"https:\/\/omanivietnam.com\/?s={search_term_string}"},"query-input":"required name=search_term_string"}],"inLanguage":"vi"},{"@type":["Person","Organization"],"@id":"https:\/\/omanivietnam.com\/#\/schema\/person\/0ad398a980dc3fd696111c2c5c8fa897","name":"Nguy\u1ec5n V\u0103n Kh\u00e1nh","image":{"@type":"ImageObject","inLanguage":"vi","@id":"https:\/\/omanivietnam.com\/#\/schema\/person\/image\/","url":"https:\/\/omanivietnam.com\/wp-content\/uploads\/2024\/06\/logo-1024x1024.png","contentUrl":"https:\/\/omanivietnam.com\/wp-content\/uploads\/2024\/06\/logo-1024x1024.png","width":1024,"height":1024,"caption":"Nguy\u1ec5n V\u0103n Kh\u00e1nh"},"logo":{"@id":"https:\/\/omanivietnam.com\/#\/schema\/person\/image\/"},"sameAs":["https:\/\/omanivietnam.com"]}]}},"_links":{"self":[{"href":"https:\/\/omanivietnam.com\/index.php\/wp-json\/wp\/v2\/product\/3626","targetHints":{"allow":["GET"]}}],"collection":[{"href":"https:\/\/omanivietnam.com\/index.php\/wp-json\/wp\/v2\/product"}],"about":[{"href":"https:\/\/omanivietnam.com\/index.php\/wp-json\/wp\/v2\/types\/product"}],"replies":[{"embeddable":true,"href":"https:\/\/omanivietnam.com\/index.php\/wp-json\/wp\/v2\/comments?post=3626"}],"wp:featuredmedia":[{"embeddable":true,"href":"https:\/\/omanivietnam.com\/index.php\/wp-json\/wp\/v2\/media\/3627"}],"wp:attachment":[{"href":"https:\/\/omanivietnam.com\/index.php\/wp-json\/wp\/v2\/media?parent=3626"}],"wp:term":[{"taxonomy":"product_cat","embeddable":true,"href":"https:\/\/omanivietnam.com\/index.php\/wp-json\/wp\/v2\/product_cat?post=3626"},{"taxonomy":"product_tag","embeddable":true,"href":"https:\/\/omanivietnam.com\/index.php\/wp-json\/wp\/v2\/product_tag?post=3626"}],"curies":[{"name":"wp","href":"https:\/\/api.w.org\/{rel}","templated":true}]}}