{"id":3671,"date":"2025-04-27T22:06:26","date_gmt":"2025-04-27T15:06:26","guid":{"rendered":"https:\/\/omanivietnam.com\/?post_type=product&#038;p=3671"},"modified":"2025-04-27T22:06:26","modified_gmt":"2025-04-27T15:06:26","slug":"clarke-00c03396","status":"publish","type":"product","link":"https:\/\/omanivietnam.com\/index.php\/san-pham\/clarke-00c03396\/","title":{"rendered":"CLARKE 00C03396"},"content":{"rendered":"<p>CLARKE 00C03396<\/p>\n<div class=\"title\">\n<p>Technical information<\/p>\n<\/div>\n<div class=\"table-wrapper\">\n<table class=\"table border-0 table-striped\">\n<tbody>\n<tr>\n<th scope=\"row\">Manufacturer<\/th>\n<td>Clarke<\/td>\n<\/tr>\n<tr>\n<th scope=\"row\">Part number<\/th>\n<td>00C03396<\/td>\n<\/tr>\n<tr>\n<th scope=\"row\">Inner Code<\/th>\n<td>4629258<\/td>\n<\/tr>\n<tr>\n<th scope=\"row\">Description<\/th>\n<td>Filter<\/td>\n<\/tr>\n<tr>\n<th scope=\"row\">Technical specification<\/th>\n<td>FILTER, JU6H-UF30<\/td>\n<\/tr>\n<\/tbody>\n<\/table>\n<\/div>\n<p>CLARKE FIRE Stock List<\/p>\n<p>Part No : C02776<br \/>\nPart No : C03660<br \/>\nPart No : C051545<br \/>\nPart No : OC051128<br \/>\nPart No : 00003749<br \/>\nPart No : 00C02350<br \/>\nPart No : 00C02356<br \/>\nPart No : 00C02359<br \/>\nPart No : 00C02370<br \/>\nPart No : 00C02550<br \/>\nPart No : 00C02571<br \/>\nPart No : 00C02619<br \/>\nPart No : 00C02620<\/p>\n<p>Part No : 00C02621<br \/>\nPart No : 00C02622<br \/>\nPart No : 00C02627<br \/>\nPart No : 00C02713<br \/>\nPart No : 00C02736<br \/>\nPart No : 00C02773<br \/>\nPart No : 00C02775<br \/>\nPart No : 00C02776<br \/>\nPart No : 00C02881<br \/>\nPart No : 00C02882<br \/>\nPart No : 00C02883<br \/>\nPart No : 00C03244<br \/>\nPart No : 00C03396<\/p>\n<p>\u0110\u1ea1i l\u00fd CLARKE vietnam, CLARKE viet nam, CLARKE vietnam distributor, Ph\u00e2n ph\u1ed1i CLARKE t\u1ea1i vi\u1ec7t nam<\/p>\n<p>\u0110\u1ea1i l\u00fd CLARKE vietnam, CLARKE viet nam, CLARKE vietnam distributor, Ph\u00e2n ph\u1ed1i CLARKE t\u1ea1i vi\u1ec7t nam<\/p>\n<p>\u0110\u1ea1i l\u00fd CLARKE vietnam, CLARKE viet nam, CLARKE vietnam distributor, Ph\u00e2n ph\u1ed1i CLARKE t\u1ea1i vi\u1ec7t nam<\/p>\n","protected":false},"excerpt":{"rendered":"<p>CLARKE 00C03396 Technical information Manufacturer Clarke Part number 00C03396 Inner Code 4629258 Description Filter Technical specification FILTER, JU6H-UF30 CLARKE FIRE Stock List Part No : C02776 Part No : C03660 Part No : C051545 Part No : OC051128 Part No : 00003749 Part No : 00C02350 Part No : 00C02356&hellip; <\/p>\n","protected":false},"featured_media":3672,"comment_status":"open","ping_status":"closed","template":"","meta":[],"product_cat":[385],"product_tag":[386,387,350],"class_list":{"0":"post-3671","1":"product","2":"type-product","3":"status-publish","4":"has-post-thumbnail","6":"product_cat-clarke","7":"product_tag-clarke-viet-nam","8":"product_tag-dai-ly-clarke-viet-nam","9":"product_tag-thiet-bi-loc-khi","11":"first","12":"instock","13":"shipping-taxable","14":"product-type-simple"},"yoast_head":"<!-- This site is optimized with the Yoast SEO plugin v22.8 - https:\/\/yoast.com\/wordpress\/plugins\/seo\/ -->\n<title>CLARKE 00C03396 - OMANI VI\u1ec6T NAM<\/title>\n<meta name=\"description\" content=\"CLARKE 00C03396 Air Filter\" \/>\n<meta name=\"robots\" content=\"index, follow, max-snippet:-1, max-image-preview:large, max-video-preview:-1\" \/>\n<link rel=\"canonical\" href=\"https:\/\/omanivietnam.com\/index.php\/san-pham\/clarke-00c03396\/\" \/>\n<meta property=\"og:locale\" content=\"vi_VN\" \/>\n<meta property=\"og:type\" content=\"article\" \/>\n<meta property=\"og:title\" content=\"CLARKE 00C03396 - OMANI VI\u1ec6T NAM\" \/>\n<meta property=\"og:description\" content=\"CLARKE 00C03396 Air Filter\" \/>\n<meta property=\"og:url\" content=\"https:\/\/omanivietnam.com\/index.php\/san-pham\/clarke-00c03396\/\" \/>\n<meta property=\"og:site_name\" content=\"OMANI VI\u1ec6T NAM\" \/>\n<meta property=\"og:image\" content=\"https:\/\/omanivietnam.com\/wp-content\/uploads\/2025\/04\/00C03396.png\" \/>\n\t<meta property=\"og:image:width\" content=\"411\" \/>\n\t<meta property=\"og:image:height\" content=\"392\" \/>\n\t<meta property=\"og:image:type\" content=\"image\/png\" \/>\n<meta name=\"twitter:card\" content=\"summary_large_image\" \/>\n<meta name=\"twitter:label1\" content=\"\u01af\u1edbc t\u00ednh th\u1eddi gian \u0111\u1ecdc\" \/>\n\t<meta name=\"twitter:data1\" content=\"2 ph\u00fat\" \/>\n<script type=\"application\/ld+json\" class=\"yoast-schema-graph\">{\"@context\":\"https:\/\/schema.org\",\"@graph\":[{\"@type\":\"WebPage\",\"@id\":\"https:\/\/omanivietnam.com\/index.php\/san-pham\/clarke-00c03396\/\",\"url\":\"https:\/\/omanivietnam.com\/index.php\/san-pham\/clarke-00c03396\/\",\"name\":\"CLARKE 00C03396 - OMANI VI\u1ec6T NAM\",\"isPartOf\":{\"@id\":\"https:\/\/omanivietnam.com\/#website\"},\"primaryImageOfPage\":{\"@id\":\"https:\/\/omanivietnam.com\/index.php\/san-pham\/clarke-00c03396\/#primaryimage\"},\"image\":{\"@id\":\"https:\/\/omanivietnam.com\/index.php\/san-pham\/clarke-00c03396\/#primaryimage\"},\"thumbnailUrl\":\"https:\/\/omanivietnam.com\/wp-content\/uploads\/2025\/04\/00C03396.png\",\"datePublished\":\"2025-04-27T15:06:26+00:00\",\"dateModified\":\"2025-04-27T15:06:26+00:00\",\"description\":\"CLARKE 00C03396 Air Filter\",\"breadcrumb\":{\"@id\":\"https:\/\/omanivietnam.com\/index.php\/san-pham\/clarke-00c03396\/#breadcrumb\"},\"inLanguage\":\"vi\",\"potentialAction\":[{\"@type\":\"ReadAction\",\"target\":[\"https:\/\/omanivietnam.com\/index.php\/san-pham\/clarke-00c03396\/\"]}]},{\"@type\":\"ImageObject\",\"inLanguage\":\"vi\",\"@id\":\"https:\/\/omanivietnam.com\/index.php\/san-pham\/clarke-00c03396\/#primaryimage\",\"url\":\"https:\/\/omanivietnam.com\/wp-content\/uploads\/2025\/04\/00C03396.png\",\"contentUrl\":\"https:\/\/omanivietnam.com\/wp-content\/uploads\/2025\/04\/00C03396.png\",\"width\":411,\"height\":392},{\"@type\":\"BreadcrumbList\",\"@id\":\"https:\/\/omanivietnam.com\/index.php\/san-pham\/clarke-00c03396\/#breadcrumb\",\"itemListElement\":[{\"@type\":\"ListItem\",\"position\":1,\"name\":\"Home\",\"item\":\"https:\/\/omanivietnam.com\/\"},{\"@type\":\"ListItem\",\"position\":2,\"name\":\"S\u1ea2N PH\u1ea8M\",\"item\":\"https:\/\/omanivietnam.com\/index.php\/cua-hang\/\"},{\"@type\":\"ListItem\",\"position\":3,\"name\":\"CLARKE 00C03396\"}]},{\"@type\":\"WebSite\",\"@id\":\"https:\/\/omanivietnam.com\/#website\",\"url\":\"https:\/\/omanivietnam.com\/\",\"name\":\"OMANI VI\u1ec6T NAM\",\"description\":\"Nh\u00e0 ph\u00e2n ph\u1ed1i thi\u1ebft b\u1ecb kh\u00ed n\u00e9n v\u00e0 thi\u1ebft b\u1ecb t\u1ef1 \u0111\u1ed9ng h\u00f3a trong c\u00f4ng nghi\u1ec7p\",\"publisher\":{\"@id\":\"https:\/\/omanivietnam.com\/#\/schema\/person\/0ad398a980dc3fd696111c2c5c8fa897\"},\"potentialAction\":[{\"@type\":\"SearchAction\",\"target\":{\"@type\":\"EntryPoint\",\"urlTemplate\":\"https:\/\/omanivietnam.com\/?s={search_term_string}\"},\"query-input\":\"required name=search_term_string\"}],\"inLanguage\":\"vi\"},{\"@type\":[\"Person\",\"Organization\"],\"@id\":\"https:\/\/omanivietnam.com\/#\/schema\/person\/0ad398a980dc3fd696111c2c5c8fa897\",\"name\":\"Nguy\u1ec5n V\u0103n Kh\u00e1nh\",\"image\":{\"@type\":\"ImageObject\",\"inLanguage\":\"vi\",\"@id\":\"https:\/\/omanivietnam.com\/#\/schema\/person\/image\/\",\"url\":\"https:\/\/omanivietnam.com\/wp-content\/uploads\/2024\/06\/logo-1024x1024.png\",\"contentUrl\":\"https:\/\/omanivietnam.com\/wp-content\/uploads\/2024\/06\/logo-1024x1024.png\",\"width\":1024,\"height\":1024,\"caption\":\"Nguy\u1ec5n V\u0103n Kh\u00e1nh\"},\"logo\":{\"@id\":\"https:\/\/omanivietnam.com\/#\/schema\/person\/image\/\"},\"sameAs\":[\"https:\/\/omanivietnam.com\"]}]}<\/script>\n<!-- \/ Yoast SEO plugin. -->","yoast_head_json":{"title":"CLARKE 00C03396 - OMANI VI\u1ec6T NAM","description":"CLARKE 00C03396 Air Filter","robots":{"index":"index","follow":"follow","max-snippet":"max-snippet:-1","max-image-preview":"max-image-preview:large","max-video-preview":"max-video-preview:-1"},"canonical":"https:\/\/omanivietnam.com\/index.php\/san-pham\/clarke-00c03396\/","og_locale":"vi_VN","og_type":"article","og_title":"CLARKE 00C03396 - OMANI VI\u1ec6T NAM","og_description":"CLARKE 00C03396 Air Filter","og_url":"https:\/\/omanivietnam.com\/index.php\/san-pham\/clarke-00c03396\/","og_site_name":"OMANI VI\u1ec6T NAM","og_image":[{"width":411,"height":392,"url":"https:\/\/omanivietnam.com\/wp-content\/uploads\/2025\/04\/00C03396.png","type":"image\/png"}],"twitter_card":"summary_large_image","twitter_misc":{"\u01af\u1edbc t\u00ednh th\u1eddi gian \u0111\u1ecdc":"2 ph\u00fat"},"schema":{"@context":"https:\/\/schema.org","@graph":[{"@type":"WebPage","@id":"https:\/\/omanivietnam.com\/index.php\/san-pham\/clarke-00c03396\/","url":"https:\/\/omanivietnam.com\/index.php\/san-pham\/clarke-00c03396\/","name":"CLARKE 00C03396 - OMANI VI\u1ec6T NAM","isPartOf":{"@id":"https:\/\/omanivietnam.com\/#website"},"primaryImageOfPage":{"@id":"https:\/\/omanivietnam.com\/index.php\/san-pham\/clarke-00c03396\/#primaryimage"},"image":{"@id":"https:\/\/omanivietnam.com\/index.php\/san-pham\/clarke-00c03396\/#primaryimage"},"thumbnailUrl":"https:\/\/omanivietnam.com\/wp-content\/uploads\/2025\/04\/00C03396.png","datePublished":"2025-04-27T15:06:26+00:00","dateModified":"2025-04-27T15:06:26+00:00","description":"CLARKE 00C03396 Air Filter","breadcrumb":{"@id":"https:\/\/omanivietnam.com\/index.php\/san-pham\/clarke-00c03396\/#breadcrumb"},"inLanguage":"vi","potentialAction":[{"@type":"ReadAction","target":["https:\/\/omanivietnam.com\/index.php\/san-pham\/clarke-00c03396\/"]}]},{"@type":"ImageObject","inLanguage":"vi","@id":"https:\/\/omanivietnam.com\/index.php\/san-pham\/clarke-00c03396\/#primaryimage","url":"https:\/\/omanivietnam.com\/wp-content\/uploads\/2025\/04\/00C03396.png","contentUrl":"https:\/\/omanivietnam.com\/wp-content\/uploads\/2025\/04\/00C03396.png","width":411,"height":392},{"@type":"BreadcrumbList","@id":"https:\/\/omanivietnam.com\/index.php\/san-pham\/clarke-00c03396\/#breadcrumb","itemListElement":[{"@type":"ListItem","position":1,"name":"Home","item":"https:\/\/omanivietnam.com\/"},{"@type":"ListItem","position":2,"name":"S\u1ea2N PH\u1ea8M","item":"https:\/\/omanivietnam.com\/index.php\/cua-hang\/"},{"@type":"ListItem","position":3,"name":"CLARKE 00C03396"}]},{"@type":"WebSite","@id":"https:\/\/omanivietnam.com\/#website","url":"https:\/\/omanivietnam.com\/","name":"OMANI VI\u1ec6T NAM","description":"Nh\u00e0 ph\u00e2n ph\u1ed1i thi\u1ebft b\u1ecb kh\u00ed n\u00e9n v\u00e0 thi\u1ebft b\u1ecb t\u1ef1 \u0111\u1ed9ng h\u00f3a trong c\u00f4ng nghi\u1ec7p","publisher":{"@id":"https:\/\/omanivietnam.com\/#\/schema\/person\/0ad398a980dc3fd696111c2c5c8fa897"},"potentialAction":[{"@type":"SearchAction","target":{"@type":"EntryPoint","urlTemplate":"https:\/\/omanivietnam.com\/?s={search_term_string}"},"query-input":"required name=search_term_string"}],"inLanguage":"vi"},{"@type":["Person","Organization"],"@id":"https:\/\/omanivietnam.com\/#\/schema\/person\/0ad398a980dc3fd696111c2c5c8fa897","name":"Nguy\u1ec5n V\u0103n Kh\u00e1nh","image":{"@type":"ImageObject","inLanguage":"vi","@id":"https:\/\/omanivietnam.com\/#\/schema\/person\/image\/","url":"https:\/\/omanivietnam.com\/wp-content\/uploads\/2024\/06\/logo-1024x1024.png","contentUrl":"https:\/\/omanivietnam.com\/wp-content\/uploads\/2024\/06\/logo-1024x1024.png","width":1024,"height":1024,"caption":"Nguy\u1ec5n V\u0103n Kh\u00e1nh"},"logo":{"@id":"https:\/\/omanivietnam.com\/#\/schema\/person\/image\/"},"sameAs":["https:\/\/omanivietnam.com"]}]}},"_links":{"self":[{"href":"https:\/\/omanivietnam.com\/index.php\/wp-json\/wp\/v2\/product\/3671","targetHints":{"allow":["GET"]}}],"collection":[{"href":"https:\/\/omanivietnam.com\/index.php\/wp-json\/wp\/v2\/product"}],"about":[{"href":"https:\/\/omanivietnam.com\/index.php\/wp-json\/wp\/v2\/types\/product"}],"replies":[{"embeddable":true,"href":"https:\/\/omanivietnam.com\/index.php\/wp-json\/wp\/v2\/comments?post=3671"}],"wp:featuredmedia":[{"embeddable":true,"href":"https:\/\/omanivietnam.com\/index.php\/wp-json\/wp\/v2\/media\/3672"}],"wp:attachment":[{"href":"https:\/\/omanivietnam.com\/index.php\/wp-json\/wp\/v2\/media?parent=3671"}],"wp:term":[{"taxonomy":"product_cat","embeddable":true,"href":"https:\/\/omanivietnam.com\/index.php\/wp-json\/wp\/v2\/product_cat?post=3671"},{"taxonomy":"product_tag","embeddable":true,"href":"https:\/\/omanivietnam.com\/index.php\/wp-json\/wp\/v2\/product_tag?post=3671"}],"curies":[{"name":"wp","href":"https:\/\/api.w.org\/{rel}","templated":true}]}}