{"id":3687,"date":"2025-05-01T21:37:35","date_gmt":"2025-05-01T14:37:35","guid":{"rendered":"https:\/\/omanivietnam.com\/?post_type=product&#038;p=3687"},"modified":"2025-06-03T18:21:14","modified_gmt":"2025-06-03T11:21:14","slug":"gsyuasa-ke-25","status":"publish","type":"product","link":"https:\/\/omanivietnam.com\/index.php\/san-pham\/gsyuasa-ke-25\/","title":{"rendered":"GSYUASA KE-25"},"content":{"rendered":"<p>GSYUASA KE-25<\/p>\n<p class=\"QN2lPu\">C\u1ea3m bi\u1ebfn oxy KE-25 KE-50<\/p>\n<p class=\"QN2lPu\">1. \u0110\u1eb7c \u0111i\u1ec3m c\u1ee7a c\u1ea3m bi\u1ebfn oxy KE-25 KE-50:<\/p>\n<p class=\"QN2lPu\">(1) Tu\u1ed5i th\u1ecd cao<\/p>\n<p class=\"QN2lPu\">(2) Kh\u00f4ng b\u1ecb \u1ea3nh h\u01b0\u1edfng b\u1edfi CO2, CO, H2S, NOx, H2<\/p>\n<p class=\"QN2lPu\">(3) Chi ph\u00ed th\u1ea5p<\/p>\n<p class=\"QN2lPu\">(4) L\u00e0m vi\u1ec7c \u1edf nhi\u1ec7t \u0111\u1ed9 ph\u00f2ng<\/p>\n<p class=\"QN2lPu\">(5) \u0110\u1ea7u ra t\u00edn hi\u1ec7u \u1ed5n \u0111\u1ecbnh<\/p>\n<p class=\"QN2lPu\">(6) Kh\u00f4ng c\u1ea7n ngu\u1ed3n \u0111i\u1ec7n b\u00ean ngo\u00e0i<\/p>\n<p class=\"QN2lPu\">(7) Kh\u00f4ng c\u1ea7n gia nhi\u1ec7t<\/p>\n<p class=\"QN2lPu\">2. C\u1ea3m bi\u1ebfn oxy (KE-25 KE-50) Hi\u1ec7u su\u1ea5t:<\/p>\n<p class=\"QN2lPu\">(1) Ph\u1ea1m vi \u0111o 0-100% O2<\/p>\n<p class=\"QN2lPu\">(2) \u0110\u1ed9 ch\u00ednh x\u00e1c KE -25: \u00b1 1% (to\u00e0n thang \u0111o); KE-50: \u00b1 2% (to\u00e0n thang \u0111o)<\/p>\n<p class=\"QN2lPu\">(3) Nhi\u1ec7t \u0111\u1ed9 ho\u1ea1t \u0111\u1ed9ng 5 \uff5e 40 \u2103<\/p>\n<p class=\"QN2lPu\">(4) Nhi\u1ec7t \u0111\u1ed9 b\u1ea3o qu\u1ea3n -20 \uff5e \uff0b 60 \u2103<\/p>\n<p class=\"QN2lPu\">(5) Th\u1eddi gian \u0111\u00e1p \u1ee9ng KE-25: 14 \u00b1 2 gi\u00e2y; KE-50: 60 \u00b1 5 gi\u00e2y<\/p>\n<p class=\"QN2lPu\">(6) \u0110\u1ea7u ra kh\u00f4ng kh\u00ed KE-25: 10.0\u201315.5mv; KE-50: 47.0-65.0mv \u201d<\/p>\n","protected":false},"excerpt":{"rendered":"<p>GSYUASA KE-25 C\u1ea3m bi\u1ebfn oxy KE-25 KE-50 1. \u0110\u1eb7c \u0111i\u1ec3m c\u1ee7a c\u1ea3m bi\u1ebfn oxy KE-25 KE-50: (1) Tu\u1ed5i th\u1ecd cao (2) Kh\u00f4ng b\u1ecb \u1ea3nh h\u01b0\u1edfng b\u1edfi CO2, CO, H2S, NOx, H2 (3) Chi ph\u00ed th\u1ea5p (4) L\u00e0m vi\u1ec7c \u1edf nhi\u1ec7t \u0111\u1ed9 ph\u00f2ng (5) \u0110\u1ea7u ra t\u00edn hi\u1ec7u \u1ed5n \u0111\u1ecbnh (6)&hellip; <\/p>\n","protected":false},"featured_media":3688,"comment_status":"open","ping_status":"closed","template":"","meta":[],"product_cat":[711],"product_tag":[88,713,712],"class_list":{"0":"post-3687","1":"product","2":"type-product","3":"status-publish","4":"has-post-thumbnail","6":"product_cat-gsyuasa","7":"product_tag-cam-bien","8":"product_tag-dai-ly-gsyuasa-viet-nam","9":"product_tag-gsyuasa-viet-nam","11":"first","12":"instock","13":"shipping-taxable","14":"product-type-simple"},"yoast_head":"<!-- This site is optimized with the Yoast SEO plugin v22.8 - https:\/\/yoast.com\/wordpress\/plugins\/seo\/ -->\n<title>GSYUASA KE-25 - OMANI VI\u1ec6T NAM<\/title>\n<meta name=\"description\" content=\"GSYUASA KE-25 Sensor\" \/>\n<meta name=\"robots\" content=\"index, follow, max-snippet:-1, max-image-preview:large, max-video-preview:-1\" \/>\n<link rel=\"canonical\" href=\"https:\/\/omanivietnam.com\/index.php\/san-pham\/gsyuasa-ke-25\/\" \/>\n<meta property=\"og:locale\" content=\"vi_VN\" \/>\n<meta property=\"og:type\" content=\"article\" \/>\n<meta property=\"og:title\" content=\"GSYUASA KE-25 - OMANI VI\u1ec6T NAM\" \/>\n<meta property=\"og:description\" content=\"GSYUASA KE-25 Sensor\" \/>\n<meta property=\"og:url\" content=\"https:\/\/omanivietnam.com\/index.php\/san-pham\/gsyuasa-ke-25\/\" \/>\n<meta property=\"og:site_name\" content=\"OMANI VI\u1ec6T NAM\" \/>\n<meta property=\"article:modified_time\" content=\"2025-06-03T11:21:14+00:00\" \/>\n<meta property=\"og:image\" content=\"https:\/\/omanivietnam.com\/wp-content\/uploads\/2025\/05\/KE-25.png\" \/>\n\t<meta property=\"og:image:width\" content=\"670\" \/>\n\t<meta property=\"og:image:height\" content=\"673\" \/>\n\t<meta property=\"og:image:type\" content=\"image\/png\" \/>\n<meta name=\"twitter:card\" content=\"summary_large_image\" \/>\n<meta name=\"twitter:label1\" content=\"\u01af\u1edbc t\u00ednh th\u1eddi gian \u0111\u1ecdc\" \/>\n\t<meta name=\"twitter:data1\" content=\"1 ph\u00fat\" \/>\n<script type=\"application\/ld+json\" class=\"yoast-schema-graph\">{\"@context\":\"https:\/\/schema.org\",\"@graph\":[{\"@type\":\"WebPage\",\"@id\":\"https:\/\/omanivietnam.com\/index.php\/san-pham\/gsyuasa-ke-25\/\",\"url\":\"https:\/\/omanivietnam.com\/index.php\/san-pham\/gsyuasa-ke-25\/\",\"name\":\"GSYUASA KE-25 - OMANI VI\u1ec6T NAM\",\"isPartOf\":{\"@id\":\"https:\/\/omanivietnam.com\/#website\"},\"primaryImageOfPage\":{\"@id\":\"https:\/\/omanivietnam.com\/index.php\/san-pham\/gsyuasa-ke-25\/#primaryimage\"},\"image\":{\"@id\":\"https:\/\/omanivietnam.com\/index.php\/san-pham\/gsyuasa-ke-25\/#primaryimage\"},\"thumbnailUrl\":\"https:\/\/omanivietnam.com\/wp-content\/uploads\/2025\/05\/KE-25.png\",\"datePublished\":\"2025-05-01T14:37:35+00:00\",\"dateModified\":\"2025-06-03T11:21:14+00:00\",\"description\":\"GSYUASA KE-25 Sensor\",\"breadcrumb\":{\"@id\":\"https:\/\/omanivietnam.com\/index.php\/san-pham\/gsyuasa-ke-25\/#breadcrumb\"},\"inLanguage\":\"vi\",\"potentialAction\":[{\"@type\":\"ReadAction\",\"target\":[\"https:\/\/omanivietnam.com\/index.php\/san-pham\/gsyuasa-ke-25\/\"]}]},{\"@type\":\"ImageObject\",\"inLanguage\":\"vi\",\"@id\":\"https:\/\/omanivietnam.com\/index.php\/san-pham\/gsyuasa-ke-25\/#primaryimage\",\"url\":\"https:\/\/omanivietnam.com\/wp-content\/uploads\/2025\/05\/KE-25.png\",\"contentUrl\":\"https:\/\/omanivietnam.com\/wp-content\/uploads\/2025\/05\/KE-25.png\",\"width\":670,\"height\":673},{\"@type\":\"BreadcrumbList\",\"@id\":\"https:\/\/omanivietnam.com\/index.php\/san-pham\/gsyuasa-ke-25\/#breadcrumb\",\"itemListElement\":[{\"@type\":\"ListItem\",\"position\":1,\"name\":\"Home\",\"item\":\"https:\/\/omanivietnam.com\/\"},{\"@type\":\"ListItem\",\"position\":2,\"name\":\"S\u1ea2N PH\u1ea8M\",\"item\":\"https:\/\/omanivietnam.com\/index.php\/cua-hang\/\"},{\"@type\":\"ListItem\",\"position\":3,\"name\":\"GSYUASA KE-25\"}]},{\"@type\":\"WebSite\",\"@id\":\"https:\/\/omanivietnam.com\/#website\",\"url\":\"https:\/\/omanivietnam.com\/\",\"name\":\"OMANI VI\u1ec6T NAM\",\"description\":\"Nh\u00e0 ph\u00e2n ph\u1ed1i thi\u1ebft b\u1ecb kh\u00ed n\u00e9n v\u00e0 thi\u1ebft b\u1ecb t\u1ef1 \u0111\u1ed9ng h\u00f3a trong c\u00f4ng nghi\u1ec7p\",\"publisher\":{\"@id\":\"https:\/\/omanivietnam.com\/#\/schema\/person\/0ad398a980dc3fd696111c2c5c8fa897\"},\"potentialAction\":[{\"@type\":\"SearchAction\",\"target\":{\"@type\":\"EntryPoint\",\"urlTemplate\":\"https:\/\/omanivietnam.com\/?s={search_term_string}\"},\"query-input\":\"required name=search_term_string\"}],\"inLanguage\":\"vi\"},{\"@type\":[\"Person\",\"Organization\"],\"@id\":\"https:\/\/omanivietnam.com\/#\/schema\/person\/0ad398a980dc3fd696111c2c5c8fa897\",\"name\":\"Nguy\u1ec5n V\u0103n Kh\u00e1nh\",\"image\":{\"@type\":\"ImageObject\",\"inLanguage\":\"vi\",\"@id\":\"https:\/\/omanivietnam.com\/#\/schema\/person\/image\/\",\"url\":\"https:\/\/omanivietnam.com\/wp-content\/uploads\/2024\/06\/logo-1024x1024.png\",\"contentUrl\":\"https:\/\/omanivietnam.com\/wp-content\/uploads\/2024\/06\/logo-1024x1024.png\",\"width\":1024,\"height\":1024,\"caption\":\"Nguy\u1ec5n V\u0103n Kh\u00e1nh\"},\"logo\":{\"@id\":\"https:\/\/omanivietnam.com\/#\/schema\/person\/image\/\"},\"sameAs\":[\"https:\/\/omanivietnam.com\"]}]}<\/script>\n<!-- \/ Yoast SEO plugin. -->","yoast_head_json":{"title":"GSYUASA KE-25 - OMANI VI\u1ec6T NAM","description":"GSYUASA KE-25 Sensor","robots":{"index":"index","follow":"follow","max-snippet":"max-snippet:-1","max-image-preview":"max-image-preview:large","max-video-preview":"max-video-preview:-1"},"canonical":"https:\/\/omanivietnam.com\/index.php\/san-pham\/gsyuasa-ke-25\/","og_locale":"vi_VN","og_type":"article","og_title":"GSYUASA KE-25 - OMANI VI\u1ec6T NAM","og_description":"GSYUASA KE-25 Sensor","og_url":"https:\/\/omanivietnam.com\/index.php\/san-pham\/gsyuasa-ke-25\/","og_site_name":"OMANI VI\u1ec6T NAM","article_modified_time":"2025-06-03T11:21:14+00:00","og_image":[{"width":670,"height":673,"url":"https:\/\/omanivietnam.com\/wp-content\/uploads\/2025\/05\/KE-25.png","type":"image\/png"}],"twitter_card":"summary_large_image","twitter_misc":{"\u01af\u1edbc t\u00ednh th\u1eddi gian \u0111\u1ecdc":"1 ph\u00fat"},"schema":{"@context":"https:\/\/schema.org","@graph":[{"@type":"WebPage","@id":"https:\/\/omanivietnam.com\/index.php\/san-pham\/gsyuasa-ke-25\/","url":"https:\/\/omanivietnam.com\/index.php\/san-pham\/gsyuasa-ke-25\/","name":"GSYUASA KE-25 - OMANI VI\u1ec6T NAM","isPartOf":{"@id":"https:\/\/omanivietnam.com\/#website"},"primaryImageOfPage":{"@id":"https:\/\/omanivietnam.com\/index.php\/san-pham\/gsyuasa-ke-25\/#primaryimage"},"image":{"@id":"https:\/\/omanivietnam.com\/index.php\/san-pham\/gsyuasa-ke-25\/#primaryimage"},"thumbnailUrl":"https:\/\/omanivietnam.com\/wp-content\/uploads\/2025\/05\/KE-25.png","datePublished":"2025-05-01T14:37:35+00:00","dateModified":"2025-06-03T11:21:14+00:00","description":"GSYUASA KE-25 Sensor","breadcrumb":{"@id":"https:\/\/omanivietnam.com\/index.php\/san-pham\/gsyuasa-ke-25\/#breadcrumb"},"inLanguage":"vi","potentialAction":[{"@type":"ReadAction","target":["https:\/\/omanivietnam.com\/index.php\/san-pham\/gsyuasa-ke-25\/"]}]},{"@type":"ImageObject","inLanguage":"vi","@id":"https:\/\/omanivietnam.com\/index.php\/san-pham\/gsyuasa-ke-25\/#primaryimage","url":"https:\/\/omanivietnam.com\/wp-content\/uploads\/2025\/05\/KE-25.png","contentUrl":"https:\/\/omanivietnam.com\/wp-content\/uploads\/2025\/05\/KE-25.png","width":670,"height":673},{"@type":"BreadcrumbList","@id":"https:\/\/omanivietnam.com\/index.php\/san-pham\/gsyuasa-ke-25\/#breadcrumb","itemListElement":[{"@type":"ListItem","position":1,"name":"Home","item":"https:\/\/omanivietnam.com\/"},{"@type":"ListItem","position":2,"name":"S\u1ea2N PH\u1ea8M","item":"https:\/\/omanivietnam.com\/index.php\/cua-hang\/"},{"@type":"ListItem","position":3,"name":"GSYUASA KE-25"}]},{"@type":"WebSite","@id":"https:\/\/omanivietnam.com\/#website","url":"https:\/\/omanivietnam.com\/","name":"OMANI VI\u1ec6T NAM","description":"Nh\u00e0 ph\u00e2n ph\u1ed1i thi\u1ebft b\u1ecb kh\u00ed n\u00e9n v\u00e0 thi\u1ebft b\u1ecb t\u1ef1 \u0111\u1ed9ng h\u00f3a trong c\u00f4ng nghi\u1ec7p","publisher":{"@id":"https:\/\/omanivietnam.com\/#\/schema\/person\/0ad398a980dc3fd696111c2c5c8fa897"},"potentialAction":[{"@type":"SearchAction","target":{"@type":"EntryPoint","urlTemplate":"https:\/\/omanivietnam.com\/?s={search_term_string}"},"query-input":"required name=search_term_string"}],"inLanguage":"vi"},{"@type":["Person","Organization"],"@id":"https:\/\/omanivietnam.com\/#\/schema\/person\/0ad398a980dc3fd696111c2c5c8fa897","name":"Nguy\u1ec5n V\u0103n Kh\u00e1nh","image":{"@type":"ImageObject","inLanguage":"vi","@id":"https:\/\/omanivietnam.com\/#\/schema\/person\/image\/","url":"https:\/\/omanivietnam.com\/wp-content\/uploads\/2024\/06\/logo-1024x1024.png","contentUrl":"https:\/\/omanivietnam.com\/wp-content\/uploads\/2024\/06\/logo-1024x1024.png","width":1024,"height":1024,"caption":"Nguy\u1ec5n V\u0103n Kh\u00e1nh"},"logo":{"@id":"https:\/\/omanivietnam.com\/#\/schema\/person\/image\/"},"sameAs":["https:\/\/omanivietnam.com"]}]}},"_links":{"self":[{"href":"https:\/\/omanivietnam.com\/index.php\/wp-json\/wp\/v2\/product\/3687","targetHints":{"allow":["GET"]}}],"collection":[{"href":"https:\/\/omanivietnam.com\/index.php\/wp-json\/wp\/v2\/product"}],"about":[{"href":"https:\/\/omanivietnam.com\/index.php\/wp-json\/wp\/v2\/types\/product"}],"replies":[{"embeddable":true,"href":"https:\/\/omanivietnam.com\/index.php\/wp-json\/wp\/v2\/comments?post=3687"}],"wp:featuredmedia":[{"embeddable":true,"href":"https:\/\/omanivietnam.com\/index.php\/wp-json\/wp\/v2\/media\/3688"}],"wp:attachment":[{"href":"https:\/\/omanivietnam.com\/index.php\/wp-json\/wp\/v2\/media?parent=3687"}],"wp:term":[{"taxonomy":"product_cat","embeddable":true,"href":"https:\/\/omanivietnam.com\/index.php\/wp-json\/wp\/v2\/product_cat?post=3687"},{"taxonomy":"product_tag","embeddable":true,"href":"https:\/\/omanivietnam.com\/index.php\/wp-json\/wp\/v2\/product_tag?post=3687"}],"curies":[{"name":"wp","href":"https:\/\/api.w.org\/{rel}","templated":true}]}}