{"id":3689,"date":"2025-05-02T20:56:51","date_gmt":"2025-05-02T13:56:51","guid":{"rendered":"https:\/\/omanivietnam.com\/?post_type=product&#038;p=3689"},"modified":"2025-05-02T20:56:51","modified_gmt":"2025-05-02T13:56:51","slug":"ifm-ig5846","status":"publish","type":"product","link":"https:\/\/omanivietnam.com\/index.php\/san-pham\/ifm-ig5846\/","title":{"rendered":"IFM IG5846"},"content":{"rendered":"<p>IFM IG5846<\/p>\n<p>IFM GG712S<\/p>\n<table class=\"woocommerce-product-attributes shop_attributes\">\n<tbody>\n<tr>\n<th class=\"pd-table-h1\" colspan=\"2\">Product characteristics<\/th>\n<\/tr>\n<tr>\n<td>Electrical design<\/td>\n<td>PNP<\/td>\n<\/tr>\n<tr>\n<td>Output function<\/td>\n<td>complementary<\/td>\n<\/tr>\n<tr>\n<td>Sensing range [mm]<\/td>\n<td>10<\/td>\n<\/tr>\n<tr>\n<td>Housing<\/td>\n<td>threaded type<\/td>\n<\/tr>\n<tr>\n<td>Dimensions [mm]<\/td>\n<td>M18 x 1 \/ L = 45<\/td>\n<\/tr>\n<tr>\n<th class=\"pd-table-h1\" colspan=\"2\">Application<\/th>\n<\/tr>\n<tr>\n<td>Special feature<\/td>\n<td>Gold-plated contacts<\/td>\n<\/tr>\n<tr>\n<th class=\"pd-table-h1\" colspan=\"2\">Electrical data<\/th>\n<\/tr>\n<tr>\n<td>Operating voltage [V]<\/td>\n<td>10\u202636 DC<\/td>\n<\/tr>\n<tr>\n<td>Current consumption [mA]<\/td>\n<td>15; (24 V)<\/td>\n<\/tr>\n<tr>\n<td>Protection class<\/td>\n<td>II<\/td>\n<\/tr>\n<tr>\n<td>Reverse polarity protection<\/td>\n<td>yes<\/td>\n<\/tr>\n<tr>\n<th class=\"pd-table-h1\" colspan=\"2\">Outputs<\/th>\n<\/tr>\n<tr>\n<td>Electrical design<\/td>\n<td>PNP<\/td>\n<\/tr>\n<tr>\n<td>Output function<\/td>\n<td>complementary<\/td>\n<\/tr>\n<tr>\n<td>Max. voltage drop switching output DC [V]<\/td>\n<td>2.5<\/td>\n<\/tr>\n<tr>\n<td>Max. leakage current [mA]<\/td>\n<td>0.5<\/td>\n<\/tr>\n<tr>\n<td>Permanent current rating of switching output DC [mA]<\/td>\n<td>250<\/td>\n<\/tr>\n<tr>\n<td>Switching frequency DC [Hz]<\/td>\n<td>300<\/td>\n<\/tr>\n<tr>\n<td>Short-circuit protection<\/td>\n<td>yes<\/td>\n<\/tr>\n<tr>\n<td>Type of short-circuit protection<\/td>\n<td>pulsed<\/td>\n<\/tr>\n<tr>\n<td>Overload protection<\/td>\n<td>yes<\/td>\n<\/tr>\n<tr>\n<th class=\"pd-table-h1\" colspan=\"2\">Detection zone<\/th>\n<\/tr>\n<tr>\n<td>Sensing range [mm]<\/td>\n<td>10<\/td>\n<\/tr>\n<tr>\n<td>Real sensing range Sr [mm]<\/td>\n<td>10 \u00b1 10 %<\/td>\n<\/tr>\n<tr>\n<td>Operating distance [mm]<\/td>\n<td>0\u20268.1<\/td>\n<\/tr>\n<tr>\n<th class=\"pd-table-h1\" colspan=\"2\">Accuracy \/ deviations<\/th>\n<\/tr>\n<tr>\n<td>Correction factor<\/td>\n<td>steel: 1 \/ stainless steel: 0.7 \/ brass: 0.4 \/ aluminium: 0.3 \/ copper: 0.2<\/td>\n<\/tr>\n<tr>\n<td>Hysteresis [% of Sr]<\/td>\n<td>3\u202615<\/td>\n<\/tr>\n<tr>\n<td>Switch point drift [% of Sr]<\/td>\n<td>-10\u202610<\/td>\n<\/tr>\n<tr>\n<th class=\"pd-table-h1\" colspan=\"2\">Operating conditions<\/th>\n<\/tr>\n<tr>\n<td>Ambient temperature [\u00b0C]<\/td>\n<td>-25\u202680<\/td>\n<\/tr>\n<tr>\n<td>Protection<\/td>\n<td>IP 67<\/td>\n<\/tr>\n<tr>\n<th class=\"pd-table-h1\" colspan=\"2\">Mechanical data<\/th>\n<\/tr>\n<tr>\n<td>Weight [g]<\/td>\n<td>41.6<\/td>\n<\/tr>\n<tr>\n<td>Housing<\/td>\n<td>threaded type<\/td>\n<\/tr>\n<tr>\n<td>Mounting<\/td>\n<td>non-flush mountable<\/td>\n<\/tr>\n<tr>\n<td>Dimensions [mm]<\/td>\n<td>M18 x 1 \/ L = 45<\/td>\n<\/tr>\n<tr>\n<td>Thread designation<\/td>\n<td>M18 x 1<\/td>\n<\/tr>\n<tr>\n<td>Materials<\/td>\n<td>stainless steel (1.4571\/316Ti ); sensing face: PBT<\/td>\n<\/tr>\n<tr>\n<th class=\"pd-table-h1\" colspan=\"2\">Displays \/ operating elements<\/th>\n<\/tr>\n<tr>\n<td>Display<\/td>\n<td>\n<table>\n<caption>\u00a0<\/caption>\n<colgroup class=\"pd-table-cols-2\">\n<col class=\"pd-table-col-1\" \/>\n<col class=\"pd-table-col-2\" \/><\/colgroup>\n<tbody>\n<tr>\n<td>switching status<\/td>\n<td>4 x 90\u00b0 LED, red<\/td>\n<\/tr>\n<\/tbody>\n<\/table>\n<\/td>\n<\/tr>\n<tr>\n<th class=\"pd-table-h1\" colspan=\"2\">Accessories<\/th>\n<\/tr>\n<tr>\n<td>Accessories (supplied)<\/td>\n<td>\n<table>\n<caption>\u00a0<\/caption>\n<colgroup class=\"pd-table-cols-1\">\n<col class=\"pd-table-col-1\" \/><\/colgroup>\n<tbody>\n<tr>\n<td>lock nuts: 2<\/td>\n<\/tr>\n<\/tbody>\n<\/table>\n<\/td>\n<\/tr>\n<tr>\n<th class=\"pd-table-h1\" colspan=\"2\">Remarks<\/th>\n<\/tr>\n<tr>\n<td>Pack quantity<\/td>\n<td>1 pcs.<\/td>\n<\/tr>\n<tr>\n<th class=\"pd-table-h1\" colspan=\"2\">Electrical connection \u2013 plug<\/th>\n<\/tr>\n<tr>\n<td>Connection<\/td>\n<td>Connector: 1 x M12; Contacts: gold-plated<\/td>\n<\/tr>\n<\/tbody>\n<\/table>\n<p>&nbsp;<\/p>\n","protected":false},"excerpt":{"rendered":"<p>IFM IG5846 IFM GG712S Product characteristics Electrical design PNP Output function complementary Sensing range [mm] 10 Housing threaded type Dimensions [mm] M18 x 1 \/ L = 45 Application Special feature Gold-plated contacts Electrical data Operating voltage [V] 10\u202636 DC Current consumption [mA] 15; (24 V) Protection class II Reverse&hellip; <\/p>\n","protected":false},"featured_media":3690,"comment_status":"open","ping_status":"closed","template":"","meta":[],"product_cat":[300],"product_tag":[88,166,165],"class_list":{"0":"post-3689","1":"product","2":"type-product","3":"status-publish","4":"has-post-thumbnail","6":"product_cat-ifm","7":"product_tag-cam-bien","8":"product_tag-dai-ly-ifm-viet-nam","9":"product_tag-ifm-viet-nam","11":"first","12":"instock","13":"shipping-taxable","14":"product-type-simple"},"yoast_head":"<!-- This site is optimized with the Yoast SEO plugin v22.8 - https:\/\/yoast.com\/wordpress\/plugins\/seo\/ -->\n<title>IFM IG5846 - OMANI VI\u1ec6T NAM<\/title>\n<meta name=\"description\" content=\"IFM IG5846 Inductive sensor\" \/>\n<meta name=\"robots\" content=\"index, follow, max-snippet:-1, max-image-preview:large, max-video-preview:-1\" \/>\n<link rel=\"canonical\" href=\"https:\/\/omanivietnam.com\/index.php\/san-pham\/ifm-ig5846\/\" \/>\n<meta property=\"og:locale\" content=\"vi_VN\" \/>\n<meta property=\"og:type\" content=\"article\" \/>\n<meta property=\"og:title\" content=\"IFM IG5846 - OMANI VI\u1ec6T NAM\" \/>\n<meta property=\"og:description\" content=\"IFM IG5846 Inductive sensor\" \/>\n<meta property=\"og:url\" content=\"https:\/\/omanivietnam.com\/index.php\/san-pham\/ifm-ig5846\/\" \/>\n<meta property=\"og:site_name\" content=\"OMANI VI\u1ec6T NAM\" \/>\n<meta property=\"og:image\" content=\"https:\/\/omanivietnam.com\/wp-content\/uploads\/2025\/05\/IG5846.png\" \/>\n\t<meta property=\"og:image:width\" content=\"701\" \/>\n\t<meta property=\"og:image:height\" content=\"706\" \/>\n\t<meta property=\"og:image:type\" content=\"image\/png\" \/>\n<meta name=\"twitter:card\" content=\"summary_large_image\" \/>\n<meta name=\"twitter:label1\" content=\"\u01af\u1edbc t\u00ednh th\u1eddi gian \u0111\u1ecdc\" \/>\n\t<meta name=\"twitter:data1\" content=\"2 ph\u00fat\" \/>\n<script type=\"application\/ld+json\" class=\"yoast-schema-graph\">{\"@context\":\"https:\/\/schema.org\",\"@graph\":[{\"@type\":\"WebPage\",\"@id\":\"https:\/\/omanivietnam.com\/index.php\/san-pham\/ifm-ig5846\/\",\"url\":\"https:\/\/omanivietnam.com\/index.php\/san-pham\/ifm-ig5846\/\",\"name\":\"IFM IG5846 - OMANI VI\u1ec6T NAM\",\"isPartOf\":{\"@id\":\"https:\/\/omanivietnam.com\/#website\"},\"primaryImageOfPage\":{\"@id\":\"https:\/\/omanivietnam.com\/index.php\/san-pham\/ifm-ig5846\/#primaryimage\"},\"image\":{\"@id\":\"https:\/\/omanivietnam.com\/index.php\/san-pham\/ifm-ig5846\/#primaryimage\"},\"thumbnailUrl\":\"https:\/\/omanivietnam.com\/wp-content\/uploads\/2025\/05\/IG5846.png\",\"datePublished\":\"2025-05-02T13:56:51+00:00\",\"dateModified\":\"2025-05-02T13:56:51+00:00\",\"description\":\"IFM IG5846 Inductive sensor\",\"breadcrumb\":{\"@id\":\"https:\/\/omanivietnam.com\/index.php\/san-pham\/ifm-ig5846\/#breadcrumb\"},\"inLanguage\":\"vi\",\"potentialAction\":[{\"@type\":\"ReadAction\",\"target\":[\"https:\/\/omanivietnam.com\/index.php\/san-pham\/ifm-ig5846\/\"]}]},{\"@type\":\"ImageObject\",\"inLanguage\":\"vi\",\"@id\":\"https:\/\/omanivietnam.com\/index.php\/san-pham\/ifm-ig5846\/#primaryimage\",\"url\":\"https:\/\/omanivietnam.com\/wp-content\/uploads\/2025\/05\/IG5846.png\",\"contentUrl\":\"https:\/\/omanivietnam.com\/wp-content\/uploads\/2025\/05\/IG5846.png\",\"width\":701,\"height\":706},{\"@type\":\"BreadcrumbList\",\"@id\":\"https:\/\/omanivietnam.com\/index.php\/san-pham\/ifm-ig5846\/#breadcrumb\",\"itemListElement\":[{\"@type\":\"ListItem\",\"position\":1,\"name\":\"Home\",\"item\":\"https:\/\/omanivietnam.com\/\"},{\"@type\":\"ListItem\",\"position\":2,\"name\":\"S\u1ea2N PH\u1ea8M\",\"item\":\"https:\/\/omanivietnam.com\/index.php\/cua-hang\/\"},{\"@type\":\"ListItem\",\"position\":3,\"name\":\"IFM IG5846\"}]},{\"@type\":\"WebSite\",\"@id\":\"https:\/\/omanivietnam.com\/#website\",\"url\":\"https:\/\/omanivietnam.com\/\",\"name\":\"OMANI VI\u1ec6T NAM\",\"description\":\"Nh\u00e0 ph\u00e2n ph\u1ed1i thi\u1ebft b\u1ecb kh\u00ed n\u00e9n v\u00e0 thi\u1ebft b\u1ecb t\u1ef1 \u0111\u1ed9ng h\u00f3a trong c\u00f4ng nghi\u1ec7p\",\"publisher\":{\"@id\":\"https:\/\/omanivietnam.com\/#\/schema\/person\/0ad398a980dc3fd696111c2c5c8fa897\"},\"potentialAction\":[{\"@type\":\"SearchAction\",\"target\":{\"@type\":\"EntryPoint\",\"urlTemplate\":\"https:\/\/omanivietnam.com\/?s={search_term_string}\"},\"query-input\":\"required name=search_term_string\"}],\"inLanguage\":\"vi\"},{\"@type\":[\"Person\",\"Organization\"],\"@id\":\"https:\/\/omanivietnam.com\/#\/schema\/person\/0ad398a980dc3fd696111c2c5c8fa897\",\"name\":\"Nguy\u1ec5n V\u0103n Kh\u00e1nh\",\"image\":{\"@type\":\"ImageObject\",\"inLanguage\":\"vi\",\"@id\":\"https:\/\/omanivietnam.com\/#\/schema\/person\/image\/\",\"url\":\"https:\/\/omanivietnam.com\/wp-content\/uploads\/2024\/06\/logo-1024x1024.png\",\"contentUrl\":\"https:\/\/omanivietnam.com\/wp-content\/uploads\/2024\/06\/logo-1024x1024.png\",\"width\":1024,\"height\":1024,\"caption\":\"Nguy\u1ec5n V\u0103n Kh\u00e1nh\"},\"logo\":{\"@id\":\"https:\/\/omanivietnam.com\/#\/schema\/person\/image\/\"},\"sameAs\":[\"https:\/\/omanivietnam.com\"]}]}<\/script>\n<!-- \/ Yoast SEO plugin. -->","yoast_head_json":{"title":"IFM IG5846 - OMANI VI\u1ec6T NAM","description":"IFM IG5846 Inductive sensor","robots":{"index":"index","follow":"follow","max-snippet":"max-snippet:-1","max-image-preview":"max-image-preview:large","max-video-preview":"max-video-preview:-1"},"canonical":"https:\/\/omanivietnam.com\/index.php\/san-pham\/ifm-ig5846\/","og_locale":"vi_VN","og_type":"article","og_title":"IFM IG5846 - OMANI VI\u1ec6T NAM","og_description":"IFM IG5846 Inductive sensor","og_url":"https:\/\/omanivietnam.com\/index.php\/san-pham\/ifm-ig5846\/","og_site_name":"OMANI VI\u1ec6T NAM","og_image":[{"width":701,"height":706,"url":"https:\/\/omanivietnam.com\/wp-content\/uploads\/2025\/05\/IG5846.png","type":"image\/png"}],"twitter_card":"summary_large_image","twitter_misc":{"\u01af\u1edbc t\u00ednh th\u1eddi gian \u0111\u1ecdc":"2 ph\u00fat"},"schema":{"@context":"https:\/\/schema.org","@graph":[{"@type":"WebPage","@id":"https:\/\/omanivietnam.com\/index.php\/san-pham\/ifm-ig5846\/","url":"https:\/\/omanivietnam.com\/index.php\/san-pham\/ifm-ig5846\/","name":"IFM IG5846 - OMANI VI\u1ec6T NAM","isPartOf":{"@id":"https:\/\/omanivietnam.com\/#website"},"primaryImageOfPage":{"@id":"https:\/\/omanivietnam.com\/index.php\/san-pham\/ifm-ig5846\/#primaryimage"},"image":{"@id":"https:\/\/omanivietnam.com\/index.php\/san-pham\/ifm-ig5846\/#primaryimage"},"thumbnailUrl":"https:\/\/omanivietnam.com\/wp-content\/uploads\/2025\/05\/IG5846.png","datePublished":"2025-05-02T13:56:51+00:00","dateModified":"2025-05-02T13:56:51+00:00","description":"IFM IG5846 Inductive sensor","breadcrumb":{"@id":"https:\/\/omanivietnam.com\/index.php\/san-pham\/ifm-ig5846\/#breadcrumb"},"inLanguage":"vi","potentialAction":[{"@type":"ReadAction","target":["https:\/\/omanivietnam.com\/index.php\/san-pham\/ifm-ig5846\/"]}]},{"@type":"ImageObject","inLanguage":"vi","@id":"https:\/\/omanivietnam.com\/index.php\/san-pham\/ifm-ig5846\/#primaryimage","url":"https:\/\/omanivietnam.com\/wp-content\/uploads\/2025\/05\/IG5846.png","contentUrl":"https:\/\/omanivietnam.com\/wp-content\/uploads\/2025\/05\/IG5846.png","width":701,"height":706},{"@type":"BreadcrumbList","@id":"https:\/\/omanivietnam.com\/index.php\/san-pham\/ifm-ig5846\/#breadcrumb","itemListElement":[{"@type":"ListItem","position":1,"name":"Home","item":"https:\/\/omanivietnam.com\/"},{"@type":"ListItem","position":2,"name":"S\u1ea2N PH\u1ea8M","item":"https:\/\/omanivietnam.com\/index.php\/cua-hang\/"},{"@type":"ListItem","position":3,"name":"IFM IG5846"}]},{"@type":"WebSite","@id":"https:\/\/omanivietnam.com\/#website","url":"https:\/\/omanivietnam.com\/","name":"OMANI VI\u1ec6T NAM","description":"Nh\u00e0 ph\u00e2n ph\u1ed1i thi\u1ebft b\u1ecb kh\u00ed n\u00e9n v\u00e0 thi\u1ebft b\u1ecb t\u1ef1 \u0111\u1ed9ng h\u00f3a trong c\u00f4ng nghi\u1ec7p","publisher":{"@id":"https:\/\/omanivietnam.com\/#\/schema\/person\/0ad398a980dc3fd696111c2c5c8fa897"},"potentialAction":[{"@type":"SearchAction","target":{"@type":"EntryPoint","urlTemplate":"https:\/\/omanivietnam.com\/?s={search_term_string}"},"query-input":"required name=search_term_string"}],"inLanguage":"vi"},{"@type":["Person","Organization"],"@id":"https:\/\/omanivietnam.com\/#\/schema\/person\/0ad398a980dc3fd696111c2c5c8fa897","name":"Nguy\u1ec5n V\u0103n Kh\u00e1nh","image":{"@type":"ImageObject","inLanguage":"vi","@id":"https:\/\/omanivietnam.com\/#\/schema\/person\/image\/","url":"https:\/\/omanivietnam.com\/wp-content\/uploads\/2024\/06\/logo-1024x1024.png","contentUrl":"https:\/\/omanivietnam.com\/wp-content\/uploads\/2024\/06\/logo-1024x1024.png","width":1024,"height":1024,"caption":"Nguy\u1ec5n V\u0103n Kh\u00e1nh"},"logo":{"@id":"https:\/\/omanivietnam.com\/#\/schema\/person\/image\/"},"sameAs":["https:\/\/omanivietnam.com"]}]}},"_links":{"self":[{"href":"https:\/\/omanivietnam.com\/index.php\/wp-json\/wp\/v2\/product\/3689","targetHints":{"allow":["GET"]}}],"collection":[{"href":"https:\/\/omanivietnam.com\/index.php\/wp-json\/wp\/v2\/product"}],"about":[{"href":"https:\/\/omanivietnam.com\/index.php\/wp-json\/wp\/v2\/types\/product"}],"replies":[{"embeddable":true,"href":"https:\/\/omanivietnam.com\/index.php\/wp-json\/wp\/v2\/comments?post=3689"}],"wp:featuredmedia":[{"embeddable":true,"href":"https:\/\/omanivietnam.com\/index.php\/wp-json\/wp\/v2\/media\/3690"}],"wp:attachment":[{"href":"https:\/\/omanivietnam.com\/index.php\/wp-json\/wp\/v2\/media?parent=3689"}],"wp:term":[{"taxonomy":"product_cat","embeddable":true,"href":"https:\/\/omanivietnam.com\/index.php\/wp-json\/wp\/v2\/product_cat?post=3689"},{"taxonomy":"product_tag","embeddable":true,"href":"https:\/\/omanivietnam.com\/index.php\/wp-json\/wp\/v2\/product_tag?post=3689"}],"curies":[{"name":"wp","href":"https:\/\/api.w.org\/{rel}","templated":true}]}}