{"id":3702,"date":"2025-05-05T22:25:41","date_gmt":"2025-05-05T15:25:41","guid":{"rendered":"https:\/\/omanivietnam.com\/?post_type=product&#038;p=3702"},"modified":"2025-05-05T22:25:41","modified_gmt":"2025-05-05T15:25:41","slug":"leuze-prk-18-24-dl-46-50032798","status":"publish","type":"product","link":"https:\/\/omanivietnam.com\/index.php\/san-pham\/leuze-prk-18-24-dl-46-50032798\/","title":{"rendered":"LEUZE PRK 18\/24 DL.46  50032798"},"content":{"rendered":"<p>LEUZE PRK 18\/24 DL.46 50032798<\/p>\n<h2 class=\"title-product item_name\">C\u1ea3m bi\u1ebfn quang Leuze PRK 18\/24 DL.46 50032798<\/h2>\n<h3>1. C\u1ea3m bi\u1ebfn quang\u00a0PRK 18\/24 DL.46 50032798:<\/h3>\n<div>\n<div>Lo\u1ea1t 18<\/div>\n<div>Nguy\u00ean t\u1eafc ho\u1ea1t \u0111\u1ed9ng Nguy\u00ean t\u1eafc ph\u1ea3n x\u1ea1<\/div>\n<div>\u0110\u0103ng k\u00ed Ph\u00e1t hi\u1ec7n chai<\/div>\n<div>c\u00f3 \u0111\u1ed9 trong su\u1ed1t cao Ph\u00e1t hi\u1ec7n m\u00e0ng v\u00e0 t\u1ea5m k\u00ednh c\u00f3 \u0111\u1ed9 trong su\u1ed1t cao<\/div>\n<div>Phi\u00ean b\u1ea3n \u0111\u1eb7c bi\u1ec7t<\/div>\n<div>Ch\u1ee9c n\u0103ng theo d\u00f5i Autocollimation<\/div>\n<div>Ph\u1ea1m vi ho\u1ea1t \u0111\u1ed9ng 0 \u2026 3 m<\/div>\n<div>Gi\u1edbi h\u1ea1n ph\u1ea1m vi ho\u1ea1t \u0111\u1ed9ng 0 \u2026 4 m<\/div>\n<div>Ngu\u1ed3n s\u00e1ng LED, \u0111\u1ecf<\/div>\n<div>M\u1ea1ch b\u1ea3o v\u1ec7 B\u1ea3o v\u1ec7 \u0111\u1ea3o c\u1ef1c B\u1ea3o v\u1ec7<\/div>\n<div>ng\u1eafn m\u1ea1ch<\/div>\n<div>Cung c\u1ea5p \u0111i\u1ec7n \u00e1p U B 10 \u2026 30 V, DC<\/div>\n<div>G\u1ee3n d\u01b0 0 \u2026 15%, t\u1eeb U B<\/div>\n<div>D\u00f2ng \u0111i\u1ec7n h\u1edf m\u1ea1ch 0 \u2026 35 mA<\/div>\n<div>S\u1ed1 l\u01b0\u1ee3ng \u0111\u1ea7u ra chuy\u1ec3n m\u1ea1ch k\u1ef9 thu\u1eadt s\u1ed1 2 mi\u1ebfng)<\/div>\n<div>Ph\u1ea7n t\u1eed chuy\u1ec3n m\u1ea1ch B\u00f3ng b\u00e1n d\u1eabn, PNP<\/div>\n<div>Nguy\u00ean t\u1eafc chuy\u1ec3n m\u1ea1ch Chuy\u1ec3n \u0111\u1ed5i t\u1ed1i<\/div>\n<\/div>\n<h3>2. C\u00e1c m\u00e3 h\u00e0ng t\u01b0\u01a1ng \u0111\u01b0\u01a1ng C\u1ea3m bi\u1ebfn quang\u00a0PRK 18\/24 DL.46 50032798:<\/h3>\n<div>PRK18B.T2\/4P-M12<br \/>\nPRK 105\/4-S8<br \/>\nPRK 18\/2 DL.4<br \/>\nPRK 18\/24 DL.42<br \/>\nPRK 18\/24 DL.46<br \/>\nPRK 18\/4 DL.4<br \/>\nPRK 18\/4 L<br \/>\nPRK 18\/44 L.43<br \/>\nPRK 18\/4,6000<br \/>\nPRK 25\/4.8-S12<\/div>\n","protected":false},"excerpt":{"rendered":"<p>LEUZE PRK 18\/24 DL.46 50032798 C\u1ea3m bi\u1ebfn quang Leuze PRK 18\/24 DL.46 50032798 1. C\u1ea3m bi\u1ebfn quang\u00a0PRK 18\/24 DL.46 50032798: Lo\u1ea1t 18 Nguy\u00ean t\u1eafc ho\u1ea1t \u0111\u1ed9ng Nguy\u00ean t\u1eafc ph\u1ea3n x\u1ea1 \u0110\u0103ng k\u00ed Ph\u00e1t hi\u1ec7n chai c\u00f3 \u0111\u1ed9 trong su\u1ed1t cao Ph\u00e1t hi\u1ec7n m\u00e0ng v\u00e0 t\u1ea5m k\u00ednh c\u00f3 \u0111\u1ed9 trong su\u1ed1t&hellip; <\/p>\n","protected":false},"featured_media":3703,"comment_status":"open","ping_status":"closed","template":"","meta":[],"product_cat":[345],"product_tag":[88,269,268],"class_list":{"0":"post-3702","1":"product","2":"type-product","3":"status-publish","4":"has-post-thumbnail","6":"product_cat-leuze","7":"product_tag-cam-bien","8":"product_tag-dai-ly-leuze-viet-nam","9":"product_tag-leuze-viet-nam","11":"first","12":"instock","13":"shipping-taxable","14":"product-type-simple"},"yoast_head":"<!-- This site is optimized with the Yoast SEO plugin v22.8 - https:\/\/yoast.com\/wordpress\/plugins\/seo\/ -->\n<title>LEUZE PRK 18\/24 DL.46 50032798 - OMANI VI\u1ec6T NAM<\/title>\n<meta name=\"description\" content=\"LEUZE PRK 18\/24 DL.46 50032798 Photoelectric Sensors\" \/>\n<meta name=\"robots\" content=\"index, follow, max-snippet:-1, max-image-preview:large, max-video-preview:-1\" \/>\n<link rel=\"canonical\" href=\"https:\/\/omanivietnam.com\/index.php\/san-pham\/leuze-prk-18-24-dl-46-50032798\/\" \/>\n<meta property=\"og:locale\" content=\"vi_VN\" \/>\n<meta property=\"og:type\" content=\"article\" \/>\n<meta property=\"og:title\" content=\"LEUZE PRK 18\/24 DL.46 50032798 - OMANI VI\u1ec6T NAM\" \/>\n<meta property=\"og:description\" content=\"LEUZE PRK 18\/24 DL.46 50032798 Photoelectric Sensors\" \/>\n<meta property=\"og:url\" content=\"https:\/\/omanivietnam.com\/index.php\/san-pham\/leuze-prk-18-24-dl-46-50032798\/\" \/>\n<meta property=\"og:site_name\" content=\"OMANI VI\u1ec6T NAM\" \/>\n<meta property=\"og:image\" content=\"https:\/\/omanivietnam.com\/wp-content\/uploads\/2025\/05\/50032798.png\" \/>\n\t<meta property=\"og:image:width\" content=\"613\" \/>\n\t<meta property=\"og:image:height\" content=\"506\" \/>\n\t<meta property=\"og:image:type\" content=\"image\/png\" \/>\n<meta name=\"twitter:card\" content=\"summary_large_image\" \/>\n<meta name=\"twitter:label1\" content=\"\u01af\u1edbc t\u00ednh th\u1eddi gian \u0111\u1ecdc\" \/>\n\t<meta name=\"twitter:data1\" content=\"2 ph\u00fat\" \/>\n<script type=\"application\/ld+json\" class=\"yoast-schema-graph\">{\"@context\":\"https:\/\/schema.org\",\"@graph\":[{\"@type\":\"WebPage\",\"@id\":\"https:\/\/omanivietnam.com\/index.php\/san-pham\/leuze-prk-18-24-dl-46-50032798\/\",\"url\":\"https:\/\/omanivietnam.com\/index.php\/san-pham\/leuze-prk-18-24-dl-46-50032798\/\",\"name\":\"LEUZE PRK 18\/24 DL.46 50032798 - OMANI VI\u1ec6T NAM\",\"isPartOf\":{\"@id\":\"https:\/\/omanivietnam.com\/#website\"},\"primaryImageOfPage\":{\"@id\":\"https:\/\/omanivietnam.com\/index.php\/san-pham\/leuze-prk-18-24-dl-46-50032798\/#primaryimage\"},\"image\":{\"@id\":\"https:\/\/omanivietnam.com\/index.php\/san-pham\/leuze-prk-18-24-dl-46-50032798\/#primaryimage\"},\"thumbnailUrl\":\"https:\/\/omanivietnam.com\/wp-content\/uploads\/2025\/05\/50032798.png\",\"datePublished\":\"2025-05-05T15:25:41+00:00\",\"dateModified\":\"2025-05-05T15:25:41+00:00\",\"description\":\"LEUZE PRK 18\/24 DL.46 50032798 Photoelectric Sensors\",\"breadcrumb\":{\"@id\":\"https:\/\/omanivietnam.com\/index.php\/san-pham\/leuze-prk-18-24-dl-46-50032798\/#breadcrumb\"},\"inLanguage\":\"vi\",\"potentialAction\":[{\"@type\":\"ReadAction\",\"target\":[\"https:\/\/omanivietnam.com\/index.php\/san-pham\/leuze-prk-18-24-dl-46-50032798\/\"]}]},{\"@type\":\"ImageObject\",\"inLanguage\":\"vi\",\"@id\":\"https:\/\/omanivietnam.com\/index.php\/san-pham\/leuze-prk-18-24-dl-46-50032798\/#primaryimage\",\"url\":\"https:\/\/omanivietnam.com\/wp-content\/uploads\/2025\/05\/50032798.png\",\"contentUrl\":\"https:\/\/omanivietnam.com\/wp-content\/uploads\/2025\/05\/50032798.png\",\"width\":613,\"height\":506},{\"@type\":\"BreadcrumbList\",\"@id\":\"https:\/\/omanivietnam.com\/index.php\/san-pham\/leuze-prk-18-24-dl-46-50032798\/#breadcrumb\",\"itemListElement\":[{\"@type\":\"ListItem\",\"position\":1,\"name\":\"Home\",\"item\":\"https:\/\/omanivietnam.com\/\"},{\"@type\":\"ListItem\",\"position\":2,\"name\":\"S\u1ea2N PH\u1ea8M\",\"item\":\"https:\/\/omanivietnam.com\/index.php\/cua-hang\/\"},{\"@type\":\"ListItem\",\"position\":3,\"name\":\"LEUZE PRK 18\/24 DL.46 50032798\"}]},{\"@type\":\"WebSite\",\"@id\":\"https:\/\/omanivietnam.com\/#website\",\"url\":\"https:\/\/omanivietnam.com\/\",\"name\":\"OMANI VI\u1ec6T NAM\",\"description\":\"Nh\u00e0 ph\u00e2n ph\u1ed1i thi\u1ebft b\u1ecb kh\u00ed n\u00e9n v\u00e0 thi\u1ebft b\u1ecb t\u1ef1 \u0111\u1ed9ng h\u00f3a trong c\u00f4ng nghi\u1ec7p\",\"publisher\":{\"@id\":\"https:\/\/omanivietnam.com\/#\/schema\/person\/0ad398a980dc3fd696111c2c5c8fa897\"},\"potentialAction\":[{\"@type\":\"SearchAction\",\"target\":{\"@type\":\"EntryPoint\",\"urlTemplate\":\"https:\/\/omanivietnam.com\/?s={search_term_string}\"},\"query-input\":\"required name=search_term_string\"}],\"inLanguage\":\"vi\"},{\"@type\":[\"Person\",\"Organization\"],\"@id\":\"https:\/\/omanivietnam.com\/#\/schema\/person\/0ad398a980dc3fd696111c2c5c8fa897\",\"name\":\"Nguy\u1ec5n V\u0103n Kh\u00e1nh\",\"image\":{\"@type\":\"ImageObject\",\"inLanguage\":\"vi\",\"@id\":\"https:\/\/omanivietnam.com\/#\/schema\/person\/image\/\",\"url\":\"https:\/\/omanivietnam.com\/wp-content\/uploads\/2024\/06\/logo-1024x1024.png\",\"contentUrl\":\"https:\/\/omanivietnam.com\/wp-content\/uploads\/2024\/06\/logo-1024x1024.png\",\"width\":1024,\"height\":1024,\"caption\":\"Nguy\u1ec5n V\u0103n Kh\u00e1nh\"},\"logo\":{\"@id\":\"https:\/\/omanivietnam.com\/#\/schema\/person\/image\/\"},\"sameAs\":[\"https:\/\/omanivietnam.com\"]}]}<\/script>\n<!-- \/ Yoast SEO plugin. -->","yoast_head_json":{"title":"LEUZE PRK 18\/24 DL.46 50032798 - OMANI VI\u1ec6T NAM","description":"LEUZE PRK 18\/24 DL.46 50032798 Photoelectric Sensors","robots":{"index":"index","follow":"follow","max-snippet":"max-snippet:-1","max-image-preview":"max-image-preview:large","max-video-preview":"max-video-preview:-1"},"canonical":"https:\/\/omanivietnam.com\/index.php\/san-pham\/leuze-prk-18-24-dl-46-50032798\/","og_locale":"vi_VN","og_type":"article","og_title":"LEUZE PRK 18\/24 DL.46 50032798 - OMANI VI\u1ec6T NAM","og_description":"LEUZE PRK 18\/24 DL.46 50032798 Photoelectric Sensors","og_url":"https:\/\/omanivietnam.com\/index.php\/san-pham\/leuze-prk-18-24-dl-46-50032798\/","og_site_name":"OMANI VI\u1ec6T NAM","og_image":[{"width":613,"height":506,"url":"https:\/\/omanivietnam.com\/wp-content\/uploads\/2025\/05\/50032798.png","type":"image\/png"}],"twitter_card":"summary_large_image","twitter_misc":{"\u01af\u1edbc t\u00ednh th\u1eddi gian \u0111\u1ecdc":"2 ph\u00fat"},"schema":{"@context":"https:\/\/schema.org","@graph":[{"@type":"WebPage","@id":"https:\/\/omanivietnam.com\/index.php\/san-pham\/leuze-prk-18-24-dl-46-50032798\/","url":"https:\/\/omanivietnam.com\/index.php\/san-pham\/leuze-prk-18-24-dl-46-50032798\/","name":"LEUZE PRK 18\/24 DL.46 50032798 - OMANI VI\u1ec6T NAM","isPartOf":{"@id":"https:\/\/omanivietnam.com\/#website"},"primaryImageOfPage":{"@id":"https:\/\/omanivietnam.com\/index.php\/san-pham\/leuze-prk-18-24-dl-46-50032798\/#primaryimage"},"image":{"@id":"https:\/\/omanivietnam.com\/index.php\/san-pham\/leuze-prk-18-24-dl-46-50032798\/#primaryimage"},"thumbnailUrl":"https:\/\/omanivietnam.com\/wp-content\/uploads\/2025\/05\/50032798.png","datePublished":"2025-05-05T15:25:41+00:00","dateModified":"2025-05-05T15:25:41+00:00","description":"LEUZE PRK 18\/24 DL.46 50032798 Photoelectric Sensors","breadcrumb":{"@id":"https:\/\/omanivietnam.com\/index.php\/san-pham\/leuze-prk-18-24-dl-46-50032798\/#breadcrumb"},"inLanguage":"vi","potentialAction":[{"@type":"ReadAction","target":["https:\/\/omanivietnam.com\/index.php\/san-pham\/leuze-prk-18-24-dl-46-50032798\/"]}]},{"@type":"ImageObject","inLanguage":"vi","@id":"https:\/\/omanivietnam.com\/index.php\/san-pham\/leuze-prk-18-24-dl-46-50032798\/#primaryimage","url":"https:\/\/omanivietnam.com\/wp-content\/uploads\/2025\/05\/50032798.png","contentUrl":"https:\/\/omanivietnam.com\/wp-content\/uploads\/2025\/05\/50032798.png","width":613,"height":506},{"@type":"BreadcrumbList","@id":"https:\/\/omanivietnam.com\/index.php\/san-pham\/leuze-prk-18-24-dl-46-50032798\/#breadcrumb","itemListElement":[{"@type":"ListItem","position":1,"name":"Home","item":"https:\/\/omanivietnam.com\/"},{"@type":"ListItem","position":2,"name":"S\u1ea2N PH\u1ea8M","item":"https:\/\/omanivietnam.com\/index.php\/cua-hang\/"},{"@type":"ListItem","position":3,"name":"LEUZE PRK 18\/24 DL.46 50032798"}]},{"@type":"WebSite","@id":"https:\/\/omanivietnam.com\/#website","url":"https:\/\/omanivietnam.com\/","name":"OMANI VI\u1ec6T NAM","description":"Nh\u00e0 ph\u00e2n ph\u1ed1i thi\u1ebft b\u1ecb kh\u00ed n\u00e9n v\u00e0 thi\u1ebft b\u1ecb t\u1ef1 \u0111\u1ed9ng h\u00f3a trong c\u00f4ng nghi\u1ec7p","publisher":{"@id":"https:\/\/omanivietnam.com\/#\/schema\/person\/0ad398a980dc3fd696111c2c5c8fa897"},"potentialAction":[{"@type":"SearchAction","target":{"@type":"EntryPoint","urlTemplate":"https:\/\/omanivietnam.com\/?s={search_term_string}"},"query-input":"required name=search_term_string"}],"inLanguage":"vi"},{"@type":["Person","Organization"],"@id":"https:\/\/omanivietnam.com\/#\/schema\/person\/0ad398a980dc3fd696111c2c5c8fa897","name":"Nguy\u1ec5n V\u0103n Kh\u00e1nh","image":{"@type":"ImageObject","inLanguage":"vi","@id":"https:\/\/omanivietnam.com\/#\/schema\/person\/image\/","url":"https:\/\/omanivietnam.com\/wp-content\/uploads\/2024\/06\/logo-1024x1024.png","contentUrl":"https:\/\/omanivietnam.com\/wp-content\/uploads\/2024\/06\/logo-1024x1024.png","width":1024,"height":1024,"caption":"Nguy\u1ec5n V\u0103n Kh\u00e1nh"},"logo":{"@id":"https:\/\/omanivietnam.com\/#\/schema\/person\/image\/"},"sameAs":["https:\/\/omanivietnam.com"]}]}},"_links":{"self":[{"href":"https:\/\/omanivietnam.com\/index.php\/wp-json\/wp\/v2\/product\/3702","targetHints":{"allow":["GET"]}}],"collection":[{"href":"https:\/\/omanivietnam.com\/index.php\/wp-json\/wp\/v2\/product"}],"about":[{"href":"https:\/\/omanivietnam.com\/index.php\/wp-json\/wp\/v2\/types\/product"}],"replies":[{"embeddable":true,"href":"https:\/\/omanivietnam.com\/index.php\/wp-json\/wp\/v2\/comments?post=3702"}],"wp:featuredmedia":[{"embeddable":true,"href":"https:\/\/omanivietnam.com\/index.php\/wp-json\/wp\/v2\/media\/3703"}],"wp:attachment":[{"href":"https:\/\/omanivietnam.com\/index.php\/wp-json\/wp\/v2\/media?parent=3702"}],"wp:term":[{"taxonomy":"product_cat","embeddable":true,"href":"https:\/\/omanivietnam.com\/index.php\/wp-json\/wp\/v2\/product_cat?post=3702"},{"taxonomy":"product_tag","embeddable":true,"href":"https:\/\/omanivietnam.com\/index.php\/wp-json\/wp\/v2\/product_tag?post=3702"}],"curies":[{"name":"wp","href":"https:\/\/api.w.org\/{rel}","templated":true}]}}