{"id":3704,"date":"2025-05-06T12:19:06","date_gmt":"2025-05-06T05:19:06","guid":{"rendered":"https:\/\/omanivietnam.com\/?post_type=product&#038;p=3704"},"modified":"2025-05-06T12:21:50","modified_gmt":"2025-05-06T05:21:50","slug":"sumtak-sh-d-12-12","status":"publish","type":"product","link":"https:\/\/omanivietnam.com\/index.php\/san-pham\/sumtak-sh-d-12-12\/","title":{"rendered":"SUMTAK SH-D 12\/12"},"content":{"rendered":"<p>SUMTAK SH-D 12\/12<\/p>\n<p>SUMTAK SH-DS 12\/12<\/p>\n<p>Sumtak Sensor SH-D 6\/6, SH-D 12\/12, SH-Ds 12\/6WN<\/p>\n<p><strong>\u0110\u1ea1i L\u00fd Sumtak t\u1ea1i vi\u1ec7t nam<\/strong>\u00a0cung c\u1ea5p \u0111\u1ea7y \u0111\u1ee7 c\u00e1c b\u1ed9 m\u00e3 h\u00f3a Sumtak nh\u01b0 b\u1ed9 m\u00e3 ho\u00e1 gia t\u0103ng Sumtak v\u00e0 b\u1ed9 m\u00e3 h\u00f3a tuy\u1ec7t \u0111\u1ed1i Sumtak c\u1ee7a ch\u00fang t\u00f4i. T\u1ea5t c\u1ea3 c\u00e1c phi\u00ean b\u1ea3n c\u1ee7a b\u1ed9 m\u00e3 h\u00f3a Sumtak c\u1ee7a ch\u00fang t\u00f4i c\u00f3 s\u1eb5n trong r\u1ed7ng m\u00f9, \u0111\u1ea7y \u0111\u1ee7 th\u00f4ng qua khoan t\u1eeb 4mm \u2013 60mm. T\u1ea5t c\u1ea3 c\u00e1c s\u1ed1 d\u00f2ng c\u00f3 s\u1eb5n (y\u00eau c\u1ea7u). To\u00e0n b\u1ed9 c\u00e1c phi\u00ean b\u1ea3n \u0111\u00e3 l\u1ed7i th\u1eddi (v\u00ed d\u1ee5 11 amp vi \u2013 sinewave).<\/p>\n<p><strong>B\u1ed9 m\u00e3 h\u00f3a Sumtak<\/strong>\u00a0c\u1ee7a ch\u00fang t\u00f4i c\u00f3 th\u1ec3 cung c\u1ea5p kh\u1ea3 n\u0103ng b\u1ea3o v\u1ec7 l\u1ed1i \u0111i l\u00ean \u0111\u1ebfn IP68 cho c\u00e1c \u0111i\u1ec1u ki\u1ec7n kh\u1eafc nghi\u1ec7t kh\u1eafc nghi\u1ec7t bao g\u1ed3m ATEX \u0111\u01b0\u1ee3c ch\u1ea5p thu\u1eadn cho gi\u00e0n khoan d\u1ea7u v\u00e0 v\u1eadn chuy\u1ec3n. C\u0169ng b\u1eb1ng th\u00e9p kh\u00f4ng g\u1ec9 cho c\u00e1c s\u1ea3n ph\u1ea9m th\u1ef1c ph\u1ea9m. BESPOKE ni\u00eam phong c\u00f3 s\u1eb5n \u0111\u1ec3 ch\u1ed1ng l\u1ea1i c\u00e1c h\u00f3a ch\u1ea5t c\u1ee5 th\u1ec3 vv (y\u00eau c\u1ea7u).\u0110\u1ed9ng c\u01a1 servo AC cho b\u1ed9 m\u00e3 h\u00f3a Sumtak \u0111\u01b0\u1ee3c ki\u1ec3m tra v\u00e0 l\u1eafp \u0111\u1eb7t l\u1ea1i tr\u00ean \u0111\u1ed9ng c\u01a1 tr\u1ee5c, \u0111\u1ed9ng c\u01a1 tr\u1ee5c ch\u00ednh v\u00e0 b\u1ed9 m\u00e3 ho\u00e1 t\u1ed1c \u0111\u1ed9 cao kh\u00f4ng ti\u1ebfp x\u00fac \u0111\u01b0\u1ee3c ki\u1ec3m tra t\u1ea1i ch\u1ed7.<\/p>\n<p>Model\u00a0<strong>\u0110\u1ea1i L\u00fd Sumtak t\u1ea1i vi\u1ec7t nam<\/strong>\u00a0:<\/p>\n<p>SUMTAK-0001 LEC-150BM-G12E DC12V 150MA<\/p>\n<p>SUMTAK-0002 LBJ-288-2000<\/p>\n<p>SUMTAK-0003 LBJ-007-1000<\/p>\n<p>SUMTAK-0004 IRH360-600-016<\/p>\n<p>SUMTAK-0005 LHC-023-1024<\/p>\n<p>SUMTAK-0006 LF-500BM-G15F<\/p>\n<p>SUMTAK-0007 LF-500BM-G24F<\/p>\n<p>SUMTAK-0008 LEC-102.4B-S190A<\/p>\n<p>SUMTAK-0009 LF-B30-S122A<\/p>\n<p>SUMTAK-0010 LF-60B-S89<\/p>\n<p>SUMTAK-0011 IRH360 600P\/R 12-14V<\/p>\n<p>SUMTAK-0012 LEP-30B 300P\/R DC15V<\/p>\n<p>SUMTAK-0013 LYM-60B-S185YA<\/p>\n<p>SUMTAK-0014 LF-60B-S89A<\/p>\n<p>SUMTAK-0015 LHC-048-1024<\/p>\n<p>SUMTAK-0016 AP-018-1020<\/p>\n<p>SUMTAK-0019 LGT-401-25<\/p>\n<p>SUMTAK-0020 LBT-600-15<\/p>\n<p>SUMTAK-0021 IRT320-1024<\/p>\n<p>SUMTAK-0022 LF-1024-BM-H12FA<\/p>\n<p>SUMTAK-0023 LF-300VN-C12E<\/p>\n<p>SUMTAK-0024 IRT320-1024-002,DC5V,1024P\/R<\/p>\n<p>SUMTAK-0026 SH-D12\/12<\/p>\n<p>SUMTAK-0027 IRT310-2000-002<\/p>\n<p>SUMTAK-0028 LDA-048-1000CE<\/p>\n<p>SUMTAK-0029 LBJ-007-1024<\/p>\n<p>SUMTAK-0030 LBJ-176-2000 DC5V 800MA<\/p>\n<p>SUMTAK-0031 LBJ-085-1024 DC15V 120mA<\/p>\n<p>SUMTAK-0032 LBJ-197-66<\/p>\n<p>SUMTAK-0033 LF-100BM-C24E<\/p>\n<p>SUMTAK-0034 LF-1024BM-C15F<\/p>\n<p>SUMTAK-0035 LHC-026-1024 (IRT320-1024-002)<\/p>\n<p>SUMTAK-0036 AT-180-1008 DC24V 80MA<\/p>\n<p>SUMTAK-0038 AEI-501-8192<\/p>\n<p>SUMTAK-0039 LEC-1024BM-C24C<\/p>\n<p>SUMTAK-0040 IRS350-500-004<\/p>\n<p>SUMTAK-0041 IRS360-1024-005<\/p>\n<p>SUMTAK-0042 C61-6S\/6S<\/p>\n<p>SUMTAK-0043 LEC-216BM-C05E<\/p>\n<p>SUMTAK-0044 KSMP-5C<\/p>\n<p>SUMTAK-0045 SH-D12\/6-WN<\/p>\n<p>SUMTAK-0046 LMA-60B-S185YA<\/p>\n<p>SUMTAK-0047 encoder:LF-1024-BM-12FA<\/p>\n<p>SUMTAK-0048 LGT-001-100<\/p>\n<p>SUMTAK-0049 LBJ-189-1000<\/p>\n<p>SUMTAK-0050 LF-1024BM-S125<\/p>\n<p>SUMTAK-0051 LGB-001<\/p>\n<p>SUMTAK-0052 LGB-008<\/p>\n<p>SUMTAK-0053 optcoder:AT-051-0012 DC24V 60<\/p>\n<p>SUMTAK-0054 encoder:AEJ-201-1024 DC15-24V<\/p>\n<p>SUMTAK-0055 LHE-408-1024<\/p>\n<p>SUMTAK-0056 IRS360-1200 DC15V 120MA<\/p>\n<p>SUMTAK-0057 SHE-0001 DC12V<\/p>\n<p>SUMTAK-0058 LF-100BM-C15M<\/p>\n<p>SUMTAK-0059 10-1163X-R-1024<\/p>\n<p>SUMTAK-0060 IRH320-1024P\/R<\/p>\n<p>SUMTAK-0061 LMA-60B-518YA DC12V 150mA<\/p>\n<p>SUMTAK-0062 LGB-627-100<\/p>\n<p>SUMTAK-0063 LHD-007-600A<\/p>\n<p>SUMTAK-0064 IRS360-300-005<\/p>\n<p>SUMTAK-0065 IRS360 600P\/R 12-24VDC 005<\/p>\n<p>SUMTAK-0066 IRS360 2000P\/R 12-24VDC 005<\/p>\n<p>SUMTAK-0067 IRT310-2500 2500(2)P\/R +5V<\/p>\n<p>SUMTAK-0068 LHE-424-200<\/p>\n<p>SUMTAK-0069 IRH-360-600-016<\/p>\n<p>SUMTAK-0070 IRH360-200-016<\/p>\n<p>SUMTAK-0071 LFA501-25000P\/R<\/p>\n<p>SUMTAK-0072 IRT380-2000-019<\/p>\n<p>SUMTAK-0073 LF-50B-C12FA<\/p>\n<p>SUMTAK-0074\u00a0 LF-36BM-C05D<\/p>\n<p>SUMTAK-0075\u00a0 LF-250BM-C05D<\/p>\n<p>SUMTAK-0076\u00a0 LF-360BM-C05D<\/p>\n<p>SUMTAK-0077\u00a0 LF-180BM-C05D<\/p>\n<p>SUMTAK-0078<\/p>\n<p>SUMTAK-0079 SL-010-360<\/p>\n<p>SUMTAK-0080 MSK-503-I-1024<\/p>\n<p>SUMTAK-0081 AE-014-4096<\/p>\n<p>SUMTAK-0082 IRH350-1000<\/p>\n<p>SUMTAK-0083 LF-500BM-C12FA DC12V 150MA<\/p>\n<p>SUMTAK-0084 AED-007-2048<\/p>\n<p>SUMTAK-0085 RE-60BHA-S61<\/p>\n<p>SUMTAK-0086 LBJ-285-1024<\/p>\n<p>SUMTAK-0087 LF-45-600L-3F<\/p>\n<p>SUMTAK-0088 LHE-424-600<\/p>\n<p>SUMTAK-0089 RE60B P\/R600<\/p>\n<p>SUMTAK-0090 LF-200BM-012F<\/p>\n<p>SUMTAK-0091 LEC-300BM-S305A<\/p>\n<p>SUMTAK-0092 IRS320-1024-001<\/p>\n<p>SUMTAK-0093 LDA-185-500CE<\/p>\n<p>SUMTAK-0094<\/p>\n<p>SUMTAK-0095 MSK-503-1024P\/REV DC5V 150MA<\/p>\n<p>SUMTAK-0096 IRH320-2000<\/p>\n<p>SUMTAK-0097 LHE-501-2000PPR<\/p>\n<p>SUMTAK-0098 LHE-445-2500<\/p>\n<p>SUMTAK-0099 LHE-424-600 600P\/R<\/p>\n<p>SUMTAK-0100 ER230-MK2-7<\/p>\n<p>&nbsp;<\/p>\n<p>\u0110\u1ea1i l\u00fd SUMTAK vietnam, SUMTAK viet nam, SUMTAK vietnam distributor, Ph\u00e2n ph\u1ed1i SUMTAK t\u1ea1i vi\u1ec7t nam<\/p>\n<p>\u0110\u1ea1i l\u00fd SUMTAK vietnam, SUMTAK viet nam, SUMTAK vietnam distributor, Ph\u00e2n ph\u1ed1i SUMTAK t\u1ea1i vi\u1ec7t nam<\/p>\n<p>\u0110\u1ea1i l\u00fd SUMTAK vietnam, SUMTAK viet nam, SUMTAK vietnam distributor, Ph\u00e2n ph\u1ed1i SUMTAK t\u1ea1i vi\u1ec7t nam<\/p>\n","protected":false},"excerpt":{"rendered":"<p>SUMTAK SH-D 12\/12 SUMTAK SH-DS 12\/12 Sumtak Sensor SH-D 6\/6, SH-D 12\/12, SH-Ds 12\/6WN \u0110\u1ea1i L\u00fd Sumtak t\u1ea1i vi\u1ec7t nam\u00a0cung c\u1ea5p \u0111\u1ea7y \u0111\u1ee7 c\u00e1c b\u1ed9 m\u00e3 h\u00f3a Sumtak nh\u01b0 b\u1ed9 m\u00e3 ho\u00e1 gia t\u0103ng Sumtak v\u00e0 b\u1ed9 m\u00e3 h\u00f3a tuy\u1ec7t \u0111\u1ed1i Sumtak c\u1ee7a ch\u00fang t\u00f4i. T\u1ea5t c\u1ea3 c\u00e1c phi\u00ean b\u1ea3n&hellip; <\/p>\n","protected":false},"featured_media":3705,"comment_status":"open","ping_status":"closed","template":"","meta":[],"product_cat":[415],"product_tag":[88,417,416],"class_list":{"0":"post-3704","1":"product","2":"type-product","3":"status-publish","4":"has-post-thumbnail","6":"product_cat-sumtak","7":"product_tag-cam-bien","8":"product_tag-dai-ly-sumtak-viet-nam","9":"product_tag-sumtak-viet-nam","11":"first","12":"instock","13":"shipping-taxable","14":"product-type-simple"},"yoast_head":"<!-- This site is optimized with the Yoast SEO plugin v22.8 - https:\/\/yoast.com\/wordpress\/plugins\/seo\/ -->\n<title>SUMTAK SH-D 12\/12 - OMANI VI\u1ec6T NAM<\/title>\n<meta name=\"description\" content=\"SUMTAK SH-D12\/12 sensor\" \/>\n<meta name=\"robots\" content=\"index, follow, max-snippet:-1, max-image-preview:large, max-video-preview:-1\" \/>\n<link rel=\"canonical\" href=\"https:\/\/omanivietnam.com\/index.php\/san-pham\/sumtak-sh-d-12-12\/\" \/>\n<meta property=\"og:locale\" content=\"vi_VN\" \/>\n<meta property=\"og:type\" content=\"article\" \/>\n<meta property=\"og:title\" content=\"SUMTAK SH-D 12\/12 - OMANI VI\u1ec6T NAM\" \/>\n<meta property=\"og:description\" content=\"SUMTAK SH-D12\/12 sensor\" \/>\n<meta property=\"og:url\" content=\"https:\/\/omanivietnam.com\/index.php\/san-pham\/sumtak-sh-d-12-12\/\" \/>\n<meta property=\"og:site_name\" content=\"OMANI VI\u1ec6T NAM\" \/>\n<meta property=\"article:modified_time\" content=\"2025-05-06T05:21:50+00:00\" \/>\n<meta property=\"og:image\" content=\"https:\/\/omanivietnam.com\/wp-content\/uploads\/2025\/05\/SH-D-12.12.png\" \/>\n\t<meta property=\"og:image:width\" content=\"368\" \/>\n\t<meta property=\"og:image:height\" content=\"214\" \/>\n\t<meta property=\"og:image:type\" content=\"image\/png\" \/>\n<meta name=\"twitter:card\" content=\"summary_large_image\" \/>\n<meta name=\"twitter:label1\" content=\"\u01af\u1edbc t\u00ednh th\u1eddi gian \u0111\u1ecdc\" \/>\n\t<meta name=\"twitter:data1\" content=\"3 ph\u00fat\" \/>\n<script type=\"application\/ld+json\" class=\"yoast-schema-graph\">{\"@context\":\"https:\/\/schema.org\",\"@graph\":[{\"@type\":\"WebPage\",\"@id\":\"https:\/\/omanivietnam.com\/index.php\/san-pham\/sumtak-sh-d-12-12\/\",\"url\":\"https:\/\/omanivietnam.com\/index.php\/san-pham\/sumtak-sh-d-12-12\/\",\"name\":\"SUMTAK SH-D 12\/12 - OMANI VI\u1ec6T NAM\",\"isPartOf\":{\"@id\":\"https:\/\/omanivietnam.com\/#website\"},\"primaryImageOfPage\":{\"@id\":\"https:\/\/omanivietnam.com\/index.php\/san-pham\/sumtak-sh-d-12-12\/#primaryimage\"},\"image\":{\"@id\":\"https:\/\/omanivietnam.com\/index.php\/san-pham\/sumtak-sh-d-12-12\/#primaryimage\"},\"thumbnailUrl\":\"https:\/\/omanivietnam.com\/wp-content\/uploads\/2025\/05\/SH-D-12.12.png\",\"datePublished\":\"2025-05-06T05:19:06+00:00\",\"dateModified\":\"2025-05-06T05:21:50+00:00\",\"description\":\"SUMTAK SH-D12\/12 sensor\",\"breadcrumb\":{\"@id\":\"https:\/\/omanivietnam.com\/index.php\/san-pham\/sumtak-sh-d-12-12\/#breadcrumb\"},\"inLanguage\":\"vi\",\"potentialAction\":[{\"@type\":\"ReadAction\",\"target\":[\"https:\/\/omanivietnam.com\/index.php\/san-pham\/sumtak-sh-d-12-12\/\"]}]},{\"@type\":\"ImageObject\",\"inLanguage\":\"vi\",\"@id\":\"https:\/\/omanivietnam.com\/index.php\/san-pham\/sumtak-sh-d-12-12\/#primaryimage\",\"url\":\"https:\/\/omanivietnam.com\/wp-content\/uploads\/2025\/05\/SH-D-12.12.png\",\"contentUrl\":\"https:\/\/omanivietnam.com\/wp-content\/uploads\/2025\/05\/SH-D-12.12.png\",\"width\":368,\"height\":214},{\"@type\":\"BreadcrumbList\",\"@id\":\"https:\/\/omanivietnam.com\/index.php\/san-pham\/sumtak-sh-d-12-12\/#breadcrumb\",\"itemListElement\":[{\"@type\":\"ListItem\",\"position\":1,\"name\":\"Home\",\"item\":\"https:\/\/omanivietnam.com\/\"},{\"@type\":\"ListItem\",\"position\":2,\"name\":\"S\u1ea2N PH\u1ea8M\",\"item\":\"https:\/\/omanivietnam.com\/index.php\/cua-hang\/\"},{\"@type\":\"ListItem\",\"position\":3,\"name\":\"SUMTAK SH-D 12\/12\"}]},{\"@type\":\"WebSite\",\"@id\":\"https:\/\/omanivietnam.com\/#website\",\"url\":\"https:\/\/omanivietnam.com\/\",\"name\":\"OMANI VI\u1ec6T NAM\",\"description\":\"Nh\u00e0 ph\u00e2n ph\u1ed1i thi\u1ebft b\u1ecb kh\u00ed n\u00e9n v\u00e0 thi\u1ebft b\u1ecb t\u1ef1 \u0111\u1ed9ng h\u00f3a trong c\u00f4ng nghi\u1ec7p\",\"publisher\":{\"@id\":\"https:\/\/omanivietnam.com\/#\/schema\/person\/0ad398a980dc3fd696111c2c5c8fa897\"},\"potentialAction\":[{\"@type\":\"SearchAction\",\"target\":{\"@type\":\"EntryPoint\",\"urlTemplate\":\"https:\/\/omanivietnam.com\/?s={search_term_string}\"},\"query-input\":\"required name=search_term_string\"}],\"inLanguage\":\"vi\"},{\"@type\":[\"Person\",\"Organization\"],\"@id\":\"https:\/\/omanivietnam.com\/#\/schema\/person\/0ad398a980dc3fd696111c2c5c8fa897\",\"name\":\"Nguy\u1ec5n V\u0103n Kh\u00e1nh\",\"image\":{\"@type\":\"ImageObject\",\"inLanguage\":\"vi\",\"@id\":\"https:\/\/omanivietnam.com\/#\/schema\/person\/image\/\",\"url\":\"https:\/\/omanivietnam.com\/wp-content\/uploads\/2024\/06\/logo-1024x1024.png\",\"contentUrl\":\"https:\/\/omanivietnam.com\/wp-content\/uploads\/2024\/06\/logo-1024x1024.png\",\"width\":1024,\"height\":1024,\"caption\":\"Nguy\u1ec5n V\u0103n Kh\u00e1nh\"},\"logo\":{\"@id\":\"https:\/\/omanivietnam.com\/#\/schema\/person\/image\/\"},\"sameAs\":[\"https:\/\/omanivietnam.com\"]}]}<\/script>\n<!-- \/ Yoast SEO plugin. -->","yoast_head_json":{"title":"SUMTAK SH-D 12\/12 - OMANI VI\u1ec6T NAM","description":"SUMTAK SH-D12\/12 sensor","robots":{"index":"index","follow":"follow","max-snippet":"max-snippet:-1","max-image-preview":"max-image-preview:large","max-video-preview":"max-video-preview:-1"},"canonical":"https:\/\/omanivietnam.com\/index.php\/san-pham\/sumtak-sh-d-12-12\/","og_locale":"vi_VN","og_type":"article","og_title":"SUMTAK SH-D 12\/12 - OMANI VI\u1ec6T NAM","og_description":"SUMTAK SH-D12\/12 sensor","og_url":"https:\/\/omanivietnam.com\/index.php\/san-pham\/sumtak-sh-d-12-12\/","og_site_name":"OMANI VI\u1ec6T NAM","article_modified_time":"2025-05-06T05:21:50+00:00","og_image":[{"width":368,"height":214,"url":"https:\/\/omanivietnam.com\/wp-content\/uploads\/2025\/05\/SH-D-12.12.png","type":"image\/png"}],"twitter_card":"summary_large_image","twitter_misc":{"\u01af\u1edbc t\u00ednh th\u1eddi gian \u0111\u1ecdc":"3 ph\u00fat"},"schema":{"@context":"https:\/\/schema.org","@graph":[{"@type":"WebPage","@id":"https:\/\/omanivietnam.com\/index.php\/san-pham\/sumtak-sh-d-12-12\/","url":"https:\/\/omanivietnam.com\/index.php\/san-pham\/sumtak-sh-d-12-12\/","name":"SUMTAK SH-D 12\/12 - OMANI VI\u1ec6T NAM","isPartOf":{"@id":"https:\/\/omanivietnam.com\/#website"},"primaryImageOfPage":{"@id":"https:\/\/omanivietnam.com\/index.php\/san-pham\/sumtak-sh-d-12-12\/#primaryimage"},"image":{"@id":"https:\/\/omanivietnam.com\/index.php\/san-pham\/sumtak-sh-d-12-12\/#primaryimage"},"thumbnailUrl":"https:\/\/omanivietnam.com\/wp-content\/uploads\/2025\/05\/SH-D-12.12.png","datePublished":"2025-05-06T05:19:06+00:00","dateModified":"2025-05-06T05:21:50+00:00","description":"SUMTAK SH-D12\/12 sensor","breadcrumb":{"@id":"https:\/\/omanivietnam.com\/index.php\/san-pham\/sumtak-sh-d-12-12\/#breadcrumb"},"inLanguage":"vi","potentialAction":[{"@type":"ReadAction","target":["https:\/\/omanivietnam.com\/index.php\/san-pham\/sumtak-sh-d-12-12\/"]}]},{"@type":"ImageObject","inLanguage":"vi","@id":"https:\/\/omanivietnam.com\/index.php\/san-pham\/sumtak-sh-d-12-12\/#primaryimage","url":"https:\/\/omanivietnam.com\/wp-content\/uploads\/2025\/05\/SH-D-12.12.png","contentUrl":"https:\/\/omanivietnam.com\/wp-content\/uploads\/2025\/05\/SH-D-12.12.png","width":368,"height":214},{"@type":"BreadcrumbList","@id":"https:\/\/omanivietnam.com\/index.php\/san-pham\/sumtak-sh-d-12-12\/#breadcrumb","itemListElement":[{"@type":"ListItem","position":1,"name":"Home","item":"https:\/\/omanivietnam.com\/"},{"@type":"ListItem","position":2,"name":"S\u1ea2N PH\u1ea8M","item":"https:\/\/omanivietnam.com\/index.php\/cua-hang\/"},{"@type":"ListItem","position":3,"name":"SUMTAK SH-D 12\/12"}]},{"@type":"WebSite","@id":"https:\/\/omanivietnam.com\/#website","url":"https:\/\/omanivietnam.com\/","name":"OMANI VI\u1ec6T NAM","description":"Nh\u00e0 ph\u00e2n ph\u1ed1i thi\u1ebft b\u1ecb kh\u00ed n\u00e9n v\u00e0 thi\u1ebft b\u1ecb t\u1ef1 \u0111\u1ed9ng h\u00f3a trong c\u00f4ng nghi\u1ec7p","publisher":{"@id":"https:\/\/omanivietnam.com\/#\/schema\/person\/0ad398a980dc3fd696111c2c5c8fa897"},"potentialAction":[{"@type":"SearchAction","target":{"@type":"EntryPoint","urlTemplate":"https:\/\/omanivietnam.com\/?s={search_term_string}"},"query-input":"required name=search_term_string"}],"inLanguage":"vi"},{"@type":["Person","Organization"],"@id":"https:\/\/omanivietnam.com\/#\/schema\/person\/0ad398a980dc3fd696111c2c5c8fa897","name":"Nguy\u1ec5n V\u0103n Kh\u00e1nh","image":{"@type":"ImageObject","inLanguage":"vi","@id":"https:\/\/omanivietnam.com\/#\/schema\/person\/image\/","url":"https:\/\/omanivietnam.com\/wp-content\/uploads\/2024\/06\/logo-1024x1024.png","contentUrl":"https:\/\/omanivietnam.com\/wp-content\/uploads\/2024\/06\/logo-1024x1024.png","width":1024,"height":1024,"caption":"Nguy\u1ec5n V\u0103n Kh\u00e1nh"},"logo":{"@id":"https:\/\/omanivietnam.com\/#\/schema\/person\/image\/"},"sameAs":["https:\/\/omanivietnam.com"]}]}},"_links":{"self":[{"href":"https:\/\/omanivietnam.com\/index.php\/wp-json\/wp\/v2\/product\/3704","targetHints":{"allow":["GET"]}}],"collection":[{"href":"https:\/\/omanivietnam.com\/index.php\/wp-json\/wp\/v2\/product"}],"about":[{"href":"https:\/\/omanivietnam.com\/index.php\/wp-json\/wp\/v2\/types\/product"}],"replies":[{"embeddable":true,"href":"https:\/\/omanivietnam.com\/index.php\/wp-json\/wp\/v2\/comments?post=3704"}],"wp:featuredmedia":[{"embeddable":true,"href":"https:\/\/omanivietnam.com\/index.php\/wp-json\/wp\/v2\/media\/3705"}],"wp:attachment":[{"href":"https:\/\/omanivietnam.com\/index.php\/wp-json\/wp\/v2\/media?parent=3704"}],"wp:term":[{"taxonomy":"product_cat","embeddable":true,"href":"https:\/\/omanivietnam.com\/index.php\/wp-json\/wp\/v2\/product_cat?post=3704"},{"taxonomy":"product_tag","embeddable":true,"href":"https:\/\/omanivietnam.com\/index.php\/wp-json\/wp\/v2\/product_tag?post=3704"}],"curies":[{"name":"wp","href":"https:\/\/api.w.org\/{rel}","templated":true}]}}