{"id":3712,"date":"2025-05-06T22:34:35","date_gmt":"2025-05-06T15:34:35","guid":{"rendered":"https:\/\/omanivietnam.com\/?post_type=product&#038;p=3712"},"modified":"2025-05-06T22:37:57","modified_gmt":"2025-05-06T15:37:57","slug":"danfoss-wvfx-32-40","status":"publish","type":"product","link":"https:\/\/omanivietnam.com\/index.php\/san-pham\/danfoss-wvfx-32-40\/","title":{"rendered":"DANFOSS WVFX 32-40"},"content":{"rendered":"<p>DANFOSS WVFX 32-40<\/p>\n<p>DANFOSS WVFX 40<\/p>\n<p><strong>DANFOSS WVFX 40, G 1 1\/2 (4.00 bar &#8211; 17.00 bar, 11.000 m\u00b3\/h) &#8211; C\/N 003F1240<\/strong><\/p>\n<p>Connection type: G, Connection size [in]: 1 1\/2, Kv value [m\u00b3\/h]: 11.000, Opening configuration: Opens on rising cond. pressure, Control pressure range [bar]: 4.00 &#8211; 17.00, Connection size (refrigerant): 1\/4 in &#8211; 6 mm, Connection type (refrigerant): SAE flare<\/p>\n<p><strong>Product details<\/strong><\/p>\n<table border=\"1\" width=\"659\" cellspacing=\"0\" cellpadding=\"0\">\n<tbody>\n<tr>\n<td>Gross weight<\/td>\n<td>3.32 Kilogram<\/td>\n<\/tr>\n<tr>\n<td>Net weight<\/td>\n<td>3.202 Kilogram<\/td>\n<\/tr>\n<tr>\n<td>Volume<\/td>\n<td>4.941 Liter<\/td>\n<\/tr>\n<tr>\n<td>EAN<\/td>\n<td>5702422038689<\/td>\n<\/tr>\n<\/tbody>\n<\/table>\n<p>&nbsp;<\/p>\n<table border=\"1\" width=\"661\" cellspacing=\"0\" cellpadding=\"0\">\n<tbody>\n<tr>\n<td>Approval<\/td>\n<td>EAC; LLC CDC TYSK; PED; RoHS; RoHS China<\/td>\n<\/tr>\n<tr>\n<td>Body material<\/td>\n<td>Cast iron<\/td>\n<\/tr>\n<tr>\n<td>China RoHS compliance<\/td>\n<td>Yes<\/td>\n<\/tr>\n<tr>\n<td>Connection Internal\/External<\/td>\n<td>Internal<\/td>\n<\/tr>\n<tr>\n<td>Connection size (refrigerant)<\/td>\n<td>1\/4 in &#8211; 6 mm<\/td>\n<\/tr>\n<tr>\n<td>Connection size [in]<\/td>\n<td>1 1\/2<\/td>\n<\/tr>\n<tr>\n<td>Connection standard<\/td>\n<td>ISO 228-1<\/td>\n<\/tr>\n<tr>\n<td>Connection type<\/td>\n<td>G<\/td>\n<\/tr>\n<tr>\n<td>Connection type (refrigerant)<\/td>\n<td>SAE flare<\/td>\n<\/tr>\n<tr>\n<td>Control pressure range [bar] [max]<\/td>\n<td>17 bar<\/td>\n<\/tr>\n<tr>\n<td>Control pressure range [bar] [min]<\/td>\n<td>4 bar<\/td>\n<\/tr>\n<tr>\n<td>Differential pressure [bar]<\/td>\n<td>10 bar<\/td>\n<\/tr>\n<tr>\n<td>Differential pressure [psi]<\/td>\n<td>145 psi<\/td>\n<\/tr>\n<tr>\n<td>EU RoHS compliance<\/td>\n<td>Out of scope<\/td>\n<\/tr>\n<tr>\n<td>In scope of WEEE and contain batteries<\/td>\n<td>No<\/td>\n<\/tr>\n<tr>\n<td>Kv value [m\u00b3\/h]<\/td>\n<td>11 m\u00b3\/h<\/td>\n<\/tr>\n<tr>\n<td>Lubricants compatibility<\/td>\n<td>Oilfree applications<\/td>\n<\/tr>\n<tr>\n<td>Max. test pressure [bar] Pe<\/td>\n<td>10 bar<\/td>\n<\/tr>\n<tr>\n<td>Max. test pressure [psig]<\/td>\n<td>145 psig<\/td>\n<\/tr>\n<tr>\n<td>Max. Working Pressure [bar]<\/td>\n<td>10 bar<\/td>\n<\/tr>\n<tr>\n<td>Max. Working Pressure [psig]<\/td>\n<td>145 psig<\/td>\n<\/tr>\n<tr>\n<td>Max.test press.(refrig.)[bar]<\/td>\n<td>26.5 bar<\/td>\n<\/tr>\n<tr>\n<td>Max.test press.(refrig.)[psig]<\/td>\n<td>384.3 psig<\/td>\n<\/tr>\n<tr>\n<td>Media<\/td>\n<td>Fresh water; Neutral brine<\/td>\n<\/tr>\n<tr>\n<td>Medium temperature range [\u00b0C] [max]<\/td>\n<td>90 \u00b0C<\/td>\n<\/tr>\n<tr>\n<td>Medium temperature range [\u00b0C] [min]<\/td>\n<td>-25 \u00b0C<\/td>\n<\/tr>\n<tr>\n<td>Medium temperature range [\u00b0F] [max]<\/td>\n<td>194 \u00b0F<\/td>\n<\/tr>\n<tr>\n<td>Medium temperature range [\u00b0F] [min]<\/td>\n<td>-13 \u00b0F<\/td>\n<\/tr>\n<tr>\n<td>MWP (refrigerant) [bar]<\/td>\n<td>24.1 bar<\/td>\n<\/tr>\n<tr>\n<td>Oil free refrigerants<\/td>\n<td>R513A<\/td>\n<\/tr>\n<tr>\n<td>Opening configuration<\/td>\n<td>Opens on rising cond. pressure<\/td>\n<\/tr>\n<tr>\n<td>Packing format<\/td>\n<td>Multi pack<\/td>\n<\/tr>\n<tr>\n<td>Product accessories<\/td>\n<td>Generic accessories; Water valves accessories<\/td>\n<\/tr>\n<tr>\n<td>Product group<\/td>\n<td>Water regulating valves<\/td>\n<\/tr>\n<tr>\n<td>Product Name Description<\/td>\n<td>Pressure operated water valve<\/td>\n<\/tr>\n<tr>\n<td>Quantity per packing format<\/td>\n<td>4 pc<\/td>\n<\/tr>\n<tr>\n<td>REACH Candidate List substances<\/td>\n<td>Lead (CAS no. 7439-92-1)<\/td>\n<\/tr>\n<tr>\n<td>Refrigerants<\/td>\n<td>R1234yf; R134a; R22; R404A; R407A; R407C; R407F; R407H; R422B; R422D; R448A; R449A; R449B; R450A; R452A; R454A; R454C; R455A; R507A; R513A; R515B; R516A<\/td>\n<\/tr>\n<tr>\n<td>SCIP dossier no.<\/td>\n<td>f7d782f1-04df-4c40-bfe2-ea3a06dce79f<\/td>\n<\/tr>\n<tr>\n<td>SCIP dossier product name<\/td>\n<td>WVS\/WVTS<\/td>\n<\/tr>\n<tr>\n<td>Serviceable<\/td>\n<td>Water valve spare parts<\/td>\n<\/tr>\n<tr>\n<td>Type<\/td>\n<td>WVFX 40<\/td>\n<\/tr>\n<tr>\n<td>UK RoHS compliance<\/td>\n<td>Out of scope<\/td>\n<\/tr>\n<\/tbody>\n<\/table>\n<p>&nbsp;<\/p>\n<p>\u0110\u1ea1i l\u00fd DANFOSS vietnam, DANFOSS viet nam, DANFOSS vietnam distributor, Ph\u00e2n ph\u1ed1i DANFOSS t\u1ea1i vi\u1ec7t nam<\/p>\n<p>\u0110\u1ea1i l\u00fd DANFOSS vietnam, DANFOSS viet nam, DANFOSS vietnam distributor, Ph\u00e2n ph\u1ed1i DANFOSS t\u1ea1i vi\u1ec7t nam<\/p>\n<p>\u0110\u1ea1i l\u00fd DANFOSS vietnam, DANFOSS viet nam, DANFOSS vietnam distributor, Ph\u00e2n ph\u1ed1i DANFOSS t\u1ea1i vi\u1ec7t nam<\/p>\n<p>&nbsp;<\/p>\n","protected":false},"excerpt":{"rendered":"<p>DANFOSS WVFX 32-40 DANFOSS WVFX 40 DANFOSS WVFX 40, G 1 1\/2 (4.00 bar &#8211; 17.00 bar, 11.000 m\u00b3\/h) &#8211; C\/N 003F1240 Connection type: G, Connection size [in]: 1 1\/2, Kv value [m\u00b3\/h]: 11.000, Opening configuration: Opens on rising cond. pressure, Control pressure range [bar]: 4.00 &#8211; 17.00, Connection size&hellip; <\/p>\n","protected":false},"featured_media":3714,"comment_status":"open","ping_status":"closed","template":"","meta":[],"product_cat":[368],"product_tag":[176,175,198],"class_list":{"0":"post-3712","1":"product","2":"type-product","3":"status-publish","4":"has-post-thumbnail","6":"product_cat-danfoss","7":"product_tag-dai-ly-danfoss-viet-nam","8":"product_tag-danfoss-viet-nam","9":"product_tag-van-dieu-ap","11":"first","12":"instock","13":"shipping-taxable","14":"product-type-simple"},"yoast_head":"<!-- This site is optimized with the Yoast SEO plugin v22.8 - https:\/\/yoast.com\/wordpress\/plugins\/seo\/ -->\n<title>DANFOSS WVFX 32-40 - OMANI VI\u1ec6T NAM<\/title>\n<meta name=\"description\" content=\"DANFOSS WVFX 32-40 Pressure operated water valve\" \/>\n<meta name=\"robots\" content=\"index, follow, max-snippet:-1, max-image-preview:large, max-video-preview:-1\" \/>\n<link rel=\"canonical\" href=\"https:\/\/omanivietnam.com\/index.php\/san-pham\/danfoss-wvfx-32-40\/\" \/>\n<meta property=\"og:locale\" content=\"vi_VN\" \/>\n<meta property=\"og:type\" content=\"article\" \/>\n<meta property=\"og:title\" content=\"DANFOSS WVFX 32-40 - OMANI VI\u1ec6T NAM\" \/>\n<meta property=\"og:description\" content=\"DANFOSS WVFX 32-40 Pressure operated water valve\" \/>\n<meta property=\"og:url\" content=\"https:\/\/omanivietnam.com\/index.php\/san-pham\/danfoss-wvfx-32-40\/\" \/>\n<meta property=\"og:site_name\" content=\"OMANI VI\u1ec6T NAM\" \/>\n<meta property=\"article:modified_time\" content=\"2025-05-06T15:37:57+00:00\" \/>\n<meta property=\"og:image\" content=\"https:\/\/omanivietnam.com\/wp-content\/uploads\/2025\/05\/WVFX-40-1.png\" \/>\n\t<meta property=\"og:image:width\" content=\"561\" \/>\n\t<meta property=\"og:image:height\" content=\"810\" \/>\n\t<meta property=\"og:image:type\" content=\"image\/png\" \/>\n<meta name=\"twitter:card\" content=\"summary_large_image\" \/>\n<meta name=\"twitter:label1\" content=\"\u01af\u1edbc t\u00ednh th\u1eddi gian \u0111\u1ecdc\" \/>\n\t<meta name=\"twitter:data1\" content=\"3 ph\u00fat\" \/>\n<script type=\"application\/ld+json\" class=\"yoast-schema-graph\">{\"@context\":\"https:\/\/schema.org\",\"@graph\":[{\"@type\":\"WebPage\",\"@id\":\"https:\/\/omanivietnam.com\/index.php\/san-pham\/danfoss-wvfx-32-40\/\",\"url\":\"https:\/\/omanivietnam.com\/index.php\/san-pham\/danfoss-wvfx-32-40\/\",\"name\":\"DANFOSS WVFX 32-40 - OMANI VI\u1ec6T NAM\",\"isPartOf\":{\"@id\":\"https:\/\/omanivietnam.com\/#website\"},\"primaryImageOfPage\":{\"@id\":\"https:\/\/omanivietnam.com\/index.php\/san-pham\/danfoss-wvfx-32-40\/#primaryimage\"},\"image\":{\"@id\":\"https:\/\/omanivietnam.com\/index.php\/san-pham\/danfoss-wvfx-32-40\/#primaryimage\"},\"thumbnailUrl\":\"https:\/\/omanivietnam.com\/wp-content\/uploads\/2025\/05\/WVFX-40-1.png\",\"datePublished\":\"2025-05-06T15:34:35+00:00\",\"dateModified\":\"2025-05-06T15:37:57+00:00\",\"description\":\"DANFOSS WVFX 32-40 Pressure operated water valve\",\"breadcrumb\":{\"@id\":\"https:\/\/omanivietnam.com\/index.php\/san-pham\/danfoss-wvfx-32-40\/#breadcrumb\"},\"inLanguage\":\"vi\",\"potentialAction\":[{\"@type\":\"ReadAction\",\"target\":[\"https:\/\/omanivietnam.com\/index.php\/san-pham\/danfoss-wvfx-32-40\/\"]}]},{\"@type\":\"ImageObject\",\"inLanguage\":\"vi\",\"@id\":\"https:\/\/omanivietnam.com\/index.php\/san-pham\/danfoss-wvfx-32-40\/#primaryimage\",\"url\":\"https:\/\/omanivietnam.com\/wp-content\/uploads\/2025\/05\/WVFX-40-1.png\",\"contentUrl\":\"https:\/\/omanivietnam.com\/wp-content\/uploads\/2025\/05\/WVFX-40-1.png\",\"width\":561,\"height\":810},{\"@type\":\"BreadcrumbList\",\"@id\":\"https:\/\/omanivietnam.com\/index.php\/san-pham\/danfoss-wvfx-32-40\/#breadcrumb\",\"itemListElement\":[{\"@type\":\"ListItem\",\"position\":1,\"name\":\"Home\",\"item\":\"https:\/\/omanivietnam.com\/\"},{\"@type\":\"ListItem\",\"position\":2,\"name\":\"S\u1ea2N PH\u1ea8M\",\"item\":\"https:\/\/omanivietnam.com\/index.php\/cua-hang\/\"},{\"@type\":\"ListItem\",\"position\":3,\"name\":\"DANFOSS WVFX 32-40\"}]},{\"@type\":\"WebSite\",\"@id\":\"https:\/\/omanivietnam.com\/#website\",\"url\":\"https:\/\/omanivietnam.com\/\",\"name\":\"OMANI VI\u1ec6T NAM\",\"description\":\"Nh\u00e0 ph\u00e2n ph\u1ed1i thi\u1ebft b\u1ecb kh\u00ed n\u00e9n v\u00e0 thi\u1ebft b\u1ecb t\u1ef1 \u0111\u1ed9ng h\u00f3a trong c\u00f4ng nghi\u1ec7p\",\"publisher\":{\"@id\":\"https:\/\/omanivietnam.com\/#\/schema\/person\/0ad398a980dc3fd696111c2c5c8fa897\"},\"potentialAction\":[{\"@type\":\"SearchAction\",\"target\":{\"@type\":\"EntryPoint\",\"urlTemplate\":\"https:\/\/omanivietnam.com\/?s={search_term_string}\"},\"query-input\":\"required name=search_term_string\"}],\"inLanguage\":\"vi\"},{\"@type\":[\"Person\",\"Organization\"],\"@id\":\"https:\/\/omanivietnam.com\/#\/schema\/person\/0ad398a980dc3fd696111c2c5c8fa897\",\"name\":\"Nguy\u1ec5n V\u0103n Kh\u00e1nh\",\"image\":{\"@type\":\"ImageObject\",\"inLanguage\":\"vi\",\"@id\":\"https:\/\/omanivietnam.com\/#\/schema\/person\/image\/\",\"url\":\"https:\/\/omanivietnam.com\/wp-content\/uploads\/2024\/06\/logo-1024x1024.png\",\"contentUrl\":\"https:\/\/omanivietnam.com\/wp-content\/uploads\/2024\/06\/logo-1024x1024.png\",\"width\":1024,\"height\":1024,\"caption\":\"Nguy\u1ec5n V\u0103n Kh\u00e1nh\"},\"logo\":{\"@id\":\"https:\/\/omanivietnam.com\/#\/schema\/person\/image\/\"},\"sameAs\":[\"https:\/\/omanivietnam.com\"]}]}<\/script>\n<!-- \/ Yoast SEO plugin. -->","yoast_head_json":{"title":"DANFOSS WVFX 32-40 - OMANI VI\u1ec6T NAM","description":"DANFOSS WVFX 32-40 Pressure operated water valve","robots":{"index":"index","follow":"follow","max-snippet":"max-snippet:-1","max-image-preview":"max-image-preview:large","max-video-preview":"max-video-preview:-1"},"canonical":"https:\/\/omanivietnam.com\/index.php\/san-pham\/danfoss-wvfx-32-40\/","og_locale":"vi_VN","og_type":"article","og_title":"DANFOSS WVFX 32-40 - OMANI VI\u1ec6T NAM","og_description":"DANFOSS WVFX 32-40 Pressure operated water valve","og_url":"https:\/\/omanivietnam.com\/index.php\/san-pham\/danfoss-wvfx-32-40\/","og_site_name":"OMANI VI\u1ec6T NAM","article_modified_time":"2025-05-06T15:37:57+00:00","og_image":[{"width":561,"height":810,"url":"https:\/\/omanivietnam.com\/wp-content\/uploads\/2025\/05\/WVFX-40-1.png","type":"image\/png"}],"twitter_card":"summary_large_image","twitter_misc":{"\u01af\u1edbc t\u00ednh th\u1eddi gian \u0111\u1ecdc":"3 ph\u00fat"},"schema":{"@context":"https:\/\/schema.org","@graph":[{"@type":"WebPage","@id":"https:\/\/omanivietnam.com\/index.php\/san-pham\/danfoss-wvfx-32-40\/","url":"https:\/\/omanivietnam.com\/index.php\/san-pham\/danfoss-wvfx-32-40\/","name":"DANFOSS WVFX 32-40 - OMANI VI\u1ec6T NAM","isPartOf":{"@id":"https:\/\/omanivietnam.com\/#website"},"primaryImageOfPage":{"@id":"https:\/\/omanivietnam.com\/index.php\/san-pham\/danfoss-wvfx-32-40\/#primaryimage"},"image":{"@id":"https:\/\/omanivietnam.com\/index.php\/san-pham\/danfoss-wvfx-32-40\/#primaryimage"},"thumbnailUrl":"https:\/\/omanivietnam.com\/wp-content\/uploads\/2025\/05\/WVFX-40-1.png","datePublished":"2025-05-06T15:34:35+00:00","dateModified":"2025-05-06T15:37:57+00:00","description":"DANFOSS WVFX 32-40 Pressure operated water valve","breadcrumb":{"@id":"https:\/\/omanivietnam.com\/index.php\/san-pham\/danfoss-wvfx-32-40\/#breadcrumb"},"inLanguage":"vi","potentialAction":[{"@type":"ReadAction","target":["https:\/\/omanivietnam.com\/index.php\/san-pham\/danfoss-wvfx-32-40\/"]}]},{"@type":"ImageObject","inLanguage":"vi","@id":"https:\/\/omanivietnam.com\/index.php\/san-pham\/danfoss-wvfx-32-40\/#primaryimage","url":"https:\/\/omanivietnam.com\/wp-content\/uploads\/2025\/05\/WVFX-40-1.png","contentUrl":"https:\/\/omanivietnam.com\/wp-content\/uploads\/2025\/05\/WVFX-40-1.png","width":561,"height":810},{"@type":"BreadcrumbList","@id":"https:\/\/omanivietnam.com\/index.php\/san-pham\/danfoss-wvfx-32-40\/#breadcrumb","itemListElement":[{"@type":"ListItem","position":1,"name":"Home","item":"https:\/\/omanivietnam.com\/"},{"@type":"ListItem","position":2,"name":"S\u1ea2N PH\u1ea8M","item":"https:\/\/omanivietnam.com\/index.php\/cua-hang\/"},{"@type":"ListItem","position":3,"name":"DANFOSS WVFX 32-40"}]},{"@type":"WebSite","@id":"https:\/\/omanivietnam.com\/#website","url":"https:\/\/omanivietnam.com\/","name":"OMANI VI\u1ec6T NAM","description":"Nh\u00e0 ph\u00e2n ph\u1ed1i thi\u1ebft b\u1ecb kh\u00ed n\u00e9n v\u00e0 thi\u1ebft b\u1ecb t\u1ef1 \u0111\u1ed9ng h\u00f3a trong c\u00f4ng nghi\u1ec7p","publisher":{"@id":"https:\/\/omanivietnam.com\/#\/schema\/person\/0ad398a980dc3fd696111c2c5c8fa897"},"potentialAction":[{"@type":"SearchAction","target":{"@type":"EntryPoint","urlTemplate":"https:\/\/omanivietnam.com\/?s={search_term_string}"},"query-input":"required name=search_term_string"}],"inLanguage":"vi"},{"@type":["Person","Organization"],"@id":"https:\/\/omanivietnam.com\/#\/schema\/person\/0ad398a980dc3fd696111c2c5c8fa897","name":"Nguy\u1ec5n V\u0103n Kh\u00e1nh","image":{"@type":"ImageObject","inLanguage":"vi","@id":"https:\/\/omanivietnam.com\/#\/schema\/person\/image\/","url":"https:\/\/omanivietnam.com\/wp-content\/uploads\/2024\/06\/logo-1024x1024.png","contentUrl":"https:\/\/omanivietnam.com\/wp-content\/uploads\/2024\/06\/logo-1024x1024.png","width":1024,"height":1024,"caption":"Nguy\u1ec5n V\u0103n Kh\u00e1nh"},"logo":{"@id":"https:\/\/omanivietnam.com\/#\/schema\/person\/image\/"},"sameAs":["https:\/\/omanivietnam.com"]}]}},"_links":{"self":[{"href":"https:\/\/omanivietnam.com\/index.php\/wp-json\/wp\/v2\/product\/3712","targetHints":{"allow":["GET"]}}],"collection":[{"href":"https:\/\/omanivietnam.com\/index.php\/wp-json\/wp\/v2\/product"}],"about":[{"href":"https:\/\/omanivietnam.com\/index.php\/wp-json\/wp\/v2\/types\/product"}],"replies":[{"embeddable":true,"href":"https:\/\/omanivietnam.com\/index.php\/wp-json\/wp\/v2\/comments?post=3712"}],"wp:featuredmedia":[{"embeddable":true,"href":"https:\/\/omanivietnam.com\/index.php\/wp-json\/wp\/v2\/media\/3714"}],"wp:attachment":[{"href":"https:\/\/omanivietnam.com\/index.php\/wp-json\/wp\/v2\/media?parent=3712"}],"wp:term":[{"taxonomy":"product_cat","embeddable":true,"href":"https:\/\/omanivietnam.com\/index.php\/wp-json\/wp\/v2\/product_cat?post=3712"},{"taxonomy":"product_tag","embeddable":true,"href":"https:\/\/omanivietnam.com\/index.php\/wp-json\/wp\/v2\/product_tag?post=3712"}],"curies":[{"name":"wp","href":"https:\/\/api.w.org\/{rel}","templated":true}]}}