{"id":3716,"date":"2025-05-07T15:07:10","date_gmt":"2025-05-07T08:07:10","guid":{"rendered":"https:\/\/omanivietnam.com\/?post_type=product&#038;p=3716"},"modified":"2025-05-07T15:07:10","modified_gmt":"2025-05-07T08:07:10","slug":"royal-ut156c-2tp","status":"publish","type":"product","link":"https:\/\/omanivietnam.com\/index.php\/san-pham\/royal-ut156c-2tp\/","title":{"rendered":"ROYAL UT156C-2TP"},"content":{"rendered":"<p>ROYAL UT156C-2TP AC220V<\/p>\n<h2 class=\"title-product item_name\">Qu\u1ea1t l\u00e0m m\u00e1t Royal Fan UT156C-2TP<\/h2>\n<h3>1.Qu\u1ea1t l\u00e0m m\u00e1t Royal Fan UT156C-2TP:<\/h3>\n<div>\n<p>Lo\u1ea1i b\u1ed9 ph\u1eadn C\u00c1I QU\u1ea0T<br \/>\nNg\u01b0\u1eddi m\u1eabu UT156C-2TP<br \/>\nTh\u01b0\u01a1ng hi\u1ec7u ROYAL<br \/>\nK\u00edch c\u1ee1 150mm x 172mm x 38mm<br \/>\nChi\u1ec1u d\u00e0i 172mm<br \/>\nChi\u1ec1u r\u1ed9ng 150mm<br \/>\nchi\u1ec1u cao 38mm<br \/>\n\u0111i\u1ec7n \u00e1p 220-230V<br \/>\nQuy\u1ec1n l\u1ef1c 26\/29W<br \/>\nT\u00ean kh\u00e1c UTL56C-2TP<\/p>\n<p>&nbsp;<\/p>\n<\/div>\n","protected":false},"excerpt":{"rendered":"<p>ROYAL UT156C-2TP AC220V Qu\u1ea1t l\u00e0m m\u00e1t Royal Fan UT156C-2TP 1.Qu\u1ea1t l\u00e0m m\u00e1t Royal Fan UT156C-2TP: Lo\u1ea1i b\u1ed9 ph\u1eadn C\u00c1I QU\u1ea0T Ng\u01b0\u1eddi m\u1eabu UT156C-2TP Th\u01b0\u01a1ng hi\u1ec7u ROYAL K\u00edch c\u1ee1 150mm x 172mm x 38mm Chi\u1ec1u d\u00e0i 172mm Chi\u1ec1u r\u1ed9ng 150mm chi\u1ec1u cao 38mm \u0111i\u1ec7n \u00e1p 220-230V Quy\u1ec1n l\u1ef1c 26\/29W T\u00ean kh\u00e1c&hellip; <\/p>\n","protected":false},"featured_media":3717,"comment_status":"open","ping_status":"closed","template":"","meta":[],"product_cat":[589],"product_tag":[591,246,590],"class_list":{"0":"post-3716","1":"product","2":"type-product","3":"status-publish","4":"has-post-thumbnail","6":"product_cat-royal","7":"product_tag-dai-ly-royal-viet-nam","8":"product_tag-quat","9":"product_tag-royal-viet-nam","11":"first","12":"instock","13":"shipping-taxable","14":"product-type-simple"},"yoast_head":"<!-- This site is optimized with the Yoast SEO plugin v22.8 - https:\/\/yoast.com\/wordpress\/plugins\/seo\/ -->\n<title>ROYAL UT156C-2TP - OMANI VI\u1ec6T NAM<\/title>\n<meta name=\"description\" content=\"ROYAL UT156C-2TP Fan\" \/>\n<meta name=\"robots\" content=\"index, follow, max-snippet:-1, max-image-preview:large, max-video-preview:-1\" \/>\n<link rel=\"canonical\" href=\"https:\/\/omanivietnam.com\/index.php\/san-pham\/royal-ut156c-2tp\/\" \/>\n<meta property=\"og:locale\" content=\"vi_VN\" \/>\n<meta property=\"og:type\" content=\"article\" \/>\n<meta property=\"og:title\" content=\"ROYAL UT156C-2TP - OMANI VI\u1ec6T NAM\" \/>\n<meta property=\"og:description\" content=\"ROYAL UT156C-2TP Fan\" \/>\n<meta property=\"og:url\" content=\"https:\/\/omanivietnam.com\/index.php\/san-pham\/royal-ut156c-2tp\/\" \/>\n<meta property=\"og:site_name\" content=\"OMANI VI\u1ec6T NAM\" \/>\n<meta property=\"og:image\" content=\"https:\/\/omanivietnam.com\/wp-content\/uploads\/2025\/05\/UT156C-2TP.png\" \/>\n\t<meta property=\"og:image:width\" content=\"436\" \/>\n\t<meta property=\"og:image:height\" content=\"436\" \/>\n\t<meta property=\"og:image:type\" content=\"image\/png\" \/>\n<meta name=\"twitter:card\" content=\"summary_large_image\" \/>\n<meta name=\"twitter:label1\" content=\"\u01af\u1edbc t\u00ednh th\u1eddi gian \u0111\u1ecdc\" \/>\n\t<meta name=\"twitter:data1\" content=\"1 ph\u00fat\" \/>\n<script type=\"application\/ld+json\" class=\"yoast-schema-graph\">{\"@context\":\"https:\/\/schema.org\",\"@graph\":[{\"@type\":\"WebPage\",\"@id\":\"https:\/\/omanivietnam.com\/index.php\/san-pham\/royal-ut156c-2tp\/\",\"url\":\"https:\/\/omanivietnam.com\/index.php\/san-pham\/royal-ut156c-2tp\/\",\"name\":\"ROYAL UT156C-2TP - OMANI VI\u1ec6T NAM\",\"isPartOf\":{\"@id\":\"https:\/\/omanivietnam.com\/#website\"},\"primaryImageOfPage\":{\"@id\":\"https:\/\/omanivietnam.com\/index.php\/san-pham\/royal-ut156c-2tp\/#primaryimage\"},\"image\":{\"@id\":\"https:\/\/omanivietnam.com\/index.php\/san-pham\/royal-ut156c-2tp\/#primaryimage\"},\"thumbnailUrl\":\"https:\/\/omanivietnam.com\/wp-content\/uploads\/2025\/05\/UT156C-2TP.png\",\"datePublished\":\"2025-05-07T08:07:10+00:00\",\"dateModified\":\"2025-05-07T08:07:10+00:00\",\"description\":\"ROYAL UT156C-2TP Fan\",\"breadcrumb\":{\"@id\":\"https:\/\/omanivietnam.com\/index.php\/san-pham\/royal-ut156c-2tp\/#breadcrumb\"},\"inLanguage\":\"vi\",\"potentialAction\":[{\"@type\":\"ReadAction\",\"target\":[\"https:\/\/omanivietnam.com\/index.php\/san-pham\/royal-ut156c-2tp\/\"]}]},{\"@type\":\"ImageObject\",\"inLanguage\":\"vi\",\"@id\":\"https:\/\/omanivietnam.com\/index.php\/san-pham\/royal-ut156c-2tp\/#primaryimage\",\"url\":\"https:\/\/omanivietnam.com\/wp-content\/uploads\/2025\/05\/UT156C-2TP.png\",\"contentUrl\":\"https:\/\/omanivietnam.com\/wp-content\/uploads\/2025\/05\/UT156C-2TP.png\",\"width\":436,\"height\":436},{\"@type\":\"BreadcrumbList\",\"@id\":\"https:\/\/omanivietnam.com\/index.php\/san-pham\/royal-ut156c-2tp\/#breadcrumb\",\"itemListElement\":[{\"@type\":\"ListItem\",\"position\":1,\"name\":\"Home\",\"item\":\"https:\/\/omanivietnam.com\/\"},{\"@type\":\"ListItem\",\"position\":2,\"name\":\"S\u1ea2N PH\u1ea8M\",\"item\":\"https:\/\/omanivietnam.com\/index.php\/cua-hang\/\"},{\"@type\":\"ListItem\",\"position\":3,\"name\":\"ROYAL UT156C-2TP\"}]},{\"@type\":\"WebSite\",\"@id\":\"https:\/\/omanivietnam.com\/#website\",\"url\":\"https:\/\/omanivietnam.com\/\",\"name\":\"OMANI VI\u1ec6T NAM\",\"description\":\"Nh\u00e0 ph\u00e2n ph\u1ed1i thi\u1ebft b\u1ecb kh\u00ed n\u00e9n v\u00e0 thi\u1ebft b\u1ecb t\u1ef1 \u0111\u1ed9ng h\u00f3a trong c\u00f4ng nghi\u1ec7p\",\"publisher\":{\"@id\":\"https:\/\/omanivietnam.com\/#\/schema\/person\/0ad398a980dc3fd696111c2c5c8fa897\"},\"potentialAction\":[{\"@type\":\"SearchAction\",\"target\":{\"@type\":\"EntryPoint\",\"urlTemplate\":\"https:\/\/omanivietnam.com\/?s={search_term_string}\"},\"query-input\":\"required name=search_term_string\"}],\"inLanguage\":\"vi\"},{\"@type\":[\"Person\",\"Organization\"],\"@id\":\"https:\/\/omanivietnam.com\/#\/schema\/person\/0ad398a980dc3fd696111c2c5c8fa897\",\"name\":\"Nguy\u1ec5n V\u0103n Kh\u00e1nh\",\"image\":{\"@type\":\"ImageObject\",\"inLanguage\":\"vi\",\"@id\":\"https:\/\/omanivietnam.com\/#\/schema\/person\/image\/\",\"url\":\"https:\/\/omanivietnam.com\/wp-content\/uploads\/2024\/06\/logo-1024x1024.png\",\"contentUrl\":\"https:\/\/omanivietnam.com\/wp-content\/uploads\/2024\/06\/logo-1024x1024.png\",\"width\":1024,\"height\":1024,\"caption\":\"Nguy\u1ec5n V\u0103n Kh\u00e1nh\"},\"logo\":{\"@id\":\"https:\/\/omanivietnam.com\/#\/schema\/person\/image\/\"},\"sameAs\":[\"https:\/\/omanivietnam.com\"]}]}<\/script>\n<!-- \/ Yoast SEO plugin. -->","yoast_head_json":{"title":"ROYAL UT156C-2TP - OMANI VI\u1ec6T NAM","description":"ROYAL UT156C-2TP Fan","robots":{"index":"index","follow":"follow","max-snippet":"max-snippet:-1","max-image-preview":"max-image-preview:large","max-video-preview":"max-video-preview:-1"},"canonical":"https:\/\/omanivietnam.com\/index.php\/san-pham\/royal-ut156c-2tp\/","og_locale":"vi_VN","og_type":"article","og_title":"ROYAL UT156C-2TP - OMANI VI\u1ec6T NAM","og_description":"ROYAL UT156C-2TP Fan","og_url":"https:\/\/omanivietnam.com\/index.php\/san-pham\/royal-ut156c-2tp\/","og_site_name":"OMANI VI\u1ec6T NAM","og_image":[{"width":436,"height":436,"url":"https:\/\/omanivietnam.com\/wp-content\/uploads\/2025\/05\/UT156C-2TP.png","type":"image\/png"}],"twitter_card":"summary_large_image","twitter_misc":{"\u01af\u1edbc t\u00ednh th\u1eddi gian \u0111\u1ecdc":"1 ph\u00fat"},"schema":{"@context":"https:\/\/schema.org","@graph":[{"@type":"WebPage","@id":"https:\/\/omanivietnam.com\/index.php\/san-pham\/royal-ut156c-2tp\/","url":"https:\/\/omanivietnam.com\/index.php\/san-pham\/royal-ut156c-2tp\/","name":"ROYAL UT156C-2TP - OMANI VI\u1ec6T NAM","isPartOf":{"@id":"https:\/\/omanivietnam.com\/#website"},"primaryImageOfPage":{"@id":"https:\/\/omanivietnam.com\/index.php\/san-pham\/royal-ut156c-2tp\/#primaryimage"},"image":{"@id":"https:\/\/omanivietnam.com\/index.php\/san-pham\/royal-ut156c-2tp\/#primaryimage"},"thumbnailUrl":"https:\/\/omanivietnam.com\/wp-content\/uploads\/2025\/05\/UT156C-2TP.png","datePublished":"2025-05-07T08:07:10+00:00","dateModified":"2025-05-07T08:07:10+00:00","description":"ROYAL UT156C-2TP Fan","breadcrumb":{"@id":"https:\/\/omanivietnam.com\/index.php\/san-pham\/royal-ut156c-2tp\/#breadcrumb"},"inLanguage":"vi","potentialAction":[{"@type":"ReadAction","target":["https:\/\/omanivietnam.com\/index.php\/san-pham\/royal-ut156c-2tp\/"]}]},{"@type":"ImageObject","inLanguage":"vi","@id":"https:\/\/omanivietnam.com\/index.php\/san-pham\/royal-ut156c-2tp\/#primaryimage","url":"https:\/\/omanivietnam.com\/wp-content\/uploads\/2025\/05\/UT156C-2TP.png","contentUrl":"https:\/\/omanivietnam.com\/wp-content\/uploads\/2025\/05\/UT156C-2TP.png","width":436,"height":436},{"@type":"BreadcrumbList","@id":"https:\/\/omanivietnam.com\/index.php\/san-pham\/royal-ut156c-2tp\/#breadcrumb","itemListElement":[{"@type":"ListItem","position":1,"name":"Home","item":"https:\/\/omanivietnam.com\/"},{"@type":"ListItem","position":2,"name":"S\u1ea2N PH\u1ea8M","item":"https:\/\/omanivietnam.com\/index.php\/cua-hang\/"},{"@type":"ListItem","position":3,"name":"ROYAL UT156C-2TP"}]},{"@type":"WebSite","@id":"https:\/\/omanivietnam.com\/#website","url":"https:\/\/omanivietnam.com\/","name":"OMANI VI\u1ec6T NAM","description":"Nh\u00e0 ph\u00e2n ph\u1ed1i thi\u1ebft b\u1ecb kh\u00ed n\u00e9n v\u00e0 thi\u1ebft b\u1ecb t\u1ef1 \u0111\u1ed9ng h\u00f3a trong c\u00f4ng nghi\u1ec7p","publisher":{"@id":"https:\/\/omanivietnam.com\/#\/schema\/person\/0ad398a980dc3fd696111c2c5c8fa897"},"potentialAction":[{"@type":"SearchAction","target":{"@type":"EntryPoint","urlTemplate":"https:\/\/omanivietnam.com\/?s={search_term_string}"},"query-input":"required name=search_term_string"}],"inLanguage":"vi"},{"@type":["Person","Organization"],"@id":"https:\/\/omanivietnam.com\/#\/schema\/person\/0ad398a980dc3fd696111c2c5c8fa897","name":"Nguy\u1ec5n V\u0103n Kh\u00e1nh","image":{"@type":"ImageObject","inLanguage":"vi","@id":"https:\/\/omanivietnam.com\/#\/schema\/person\/image\/","url":"https:\/\/omanivietnam.com\/wp-content\/uploads\/2024\/06\/logo-1024x1024.png","contentUrl":"https:\/\/omanivietnam.com\/wp-content\/uploads\/2024\/06\/logo-1024x1024.png","width":1024,"height":1024,"caption":"Nguy\u1ec5n V\u0103n Kh\u00e1nh"},"logo":{"@id":"https:\/\/omanivietnam.com\/#\/schema\/person\/image\/"},"sameAs":["https:\/\/omanivietnam.com"]}]}},"_links":{"self":[{"href":"https:\/\/omanivietnam.com\/index.php\/wp-json\/wp\/v2\/product\/3716","targetHints":{"allow":["GET"]}}],"collection":[{"href":"https:\/\/omanivietnam.com\/index.php\/wp-json\/wp\/v2\/product"}],"about":[{"href":"https:\/\/omanivietnam.com\/index.php\/wp-json\/wp\/v2\/types\/product"}],"replies":[{"embeddable":true,"href":"https:\/\/omanivietnam.com\/index.php\/wp-json\/wp\/v2\/comments?post=3716"}],"wp:featuredmedia":[{"embeddable":true,"href":"https:\/\/omanivietnam.com\/index.php\/wp-json\/wp\/v2\/media\/3717"}],"wp:attachment":[{"href":"https:\/\/omanivietnam.com\/index.php\/wp-json\/wp\/v2\/media?parent=3716"}],"wp:term":[{"taxonomy":"product_cat","embeddable":true,"href":"https:\/\/omanivietnam.com\/index.php\/wp-json\/wp\/v2\/product_cat?post=3716"},{"taxonomy":"product_tag","embeddable":true,"href":"https:\/\/omanivietnam.com\/index.php\/wp-json\/wp\/v2\/product_tag?post=3716"}],"curies":[{"name":"wp","href":"https:\/\/api.w.org\/{rel}","templated":true}]}}