{"id":3718,"date":"2025-05-07T21:24:14","date_gmt":"2025-05-07T14:24:14","guid":{"rendered":"https:\/\/omanivietnam.com\/?post_type=product&#038;p=3718"},"modified":"2025-05-07T21:24:14","modified_gmt":"2025-05-07T14:24:14","slug":"keiki-dg4sm-3-2n-p7-h-pc1-56","status":"publish","type":"product","link":"https:\/\/omanivietnam.com\/index.php\/san-pham\/keiki-dg4sm-3-2n-p7-h-pc1-56\/","title":{"rendered":"KEIKI DG4SM-3-2N-P7-H-PC1-56"},"content":{"rendered":"<p>KEIKI DG4SM-3-2N-P7-H-PC1-56<\/p>\n<p>KEIKI DG4SM-3-2N-P7-H-56<\/p>\n<p class=\"tE7R7 indIKd q23Yce fA1vYb cS4Vcb-pGL6qe-fwJd0c\">KEIKI DG4SM-3-2N-P7-H-54<\/p>\n<ul>\n<li>\n<div><span data-contrast=\"auto\">Low Power Consumption: The\u202fDG4SM-3 <\/span><span data-contrast=\"auto\">Series<\/span><span data-contrast=\"auto\">\u00a0utilizes 5W power consumption solenoids, ensuring efficient operation.<\/span><\/div>\n<\/li>\n<li>\n<div>ISO 4401-03 design enables easy installation.<\/div>\n<\/li>\n<li>\n<div>Compact, Reliable, and Ideal for diverse applications.<\/div>\n<\/li>\n<li>\n<div>Elevate hydraulic control with Tokyo Keiki&#8217;s superior technology.<\/div>\n<\/li>\n<\/ul>\n<p><span data-contrast=\"auto\">Introducing the Tokyo Keiki\u00a0DG4SM-3 Series<\/span><span data-contrast=\"auto\">:<\/span><span data-contrast=\"auto\">\u00a0The Mini-watt Solenoid Operated Directional Control Valve!\u202f<\/span><\/p>\n<ul>\n<li data-leveltext=\"\uf0b7\" data-font=\"Symbol\" data-listid=\"1\" data-list-defn-props=\"{&quot;335552541&quot;:1,&quot;335559684&quot;:-2,&quot;335559685&quot;:720,&quot;335559991&quot;:360,&quot;469769226&quot;:&quot;Symbol&quot;,&quot;469769242&quot;:[8226],&quot;469777803&quot;:&quot;left&quot;,&quot;469777804&quot;:&quot;\uf0b7&quot;,&quot;469777815&quot;:&quot;multilevel&quot;}\" data-aria-posinset=\"1\" data-aria-level=\"1\"><span data-contrast=\"auto\">Low Power Consumption: The\u202f<\/span><span data-contrast=\"auto\">DG4SM-3 Series<\/span><span data-contrast=\"auto\">\u00a0utilizes 5W power consumption solenoids, ensuring efficient operation.\u202f<\/span><\/li>\n<li data-leveltext=\"\uf0b7\" data-font=\"Symbol\" data-listid=\"1\" data-list-defn-props=\"{&quot;335552541&quot;:1,&quot;335559684&quot;:-2,&quot;335559685&quot;:720,&quot;335559991&quot;:360,&quot;469769226&quot;:&quot;Symbol&quot;,&quot;469769242&quot;:[8226],&quot;469777803&quot;:&quot;left&quot;,&quot;469777804&quot;:&quot;\uf0b7&quot;,&quot;469777815&quot;:&quot;multilevel&quot;}\" data-aria-posinset=\"2\" data-aria-level=\"1\"><span data-contrast=\"auto\">Easy Mounting: Designed for ISO 4401-03 mounting, providing convenient installation and compatibility.\u202f<\/span><\/li>\n<li data-leveltext=\"\uf0b7\" data-font=\"Symbol\" data-listid=\"1\" data-list-defn-props=\"{&quot;335552541&quot;:1,&quot;335559684&quot;:-2,&quot;335559685&quot;:720,&quot;335559991&quot;:360,&quot;469769226&quot;:&quot;Symbol&quot;,&quot;469769242&quot;:[8226],&quot;469777803&quot;:&quot;left&quot;,&quot;469777804&quot;:&quot;\uf0b7&quot;,&quot;469777815&quot;:&quot;multilevel&quot;}\" data-aria-posinset=\"3\" data-aria-level=\"1\"><span data-contrast=\"auto\">Compact and Reliable: Tokyo Keiki&#8217;s\u202f<\/span><span data-contrast=\"auto\">DG4SM-3 Series<\/span><span data-contrast=\"auto\">\u202foffers reliable directional control in a compact size, perfect for various applications. Elevate your systems with Tokyo Keiki&#8217;s superior valve technology.\u202f<\/span><\/li>\n<\/ul>\n<p><span data-contrast=\"auto\">Choose Tokyo Keiki for precision and reliability. Elevate your hydraulic control with the DG4SM-3 Series<\/span><\/p>\n<p>C\u00e1c m\u00e3 h\u00e0ng t\u01b0\u01a1ng t\u1ef1<\/p>\n<p>Van th\u1ee7y l\u1ef1c Keiki: DG4V-3-2A-M-P2-T-7-P10-54<\/p>\n<p>Van th\u1ee7y l\u1ef1c Keiki: DG4V-3-2A-M-P7-H-7-54<\/p>\n<p>Van th\u1ee7y l\u1ef1c Keiki: DG4V-3-2A-M-P2-D-7-54<\/p>\n<p>Van th\u1ee7y l\u1ef1c Keiki: DG4V-3-2A-M-U1-H-7-52<\/p>\n<p>Van th\u1ee7y l\u1ef1c Keiki: DG4V-3-C2-M-P7-H-7-56<\/p>\n<p>Van th\u1ee7y l\u1ef1c Keiki: DG4V-3-C2-M-P7-H-7-P36-54<\/p>\n<p>Van th\u1ee7y l\u1ef1c Keiki: DG4V-3-C2-M-P7-H-7-P36-54<\/p>\n<p>Van th\u1ee7y l\u1ef1c Keiki: DG4V-3-2C-M-P2-D-7-45<\/p>\n<p>Van th\u1ee7y l\u1ef1c Keiki: DG4V-3-2C-M-P2-T-7-54-JA20<\/p>\n<p>Van th\u1ee7y l\u1ef1c Keiki: DG4V-3-6C-M-P2-D-7-54<\/p>\n<p>Van th\u1ee7y l\u1ef1c Keiki: DG4V-3-6C-M-P2-T-7-54<\/p>\n<p>Van th\u1ee7y l\u1ef1c Keiki: DG4V-3-6C-M-U7-H-52-K<\/p>\n<p>Van th\u1ee7y l\u1ef1c Keiki: DG4V-3-6C-M-P2-D-7-56<\/p>\n<p>Van th\u1ee7y l\u1ef1c Keiki: DG4V-3-6C-M-P2-D-7-54<\/p>\n<p>Van th\u1ee7y l\u1ef1c Keiki: DG4V-3-6C-M-P2-D-7-52<\/p>\n<p>Van th\u1ee7y l\u1ef1c Keiki: DG4V-3-6C-M-P2-D-7-50<\/p>\n<p>Van th\u1ee7y l\u1ef1c Hyteck: DG4V-5-2C-U-L-H-60H<\/p>\n<p>Van th\u1ee7y l\u1ef1c Keiki: DG4V-3-0A-M-P7-H-7-54<\/p>\n<p>Van th\u1ee7y l\u1ef1c Keiki: DG4V-3-0A-M-P2-T-7-54<\/p>\n<p>Van th\u1ee7y l\u1ef1c Keiki: DG4V-3-0A-M-P2-V-7-54<\/p>\n<p>Van th\u1ee7y l\u1ef1c Keiki: DG4V-3-2B-M-P7-H-7-54<\/p>\n<p>Van th\u1ee7y l\u1ef1c Keiki: DG4V-3-2B-M-P2-T-7-54<\/p>\n<p>Van th\u1ee7y l\u1ef1c Keiki: DG4V-3-2B-M-P2-V-7-54<\/p>\n<p>Van th\u1ee7y l\u1ef1c Keiki: DG4V-3-2B-M-P7-T-7-54<\/p>\n<p>Van th\u1ee7y l\u1ef1c Keiki: DG4V-3-2B-M-U1-T-7-54<\/p>\n<p>Van th\u1ee7y l\u1ef1c Keiki: DG4V-3-2BL-M-P7-T-7-54-JA30<\/p>\n<p>Van th\u1ee7y l\u1ef1c Keiki: DG4M4-32A-20-JA DC24<\/p>\n<p>Van th\u1ee7y l\u1ef1c Keiki: DG4V-3-6C-M-P2-V-7-54<\/p>\n<p>Van th\u1ee7y l\u1ef1c Keiki: DG4V-3-2A-M-P7-H-7-54<\/p>\n<p>Van th\u1ee7y l\u1ef1c Keiki: DG4SM-3-2C-P7-H-PC1-54<\/p>\n<p>Van th\u1ee7y l\u1ef1c Keiki: DG4V-3-2A-M-P2-V-7-54<\/p>\n<p>Van th\u1ee7y l\u1ef1c Keiki: DG4V-3-2C-M-P2-V-7-54<\/p>\n<p>Van th\u1ee7y l\u1ef1c Keiki: DG4VS-3-31C-M-P9-TR-7-54<\/p>\n<p>Van th\u1ee7y l\u1ef1c Keiki: DG4V-3-23A-M-P7-T-7-52<\/p>\n<p>Van th\u1ee7y l\u1ef1c Keiki: DG4V-3-6BL-M-P2-V-7-54<\/p>\n<p>Van th\u1ee7y l\u1ef1c Keiki: DG4V-3-2C-M-P2-T-7-54<\/p>\n<p>Van th\u1ee7y l\u1ef1c Keiki: DG4V-3-6C-M-P2-T-7-54<\/p>\n<p>Van th\u1ee7y l\u1ef1c Keiki: DG4V-3-2A-M-P2-T-7-54<\/p>\n<p>Van th\u1ee7y l\u1ef1c Keiki: DG4V-3-2B-M-P2-T-7-54<\/p>\n<p>Van th\u1ee7y l\u1ef1c Keiki: DG4V-3-33C-M-P2-T-7-54<\/p>\n<p>Van th\u1ee7y l\u1ef1c Keiki: DG4V-3-7C-M-U2-T-7-54<\/p>\n<p>Van th\u1ee7y l\u1ef1c Keiki: DG4V-5-0-M-P7L-H-7-40-JA1Y<\/p>\n<p>Van th\u1ee7y l\u1ef1c Keiki: DG4V-5-33C-M-P7L-H-7-40-JA569Y<\/p>\n<p>Van th\u1ee7y l\u1ef1c Keiki: DG5V-7-3C-P7-H-84-JA499<\/p>\n<p>Van th\u1ee7y l\u1ef1c Keiki: DG4V-5-2A-M-P7L-H-7-40-JA1Y<\/p>\n<p>Van th\u1ee7y l\u1ef1c Keiki: DG4V-5-3C-M-P7L-H-7-40-JA415Y<\/p>\n<p>Van th\u1ee7y l\u1ef1c Keiki: DG4V-3-23A-M-P2-T-7-T10-54<\/p>\n<p>Van th\u1ee7y l\u1ef1c Keiki: DG4V-3-2BL-M-P7-T-54-JA30<\/p>\n<p>Van th\u1ee7y l\u1ef1c Keiki: DG4V-3-2N-M-U2-T-7-54<\/p>\n<p>Van th\u1ee7y l\u1ef1c Keiki: DG4V-3-2N-M-P2-T-54<\/p>\n<p>Van th\u1ee7y l\u1ef1c Keiki: DG5V-H8-3C-E-P2-T-84-JA<\/p>\n<p>Van th\u1ee7y l\u1ef1c Keiki: DG4V-5-2BL-M-U1-H-7-54<\/p>\n<p>Van th\u1ee7y l\u1ef1c Keiki: DG4V-5-31B-M-PL-D-6-40<\/p>\n<p>Van th\u1ee7y l\u1ef1c Keiki: DG4V-3-8C-M-P2-V-7-54<\/p>\n<p>Van th\u1ee7y l\u1ef1c Keiki: DG4V-5-2C-M-PL-OV-6-40<\/p>\n<p>Van th\u1ee7y l\u1ef1c Keiki: DG4M4-36B-24DC-20-JA-S47<\/p>\n<p>Van th\u1ee7y l\u1ef1c Keiki: DG4M4-36C-24DC-20-JA-S47<\/p>\n<p>Van th\u1ee7y l\u1ef1c Keiki: DG4VC-5-31B-M-PS2-H-7-40<\/p>\n<p>Van th\u1ee7y l\u1ef1c Keiki: DG4SM-3-2C-P7-H-54<\/p>\n<p>Van th\u1ee7y l\u1ef1c Keiki: DG4V-5-2C-M-P7L-T-6-40-JA875<\/p>\n<p>Van th\u1ee7y l\u1ef1c Keiki: DG4V-5-31B-M-PL-D-6-40<\/p>\n<p>Van th\u1ee7y l\u1ef1c Keiki: DG4VC-3-2C-M-PS2-H-7-54-JA872<\/p>\n<p>Van th\u1ee7y l\u1ef1c Keiki: DG4VC-3-6C-M-PS2-H-7-54-JA872<\/p>\n<p>Van th\u1ee7y l\u1ef1c Keiki: DG4VC-3-7C-M-PS2-H-7-54-JA872<\/p>\n<p>Van th\u1ee7y l\u1ef1c Keiki: DG4VC-5-2A-M-PS2-H-7-40-JA872-T30<\/p>\n<p>Van th\u1ee7y l\u1ef1c Keiki: DG4VC-5-3C-M-PS2-H-7-40-JA872<\/p>\n<p>Van th\u1ee7y l\u1ef1c Keiki: DG4VC-5-6C-M-PS2-H-7-40-JA872-T30<\/p>\n<p>Van th\u1ee7y l\u1ef1c Keiki: DG4VC-7-Y33C-E-PS2-H-84-JA877<\/p>\n<p>Van th\u1ee7y l\u1ef1c Keiki: DG5VC-7-3C-E-PS2-H-84-JA872<\/p>\n<p>Van th\u1ee7y l\u1ef1c Keiki: DG4SM-3-2C-P7-H-54<\/p>\n<p>Van th\u1ee7y l\u1ef1c Keiki: TGMDC-5-Y-PK-50-S37<\/p>\n<p>Van th\u1ee7y l\u1ef1c Keiki: TGMC-3-BT-GW-50<\/p>\n<p>Van th\u1ee7y l\u1ef1c Keiki: DG4V-3-3C-M-P7-H-7-54<\/p>\n<p>Van th\u1ee7y l\u1ef1c Keiki: DG4V-3-2C-M-P7-H-7-54<\/p>\n<p>Van th\u1ee7y l\u1ef1c Keiki: DG4V-3-2A-M-P7-H-7-54<\/p>\n<p>Van th\u1ee7y l\u1ef1c Keiki: DG4V-3-2A-M-P2-V-7-52<\/p>\n<p>Van th\u1ee7y l\u1ef1c Keiki: DG4V-3-OB-M-P2-T-7-P10-52<\/p>\n<p>Van th\u1ee7y l\u1ef1c Keiki: DG4V-OBL-M-U7-H-7-P10-54<\/p>\n<p>Van th\u1ee7y l\u1ef1c Keiki: C2G-805-JA-11<\/p>\n<p>Van th\u1ee7y l\u1ef1c Keiki: C5G-815-JA<\/p>\n<p>Van th\u1ee7y l\u1ef1c Keiki: C5G815-S8-KA<\/p>\n<p>Van th\u1ee7y l\u1ef1c Keiki: EPCG2-01-175-11<\/p>\n<p>Van th\u1ee7y l\u1ef1c Keiki: EPCG2-01-175-Y-11-K<\/p>\n<p>\u0110\u1ea1i l\u00fd KEIKI vietnam, KEIKI viet nam, KEIKI vietnam distributor, Ph\u00e2n ph\u1ed1i KEIKI t\u1ea1i vi\u1ec7t nam<\/p>\n<p>\u0110\u1ea1i l\u00fd KEIKI vietnam, KEIKI viet nam, KEIKI vietnam distributor, Ph\u00e2n ph\u1ed1i KEIKI t\u1ea1i vi\u1ec7t nam<\/p>\n<p>\u0110\u1ea1i l\u00fd KEIKI vietnam, KEIKI viet nam, KEIKI vietnam distributor, Ph\u00e2n ph\u1ed1i KEIKI t\u1ea1i vi\u1ec7t nam<\/p>\n","protected":false},"excerpt":{"rendered":"<p>KEIKI DG4SM-3-2N-P7-H-PC1-56 KEIKI DG4SM-3-2N-P7-H-56 KEIKI DG4SM-3-2N-P7-H-54 Low Power Consumption: The\u202fDG4SM-3 Series\u00a0utilizes 5W power consumption solenoids, ensuring efficient operation. ISO 4401-03 design enables easy installation. Compact, Reliable, and Ideal for diverse applications. Elevate hydraulic control with Tokyo Keiki&#8217;s superior technology. Introducing the Tokyo Keiki\u00a0DG4SM-3 Series:\u00a0The Mini-watt Solenoid Operated Directional Control Valve!\u202f&hellip; <\/p>\n","protected":false},"featured_media":3719,"comment_status":"open","ping_status":"closed","template":"","meta":[],"product_cat":[377],"product_tag":[186,185,451],"class_list":{"0":"post-3718","1":"product","2":"type-product","3":"status-publish","4":"has-post-thumbnail","6":"product_cat-keiki","7":"product_tag-dai-ly-keiki-viet-nam","8":"product_tag-keiki-viet-nam","9":"product_tag-van","11":"first","12":"instock","13":"shipping-taxable","14":"product-type-simple"},"yoast_head":"<!-- This site is optimized with the Yoast SEO plugin v22.8 - https:\/\/yoast.com\/wordpress\/plugins\/seo\/ -->\n<title>KEIKI DG4SM-3-2N-P7-H-PC1-56 - OMANI VI\u1ec6T NAM<\/title>\n<meta name=\"description\" content=\"KEIKI DG4SM-3-2N-P7-H-PC1-56 Directional Control Valves\" \/>\n<meta name=\"robots\" content=\"index, follow, max-snippet:-1, max-image-preview:large, max-video-preview:-1\" \/>\n<link rel=\"canonical\" href=\"https:\/\/omanivietnam.com\/index.php\/san-pham\/keiki-dg4sm-3-2n-p7-h-pc1-56\/\" \/>\n<meta property=\"og:locale\" content=\"vi_VN\" \/>\n<meta property=\"og:type\" content=\"article\" \/>\n<meta property=\"og:title\" content=\"KEIKI DG4SM-3-2N-P7-H-PC1-56 - OMANI VI\u1ec6T NAM\" \/>\n<meta property=\"og:description\" content=\"KEIKI DG4SM-3-2N-P7-H-PC1-56 Directional Control Valves\" \/>\n<meta property=\"og:url\" content=\"https:\/\/omanivietnam.com\/index.php\/san-pham\/keiki-dg4sm-3-2n-p7-h-pc1-56\/\" \/>\n<meta property=\"og:site_name\" content=\"OMANI VI\u1ec6T NAM\" \/>\n<meta property=\"og:image\" content=\"https:\/\/omanivietnam.com\/wp-content\/uploads\/2025\/05\/DG4SM-3-2N-P7-H-PC1-56.png\" \/>\n\t<meta property=\"og:image:width\" content=\"1481\" \/>\n\t<meta property=\"og:image:height\" content=\"774\" \/>\n\t<meta property=\"og:image:type\" content=\"image\/png\" \/>\n<meta name=\"twitter:card\" content=\"summary_large_image\" \/>\n<meta name=\"twitter:label1\" content=\"\u01af\u1edbc t\u00ednh th\u1eddi gian \u0111\u1ecdc\" \/>\n\t<meta name=\"twitter:data1\" content=\"4 ph\u00fat\" \/>\n<script type=\"application\/ld+json\" class=\"yoast-schema-graph\">{\"@context\":\"https:\/\/schema.org\",\"@graph\":[{\"@type\":\"WebPage\",\"@id\":\"https:\/\/omanivietnam.com\/index.php\/san-pham\/keiki-dg4sm-3-2n-p7-h-pc1-56\/\",\"url\":\"https:\/\/omanivietnam.com\/index.php\/san-pham\/keiki-dg4sm-3-2n-p7-h-pc1-56\/\",\"name\":\"KEIKI DG4SM-3-2N-P7-H-PC1-56 - OMANI VI\u1ec6T NAM\",\"isPartOf\":{\"@id\":\"https:\/\/omanivietnam.com\/#website\"},\"primaryImageOfPage\":{\"@id\":\"https:\/\/omanivietnam.com\/index.php\/san-pham\/keiki-dg4sm-3-2n-p7-h-pc1-56\/#primaryimage\"},\"image\":{\"@id\":\"https:\/\/omanivietnam.com\/index.php\/san-pham\/keiki-dg4sm-3-2n-p7-h-pc1-56\/#primaryimage\"},\"thumbnailUrl\":\"https:\/\/omanivietnam.com\/wp-content\/uploads\/2025\/05\/DG4SM-3-2N-P7-H-PC1-56.png\",\"datePublished\":\"2025-05-07T14:24:14+00:00\",\"dateModified\":\"2025-05-07T14:24:14+00:00\",\"description\":\"KEIKI DG4SM-3-2N-P7-H-PC1-56 Directional Control Valves\",\"breadcrumb\":{\"@id\":\"https:\/\/omanivietnam.com\/index.php\/san-pham\/keiki-dg4sm-3-2n-p7-h-pc1-56\/#breadcrumb\"},\"inLanguage\":\"vi\",\"potentialAction\":[{\"@type\":\"ReadAction\",\"target\":[\"https:\/\/omanivietnam.com\/index.php\/san-pham\/keiki-dg4sm-3-2n-p7-h-pc1-56\/\"]}]},{\"@type\":\"ImageObject\",\"inLanguage\":\"vi\",\"@id\":\"https:\/\/omanivietnam.com\/index.php\/san-pham\/keiki-dg4sm-3-2n-p7-h-pc1-56\/#primaryimage\",\"url\":\"https:\/\/omanivietnam.com\/wp-content\/uploads\/2025\/05\/DG4SM-3-2N-P7-H-PC1-56.png\",\"contentUrl\":\"https:\/\/omanivietnam.com\/wp-content\/uploads\/2025\/05\/DG4SM-3-2N-P7-H-PC1-56.png\",\"width\":1481,\"height\":774},{\"@type\":\"BreadcrumbList\",\"@id\":\"https:\/\/omanivietnam.com\/index.php\/san-pham\/keiki-dg4sm-3-2n-p7-h-pc1-56\/#breadcrumb\",\"itemListElement\":[{\"@type\":\"ListItem\",\"position\":1,\"name\":\"Home\",\"item\":\"https:\/\/omanivietnam.com\/\"},{\"@type\":\"ListItem\",\"position\":2,\"name\":\"S\u1ea2N PH\u1ea8M\",\"item\":\"https:\/\/omanivietnam.com\/index.php\/cua-hang\/\"},{\"@type\":\"ListItem\",\"position\":3,\"name\":\"KEIKI DG4SM-3-2N-P7-H-PC1-56\"}]},{\"@type\":\"WebSite\",\"@id\":\"https:\/\/omanivietnam.com\/#website\",\"url\":\"https:\/\/omanivietnam.com\/\",\"name\":\"OMANI VI\u1ec6T NAM\",\"description\":\"Nh\u00e0 ph\u00e2n ph\u1ed1i thi\u1ebft b\u1ecb kh\u00ed n\u00e9n v\u00e0 thi\u1ebft b\u1ecb t\u1ef1 \u0111\u1ed9ng h\u00f3a trong c\u00f4ng nghi\u1ec7p\",\"publisher\":{\"@id\":\"https:\/\/omanivietnam.com\/#\/schema\/person\/0ad398a980dc3fd696111c2c5c8fa897\"},\"potentialAction\":[{\"@type\":\"SearchAction\",\"target\":{\"@type\":\"EntryPoint\",\"urlTemplate\":\"https:\/\/omanivietnam.com\/?s={search_term_string}\"},\"query-input\":\"required name=search_term_string\"}],\"inLanguage\":\"vi\"},{\"@type\":[\"Person\",\"Organization\"],\"@id\":\"https:\/\/omanivietnam.com\/#\/schema\/person\/0ad398a980dc3fd696111c2c5c8fa897\",\"name\":\"Nguy\u1ec5n V\u0103n Kh\u00e1nh\",\"image\":{\"@type\":\"ImageObject\",\"inLanguage\":\"vi\",\"@id\":\"https:\/\/omanivietnam.com\/#\/schema\/person\/image\/\",\"url\":\"https:\/\/omanivietnam.com\/wp-content\/uploads\/2024\/06\/logo-1024x1024.png\",\"contentUrl\":\"https:\/\/omanivietnam.com\/wp-content\/uploads\/2024\/06\/logo-1024x1024.png\",\"width\":1024,\"height\":1024,\"caption\":\"Nguy\u1ec5n V\u0103n Kh\u00e1nh\"},\"logo\":{\"@id\":\"https:\/\/omanivietnam.com\/#\/schema\/person\/image\/\"},\"sameAs\":[\"https:\/\/omanivietnam.com\"]}]}<\/script>\n<!-- \/ Yoast SEO plugin. -->","yoast_head_json":{"title":"KEIKI DG4SM-3-2N-P7-H-PC1-56 - OMANI VI\u1ec6T NAM","description":"KEIKI DG4SM-3-2N-P7-H-PC1-56 Directional Control Valves","robots":{"index":"index","follow":"follow","max-snippet":"max-snippet:-1","max-image-preview":"max-image-preview:large","max-video-preview":"max-video-preview:-1"},"canonical":"https:\/\/omanivietnam.com\/index.php\/san-pham\/keiki-dg4sm-3-2n-p7-h-pc1-56\/","og_locale":"vi_VN","og_type":"article","og_title":"KEIKI DG4SM-3-2N-P7-H-PC1-56 - OMANI VI\u1ec6T NAM","og_description":"KEIKI DG4SM-3-2N-P7-H-PC1-56 Directional Control Valves","og_url":"https:\/\/omanivietnam.com\/index.php\/san-pham\/keiki-dg4sm-3-2n-p7-h-pc1-56\/","og_site_name":"OMANI VI\u1ec6T NAM","og_image":[{"width":1481,"height":774,"url":"https:\/\/omanivietnam.com\/wp-content\/uploads\/2025\/05\/DG4SM-3-2N-P7-H-PC1-56.png","type":"image\/png"}],"twitter_card":"summary_large_image","twitter_misc":{"\u01af\u1edbc t\u00ednh th\u1eddi gian \u0111\u1ecdc":"4 ph\u00fat"},"schema":{"@context":"https:\/\/schema.org","@graph":[{"@type":"WebPage","@id":"https:\/\/omanivietnam.com\/index.php\/san-pham\/keiki-dg4sm-3-2n-p7-h-pc1-56\/","url":"https:\/\/omanivietnam.com\/index.php\/san-pham\/keiki-dg4sm-3-2n-p7-h-pc1-56\/","name":"KEIKI DG4SM-3-2N-P7-H-PC1-56 - OMANI VI\u1ec6T NAM","isPartOf":{"@id":"https:\/\/omanivietnam.com\/#website"},"primaryImageOfPage":{"@id":"https:\/\/omanivietnam.com\/index.php\/san-pham\/keiki-dg4sm-3-2n-p7-h-pc1-56\/#primaryimage"},"image":{"@id":"https:\/\/omanivietnam.com\/index.php\/san-pham\/keiki-dg4sm-3-2n-p7-h-pc1-56\/#primaryimage"},"thumbnailUrl":"https:\/\/omanivietnam.com\/wp-content\/uploads\/2025\/05\/DG4SM-3-2N-P7-H-PC1-56.png","datePublished":"2025-05-07T14:24:14+00:00","dateModified":"2025-05-07T14:24:14+00:00","description":"KEIKI DG4SM-3-2N-P7-H-PC1-56 Directional Control Valves","breadcrumb":{"@id":"https:\/\/omanivietnam.com\/index.php\/san-pham\/keiki-dg4sm-3-2n-p7-h-pc1-56\/#breadcrumb"},"inLanguage":"vi","potentialAction":[{"@type":"ReadAction","target":["https:\/\/omanivietnam.com\/index.php\/san-pham\/keiki-dg4sm-3-2n-p7-h-pc1-56\/"]}]},{"@type":"ImageObject","inLanguage":"vi","@id":"https:\/\/omanivietnam.com\/index.php\/san-pham\/keiki-dg4sm-3-2n-p7-h-pc1-56\/#primaryimage","url":"https:\/\/omanivietnam.com\/wp-content\/uploads\/2025\/05\/DG4SM-3-2N-P7-H-PC1-56.png","contentUrl":"https:\/\/omanivietnam.com\/wp-content\/uploads\/2025\/05\/DG4SM-3-2N-P7-H-PC1-56.png","width":1481,"height":774},{"@type":"BreadcrumbList","@id":"https:\/\/omanivietnam.com\/index.php\/san-pham\/keiki-dg4sm-3-2n-p7-h-pc1-56\/#breadcrumb","itemListElement":[{"@type":"ListItem","position":1,"name":"Home","item":"https:\/\/omanivietnam.com\/"},{"@type":"ListItem","position":2,"name":"S\u1ea2N PH\u1ea8M","item":"https:\/\/omanivietnam.com\/index.php\/cua-hang\/"},{"@type":"ListItem","position":3,"name":"KEIKI DG4SM-3-2N-P7-H-PC1-56"}]},{"@type":"WebSite","@id":"https:\/\/omanivietnam.com\/#website","url":"https:\/\/omanivietnam.com\/","name":"OMANI VI\u1ec6T NAM","description":"Nh\u00e0 ph\u00e2n ph\u1ed1i thi\u1ebft b\u1ecb kh\u00ed n\u00e9n v\u00e0 thi\u1ebft b\u1ecb t\u1ef1 \u0111\u1ed9ng h\u00f3a trong c\u00f4ng nghi\u1ec7p","publisher":{"@id":"https:\/\/omanivietnam.com\/#\/schema\/person\/0ad398a980dc3fd696111c2c5c8fa897"},"potentialAction":[{"@type":"SearchAction","target":{"@type":"EntryPoint","urlTemplate":"https:\/\/omanivietnam.com\/?s={search_term_string}"},"query-input":"required name=search_term_string"}],"inLanguage":"vi"},{"@type":["Person","Organization"],"@id":"https:\/\/omanivietnam.com\/#\/schema\/person\/0ad398a980dc3fd696111c2c5c8fa897","name":"Nguy\u1ec5n V\u0103n Kh\u00e1nh","image":{"@type":"ImageObject","inLanguage":"vi","@id":"https:\/\/omanivietnam.com\/#\/schema\/person\/image\/","url":"https:\/\/omanivietnam.com\/wp-content\/uploads\/2024\/06\/logo-1024x1024.png","contentUrl":"https:\/\/omanivietnam.com\/wp-content\/uploads\/2024\/06\/logo-1024x1024.png","width":1024,"height":1024,"caption":"Nguy\u1ec5n V\u0103n Kh\u00e1nh"},"logo":{"@id":"https:\/\/omanivietnam.com\/#\/schema\/person\/image\/"},"sameAs":["https:\/\/omanivietnam.com"]}]}},"_links":{"self":[{"href":"https:\/\/omanivietnam.com\/index.php\/wp-json\/wp\/v2\/product\/3718","targetHints":{"allow":["GET"]}}],"collection":[{"href":"https:\/\/omanivietnam.com\/index.php\/wp-json\/wp\/v2\/product"}],"about":[{"href":"https:\/\/omanivietnam.com\/index.php\/wp-json\/wp\/v2\/types\/product"}],"replies":[{"embeddable":true,"href":"https:\/\/omanivietnam.com\/index.php\/wp-json\/wp\/v2\/comments?post=3718"}],"wp:featuredmedia":[{"embeddable":true,"href":"https:\/\/omanivietnam.com\/index.php\/wp-json\/wp\/v2\/media\/3719"}],"wp:attachment":[{"href":"https:\/\/omanivietnam.com\/index.php\/wp-json\/wp\/v2\/media?parent=3718"}],"wp:term":[{"taxonomy":"product_cat","embeddable":true,"href":"https:\/\/omanivietnam.com\/index.php\/wp-json\/wp\/v2\/product_cat?post=3718"},{"taxonomy":"product_tag","embeddable":true,"href":"https:\/\/omanivietnam.com\/index.php\/wp-json\/wp\/v2\/product_tag?post=3718"}],"curies":[{"name":"wp","href":"https:\/\/api.w.org\/{rel}","templated":true}]}}